{"id":32442,"date":"2025-04-09T08:07:21","date_gmt":"2025-04-09T08:07:21","guid":{"rendered":"https:\/\/www.rollomatic.ch\/datenschutzrichtlinie\/"},"modified":"2025-05-15T06:06:30","modified_gmt":"2025-05-15T06:06:30","slug":"datenschutzrichtlinie","status":"publish","type":"page","link":"https:\/\/www.rollomatic.ch\/de\/datenschutzrichtlinie\/","title":{"rendered":"Datenschutzrichtlinie"},"content":{"rendered":"\n\t<section class=\"section\" id=\"section_238498228\">\n\t\t<div class=\"section-bg fill\" >\n\t\t\t\t\t\t\t\t\t\n\t\t\t\n\n\t\t<\/div>\n\n\t\t\n\n\t\t<div class=\"section-content relative\">\n\t\t\t\n<div class=\"row\"  id=\"row-914353220\">\n\n\t<div id=\"col-1574224814\" class=\"col small-12 large-12\"  >\n\t\t\t\t<div class=\"col-inner\"  >\n\t\t\t\n\t\t\t\n<h3>Richtlinie zur Verwaltung von Cookies und Daten<\/h3>\n<div class=\"is-divider divider clearfix\" style=\"margin-top:10px;margin-bottom:10px;max-width:100%;height:1px;\"><\/div>\n\t\t<\/div>\n\t\t\t\t\t<\/div>\n\n\t\n\n\t<div id=\"col-1597415695\" class=\"col medium-11 small-12 large-11\"  >\n\t\t\t\t<div class=\"col-inner\"  >\n\t\t\t\n\t\t\t\n<h4>Datenschutzrichtlinie<\/h4>\n<p>Wir legen gro\u00dfen Wert auf die Vertraulichkeit Ihrer pers\u00f6nlichen Daten und sch\u00e4tzen sie sehr. Aus diesem Grund m\u00f6chten wir Sie in transparenter und klarer Weise dar\u00fcber informieren, dass diese Daten absolut vertraulich behandelt und nicht an Dritte verkauft werden. Die \u00fcbermittelten personenbezogenen Daten (E-Mail, Online-Formular) werden ausschlie\u00dflich zur Beantwortung verwendet und nicht f\u00fcr andere Zwecke eingesetzt.<\/p>\n\t\t<\/div>\n\t\t\t\t\n<style>\n#col-1597415695 > .col-inner {\n  padding: 0px 0px 15px 0px;\n}\n<\/style>\n\t<\/div>\n\n\t\n\n\t<div id=\"col-547353094\" class=\"col medium-11 small-12 large-11\"  >\n\t\t\t\t<div class=\"col-inner\"  >\n\t\t\t\n\t\t\t\n<h4>Sicherer Zugriff<\/h4>\n<p>Um unsere Daten und Systeme zu sichern (z. B. Gast-WiFi, FileCloud, myRollomatic, Digital Rollo World), k\u00f6nnen pers\u00f6nliche Daten wie Name, E-Mail, Mobilnummer usw. angefordert werden, um die Zugangslegitimit\u00e4t zu \u00fcberpr\u00fcfen.<\/p>\n<p>Wenn Sie detailliertere Informationen zu unserer Datenschutzrichtlinie w\u00fcnschen, kontaktieren Sie bitte legal(at)rollomatic.ch.<\/p>\n\t\t<\/div>\n\t\t\t\t\n<style>\n#col-547353094 > .col-inner {\n  padding: 0px 0px 15px 0px;\n}\n<\/style>\n\t<\/div>\n\n\t\n\n\t<div id=\"col-37462194\" class=\"col medium-11 small-12 large-11\"  >\n\t\t\t\t<div class=\"col-inner\"  >\n\t\t\t\n\t\t\t\n<h4>Richtlinie zur Cookie-Verwaltung<\/h4>\n<p>Beim Besuch von rollomatic.ch werden Cookies auf Ihrem Computer, Mobilger\u00e4t oder Tablet platziert.<\/p>\n<p>Das Cookie ist eine Information, die auf Ihrer Festplatte vom Server der besuchten Website oder einer mobilen Anwendung gespeichert wird.<\/p>\n<p>Es enth\u00e4lt mehrere Daten:<\/p>\n<ul>\n<li>Der Name des Servers, der es abgelegt hat<\/li>\n<li>Eine Kennung in Form einer eindeutigen Nummer<\/li>\n<li>Gegebenenfalls ein Ablaufdatum<\/li>\n<\/ul>\n<p>In Ihrem Computer werden Cookies von Ihrem Internet-Browser verwaltet (Internet Explorer, Firefox, Safari oder Google Chrome).<\/p>\n\t\t<\/div>\n\t\t\t\t\n<style>\n#col-37462194 > .col-inner {\n  padding: 0px 0px 30px 0px;\n}\n<\/style>\n\t<\/div>\n\n\t\n\n\t<div id=\"col-1817803295\" class=\"col medium-11 small-12 large-11\"  >\n\t\t\t\t<div class=\"col-inner\"  >\n\t\t\t\n\t\t\t\n<h4>Welche verschiedenen Arten von Cookies werden auf unseren Websites verwendet?<\/h4>\n<p>Mehrere Arten von Cookies werden auf rollomatic.ch verwendet, die unterschiedliche Zwecke haben.<\/p>\n\t<div id=\"gap-1696997701\" class=\"gap-element clearfix\" style=\"display:block; height:auto;\">\n\t\t\n<style>\n#gap-1696997701 {\n  padding-top: 15px;\n}\n<\/style>\n\t<\/div>\n\t\n<h5>Essentielle Cookies<\/h5>\n<p>Diese Cookies sind unerl\u00e4sslich, um Ihnen das Browsen auf unserer Website und die Nutzung aller Funktionen zu erm\u00f6glichen.<\/p>\n\t<div id=\"gap-559176021\" class=\"gap-element clearfix\" style=\"display:block; height:auto;\">\n\t\t\n<style>\n#gap-559176021 {\n  padding-top: 15px;\n}\n<\/style>\n\t<\/div>\n\t\n<h5>Leistungs-Cookies<\/h5>\n<p>Diese Cookies sammeln Informationen \u00fcber die Nutzung unserer Websites, wie die am h\u00e4ufigsten besuchten Seiten. Diese Daten erm\u00f6glichen es uns, unsere Websites zu optimieren und die Navigation zu vereinfachen. Diese Cookies erm\u00f6glichen es auch unseren Partnern zu wissen, ob Sie eine unserer Websites von deren Seite aus aufgerufen haben und ob Ihr Besuch zu einer Nutzung eines Dienstes von unserer Website gef\u00fchrt hat, einschlie\u00dflich der notwendigen Referenzen. Diese Cookies sammeln keine Informationen, um Sie zu identifizieren. Alle gesammelten Informationen werden zusammengefasst und bleiben anonym.<\/p>\n\t<div id=\"gap-1154636605\" class=\"gap-element clearfix\" style=\"display:block; height:auto;\">\n\t\t\n<style>\n#gap-1154636605 {\n  padding-top: 15px;\n}\n<\/style>\n\t<\/div>\n\t\n<h5>Funktions-Cookies<\/h5>\n<p>Diese Cookies erm\u00f6glichen es unseren Websites, sich die von Ihnen w\u00e4hrend des Surfens getroffenen Entscheidungen zu merken. Zum Beispiel k\u00f6nnen wir Ihren Standort in einem Cookie speichern, um die f\u00fcr Ihre Region am besten geeignete Website anzuzeigen. Wir k\u00f6nnen uns auch Ihre Pr\u00e4ferenzen wie Textgr\u00f6\u00dfe, Schriftart und andere anpassbare Website-Elemente merken. Cookies k\u00f6nnen auch verwendet werden, um Produkte oder Videos, die Sie angesehen haben, zu verfolgen, um Wiederholungen zu vermeiden. Die mit diesen Cookies gesammelten Informationen identifizieren Sie nicht und k\u00f6nnen Ihre Browsing-Aktivit\u00e4ten auf Websites, die nicht zu Rollomatic geh\u00f6ren, nicht verfolgen.<\/p>\n<p>Auf bestimmten Seiten unserer Website k\u00f6nnen Sie auf Cookies von Drittanbietern sto\u00dfen, die wir nicht kontrollieren. Zum Beispiel sind Verweise und Links zu anderen Websites nicht die Verantwortung von Rollomatic. Der Zugriff auf diese Websites und deren Nutzung erfolgt auf eigenes Risiko des Benutzers. Rollomatic erkl\u00e4rt ausdr\u00fccklich, dass sie keinen Einfluss auf die Form, den Inhalt und die Angebote der Websites haben, auf die sie verweisen. Die von diesen Websites angebotenen Informationen und Dienste liegen in der Verantwortung ihrer Autoren. Rollomatic lehnt jegliche Verantwortung f\u00fcr solche Websites ab.<\/p>\n\t\t<\/div>\n\t\t\t\t\n<style>\n#col-1817803295 > .col-inner {\n  padding: 0px 0px 30px 0px;\n}\n<\/style>\n\t<\/div>\n\n\t\n\n\t<div id=\"col-884583037\" class=\"col medium-11 small-12 large-11\"  >\n\t\t\t\t<div class=\"col-inner\"  >\n\t\t\t\n\t\t\t\n<h4>Wie akzeptiere oder lehne ich Cookies ab?<\/h4>\n<p>Wir erinnern Sie daran, dass die Einstellung Ihre Zugangsbedingungen zu unseren Diensten, die die Verwendung von Cookies erfordern, \u00e4ndern kann.<\/p>\n<p>Die meisten Browser erm\u00f6glichen es Ihnen, Ihre bevorzugten Cookies zu verwalten. Sie k\u00f6nnen Ihren Browser so einstellen, dass er einige Cookies ablehnt oder l\u00f6scht. Im Allgemeinen k\u00f6nnen Sie \u00e4hnliche Technologien auf die gleiche Weise \u00fcber Ihre bevorzugten Browser verwalten.<\/p>\n<p>Die folgenden Links zeigen Ihnen, wie Sie Cookies je nach Browser einstellen k\u00f6nnen:<\/p>\n<ul>\n<li><a href=\"https:\/\/support.microsoft.com\/en-us\/help\/17442\/windows-internet-explorer-delete-manage-cookies\" target=\"_blank\" rel=\"noopener\">Internet Explorer<\/a><\/li>\n<li><a href=\"https:\/\/support.mozilla.org\/fr\/kb\/autoriser-bloquer-cookies-preferences-sites?redirectlocale=fr&amp;redirectslug=activer-desactiver-cookies\" target=\"_blank\" rel=\"noopener\">Mozilla Firefox<\/a><\/li>\n<li><a href=\"https:\/\/support.google.com\/chrome\/answer\/95647?hl=fr\" target=\"_blank\" rel=\"noopener\">Google Chrome<\/a><\/li>\n<li><a href=\"https:\/\/support.apple.com\/kb\/PH19214?locale=fr_CH&amp;viewlocale=fr_FR\" target=\"_blank\" rel=\"noopener\">Safari<\/a><\/li>\n<\/ul>\n<p>Wenn Sie detailliertere Informationen zu unserer Datenschutzrichtlinie w\u00fcnschen, kontaktieren Sie bitte legal(at)rollomatic.ch.<\/p>\n\t\t<\/div>\n\t\t\t\t\n<style>\n#col-884583037 > .col-inner {\n  padding: 0px 0px 50px 0px;\n}\n<\/style>\n\t<\/div>\n\n\t\n\n\t<div id=\"col-801198619\" class=\"col small-12 large-12\"  >\n\t\t\t\t<div class=\"col-inner\"  >\n\t\t\t\n\t\t\t\n<h3>Newsletter-Abonnement<\/h3>\n<div class=\"is-divider divider clearfix\" style=\"margin-top:10px;margin-bottom:10px;max-width:100%;height:1px;\"><\/div>\n\t\t<\/div>\n\t\t\t\t\t<\/div>\n\n\t\n\n\t<div id=\"col-724163697\" class=\"col small-12 large-12\"  >\n\t\t\t\t<div class=\"col-inner\"  >\n\t\t\t\n\t\t\t\n<p>Wir sch\u00e4tzen den Respekt vor Ihren pers\u00f6nlichen Daten. Aus diesem Grund m\u00f6chten wir Sie in transparenter und klarer Weise dar\u00fcber informieren, dass diese Daten absolut vertraulich behandelt und nicht an Dritte verkauft werden. Die \u00fcbermittelten personenbezogenen Daten (E-Mail, Online-Formular) werden ausschlie\u00dflich zur Beantwortung genutzt, nur im Rahmen unseres Newsletters verwendet und nicht f\u00fcr andere Zwecke eingesetzt.<\/p>\n\t\t<\/div>\n\t\t\t\t\n<style>\n#col-724163697 > .col-inner {\n  padding: 0px 0px 50px 0px;\n}\n<\/style>\n\t<\/div>\n\n\t\n\n\t<div id=\"col-1508727325\" class=\"col small-12 large-12\"  >\n\t\t\t\t<div class=\"col-inner\"  >\n\t\t\t\n\t\t\t\n<h3>GDPR Rollomatic<\/h3>\n<div class=\"is-divider divider clearfix\" style=\"margin-top:10px;margin-bottom:10px;max-width:100%;height:1px;\"><\/div>\n\t\t<\/div>\n\t\t\t\t\t<\/div>\n\n\t\n\n\t<div id=\"col-706224482\" class=\"col small-12 large-12\"  >\n\t\t\t\t<div class=\"col-inner\"  >\n\t\t\t\n\t\t\t\n<a href=\"https:\/\/www.rollomatic.ch\/wp-content\/uploads\/ROLLOMATIC-INTERNAL-PRIVACY-POLICY-DATA-PROTECTION-DECLARATION-1.pdf\" target=\"_blank\" class=\"button primary is-link\" rel=\"noopener\" >\n\t\t<span>(PDF) GDPR-Richtlinie Rollomatic<\/span>\n\t<\/a>\n\n\t\t<\/div>\n\t\t\t\t\n<style>\n#col-706224482 > .col-inner {\n  padding: 0px 0px 50px 0px;\n}\n<\/style>\n\t<\/div>\n\n\t\n\n\t<div id=\"col-1559039856\" class=\"col small-12 large-12\"  >\n\t\t\t\t<div class=\"col-inner\"  >\n\t\t\t\n\t\t\t\n<div class=\"is-divider divider clearfix\" style=\"margin-top:10px;margin-bottom:10px;max-width:100%;height:1px;\"><\/div>\n<p>Wenn Sie detailliertere Informationen zu unserer Datenschutzrichtlinie w\u00fcnschen, kontaktieren Sie bitte <a href=\"mailto:legal@rollomatic.ch\">legal(at)rollomatic.ch<\/a>.<\/p>\n\t\t<\/div>\n\t\t\t\t\n<style>\n#col-1559039856 > .col-inner {\n  padding: 0px 0px 30px 0px;\n}\n<\/style>\n\t<\/div>\n\n\t\n<\/div>\n\t\t<\/div>\n\n\t\t\n<style>\n#section_238498228 {\n  padding-top: 30px;\n  padding-bottom: 30px;\n}\n<\/style>\n\t<\/section>\n\t\n","protected":false},"excerpt":{"rendered":"","protected":false},"author":20,"featured_media":0,"parent":0,"menu_order":0,"comment_status":"closed","ping_status":"closed","template":"","meta":{"_acf_changed":false,"footnotes":""},"class_list":["post-32442","page","type-page","status-publish","hentry"],"acf":[],"yoast_head":"<!-- This site is optimized with the Yoast SEO plugin v27.0 - https:\/\/yoast.com\/product\/yoast-seo-wordpress\/ -->\n<title>Datenschutzrichtlinie | Rollomatic USA<\/title>\n<meta name=\"robots\" content=\"index, follow, max-snippet:-1, max-image-preview:large, max-video-preview:-1\" \/>\n<link rel=\"canonical\" href=\"https:\/\/www.rollomatic.ch\/de\/datenschutzrichtlinie\/\" \/>\n<meta property=\"og:locale\" content=\"de_DE\" \/>\n<meta property=\"og:type\" content=\"article\" \/>\n<meta property=\"og:title\" content=\"Datenschutzrichtlinie | Rollomatic USA\" \/>\n<meta property=\"og:url\" content=\"https:\/\/www.rollomatic.ch\/de\/datenschutzrichtlinie\/\" \/>\n<meta property=\"og:site_name\" content=\"Rollomatic\" \/>\n<meta property=\"article:publisher\" content=\"https:\/\/www.facebook.com\/rollomatic\/\" \/>\n<meta property=\"article:modified_time\" content=\"2025-05-15T06:06:30+00:00\" \/>\n<meta name=\"twitter:card\" content=\"summary_large_image\" \/>\n<meta name=\"twitter:site\" content=\"@rollomatics\" \/>\n<meta name=\"twitter:label1\" content=\"Gesch\u00e4tzte Lesezeit\" \/>\n\t<meta name=\"twitter:data1\" content=\"4\u00a0Minuten\" \/>\n<script type=\"application\/ld+json\" class=\"yoast-schema-graph\">{\"@context\":\"https:\/\/schema.org\",\"@graph\":[{\"@type\":\"WebPage\",\"@id\":\"https:\/\/www.rollomatic.ch\/de\/datenschutzrichtlinie\/\",\"url\":\"https:\/\/www.rollomatic.ch\/de\/datenschutzrichtlinie\/\",\"name\":\"Datenschutzrichtlinie | Rollomatic USA\",\"isPartOf\":{\"@id\":\"https:\/\/www.rollomatic.ch\/de\/#website\"},\"datePublished\":\"2025-04-09T08:07:21+00:00\",\"dateModified\":\"2025-05-15T06:06:30+00:00\",\"breadcrumb\":{\"@id\":\"https:\/\/www.rollomatic.ch\/de\/datenschutzrichtlinie\/#breadcrumb\"},\"inLanguage\":\"de\",\"potentialAction\":[{\"@type\":\"ReadAction\",\"target\":[\"https:\/\/www.rollomatic.ch\/de\/datenschutzrichtlinie\/\"]}]},{\"@type\":\"BreadcrumbList\",\"@id\":\"https:\/\/www.rollomatic.ch\/de\/datenschutzrichtlinie\/#breadcrumb\",\"itemListElement\":[{\"@type\":\"ListItem\",\"position\":1,\"name\":\"Home\",\"item\":\"https:\/\/www.rollomatic.ch\/de\/\"},{\"@type\":\"ListItem\",\"position\":2,\"name\":\"Datenschutzrichtlinie\"}]},{\"@type\":\"WebSite\",\"@id\":\"https:\/\/www.rollomatic.ch\/de\/#website\",\"url\":\"https:\/\/www.rollomatic.ch\/de\/\",\"name\":\"Rollomatic\",\"description\":\"\",\"publisher\":{\"@id\":\"https:\/\/www.rollomatic.ch\/de\/#organization\"},\"potentialAction\":[{\"@type\":\"SearchAction\",\"target\":{\"@type\":\"EntryPoint\",\"urlTemplate\":\"https:\/\/www.rollomatic.ch\/de\/?s={search_term_string}\"},\"query-input\":{\"@type\":\"PropertyValueSpecification\",\"valueRequired\":true,\"valueName\":\"search_term_string\"}}],\"inLanguage\":\"de\"},{\"@type\":\"Organization\",\"@id\":\"https:\/\/www.rollomatic.ch\/de\/#organization\",\"name\":\"Rollomatic S.A.\",\"url\":\"https:\/\/www.rollomatic.ch\/de\/\",\"logo\":{\"@type\":\"ImageObject\",\"inLanguage\":\"de\",\"@id\":\"https:\/\/www.rollomatic.ch\/de\/#\/schema\/logo\/image\/\",\"url\":\"https:\/\/www.rollomatic.ch\/wp-content\/uploads\/logomark_300.png\",\"contentUrl\":\"https:\/\/www.rollomatic.ch\/wp-content\/uploads\/logomark_300.png\",\"width\":300,\"height\":169,\"caption\":\"Rollomatic S.A.\"},\"image\":{\"@id\":\"https:\/\/www.rollomatic.ch\/de\/#\/schema\/logo\/image\/\"},\"sameAs\":[\"https:\/\/www.facebook.com\/rollomatic\/\",\"https:\/\/x.com\/rollomatics\",\"https:\/\/www.linkedin.com\/company\/rollomatic-sa\/\"]}]}<\/script>\n<!-- \/ Yoast SEO plugin. -->","yoast_head_json":{"title":"Datenschutzrichtlinie | Rollomatic USA","robots":{"index":"index","follow":"follow","max-snippet":"max-snippet:-1","max-image-preview":"max-image-preview:large","max-video-preview":"max-video-preview:-1"},"canonical":"https:\/\/www.rollomatic.ch\/de\/datenschutzrichtlinie\/","og_locale":"de_DE","og_type":"article","og_title":"Datenschutzrichtlinie | Rollomatic USA","og_url":"https:\/\/www.rollomatic.ch\/de\/datenschutzrichtlinie\/","og_site_name":"Rollomatic","article_publisher":"https:\/\/www.facebook.com\/rollomatic\/","article_modified_time":"2025-05-15T06:06:30+00:00","twitter_card":"summary_large_image","twitter_site":"@rollomatics","twitter_misc":{"Gesch\u00e4tzte Lesezeit":"4\u00a0Minuten"},"schema":{"@context":"https:\/\/schema.org","@graph":[{"@type":"WebPage","@id":"https:\/\/www.rollomatic.ch\/de\/datenschutzrichtlinie\/","url":"https:\/\/www.rollomatic.ch\/de\/datenschutzrichtlinie\/","name":"Datenschutzrichtlinie | Rollomatic USA","isPartOf":{"@id":"https:\/\/www.rollomatic.ch\/de\/#website"},"datePublished":"2025-04-09T08:07:21+00:00","dateModified":"2025-05-15T06:06:30+00:00","breadcrumb":{"@id":"https:\/\/www.rollomatic.ch\/de\/datenschutzrichtlinie\/#breadcrumb"},"inLanguage":"de","potentialAction":[{"@type":"ReadAction","target":["https:\/\/www.rollomatic.ch\/de\/datenschutzrichtlinie\/"]}]},{"@type":"BreadcrumbList","@id":"https:\/\/www.rollomatic.ch\/de\/datenschutzrichtlinie\/#breadcrumb","itemListElement":[{"@type":"ListItem","position":1,"name":"Home","item":"https:\/\/www.rollomatic.ch\/de\/"},{"@type":"ListItem","position":2,"name":"Datenschutzrichtlinie"}]},{"@type":"WebSite","@id":"https:\/\/www.rollomatic.ch\/de\/#website","url":"https:\/\/www.rollomatic.ch\/de\/","name":"Rollomatic","description":"","publisher":{"@id":"https:\/\/www.rollomatic.ch\/de\/#organization"},"potentialAction":[{"@type":"SearchAction","target":{"@type":"EntryPoint","urlTemplate":"https:\/\/www.rollomatic.ch\/de\/?s={search_term_string}"},"query-input":{"@type":"PropertyValueSpecification","valueRequired":true,"valueName":"search_term_string"}}],"inLanguage":"de"},{"@type":"Organization","@id":"https:\/\/www.rollomatic.ch\/de\/#organization","name":"Rollomatic S.A.","url":"https:\/\/www.rollomatic.ch\/de\/","logo":{"@type":"ImageObject","inLanguage":"de","@id":"https:\/\/www.rollomatic.ch\/de\/#\/schema\/logo\/image\/","url":"https:\/\/www.rollomatic.ch\/wp-content\/uploads\/logomark_300.png","contentUrl":"https:\/\/www.rollomatic.ch\/wp-content\/uploads\/logomark_300.png","width":300,"height":169,"caption":"Rollomatic S.A."},"image":{"@id":"https:\/\/www.rollomatic.ch\/de\/#\/schema\/logo\/image\/"},"sameAs":["https:\/\/www.facebook.com\/rollomatic\/","https:\/\/x.com\/rollomatics","https:\/\/www.linkedin.com\/company\/rollomatic-sa\/"]}]}},"_links":{"self":[{"href":"https:\/\/www.rollomatic.ch\/de\/wp-json\/wp\/v2\/pages\/32442","targetHints":{"allow":["GET"]}}],"collection":[{"href":"https:\/\/www.rollomatic.ch\/de\/wp-json\/wp\/v2\/pages"}],"about":[{"href":"https:\/\/www.rollomatic.ch\/de\/wp-json\/wp\/v2\/types\/page"}],"author":[{"embeddable":true,"href":"https:\/\/www.rollomatic.ch\/de\/wp-json\/wp\/v2\/users\/20"}],"replies":[{"embeddable":true,"href":"https:\/\/www.rollomatic.ch\/de\/wp-json\/wp\/v2\/comments?post=32442"}],"version-history":[{"count":0,"href":"https:\/\/www.rollomatic.ch\/de\/wp-json\/wp\/v2\/pages\/32442\/revisions"}],"wp:attachment":[{"href":"https:\/\/www.rollomatic.ch\/de\/wp-json\/wp\/v2\/media?parent=32442"}],"curies":[{"name":"wp","href":"https:\/\/api.w.org\/{rel}","templated":true}]}}