{"id":32746,"date":"2025-04-09T09:10:48","date_gmt":"2025-04-09T09:10:48","guid":{"rendered":"https:\/\/www.rollomatic.ch\/loesungen\/"},"modified":"2025-05-15T06:07:45","modified_gmt":"2025-05-15T06:07:45","slug":"loesungen","status":"publish","type":"page","link":"https:\/\/www.rollomatic.ch\/de\/loesungen\/","title":{"rendered":"L\u00f6sungen"},"content":{"rendered":"\n\t<section class=\"section\" id=\"section_667155875\">\n\t\t<div class=\"section-bg fill\" >\n\t\t\t\t\t\t\t\t\t\n\t\t\t\n\n\t\t<\/div>\n\n\t\t\n\n\t\t<div class=\"section-content relative\">\n\t\t\t\n<div class=\"row\"  id=\"row-2025518584\">\n\n\t<div id=\"col-1412559246\" class=\"col small-12 large-12\"  >\n\t\t\t\t<div class=\"col-inner\"  >\n\t\t\t\n\t\t\t\n<div class=\"row\"  id=\"row-1919973980\">\n\n\n\t<div id=\"col-1976424856\" class=\"col small-12 large-12\"  >\n\t\t\t\t<div class=\"col-inner\"  >\n\t\t\t\n\t\t\t\n\n\n  \n    <div class=\"row large-columns-4 medium-columns-3 small-columns-2 row-small slider row-slider slider-nav-reveal slider-nav-push\"  data-flickity-options='{&quot;imagesLoaded&quot;: true, &quot;groupCells&quot;: &quot;100%&quot;, &quot;dragThreshold&quot; : 5, &quot;cellAlign&quot;: &quot;left&quot;,&quot;wrapAround&quot;: true,&quot;prevNextButtons&quot;: true,&quot;percentPosition&quot;: true,&quot;pageDots&quot;: false, &quot;rightToLeft&quot;: false, &quot;autoPlay&quot; : false}' >\n\n  <div class=\"product-category col\" ><div class=\"col-inner\"><a aria-label=\"Produktkategorie Zylindrische Schneidwerkzeuge besuchen\" href=\"https:\/\/www.rollomatic.ch\/de\/tools\/solutions-de\/rotary-cutting-tools-de\/\"><div class=\"box box-category has-hover box-default\"><div class=\"box-image\" ><div class=\"image-cover\" style=\"padding-top:100%;\"><img loading=\"lazy\" decoding=\"async\" src=\"https:\/\/www.rollomatic.ch\/wp-content\/uploads\/Rotary-Cutting-Tools-1-600x450.jpg\" alt=\"Zylindrische Schneidwerkzeuge\" width=\"300\" height=\"300\" \/><\/div><\/div><div class=\"box-text text-center is-large\" style=\"background-color:rgb(255, 255, 255);padding:15px 15px 15px 15px;\"><div class=\"box-text-inner\"><h5 class=\"uppercase header-title\">Zylindrische Schneidwerkzeuge<\/h5><div class=\"product_cat_resume text-left\" style=\"padding-top:10px;\"><p><p>Rollomatic beherrscht das Sch\u00e4rfen von Hochleistungsschneidwerkzeugen aller Art und bietet Komplettl\u00f6sungen von der Vorbereitung bis zum Abrichten. Mit einem Lean-Ansatz zur Maximierung der Produktivit\u00e4t hat Rollomatic die GRINDSMART\u00ae-Schleifanlagen so konzipiert, dass wir die Geometrische Genauigkeit inkl. perfekte Oberfl\u00e4chenqualit\u00e4t garantieren k\u00f6nnen. Sie eignen sich f\u00fcr eine Vielzahl von Werkzeugen, von Mikrowerkzeugen bis hin zu gr\u00f6\u00dferen Durchmessern.<\/p>\n<\/p><\/div><\/div><\/div><\/div><\/a><\/div><\/div><div class=\"product-category col\" ><div class=\"col-inner\"><a aria-label=\"Produktkategorie Rundschleifen und Stempel besuchen\" href=\"https:\/\/www.rollomatic.ch\/de\/tools\/solutions-de\/blank-prep-and-punches-de\/\"><div class=\"box box-category has-hover box-default\"><div class=\"box-image\" ><div class=\"image-cover\" style=\"padding-top:100%;\"><img loading=\"lazy\" decoding=\"async\" src=\"https:\/\/www.rollomatic.ch\/wp-content\/uploads\/Cylindrical-and-Non-Round-2-600x450.jpg\" alt=\"Rundschleifen und Stempel\" width=\"300\" height=\"300\" \/><\/div><\/div><div class=\"box-text text-center is-large\" style=\"background-color:rgb(255, 255, 255);padding:15px 15px 15px 15px;\"><div class=\"box-text-inner\"><h5 class=\"uppercase header-title\">Rundschleifen und Stempel<\/h5><div class=\"product_cat_resume text-left\" style=\"padding-top:10px;\"><p><p>Mit seiner einzigartigen \u201eSch\u00e4lschleif\u201c-Technologie bietet Rollomatic sehr leistungsstarke Rundschleifl\u00f6sungen an, die h\u00f6chste Pr\u00e4zision und Oberfl\u00e4cheng\u00fcte garantieren.<\/p>\n<\/p><\/div><\/div><\/div><\/div><\/a><\/div><\/div><div class=\"product-category col\" ><div class=\"col-inner\"><a aria-label=\"Produktkategorie Ultraharte Schneidwerkzeuge und 3D-Bearbeitung besuchen\" href=\"https:\/\/www.rollomatic.ch\/de\/tools\/solutions-de\/ultra-hard-materials-de\/\"><div class=\"box box-category has-hover box-default\"><div class=\"box-image\" ><div class=\"image-cover\" style=\"padding-top:100%;\"><img loading=\"lazy\" decoding=\"async\" src=\"https:\/\/www.rollomatic.ch\/wp-content\/uploads\/Ultra-Hard-Materials-1-600x450.jpg\" alt=\"Ultraharte Schneidwerkzeuge und 3D-Bearbeitung\" width=\"300\" height=\"300\" \/><\/div><\/div><div class=\"box-text text-center is-large\" style=\"background-color:rgb(255, 255, 255);padding:15px 15px 15px 15px;\"><div class=\"box-text-inner\"><h5 class=\"uppercase header-title\">Ultraharte Schneidwerkzeuge und 3D-Bearbeitung<\/h5><div class=\"product_cat_resume text-left\" style=\"padding-top:10px;\"><p><p>Basierend auf \u00fcber 10 Jahren Erfahrung in der Lasertechnologie bietet Rollomatic mit seiner LASERSMART\u00ae-Produktreihe die innovativsten und leistungsst\u00e4rksten L\u00f6sungen auf dem Markt.<\/p>\n<\/p><\/div><\/div><\/div><\/div><\/a><\/div><\/div><div class=\"product-category col\" ><div class=\"col-inner\"><a aria-label=\"Produktkategorie Wendeplatten und Innendrehen besuchen\" href=\"https:\/\/www.rollomatic.ch\/de\/tools\/solutions-de\/inserts-and-boring-bars-de\/\"><div class=\"box box-category has-hover box-default\"><div class=\"box-image\" ><div class=\"image-cover\" style=\"padding-top:100%;\"><img loading=\"lazy\" decoding=\"async\" src=\"https:\/\/www.rollomatic.ch\/wp-content\/uploads\/Inserts-1-600x450.jpg\" alt=\"Wendeplatten und Innendrehen\" width=\"300\" height=\"300\" \/><\/div><\/div><div class=\"box-text text-center is-large\" style=\"background-color:rgb(255, 255, 255);padding:15px 15px 15px 15px;\"><div class=\"box-text-inner\"><h5 class=\"uppercase header-title\">Wendeplatten und Innendrehen<\/h5><div class=\"product_cat_resume text-left\" style=\"padding-top:10px;\"><p><p>Die GRINDSMART\u00ae Schleifmaschinen von Rollomatic sind vielseitig einsetzbar und eignen sich besonders f\u00fcr die Herstellung von Innendrehwerkzeugen und austauschbaren Wendeplatten aus Hartmetall oder CBN.<\/p>\n<\/p><\/div><\/div><\/div><\/div><\/a><\/div><\/div><\/div>\n\n\n\t\t<\/div>\n\t\t\t\t\t<\/div>\n\n\t\n\n<\/div>\n\t\t<\/div>\n\t\t\t\t\n<style>\n#col-1412559246 > .col-inner {\n  margin: -20px 0px 0px 0px;\n}\n<\/style>\n\t<\/div>\n\n\t\n<\/div>\n\t\t<\/div>\n\n\t\t\n<style>\n#section_667155875 {\n  padding-top: 30px;\n  padding-bottom: 30px;\n}\n<\/style>\n\t<\/section>\n\t\n","protected":false},"excerpt":{"rendered":"","protected":false},"author":12,"featured_media":0,"parent":0,"menu_order":0,"comment_status":"closed","ping_status":"closed","template":"","meta":{"_acf_changed":false,"footnotes":""},"class_list":["post-32746","page","type-page","status-publish","hentry"],"acf":[],"yoast_head":"<!-- This site is optimized with the Yoast SEO plugin v27.0 - https:\/\/yoast.com\/product\/yoast-seo-wordpress\/ -->\n<title>L\u00f6sungssuche - Rollomatic<\/title>\n<meta name=\"robots\" content=\"noindex, nofollow\" \/>\n<meta property=\"og:locale\" content=\"de_DE\" \/>\n<meta property=\"og:type\" content=\"article\" \/>\n<meta property=\"og:title\" content=\"L\u00f6sungssuche - Rollomatic\" \/>\n<meta property=\"og:url\" content=\"https:\/\/www.rollomatic.ch\/de\/loesungen\/\" \/>\n<meta property=\"og:site_name\" content=\"Rollomatic\" \/>\n<meta property=\"article:publisher\" content=\"https:\/\/www.facebook.com\/rollomatic\/\" \/>\n<meta property=\"article:modified_time\" content=\"2025-05-15T06:07:45+00:00\" \/>\n<meta name=\"twitter:card\" content=\"summary_large_image\" \/>\n<meta name=\"twitter:site\" content=\"@rollomatics\" \/>\n<meta name=\"twitter:label1\" content=\"Gesch\u00e4tzte Lesezeit\" \/>\n\t<meta name=\"twitter:data1\" content=\"1\u00a0Minute\" \/>\n<script type=\"application\/ld+json\" class=\"yoast-schema-graph\">{\"@context\":\"https:\/\/schema.org\",\"@graph\":[{\"@type\":\"WebPage\",\"@id\":\"https:\/\/www.rollomatic.ch\/de\/loesungen\/\",\"url\":\"https:\/\/www.rollomatic.ch\/de\/loesungen\/\",\"name\":\"L\u00f6sungssuche - Rollomatic\",\"isPartOf\":{\"@id\":\"https:\/\/www.rollomatic.ch\/de\/#website\"},\"datePublished\":\"2025-04-09T09:10:48+00:00\",\"dateModified\":\"2025-05-15T06:07:45+00:00\",\"breadcrumb\":{\"@id\":\"https:\/\/www.rollomatic.ch\/de\/loesungen\/#breadcrumb\"},\"inLanguage\":\"de\",\"potentialAction\":[{\"@type\":\"ReadAction\",\"target\":[\"https:\/\/www.rollomatic.ch\/de\/loesungen\/\"]}]},{\"@type\":\"BreadcrumbList\",\"@id\":\"https:\/\/www.rollomatic.ch\/de\/loesungen\/#breadcrumb\",\"itemListElement\":[{\"@type\":\"ListItem\",\"position\":1,\"name\":\"Home\",\"item\":\"https:\/\/www.rollomatic.ch\/de\/\"},{\"@type\":\"ListItem\",\"position\":2,\"name\":\"L\u00f6sungen\"}]},{\"@type\":\"WebSite\",\"@id\":\"https:\/\/www.rollomatic.ch\/de\/#website\",\"url\":\"https:\/\/www.rollomatic.ch\/de\/\",\"name\":\"Rollomatic\",\"description\":\"\",\"publisher\":{\"@id\":\"https:\/\/www.rollomatic.ch\/de\/#organization\"},\"potentialAction\":[{\"@type\":\"SearchAction\",\"target\":{\"@type\":\"EntryPoint\",\"urlTemplate\":\"https:\/\/www.rollomatic.ch\/de\/?s={search_term_string}\"},\"query-input\":{\"@type\":\"PropertyValueSpecification\",\"valueRequired\":true,\"valueName\":\"search_term_string\"}}],\"inLanguage\":\"de\"},{\"@type\":\"Organization\",\"@id\":\"https:\/\/www.rollomatic.ch\/de\/#organization\",\"name\":\"Rollomatic S.A.\",\"url\":\"https:\/\/www.rollomatic.ch\/de\/\",\"logo\":{\"@type\":\"ImageObject\",\"inLanguage\":\"de\",\"@id\":\"https:\/\/www.rollomatic.ch\/de\/#\/schema\/logo\/image\/\",\"url\":\"https:\/\/www.rollomatic.ch\/wp-content\/uploads\/logomark_300.png\",\"contentUrl\":\"https:\/\/www.rollomatic.ch\/wp-content\/uploads\/logomark_300.png\",\"width\":300,\"height\":169,\"caption\":\"Rollomatic S.A.\"},\"image\":{\"@id\":\"https:\/\/www.rollomatic.ch\/de\/#\/schema\/logo\/image\/\"},\"sameAs\":[\"https:\/\/www.facebook.com\/rollomatic\/\",\"https:\/\/x.com\/rollomatics\",\"https:\/\/www.linkedin.com\/company\/rollomatic-sa\/\"]}]}<\/script>\n<!-- \/ Yoast SEO plugin. -->","yoast_head_json":{"title":"L\u00f6sungssuche - Rollomatic","robots":{"index":"noindex","follow":"nofollow"},"og_locale":"de_DE","og_type":"article","og_title":"L\u00f6sungssuche - Rollomatic","og_url":"https:\/\/www.rollomatic.ch\/de\/loesungen\/","og_site_name":"Rollomatic","article_publisher":"https:\/\/www.facebook.com\/rollomatic\/","article_modified_time":"2025-05-15T06:07:45+00:00","twitter_card":"summary_large_image","twitter_site":"@rollomatics","twitter_misc":{"Gesch\u00e4tzte Lesezeit":"1\u00a0Minute"},"schema":{"@context":"https:\/\/schema.org","@graph":[{"@type":"WebPage","@id":"https:\/\/www.rollomatic.ch\/de\/loesungen\/","url":"https:\/\/www.rollomatic.ch\/de\/loesungen\/","name":"L\u00f6sungssuche - Rollomatic","isPartOf":{"@id":"https:\/\/www.rollomatic.ch\/de\/#website"},"datePublished":"2025-04-09T09:10:48+00:00","dateModified":"2025-05-15T06:07:45+00:00","breadcrumb":{"@id":"https:\/\/www.rollomatic.ch\/de\/loesungen\/#breadcrumb"},"inLanguage":"de","potentialAction":[{"@type":"ReadAction","target":["https:\/\/www.rollomatic.ch\/de\/loesungen\/"]}]},{"@type":"BreadcrumbList","@id":"https:\/\/www.rollomatic.ch\/de\/loesungen\/#breadcrumb","itemListElement":[{"@type":"ListItem","position":1,"name":"Home","item":"https:\/\/www.rollomatic.ch\/de\/"},{"@type":"ListItem","position":2,"name":"L\u00f6sungen"}]},{"@type":"WebSite","@id":"https:\/\/www.rollomatic.ch\/de\/#website","url":"https:\/\/www.rollomatic.ch\/de\/","name":"Rollomatic","description":"","publisher":{"@id":"https:\/\/www.rollomatic.ch\/de\/#organization"},"potentialAction":[{"@type":"SearchAction","target":{"@type":"EntryPoint","urlTemplate":"https:\/\/www.rollomatic.ch\/de\/?s={search_term_string}"},"query-input":{"@type":"PropertyValueSpecification","valueRequired":true,"valueName":"search_term_string"}}],"inLanguage":"de"},{"@type":"Organization","@id":"https:\/\/www.rollomatic.ch\/de\/#organization","name":"Rollomatic S.A.","url":"https:\/\/www.rollomatic.ch\/de\/","logo":{"@type":"ImageObject","inLanguage":"de","@id":"https:\/\/www.rollomatic.ch\/de\/#\/schema\/logo\/image\/","url":"https:\/\/www.rollomatic.ch\/wp-content\/uploads\/logomark_300.png","contentUrl":"https:\/\/www.rollomatic.ch\/wp-content\/uploads\/logomark_300.png","width":300,"height":169,"caption":"Rollomatic S.A."},"image":{"@id":"https:\/\/www.rollomatic.ch\/de\/#\/schema\/logo\/image\/"},"sameAs":["https:\/\/www.facebook.com\/rollomatic\/","https:\/\/x.com\/rollomatics","https:\/\/www.linkedin.com\/company\/rollomatic-sa\/"]}]}},"_links":{"self":[{"href":"https:\/\/www.rollomatic.ch\/de\/wp-json\/wp\/v2\/pages\/32746","targetHints":{"allow":["GET"]}}],"collection":[{"href":"https:\/\/www.rollomatic.ch\/de\/wp-json\/wp\/v2\/pages"}],"about":[{"href":"https:\/\/www.rollomatic.ch\/de\/wp-json\/wp\/v2\/types\/page"}],"author":[{"embeddable":true,"href":"https:\/\/www.rollomatic.ch\/de\/wp-json\/wp\/v2\/users\/12"}],"replies":[{"embeddable":true,"href":"https:\/\/www.rollomatic.ch\/de\/wp-json\/wp\/v2\/comments?post=32746"}],"version-history":[{"count":0,"href":"https:\/\/www.rollomatic.ch\/de\/wp-json\/wp\/v2\/pages\/32746\/revisions"}],"wp:attachment":[{"href":"https:\/\/www.rollomatic.ch\/de\/wp-json\/wp\/v2\/media?parent=32746"}],"curies":[{"name":"wp","href":"https:\/\/api.w.org\/{rel}","templated":true}]}}