{"id":32834,"date":"2025-04-09T09:17:00","date_gmt":"2025-04-09T09:17:00","guid":{"rendered":"https:\/\/www.rollomatic.ch\/forschung-und-entwicklung-schweiz\/"},"modified":"2025-05-15T06:06:42","modified_gmt":"2025-05-15T06:06:42","slug":"forschung-und-entwicklung-schweiz","status":"publish","type":"page","link":"https:\/\/www.rollomatic.ch\/de\/forschung-und-entwicklung-schweiz\/","title":{"rendered":"Forschung und Entwicklung Schweiz"},"content":{"rendered":"\n\t<section class=\"section dark\" id=\"section_1679295518\">\n\t\t<div class=\"section-bg fill\" >\n\t\t\t\t\t\t\t\t\t\n\t\t\t\n\n\t\t<\/div>\n\n\t\t\n\n\t\t<div class=\"section-content relative\">\n\t\t\t\n<div class=\"row align-center\"  id=\"row-1375031450\">\n\n\t<div id=\"col-227806589\" class=\"col medium-10 small-12 large-10\"  >\n\t\t\t\t<div class=\"col-inner text-center\"  >\n\t\t\t\n\t\t\t\n<p class=\"lead\">Rollomatic setzt jeden Tag auf Innovation.<\/p>\n<p class=\"lead\">Eine der f\u00fchrenden M\u00f6glichkeiten, wie Rollomatic in der Branche f\u00fchrend ist, besteht in der Entwicklung von Smart Autonomous Grinding.<\/p>\n<p class=\"lead\">Rollomatic unterst\u00fctzt Kunden auf ihrem Weg zur Automatisierung, und die am meisten automatisierten Smart Factorys nutzen Rollomatic\\u0027s Smart Autonomous Grinding.<\/p>\n\t\t<\/div>\n\t\t\t\t\t<\/div>\n\n\t\n<\/div>\n\t\t<\/div>\n\n\t\t\n<style>\n#section_1679295518 {\n  padding-top: 50px;\n  padding-bottom: 50px;\n  background-color: #003399;\n}\n<\/style>\n\t<\/section>\n\t\n\n\t<section class=\"section\" id=\"section_1593481404\">\n\t\t<div class=\"section-bg fill\" >\n\t\t\t\t\t\t\t\t\t\n\t\t\t\n\n\t\t<\/div>\n\n\t\t\n\n\t\t<div class=\"section-content relative\">\n\t\t\t\n<div class=\"row\"  id=\"row-1143003067\">\n\n\t<div id=\"col-375466182\" class=\"col small-12 large-12\"  >\n\t\t\t\t<div class=\"col-inner text-center\"  >\n\t\t\t\n\t\t\t\n<h5>Rollomatic in der Schweiz nimmt auch an der EPFL und SIPBB teil.<\/h5>\n\t\t<\/div>\n\t\t\t\t\n<style>\n#col-375466182 > .col-inner {\n  padding: 0px 0px 30px 0px;\n}\n<\/style>\n\t<\/div>\n\n\t\n<\/div>\n<div class=\"row\"  id=\"row-421652813\">\n\n\t<div id=\"col-1052139378\" class=\"col medium-6 small-12 large-6 col-divided\"  >\n\t\t\t\t<div class=\"col-inner\"  >\n\t\t\t\n\t\t\t\n\t<div class=\"box has-hover   has-hover box-text-bottom\" >\n\n\t\t<div class=\"box-image\" style=\"width:50%;\">\n\t\t\t\t\t\t<div class=\"image-cover\" style=\"padding-top:56.25%;\">\n\t\t\t\t<img loading=\"lazy\" decoding=\"async\" width=\"2830\" height=\"2001\" src=\"https:\/\/www.rollomatic.ch\/wp-content\/uploads\/epfl.png\" class=\"attachment- size-\" alt=\"EPFL logo\" srcset=\"https:\/\/www.rollomatic.ch\/wp-content\/uploads\/epfl.png 2830w, https:\/\/www.rollomatic.ch\/wp-content\/uploads\/epfl-960x679.png 960w, https:\/\/www.rollomatic.ch\/wp-content\/uploads\/epfl-1920x1358.png 1920w, https:\/\/www.rollomatic.ch\/wp-content\/uploads\/epfl-480x339.png 480w, https:\/\/www.rollomatic.ch\/wp-content\/uploads\/epfl-768x543.png 768w, https:\/\/www.rollomatic.ch\/wp-content\/uploads\/epfl-1536x1086.png 1536w, https:\/\/www.rollomatic.ch\/wp-content\/uploads\/epfl-2048x1448.png 2048w\" sizes=\"auto, (max-width: 2830px) 100vw, 2830px\" \/>\t\t\t\t\t\t\t\t\t\t\t<\/div>\n\t\t\t\t\t<\/div>\n\n\t\t<div class=\"box-text text-left\" style=\"background-color:rgb(255, 255, 255);padding:30px 30px 30px 30px;\">\n\t\t\t<div class=\"box-text-inner\">\n\t\t\t\t\n<h4><span data-text-color=\"primary\">Rollomatic auf dem EPFL-Campus<\/span><\/h4>\n\t<div id=\"gap-542338289\" class=\"gap-element clearfix\" style=\"display:block; height:auto;\">\n\t\t\n<style>\n#gap-542338289 {\n  padding-top: 15px;\n}\n<\/style>\n\t<\/div>\n\t\n<p>Das in Lausanne, Schweiz, gelegene EPFL (\u00c9cole Polytechnique F\u00e9d\u00e9rale) ist eine der lebendigsten und kosmopolitischsten Wissenschafts- und Technologie-Institutionen Europas.<\/p>\n<p>Rollomatic ist st\u00e4ndig auf der Suche nach neuen St\u00e4rken, um seine Abteilungen zu wachsen und neue Projekte zu entwickeln. Das Ziel ist es, die Forschungskapazit\u00e4ten zu erh\u00f6hen und die F\u00fchrungsposition zu konsolidieren. Mit diesem Ziel vor Augen hat das Unternehmen ein Innovationszentrum im EPFL Innovation Park eingerichtet.<\/p>\n<p>Seitdem hat die enge Partnerschaft, die sich zwischen den Laboren der EPFL und den Fachingenieuren von Rollomatic entwickelt hat, zum erfolgreichen Abschluss von Projekten gef\u00fchrt, die ein hohes Ma\u00df an technischer Raffinesse erfordern. In seinem 107m2 gro\u00dfen Raum in Lausanne arbeitet ein zehnk\u00f6pfiges Team aus Ingenieuren und Studenten gemeinsam an verschiedenen Projekten und forscht zur vierten industriellen Revolution. Dazu geh\u00f6ren Bereiche wie Softwareentwicklung, Differentialgeometrie, Mechanik und Lasertechnologie, um neue Bearbeitungsprozesse zu entwickeln.<\/p>\n<div class=\"row\"  id=\"row-861489635\">\n\n<\/div>\n\t\t\t<\/div>\n\t\t<\/div>\n\t<\/div>\n\t\n\t\t<\/div>\n\t\t\t\t\t<\/div>\n\n\t\n\n\t<div id=\"col-1857859962\" class=\"col medium-6 small-12 large-6 col-divided\"  >\n\t\t\t\t<div class=\"col-inner\"  >\n\t\t\t\n\t\t\t\n\t<div class=\"box has-hover   has-hover box-text-bottom\" >\n\n\t\t<div class=\"box-image\" style=\"width:50%;\">\n\t\t\t\t\t\t<div class=\"image-cover\" style=\"padding-top:56.25%;\">\n\t\t\t\t<img loading=\"lazy\" decoding=\"async\" width=\"810\" height=\"446\" src=\"https:\/\/www.rollomatic.ch\/wp-content\/uploads\/SIPBB_Logo_transparent_RGB1.png\" class=\"attachment- size-\" alt=\"\" srcset=\"https:\/\/www.rollomatic.ch\/wp-content\/uploads\/SIPBB_Logo_transparent_RGB1.png 810w, https:\/\/www.rollomatic.ch\/wp-content\/uploads\/SIPBB_Logo_transparent_RGB1-480x264.png 480w, https:\/\/www.rollomatic.ch\/wp-content\/uploads\/SIPBB_Logo_transparent_RGB1-768x423.png 768w\" sizes=\"auto, (max-width: 810px) 100vw, 810px\" \/>\t\t\t\t\t\t\t\t\t\t\t<\/div>\n\t\t\t\t\t<\/div>\n\n\t\t<div class=\"box-text text-left\" style=\"background-color:rgb(255, 255, 255);padding:30px 30px 30px 30px;\">\n\t\t\t<div class=\"box-text-inner\">\n\t\t\t\t\n<h4><span data-text-color=\"primary\">Rollomatic auf dem SIPBB-Campus<\/span><\/h4>\n\t<div id=\"gap-114314212\" class=\"gap-element clearfix\" style=\"display:block; height:auto;\">\n\t\t\n<style>\n#gap-114314212 {\n  padding-top: 15px;\n}\n<\/style>\n\t<\/div>\n\t\n<p>Der Switzerland Innovation Park Biel\/Bienne (SIPBB) ist eine private schweizerische Non-Profit-Organisation, die sich der anwendungsorientierten Forschung und Entwicklung f\u00fcr die Industrie widmet und diese unterst\u00fctzt. Er ist Teil des nationalen und internationalen Netzwerks der Stiftung Switzerland Innovation.<\/p>\n<p>Rollomatic hat im Jahr 2021 eine Innovationseinheit in der SIPBB er\u00f6ffnet, um n\u00e4her an die akademische Welt heranzur\u00fccken und mit anwendungsorientierten industriellen Forschungslaboren zusammenzuarbeiten. Wir bieten Bachelor- und Master-Projekte f\u00fcr Studenten in verschiedenen Bereichen wie Mechanik, IT und Robotik an.<\/p>\n<p>Andererseits ist es f\u00fcr ein Unternehmen wie Rollomatic, das massiv in die Entwicklung innovativer L\u00f6sungen investiert, die seinen Kunden Leistungssteigerung und Autonomie erm\u00f6glichen, wichtig, Forschungszentren wie die Swiss Smart Factory zu integrieren. Dies erm\u00f6glicht es uns, konkrete Industrieprojekte durchzuf\u00fchren und besonders bereichernde Austausche zu f\u00fchren. Nur f\u00fcnfzehn Kilometer von unserem Hauptsitz in Le Landeron entfernt, bietet unser B\u00fcro in der SIPBB die einmalige Gelegenheit, sich Studierenden aus der Region, sowohl franz\u00f6sisch- als auch deutschsprachigen, zu pr\u00e4sentieren.<\/p>\n<div class=\"row\"  id=\"row-1512396966\">\n\n<\/div>\n\t\t\t<\/div>\n\t\t<\/div>\n\t<\/div>\n\t\n\t\t<\/div>\n\t\t\t\t\t<\/div>\n\n\t\n<\/div>\n\t\t<\/div>\n\n\t\t\n<style>\n#section_1593481404 {\n  padding-top: 50px;\n  padding-bottom: 50px;\n}\n<\/style>\n\t<\/section>\n\t\n","protected":false},"excerpt":{"rendered":"","protected":false},"author":12,"featured_media":0,"parent":0,"menu_order":0,"comment_status":"closed","ping_status":"closed","template":"","meta":{"_acf_changed":false,"footnotes":""},"class_list":["post-32834","page","type-page","status-publish","hentry"],"acf":[],"yoast_head":"<!-- This site is optimized with the Yoast SEO plugin v27.0 - https:\/\/yoast.com\/product\/yoast-seo-wordpress\/ -->\n<title>Forschung und Entwicklung Schweiz - Rollomatic<\/title>\n<meta name=\"description\" content=\"Eine der f\u00fchrenden M\u00f6glichkeiten, wie Rollomatic in der Branche f\u00fchrend ist, besteht in der Entwicklung von Smart Autonomous Grinding durch konsequente Innovation.\" \/>\n<meta name=\"robots\" content=\"index, follow, max-snippet:-1, max-image-preview:large, max-video-preview:-1\" \/>\n<link rel=\"canonical\" href=\"https:\/\/www.rollomatic.ch\/de\/forschung-und-entwicklung-schweiz\/\" \/>\n<meta property=\"og:locale\" content=\"de_DE\" \/>\n<meta property=\"og:type\" content=\"article\" \/>\n<meta property=\"og:title\" content=\"Forschung und Entwicklung Schweiz - Rollomatic\" \/>\n<meta property=\"og:description\" content=\"Eine der f\u00fchrenden M\u00f6glichkeiten, wie Rollomatic in der Branche f\u00fchrend ist, besteht in der Entwicklung von Smart Autonomous Grinding durch konsequente Innovation.\" \/>\n<meta property=\"og:url\" content=\"https:\/\/www.rollomatic.ch\/de\/forschung-und-entwicklung-schweiz\/\" \/>\n<meta property=\"og:site_name\" content=\"Rollomatic\" \/>\n<meta property=\"article:publisher\" content=\"https:\/\/www.facebook.com\/rollomatic\/\" \/>\n<meta property=\"article:modified_time\" content=\"2025-05-15T06:06:42+00:00\" \/>\n<meta name=\"twitter:card\" content=\"summary_large_image\" \/>\n<meta name=\"twitter:site\" content=\"@rollomatics\" \/>\n<meta name=\"twitter:label1\" content=\"Gesch\u00e4tzte Lesezeit\" \/>\n\t<meta name=\"twitter:data1\" content=\"3\u00a0Minuten\" \/>\n<script type=\"application\/ld+json\" class=\"yoast-schema-graph\">{\"@context\":\"https:\/\/schema.org\",\"@graph\":[{\"@type\":\"WebPage\",\"@id\":\"https:\/\/www.rollomatic.ch\/de\/forschung-und-entwicklung-schweiz\/\",\"url\":\"https:\/\/www.rollomatic.ch\/de\/forschung-und-entwicklung-schweiz\/\",\"name\":\"Forschung und Entwicklung Schweiz - Rollomatic\",\"isPartOf\":{\"@id\":\"https:\/\/www.rollomatic.ch\/de\/#website\"},\"datePublished\":\"2025-04-09T09:17:00+00:00\",\"dateModified\":\"2025-05-15T06:06:42+00:00\",\"description\":\"Eine der f\u00fchrenden M\u00f6glichkeiten, wie Rollomatic in der Branche f\u00fchrend ist, besteht in der Entwicklung von Smart Autonomous Grinding durch konsequente Innovation.\",\"breadcrumb\":{\"@id\":\"https:\/\/www.rollomatic.ch\/de\/forschung-und-entwicklung-schweiz\/#breadcrumb\"},\"inLanguage\":\"de\",\"potentialAction\":[{\"@type\":\"ReadAction\",\"target\":[\"https:\/\/www.rollomatic.ch\/de\/forschung-und-entwicklung-schweiz\/\"]}]},{\"@type\":\"BreadcrumbList\",\"@id\":\"https:\/\/www.rollomatic.ch\/de\/forschung-und-entwicklung-schweiz\/#breadcrumb\",\"itemListElement\":[{\"@type\":\"ListItem\",\"position\":1,\"name\":\"Home\",\"item\":\"https:\/\/www.rollomatic.ch\/de\/\"},{\"@type\":\"ListItem\",\"position\":2,\"name\":\"Forschung und Entwicklung Schweiz\"}]},{\"@type\":\"WebSite\",\"@id\":\"https:\/\/www.rollomatic.ch\/de\/#website\",\"url\":\"https:\/\/www.rollomatic.ch\/de\/\",\"name\":\"Rollomatic\",\"description\":\"\",\"publisher\":{\"@id\":\"https:\/\/www.rollomatic.ch\/de\/#organization\"},\"potentialAction\":[{\"@type\":\"SearchAction\",\"target\":{\"@type\":\"EntryPoint\",\"urlTemplate\":\"https:\/\/www.rollomatic.ch\/de\/?s={search_term_string}\"},\"query-input\":{\"@type\":\"PropertyValueSpecification\",\"valueRequired\":true,\"valueName\":\"search_term_string\"}}],\"inLanguage\":\"de\"},{\"@type\":\"Organization\",\"@id\":\"https:\/\/www.rollomatic.ch\/de\/#organization\",\"name\":\"Rollomatic S.A.\",\"url\":\"https:\/\/www.rollomatic.ch\/de\/\",\"logo\":{\"@type\":\"ImageObject\",\"inLanguage\":\"de\",\"@id\":\"https:\/\/www.rollomatic.ch\/de\/#\/schema\/logo\/image\/\",\"url\":\"https:\/\/www.rollomatic.ch\/wp-content\/uploads\/logomark_300.png\",\"contentUrl\":\"https:\/\/www.rollomatic.ch\/wp-content\/uploads\/logomark_300.png\",\"width\":300,\"height\":169,\"caption\":\"Rollomatic S.A.\"},\"image\":{\"@id\":\"https:\/\/www.rollomatic.ch\/de\/#\/schema\/logo\/image\/\"},\"sameAs\":[\"https:\/\/www.facebook.com\/rollomatic\/\",\"https:\/\/x.com\/rollomatics\",\"https:\/\/www.linkedin.com\/company\/rollomatic-sa\/\"]}]}<\/script>\n<!-- \/ Yoast SEO plugin. -->","yoast_head_json":{"title":"Forschung und Entwicklung Schweiz - Rollomatic","description":"Eine der f\u00fchrenden M\u00f6glichkeiten, wie Rollomatic in der Branche f\u00fchrend ist, besteht in der Entwicklung von Smart Autonomous Grinding durch konsequente Innovation.","robots":{"index":"index","follow":"follow","max-snippet":"max-snippet:-1","max-image-preview":"max-image-preview:large","max-video-preview":"max-video-preview:-1"},"canonical":"https:\/\/www.rollomatic.ch\/de\/forschung-und-entwicklung-schweiz\/","og_locale":"de_DE","og_type":"article","og_title":"Forschung und Entwicklung Schweiz - Rollomatic","og_description":"Eine der f\u00fchrenden M\u00f6glichkeiten, wie Rollomatic in der Branche f\u00fchrend ist, besteht in der Entwicklung von Smart Autonomous Grinding durch konsequente Innovation.","og_url":"https:\/\/www.rollomatic.ch\/de\/forschung-und-entwicklung-schweiz\/","og_site_name":"Rollomatic","article_publisher":"https:\/\/www.facebook.com\/rollomatic\/","article_modified_time":"2025-05-15T06:06:42+00:00","twitter_card":"summary_large_image","twitter_site":"@rollomatics","twitter_misc":{"Gesch\u00e4tzte Lesezeit":"3\u00a0Minuten"},"schema":{"@context":"https:\/\/schema.org","@graph":[{"@type":"WebPage","@id":"https:\/\/www.rollomatic.ch\/de\/forschung-und-entwicklung-schweiz\/","url":"https:\/\/www.rollomatic.ch\/de\/forschung-und-entwicklung-schweiz\/","name":"Forschung und Entwicklung Schweiz - Rollomatic","isPartOf":{"@id":"https:\/\/www.rollomatic.ch\/de\/#website"},"datePublished":"2025-04-09T09:17:00+00:00","dateModified":"2025-05-15T06:06:42+00:00","description":"Eine der f\u00fchrenden M\u00f6glichkeiten, wie Rollomatic in der Branche f\u00fchrend ist, besteht in der Entwicklung von Smart Autonomous Grinding durch konsequente Innovation.","breadcrumb":{"@id":"https:\/\/www.rollomatic.ch\/de\/forschung-und-entwicklung-schweiz\/#breadcrumb"},"inLanguage":"de","potentialAction":[{"@type":"ReadAction","target":["https:\/\/www.rollomatic.ch\/de\/forschung-und-entwicklung-schweiz\/"]}]},{"@type":"BreadcrumbList","@id":"https:\/\/www.rollomatic.ch\/de\/forschung-und-entwicklung-schweiz\/#breadcrumb","itemListElement":[{"@type":"ListItem","position":1,"name":"Home","item":"https:\/\/www.rollomatic.ch\/de\/"},{"@type":"ListItem","position":2,"name":"Forschung und Entwicklung Schweiz"}]},{"@type":"WebSite","@id":"https:\/\/www.rollomatic.ch\/de\/#website","url":"https:\/\/www.rollomatic.ch\/de\/","name":"Rollomatic","description":"","publisher":{"@id":"https:\/\/www.rollomatic.ch\/de\/#organization"},"potentialAction":[{"@type":"SearchAction","target":{"@type":"EntryPoint","urlTemplate":"https:\/\/www.rollomatic.ch\/de\/?s={search_term_string}"},"query-input":{"@type":"PropertyValueSpecification","valueRequired":true,"valueName":"search_term_string"}}],"inLanguage":"de"},{"@type":"Organization","@id":"https:\/\/www.rollomatic.ch\/de\/#organization","name":"Rollomatic S.A.","url":"https:\/\/www.rollomatic.ch\/de\/","logo":{"@type":"ImageObject","inLanguage":"de","@id":"https:\/\/www.rollomatic.ch\/de\/#\/schema\/logo\/image\/","url":"https:\/\/www.rollomatic.ch\/wp-content\/uploads\/logomark_300.png","contentUrl":"https:\/\/www.rollomatic.ch\/wp-content\/uploads\/logomark_300.png","width":300,"height":169,"caption":"Rollomatic S.A."},"image":{"@id":"https:\/\/www.rollomatic.ch\/de\/#\/schema\/logo\/image\/"},"sameAs":["https:\/\/www.facebook.com\/rollomatic\/","https:\/\/x.com\/rollomatics","https:\/\/www.linkedin.com\/company\/rollomatic-sa\/"]}]}},"_links":{"self":[{"href":"https:\/\/www.rollomatic.ch\/de\/wp-json\/wp\/v2\/pages\/32834","targetHints":{"allow":["GET"]}}],"collection":[{"href":"https:\/\/www.rollomatic.ch\/de\/wp-json\/wp\/v2\/pages"}],"about":[{"href":"https:\/\/www.rollomatic.ch\/de\/wp-json\/wp\/v2\/types\/page"}],"author":[{"embeddable":true,"href":"https:\/\/www.rollomatic.ch\/de\/wp-json\/wp\/v2\/users\/12"}],"replies":[{"embeddable":true,"href":"https:\/\/www.rollomatic.ch\/de\/wp-json\/wp\/v2\/comments?post=32834"}],"version-history":[{"count":0,"href":"https:\/\/www.rollomatic.ch\/de\/wp-json\/wp\/v2\/pages\/32834\/revisions"}],"wp:attachment":[{"href":"https:\/\/www.rollomatic.ch\/de\/wp-json\/wp\/v2\/media?parent=32834"}],"curies":[{"name":"wp","href":"https:\/\/api.w.org\/{rel}","templated":true}]}}