{"id":45877,"date":"2026-01-19T10:26:38","date_gmt":"2026-01-19T10:26:38","guid":{"rendered":"https:\/\/www.rollomatic.ch\/?page_id=45877"},"modified":"2026-02-04T09:06:24","modified_gmt":"2026-02-04T09:06:24","slug":"rd","status":"publish","type":"page","link":"https:\/\/www.rollomatic.ch\/de\/rd\/","title":{"rendered":"R&#038;D"},"content":{"rendered":"\n\t<section class=\"section\" id=\"section_1196944656\">\n\t\t<div class=\"section-bg fill\" >\n\t\t\t\t\t\t\t\t\t\n\t\t\t\n\n\t\t<\/div>\n\n\t\t\n\n\t\t<div class=\"section-content relative\">\n\t\t\t\n<div class=\"row align-middle align-center\"  id=\"row-2122354481\">\n\n\t<div id=\"col-232112039\" class=\"col medium-5 small-12 large-5\"  >\n\t\t\t\t<div class=\"col-inner\"  >\n\t\t\t\n\t\t\t\n\n  <div class=\"banner has-hover\" id=\"banner-1579138839\">\n          <div class=\"banner-inner fill\">\n        <div class=\"banner-bg fill\" >\n            <img loading=\"lazy\" decoding=\"async\" width=\"1020\" height=\"679\" src=\"https:\/\/www.rollomatic.ch\/wp-content\/uploads\/RD_groupe_1-1920x1278.jpg\" class=\"bg attachment-large size-large\" alt=\"\" \/>                                    \n                    <\/div>\n\t\t\n        <div class=\"banner-layers container\">\n            <div class=\"fill banner-link\"><\/div>            \n        <\/div>\n      <\/div>\n\n            \n<style>\n#banner-1579138839 {\n  padding-top: 99.99%;\n  background-color: rgba(0, 0, 0, 0);\n}\n#banner-1579138839 .banner-bg img {\n  object-position: 73% 34%;\n}\n@media (min-width:550px) {\n  #banner-1579138839 {\n    padding-top: 99.99%;\n  }\n}\n@media (min-width:850px) {\n  #banner-1579138839 {\n    padding-top: 56.25%;\n  }\n}\n<\/style>\n  <\/div>\n\n\n\t\t<\/div>\n\t\t\t\t\n<style>\n#col-232112039 > .col-inner {\n  padding: 0px 0px 0px 0px;\n  margin: 0px 0px 0px 5px;\n}\n@media (min-width:550px) {\n  #col-232112039 > .col-inner {\n    padding: 0px 0px 0px 0px;\n    margin: -90px 0px 0px 0px;\n  }\n}\n@media (min-width:850px) {\n  #col-232112039 > .col-inner {\n    margin: 0px 0px 0px 0px;\n  }\n}\n<\/style>\n\t<\/div>\n\n\t\n\n\t<div id=\"col-1787113600\" class=\"col medium-7 small-12 large-7\"  >\n\t\t\t\t<div class=\"col-inner\"  >\n\t\t\t\n\t\t\t\n\t<div id=\"text-1961192549\" class=\"text\">\n\t\t\n<h3>R&amp;D<\/h3>\n\t\t\n<style>\n#text-1961192549 {\n  font-size: 1.1rem;\n  text-align: left;\n  color: #021f4a;\n}\n#text-1961192549 > * {\n  color: #021f4a;\n}\n<\/style>\n\t<\/div>\n\t\n<div class=\"is-divider divider clearfix\" style=\"margin-top:10px;margin-bottom:10px;max-width:100px;background-color:rgb(18, 35, 86);\"><\/div>\n<h4>R&amp;D Software<\/h4>\n<p>Die R&amp;D Software-Abteilung von Rollomatic b\u00fcndelt Innovation und Fachwissen. In einem Zukunftsorientierten und SmartFactory-getriebenen Umfeld entwickelt unser interdisziplin\u00e4res Team (Full-Stack-Entwickler, Mathematiker, UX-Designer, SPS-Entwickler) intelligente und autonome L\u00f6sungen f\u00fcr die Maschinenwerkzeugindustrie. Mit modernsten Technologien und agilen Methoden stellt sich die R&amp;D Software-Abteilung spannenden technischen Herausforderungen. Sie arbeiten auch mit ihrer Innovationseinheit an der EPFL zusammen.<\/p>\n\t\t<\/div>\n\t\t\t\t\n<style>\n#col-1787113600 > .col-inner {\n  padding: 0px 0 0px 0px;\n  margin: 30px 0px 0px 10px;\n}\n@media (min-width:550px) {\n  #col-1787113600 > .col-inner {\n    padding: 0px 10% 0px 0px;\n  }\n}\n@media (min-width:850px) {\n  #col-1787113600 > .col-inner {\n    padding: 0px 0px 0px 0%;\n    margin: 0px 0px 0px 0px;\n  }\n}\n<\/style>\n\t<\/div>\n\n\t\n<\/div>\n\t\t<\/div>\n\n\t\t\n<style>\n#section_1196944656 {\n  padding-top: 30px;\n  padding-bottom: 30px;\n}\n<\/style>\n\t<\/section>\n\t\n\n\t<section class=\"section\" id=\"section_1528731240\">\n\t\t<div class=\"section-bg fill\" >\n\t\t\t\t\t\t\t\t\t\n\t\t\t\n\n\t\t<\/div>\n\n\t\t\n\n\t\t<div class=\"section-content relative\">\n\t\t\t\n<div class=\"row align-middle align-center\"  id=\"row-723503257\">\n\n\t<div id=\"col-1317015078\" class=\"col medium-12 small-12 large-7\"  >\n\t\t\t\t<div class=\"col-inner\"  >\n\t\t\t\n\t\t\t\n<h3>PROJEKTTYPEN<\/h3>\n<div class=\"is-divider divider clearfix\" style=\"margin-top:10px;margin-bottom:10px;max-width:100px;background-color:rgb(18, 35, 86);\"><\/div>\n<ul>\n<li><strong>Software-Design und Programmierung :<\/strong>\u00a0Entwickeln Sie leistungsstarke L\u00f6sungen, die an Benutzer- und Projektanforderungen angepasst sind.<\/li>\n<li><strong>Softwarepflege und Updates :<\/strong>\u00a0Sorgen Sie f\u00fcr deren ordnungsgem\u00e4\u00dfe Funktion und bieten Sie den Benutzern effektive technische Unterst\u00fctzung.<\/li>\n<li><strong>Code Programmierung :<\/strong>\u00a0\u00dcberpr\u00fcfen und optimieren Sie die Codequalit\u00e4t, um deren Robustheit, Lesbarkeit und Einhaltung von Standards sicherzustellen.<\/li>\n<li><strong>Teilnahme an Innovationsprojekten :<\/strong>\u00a0Tragen Sie zur Entwicklung neuer Technologien und L\u00f6sungen bei, um den Herausforderungen von morgen zu begegnen.<\/li>\n<li><strong>Bereitstellung von vernetzten L\u00f6sungen f\u00fcr autonome Maschinen und SmartFactory :<\/strong>\u00a0Integrieren Sie fortschrittliche Technologien, um die industrielle Leistung und Prozesse zu optimieren.<\/li>\n<li><strong>Verfassen von technischen Handb\u00fcchern :<\/strong>\u00a0Bieten Sie klare und pr\u00e4zise Dokumentationen, um Benutzer bei der Nutzung der entwickelten Software und L\u00f6sungen zu unterst\u00fctzen.<\/li>\n<\/ul>\n\t\t<\/div>\n\t\t\t\t\n<style>\n#col-1317015078 > .col-inner {\n  padding: 0px 0 0px 0px;\n  margin: 30px 0px 0px 10px;\n}\n@media (min-width:550px) {\n  #col-1317015078 > .col-inner {\n    padding: 0px 10% 0px 0px;\n  }\n}\n@media (min-width:850px) {\n  #col-1317015078 > .col-inner {\n    padding: 0px 0px 0px 0%;\n    margin: 0px 0px 0px 0px;\n  }\n}\n<\/style>\n\t<\/div>\n\n\t\n\n\t<div id=\"col-823950759\" class=\"col medium-10 small-12 large-5\"  >\n\t\t\t\t<div class=\"col-inner\"  >\n\t\t\t\n\t\t\t\n\n<div class=\"embed-responsive embed-responsive-16by9\" style=\"max-width: 1000px; margin: auto;\"><iframe loading=\"lazy\" style=\"font-size: 1rem;\" src=\"https:\/\/player.vimeo.com\/video\/1147233088?h=dd4e39acd4&amp;badge=0&amp;autopause=0&amp;player_id=0&amp;app_id=58479\" width=\"800px\" height=\"400px\" frameborder=\"0\" allowfullscreen=\"allowfullscreen\" data-mce-fragment=\"1\"><\/iframe><\/div>\n\n\t\t<\/div>\n\t\t\t\t\n<style>\n#col-823950759 > .col-inner {\n  padding: 0px 0px 0px 0px;\n  margin: 0px 0px 0px 5px;\n}\n@media (min-width:550px) {\n  #col-823950759 > .col-inner {\n    padding: 0px 0px 0px 0px;\n    margin: 0px 0px 0px 0px;\n  }\n}\n@media (min-width:850px) {\n  #col-823950759 > .col-inner {\n    margin: 0px 0px 0px 0px;\n  }\n}\n<\/style>\n\t<\/div>\n\n\t\n<\/div>\n\t\t<\/div>\n\n\t\t\n<style>\n#section_1528731240 {\n  padding-top: 30px;\n  padding-bottom: 30px;\n}\n<\/style>\n\t<\/section>\n\t\n\n\t<section class=\"section\" id=\"section_253588648\">\n\t\t<div class=\"section-bg fill\" >\n\t\t\t\t\t\t\t\t\t\n\t\t\t\n\n\t\t<\/div>\n\n\t\t\n\n\t\t<div class=\"section-content relative\">\n\t\t\t\n<div class=\"row align-middle align-center\"  id=\"row-590913749\">\n\n\t<div id=\"col-837189619\" class=\"col medium-5 small-12 large-5\"  >\n\t\t\t\t<div class=\"col-inner\"  >\n\t\t\t\n\t\t\t\n\n  <div class=\"banner has-hover\" id=\"banner-306488973\">\n          <div class=\"banner-inner fill\">\n        <div class=\"banner-bg fill\" >\n            <img loading=\"lazy\" decoding=\"async\" width=\"1020\" height=\"678\" src=\"https:\/\/www.rollomatic.ch\/wp-content\/uploads\/Alina_RD-Soft-1920x1277.jpg\" class=\"bg attachment-large size-large\" alt=\"\" \/>                                    \n                    <\/div>\n\t\t\n        <div class=\"banner-layers container\">\n            <div class=\"fill banner-link\"><\/div>            \n        <\/div>\n      <\/div>\n\n            \n<style>\n#banner-306488973 {\n  padding-top: 99.99%;\n  background-color: rgba(0, 0, 0, 0);\n}\n#banner-306488973 .banner-bg img {\n  object-position: 35% 55%;\n}\n@media (min-width:550px) {\n  #banner-306488973 {\n    padding-top: 99.99%;\n  }\n}\n@media (min-width:850px) {\n  #banner-306488973 {\n    padding-top: 56.25%;\n  }\n}\n<\/style>\n  <\/div>\n\n\n\t\t<\/div>\n\t\t\t\t\n<style>\n#col-837189619 > .col-inner {\n  padding: 0px 0px 0px 0px;\n  margin: 0px 0px 0px 5px;\n}\n@media (min-width:550px) {\n  #col-837189619 > .col-inner {\n    padding: 0px 0px 0px 0px;\n    margin: 0px 0px 0px 0px;\n  }\n}\n@media (min-width:850px) {\n  #col-837189619 > .col-inner {\n    margin: 0px 0px 0px 0px;\n  }\n}\n<\/style>\n\t<\/div>\n\n\t\n\n\t<div id=\"col-843758818\" class=\"col medium-7 small-12 large-7\"  >\n\t\t\t\t<div class=\"col-inner\"  >\n\t\t\t\n\t\t\t\n<h4>R&amp;D Mechanik<\/h4>\n<p>In der Rollomatic R&amp;D Mechanik-Abteilung erwacht jede Maschine durch das Fachwissen und die Kreativit\u00e4t unserer Teams zum Leben. Von der Bedarfsdefinition \u00fcber die Erstellung der ersten Prototypen bis hin zur Produktindustrialisierung und wartung bew\u00e4ltigen unsere Ingenieure, Industriedesigner, Techniker und Prototypspezialisten verschiedene Herausforderungen: Entwicklung neuer Maschinen, spezifische Kundenl\u00f6sungen, technologische Innovationen und Unterst\u00fctzung bestehender Produkte.<\/p>\n\t\t<\/div>\n\t\t\t\t\n<style>\n#col-843758818 > .col-inner {\n  padding: 0px 0 0px 0px;\n  margin: 30px 0px 0px 10px;\n}\n@media (min-width:550px) {\n  #col-843758818 > .col-inner {\n    padding: 0px 10% 0px 0px;\n  }\n}\n@media (min-width:850px) {\n  #col-843758818 > .col-inner {\n    padding: 0px 0px 0px 0%;\n    margin: 0px 0px 0px 0px;\n  }\n}\n<\/style>\n\t<\/div>\n\n\t\n<\/div>\n\t\t<\/div>\n\n\t\t\n<style>\n#section_253588648 {\n  padding-top: 30px;\n  padding-bottom: 30px;\n}\n<\/style>\n\t<\/section>\n\t\n\n\t<section class=\"section\" id=\"section_1700451040\">\n\t\t<div class=\"section-bg fill\" >\n\t\t\t\t\t\t\t\t\t\n\t\t\t\n\n\t\t<\/div>\n\n\t\t\n\n\t\t<div class=\"section-content relative\">\n\t\t\t\n<div class=\"row align-middle align-center\"  id=\"row-7025454\">\n\n\t<div id=\"col-324064134\" class=\"col medium-12 small-12 large-7\"  >\n\t\t\t\t<div class=\"col-inner\"  >\n\t\t\t\n\t\t\t\n<h3>PROJEKTTYPEN<\/h3>\n<div class=\"is-divider divider clearfix\" style=\"margin-top:10px;margin-bottom:10px;max-width:100px;background-color:rgb(18, 35, 86);\"><\/div>\n<ul>\n<li><strong>Entwicklung neuer Maschinen :<\/strong> Entwerfen Sie innovative Ger\u00e4te, die den Marktanforderungen und Kundenbed\u00fcrfnissen entsprechen.<\/li>\n<li><strong>Erstellung spezifischer Kundenl\u00f6sungen :<\/strong> Passen Sie Produkte an, um ma\u00dfgeschneiderte Antworten auf spezifische Anfragen zu bieten.<\/li>\n<li><strong>Prototypen und Produktindustrialisierung :<\/strong> Verwandeln Sie Ideen in funktionsf\u00e4hige Prototypen und anschlie\u00dfend in marktreife Produkte.<\/li>\n<li><strong>Innovation mit fortschrittlichen Technologien :<\/strong> Integrieren Sie hochmoderne technologische L\u00f6sungen, um einen Wettbewerbsvorteil zu bewahren.<\/li>\n<li class=\"py-1\"><strong>Unterst\u00fctzung bestehender Produkte :<\/strong>Sorgen Sie f\u00fcr die Wartung und kontinuierliche Verbesserung von bereits in Betrieb befindlichen Maschinen.<\/li>\n<\/ul>\n\t\t<\/div>\n\t\t\t\t\n<style>\n#col-324064134 > .col-inner {\n  padding: 0px 0 0px 0px;\n  margin: 30px 0px 0px 10px;\n}\n@media (min-width:550px) {\n  #col-324064134 > .col-inner {\n    padding: 0px 10% 0px 0px;\n  }\n}\n@media (min-width:850px) {\n  #col-324064134 > .col-inner {\n    padding: 0px 0px 0px 0%;\n    margin: 0px 0px 0px 0px;\n  }\n}\n<\/style>\n\t<\/div>\n\n\t\n\n\t<div id=\"col-1363055248\" class=\"col medium-10 small-12 large-5\"  >\n\t\t\t\t<div class=\"col-inner\"  >\n\t\t\t\n\t\t\t\n\n  <div class=\"banner has-hover\" id=\"banner-474869978\">\n          <div class=\"banner-inner fill\">\n        <div class=\"banner-bg fill\" >\n            <img loading=\"lazy\" decoding=\"async\" width=\"1020\" height=\"678\" src=\"https:\/\/www.rollomatic.ch\/wp-content\/uploads\/DSC_1648b-1920x1277.jpg\" class=\"bg attachment-large size-large\" alt=\"\" \/>                                    \n                    <\/div>\n\t\t\n        <div class=\"banner-layers container\">\n            <div class=\"fill banner-link\"><\/div>            \n        <\/div>\n      <\/div>\n\n            \n<style>\n#banner-474869978 {\n  padding-top: 99.99%;\n  background-color: rgba(0, 0, 0, 0);\n}\n#banner-474869978 .banner-bg img {\n  object-position: 54% 48%;\n}\n@media (min-width:550px) {\n  #banner-474869978 {\n    padding-top: 50%;\n  }\n}\n@media (min-width:850px) {\n  #banner-474869978 {\n    padding-top: 56.25%;\n  }\n}\n<\/style>\n  <\/div>\n\n\n\t\t<\/div>\n\t\t\t\t\n<style>\n#col-1363055248 > .col-inner {\n  padding: 0px 0px 0px 0px;\n  margin: 0px 0px 0px 5px;\n}\n@media (min-width:550px) {\n  #col-1363055248 > .col-inner {\n    padding: 0px 0px 0px 0px;\n    margin: 0px 0px 0px 0px;\n  }\n}\n@media (min-width:850px) {\n  #col-1363055248 > .col-inner {\n    margin: 0px 0px 0px 0px;\n  }\n}\n<\/style>\n\t<\/div>\n\n\t\n<\/div>\n\t\t<\/div>\n\n\t\t\n<style>\n#section_1700451040 {\n  padding-top: 30px;\n  padding-bottom: 30px;\n}\n<\/style>\n\t<\/section>\n\t\n\t<div id=\"gap-2048470452\" class=\"gap-element clearfix\" style=\"display:block; height:auto;\">\n\t\t\n<style>\n#gap-2048470452 {\n  padding-top: 30px;\n}\n@media (min-width:550px) {\n  #gap-2048470452 {\n    padding-top: 50px;\n  }\n}\n@media (min-width:850px) {\n  #gap-2048470452 {\n    padding-top: 200px;\n  }\n}\n<\/style>\n\t<\/div>\n\t\n<div class=\"embed-responsive embed-responsive-16by9\" style=\"max-width: 1000px; margin: auto;\"><\/div>\n","protected":false},"excerpt":{"rendered":"","protected":false},"author":27,"featured_media":0,"parent":0,"menu_order":0,"comment_status":"closed","ping_status":"closed","template":"","meta":{"_acf_changed":false,"footnotes":""},"class_list":["post-45877","page","type-page","status-publish","hentry"],"acf":[],"yoast_head":"<!-- This site is optimized with the Yoast SEO plugin v27.0 - https:\/\/yoast.com\/product\/yoast-seo-wordpress\/ -->\n<title>R&amp;D - Rollomatic<\/title>\n<meta name=\"robots\" content=\"index, follow, max-snippet:-1, max-image-preview:large, max-video-preview:-1\" \/>\n<link rel=\"canonical\" href=\"https:\/\/www.rollomatic.ch\/de\/rd\/\" \/>\n<meta property=\"og:locale\" content=\"de_DE\" \/>\n<meta property=\"og:type\" content=\"article\" \/>\n<meta property=\"og:title\" content=\"R&amp;D - Rollomatic\" \/>\n<meta property=\"og:url\" content=\"https:\/\/www.rollomatic.ch\/de\/rd\/\" \/>\n<meta property=\"og:site_name\" content=\"Rollomatic\" \/>\n<meta property=\"article:publisher\" content=\"https:\/\/www.facebook.com\/rollomatic\/\" \/>\n<meta property=\"article:modified_time\" content=\"2026-02-04T09:06:24+00:00\" \/>\n<meta name=\"twitter:card\" content=\"summary_large_image\" \/>\n<meta name=\"twitter:site\" content=\"@rollomatics\" \/>\n<meta name=\"twitter:label1\" content=\"Gesch\u00e4tzte Lesezeit\" \/>\n\t<meta name=\"twitter:data1\" content=\"3\u00a0Minuten\" \/>\n<script type=\"application\/ld+json\" class=\"yoast-schema-graph\">{\"@context\":\"https:\/\/schema.org\",\"@graph\":[{\"@type\":\"WebPage\",\"@id\":\"https:\/\/www.rollomatic.ch\/de\/rd\/\",\"url\":\"https:\/\/www.rollomatic.ch\/de\/rd\/\",\"name\":\"R&D - Rollomatic\",\"isPartOf\":{\"@id\":\"https:\/\/www.rollomatic.ch\/de\/#website\"},\"datePublished\":\"2026-01-19T10:26:38+00:00\",\"dateModified\":\"2026-02-04T09:06:24+00:00\",\"breadcrumb\":{\"@id\":\"https:\/\/www.rollomatic.ch\/de\/rd\/#breadcrumb\"},\"inLanguage\":\"de\",\"potentialAction\":[{\"@type\":\"ReadAction\",\"target\":[\"https:\/\/www.rollomatic.ch\/de\/rd\/\"]}]},{\"@type\":\"BreadcrumbList\",\"@id\":\"https:\/\/www.rollomatic.ch\/de\/rd\/#breadcrumb\",\"itemListElement\":[{\"@type\":\"ListItem\",\"position\":1,\"name\":\"Home\",\"item\":\"https:\/\/www.rollomatic.ch\/de\/\"},{\"@type\":\"ListItem\",\"position\":2,\"name\":\"R&#038;D\"}]},{\"@type\":\"WebSite\",\"@id\":\"https:\/\/www.rollomatic.ch\/de\/#website\",\"url\":\"https:\/\/www.rollomatic.ch\/de\/\",\"name\":\"Rollomatic\",\"description\":\"\",\"publisher\":{\"@id\":\"https:\/\/www.rollomatic.ch\/de\/#organization\"},\"potentialAction\":[{\"@type\":\"SearchAction\",\"target\":{\"@type\":\"EntryPoint\",\"urlTemplate\":\"https:\/\/www.rollomatic.ch\/de\/?s={search_term_string}\"},\"query-input\":{\"@type\":\"PropertyValueSpecification\",\"valueRequired\":true,\"valueName\":\"search_term_string\"}}],\"inLanguage\":\"de\"},{\"@type\":\"Organization\",\"@id\":\"https:\/\/www.rollomatic.ch\/de\/#organization\",\"name\":\"Rollomatic S.A.\",\"url\":\"https:\/\/www.rollomatic.ch\/de\/\",\"logo\":{\"@type\":\"ImageObject\",\"inLanguage\":\"de\",\"@id\":\"https:\/\/www.rollomatic.ch\/de\/#\/schema\/logo\/image\/\",\"url\":\"https:\/\/www.rollomatic.ch\/wp-content\/uploads\/logomark_300.png\",\"contentUrl\":\"https:\/\/www.rollomatic.ch\/wp-content\/uploads\/logomark_300.png\",\"width\":300,\"height\":169,\"caption\":\"Rollomatic S.A.\"},\"image\":{\"@id\":\"https:\/\/www.rollomatic.ch\/de\/#\/schema\/logo\/image\/\"},\"sameAs\":[\"https:\/\/www.facebook.com\/rollomatic\/\",\"https:\/\/x.com\/rollomatics\",\"https:\/\/www.linkedin.com\/company\/rollomatic-sa\/\"]}]}<\/script>\n<!-- \/ Yoast SEO plugin. -->","yoast_head_json":{"title":"R&D - Rollomatic","robots":{"index":"index","follow":"follow","max-snippet":"max-snippet:-1","max-image-preview":"max-image-preview:large","max-video-preview":"max-video-preview:-1"},"canonical":"https:\/\/www.rollomatic.ch\/de\/rd\/","og_locale":"de_DE","og_type":"article","og_title":"R&D - Rollomatic","og_url":"https:\/\/www.rollomatic.ch\/de\/rd\/","og_site_name":"Rollomatic","article_publisher":"https:\/\/www.facebook.com\/rollomatic\/","article_modified_time":"2026-02-04T09:06:24+00:00","twitter_card":"summary_large_image","twitter_site":"@rollomatics","twitter_misc":{"Gesch\u00e4tzte Lesezeit":"3\u00a0Minuten"},"schema":{"@context":"https:\/\/schema.org","@graph":[{"@type":"WebPage","@id":"https:\/\/www.rollomatic.ch\/de\/rd\/","url":"https:\/\/www.rollomatic.ch\/de\/rd\/","name":"R&D - Rollomatic","isPartOf":{"@id":"https:\/\/www.rollomatic.ch\/de\/#website"},"datePublished":"2026-01-19T10:26:38+00:00","dateModified":"2026-02-04T09:06:24+00:00","breadcrumb":{"@id":"https:\/\/www.rollomatic.ch\/de\/rd\/#breadcrumb"},"inLanguage":"de","potentialAction":[{"@type":"ReadAction","target":["https:\/\/www.rollomatic.ch\/de\/rd\/"]}]},{"@type":"BreadcrumbList","@id":"https:\/\/www.rollomatic.ch\/de\/rd\/#breadcrumb","itemListElement":[{"@type":"ListItem","position":1,"name":"Home","item":"https:\/\/www.rollomatic.ch\/de\/"},{"@type":"ListItem","position":2,"name":"R&#038;D"}]},{"@type":"WebSite","@id":"https:\/\/www.rollomatic.ch\/de\/#website","url":"https:\/\/www.rollomatic.ch\/de\/","name":"Rollomatic","description":"","publisher":{"@id":"https:\/\/www.rollomatic.ch\/de\/#organization"},"potentialAction":[{"@type":"SearchAction","target":{"@type":"EntryPoint","urlTemplate":"https:\/\/www.rollomatic.ch\/de\/?s={search_term_string}"},"query-input":{"@type":"PropertyValueSpecification","valueRequired":true,"valueName":"search_term_string"}}],"inLanguage":"de"},{"@type":"Organization","@id":"https:\/\/www.rollomatic.ch\/de\/#organization","name":"Rollomatic S.A.","url":"https:\/\/www.rollomatic.ch\/de\/","logo":{"@type":"ImageObject","inLanguage":"de","@id":"https:\/\/www.rollomatic.ch\/de\/#\/schema\/logo\/image\/","url":"https:\/\/www.rollomatic.ch\/wp-content\/uploads\/logomark_300.png","contentUrl":"https:\/\/www.rollomatic.ch\/wp-content\/uploads\/logomark_300.png","width":300,"height":169,"caption":"Rollomatic S.A."},"image":{"@id":"https:\/\/www.rollomatic.ch\/de\/#\/schema\/logo\/image\/"},"sameAs":["https:\/\/www.facebook.com\/rollomatic\/","https:\/\/x.com\/rollomatics","https:\/\/www.linkedin.com\/company\/rollomatic-sa\/"]}]}},"_links":{"self":[{"href":"https:\/\/www.rollomatic.ch\/de\/wp-json\/wp\/v2\/pages\/45877","targetHints":{"allow":["GET"]}}],"collection":[{"href":"https:\/\/www.rollomatic.ch\/de\/wp-json\/wp\/v2\/pages"}],"about":[{"href":"https:\/\/www.rollomatic.ch\/de\/wp-json\/wp\/v2\/types\/page"}],"author":[{"embeddable":true,"href":"https:\/\/www.rollomatic.ch\/de\/wp-json\/wp\/v2\/users\/27"}],"replies":[{"embeddable":true,"href":"https:\/\/www.rollomatic.ch\/de\/wp-json\/wp\/v2\/comments?post=45877"}],"version-history":[{"count":0,"href":"https:\/\/www.rollomatic.ch\/de\/wp-json\/wp\/v2\/pages\/45877\/revisions"}],"wp:attachment":[{"href":"https:\/\/www.rollomatic.ch\/de\/wp-json\/wp\/v2\/media?parent=45877"}],"curies":[{"name":"wp","href":"https:\/\/api.w.org\/{rel}","templated":true}]}}