{"id":45903,"date":"2026-01-19T10:37:40","date_gmt":"2026-01-19T10:37:40","guid":{"rendered":"https:\/\/www.rollomatic.ch\/?page_id=45903"},"modified":"2026-01-20T13:18:09","modified_gmt":"2026-01-20T13:18:09","slug":"qualitaetskontrolle","status":"publish","type":"page","link":"https:\/\/www.rollomatic.ch\/de\/qualitaetskontrolle\/","title":{"rendered":"Qualit\u00e4tskontrolle"},"content":{"rendered":"\n\t<section class=\"section\" id=\"section_1148561865\">\n\t\t<div class=\"section-bg fill\" >\n\t\t\t\t\t\t\t\t\t\n\t\t\t\n\n\t\t<\/div>\n\n\t\t\n\n\t\t<div class=\"section-content relative\">\n\t\t\t\n<div class=\"row align-middle align-center\"  id=\"row-1015969730\">\n\n\t<div id=\"col-833582253\" class=\"col medium-5 small-12 large-5\"  >\n\t\t\t\t<div class=\"col-inner\"  >\n\t\t\t\n\t\t\t\n\n  <div class=\"banner has-hover\" id=\"banner-1296931228\">\n          <div class=\"banner-inner fill\">\n        <div class=\"banner-bg fill\" >\n            <img loading=\"lazy\" decoding=\"async\" width=\"1020\" height=\"678\" src=\"https:\/\/www.rollomatic.ch\/wp-content\/uploads\/Qualite_DSC_2124-1920x1277.jpg\" class=\"bg attachment-large size-large\" alt=\"\" \/>                                    \n                    <\/div>\n\t\t\n        <div class=\"banner-layers container\">\n            <div class=\"fill banner-link\"><\/div>            \n        <\/div>\n      <\/div>\n\n            \n<style>\n#banner-1296931228 {\n  padding-top: 99.99%;\n  background-color: rgba(0, 0, 0, 0);\n}\n#banner-1296931228 .banner-bg img {\n  object-position: 32% 29%;\n}\n@media (min-width:550px) {\n  #banner-1296931228 {\n    padding-top: 99.99%;\n  }\n}\n@media (min-width:850px) {\n  #banner-1296931228 {\n    padding-top: 56.25%;\n  }\n}\n<\/style>\n  <\/div>\n\n\n\t\t<\/div>\n\t\t\t\t\n<style>\n#col-833582253 > .col-inner {\n  padding: 0px 0px 0px 0px;\n  margin: 0px 0px 0px 5px;\n}\n@media (min-width:550px) {\n  #col-833582253 > .col-inner {\n    padding: 0px 0px 0px 0px;\n    margin: 0px 0px 0px 0px;\n  }\n}\n@media (min-width:850px) {\n  #col-833582253 > .col-inner {\n    margin: 0px 0px 0px 0px;\n  }\n}\n<\/style>\n\t<\/div>\n\n\t\n\n\t<div id=\"col-162332217\" class=\"col medium-7 small-12 large-7\"  >\n\t\t\t\t<div class=\"col-inner\"  >\n\t\t\t\n\t\t\t\n\t<div id=\"text-2752446341\" class=\"text\">\n\t\t\n<h3>LIEFERANTENQUALIT\u00c4TSKONTROLLE<\/h3>\n\t\t\n<style>\n#text-2752446341 {\n  font-size: 1.1rem;\n  text-align: left;\n  color: #021f4a;\n}\n#text-2752446341 > * {\n  color: #021f4a;\n}\n<\/style>\n\t<\/div>\n\t\n<div class=\"is-divider divider clearfix\" style=\"margin-top:10px;margin-bottom:10px;max-width:100px;background-color:rgb(18, 35, 86);\"><\/div>\n<p>Qualit\u00e4t steht im Zentrum der DNA von Rollomatic. Die spezialisierte Abteilung verk\u00f6rpert dieses Erfordernis, indem sie neue Komponenten und Lieferanten validiert, regelm\u00e4\u00dfig eingehende Inspektionen unserer Teile durchf\u00fchrt und einen hohen Standard an Exzellenz in unserer Produktqualit\u00e4t aufrechterh\u00e4lt. Mit einem hohen Ma\u00df an Kompetenz in der Messe- und Steuerungstechnik stellt dieses Team Exzellenz in jedem Schritt sicher.<\/p>\n\t\t<\/div>\n\t\t\t\t\n<style>\n#col-162332217 > .col-inner {\n  padding: 0px 0 0px 0px;\n  margin: 30px 0px 0px 10px;\n}\n@media (min-width:550px) {\n  #col-162332217 > .col-inner {\n    padding: 0px 10% 0px 0px;\n  }\n}\n@media (min-width:850px) {\n  #col-162332217 > .col-inner {\n    padding: 0px 0px 0px 0%;\n    margin: 0px 0px 0px 0px;\n  }\n}\n<\/style>\n\t<\/div>\n\n\t\n<\/div>\n\t\t<\/div>\n\n\t\t\n<style>\n#section_1148561865 {\n  padding-top: 30px;\n  padding-bottom: 30px;\n}\n<\/style>\n\t<\/section>\n\t\n\n\t<section class=\"section\" id=\"section_1233268303\">\n\t\t<div class=\"section-bg fill\" >\n\t\t\t\t\t\t\t\t\t\n\t\t\t\n\n\t\t<\/div>\n\n\t\t\n\n\t\t<div class=\"section-content relative\">\n\t\t\t\n<div class=\"row align-middle align-center\"  id=\"row-844775739\">\n\n\t<div id=\"col-1512893736\" class=\"col medium-12 small-12 large-7\"  >\n\t\t\t\t<div class=\"col-inner\"  >\n\t\t\t\n\t\t\t\n\t<div id=\"text-2529193821\" class=\"text\">\n\t\t\n<h3>PROJEKTTYPEN<\/h3>\n\t\t\n<style>\n#text-2529193821 {\n  font-size: 1.1rem;\n  text-align: left;\n  color: #021f4a;\n}\n#text-2529193821 > * {\n  color: #021f4a;\n}\n<\/style>\n\t<\/div>\n\t\n<div class=\"is-divider divider clearfix\" style=\"margin-top:10px;margin-bottom:10px;max-width:100px;background-color:rgb(18, 35, 86);\"><\/div>\n<ul>\n<li><strong>Produktqualit\u00e4tskontrolle:<\/strong> Sicherstellen einer gr\u00fcndlichen \u00dcberpr\u00fcfung unserer Produkte w\u00e4hrend des Montageprozesses, um ihre Konformit\u00e4t mit Standards und Anforderungen zu gew\u00e4hrleisten.<\/li>\n<li><strong>Stetige \u00dcberwachung unseres Lieferantennetzwerks:<\/strong> Durchf\u00fchrung von Audits unserer Partner und Beitrag zur Verbesserung ihrer Prozesse.<\/li>\n<li><strong>Analyse und Aufl\u00f6sung von Abweichungen:<\/strong> Ursachen von Abweichungen identifizieren, Korrekturma\u00dfnahmen vorschlagen und deren Umsetzung \u00fcberwachen.<\/li>\n<li><strong>Kontinuierliche Prozessverbesserung:<\/strong> Entwicklung und Implementierung von Initiativen zur Leistungsoptimierung und Reduzierung von Fehlern.<\/li>\n<\/ul>\n\t\t<\/div>\n\t\t\t\t\n<style>\n#col-1512893736 > .col-inner {\n  padding: 0px 0 0px 0px;\n  margin: 30px 0px 0px 10px;\n}\n@media (min-width:550px) {\n  #col-1512893736 > .col-inner {\n    padding: 0px 10% 0px 0px;\n  }\n}\n@media (min-width:850px) {\n  #col-1512893736 > .col-inner {\n    padding: 0px 0px 0px 0%;\n    margin: 0px 0px 0px 0px;\n  }\n}\n<\/style>\n\t<\/div>\n\n\t\n\n\t<div id=\"col-1967092269\" class=\"col medium-10 small-12 large-5\"  >\n\t\t\t\t<div class=\"col-inner\"  >\n\t\t\t\n\t\t\t\n\n  <div class=\"banner has-hover\" id=\"banner-1180421770\">\n          <div class=\"banner-inner fill\">\n        <div class=\"banner-bg fill\" >\n            <img loading=\"lazy\" decoding=\"async\" width=\"1020\" height=\"678\" src=\"https:\/\/www.rollomatic.ch\/wp-content\/uploads\/Qualite_DSC_2100-1920x1277.jpg\" class=\"bg attachment-large size-large\" alt=\"\" \/>                                    \n                    <\/div>\n\t\t\n        <div class=\"banner-layers container\">\n            <div class=\"fill banner-link\"><\/div>            \n        <\/div>\n      <\/div>\n\n            \n<style>\n#banner-1180421770 {\n  padding-top: 99.99%;\n  background-color: rgba(0, 0, 0, 0);\n}\n#banner-1180421770 .banner-bg img {\n  object-position: 45% 49%;\n}\n@media (min-width:550px) {\n  #banner-1180421770 {\n    padding-top: 50%;\n  }\n}\n@media (min-width:850px) {\n  #banner-1180421770 {\n    padding-top: 56.25%;\n  }\n}\n<\/style>\n  <\/div>\n\n\n\t\t<\/div>\n\t\t\t\t\n<style>\n#col-1967092269 > .col-inner {\n  padding: 0px 0px 0px 0px;\n  margin: 0px 0px 0px 5px;\n}\n@media (min-width:550px) {\n  #col-1967092269 > .col-inner {\n    padding: 0px 0px 0px 0px;\n    margin: 0px 0px 0px 0px;\n  }\n}\n@media (min-width:850px) {\n  #col-1967092269 > .col-inner {\n    margin: 0px 0px 0px 0px;\n  }\n}\n<\/style>\n\t<\/div>\n\n\t\n<\/div>\n\t\t<\/div>\n\n\t\t\n<style>\n#section_1233268303 {\n  padding-top: 30px;\n  padding-bottom: 30px;\n}\n<\/style>\n\t<\/section>\n\t\n\t<div id=\"gap-1844710636\" class=\"gap-element clearfix\" style=\"display:block; height:auto;\">\n\t\t\n<style>\n#gap-1844710636 {\n  padding-top: 30px;\n}\n@media (min-width:550px) {\n  #gap-1844710636 {\n    padding-top: 50px;\n  }\n}\n@media (min-width:850px) {\n  #gap-1844710636 {\n    padding-top: 200px;\n  }\n}\n<\/style>\n\t<\/div>\n\t\n","protected":false},"excerpt":{"rendered":"","protected":false},"author":27,"featured_media":0,"parent":0,"menu_order":0,"comment_status":"closed","ping_status":"closed","template":"","meta":{"_acf_changed":false,"footnotes":""},"class_list":["post-45903","page","type-page","status-publish","hentry"],"acf":[],"yoast_head":"<!-- This site is optimized with the Yoast SEO plugin v27.0 - https:\/\/yoast.com\/product\/yoast-seo-wordpress\/ -->\n<title>Qualit\u00e4tskontrolle - Rollomatic<\/title>\n<meta name=\"robots\" content=\"index, follow, max-snippet:-1, max-image-preview:large, max-video-preview:-1\" \/>\n<link rel=\"canonical\" href=\"https:\/\/www.rollomatic.ch\/de\/qualitaetskontrolle\/\" \/>\n<meta property=\"og:locale\" content=\"de_DE\" \/>\n<meta property=\"og:type\" content=\"article\" \/>\n<meta property=\"og:title\" content=\"Qualit\u00e4tskontrolle - Rollomatic\" \/>\n<meta property=\"og:url\" content=\"https:\/\/www.rollomatic.ch\/de\/qualitaetskontrolle\/\" \/>\n<meta property=\"og:site_name\" content=\"Rollomatic\" \/>\n<meta property=\"article:publisher\" content=\"https:\/\/www.facebook.com\/rollomatic\/\" \/>\n<meta property=\"article:modified_time\" content=\"2026-01-20T13:18:09+00:00\" \/>\n<meta name=\"twitter:card\" content=\"summary_large_image\" \/>\n<meta name=\"twitter:site\" content=\"@rollomatics\" \/>\n<meta name=\"twitter:label1\" content=\"Gesch\u00e4tzte Lesezeit\" \/>\n\t<meta name=\"twitter:data1\" content=\"2\u00a0Minuten\" \/>\n<script type=\"application\/ld+json\" class=\"yoast-schema-graph\">{\"@context\":\"https:\/\/schema.org\",\"@graph\":[{\"@type\":\"WebPage\",\"@id\":\"https:\/\/www.rollomatic.ch\/de\/qualitaetskontrolle\/\",\"url\":\"https:\/\/www.rollomatic.ch\/de\/qualitaetskontrolle\/\",\"name\":\"Qualit\u00e4tskontrolle - Rollomatic\",\"isPartOf\":{\"@id\":\"https:\/\/www.rollomatic.ch\/de\/#website\"},\"datePublished\":\"2026-01-19T10:37:40+00:00\",\"dateModified\":\"2026-01-20T13:18:09+00:00\",\"breadcrumb\":{\"@id\":\"https:\/\/www.rollomatic.ch\/de\/qualitaetskontrolle\/#breadcrumb\"},\"inLanguage\":\"de\",\"potentialAction\":[{\"@type\":\"ReadAction\",\"target\":[\"https:\/\/www.rollomatic.ch\/de\/qualitaetskontrolle\/\"]}]},{\"@type\":\"BreadcrumbList\",\"@id\":\"https:\/\/www.rollomatic.ch\/de\/qualitaetskontrolle\/#breadcrumb\",\"itemListElement\":[{\"@type\":\"ListItem\",\"position\":1,\"name\":\"Home\",\"item\":\"https:\/\/www.rollomatic.ch\/de\/\"},{\"@type\":\"ListItem\",\"position\":2,\"name\":\"Qualit\u00e4tskontrolle\"}]},{\"@type\":\"WebSite\",\"@id\":\"https:\/\/www.rollomatic.ch\/de\/#website\",\"url\":\"https:\/\/www.rollomatic.ch\/de\/\",\"name\":\"Rollomatic\",\"description\":\"\",\"publisher\":{\"@id\":\"https:\/\/www.rollomatic.ch\/de\/#organization\"},\"potentialAction\":[{\"@type\":\"SearchAction\",\"target\":{\"@type\":\"EntryPoint\",\"urlTemplate\":\"https:\/\/www.rollomatic.ch\/de\/?s={search_term_string}\"},\"query-input\":{\"@type\":\"PropertyValueSpecification\",\"valueRequired\":true,\"valueName\":\"search_term_string\"}}],\"inLanguage\":\"de\"},{\"@type\":\"Organization\",\"@id\":\"https:\/\/www.rollomatic.ch\/de\/#organization\",\"name\":\"Rollomatic S.A.\",\"url\":\"https:\/\/www.rollomatic.ch\/de\/\",\"logo\":{\"@type\":\"ImageObject\",\"inLanguage\":\"de\",\"@id\":\"https:\/\/www.rollomatic.ch\/de\/#\/schema\/logo\/image\/\",\"url\":\"https:\/\/www.rollomatic.ch\/wp-content\/uploads\/logomark_300.png\",\"contentUrl\":\"https:\/\/www.rollomatic.ch\/wp-content\/uploads\/logomark_300.png\",\"width\":300,\"height\":169,\"caption\":\"Rollomatic S.A.\"},\"image\":{\"@id\":\"https:\/\/www.rollomatic.ch\/de\/#\/schema\/logo\/image\/\"},\"sameAs\":[\"https:\/\/www.facebook.com\/rollomatic\/\",\"https:\/\/x.com\/rollomatics\",\"https:\/\/www.linkedin.com\/company\/rollomatic-sa\/\"]}]}<\/script>\n<!-- \/ Yoast SEO plugin. -->","yoast_head_json":{"title":"Qualit\u00e4tskontrolle - Rollomatic","robots":{"index":"index","follow":"follow","max-snippet":"max-snippet:-1","max-image-preview":"max-image-preview:large","max-video-preview":"max-video-preview:-1"},"canonical":"https:\/\/www.rollomatic.ch\/de\/qualitaetskontrolle\/","og_locale":"de_DE","og_type":"article","og_title":"Qualit\u00e4tskontrolle - Rollomatic","og_url":"https:\/\/www.rollomatic.ch\/de\/qualitaetskontrolle\/","og_site_name":"Rollomatic","article_publisher":"https:\/\/www.facebook.com\/rollomatic\/","article_modified_time":"2026-01-20T13:18:09+00:00","twitter_card":"summary_large_image","twitter_site":"@rollomatics","twitter_misc":{"Gesch\u00e4tzte Lesezeit":"2\u00a0Minuten"},"schema":{"@context":"https:\/\/schema.org","@graph":[{"@type":"WebPage","@id":"https:\/\/www.rollomatic.ch\/de\/qualitaetskontrolle\/","url":"https:\/\/www.rollomatic.ch\/de\/qualitaetskontrolle\/","name":"Qualit\u00e4tskontrolle - Rollomatic","isPartOf":{"@id":"https:\/\/www.rollomatic.ch\/de\/#website"},"datePublished":"2026-01-19T10:37:40+00:00","dateModified":"2026-01-20T13:18:09+00:00","breadcrumb":{"@id":"https:\/\/www.rollomatic.ch\/de\/qualitaetskontrolle\/#breadcrumb"},"inLanguage":"de","potentialAction":[{"@type":"ReadAction","target":["https:\/\/www.rollomatic.ch\/de\/qualitaetskontrolle\/"]}]},{"@type":"BreadcrumbList","@id":"https:\/\/www.rollomatic.ch\/de\/qualitaetskontrolle\/#breadcrumb","itemListElement":[{"@type":"ListItem","position":1,"name":"Home","item":"https:\/\/www.rollomatic.ch\/de\/"},{"@type":"ListItem","position":2,"name":"Qualit\u00e4tskontrolle"}]},{"@type":"WebSite","@id":"https:\/\/www.rollomatic.ch\/de\/#website","url":"https:\/\/www.rollomatic.ch\/de\/","name":"Rollomatic","description":"","publisher":{"@id":"https:\/\/www.rollomatic.ch\/de\/#organization"},"potentialAction":[{"@type":"SearchAction","target":{"@type":"EntryPoint","urlTemplate":"https:\/\/www.rollomatic.ch\/de\/?s={search_term_string}"},"query-input":{"@type":"PropertyValueSpecification","valueRequired":true,"valueName":"search_term_string"}}],"inLanguage":"de"},{"@type":"Organization","@id":"https:\/\/www.rollomatic.ch\/de\/#organization","name":"Rollomatic S.A.","url":"https:\/\/www.rollomatic.ch\/de\/","logo":{"@type":"ImageObject","inLanguage":"de","@id":"https:\/\/www.rollomatic.ch\/de\/#\/schema\/logo\/image\/","url":"https:\/\/www.rollomatic.ch\/wp-content\/uploads\/logomark_300.png","contentUrl":"https:\/\/www.rollomatic.ch\/wp-content\/uploads\/logomark_300.png","width":300,"height":169,"caption":"Rollomatic S.A."},"image":{"@id":"https:\/\/www.rollomatic.ch\/de\/#\/schema\/logo\/image\/"},"sameAs":["https:\/\/www.facebook.com\/rollomatic\/","https:\/\/x.com\/rollomatics","https:\/\/www.linkedin.com\/company\/rollomatic-sa\/"]}]}},"_links":{"self":[{"href":"https:\/\/www.rollomatic.ch\/de\/wp-json\/wp\/v2\/pages\/45903","targetHints":{"allow":["GET"]}}],"collection":[{"href":"https:\/\/www.rollomatic.ch\/de\/wp-json\/wp\/v2\/pages"}],"about":[{"href":"https:\/\/www.rollomatic.ch\/de\/wp-json\/wp\/v2\/types\/page"}],"author":[{"embeddable":true,"href":"https:\/\/www.rollomatic.ch\/de\/wp-json\/wp\/v2\/users\/27"}],"replies":[{"embeddable":true,"href":"https:\/\/www.rollomatic.ch\/de\/wp-json\/wp\/v2\/comments?post=45903"}],"version-history":[{"count":0,"href":"https:\/\/www.rollomatic.ch\/de\/wp-json\/wp\/v2\/pages\/45903\/revisions"}],"wp:attachment":[{"href":"https:\/\/www.rollomatic.ch\/de\/wp-json\/wp\/v2\/media?parent=45903"}],"curies":[{"name":"wp","href":"https:\/\/api.w.org\/{rel}","templated":true}]}}