{"id":45921,"date":"2026-01-19T10:33:50","date_gmt":"2026-01-19T10:33:50","guid":{"rendered":"https:\/\/www.rollomatic.ch\/?page_id=45921"},"modified":"2026-02-04T09:09:22","modified_gmt":"2026-02-04T09:09:22","slug":"einkaeufe","status":"publish","type":"page","link":"https:\/\/www.rollomatic.ch\/de\/einkaeufe\/","title":{"rendered":"Kaufbeschreibung"},"content":{"rendered":"\n\t<section class=\"section\" id=\"section_844635410\">\n\t\t<div class=\"section-bg fill\" >\n\t\t\t\t\t\t\t\t\t\n\t\t\t\n\n\t\t<\/div>\n\n\t\t\n\n\t\t<div class=\"section-content relative\">\n\t\t\t\n<div class=\"row align-middle align-center\"  id=\"row-928389800\">\n\n\t<div id=\"col-1043414315\" class=\"col medium-5 small-12 large-6\"  >\n\t\t\t\t<div class=\"col-inner\"  >\n\t\t\t\n\t\t\t\n\n  <div class=\"banner has-hover\" id=\"banner-740057690\">\n          <div class=\"banner-inner fill\">\n        <div class=\"banner-bg fill\" >\n            <img loading=\"lazy\" decoding=\"async\" width=\"1020\" height=\"678\" src=\"https:\/\/www.rollomatic.ch\/wp-content\/uploads\/DSC_1771b-1920x1277.jpg\" class=\"bg attachment-large size-large\" alt=\"\" \/>                                    \n                    <\/div>\n\t\t\n        <div class=\"banner-layers container\">\n            <div class=\"fill banner-link\"><\/div>            \n        <\/div>\n      <\/div>\n\n            \n<style>\n#banner-740057690 {\n  padding-top: 99.99%;\n  background-color: rgba(0, 0, 0, 0);\n}\n#banner-740057690 .banner-bg img {\n  object-position: 50% 42%;\n}\n@media (min-width:550px) {\n  #banner-740057690 {\n    padding-top: 99.99%;\n  }\n}\n@media (min-width:850px) {\n  #banner-740057690 {\n    padding-top: 56.25%;\n  }\n}\n<\/style>\n  <\/div>\n\n\n\t\t<\/div>\n\t\t\t\t\n<style>\n#col-1043414315 > .col-inner {\n  padding: 0px 0px 0px 0px;\n  margin: 0px 0px 0px 5px;\n}\n@media (min-width:550px) {\n  #col-1043414315 > .col-inner {\n    padding: 0px 0px 0px 0px;\n    margin: 0px 0px 0px 0px;\n  }\n}\n@media (min-width:850px) {\n  #col-1043414315 > .col-inner {\n    margin: 0px 0px 0px 0px;\n  }\n}\n<\/style>\n\t<\/div>\n\n\t\n\n\t<div id=\"col-127192705\" class=\"col medium-7 small-12 large-6\"  >\n\t\t\t\t<div class=\"col-inner\"  >\n\t\t\t\n\t\t\t\n\t<div id=\"text-3328232781\" class=\"text\">\n\t\t\n<h3>EINK\u00c4UFE<\/h3>\n\t\t\n<style>\n#text-3328232781 {\n  font-size: 1.1rem;\n  text-align: left;\n  color: #021f4a;\n}\n#text-3328232781 > * {\n  color: #021f4a;\n}\n<\/style>\n\t<\/div>\n\t\n<div class=\"is-divider divider clearfix\" style=\"margin-top:10px;margin-bottom:10px;max-width:100px;background-color:rgb(18, 35, 86);\"><\/div>\n<p>Entdecken Sie den Einkauf von Rollomatic, eine strategische S\u00e4ule im Umgang mit Lieferungen f\u00fcr unsere Hochpr\u00e4zisionswerkzeugschleifmaschinen. Mit einem Team von technischen Einkaufsexperten arbeiten wir mit 550 aktiven Lieferanten zusammen und st\u00fctzen uns auf eine schweizerische und internationale Lieferkette, um die Qualit\u00e4t, Verf\u00fcgbarkeit und Wettbewerbsf\u00e4higkeit unserer Komponenten zu gew\u00e4hrleisten. Der Einkauf von Rollomatic spielt eine zentrale Rolle f\u00fcr den Erfolg unserer Projekte und die Kundenzufriedenheit weltweit.<\/p>\n\t\t<\/div>\n\t\t\t\t\n<style>\n#col-127192705 > .col-inner {\n  padding: 0px 0 0px 0px;\n  margin: 30px 0px 0px 10px;\n}\n@media (min-width:550px) {\n  #col-127192705 > .col-inner {\n    padding: 0px 10% 0px 0px;\n  }\n}\n@media (min-width:850px) {\n  #col-127192705 > .col-inner {\n    padding: 0px 0px 0px 0%;\n    margin: 0px 0px 0px 0px;\n  }\n}\n<\/style>\n\t<\/div>\n\n\t\n<\/div>\n\t\t<\/div>\n\n\t\t\n<style>\n#section_844635410 {\n  padding-top: 30px;\n  padding-bottom: 30px;\n}\n<\/style>\n\t<\/section>\n\t\n\n\t<section class=\"section\" id=\"section_2126929583\">\n\t\t<div class=\"section-bg fill\" >\n\t\t\t\t\t\t\t\t\t\n\t\t\t\n\n\t\t<\/div>\n\n\t\t\n\n\t\t<div class=\"section-content relative\">\n\t\t\t\n<div class=\"row align-middle align-center\"  id=\"row-2026069196\">\n\n\t<div id=\"col-1200077747\" class=\"col medium-12 small-12 large-6\"  >\n\t\t\t\t<div class=\"col-inner\"  >\n\t\t\t\n\t\t\t\n\t<div id=\"text-1858278251\" class=\"text\">\n\t\t\n<h3>PROJEKTTYPEN<\/h3>\n\t\t\n<style>\n#text-1858278251 {\n  font-size: 1.1rem;\n  text-align: left;\n  color: #021f4a;\n}\n#text-1858278251 > * {\n  color: #021f4a;\n}\n<\/style>\n\t<\/div>\n\t\n<div class=\"is-divider divider clearfix\" style=\"margin-top:10px;margin-bottom:10px;max-width:100px;background-color:rgb(18, 35, 86);\"><\/div>\n<ul>\n<li><strong>Management strategischer Lieferanten :<\/strong> Entwickeln Sie starke Partnerschaften mit unseren Hauptlieferanten und f\u00fchren Sie Audits durch, um neue Partner zu integrieren.<\/li>\n<li><strong>Optimierung der Beschaffungsprozesse :<\/strong> Tragen Sie zur Analyse der Nettobedarfskalkulation (CBN) und zur Priorisierung von Bestellungen bei, um einen reibungslosen und produktionsgerechten Lieferfluss sicherzustellen.<\/li>\n<li><strong>Kontinuierliche Verbesserungsprojekte :<\/strong> Nehmen Sie an Initiativen teil, die auf die Reduzierung von Preisunterschieden, die Optimierung der Lieferzeiten und die Verbesserung der allgemeinen Lieferantenleistung abzielen.<\/li>\n<li><strong>Zusammenarbeit mit R&amp;D :<\/strong> Arbeiten Sie an innovativen Projekten, um neue Artikel und Komponenten in unsere Maschinen zu integrieren, in enger Zusammenarbeit mit unserer Forschungs- und Entwicklungsabteilung.<\/li>\n<li><strong>\u00dcberwachung von Schl\u00fcsselkennzahlen (KPI) :<\/strong> Analysieren und leiten Sie KPIs wie Servicegrad, Einhaltung von Just-in-Time oder R\u00fcckstautiefe, um optimale Leistung sicherzustellen.<\/li>\n<\/ul>\n\t\t<\/div>\n\t\t\t\t\n<style>\n#col-1200077747 > .col-inner {\n  padding: 0px 0 0px 0px;\n  margin: 30px 0px 0px 10px;\n}\n@media (min-width:550px) {\n  #col-1200077747 > .col-inner {\n    padding: 0px 10% 0px 0px;\n  }\n}\n@media (min-width:850px) {\n  #col-1200077747 > .col-inner {\n    padding: 0px 0px 0px 0%;\n    margin: 0px 0px 0px 0px;\n  }\n}\n<\/style>\n\t<\/div>\n\n\t\n\n\t<div id=\"col-1083638905\" class=\"col medium-10 small-12 large-6\"  >\n\t\t\t\t<div class=\"col-inner\"  >\n\t\t\t\n\t\t\t\n\n  <div class=\"banner has-hover\" id=\"banner-76373458\">\n          <div class=\"banner-inner fill\">\n        <div class=\"banner-bg fill\" >\n            <img loading=\"lazy\" decoding=\"async\" width=\"1020\" height=\"679\" src=\"https:\/\/www.rollomatic.ch\/wp-content\/uploads\/DSC_3567-1920x1278.jpg\" class=\"bg attachment-large size-large\" alt=\"\" \/>                                    \n                    <\/div>\n\t\t\n        <div class=\"banner-layers container\">\n            <div class=\"fill banner-link\"><\/div>            \n        <\/div>\n      <\/div>\n\n            \n<style>\n#banner-76373458 {\n  padding-top: 99.99%;\n  background-color: rgba(0, 0, 0, 0);\n}\n#banner-76373458 .banner-bg img {\n  object-position: 84% 39%;\n}\n@media (min-width:550px) {\n  #banner-76373458 {\n    padding-top: 50%;\n  }\n}\n@media (min-width:850px) {\n  #banner-76373458 {\n    padding-top: 56.25%;\n  }\n}\n<\/style>\n  <\/div>\n\n\n\t\t<\/div>\n\t\t\t\t\n<style>\n#col-1083638905 > .col-inner {\n  padding: 0px 0px 0px 0px;\n  margin: 0px 0px 0px 5px;\n}\n@media (min-width:550px) {\n  #col-1083638905 > .col-inner {\n    padding: 0px 0px 0px 0px;\n    margin: 0px 0px 0px 0px;\n  }\n}\n@media (min-width:850px) {\n  #col-1083638905 > .col-inner {\n    margin: 0px 0px 0px 0px;\n  }\n}\n<\/style>\n\t<\/div>\n\n\t\n<\/div>\n\t\t<\/div>\n\n\t\t\n<style>\n#section_2126929583 {\n  padding-top: 30px;\n  padding-bottom: 30px;\n}\n<\/style>\n\t<\/section>\n\t\n\t<div id=\"gap-1057762099\" class=\"gap-element clearfix\" style=\"display:block; height:auto;\">\n\t\t\n<style>\n#gap-1057762099 {\n  padding-top: 30px;\n}\n@media (min-width:550px) {\n  #gap-1057762099 {\n    padding-top: 50px;\n  }\n}\n@media (min-width:850px) {\n  #gap-1057762099 {\n    padding-top: 200px;\n  }\n}\n<\/style>\n\t<\/div>\n\t\n","protected":false},"excerpt":{"rendered":"","protected":false},"author":27,"featured_media":0,"parent":0,"menu_order":0,"comment_status":"closed","ping_status":"closed","template":"","meta":{"_acf_changed":false,"footnotes":""},"class_list":["post-45921","page","type-page","status-publish","hentry"],"acf":[],"yoast_head":"<!-- This site is optimized with the Yoast SEO plugin v27.0 - https:\/\/yoast.com\/product\/yoast-seo-wordpress\/ -->\n<title>Kaufbeschreibung - Rollomatic<\/title>\n<meta name=\"robots\" content=\"index, follow, max-snippet:-1, max-image-preview:large, max-video-preview:-1\" \/>\n<link rel=\"canonical\" href=\"https:\/\/www.rollomatic.ch\/de\/einkaeufe\/\" \/>\n<meta property=\"og:locale\" content=\"de_DE\" \/>\n<meta property=\"og:type\" content=\"article\" \/>\n<meta property=\"og:title\" content=\"Kaufbeschreibung - Rollomatic\" \/>\n<meta property=\"og:url\" content=\"https:\/\/www.rollomatic.ch\/de\/einkaeufe\/\" \/>\n<meta property=\"og:site_name\" content=\"Rollomatic\" \/>\n<meta property=\"article:publisher\" content=\"https:\/\/www.facebook.com\/rollomatic\/\" \/>\n<meta property=\"article:modified_time\" content=\"2026-02-04T09:09:22+00:00\" \/>\n<meta name=\"twitter:card\" content=\"summary_large_image\" \/>\n<meta name=\"twitter:site\" content=\"@rollomatics\" \/>\n<meta name=\"twitter:label1\" content=\"Gesch\u00e4tzte Lesezeit\" \/>\n\t<meta name=\"twitter:data1\" content=\"2\u00a0Minuten\" \/>\n<script type=\"application\/ld+json\" class=\"yoast-schema-graph\">{\"@context\":\"https:\/\/schema.org\",\"@graph\":[{\"@type\":\"WebPage\",\"@id\":\"https:\/\/www.rollomatic.ch\/de\/einkaeufe\/\",\"url\":\"https:\/\/www.rollomatic.ch\/de\/einkaeufe\/\",\"name\":\"Kaufbeschreibung - Rollomatic\",\"isPartOf\":{\"@id\":\"https:\/\/www.rollomatic.ch\/de\/#website\"},\"datePublished\":\"2026-01-19T10:33:50+00:00\",\"dateModified\":\"2026-02-04T09:09:22+00:00\",\"breadcrumb\":{\"@id\":\"https:\/\/www.rollomatic.ch\/de\/einkaeufe\/#breadcrumb\"},\"inLanguage\":\"de\",\"potentialAction\":[{\"@type\":\"ReadAction\",\"target\":[\"https:\/\/www.rollomatic.ch\/de\/einkaeufe\/\"]}]},{\"@type\":\"BreadcrumbList\",\"@id\":\"https:\/\/www.rollomatic.ch\/de\/einkaeufe\/#breadcrumb\",\"itemListElement\":[{\"@type\":\"ListItem\",\"position\":1,\"name\":\"Home\",\"item\":\"https:\/\/www.rollomatic.ch\/de\/\"},{\"@type\":\"ListItem\",\"position\":2,\"name\":\"Kaufbeschreibung\"}]},{\"@type\":\"WebSite\",\"@id\":\"https:\/\/www.rollomatic.ch\/de\/#website\",\"url\":\"https:\/\/www.rollomatic.ch\/de\/\",\"name\":\"Rollomatic\",\"description\":\"\",\"publisher\":{\"@id\":\"https:\/\/www.rollomatic.ch\/de\/#organization\"},\"potentialAction\":[{\"@type\":\"SearchAction\",\"target\":{\"@type\":\"EntryPoint\",\"urlTemplate\":\"https:\/\/www.rollomatic.ch\/de\/?s={search_term_string}\"},\"query-input\":{\"@type\":\"PropertyValueSpecification\",\"valueRequired\":true,\"valueName\":\"search_term_string\"}}],\"inLanguage\":\"de\"},{\"@type\":\"Organization\",\"@id\":\"https:\/\/www.rollomatic.ch\/de\/#organization\",\"name\":\"Rollomatic S.A.\",\"url\":\"https:\/\/www.rollomatic.ch\/de\/\",\"logo\":{\"@type\":\"ImageObject\",\"inLanguage\":\"de\",\"@id\":\"https:\/\/www.rollomatic.ch\/de\/#\/schema\/logo\/image\/\",\"url\":\"https:\/\/www.rollomatic.ch\/wp-content\/uploads\/logomark_300.png\",\"contentUrl\":\"https:\/\/www.rollomatic.ch\/wp-content\/uploads\/logomark_300.png\",\"width\":300,\"height\":169,\"caption\":\"Rollomatic S.A.\"},\"image\":{\"@id\":\"https:\/\/www.rollomatic.ch\/de\/#\/schema\/logo\/image\/\"},\"sameAs\":[\"https:\/\/www.facebook.com\/rollomatic\/\",\"https:\/\/x.com\/rollomatics\",\"https:\/\/www.linkedin.com\/company\/rollomatic-sa\/\"]}]}<\/script>\n<!-- \/ Yoast SEO plugin. -->","yoast_head_json":{"title":"Kaufbeschreibung - Rollomatic","robots":{"index":"index","follow":"follow","max-snippet":"max-snippet:-1","max-image-preview":"max-image-preview:large","max-video-preview":"max-video-preview:-1"},"canonical":"https:\/\/www.rollomatic.ch\/de\/einkaeufe\/","og_locale":"de_DE","og_type":"article","og_title":"Kaufbeschreibung - Rollomatic","og_url":"https:\/\/www.rollomatic.ch\/de\/einkaeufe\/","og_site_name":"Rollomatic","article_publisher":"https:\/\/www.facebook.com\/rollomatic\/","article_modified_time":"2026-02-04T09:09:22+00:00","twitter_card":"summary_large_image","twitter_site":"@rollomatics","twitter_misc":{"Gesch\u00e4tzte Lesezeit":"2\u00a0Minuten"},"schema":{"@context":"https:\/\/schema.org","@graph":[{"@type":"WebPage","@id":"https:\/\/www.rollomatic.ch\/de\/einkaeufe\/","url":"https:\/\/www.rollomatic.ch\/de\/einkaeufe\/","name":"Kaufbeschreibung - Rollomatic","isPartOf":{"@id":"https:\/\/www.rollomatic.ch\/de\/#website"},"datePublished":"2026-01-19T10:33:50+00:00","dateModified":"2026-02-04T09:09:22+00:00","breadcrumb":{"@id":"https:\/\/www.rollomatic.ch\/de\/einkaeufe\/#breadcrumb"},"inLanguage":"de","potentialAction":[{"@type":"ReadAction","target":["https:\/\/www.rollomatic.ch\/de\/einkaeufe\/"]}]},{"@type":"BreadcrumbList","@id":"https:\/\/www.rollomatic.ch\/de\/einkaeufe\/#breadcrumb","itemListElement":[{"@type":"ListItem","position":1,"name":"Home","item":"https:\/\/www.rollomatic.ch\/de\/"},{"@type":"ListItem","position":2,"name":"Kaufbeschreibung"}]},{"@type":"WebSite","@id":"https:\/\/www.rollomatic.ch\/de\/#website","url":"https:\/\/www.rollomatic.ch\/de\/","name":"Rollomatic","description":"","publisher":{"@id":"https:\/\/www.rollomatic.ch\/de\/#organization"},"potentialAction":[{"@type":"SearchAction","target":{"@type":"EntryPoint","urlTemplate":"https:\/\/www.rollomatic.ch\/de\/?s={search_term_string}"},"query-input":{"@type":"PropertyValueSpecification","valueRequired":true,"valueName":"search_term_string"}}],"inLanguage":"de"},{"@type":"Organization","@id":"https:\/\/www.rollomatic.ch\/de\/#organization","name":"Rollomatic S.A.","url":"https:\/\/www.rollomatic.ch\/de\/","logo":{"@type":"ImageObject","inLanguage":"de","@id":"https:\/\/www.rollomatic.ch\/de\/#\/schema\/logo\/image\/","url":"https:\/\/www.rollomatic.ch\/wp-content\/uploads\/logomark_300.png","contentUrl":"https:\/\/www.rollomatic.ch\/wp-content\/uploads\/logomark_300.png","width":300,"height":169,"caption":"Rollomatic S.A."},"image":{"@id":"https:\/\/www.rollomatic.ch\/de\/#\/schema\/logo\/image\/"},"sameAs":["https:\/\/www.facebook.com\/rollomatic\/","https:\/\/x.com\/rollomatics","https:\/\/www.linkedin.com\/company\/rollomatic-sa\/"]}]}},"_links":{"self":[{"href":"https:\/\/www.rollomatic.ch\/de\/wp-json\/wp\/v2\/pages\/45921","targetHints":{"allow":["GET"]}}],"collection":[{"href":"https:\/\/www.rollomatic.ch\/de\/wp-json\/wp\/v2\/pages"}],"about":[{"href":"https:\/\/www.rollomatic.ch\/de\/wp-json\/wp\/v2\/types\/page"}],"author":[{"embeddable":true,"href":"https:\/\/www.rollomatic.ch\/de\/wp-json\/wp\/v2\/users\/27"}],"replies":[{"embeddable":true,"href":"https:\/\/www.rollomatic.ch\/de\/wp-json\/wp\/v2\/comments?post=45921"}],"version-history":[{"count":0,"href":"https:\/\/www.rollomatic.ch\/de\/wp-json\/wp\/v2\/pages\/45921\/revisions"}],"wp:attachment":[{"href":"https:\/\/www.rollomatic.ch\/de\/wp-json\/wp\/v2\/media?parent=45921"}],"curies":[{"name":"wp","href":"https:\/\/api.w.org\/{rel}","templated":true}]}}