{"id":32103,"date":"2020-06-15T20:49:15","date_gmt":"2025-04-09T07:54:11","guid":{"rendered":"https:\/\/www.rollomatic.ch\/product\/rpg-ii\/"},"modified":"2025-05-13T12:01:42","modified_gmt":"2025-05-13T12:01:42","slug":"rpg-ii","status":"publish","type":"product","link":"https:\/\/www.rollomatic.ch\/de\/produkt\/rpg-ii\/","title":{"rendered":"RPG II"},"content":{"rendered":"<p>Die RPG II ist eine hydraulisch betriebene Pr\u00e4zisions-Eintauch-Schleifmaschine mit einem magazinartigen Lader.<\/p>\n<p>Ideal geeignet f\u00fcr das hochpr\u00e4zise Rund-Innenschleifen von Schneidwerkzeug-Rohlingen wie Bohrern, Formwerkzeugen, Reibahlen, Fr\u00e4sern sowie Pr\u00e4zisionsstempeln und Mikro-Stiften.<\/p>\n<p>Die RPG II ist f\u00fcr hohe Wiederholgenauigkeit und Zuverl\u00e4ssigkeit bei automatisierter Produktion von Teilen mit engen Toleranzen ausgelegt, mit maximaler Betriebszeit.<\/p>\n","protected":false},"excerpt":{"rendered":"<p>Die RPG II ist eine hydraulisch betriebene Pr\u00e4zisions-Eintauch-Schleifmaschine mit einem magazinartigen Lader. Ideal geeignet f\u00fcr das hochpr\u00e4zise Rund-Innenschleifen von Schneidwerkzeug-Rohlingen wie Bohrern, Formwerkzeugen, Reibahlen, Fr\u00e4sern sowie Pr\u00e4zisionsstempeln und Mikro-Stiften. Die [&#8230;]\n","protected":false},"featured_media":9229,"template":"","meta":{"_acf_changed":false},"industry":[],"tool-material":[],"tool-range":[418],"tool-type":[389],"product_brand":[],"product_cat":[524,597,593],"product_tag":[794],"class_list":{"0":"post-32103","1":"product","2":"type-product","3":"status-publish","4":"has-post-thumbnail","6":"tool-range-0-2-3-17","7":"tool-type-cylindrical-round-applications","8":"product_cat-shapesmart-de","9":"product_cat-blank-prep-and-punches-de","10":"product_cat-cylindrical-grinding-de","11":"product_tag-zylindrisches-schleifen","13":"first","14":"instock","15":"shipping-taxable","16":"product-type-simple"},"acf":[],"yoast_head":"<!-- This site is optimized with the Yoast SEO plugin v27.0 - https:\/\/yoast.com\/product\/yoast-seo-wordpress\/ -->\n<title>RPG II | Hydraulische Pr\u00e4zisions-Eintauch-Schleifmaschine | Rollomatic USA<\/title>\n<meta name=\"description\" content=\"Hydraulisch betriebene Pr\u00e4zisions-Eintauch-Schleifmaschine mit magazinartigem Lader.\" \/>\n<meta name=\"robots\" content=\"index, follow, max-snippet:-1, max-image-preview:large, max-video-preview:-1\" \/>\n<link rel=\"canonical\" href=\"https:\/\/www.rollomatic.ch\/de\/produkt\/rpg-ii\/\" \/>\n<meta property=\"og:locale\" content=\"de_DE\" \/>\n<meta property=\"og:type\" content=\"article\" \/>\n<meta property=\"og:title\" content=\"RPG II | Hydraulische Pr\u00e4zisions-Eintauch-Schleifmaschine | Rollomatic USA\" \/>\n<meta property=\"og:description\" content=\"Hydraulisch betriebene Pr\u00e4zisions-Eintauch-Schleifmaschine mit magazinartigem Lader.\" \/>\n<meta property=\"og:url\" content=\"https:\/\/www.rollomatic.ch\/de\/produkt\/rpg-ii\/\" \/>\n<meta property=\"og:site_name\" content=\"Rollomatic\" \/>\n<meta property=\"article:publisher\" content=\"https:\/\/www.facebook.com\/rollomatic\/\" \/>\n<meta property=\"article:modified_time\" content=\"2025-05-13T12:01:42+00:00\" \/>\n<meta property=\"og:image\" content=\"https:\/\/www.rollomatic.ch\/wp-content\/uploads\/RPG-V2-SHINY_1-1.webp\" \/>\n\t<meta property=\"og:image:width\" content=\"2560\" \/>\n\t<meta property=\"og:image:height\" content=\"1440\" \/>\n\t<meta property=\"og:image:type\" content=\"image\/webp\" \/>\n<meta name=\"twitter:card\" content=\"summary_large_image\" \/>\n<meta name=\"twitter:site\" content=\"@rollomatics\" \/>\n<script type=\"application\/ld+json\" class=\"yoast-schema-graph\">{\"@context\":\"https:\/\/schema.org\",\"@graph\":[{\"@type\":\"WebPage\",\"@id\":\"https:\/\/www.rollomatic.ch\/de\/produkt\/rpg-ii\/\",\"url\":\"https:\/\/www.rollomatic.ch\/de\/produkt\/rpg-ii\/\",\"name\":\"RPG II | Hydraulische Pr\u00e4zisions-Eintauch-Schleifmaschine | Rollomatic USA\",\"isPartOf\":{\"@id\":\"https:\/\/www.rollomatic.ch\/de\/#website\"},\"primaryImageOfPage\":{\"@id\":\"https:\/\/www.rollomatic.ch\/de\/produkt\/rpg-ii\/#primaryimage\"},\"image\":{\"@id\":\"https:\/\/www.rollomatic.ch\/de\/produkt\/rpg-ii\/#primaryimage\"},\"thumbnailUrl\":\"https:\/\/www.rollomatic.ch\/wp-content\/uploads\/RPG-V2-SHINY_1-1.webp\",\"datePublished\":\"2025-04-09T07:54:11+00:00\",\"dateModified\":\"2025-05-13T12:01:42+00:00\",\"description\":\"Hydraulisch betriebene Pr\u00e4zisions-Eintauch-Schleifmaschine mit magazinartigem Lader.\",\"breadcrumb\":{\"@id\":\"https:\/\/www.rollomatic.ch\/de\/produkt\/rpg-ii\/#breadcrumb\"},\"inLanguage\":\"de\",\"potentialAction\":[{\"@type\":\"ReadAction\",\"target\":[\"https:\/\/www.rollomatic.ch\/de\/produkt\/rpg-ii\/\"]}]},{\"@type\":\"ImageObject\",\"inLanguage\":\"de\",\"@id\":\"https:\/\/www.rollomatic.ch\/de\/produkt\/rpg-ii\/#primaryimage\",\"url\":\"https:\/\/www.rollomatic.ch\/wp-content\/uploads\/RPG-V2-SHINY_1-1.webp\",\"contentUrl\":\"https:\/\/www.rollomatic.ch\/wp-content\/uploads\/RPG-V2-SHINY_1-1.webp\",\"width\":2560,\"height\":1440},{\"@type\":\"BreadcrumbList\",\"@id\":\"https:\/\/www.rollomatic.ch\/de\/produkt\/rpg-ii\/#breadcrumb\",\"itemListElement\":[{\"@type\":\"ListItem\",\"position\":1,\"name\":\"Home\",\"item\":\"https:\/\/www.rollomatic.ch\/de\/\"},{\"@type\":\"ListItem\",\"position\":2,\"name\":\"Katalog\",\"item\":\"https:\/\/www.rollomatic.ch\/de\/katalog\/\"},{\"@type\":\"ListItem\",\"position\":3,\"name\":\"RPG II\"}]},{\"@type\":\"WebSite\",\"@id\":\"https:\/\/www.rollomatic.ch\/de\/#website\",\"url\":\"https:\/\/www.rollomatic.ch\/de\/\",\"name\":\"Rollomatic\",\"description\":\"\",\"publisher\":{\"@id\":\"https:\/\/www.rollomatic.ch\/de\/#organization\"},\"potentialAction\":[{\"@type\":\"SearchAction\",\"target\":{\"@type\":\"EntryPoint\",\"urlTemplate\":\"https:\/\/www.rollomatic.ch\/de\/?s={search_term_string}\"},\"query-input\":{\"@type\":\"PropertyValueSpecification\",\"valueRequired\":true,\"valueName\":\"search_term_string\"}}],\"inLanguage\":\"de\"},{\"@type\":\"Organization\",\"@id\":\"https:\/\/www.rollomatic.ch\/de\/#organization\",\"name\":\"Rollomatic S.A.\",\"url\":\"https:\/\/www.rollomatic.ch\/de\/\",\"logo\":{\"@type\":\"ImageObject\",\"inLanguage\":\"de\",\"@id\":\"https:\/\/www.rollomatic.ch\/de\/#\/schema\/logo\/image\/\",\"url\":\"https:\/\/www.rollomatic.ch\/wp-content\/uploads\/logomark_300.png\",\"contentUrl\":\"https:\/\/www.rollomatic.ch\/wp-content\/uploads\/logomark_300.png\",\"width\":300,\"height\":169,\"caption\":\"Rollomatic S.A.\"},\"image\":{\"@id\":\"https:\/\/www.rollomatic.ch\/de\/#\/schema\/logo\/image\/\"},\"sameAs\":[\"https:\/\/www.facebook.com\/rollomatic\/\",\"https:\/\/x.com\/rollomatics\",\"https:\/\/www.linkedin.com\/company\/rollomatic-sa\/\"]}]}<\/script>\n<!-- \/ Yoast SEO plugin. -->","yoast_head_json":{"title":"RPG II | Hydraulische Pr\u00e4zisions-Eintauch-Schleifmaschine | Rollomatic USA","description":"Hydraulisch betriebene Pr\u00e4zisions-Eintauch-Schleifmaschine mit magazinartigem Lader.","robots":{"index":"index","follow":"follow","max-snippet":"max-snippet:-1","max-image-preview":"max-image-preview:large","max-video-preview":"max-video-preview:-1"},"canonical":"https:\/\/www.rollomatic.ch\/de\/produkt\/rpg-ii\/","og_locale":"de_DE","og_type":"article","og_title":"RPG II | Hydraulische Pr\u00e4zisions-Eintauch-Schleifmaschine | Rollomatic USA","og_description":"Hydraulisch betriebene Pr\u00e4zisions-Eintauch-Schleifmaschine mit magazinartigem Lader.","og_url":"https:\/\/www.rollomatic.ch\/de\/produkt\/rpg-ii\/","og_site_name":"Rollomatic","article_publisher":"https:\/\/www.facebook.com\/rollomatic\/","article_modified_time":"2025-05-13T12:01:42+00:00","og_image":[{"width":2560,"height":1440,"url":"https:\/\/www.rollomatic.ch\/wp-content\/uploads\/RPG-V2-SHINY_1-1.webp","type":"image\/webp"}],"twitter_card":"summary_large_image","twitter_site":"@rollomatics","schema":{"@context":"https:\/\/schema.org","@graph":[{"@type":"WebPage","@id":"https:\/\/www.rollomatic.ch\/de\/produkt\/rpg-ii\/","url":"https:\/\/www.rollomatic.ch\/de\/produkt\/rpg-ii\/","name":"RPG II | Hydraulische Pr\u00e4zisions-Eintauch-Schleifmaschine | Rollomatic USA","isPartOf":{"@id":"https:\/\/www.rollomatic.ch\/de\/#website"},"primaryImageOfPage":{"@id":"https:\/\/www.rollomatic.ch\/de\/produkt\/rpg-ii\/#primaryimage"},"image":{"@id":"https:\/\/www.rollomatic.ch\/de\/produkt\/rpg-ii\/#primaryimage"},"thumbnailUrl":"https:\/\/www.rollomatic.ch\/wp-content\/uploads\/RPG-V2-SHINY_1-1.webp","datePublished":"2025-04-09T07:54:11+00:00","dateModified":"2025-05-13T12:01:42+00:00","description":"Hydraulisch betriebene Pr\u00e4zisions-Eintauch-Schleifmaschine mit magazinartigem Lader.","breadcrumb":{"@id":"https:\/\/www.rollomatic.ch\/de\/produkt\/rpg-ii\/#breadcrumb"},"inLanguage":"de","potentialAction":[{"@type":"ReadAction","target":["https:\/\/www.rollomatic.ch\/de\/produkt\/rpg-ii\/"]}]},{"@type":"ImageObject","inLanguage":"de","@id":"https:\/\/www.rollomatic.ch\/de\/produkt\/rpg-ii\/#primaryimage","url":"https:\/\/www.rollomatic.ch\/wp-content\/uploads\/RPG-V2-SHINY_1-1.webp","contentUrl":"https:\/\/www.rollomatic.ch\/wp-content\/uploads\/RPG-V2-SHINY_1-1.webp","width":2560,"height":1440},{"@type":"BreadcrumbList","@id":"https:\/\/www.rollomatic.ch\/de\/produkt\/rpg-ii\/#breadcrumb","itemListElement":[{"@type":"ListItem","position":1,"name":"Home","item":"https:\/\/www.rollomatic.ch\/de\/"},{"@type":"ListItem","position":2,"name":"Katalog","item":"https:\/\/www.rollomatic.ch\/de\/katalog\/"},{"@type":"ListItem","position":3,"name":"RPG II"}]},{"@type":"WebSite","@id":"https:\/\/www.rollomatic.ch\/de\/#website","url":"https:\/\/www.rollomatic.ch\/de\/","name":"Rollomatic","description":"","publisher":{"@id":"https:\/\/www.rollomatic.ch\/de\/#organization"},"potentialAction":[{"@type":"SearchAction","target":{"@type":"EntryPoint","urlTemplate":"https:\/\/www.rollomatic.ch\/de\/?s={search_term_string}"},"query-input":{"@type":"PropertyValueSpecification","valueRequired":true,"valueName":"search_term_string"}}],"inLanguage":"de"},{"@type":"Organization","@id":"https:\/\/www.rollomatic.ch\/de\/#organization","name":"Rollomatic S.A.","url":"https:\/\/www.rollomatic.ch\/de\/","logo":{"@type":"ImageObject","inLanguage":"de","@id":"https:\/\/www.rollomatic.ch\/de\/#\/schema\/logo\/image\/","url":"https:\/\/www.rollomatic.ch\/wp-content\/uploads\/logomark_300.png","contentUrl":"https:\/\/www.rollomatic.ch\/wp-content\/uploads\/logomark_300.png","width":300,"height":169,"caption":"Rollomatic S.A."},"image":{"@id":"https:\/\/www.rollomatic.ch\/de\/#\/schema\/logo\/image\/"},"sameAs":["https:\/\/www.facebook.com\/rollomatic\/","https:\/\/x.com\/rollomatics","https:\/\/www.linkedin.com\/company\/rollomatic-sa\/"]}]}},"_links":{"self":[{"href":"https:\/\/www.rollomatic.ch\/de\/wp-json\/wp\/v2\/product\/32103","targetHints":{"allow":["GET"]}}],"collection":[{"href":"https:\/\/www.rollomatic.ch\/de\/wp-json\/wp\/v2\/product"}],"about":[{"href":"https:\/\/www.rollomatic.ch\/de\/wp-json\/wp\/v2\/types\/product"}],"wp:featuredmedia":[{"embeddable":true,"href":"https:\/\/www.rollomatic.ch\/de\/wp-json\/wp\/v2\/media\/9229"}],"wp:attachment":[{"href":"https:\/\/www.rollomatic.ch\/de\/wp-json\/wp\/v2\/media?parent=32103"}],"wp:term":[{"taxonomy":"industry","embeddable":true,"href":"https:\/\/www.rollomatic.ch\/de\/wp-json\/wp\/v2\/industry?post=32103"},{"taxonomy":"tool-material","embeddable":true,"href":"https:\/\/www.rollomatic.ch\/de\/wp-json\/wp\/v2\/tool-material?post=32103"},{"taxonomy":"tool-range","embeddable":true,"href":"https:\/\/www.rollomatic.ch\/de\/wp-json\/wp\/v2\/tool-range?post=32103"},{"taxonomy":"tool-type","embeddable":true,"href":"https:\/\/www.rollomatic.ch\/de\/wp-json\/wp\/v2\/tool-type?post=32103"},{"taxonomy":"product_brand","embeddable":true,"href":"https:\/\/www.rollomatic.ch\/de\/wp-json\/wp\/v2\/product_brand?post=32103"},{"taxonomy":"product_cat","embeddable":true,"href":"https:\/\/www.rollomatic.ch\/de\/wp-json\/wp\/v2\/product_cat?post=32103"},{"taxonomy":"product_tag","embeddable":true,"href":"https:\/\/www.rollomatic.ch\/de\/wp-json\/wp\/v2\/product_tag?post=32103"}],"curies":[{"name":"wp","href":"https:\/\/api.w.org\/{rel}","templated":true}]}}