{"id":32108,"date":"2020-08-20T19:31:46","date_gmt":"2020-08-20T19:31:46","guid":{"rendered":"https:\/\/www.rollomatic.ch\/product\/shapesmartnp50\/"},"modified":"2025-05-13T12:01:32","modified_gmt":"2025-05-13T12:01:32","slug":"shapesmartnp50","status":"publish","type":"product","link":"https:\/\/www.rollomatic.ch\/de\/produkt\/shapesmartnp50\/","title":{"rendered":"ShapeSmart\u00aeNP50"},"content":{"rendered":"<p>Die ShapeSmart\u00aeNP50 ist eine 5-Achsen-Pr\u00e4zisions-Zylinderschleifmaschine mit integrierter 3-Achsen-Roboterladung und einem Schleifdurchmesser im Bereich von 0,025 \u2013 25 mm (0,001&#8243;\u2013 1&#8243;).<\/p>\n<p>Die ShapeSmart\u00aeNP50 ist ideal f\u00fcr die Vorbereitung von Schneidwerkzeugrohbarren sowie f\u00fcr Stanz- und Formanwendungen, die komplexe Geometrie und hohe L\u00e4nge-zu-Durchmesser-Verh\u00e4ltnisse erfordern.<\/p>\n","protected":false},"excerpt":{"rendered":"<p>Die ShapeSmart\u00aeNP50 ist eine 5-Achsen-Pr\u00e4zisions-Zylinderschleifmaschine mit integrierter 3-Achsen-Roboterladung und einem Schleifdurchmesser im Bereich von 0,025 \u2013 25 mm (0,001&#8243;\u2013 1&#8243;). Die ShapeSmart\u00aeNP50 ist ideal f\u00fcr die Vorbereitung von Schneidwerkzeugrohbarren sowie [&#8230;]\n","protected":false},"featured_media":9225,"template":"","meta":{"_acf_changed":false},"industry":[603,616,618,606],"tool-material":[],"tool-range":[419],"tool-type":[388],"product_brand":[],"product_cat":[524,597,593],"product_tag":[794],"class_list":{"0":"post-32108","1":"product","2":"type-product","3":"status-publish","4":"has-post-thumbnail","6":"industry-medical-de","7":"industry-die-mold-de","8":"industry-punch-de","9":"industry-dental-de","10":"tool-range-0-025-25mm","11":"tool-type-cylindrical-non-round-applications","12":"product_cat-shapesmart-de","13":"product_cat-blank-prep-and-punches-de","14":"product_cat-cylindrical-grinding-de","15":"product_tag-zylindrisches-schleifen","17":"first","18":"instock","19":"shipping-taxable","20":"product-type-simple"},"acf":[],"yoast_head":"<!-- This site is optimized with the Yoast SEO plugin v27.0 - https:\/\/yoast.com\/product\/yoast-seo-wordpress\/ -->\n<title>ShapeSmart\u00aeNP50 - Rollomatic<\/title>\n<meta name=\"description\" content=\"5-Achsen &quot;Pinch\/Peel&quot;-Schleifmaschine mit einer Kapazit\u00e4t von 0,02 mm bis 25,4 mm (0,0008&quot; bis 1&quot;) f\u00fcr runde und nicht-runde Werkzeugrohbarren, Stanzwerkzeuge und Komponenten.\" \/>\n<meta name=\"robots\" content=\"index, follow, max-snippet:-1, max-image-preview:large, max-video-preview:-1\" \/>\n<link rel=\"canonical\" href=\"https:\/\/www.rollomatic.ch\/de\/produkt\/shapesmartnp50\/\" \/>\n<meta property=\"og:locale\" content=\"de_DE\" \/>\n<meta property=\"og:type\" content=\"article\" \/>\n<meta property=\"og:title\" content=\"ShapeSmart\u00aeNP50 - Rollomatic\" \/>\n<meta property=\"og:description\" content=\"5-Achsen &quot;Pinch\/Peel&quot;-Schleifmaschine mit einer Kapazit\u00e4t von 0,02 mm bis 25,4 mm (0,0008&quot; bis 1&quot;) f\u00fcr runde und nicht-runde Werkzeugrohbarren, Stanzwerkzeuge und Komponenten.\" \/>\n<meta property=\"og:url\" content=\"https:\/\/www.rollomatic.ch\/de\/produkt\/shapesmartnp50\/\" \/>\n<meta property=\"og:site_name\" content=\"Rollomatic\" \/>\n<meta property=\"article:publisher\" content=\"https:\/\/www.facebook.com\/rollomatic\/\" \/>\n<meta property=\"article:modified_time\" content=\"2025-05-13T12:01:32+00:00\" \/>\n<meta property=\"og:image\" content=\"https:\/\/www.rollomatic.ch\/wp-content\/uploads\/NP50-SHINY_1.webp\" \/>\n\t<meta property=\"og:image:width\" content=\"2560\" \/>\n\t<meta property=\"og:image:height\" content=\"1440\" \/>\n\t<meta property=\"og:image:type\" content=\"image\/webp\" \/>\n<meta name=\"twitter:card\" content=\"summary_large_image\" \/>\n<meta name=\"twitter:site\" content=\"@rollomatics\" \/>\n<script type=\"application\/ld+json\" class=\"yoast-schema-graph\">{\"@context\":\"https:\/\/schema.org\",\"@graph\":[{\"@type\":\"WebPage\",\"@id\":\"https:\/\/www.rollomatic.ch\/de\/produkt\/shapesmartnp50\/\",\"url\":\"https:\/\/www.rollomatic.ch\/de\/produkt\/shapesmartnp50\/\",\"name\":\"ShapeSmart\u00aeNP50 - Rollomatic\",\"isPartOf\":{\"@id\":\"https:\/\/www.rollomatic.ch\/de\/#website\"},\"primaryImageOfPage\":{\"@id\":\"https:\/\/www.rollomatic.ch\/de\/produkt\/shapesmartnp50\/#primaryimage\"},\"image\":{\"@id\":\"https:\/\/www.rollomatic.ch\/de\/produkt\/shapesmartnp50\/#primaryimage\"},\"thumbnailUrl\":\"https:\/\/www.rollomatic.ch\/wp-content\/uploads\/NP50-SHINY_1.webp\",\"datePublished\":\"2020-08-20T19:31:46+00:00\",\"dateModified\":\"2025-05-13T12:01:32+00:00\",\"description\":\"5-Achsen \\\"Pinch\/Peel\\\"-Schleifmaschine mit einer Kapazit\u00e4t von 0,02 mm bis 25,4 mm (0,0008\\\" bis 1\\\") f\u00fcr runde und nicht-runde Werkzeugrohbarren, Stanzwerkzeuge und Komponenten.\",\"breadcrumb\":{\"@id\":\"https:\/\/www.rollomatic.ch\/de\/produkt\/shapesmartnp50\/#breadcrumb\"},\"inLanguage\":\"de\",\"potentialAction\":[{\"@type\":\"ReadAction\",\"target\":[\"https:\/\/www.rollomatic.ch\/de\/produkt\/shapesmartnp50\/\"]}]},{\"@type\":\"ImageObject\",\"inLanguage\":\"de\",\"@id\":\"https:\/\/www.rollomatic.ch\/de\/produkt\/shapesmartnp50\/#primaryimage\",\"url\":\"https:\/\/www.rollomatic.ch\/wp-content\/uploads\/NP50-SHINY_1.webp\",\"contentUrl\":\"https:\/\/www.rollomatic.ch\/wp-content\/uploads\/NP50-SHINY_1.webp\",\"width\":2560,\"height\":1440},{\"@type\":\"BreadcrumbList\",\"@id\":\"https:\/\/www.rollomatic.ch\/de\/produkt\/shapesmartnp50\/#breadcrumb\",\"itemListElement\":[{\"@type\":\"ListItem\",\"position\":1,\"name\":\"Home\",\"item\":\"https:\/\/www.rollomatic.ch\/de\/\"},{\"@type\":\"ListItem\",\"position\":2,\"name\":\"Katalog\",\"item\":\"https:\/\/www.rollomatic.ch\/de\/katalog\/\"},{\"@type\":\"ListItem\",\"position\":3,\"name\":\"ShapeSmart\u00aeNP50\"}]},{\"@type\":\"WebSite\",\"@id\":\"https:\/\/www.rollomatic.ch\/de\/#website\",\"url\":\"https:\/\/www.rollomatic.ch\/de\/\",\"name\":\"Rollomatic\",\"description\":\"\",\"publisher\":{\"@id\":\"https:\/\/www.rollomatic.ch\/de\/#organization\"},\"potentialAction\":[{\"@type\":\"SearchAction\",\"target\":{\"@type\":\"EntryPoint\",\"urlTemplate\":\"https:\/\/www.rollomatic.ch\/de\/?s={search_term_string}\"},\"query-input\":{\"@type\":\"PropertyValueSpecification\",\"valueRequired\":true,\"valueName\":\"search_term_string\"}}],\"inLanguage\":\"de\"},{\"@type\":\"Organization\",\"@id\":\"https:\/\/www.rollomatic.ch\/de\/#organization\",\"name\":\"Rollomatic S.A.\",\"url\":\"https:\/\/www.rollomatic.ch\/de\/\",\"logo\":{\"@type\":\"ImageObject\",\"inLanguage\":\"de\",\"@id\":\"https:\/\/www.rollomatic.ch\/de\/#\/schema\/logo\/image\/\",\"url\":\"https:\/\/www.rollomatic.ch\/wp-content\/uploads\/logomark_300.png\",\"contentUrl\":\"https:\/\/www.rollomatic.ch\/wp-content\/uploads\/logomark_300.png\",\"width\":300,\"height\":169,\"caption\":\"Rollomatic S.A.\"},\"image\":{\"@id\":\"https:\/\/www.rollomatic.ch\/de\/#\/schema\/logo\/image\/\"},\"sameAs\":[\"https:\/\/www.facebook.com\/rollomatic\/\",\"https:\/\/x.com\/rollomatics\",\"https:\/\/www.linkedin.com\/company\/rollomatic-sa\/\"]}]}<\/script>\n<!-- \/ Yoast SEO plugin. -->","yoast_head_json":{"title":"ShapeSmart\u00aeNP50 - Rollomatic","description":"5-Achsen \"Pinch\/Peel\"-Schleifmaschine mit einer Kapazit\u00e4t von 0,02 mm bis 25,4 mm (0,0008\" bis 1\") f\u00fcr runde und nicht-runde Werkzeugrohbarren, Stanzwerkzeuge und Komponenten.","robots":{"index":"index","follow":"follow","max-snippet":"max-snippet:-1","max-image-preview":"max-image-preview:large","max-video-preview":"max-video-preview:-1"},"canonical":"https:\/\/www.rollomatic.ch\/de\/produkt\/shapesmartnp50\/","og_locale":"de_DE","og_type":"article","og_title":"ShapeSmart\u00aeNP50 - Rollomatic","og_description":"5-Achsen \"Pinch\/Peel\"-Schleifmaschine mit einer Kapazit\u00e4t von 0,02 mm bis 25,4 mm (0,0008\" bis 1\") f\u00fcr runde und nicht-runde Werkzeugrohbarren, Stanzwerkzeuge und Komponenten.","og_url":"https:\/\/www.rollomatic.ch\/de\/produkt\/shapesmartnp50\/","og_site_name":"Rollomatic","article_publisher":"https:\/\/www.facebook.com\/rollomatic\/","article_modified_time":"2025-05-13T12:01:32+00:00","og_image":[{"width":2560,"height":1440,"url":"https:\/\/www.rollomatic.ch\/wp-content\/uploads\/NP50-SHINY_1.webp","type":"image\/webp"}],"twitter_card":"summary_large_image","twitter_site":"@rollomatics","schema":{"@context":"https:\/\/schema.org","@graph":[{"@type":"WebPage","@id":"https:\/\/www.rollomatic.ch\/de\/produkt\/shapesmartnp50\/","url":"https:\/\/www.rollomatic.ch\/de\/produkt\/shapesmartnp50\/","name":"ShapeSmart\u00aeNP50 - Rollomatic","isPartOf":{"@id":"https:\/\/www.rollomatic.ch\/de\/#website"},"primaryImageOfPage":{"@id":"https:\/\/www.rollomatic.ch\/de\/produkt\/shapesmartnp50\/#primaryimage"},"image":{"@id":"https:\/\/www.rollomatic.ch\/de\/produkt\/shapesmartnp50\/#primaryimage"},"thumbnailUrl":"https:\/\/www.rollomatic.ch\/wp-content\/uploads\/NP50-SHINY_1.webp","datePublished":"2020-08-20T19:31:46+00:00","dateModified":"2025-05-13T12:01:32+00:00","description":"5-Achsen \"Pinch\/Peel\"-Schleifmaschine mit einer Kapazit\u00e4t von 0,02 mm bis 25,4 mm (0,0008\" bis 1\") f\u00fcr runde und nicht-runde Werkzeugrohbarren, Stanzwerkzeuge und Komponenten.","breadcrumb":{"@id":"https:\/\/www.rollomatic.ch\/de\/produkt\/shapesmartnp50\/#breadcrumb"},"inLanguage":"de","potentialAction":[{"@type":"ReadAction","target":["https:\/\/www.rollomatic.ch\/de\/produkt\/shapesmartnp50\/"]}]},{"@type":"ImageObject","inLanguage":"de","@id":"https:\/\/www.rollomatic.ch\/de\/produkt\/shapesmartnp50\/#primaryimage","url":"https:\/\/www.rollomatic.ch\/wp-content\/uploads\/NP50-SHINY_1.webp","contentUrl":"https:\/\/www.rollomatic.ch\/wp-content\/uploads\/NP50-SHINY_1.webp","width":2560,"height":1440},{"@type":"BreadcrumbList","@id":"https:\/\/www.rollomatic.ch\/de\/produkt\/shapesmartnp50\/#breadcrumb","itemListElement":[{"@type":"ListItem","position":1,"name":"Home","item":"https:\/\/www.rollomatic.ch\/de\/"},{"@type":"ListItem","position":2,"name":"Katalog","item":"https:\/\/www.rollomatic.ch\/de\/katalog\/"},{"@type":"ListItem","position":3,"name":"ShapeSmart\u00aeNP50"}]},{"@type":"WebSite","@id":"https:\/\/www.rollomatic.ch\/de\/#website","url":"https:\/\/www.rollomatic.ch\/de\/","name":"Rollomatic","description":"","publisher":{"@id":"https:\/\/www.rollomatic.ch\/de\/#organization"},"potentialAction":[{"@type":"SearchAction","target":{"@type":"EntryPoint","urlTemplate":"https:\/\/www.rollomatic.ch\/de\/?s={search_term_string}"},"query-input":{"@type":"PropertyValueSpecification","valueRequired":true,"valueName":"search_term_string"}}],"inLanguage":"de"},{"@type":"Organization","@id":"https:\/\/www.rollomatic.ch\/de\/#organization","name":"Rollomatic S.A.","url":"https:\/\/www.rollomatic.ch\/de\/","logo":{"@type":"ImageObject","inLanguage":"de","@id":"https:\/\/www.rollomatic.ch\/de\/#\/schema\/logo\/image\/","url":"https:\/\/www.rollomatic.ch\/wp-content\/uploads\/logomark_300.png","contentUrl":"https:\/\/www.rollomatic.ch\/wp-content\/uploads\/logomark_300.png","width":300,"height":169,"caption":"Rollomatic S.A."},"image":{"@id":"https:\/\/www.rollomatic.ch\/de\/#\/schema\/logo\/image\/"},"sameAs":["https:\/\/www.facebook.com\/rollomatic\/","https:\/\/x.com\/rollomatics","https:\/\/www.linkedin.com\/company\/rollomatic-sa\/"]}]}},"_links":{"self":[{"href":"https:\/\/www.rollomatic.ch\/de\/wp-json\/wp\/v2\/product\/32108","targetHints":{"allow":["GET"]}}],"collection":[{"href":"https:\/\/www.rollomatic.ch\/de\/wp-json\/wp\/v2\/product"}],"about":[{"href":"https:\/\/www.rollomatic.ch\/de\/wp-json\/wp\/v2\/types\/product"}],"wp:featuredmedia":[{"embeddable":true,"href":"https:\/\/www.rollomatic.ch\/de\/wp-json\/wp\/v2\/media\/9225"}],"wp:attachment":[{"href":"https:\/\/www.rollomatic.ch\/de\/wp-json\/wp\/v2\/media?parent=32108"}],"wp:term":[{"taxonomy":"industry","embeddable":true,"href":"https:\/\/www.rollomatic.ch\/de\/wp-json\/wp\/v2\/industry?post=32108"},{"taxonomy":"tool-material","embeddable":true,"href":"https:\/\/www.rollomatic.ch\/de\/wp-json\/wp\/v2\/tool-material?post=32108"},{"taxonomy":"tool-range","embeddable":true,"href":"https:\/\/www.rollomatic.ch\/de\/wp-json\/wp\/v2\/tool-range?post=32108"},{"taxonomy":"tool-type","embeddable":true,"href":"https:\/\/www.rollomatic.ch\/de\/wp-json\/wp\/v2\/tool-type?post=32108"},{"taxonomy":"product_brand","embeddable":true,"href":"https:\/\/www.rollomatic.ch\/de\/wp-json\/wp\/v2\/product_brand?post=32108"},{"taxonomy":"product_cat","embeddable":true,"href":"https:\/\/www.rollomatic.ch\/de\/wp-json\/wp\/v2\/product_cat?post=32108"},{"taxonomy":"product_tag","embeddable":true,"href":"https:\/\/www.rollomatic.ch\/de\/wp-json\/wp\/v2\/product_tag?post=32108"}],"curies":[{"name":"wp","href":"https:\/\/api.w.org\/{rel}","templated":true}]}}