{"id":32407,"date":"2024-04-03T10:35:36","date_gmt":"2025-04-09T08:03:26","guid":{"rendered":"https:\/\/www.rollomatic.ch\/product\/p4smart\/"},"modified":"2025-05-13T12:00:13","modified_gmt":"2025-05-13T12:00:13","slug":"p4smart","status":"publish","type":"product","link":"https:\/\/www.rollomatic.ch\/de\/produkt\/p4smart\/","title":{"rendered":"P4Smart\u00ae"},"content":{"rendered":"<h3 class=\"lead\">Benutzerfreundliche Offline-Software f\u00fcr das Schleifen von Profilen.<\/h3>\n<p>P4Smart<sup>\u00ae<\/sup> ist eine Offline-Software zur Programmierung und Simulation, um das zu schleifende Profil zu erzeugen. Die Software erzeugt automatisch die Schleifbahn sowohl f\u00fcr den Schruppgang als auch f\u00fcr den Schlichtdurchgang. Mehrfachdurchg\u00e4nge k\u00f6nnen leicht programmiert werden, um maximale Flexibilit\u00e4t zu gew\u00e4hrleisten.<\/p>\n<p>P4Smart<sup>\u00ae<\/sup> ist ein hoch benutzerfreundliches System, das sehr schnell erlernt und genutzt werden kann. Die Software erm\u00f6glicht auch das Importieren von DXF-Dateien zur Erzeugung der Schleifbahn f\u00fcr die R\u00e4der. Praktische Dropdown-Men\u00fcs erlauben das Bearbeiten von Programmtext und das grafische \u00dcberpr\u00fcfen der Bewegung beider Schleifscheiben w\u00e4hrend der Bearbeitung.<\/p>\n<p>Diese F\u00e4higkeit, das Programm Merkmal f\u00fcr Merkmal zu bearbeiten, erm\u00f6glicht es dem Bediener, Abmessungen w\u00e4hrend des Setups einzustellen und Anpassungen an einem Teil des Programms vorzunehmen, ohne andere zu beeintr\u00e4chtigen.<\/p>\n","protected":false},"excerpt":{"rendered":"<p>Benutzerfreundliche Offline-Software f\u00fcr das Schleifen von Profilen. P4Smart\u00ae ist eine Offline-Software zur Programmierung und Simulation, um das zu schleifende Profil zu erzeugen. Die Software erzeugt automatisch die Schleifbahn sowohl f\u00fcr [&#8230;]\n","protected":false},"featured_media":8221,"template":"","meta":{"_acf_changed":false},"industry":[],"tool-material":[],"tool-range":[],"tool-type":[],"product_brand":[],"product_cat":[502],"product_tag":[],"class_list":{"0":"post-32407","1":"product","2":"type-product","3":"status-publish","4":"has-post-thumbnail","6":"product_cat-software-de","8":"first","9":"instock","10":"shipping-taxable","11":"product-type-simple"},"acf":[],"yoast_head":"<!-- This site is optimized with the Yoast SEO plugin v27.0 - https:\/\/yoast.com\/product\/yoast-seo-wordpress\/ -->\n<title>P4Smart\u00ae - Rollomatic<\/title>\n<meta name=\"robots\" content=\"index, follow, max-snippet:-1, max-image-preview:large, max-video-preview:-1\" \/>\n<link rel=\"canonical\" href=\"https:\/\/www.rollomatic.ch\/de\/produkt\/p4smart\/\" \/>\n<meta property=\"og:locale\" content=\"de_DE\" \/>\n<meta property=\"og:type\" content=\"article\" \/>\n<meta property=\"og:title\" content=\"P4Smart\u00ae - Rollomatic\" \/>\n<meta property=\"og:description\" content=\"Benutzerfreundliche Offline-Software f\u00fcr das Schleifen von Profilen. P4Smart\u00ae ist eine Offline-Software zur Programmierung und Simulation, um das zu schleifende Profil zu erzeugen. Die Software erzeugt automatisch die Schleifbahn sowohl f\u00fcr [...]\" \/>\n<meta property=\"og:url\" content=\"https:\/\/www.rollomatic.ch\/de\/produkt\/p4smart\/\" \/>\n<meta property=\"og:site_name\" content=\"Rollomatic\" \/>\n<meta property=\"article:publisher\" content=\"https:\/\/www.facebook.com\/rollomatic\/\" \/>\n<meta property=\"article:modified_time\" content=\"2025-05-13T12:00:13+00:00\" \/>\n<meta property=\"og:image\" content=\"https:\/\/www.rollomatic.ch\/wp-content\/uploads\/Software-Box_P4Smart_c85.jpg\" \/>\n\t<meta property=\"og:image:width\" content=\"870\" \/>\n\t<meta property=\"og:image:height\" content=\"652\" \/>\n\t<meta property=\"og:image:type\" content=\"image\/jpeg\" \/>\n<meta name=\"twitter:card\" content=\"summary_large_image\" \/>\n<meta name=\"twitter:site\" content=\"@rollomatics\" \/>\n<meta name=\"twitter:label1\" content=\"Gesch\u00e4tzte Lesezeit\" \/>\n\t<meta name=\"twitter:data1\" content=\"1\u00a0Minute\" \/>\n<script type=\"application\/ld+json\" class=\"yoast-schema-graph\">{\"@context\":\"https:\/\/schema.org\",\"@graph\":[{\"@type\":\"WebPage\",\"@id\":\"https:\/\/www.rollomatic.ch\/de\/produkt\/p4smart\/\",\"url\":\"https:\/\/www.rollomatic.ch\/de\/produkt\/p4smart\/\",\"name\":\"P4Smart\u00ae - Rollomatic\",\"isPartOf\":{\"@id\":\"https:\/\/www.rollomatic.ch\/de\/#website\"},\"primaryImageOfPage\":{\"@id\":\"https:\/\/www.rollomatic.ch\/de\/produkt\/p4smart\/#primaryimage\"},\"image\":{\"@id\":\"https:\/\/www.rollomatic.ch\/de\/produkt\/p4smart\/#primaryimage\"},\"thumbnailUrl\":\"https:\/\/www.rollomatic.ch\/wp-content\/uploads\/Software-Box_P4Smart_c85.jpg\",\"datePublished\":\"2025-04-09T08:03:26+00:00\",\"dateModified\":\"2025-05-13T12:00:13+00:00\",\"breadcrumb\":{\"@id\":\"https:\/\/www.rollomatic.ch\/de\/produkt\/p4smart\/#breadcrumb\"},\"inLanguage\":\"de\",\"potentialAction\":[{\"@type\":\"ReadAction\",\"target\":[\"https:\/\/www.rollomatic.ch\/de\/produkt\/p4smart\/\"]}]},{\"@type\":\"ImageObject\",\"inLanguage\":\"de\",\"@id\":\"https:\/\/www.rollomatic.ch\/de\/produkt\/p4smart\/#primaryimage\",\"url\":\"https:\/\/www.rollomatic.ch\/wp-content\/uploads\/Software-Box_P4Smart_c85.jpg\",\"contentUrl\":\"https:\/\/www.rollomatic.ch\/wp-content\/uploads\/Software-Box_P4Smart_c85.jpg\",\"width\":870,\"height\":652},{\"@type\":\"BreadcrumbList\",\"@id\":\"https:\/\/www.rollomatic.ch\/de\/produkt\/p4smart\/#breadcrumb\",\"itemListElement\":[{\"@type\":\"ListItem\",\"position\":1,\"name\":\"Home\",\"item\":\"https:\/\/www.rollomatic.ch\/de\/\"},{\"@type\":\"ListItem\",\"position\":2,\"name\":\"Katalog\",\"item\":\"https:\/\/www.rollomatic.ch\/de\/katalog\/\"},{\"@type\":\"ListItem\",\"position\":3,\"name\":\"P4Smart\u00ae\"}]},{\"@type\":\"WebSite\",\"@id\":\"https:\/\/www.rollomatic.ch\/de\/#website\",\"url\":\"https:\/\/www.rollomatic.ch\/de\/\",\"name\":\"Rollomatic\",\"description\":\"\",\"publisher\":{\"@id\":\"https:\/\/www.rollomatic.ch\/de\/#organization\"},\"potentialAction\":[{\"@type\":\"SearchAction\",\"target\":{\"@type\":\"EntryPoint\",\"urlTemplate\":\"https:\/\/www.rollomatic.ch\/de\/?s={search_term_string}\"},\"query-input\":{\"@type\":\"PropertyValueSpecification\",\"valueRequired\":true,\"valueName\":\"search_term_string\"}}],\"inLanguage\":\"de\"},{\"@type\":\"Organization\",\"@id\":\"https:\/\/www.rollomatic.ch\/de\/#organization\",\"name\":\"Rollomatic S.A.\",\"url\":\"https:\/\/www.rollomatic.ch\/de\/\",\"logo\":{\"@type\":\"ImageObject\",\"inLanguage\":\"de\",\"@id\":\"https:\/\/www.rollomatic.ch\/de\/#\/schema\/logo\/image\/\",\"url\":\"https:\/\/www.rollomatic.ch\/wp-content\/uploads\/logomark_300.png\",\"contentUrl\":\"https:\/\/www.rollomatic.ch\/wp-content\/uploads\/logomark_300.png\",\"width\":300,\"height\":169,\"caption\":\"Rollomatic S.A.\"},\"image\":{\"@id\":\"https:\/\/www.rollomatic.ch\/de\/#\/schema\/logo\/image\/\"},\"sameAs\":[\"https:\/\/www.facebook.com\/rollomatic\/\",\"https:\/\/x.com\/rollomatics\",\"https:\/\/www.linkedin.com\/company\/rollomatic-sa\/\"]}]}<\/script>\n<!-- \/ Yoast SEO plugin. -->","yoast_head_json":{"title":"P4Smart\u00ae - Rollomatic","robots":{"index":"index","follow":"follow","max-snippet":"max-snippet:-1","max-image-preview":"max-image-preview:large","max-video-preview":"max-video-preview:-1"},"canonical":"https:\/\/www.rollomatic.ch\/de\/produkt\/p4smart\/","og_locale":"de_DE","og_type":"article","og_title":"P4Smart\u00ae - Rollomatic","og_description":"Benutzerfreundliche Offline-Software f\u00fcr das Schleifen von Profilen. P4Smart\u00ae ist eine Offline-Software zur Programmierung und Simulation, um das zu schleifende Profil zu erzeugen. Die Software erzeugt automatisch die Schleifbahn sowohl f\u00fcr [...]","og_url":"https:\/\/www.rollomatic.ch\/de\/produkt\/p4smart\/","og_site_name":"Rollomatic","article_publisher":"https:\/\/www.facebook.com\/rollomatic\/","article_modified_time":"2025-05-13T12:00:13+00:00","og_image":[{"width":870,"height":652,"url":"https:\/\/www.rollomatic.ch\/wp-content\/uploads\/Software-Box_P4Smart_c85.jpg","type":"image\/jpeg"}],"twitter_card":"summary_large_image","twitter_site":"@rollomatics","twitter_misc":{"Gesch\u00e4tzte Lesezeit":"1\u00a0Minute"},"schema":{"@context":"https:\/\/schema.org","@graph":[{"@type":"WebPage","@id":"https:\/\/www.rollomatic.ch\/de\/produkt\/p4smart\/","url":"https:\/\/www.rollomatic.ch\/de\/produkt\/p4smart\/","name":"P4Smart\u00ae - Rollomatic","isPartOf":{"@id":"https:\/\/www.rollomatic.ch\/de\/#website"},"primaryImageOfPage":{"@id":"https:\/\/www.rollomatic.ch\/de\/produkt\/p4smart\/#primaryimage"},"image":{"@id":"https:\/\/www.rollomatic.ch\/de\/produkt\/p4smart\/#primaryimage"},"thumbnailUrl":"https:\/\/www.rollomatic.ch\/wp-content\/uploads\/Software-Box_P4Smart_c85.jpg","datePublished":"2025-04-09T08:03:26+00:00","dateModified":"2025-05-13T12:00:13+00:00","breadcrumb":{"@id":"https:\/\/www.rollomatic.ch\/de\/produkt\/p4smart\/#breadcrumb"},"inLanguage":"de","potentialAction":[{"@type":"ReadAction","target":["https:\/\/www.rollomatic.ch\/de\/produkt\/p4smart\/"]}]},{"@type":"ImageObject","inLanguage":"de","@id":"https:\/\/www.rollomatic.ch\/de\/produkt\/p4smart\/#primaryimage","url":"https:\/\/www.rollomatic.ch\/wp-content\/uploads\/Software-Box_P4Smart_c85.jpg","contentUrl":"https:\/\/www.rollomatic.ch\/wp-content\/uploads\/Software-Box_P4Smart_c85.jpg","width":870,"height":652},{"@type":"BreadcrumbList","@id":"https:\/\/www.rollomatic.ch\/de\/produkt\/p4smart\/#breadcrumb","itemListElement":[{"@type":"ListItem","position":1,"name":"Home","item":"https:\/\/www.rollomatic.ch\/de\/"},{"@type":"ListItem","position":2,"name":"Katalog","item":"https:\/\/www.rollomatic.ch\/de\/katalog\/"},{"@type":"ListItem","position":3,"name":"P4Smart\u00ae"}]},{"@type":"WebSite","@id":"https:\/\/www.rollomatic.ch\/de\/#website","url":"https:\/\/www.rollomatic.ch\/de\/","name":"Rollomatic","description":"","publisher":{"@id":"https:\/\/www.rollomatic.ch\/de\/#organization"},"potentialAction":[{"@type":"SearchAction","target":{"@type":"EntryPoint","urlTemplate":"https:\/\/www.rollomatic.ch\/de\/?s={search_term_string}"},"query-input":{"@type":"PropertyValueSpecification","valueRequired":true,"valueName":"search_term_string"}}],"inLanguage":"de"},{"@type":"Organization","@id":"https:\/\/www.rollomatic.ch\/de\/#organization","name":"Rollomatic S.A.","url":"https:\/\/www.rollomatic.ch\/de\/","logo":{"@type":"ImageObject","inLanguage":"de","@id":"https:\/\/www.rollomatic.ch\/de\/#\/schema\/logo\/image\/","url":"https:\/\/www.rollomatic.ch\/wp-content\/uploads\/logomark_300.png","contentUrl":"https:\/\/www.rollomatic.ch\/wp-content\/uploads\/logomark_300.png","width":300,"height":169,"caption":"Rollomatic S.A."},"image":{"@id":"https:\/\/www.rollomatic.ch\/de\/#\/schema\/logo\/image\/"},"sameAs":["https:\/\/www.facebook.com\/rollomatic\/","https:\/\/x.com\/rollomatics","https:\/\/www.linkedin.com\/company\/rollomatic-sa\/"]}]}},"_links":{"self":[{"href":"https:\/\/www.rollomatic.ch\/de\/wp-json\/wp\/v2\/product\/32407","targetHints":{"allow":["GET"]}}],"collection":[{"href":"https:\/\/www.rollomatic.ch\/de\/wp-json\/wp\/v2\/product"}],"about":[{"href":"https:\/\/www.rollomatic.ch\/de\/wp-json\/wp\/v2\/types\/product"}],"wp:featuredmedia":[{"embeddable":true,"href":"https:\/\/www.rollomatic.ch\/de\/wp-json\/wp\/v2\/media\/8221"}],"wp:attachment":[{"href":"https:\/\/www.rollomatic.ch\/de\/wp-json\/wp\/v2\/media?parent=32407"}],"wp:term":[{"taxonomy":"industry","embeddable":true,"href":"https:\/\/www.rollomatic.ch\/de\/wp-json\/wp\/v2\/industry?post=32407"},{"taxonomy":"tool-material","embeddable":true,"href":"https:\/\/www.rollomatic.ch\/de\/wp-json\/wp\/v2\/tool-material?post=32407"},{"taxonomy":"tool-range","embeddable":true,"href":"https:\/\/www.rollomatic.ch\/de\/wp-json\/wp\/v2\/tool-range?post=32407"},{"taxonomy":"tool-type","embeddable":true,"href":"https:\/\/www.rollomatic.ch\/de\/wp-json\/wp\/v2\/tool-type?post=32407"},{"taxonomy":"product_brand","embeddable":true,"href":"https:\/\/www.rollomatic.ch\/de\/wp-json\/wp\/v2\/product_brand?post=32407"},{"taxonomy":"product_cat","embeddable":true,"href":"https:\/\/www.rollomatic.ch\/de\/wp-json\/wp\/v2\/product_cat?post=32407"},{"taxonomy":"product_tag","embeddable":true,"href":"https:\/\/www.rollomatic.ch\/de\/wp-json\/wp\/v2\/product_tag?post=32407"}],"curies":[{"name":"wp","href":"https:\/\/api.w.org\/{rel}","templated":true}]}}