{"id":32571,"date":"2024-05-28T13:53:17","date_gmt":"2024-05-28T13:53:17","guid":{"rendered":"https:\/\/www.rollomatic.ch\/product\/grindsmart630rw\/"},"modified":"2025-05-13T12:02:11","modified_gmt":"2025-05-13T12:02:11","slug":"grindsmart630rw","status":"publish","type":"product","link":"https:\/\/www.rollomatic.ch\/de\/produkt\/grindsmart630rw\/","title":{"rendered":"GrindSmart\u00ae630RW"},"content":{"rendered":"<p>Um die steigenden Anforderungen der Medizintechnikbranche zu erf\u00fcllen, stellt Rollomatic eine Evolution seiner Flaggschiff-Reihe GrindSmart\u00ae630 vor, die jetzt einen 6-Achsen-Fanuc-Roboter umfasst, der noch mehr Flexibilit\u00e4t bietet und das Laden von Werkzeugen mit einer Gesamtl\u00e4nge bis zu 500,0 mm erm\u00f6glicht.<\/p>\n<p>Die GrindSmart\u00ae630RW3, RW und RS hochpr\u00e4zisen 6-Achsen-Schleifmaschinen sind ideal, um lange Bohrer zu produzieren, insbesondere im medizinischen Bereich. Dank ihrer innovativen Kinematik sind diese neuen Maschinenmodelle perfekt geeignet, um eine Vielzahl von Anwendungen mit Durchmessern von 0,1 bis 20,0 mm sowohl f\u00fcr gro\u00dfe als auch kleine Produktionsl\u00e4ufe abzudecken.<\/p>\n<p>Die Schleifer der GrindSmart\u00ae-Reihe sind mit Linearmotoren und rotatorischen Torquemotoren ausgestattet, die eine verbesserte Oberfl\u00e4chenbeschaffenheit bieten. In Kombination mit der synchronen Spindel gew\u00e4hrleistet diese Technologie eine konstante Drehgeschwindigkeit, unabh\u00e4ngig von der Motorlast, f\u00fcr gleichm\u00e4\u00dfige Oberfl\u00e4chen. Die Verwendung derselben K\u00fchlschmierstoffe zum K\u00fchlen der Linearmotoren und zum Schleifen erm\u00f6glicht eine leistungsstarke Produktion bei konstanter Temperatur, ohne zus\u00e4tzlichen Energieverbrauch.<\/p>\n","protected":false},"excerpt":{"rendered":"<p>Um die steigenden Anforderungen der Medizintechnikbranche zu erf\u00fcllen, stellt Rollomatic eine Evolution seiner Flaggschiff-Reihe GrindSmart\u00ae630 vor, die jetzt einen 6-Achsen-Fanuc-Roboter umfasst, der noch mehr Flexibilit\u00e4t bietet und das Laden von [&#8230;]\n","protected":false},"featured_media":11535,"template":"","meta":{"_acf_changed":false},"industry":[624,603],"tool-material":[],"tool-range":[],"tool-type":[],"product_brand":[],"product_cat":[518,521,561,562],"product_tag":[563],"class_list":{"0":"post-32571","1":"product","2":"type-product","3":"status-publish","4":"has-post-thumbnail","6":"industry-custom-applications-de","7":"industry-medical-de","8":"product_cat-grindsmart-de","9":"product_cat-inserts-and-boring-bars-de","10":"product_cat-rotary-cutting-tools-de","11":"product_cat-cutting-tool-grinding-de","12":"product_tag-cutting-tool-grinding-de","14":"first","15":"instock","16":"shipping-taxable","17":"product-type-simple"},"acf":[],"yoast_head":"<!-- This site is optimized with the Yoast SEO plugin v27.0 - https:\/\/yoast.com\/product\/yoast-seo-wordpress\/ -->\n<title>GrindSmart\u00ae630RW - Rollomatic<\/title>\n<meta name=\"description\" content=\"Komplette 6\u2010Achsen-Werkzeugschleifmaschine zum Produktionsschleifen und f\u00fcr Kleinproduktionen schleifbarer rotierender und station\u00e4rer Schneidwerkzeuge von 0,1 mm bis 20 mm (.004\u201d bis \u00be\u201d)\" \/>\n<meta name=\"robots\" content=\"index, follow, max-snippet:-1, max-image-preview:large, max-video-preview:-1\" \/>\n<link rel=\"canonical\" href=\"https:\/\/www.rollomatic.ch\/de\/produkt\/grindsmart630rw\/\" \/>\n<meta property=\"og:locale\" content=\"de_DE\" \/>\n<meta property=\"og:type\" content=\"article\" \/>\n<meta property=\"og:title\" content=\"GrindSmart\u00ae630RW - Rollomatic\" \/>\n<meta property=\"og:description\" content=\"Komplette 6\u2010Achsen-Werkzeugschleifmaschine zum Produktionsschleifen und f\u00fcr Kleinproduktionen schleifbarer rotierender und station\u00e4rer Schneidwerkzeuge von 0,1 mm bis 20 mm (.004\u201d bis \u00be\u201d)\" \/>\n<meta property=\"og:url\" content=\"https:\/\/www.rollomatic.ch\/de\/produkt\/grindsmart630rw\/\" \/>\n<meta property=\"og:site_name\" content=\"Rollomatic\" \/>\n<meta property=\"article:publisher\" content=\"https:\/\/www.facebook.com\/rollomatic\/\" \/>\n<meta property=\"article:modified_time\" content=\"2025-05-13T12:02:11+00:00\" \/>\n<meta property=\"og:image\" content=\"https:\/\/www.rollomatic.ch\/wp-content\/uploads\/630RW-SHINY_1.webp\" \/>\n\t<meta property=\"og:image:width\" content=\"2560\" \/>\n\t<meta property=\"og:image:height\" content=\"1440\" \/>\n\t<meta property=\"og:image:type\" content=\"image\/webp\" \/>\n<meta name=\"twitter:card\" content=\"summary_large_image\" \/>\n<meta name=\"twitter:site\" content=\"@rollomatics\" \/>\n<meta name=\"twitter:label1\" content=\"Gesch\u00e4tzte Lesezeit\" \/>\n\t<meta name=\"twitter:data1\" content=\"1\u00a0Minute\" \/>\n<script type=\"application\/ld+json\" class=\"yoast-schema-graph\">{\"@context\":\"https:\/\/schema.org\",\"@graph\":[{\"@type\":\"WebPage\",\"@id\":\"https:\/\/www.rollomatic.ch\/de\/produkt\/grindsmart630rw\/\",\"url\":\"https:\/\/www.rollomatic.ch\/de\/produkt\/grindsmart630rw\/\",\"name\":\"GrindSmart\u00ae630RW - Rollomatic\",\"isPartOf\":{\"@id\":\"https:\/\/www.rollomatic.ch\/de\/#website\"},\"primaryImageOfPage\":{\"@id\":\"https:\/\/www.rollomatic.ch\/de\/produkt\/grindsmart630rw\/#primaryimage\"},\"image\":{\"@id\":\"https:\/\/www.rollomatic.ch\/de\/produkt\/grindsmart630rw\/#primaryimage\"},\"thumbnailUrl\":\"https:\/\/www.rollomatic.ch\/wp-content\/uploads\/630RW-SHINY_1.webp\",\"datePublished\":\"2024-05-28T13:53:17+00:00\",\"dateModified\":\"2025-05-13T12:02:11+00:00\",\"description\":\"Komplette 6\u2010Achsen-Werkzeugschleifmaschine zum Produktionsschleifen und f\u00fcr Kleinproduktionen schleifbarer rotierender und station\u00e4rer Schneidwerkzeuge von 0,1 mm bis 20 mm (.004\u201d bis \u00be\u201d)\",\"breadcrumb\":{\"@id\":\"https:\/\/www.rollomatic.ch\/de\/produkt\/grindsmart630rw\/#breadcrumb\"},\"inLanguage\":\"de\",\"potentialAction\":[{\"@type\":\"ReadAction\",\"target\":[\"https:\/\/www.rollomatic.ch\/de\/produkt\/grindsmart630rw\/\"]}]},{\"@type\":\"ImageObject\",\"inLanguage\":\"de\",\"@id\":\"https:\/\/www.rollomatic.ch\/de\/produkt\/grindsmart630rw\/#primaryimage\",\"url\":\"https:\/\/www.rollomatic.ch\/wp-content\/uploads\/630RW-SHINY_1.webp\",\"contentUrl\":\"https:\/\/www.rollomatic.ch\/wp-content\/uploads\/630RW-SHINY_1.webp\",\"width\":2560,\"height\":1440},{\"@type\":\"BreadcrumbList\",\"@id\":\"https:\/\/www.rollomatic.ch\/de\/produkt\/grindsmart630rw\/#breadcrumb\",\"itemListElement\":[{\"@type\":\"ListItem\",\"position\":1,\"name\":\"Home\",\"item\":\"https:\/\/www.rollomatic.ch\/de\/\"},{\"@type\":\"ListItem\",\"position\":2,\"name\":\"Katalog\",\"item\":\"https:\/\/www.rollomatic.ch\/de\/katalog\/\"},{\"@type\":\"ListItem\",\"position\":3,\"name\":\"GrindSmart\u00ae630RW\"}]},{\"@type\":\"WebSite\",\"@id\":\"https:\/\/www.rollomatic.ch\/de\/#website\",\"url\":\"https:\/\/www.rollomatic.ch\/de\/\",\"name\":\"Rollomatic\",\"description\":\"\",\"publisher\":{\"@id\":\"https:\/\/www.rollomatic.ch\/de\/#organization\"},\"potentialAction\":[{\"@type\":\"SearchAction\",\"target\":{\"@type\":\"EntryPoint\",\"urlTemplate\":\"https:\/\/www.rollomatic.ch\/de\/?s={search_term_string}\"},\"query-input\":{\"@type\":\"PropertyValueSpecification\",\"valueRequired\":true,\"valueName\":\"search_term_string\"}}],\"inLanguage\":\"de\"},{\"@type\":\"Organization\",\"@id\":\"https:\/\/www.rollomatic.ch\/de\/#organization\",\"name\":\"Rollomatic S.A.\",\"url\":\"https:\/\/www.rollomatic.ch\/de\/\",\"logo\":{\"@type\":\"ImageObject\",\"inLanguage\":\"de\",\"@id\":\"https:\/\/www.rollomatic.ch\/de\/#\/schema\/logo\/image\/\",\"url\":\"https:\/\/www.rollomatic.ch\/wp-content\/uploads\/logomark_300.png\",\"contentUrl\":\"https:\/\/www.rollomatic.ch\/wp-content\/uploads\/logomark_300.png\",\"width\":300,\"height\":169,\"caption\":\"Rollomatic S.A.\"},\"image\":{\"@id\":\"https:\/\/www.rollomatic.ch\/de\/#\/schema\/logo\/image\/\"},\"sameAs\":[\"https:\/\/www.facebook.com\/rollomatic\/\",\"https:\/\/x.com\/rollomatics\",\"https:\/\/www.linkedin.com\/company\/rollomatic-sa\/\"]}]}<\/script>\n<!-- \/ Yoast SEO plugin. -->","yoast_head_json":{"title":"GrindSmart\u00ae630RW - Rollomatic","description":"Komplette 6\u2010Achsen-Werkzeugschleifmaschine zum Produktionsschleifen und f\u00fcr Kleinproduktionen schleifbarer rotierender und station\u00e4rer Schneidwerkzeuge von 0,1 mm bis 20 mm (.004\u201d bis \u00be\u201d)","robots":{"index":"index","follow":"follow","max-snippet":"max-snippet:-1","max-image-preview":"max-image-preview:large","max-video-preview":"max-video-preview:-1"},"canonical":"https:\/\/www.rollomatic.ch\/de\/produkt\/grindsmart630rw\/","og_locale":"de_DE","og_type":"article","og_title":"GrindSmart\u00ae630RW - Rollomatic","og_description":"Komplette 6\u2010Achsen-Werkzeugschleifmaschine zum Produktionsschleifen und f\u00fcr Kleinproduktionen schleifbarer rotierender und station\u00e4rer Schneidwerkzeuge von 0,1 mm bis 20 mm (.004\u201d bis \u00be\u201d)","og_url":"https:\/\/www.rollomatic.ch\/de\/produkt\/grindsmart630rw\/","og_site_name":"Rollomatic","article_publisher":"https:\/\/www.facebook.com\/rollomatic\/","article_modified_time":"2025-05-13T12:02:11+00:00","og_image":[{"width":2560,"height":1440,"url":"https:\/\/www.rollomatic.ch\/wp-content\/uploads\/630RW-SHINY_1.webp","type":"image\/webp"}],"twitter_card":"summary_large_image","twitter_site":"@rollomatics","twitter_misc":{"Gesch\u00e4tzte Lesezeit":"1\u00a0Minute"},"schema":{"@context":"https:\/\/schema.org","@graph":[{"@type":"WebPage","@id":"https:\/\/www.rollomatic.ch\/de\/produkt\/grindsmart630rw\/","url":"https:\/\/www.rollomatic.ch\/de\/produkt\/grindsmart630rw\/","name":"GrindSmart\u00ae630RW - Rollomatic","isPartOf":{"@id":"https:\/\/www.rollomatic.ch\/de\/#website"},"primaryImageOfPage":{"@id":"https:\/\/www.rollomatic.ch\/de\/produkt\/grindsmart630rw\/#primaryimage"},"image":{"@id":"https:\/\/www.rollomatic.ch\/de\/produkt\/grindsmart630rw\/#primaryimage"},"thumbnailUrl":"https:\/\/www.rollomatic.ch\/wp-content\/uploads\/630RW-SHINY_1.webp","datePublished":"2024-05-28T13:53:17+00:00","dateModified":"2025-05-13T12:02:11+00:00","description":"Komplette 6\u2010Achsen-Werkzeugschleifmaschine zum Produktionsschleifen und f\u00fcr Kleinproduktionen schleifbarer rotierender und station\u00e4rer Schneidwerkzeuge von 0,1 mm bis 20 mm (.004\u201d bis \u00be\u201d)","breadcrumb":{"@id":"https:\/\/www.rollomatic.ch\/de\/produkt\/grindsmart630rw\/#breadcrumb"},"inLanguage":"de","potentialAction":[{"@type":"ReadAction","target":["https:\/\/www.rollomatic.ch\/de\/produkt\/grindsmart630rw\/"]}]},{"@type":"ImageObject","inLanguage":"de","@id":"https:\/\/www.rollomatic.ch\/de\/produkt\/grindsmart630rw\/#primaryimage","url":"https:\/\/www.rollomatic.ch\/wp-content\/uploads\/630RW-SHINY_1.webp","contentUrl":"https:\/\/www.rollomatic.ch\/wp-content\/uploads\/630RW-SHINY_1.webp","width":2560,"height":1440},{"@type":"BreadcrumbList","@id":"https:\/\/www.rollomatic.ch\/de\/produkt\/grindsmart630rw\/#breadcrumb","itemListElement":[{"@type":"ListItem","position":1,"name":"Home","item":"https:\/\/www.rollomatic.ch\/de\/"},{"@type":"ListItem","position":2,"name":"Katalog","item":"https:\/\/www.rollomatic.ch\/de\/katalog\/"},{"@type":"ListItem","position":3,"name":"GrindSmart\u00ae630RW"}]},{"@type":"WebSite","@id":"https:\/\/www.rollomatic.ch\/de\/#website","url":"https:\/\/www.rollomatic.ch\/de\/","name":"Rollomatic","description":"","publisher":{"@id":"https:\/\/www.rollomatic.ch\/de\/#organization"},"potentialAction":[{"@type":"SearchAction","target":{"@type":"EntryPoint","urlTemplate":"https:\/\/www.rollomatic.ch\/de\/?s={search_term_string}"},"query-input":{"@type":"PropertyValueSpecification","valueRequired":true,"valueName":"search_term_string"}}],"inLanguage":"de"},{"@type":"Organization","@id":"https:\/\/www.rollomatic.ch\/de\/#organization","name":"Rollomatic S.A.","url":"https:\/\/www.rollomatic.ch\/de\/","logo":{"@type":"ImageObject","inLanguage":"de","@id":"https:\/\/www.rollomatic.ch\/de\/#\/schema\/logo\/image\/","url":"https:\/\/www.rollomatic.ch\/wp-content\/uploads\/logomark_300.png","contentUrl":"https:\/\/www.rollomatic.ch\/wp-content\/uploads\/logomark_300.png","width":300,"height":169,"caption":"Rollomatic S.A."},"image":{"@id":"https:\/\/www.rollomatic.ch\/de\/#\/schema\/logo\/image\/"},"sameAs":["https:\/\/www.facebook.com\/rollomatic\/","https:\/\/x.com\/rollomatics","https:\/\/www.linkedin.com\/company\/rollomatic-sa\/"]}]}},"_links":{"self":[{"href":"https:\/\/www.rollomatic.ch\/de\/wp-json\/wp\/v2\/product\/32571","targetHints":{"allow":["GET"]}}],"collection":[{"href":"https:\/\/www.rollomatic.ch\/de\/wp-json\/wp\/v2\/product"}],"about":[{"href":"https:\/\/www.rollomatic.ch\/de\/wp-json\/wp\/v2\/types\/product"}],"wp:featuredmedia":[{"embeddable":true,"href":"https:\/\/www.rollomatic.ch\/de\/wp-json\/wp\/v2\/media\/11535"}],"wp:attachment":[{"href":"https:\/\/www.rollomatic.ch\/de\/wp-json\/wp\/v2\/media?parent=32571"}],"wp:term":[{"taxonomy":"industry","embeddable":true,"href":"https:\/\/www.rollomatic.ch\/de\/wp-json\/wp\/v2\/industry?post=32571"},{"taxonomy":"tool-material","embeddable":true,"href":"https:\/\/www.rollomatic.ch\/de\/wp-json\/wp\/v2\/tool-material?post=32571"},{"taxonomy":"tool-range","embeddable":true,"href":"https:\/\/www.rollomatic.ch\/de\/wp-json\/wp\/v2\/tool-range?post=32571"},{"taxonomy":"tool-type","embeddable":true,"href":"https:\/\/www.rollomatic.ch\/de\/wp-json\/wp\/v2\/tool-type?post=32571"},{"taxonomy":"product_brand","embeddable":true,"href":"https:\/\/www.rollomatic.ch\/de\/wp-json\/wp\/v2\/product_brand?post=32571"},{"taxonomy":"product_cat","embeddable":true,"href":"https:\/\/www.rollomatic.ch\/de\/wp-json\/wp\/v2\/product_cat?post=32571"},{"taxonomy":"product_tag","embeddable":true,"href":"https:\/\/www.rollomatic.ch\/de\/wp-json\/wp\/v2\/product_tag?post=32571"}],"curies":[{"name":"wp","href":"https:\/\/api.w.org\/{rel}","templated":true}]}}