{"id":32573,"date":"2024-05-28T13:52:22","date_gmt":"2024-05-28T13:52:22","guid":{"rendered":"https:\/\/www.rollomatic.ch\/product\/grindsmart-630rs\/"},"modified":"2025-05-13T12:02:16","modified_gmt":"2025-05-13T12:02:16","slug":"grindsmart-630rs","status":"publish","type":"product","link":"https:\/\/www.rollomatic.ch\/de\/produkt\/grindsmart-630rs\/","title":{"rendered":"GrindSmart\u00ae 630RS"},"content":{"rendered":"<p>Um den steigenden Anforderungen der Medizintechnikindustrie gerecht zu werden, bringt Rollomatic eine Weiterentwicklung seiner Flaggschiff-Serie GrindSmart\u00ae630 heraus, die jetzt einen 6-Achsen Fanuc-Roboter integriert, wodurch<br \/>\nFlexibilit\u00e4t und die M\u00f6glichkeit, Werkzeuge mit einer Gesamtl\u00e4nge von bis zu 500,0 mm zu laden.<\/p>\n<p>Die GrindSmart\u00ae630RW3, RW und RS Hochpr\u00e4zisions-6-Achsen-Schleifmaschinen sind ideal zur Herstellung langer Bohrer, insbesondere im Medizinsektor. Dank ihrer innovativen Kinematik sind diese neuen Maschinenmodelle perfekt geeignet, um eine Vielzahl von Anwendungen mit einem Durchmesser von 0,1 bis 20,0 mm sowohl f\u00fcr gro\u00dfe als auch f\u00fcr kleine Produktionsserien herzustellen<br \/>\nModelle sind perfekt angepasst, um eine Vielzahl von Anwendungen mit einem Durchmesser von 0,1 bis 20,0 mm sowohl f\u00fcr gro\u00dfe als auch f\u00fcr kleine Produktionsl\u00e4ufe abzudecken.<\/p>\n<p>Die GrindSmart\u00ae Werkzeugscheifen sind mit linearen und rotierenden Drehstrommotoren ausgestattet, die eine verbesserte Oberfl\u00e4chenausf\u00fchrung bieten. In Kombination mit der synchronisierten Spindel stellt diese Technologie sicher,<br \/>\ndass die Drehzahl konstant bleibt, unabh\u00e4ngig von der Motorauslastung, f\u00fcr einheitliche Oberfl\u00e4chen. Die Verwendung desselben K\u00fchlmittels sowohl f\u00fcr das K\u00fchlen der Linear- wie auch der Schleifmotoren erm\u00f6glicht eine Hochleistungsproduktion bei konstanter<br \/>\nTemperatur, ohne zus\u00e4tzlichen Energieverbrauch.<\/p>\n","protected":false},"excerpt":{"rendered":"<p>Um den steigenden Anforderungen der Medizintechnikindustrie gerecht zu werden, bringt Rollomatic eine Weiterentwicklung seiner Flaggschiff-Serie GrindSmart\u00ae630 heraus, die jetzt einen 6-Achsen Fanuc-Roboter integriert, wodurch Flexibilit\u00e4t und die M\u00f6glichkeit, Werkzeuge mit [&#8230;]\n","protected":false},"featured_media":11531,"template":"","meta":{"_acf_changed":false},"industry":[],"tool-material":[],"tool-range":[],"tool-type":[],"product_brand":[],"product_cat":[518,561,562],"product_tag":[563],"class_list":{"0":"post-32573","1":"product","2":"type-product","3":"status-publish","4":"has-post-thumbnail","6":"product_cat-grindsmart-de","7":"product_cat-rotary-cutting-tools-de","8":"product_cat-cutting-tool-grinding-de","9":"product_tag-cutting-tool-grinding-de","11":"first","12":"instock","13":"shipping-taxable","14":"product-type-simple"},"acf":[],"yoast_head":"<!-- This site is optimized with the Yoast SEO plugin v27.0 - https:\/\/yoast.com\/product\/yoast-seo-wordpress\/ -->\n<title>GrindSmart\u00ae 630RS - Rollomatic<\/title>\n<meta name=\"description\" content=\"6-Achsen Hochpr\u00e4zisions-Schleifmaschine f\u00fcr die Herstellung von Hochleistungs- und Standard-Schneidwerkzeugen mit einem Durchmesserbereich von \u00d8 0,1 \u2013 16,0 mm (.004&quot;\u2013 5\/8&quot;)\" \/>\n<meta name=\"robots\" content=\"index, follow, max-snippet:-1, max-image-preview:large, max-video-preview:-1\" \/>\n<link rel=\"canonical\" href=\"https:\/\/www.rollomatic.ch\/de\/produkt\/grindsmart-630rs\/\" \/>\n<meta property=\"og:locale\" content=\"de_DE\" \/>\n<meta property=\"og:type\" content=\"article\" \/>\n<meta property=\"og:title\" content=\"GrindSmart\u00ae 630RS - Rollomatic\" \/>\n<meta property=\"og:description\" content=\"6-Achsen Hochpr\u00e4zisions-Schleifmaschine f\u00fcr die Herstellung von Hochleistungs- und Standard-Schneidwerkzeugen mit einem Durchmesserbereich von \u00d8 0,1 \u2013 16,0 mm (.004&quot;\u2013 5\/8&quot;)\" \/>\n<meta property=\"og:url\" content=\"https:\/\/www.rollomatic.ch\/de\/produkt\/grindsmart-630rs\/\" \/>\n<meta property=\"og:site_name\" content=\"Rollomatic\" \/>\n<meta property=\"article:publisher\" content=\"https:\/\/www.facebook.com\/rollomatic\/\" \/>\n<meta property=\"article:modified_time\" content=\"2025-05-13T12:02:16+00:00\" \/>\n<meta property=\"og:image\" content=\"https:\/\/www.rollomatic.ch\/wp-content\/uploads\/630RS-SHINY_1.webp\" \/>\n\t<meta property=\"og:image:width\" content=\"2560\" \/>\n\t<meta property=\"og:image:height\" content=\"1440\" \/>\n\t<meta property=\"og:image:type\" content=\"image\/webp\" \/>\n<meta name=\"twitter:card\" content=\"summary_large_image\" \/>\n<meta name=\"twitter:site\" content=\"@rollomatics\" \/>\n<meta name=\"twitter:label1\" content=\"Gesch\u00e4tzte Lesezeit\" \/>\n\t<meta name=\"twitter:data1\" content=\"1\u00a0Minute\" \/>\n<script type=\"application\/ld+json\" class=\"yoast-schema-graph\">{\"@context\":\"https:\/\/schema.org\",\"@graph\":[{\"@type\":\"WebPage\",\"@id\":\"https:\/\/www.rollomatic.ch\/de\/produkt\/grindsmart-630rs\/\",\"url\":\"https:\/\/www.rollomatic.ch\/de\/produkt\/grindsmart-630rs\/\",\"name\":\"GrindSmart\u00ae 630RS - Rollomatic\",\"isPartOf\":{\"@id\":\"https:\/\/www.rollomatic.ch\/de\/#website\"},\"primaryImageOfPage\":{\"@id\":\"https:\/\/www.rollomatic.ch\/de\/produkt\/grindsmart-630rs\/#primaryimage\"},\"image\":{\"@id\":\"https:\/\/www.rollomatic.ch\/de\/produkt\/grindsmart-630rs\/#primaryimage\"},\"thumbnailUrl\":\"https:\/\/www.rollomatic.ch\/wp-content\/uploads\/630RS-SHINY_1.webp\",\"datePublished\":\"2024-05-28T13:52:22+00:00\",\"dateModified\":\"2025-05-13T12:02:16+00:00\",\"description\":\"6-Achsen Hochpr\u00e4zisions-Schleifmaschine f\u00fcr die Herstellung von Hochleistungs- und Standard-Schneidwerkzeugen mit einem Durchmesserbereich von \u00d8 0,1 \u2013 16,0 mm (.004\\\"\u2013 5\/8\\\")\",\"breadcrumb\":{\"@id\":\"https:\/\/www.rollomatic.ch\/de\/produkt\/grindsmart-630rs\/#breadcrumb\"},\"inLanguage\":\"de\",\"potentialAction\":[{\"@type\":\"ReadAction\",\"target\":[\"https:\/\/www.rollomatic.ch\/de\/produkt\/grindsmart-630rs\/\"]}]},{\"@type\":\"ImageObject\",\"inLanguage\":\"de\",\"@id\":\"https:\/\/www.rollomatic.ch\/de\/produkt\/grindsmart-630rs\/#primaryimage\",\"url\":\"https:\/\/www.rollomatic.ch\/wp-content\/uploads\/630RS-SHINY_1.webp\",\"contentUrl\":\"https:\/\/www.rollomatic.ch\/wp-content\/uploads\/630RS-SHINY_1.webp\",\"width\":2560,\"height\":1440},{\"@type\":\"BreadcrumbList\",\"@id\":\"https:\/\/www.rollomatic.ch\/de\/produkt\/grindsmart-630rs\/#breadcrumb\",\"itemListElement\":[{\"@type\":\"ListItem\",\"position\":1,\"name\":\"Home\",\"item\":\"https:\/\/www.rollomatic.ch\/de\/\"},{\"@type\":\"ListItem\",\"position\":2,\"name\":\"Katalog\",\"item\":\"https:\/\/www.rollomatic.ch\/de\/katalog\/\"},{\"@type\":\"ListItem\",\"position\":3,\"name\":\"GrindSmart\u00ae 630RS\"}]},{\"@type\":\"WebSite\",\"@id\":\"https:\/\/www.rollomatic.ch\/de\/#website\",\"url\":\"https:\/\/www.rollomatic.ch\/de\/\",\"name\":\"Rollomatic\",\"description\":\"\",\"publisher\":{\"@id\":\"https:\/\/www.rollomatic.ch\/de\/#organization\"},\"potentialAction\":[{\"@type\":\"SearchAction\",\"target\":{\"@type\":\"EntryPoint\",\"urlTemplate\":\"https:\/\/www.rollomatic.ch\/de\/?s={search_term_string}\"},\"query-input\":{\"@type\":\"PropertyValueSpecification\",\"valueRequired\":true,\"valueName\":\"search_term_string\"}}],\"inLanguage\":\"de\"},{\"@type\":\"Organization\",\"@id\":\"https:\/\/www.rollomatic.ch\/de\/#organization\",\"name\":\"Rollomatic S.A.\",\"url\":\"https:\/\/www.rollomatic.ch\/de\/\",\"logo\":{\"@type\":\"ImageObject\",\"inLanguage\":\"de\",\"@id\":\"https:\/\/www.rollomatic.ch\/de\/#\/schema\/logo\/image\/\",\"url\":\"https:\/\/www.rollomatic.ch\/wp-content\/uploads\/logomark_300.png\",\"contentUrl\":\"https:\/\/www.rollomatic.ch\/wp-content\/uploads\/logomark_300.png\",\"width\":300,\"height\":169,\"caption\":\"Rollomatic S.A.\"},\"image\":{\"@id\":\"https:\/\/www.rollomatic.ch\/de\/#\/schema\/logo\/image\/\"},\"sameAs\":[\"https:\/\/www.facebook.com\/rollomatic\/\",\"https:\/\/x.com\/rollomatics\",\"https:\/\/www.linkedin.com\/company\/rollomatic-sa\/\"]}]}<\/script>\n<!-- \/ Yoast SEO plugin. -->","yoast_head_json":{"title":"GrindSmart\u00ae 630RS - Rollomatic","description":"6-Achsen Hochpr\u00e4zisions-Schleifmaschine f\u00fcr die Herstellung von Hochleistungs- und Standard-Schneidwerkzeugen mit einem Durchmesserbereich von \u00d8 0,1 \u2013 16,0 mm (.004\"\u2013 5\/8\")","robots":{"index":"index","follow":"follow","max-snippet":"max-snippet:-1","max-image-preview":"max-image-preview:large","max-video-preview":"max-video-preview:-1"},"canonical":"https:\/\/www.rollomatic.ch\/de\/produkt\/grindsmart-630rs\/","og_locale":"de_DE","og_type":"article","og_title":"GrindSmart\u00ae 630RS - Rollomatic","og_description":"6-Achsen Hochpr\u00e4zisions-Schleifmaschine f\u00fcr die Herstellung von Hochleistungs- und Standard-Schneidwerkzeugen mit einem Durchmesserbereich von \u00d8 0,1 \u2013 16,0 mm (.004\"\u2013 5\/8\")","og_url":"https:\/\/www.rollomatic.ch\/de\/produkt\/grindsmart-630rs\/","og_site_name":"Rollomatic","article_publisher":"https:\/\/www.facebook.com\/rollomatic\/","article_modified_time":"2025-05-13T12:02:16+00:00","og_image":[{"width":2560,"height":1440,"url":"https:\/\/www.rollomatic.ch\/wp-content\/uploads\/630RS-SHINY_1.webp","type":"image\/webp"}],"twitter_card":"summary_large_image","twitter_site":"@rollomatics","twitter_misc":{"Gesch\u00e4tzte Lesezeit":"1\u00a0Minute"},"schema":{"@context":"https:\/\/schema.org","@graph":[{"@type":"WebPage","@id":"https:\/\/www.rollomatic.ch\/de\/produkt\/grindsmart-630rs\/","url":"https:\/\/www.rollomatic.ch\/de\/produkt\/grindsmart-630rs\/","name":"GrindSmart\u00ae 630RS - Rollomatic","isPartOf":{"@id":"https:\/\/www.rollomatic.ch\/de\/#website"},"primaryImageOfPage":{"@id":"https:\/\/www.rollomatic.ch\/de\/produkt\/grindsmart-630rs\/#primaryimage"},"image":{"@id":"https:\/\/www.rollomatic.ch\/de\/produkt\/grindsmart-630rs\/#primaryimage"},"thumbnailUrl":"https:\/\/www.rollomatic.ch\/wp-content\/uploads\/630RS-SHINY_1.webp","datePublished":"2024-05-28T13:52:22+00:00","dateModified":"2025-05-13T12:02:16+00:00","description":"6-Achsen Hochpr\u00e4zisions-Schleifmaschine f\u00fcr die Herstellung von Hochleistungs- und Standard-Schneidwerkzeugen mit einem Durchmesserbereich von \u00d8 0,1 \u2013 16,0 mm (.004\"\u2013 5\/8\")","breadcrumb":{"@id":"https:\/\/www.rollomatic.ch\/de\/produkt\/grindsmart-630rs\/#breadcrumb"},"inLanguage":"de","potentialAction":[{"@type":"ReadAction","target":["https:\/\/www.rollomatic.ch\/de\/produkt\/grindsmart-630rs\/"]}]},{"@type":"ImageObject","inLanguage":"de","@id":"https:\/\/www.rollomatic.ch\/de\/produkt\/grindsmart-630rs\/#primaryimage","url":"https:\/\/www.rollomatic.ch\/wp-content\/uploads\/630RS-SHINY_1.webp","contentUrl":"https:\/\/www.rollomatic.ch\/wp-content\/uploads\/630RS-SHINY_1.webp","width":2560,"height":1440},{"@type":"BreadcrumbList","@id":"https:\/\/www.rollomatic.ch\/de\/produkt\/grindsmart-630rs\/#breadcrumb","itemListElement":[{"@type":"ListItem","position":1,"name":"Home","item":"https:\/\/www.rollomatic.ch\/de\/"},{"@type":"ListItem","position":2,"name":"Katalog","item":"https:\/\/www.rollomatic.ch\/de\/katalog\/"},{"@type":"ListItem","position":3,"name":"GrindSmart\u00ae 630RS"}]},{"@type":"WebSite","@id":"https:\/\/www.rollomatic.ch\/de\/#website","url":"https:\/\/www.rollomatic.ch\/de\/","name":"Rollomatic","description":"","publisher":{"@id":"https:\/\/www.rollomatic.ch\/de\/#organization"},"potentialAction":[{"@type":"SearchAction","target":{"@type":"EntryPoint","urlTemplate":"https:\/\/www.rollomatic.ch\/de\/?s={search_term_string}"},"query-input":{"@type":"PropertyValueSpecification","valueRequired":true,"valueName":"search_term_string"}}],"inLanguage":"de"},{"@type":"Organization","@id":"https:\/\/www.rollomatic.ch\/de\/#organization","name":"Rollomatic S.A.","url":"https:\/\/www.rollomatic.ch\/de\/","logo":{"@type":"ImageObject","inLanguage":"de","@id":"https:\/\/www.rollomatic.ch\/de\/#\/schema\/logo\/image\/","url":"https:\/\/www.rollomatic.ch\/wp-content\/uploads\/logomark_300.png","contentUrl":"https:\/\/www.rollomatic.ch\/wp-content\/uploads\/logomark_300.png","width":300,"height":169,"caption":"Rollomatic S.A."},"image":{"@id":"https:\/\/www.rollomatic.ch\/de\/#\/schema\/logo\/image\/"},"sameAs":["https:\/\/www.facebook.com\/rollomatic\/","https:\/\/x.com\/rollomatics","https:\/\/www.linkedin.com\/company\/rollomatic-sa\/"]}]}},"_links":{"self":[{"href":"https:\/\/www.rollomatic.ch\/de\/wp-json\/wp\/v2\/product\/32573","targetHints":{"allow":["GET"]}}],"collection":[{"href":"https:\/\/www.rollomatic.ch\/de\/wp-json\/wp\/v2\/product"}],"about":[{"href":"https:\/\/www.rollomatic.ch\/de\/wp-json\/wp\/v2\/types\/product"}],"wp:featuredmedia":[{"embeddable":true,"href":"https:\/\/www.rollomatic.ch\/de\/wp-json\/wp\/v2\/media\/11531"}],"wp:attachment":[{"href":"https:\/\/www.rollomatic.ch\/de\/wp-json\/wp\/v2\/media?parent=32573"}],"wp:term":[{"taxonomy":"industry","embeddable":true,"href":"https:\/\/www.rollomatic.ch\/de\/wp-json\/wp\/v2\/industry?post=32573"},{"taxonomy":"tool-material","embeddable":true,"href":"https:\/\/www.rollomatic.ch\/de\/wp-json\/wp\/v2\/tool-material?post=32573"},{"taxonomy":"tool-range","embeddable":true,"href":"https:\/\/www.rollomatic.ch\/de\/wp-json\/wp\/v2\/tool-range?post=32573"},{"taxonomy":"tool-type","embeddable":true,"href":"https:\/\/www.rollomatic.ch\/de\/wp-json\/wp\/v2\/tool-type?post=32573"},{"taxonomy":"product_brand","embeddable":true,"href":"https:\/\/www.rollomatic.ch\/de\/wp-json\/wp\/v2\/product_brand?post=32573"},{"taxonomy":"product_cat","embeddable":true,"href":"https:\/\/www.rollomatic.ch\/de\/wp-json\/wp\/v2\/product_cat?post=32573"},{"taxonomy":"product_tag","embeddable":true,"href":"https:\/\/www.rollomatic.ch\/de\/wp-json\/wp\/v2\/product_tag?post=32573"}],"curies":[{"name":"wp","href":"https:\/\/api.w.org\/{rel}","templated":true}]}}