{"id":32575,"date":"2024-05-28T13:53:23","date_gmt":"2024-05-28T13:53:23","guid":{"rendered":"https:\/\/www.rollomatic.ch\/product\/grindsmart-630rw3\/"},"modified":"2025-05-13T12:02:06","modified_gmt":"2025-05-13T12:02:06","slug":"grindsmart-630rw3","status":"publish","type":"product","link":"https:\/\/www.rollomatic.ch\/de\/produkt\/grindsmart-630rw3\/","title":{"rendered":"GrindSmart\u00ae 630RW3"},"content":{"rendered":"<p>Um den steigenden Anforderungen der Medizintechnik gerecht zu werden, stellt Rollomatic eine Weiterentwicklung seiner Flaggschiff-GrindSmart\u00ae630-Serie vor, die jetzt einen 6-Achsen Fanuc-Roboter integriert, der noch mehr Flexibilit\u00e4t bietet und die F\u00e4higkeit hat, Werkzeuge mit bis zu 500,0 mm Gesamtl\u00e4nge zu laden.<\/p>\n<p>Die GrindSmart\u00ae 630RW3-, RW- und RS-Hochpr\u00e4zisions-Sechs-Achsen-Schleifmaschinen sind ideal zur Herstellung langer Bohrer, insbesondere im medizinischen Bereich. Dank ihrer innovativen Kinematik sind diese neuen Maschinenmodelle perfekt geeignet, um ein breites Anwendungsspektrum abzudecken, mit Durchmessern von 0,1 bis 20,0 mm, sowohl f\u00fcr gro\u00dfe als auch f\u00fcr kleine Produktionsserien.<\/p>\n<p>Die GrindSmart\u00ae-Werkzeugschleifmaschinen sind mit linearen und rotierenden Torque-Motoren ausgestattet, die eine verbesserte Oberfl\u00e4chenbearbeitung bieten. In Kombination mit der Synchronspindel sorgt diese Technologie f\u00fcr konstante Drehzahlen, unabh\u00e4ngig von der Motorlast, f\u00fcr gleichm\u00e4\u00dfige Oberfl\u00e4chen. Durch die Verwendung des gleichen K\u00fchl\u00f6ls f\u00fcr die K\u00fchlung der Linearmotoren und zum Schleifen kann bei konstanter Temperatur und ohne zus\u00e4tzlichen Energieverbrauch eine Hochleistungsproduktion erreicht werden.<\/p>\n","protected":false},"excerpt":{"rendered":"<p>Um den steigenden Anforderungen der Medizintechnik gerecht zu werden, stellt Rollomatic eine Weiterentwicklung seiner Flaggschiff-GrindSmart\u00ae630-Serie vor, die jetzt einen 6-Achsen Fanuc-Roboter integriert, der noch mehr Flexibilit\u00e4t bietet und die F\u00e4higkeit [&#8230;]\n","protected":false},"featured_media":11539,"template":"","meta":{"_acf_changed":false},"industry":[],"tool-material":[],"tool-range":[],"tool-type":[],"product_brand":[],"product_cat":[518,521,561,562],"product_tag":[563],"class_list":{"0":"post-32575","1":"product","2":"type-product","3":"status-publish","4":"has-post-thumbnail","6":"product_cat-grindsmart-de","7":"product_cat-inserts-and-boring-bars-de","8":"product_cat-rotary-cutting-tools-de","9":"product_cat-cutting-tool-grinding-de","10":"product_tag-cutting-tool-grinding-de","12":"first","13":"instock","14":"shipping-taxable","15":"product-type-simple"},"acf":[],"yoast_head":"<!-- This site is optimized with the Yoast SEO plugin v27.0 - https:\/\/yoast.com\/product\/yoast-seo-wordpress\/ -->\n<title>GrindSmart\u00ae 630RW3 - Rollomatic<\/title>\n<meta name=\"description\" content=\"6-Achsen Super-Pr\u00e4zisions-Werkzeugschleifmaschine mit dem neuen automatischen Scheibenwechsler, der bis zu 16 Scheibenpakete aufnehmen kann, zur Herstellung von Schneidwerkzeugen mit Durchmessern zwischen \u00d8 0,1 \u2013 20,0 mm (.004&quot;\u2013 5\/8&quot;)\" \/>\n<meta name=\"robots\" content=\"index, follow, max-snippet:-1, max-image-preview:large, max-video-preview:-1\" \/>\n<link rel=\"canonical\" href=\"https:\/\/www.rollomatic.ch\/de\/produkt\/grindsmart-630rw3\/\" \/>\n<meta property=\"og:locale\" content=\"de_DE\" \/>\n<meta property=\"og:type\" content=\"article\" \/>\n<meta property=\"og:title\" content=\"GrindSmart\u00ae 630RW3 - Rollomatic\" \/>\n<meta property=\"og:description\" content=\"6-Achsen Super-Pr\u00e4zisions-Werkzeugschleifmaschine mit dem neuen automatischen Scheibenwechsler, der bis zu 16 Scheibenpakete aufnehmen kann, zur Herstellung von Schneidwerkzeugen mit Durchmessern zwischen \u00d8 0,1 \u2013 20,0 mm (.004&quot;\u2013 5\/8&quot;)\" \/>\n<meta property=\"og:url\" content=\"https:\/\/www.rollomatic.ch\/de\/produkt\/grindsmart-630rw3\/\" \/>\n<meta property=\"og:site_name\" content=\"Rollomatic\" \/>\n<meta property=\"article:publisher\" content=\"https:\/\/www.facebook.com\/rollomatic\/\" \/>\n<meta property=\"article:modified_time\" content=\"2025-05-13T12:02:06+00:00\" \/>\n<meta property=\"og:image\" content=\"https:\/\/www.rollomatic.ch\/wp-content\/uploads\/630RW3-SHINY_1.webp\" \/>\n\t<meta property=\"og:image:width\" content=\"2560\" \/>\n\t<meta property=\"og:image:height\" content=\"1440\" \/>\n\t<meta property=\"og:image:type\" content=\"image\/webp\" \/>\n<meta name=\"twitter:card\" content=\"summary_large_image\" \/>\n<meta name=\"twitter:site\" content=\"@rollomatics\" \/>\n<meta name=\"twitter:label1\" content=\"Gesch\u00e4tzte Lesezeit\" \/>\n\t<meta name=\"twitter:data1\" content=\"1\u00a0Minute\" \/>\n<script type=\"application\/ld+json\" class=\"yoast-schema-graph\">{\"@context\":\"https:\/\/schema.org\",\"@graph\":[{\"@type\":\"WebPage\",\"@id\":\"https:\/\/www.rollomatic.ch\/de\/produkt\/grindsmart-630rw3\/\",\"url\":\"https:\/\/www.rollomatic.ch\/de\/produkt\/grindsmart-630rw3\/\",\"name\":\"GrindSmart\u00ae 630RW3 - Rollomatic\",\"isPartOf\":{\"@id\":\"https:\/\/www.rollomatic.ch\/de\/#website\"},\"primaryImageOfPage\":{\"@id\":\"https:\/\/www.rollomatic.ch\/de\/produkt\/grindsmart-630rw3\/#primaryimage\"},\"image\":{\"@id\":\"https:\/\/www.rollomatic.ch\/de\/produkt\/grindsmart-630rw3\/#primaryimage\"},\"thumbnailUrl\":\"https:\/\/www.rollomatic.ch\/wp-content\/uploads\/630RW3-SHINY_1.webp\",\"datePublished\":\"2024-05-28T13:53:23+00:00\",\"dateModified\":\"2025-05-13T12:02:06+00:00\",\"description\":\"6-Achsen Super-Pr\u00e4zisions-Werkzeugschleifmaschine mit dem neuen automatischen Scheibenwechsler, der bis zu 16 Scheibenpakete aufnehmen kann, zur Herstellung von Schneidwerkzeugen mit Durchmessern zwischen \u00d8 0,1 \u2013 20,0 mm (.004\\\"\u2013 5\/8\\\")\",\"breadcrumb\":{\"@id\":\"https:\/\/www.rollomatic.ch\/de\/produkt\/grindsmart-630rw3\/#breadcrumb\"},\"inLanguage\":\"de\",\"potentialAction\":[{\"@type\":\"ReadAction\",\"target\":[\"https:\/\/www.rollomatic.ch\/de\/produkt\/grindsmart-630rw3\/\"]}]},{\"@type\":\"ImageObject\",\"inLanguage\":\"de\",\"@id\":\"https:\/\/www.rollomatic.ch\/de\/produkt\/grindsmart-630rw3\/#primaryimage\",\"url\":\"https:\/\/www.rollomatic.ch\/wp-content\/uploads\/630RW3-SHINY_1.webp\",\"contentUrl\":\"https:\/\/www.rollomatic.ch\/wp-content\/uploads\/630RW3-SHINY_1.webp\",\"width\":2560,\"height\":1440},{\"@type\":\"BreadcrumbList\",\"@id\":\"https:\/\/www.rollomatic.ch\/de\/produkt\/grindsmart-630rw3\/#breadcrumb\",\"itemListElement\":[{\"@type\":\"ListItem\",\"position\":1,\"name\":\"Home\",\"item\":\"https:\/\/www.rollomatic.ch\/de\/\"},{\"@type\":\"ListItem\",\"position\":2,\"name\":\"Katalog\",\"item\":\"https:\/\/www.rollomatic.ch\/de\/katalog\/\"},{\"@type\":\"ListItem\",\"position\":3,\"name\":\"GrindSmart\u00ae 630RW3\"}]},{\"@type\":\"WebSite\",\"@id\":\"https:\/\/www.rollomatic.ch\/de\/#website\",\"url\":\"https:\/\/www.rollomatic.ch\/de\/\",\"name\":\"Rollomatic\",\"description\":\"\",\"publisher\":{\"@id\":\"https:\/\/www.rollomatic.ch\/de\/#organization\"},\"potentialAction\":[{\"@type\":\"SearchAction\",\"target\":{\"@type\":\"EntryPoint\",\"urlTemplate\":\"https:\/\/www.rollomatic.ch\/de\/?s={search_term_string}\"},\"query-input\":{\"@type\":\"PropertyValueSpecification\",\"valueRequired\":true,\"valueName\":\"search_term_string\"}}],\"inLanguage\":\"de\"},{\"@type\":\"Organization\",\"@id\":\"https:\/\/www.rollomatic.ch\/de\/#organization\",\"name\":\"Rollomatic S.A.\",\"url\":\"https:\/\/www.rollomatic.ch\/de\/\",\"logo\":{\"@type\":\"ImageObject\",\"inLanguage\":\"de\",\"@id\":\"https:\/\/www.rollomatic.ch\/de\/#\/schema\/logo\/image\/\",\"url\":\"https:\/\/www.rollomatic.ch\/wp-content\/uploads\/logomark_300.png\",\"contentUrl\":\"https:\/\/www.rollomatic.ch\/wp-content\/uploads\/logomark_300.png\",\"width\":300,\"height\":169,\"caption\":\"Rollomatic S.A.\"},\"image\":{\"@id\":\"https:\/\/www.rollomatic.ch\/de\/#\/schema\/logo\/image\/\"},\"sameAs\":[\"https:\/\/www.facebook.com\/rollomatic\/\",\"https:\/\/x.com\/rollomatics\",\"https:\/\/www.linkedin.com\/company\/rollomatic-sa\/\"]}]}<\/script>\n<!-- \/ Yoast SEO plugin. -->","yoast_head_json":{"title":"GrindSmart\u00ae 630RW3 - Rollomatic","description":"6-Achsen Super-Pr\u00e4zisions-Werkzeugschleifmaschine mit dem neuen automatischen Scheibenwechsler, der bis zu 16 Scheibenpakete aufnehmen kann, zur Herstellung von Schneidwerkzeugen mit Durchmessern zwischen \u00d8 0,1 \u2013 20,0 mm (.004\"\u2013 5\/8\")","robots":{"index":"index","follow":"follow","max-snippet":"max-snippet:-1","max-image-preview":"max-image-preview:large","max-video-preview":"max-video-preview:-1"},"canonical":"https:\/\/www.rollomatic.ch\/de\/produkt\/grindsmart-630rw3\/","og_locale":"de_DE","og_type":"article","og_title":"GrindSmart\u00ae 630RW3 - Rollomatic","og_description":"6-Achsen Super-Pr\u00e4zisions-Werkzeugschleifmaschine mit dem neuen automatischen Scheibenwechsler, der bis zu 16 Scheibenpakete aufnehmen kann, zur Herstellung von Schneidwerkzeugen mit Durchmessern zwischen \u00d8 0,1 \u2013 20,0 mm (.004\"\u2013 5\/8\")","og_url":"https:\/\/www.rollomatic.ch\/de\/produkt\/grindsmart-630rw3\/","og_site_name":"Rollomatic","article_publisher":"https:\/\/www.facebook.com\/rollomatic\/","article_modified_time":"2025-05-13T12:02:06+00:00","og_image":[{"width":2560,"height":1440,"url":"https:\/\/www.rollomatic.ch\/wp-content\/uploads\/630RW3-SHINY_1.webp","type":"image\/webp"}],"twitter_card":"summary_large_image","twitter_site":"@rollomatics","twitter_misc":{"Gesch\u00e4tzte Lesezeit":"1\u00a0Minute"},"schema":{"@context":"https:\/\/schema.org","@graph":[{"@type":"WebPage","@id":"https:\/\/www.rollomatic.ch\/de\/produkt\/grindsmart-630rw3\/","url":"https:\/\/www.rollomatic.ch\/de\/produkt\/grindsmart-630rw3\/","name":"GrindSmart\u00ae 630RW3 - Rollomatic","isPartOf":{"@id":"https:\/\/www.rollomatic.ch\/de\/#website"},"primaryImageOfPage":{"@id":"https:\/\/www.rollomatic.ch\/de\/produkt\/grindsmart-630rw3\/#primaryimage"},"image":{"@id":"https:\/\/www.rollomatic.ch\/de\/produkt\/grindsmart-630rw3\/#primaryimage"},"thumbnailUrl":"https:\/\/www.rollomatic.ch\/wp-content\/uploads\/630RW3-SHINY_1.webp","datePublished":"2024-05-28T13:53:23+00:00","dateModified":"2025-05-13T12:02:06+00:00","description":"6-Achsen Super-Pr\u00e4zisions-Werkzeugschleifmaschine mit dem neuen automatischen Scheibenwechsler, der bis zu 16 Scheibenpakete aufnehmen kann, zur Herstellung von Schneidwerkzeugen mit Durchmessern zwischen \u00d8 0,1 \u2013 20,0 mm (.004\"\u2013 5\/8\")","breadcrumb":{"@id":"https:\/\/www.rollomatic.ch\/de\/produkt\/grindsmart-630rw3\/#breadcrumb"},"inLanguage":"de","potentialAction":[{"@type":"ReadAction","target":["https:\/\/www.rollomatic.ch\/de\/produkt\/grindsmart-630rw3\/"]}]},{"@type":"ImageObject","inLanguage":"de","@id":"https:\/\/www.rollomatic.ch\/de\/produkt\/grindsmart-630rw3\/#primaryimage","url":"https:\/\/www.rollomatic.ch\/wp-content\/uploads\/630RW3-SHINY_1.webp","contentUrl":"https:\/\/www.rollomatic.ch\/wp-content\/uploads\/630RW3-SHINY_1.webp","width":2560,"height":1440},{"@type":"BreadcrumbList","@id":"https:\/\/www.rollomatic.ch\/de\/produkt\/grindsmart-630rw3\/#breadcrumb","itemListElement":[{"@type":"ListItem","position":1,"name":"Home","item":"https:\/\/www.rollomatic.ch\/de\/"},{"@type":"ListItem","position":2,"name":"Katalog","item":"https:\/\/www.rollomatic.ch\/de\/katalog\/"},{"@type":"ListItem","position":3,"name":"GrindSmart\u00ae 630RW3"}]},{"@type":"WebSite","@id":"https:\/\/www.rollomatic.ch\/de\/#website","url":"https:\/\/www.rollomatic.ch\/de\/","name":"Rollomatic","description":"","publisher":{"@id":"https:\/\/www.rollomatic.ch\/de\/#organization"},"potentialAction":[{"@type":"SearchAction","target":{"@type":"EntryPoint","urlTemplate":"https:\/\/www.rollomatic.ch\/de\/?s={search_term_string}"},"query-input":{"@type":"PropertyValueSpecification","valueRequired":true,"valueName":"search_term_string"}}],"inLanguage":"de"},{"@type":"Organization","@id":"https:\/\/www.rollomatic.ch\/de\/#organization","name":"Rollomatic S.A.","url":"https:\/\/www.rollomatic.ch\/de\/","logo":{"@type":"ImageObject","inLanguage":"de","@id":"https:\/\/www.rollomatic.ch\/de\/#\/schema\/logo\/image\/","url":"https:\/\/www.rollomatic.ch\/wp-content\/uploads\/logomark_300.png","contentUrl":"https:\/\/www.rollomatic.ch\/wp-content\/uploads\/logomark_300.png","width":300,"height":169,"caption":"Rollomatic S.A."},"image":{"@id":"https:\/\/www.rollomatic.ch\/de\/#\/schema\/logo\/image\/"},"sameAs":["https:\/\/www.facebook.com\/rollomatic\/","https:\/\/x.com\/rollomatics","https:\/\/www.linkedin.com\/company\/rollomatic-sa\/"]}]}},"_links":{"self":[{"href":"https:\/\/www.rollomatic.ch\/de\/wp-json\/wp\/v2\/product\/32575","targetHints":{"allow":["GET"]}}],"collection":[{"href":"https:\/\/www.rollomatic.ch\/de\/wp-json\/wp\/v2\/product"}],"about":[{"href":"https:\/\/www.rollomatic.ch\/de\/wp-json\/wp\/v2\/types\/product"}],"wp:featuredmedia":[{"embeddable":true,"href":"https:\/\/www.rollomatic.ch\/de\/wp-json\/wp\/v2\/media\/11539"}],"wp:attachment":[{"href":"https:\/\/www.rollomatic.ch\/de\/wp-json\/wp\/v2\/media?parent=32575"}],"wp:term":[{"taxonomy":"industry","embeddable":true,"href":"https:\/\/www.rollomatic.ch\/de\/wp-json\/wp\/v2\/industry?post=32575"},{"taxonomy":"tool-material","embeddable":true,"href":"https:\/\/www.rollomatic.ch\/de\/wp-json\/wp\/v2\/tool-material?post=32575"},{"taxonomy":"tool-range","embeddable":true,"href":"https:\/\/www.rollomatic.ch\/de\/wp-json\/wp\/v2\/tool-range?post=32575"},{"taxonomy":"tool-type","embeddable":true,"href":"https:\/\/www.rollomatic.ch\/de\/wp-json\/wp\/v2\/tool-type?post=32575"},{"taxonomy":"product_brand","embeddable":true,"href":"https:\/\/www.rollomatic.ch\/de\/wp-json\/wp\/v2\/product_brand?post=32575"},{"taxonomy":"product_cat","embeddable":true,"href":"https:\/\/www.rollomatic.ch\/de\/wp-json\/wp\/v2\/product_cat?post=32575"},{"taxonomy":"product_tag","embeddable":true,"href":"https:\/\/www.rollomatic.ch\/de\/wp-json\/wp\/v2\/product_tag?post=32575"}],"curies":[{"name":"wp","href":"https:\/\/api.w.org\/{rel}","templated":true}]}}