{"id":32701,"date":"2020-12-10T19:59:19","date_gmt":"2020-12-10T19:59:19","guid":{"rendered":"https:\/\/www.rollomatic.ch\/product\/grindsmart630xw\/"},"modified":"2025-05-13T12:00:52","modified_gmt":"2025-05-13T12:00:52","slug":"grindsmart630xw","status":"publish","type":"product","link":"https:\/\/www.rollomatic.ch\/de\/produkt\/grindsmart630xw\/","title":{"rendered":"GrindSmart\u00ae630XW"},"content":{"rendered":"<p>Der 6-Achsen-Pr\u00e4zisions-Werkzeugschleifer GrindSmart\u00ae630XW wurde f\u00fcr die Herstellung von Hochleistungs- und Spezialwerkzeugen f\u00fcr lange und kurze Chargen entwickelt.<\/p>\n<p>Er ist mit Linearmotoren ausgestattet, die in Kombination mit dem Torquemotor auf der Drehachse Vorteile wie verbesserte Oberfl\u00e4cheng\u00fcte und reduzierte Wartungskosten bieten.<\/p>\n<p>Das \u00d6l, das zur K\u00fchlung und Schmierung der Linearmotoren verwendet wird, ist dasselbe wie das K\u00fchlmittel\u00f6l. Dies gew\u00e4hrleistet eine gleichbleibende thermische Stabilit\u00e4t w\u00e4hrend der Einrichtung und Produktion ohne zus\u00e4tzlichen Energieverbrauch.<\/p>\n<p>Das Konzept der sechsten Achse dieser Maschine ist einzigartig in der Schleifbranche. Es bietet verbesserte Genauigkeit bei Kugelkopffr\u00e4sern oder Eckenradien mit der M\u00f6glichkeit, die Schleifscheiben zu neigen, und erleichtert die Programmierung mit k\u00fcrzeren Leerlaufbewegungen w\u00e4hrend der Schleifvorg\u00e4nge. Diese Maschine deckt einen Durchmesserbereich von \u00d8 0,1 bis 20,0 mm ab (.004&#8243; &#8211; .75&#8243;).<\/p>\n<p>Standardm\u00e4\u00dfig umfasst dieses Modell einen automatischen Hochgeschwindigkeitswerkzeuglader mit einer Kapazit\u00e4t von bis zu 1.360 &lt;b&gt;Werkzeugen&lt;\/b&gt; und einen Hochgeschwindigkeitsrad- und -d\u00fcsenwechsler mit 6 Positionen.<\/p>\n","protected":false},"excerpt":{"rendered":"<p>Der 6-Achsen-Pr\u00e4zisions-Werkzeugschleifer GrindSmart\u00ae630XW wurde f\u00fcr die Herstellung von Hochleistungs- und Spezialwerkzeugen f\u00fcr lange und kurze Chargen entwickelt. Er ist mit Linearmotoren ausgestattet, die in Kombination mit dem Torquemotor auf der [&#8230;]\n","protected":false},"featured_media":9190,"template":"","meta":{"_acf_changed":false},"industry":[770,613,621,610,624,603,628,616,606],"tool-material":[429,430],"tool-range":[390],"tool-type":[424,379,380,381,382,423,383,422],"product_brand":[],"product_cat":[518,521,561,562],"product_tag":[563],"class_list":{"0":"post-32701","1":"product","2":"type-product","3":"status-publish","4":"has-post-thumbnail","6":"industry-3c-elektronikindustrie","7":"industry-automotive-ev-de","8":"industry-woodworking-de","9":"industry-aerospace-de","10":"industry-custom-applications-de","11":"industry-medical-de","12":"industry-electronics-de","13":"industry-die-mold-de","14":"industry-dental-de","15":"tool-material-carbide","16":"tool-material-ceramic","17":"tool-range-1-20mm","18":"tool-type-blades","19":"tool-type-boring-bars","20":"tool-type-burs","21":"tool-type-drills","22":"tool-type-end-mill","23":"tool-type-form-tools","24":"tool-type-reamers","25":"tool-type-taps","26":"product_cat-grindsmart-de","27":"product_cat-inserts-and-boring-bars-de","28":"product_cat-rotary-cutting-tools-de","29":"product_cat-cutting-tool-grinding-de","30":"product_tag-cutting-tool-grinding-de","32":"first","33":"instock","34":"shipping-taxable","35":"product-type-simple"},"acf":[],"yoast_head":"<!-- This site is optimized with the Yoast SEO plugin v27.0 - https:\/\/yoast.com\/product\/yoast-seo-wordpress\/ -->\n<title>GrindSmart\u00ae630XW - Rollomatic<\/title>\n<meta name=\"description\" content=\"Vollst\u00e4ndige 6-Achsen Schneidwerkzeugschleifmaschine f\u00fcr die Produktionsbearbeitung und f\u00fcr die Kleinserienfertigung von rotierenden und station\u00e4ren Schneidwerkzeugen von 0,1 mm bis 20 mm ((.004\u201d to \u00be\u201d)\" \/>\n<meta name=\"robots\" content=\"index, follow, max-snippet:-1, max-image-preview:large, max-video-preview:-1\" \/>\n<link rel=\"canonical\" href=\"https:\/\/www.rollomatic.ch\/de\/produkt\/grindsmart630xw\/\" \/>\n<meta property=\"og:locale\" content=\"de_DE\" \/>\n<meta property=\"og:type\" content=\"article\" \/>\n<meta property=\"og:title\" content=\"GrindSmart\u00ae630XW - Rollomatic\" \/>\n<meta property=\"og:description\" content=\"Vollst\u00e4ndige 6-Achsen Schneidwerkzeugschleifmaschine f\u00fcr die Produktionsbearbeitung und f\u00fcr die Kleinserienfertigung von rotierenden und station\u00e4ren Schneidwerkzeugen von 0,1 mm bis 20 mm ((.004\u201d to \u00be\u201d)\" \/>\n<meta property=\"og:url\" content=\"https:\/\/www.rollomatic.ch\/de\/produkt\/grindsmart630xw\/\" \/>\n<meta property=\"og:site_name\" content=\"Rollomatic\" \/>\n<meta property=\"article:publisher\" content=\"https:\/\/www.facebook.com\/rollomatic\/\" \/>\n<meta property=\"article:modified_time\" content=\"2025-05-13T12:00:52+00:00\" \/>\n<meta property=\"og:image\" content=\"https:\/\/www.rollomatic.ch\/wp-content\/uploads\/630XW-SHINY_1-3.webp\" \/>\n\t<meta property=\"og:image:width\" content=\"2560\" \/>\n\t<meta property=\"og:image:height\" content=\"1440\" \/>\n\t<meta property=\"og:image:type\" content=\"image\/webp\" \/>\n<meta name=\"twitter:card\" content=\"summary_large_image\" \/>\n<meta name=\"twitter:site\" content=\"@rollomatics\" \/>\n<meta name=\"twitter:label1\" content=\"Gesch\u00e4tzte Lesezeit\" \/>\n\t<meta name=\"twitter:data1\" content=\"1\u00a0Minute\" \/>\n<script type=\"application\/ld+json\" class=\"yoast-schema-graph\">{\"@context\":\"https:\/\/schema.org\",\"@graph\":[{\"@type\":\"WebPage\",\"@id\":\"https:\/\/www.rollomatic.ch\/de\/produkt\/grindsmart630xw\/\",\"url\":\"https:\/\/www.rollomatic.ch\/de\/produkt\/grindsmart630xw\/\",\"name\":\"GrindSmart\u00ae630XW - Rollomatic\",\"isPartOf\":{\"@id\":\"https:\/\/www.rollomatic.ch\/de\/#website\"},\"primaryImageOfPage\":{\"@id\":\"https:\/\/www.rollomatic.ch\/de\/produkt\/grindsmart630xw\/#primaryimage\"},\"image\":{\"@id\":\"https:\/\/www.rollomatic.ch\/de\/produkt\/grindsmart630xw\/#primaryimage\"},\"thumbnailUrl\":\"https:\/\/www.rollomatic.ch\/wp-content\/uploads\/630XW-SHINY_1-3.webp\",\"datePublished\":\"2020-12-10T19:59:19+00:00\",\"dateModified\":\"2025-05-13T12:00:52+00:00\",\"description\":\"Vollst\u00e4ndige 6-Achsen Schneidwerkzeugschleifmaschine f\u00fcr die Produktionsbearbeitung und f\u00fcr die Kleinserienfertigung von rotierenden und station\u00e4ren Schneidwerkzeugen von 0,1 mm bis 20 mm ((.004\u201d to \u00be\u201d)\",\"breadcrumb\":{\"@id\":\"https:\/\/www.rollomatic.ch\/de\/produkt\/grindsmart630xw\/#breadcrumb\"},\"inLanguage\":\"de\",\"potentialAction\":[{\"@type\":\"ReadAction\",\"target\":[\"https:\/\/www.rollomatic.ch\/de\/produkt\/grindsmart630xw\/\"]}]},{\"@type\":\"ImageObject\",\"inLanguage\":\"de\",\"@id\":\"https:\/\/www.rollomatic.ch\/de\/produkt\/grindsmart630xw\/#primaryimage\",\"url\":\"https:\/\/www.rollomatic.ch\/wp-content\/uploads\/630XW-SHINY_1-3.webp\",\"contentUrl\":\"https:\/\/www.rollomatic.ch\/wp-content\/uploads\/630XW-SHINY_1-3.webp\",\"width\":2560,\"height\":1440},{\"@type\":\"BreadcrumbList\",\"@id\":\"https:\/\/www.rollomatic.ch\/de\/produkt\/grindsmart630xw\/#breadcrumb\",\"itemListElement\":[{\"@type\":\"ListItem\",\"position\":1,\"name\":\"Home\",\"item\":\"https:\/\/www.rollomatic.ch\/de\/\"},{\"@type\":\"ListItem\",\"position\":2,\"name\":\"Katalog\",\"item\":\"https:\/\/www.rollomatic.ch\/de\/katalog\/\"},{\"@type\":\"ListItem\",\"position\":3,\"name\":\"GrindSmart\u00ae630XW\"}]},{\"@type\":\"WebSite\",\"@id\":\"https:\/\/www.rollomatic.ch\/de\/#website\",\"url\":\"https:\/\/www.rollomatic.ch\/de\/\",\"name\":\"Rollomatic\",\"description\":\"\",\"publisher\":{\"@id\":\"https:\/\/www.rollomatic.ch\/de\/#organization\"},\"potentialAction\":[{\"@type\":\"SearchAction\",\"target\":{\"@type\":\"EntryPoint\",\"urlTemplate\":\"https:\/\/www.rollomatic.ch\/de\/?s={search_term_string}\"},\"query-input\":{\"@type\":\"PropertyValueSpecification\",\"valueRequired\":true,\"valueName\":\"search_term_string\"}}],\"inLanguage\":\"de\"},{\"@type\":\"Organization\",\"@id\":\"https:\/\/www.rollomatic.ch\/de\/#organization\",\"name\":\"Rollomatic S.A.\",\"url\":\"https:\/\/www.rollomatic.ch\/de\/\",\"logo\":{\"@type\":\"ImageObject\",\"inLanguage\":\"de\",\"@id\":\"https:\/\/www.rollomatic.ch\/de\/#\/schema\/logo\/image\/\",\"url\":\"https:\/\/www.rollomatic.ch\/wp-content\/uploads\/logomark_300.png\",\"contentUrl\":\"https:\/\/www.rollomatic.ch\/wp-content\/uploads\/logomark_300.png\",\"width\":300,\"height\":169,\"caption\":\"Rollomatic S.A.\"},\"image\":{\"@id\":\"https:\/\/www.rollomatic.ch\/de\/#\/schema\/logo\/image\/\"},\"sameAs\":[\"https:\/\/www.facebook.com\/rollomatic\/\",\"https:\/\/x.com\/rollomatics\",\"https:\/\/www.linkedin.com\/company\/rollomatic-sa\/\"]}]}<\/script>\n<!-- \/ Yoast SEO plugin. -->","yoast_head_json":{"title":"GrindSmart\u00ae630XW - Rollomatic","description":"Vollst\u00e4ndige 6-Achsen Schneidwerkzeugschleifmaschine f\u00fcr die Produktionsbearbeitung und f\u00fcr die Kleinserienfertigung von rotierenden und station\u00e4ren Schneidwerkzeugen von 0,1 mm bis 20 mm ((.004\u201d to \u00be\u201d)","robots":{"index":"index","follow":"follow","max-snippet":"max-snippet:-1","max-image-preview":"max-image-preview:large","max-video-preview":"max-video-preview:-1"},"canonical":"https:\/\/www.rollomatic.ch\/de\/produkt\/grindsmart630xw\/","og_locale":"de_DE","og_type":"article","og_title":"GrindSmart\u00ae630XW - Rollomatic","og_description":"Vollst\u00e4ndige 6-Achsen Schneidwerkzeugschleifmaschine f\u00fcr die Produktionsbearbeitung und f\u00fcr die Kleinserienfertigung von rotierenden und station\u00e4ren Schneidwerkzeugen von 0,1 mm bis 20 mm ((.004\u201d to \u00be\u201d)","og_url":"https:\/\/www.rollomatic.ch\/de\/produkt\/grindsmart630xw\/","og_site_name":"Rollomatic","article_publisher":"https:\/\/www.facebook.com\/rollomatic\/","article_modified_time":"2025-05-13T12:00:52+00:00","og_image":[{"width":2560,"height":1440,"url":"https:\/\/www.rollomatic.ch\/wp-content\/uploads\/630XW-SHINY_1-3.webp","type":"image\/webp"}],"twitter_card":"summary_large_image","twitter_site":"@rollomatics","twitter_misc":{"Gesch\u00e4tzte Lesezeit":"1\u00a0Minute"},"schema":{"@context":"https:\/\/schema.org","@graph":[{"@type":"WebPage","@id":"https:\/\/www.rollomatic.ch\/de\/produkt\/grindsmart630xw\/","url":"https:\/\/www.rollomatic.ch\/de\/produkt\/grindsmart630xw\/","name":"GrindSmart\u00ae630XW - Rollomatic","isPartOf":{"@id":"https:\/\/www.rollomatic.ch\/de\/#website"},"primaryImageOfPage":{"@id":"https:\/\/www.rollomatic.ch\/de\/produkt\/grindsmart630xw\/#primaryimage"},"image":{"@id":"https:\/\/www.rollomatic.ch\/de\/produkt\/grindsmart630xw\/#primaryimage"},"thumbnailUrl":"https:\/\/www.rollomatic.ch\/wp-content\/uploads\/630XW-SHINY_1-3.webp","datePublished":"2020-12-10T19:59:19+00:00","dateModified":"2025-05-13T12:00:52+00:00","description":"Vollst\u00e4ndige 6-Achsen Schneidwerkzeugschleifmaschine f\u00fcr die Produktionsbearbeitung und f\u00fcr die Kleinserienfertigung von rotierenden und station\u00e4ren Schneidwerkzeugen von 0,1 mm bis 20 mm ((.004\u201d to \u00be\u201d)","breadcrumb":{"@id":"https:\/\/www.rollomatic.ch\/de\/produkt\/grindsmart630xw\/#breadcrumb"},"inLanguage":"de","potentialAction":[{"@type":"ReadAction","target":["https:\/\/www.rollomatic.ch\/de\/produkt\/grindsmart630xw\/"]}]},{"@type":"ImageObject","inLanguage":"de","@id":"https:\/\/www.rollomatic.ch\/de\/produkt\/grindsmart630xw\/#primaryimage","url":"https:\/\/www.rollomatic.ch\/wp-content\/uploads\/630XW-SHINY_1-3.webp","contentUrl":"https:\/\/www.rollomatic.ch\/wp-content\/uploads\/630XW-SHINY_1-3.webp","width":2560,"height":1440},{"@type":"BreadcrumbList","@id":"https:\/\/www.rollomatic.ch\/de\/produkt\/grindsmart630xw\/#breadcrumb","itemListElement":[{"@type":"ListItem","position":1,"name":"Home","item":"https:\/\/www.rollomatic.ch\/de\/"},{"@type":"ListItem","position":2,"name":"Katalog","item":"https:\/\/www.rollomatic.ch\/de\/katalog\/"},{"@type":"ListItem","position":3,"name":"GrindSmart\u00ae630XW"}]},{"@type":"WebSite","@id":"https:\/\/www.rollomatic.ch\/de\/#website","url":"https:\/\/www.rollomatic.ch\/de\/","name":"Rollomatic","description":"","publisher":{"@id":"https:\/\/www.rollomatic.ch\/de\/#organization"},"potentialAction":[{"@type":"SearchAction","target":{"@type":"EntryPoint","urlTemplate":"https:\/\/www.rollomatic.ch\/de\/?s={search_term_string}"},"query-input":{"@type":"PropertyValueSpecification","valueRequired":true,"valueName":"search_term_string"}}],"inLanguage":"de"},{"@type":"Organization","@id":"https:\/\/www.rollomatic.ch\/de\/#organization","name":"Rollomatic S.A.","url":"https:\/\/www.rollomatic.ch\/de\/","logo":{"@type":"ImageObject","inLanguage":"de","@id":"https:\/\/www.rollomatic.ch\/de\/#\/schema\/logo\/image\/","url":"https:\/\/www.rollomatic.ch\/wp-content\/uploads\/logomark_300.png","contentUrl":"https:\/\/www.rollomatic.ch\/wp-content\/uploads\/logomark_300.png","width":300,"height":169,"caption":"Rollomatic S.A."},"image":{"@id":"https:\/\/www.rollomatic.ch\/de\/#\/schema\/logo\/image\/"},"sameAs":["https:\/\/www.facebook.com\/rollomatic\/","https:\/\/x.com\/rollomatics","https:\/\/www.linkedin.com\/company\/rollomatic-sa\/"]}]}},"_links":{"self":[{"href":"https:\/\/www.rollomatic.ch\/de\/wp-json\/wp\/v2\/product\/32701","targetHints":{"allow":["GET"]}}],"collection":[{"href":"https:\/\/www.rollomatic.ch\/de\/wp-json\/wp\/v2\/product"}],"about":[{"href":"https:\/\/www.rollomatic.ch\/de\/wp-json\/wp\/v2\/types\/product"}],"wp:featuredmedia":[{"embeddable":true,"href":"https:\/\/www.rollomatic.ch\/de\/wp-json\/wp\/v2\/media\/9190"}],"wp:attachment":[{"href":"https:\/\/www.rollomatic.ch\/de\/wp-json\/wp\/v2\/media?parent=32701"}],"wp:term":[{"taxonomy":"industry","embeddable":true,"href":"https:\/\/www.rollomatic.ch\/de\/wp-json\/wp\/v2\/industry?post=32701"},{"taxonomy":"tool-material","embeddable":true,"href":"https:\/\/www.rollomatic.ch\/de\/wp-json\/wp\/v2\/tool-material?post=32701"},{"taxonomy":"tool-range","embeddable":true,"href":"https:\/\/www.rollomatic.ch\/de\/wp-json\/wp\/v2\/tool-range?post=32701"},{"taxonomy":"tool-type","embeddable":true,"href":"https:\/\/www.rollomatic.ch\/de\/wp-json\/wp\/v2\/tool-type?post=32701"},{"taxonomy":"product_brand","embeddable":true,"href":"https:\/\/www.rollomatic.ch\/de\/wp-json\/wp\/v2\/product_brand?post=32701"},{"taxonomy":"product_cat","embeddable":true,"href":"https:\/\/www.rollomatic.ch\/de\/wp-json\/wp\/v2\/product_cat?post=32701"},{"taxonomy":"product_tag","embeddable":true,"href":"https:\/\/www.rollomatic.ch\/de\/wp-json\/wp\/v2\/product_tag?post=32701"}],"curies":[{"name":"wp","href":"https:\/\/api.w.org\/{rel}","templated":true}]}}