{"id":32704,"date":"2020-11-25T15:02:22","date_gmt":"2020-11-25T15:02:22","guid":{"rendered":"https:\/\/www.rollomatic.ch\/product\/grindsmart-530xw\/"},"modified":"2025-05-13T12:01:03","modified_gmt":"2025-05-13T12:01:03","slug":"grindsmart-530xw","status":"publish","type":"product","link":"https:\/\/www.rollomatic.ch\/de\/produkt\/grindsmart-530xw\/","title":{"rendered":"GrindSmart\u00ae 530XW"},"content":{"rendered":"<p>Die 5-Achsen-Pr\u00e4zisionswerkzeugschleifmaschine GrindSmart\u00ae 530XW wurde f\u00fcr die Herstellung von Hochleistungs-Rotationsschneidwerkzeugen in sowohl langen als auch kurzen Chargen entwickelt und deckt einen weiten Durchmesserbereich von \u00d8 ab. 0,1 bis 20,0 mm (.004&#8243; &#8211; .75&#8243;). Diese Maschine ist mit Linearmotoren ausgestattet und bietet in Kombination mit dem Torquemotor an der Rotationsachse weitere Vorteile wie eine verbesserte Oberfl\u00e4chenbeschaffenheit und reduzierte Wartungskosten. Das zur K\u00fchlung und Schmierung der Linearmotoren verwendete \u00d6l ist dasselbe wie das K\u00fchlmittel\u00f6l. Dies gew\u00e4hrleistet eine gleichbleibende thermische Stabilit\u00e4t w\u00e4hrend der Einrichtung und Produktion ohne zus\u00e4tzlichen Energieverbrauch.<\/p>\n<p>Der GrindSmart\u00ae 530XW umfasst standardm\u00e4\u00dfig einen schnellen und zuverl\u00e4ssigen 6-Positionen-SmartChanger-Scheibenwechsler, der h\u00f6chste Flexibilit\u00e4t und Autonomie im Schleifprozessmanagement bietet. Dieses Modell bietet optional einen automatischen Hochgeschwindigkeits-Pick-&amp;-Place-Werkzeuglader mit einer Kapazit\u00e4t von bis zu 1.360.<\/p>\n","protected":false},"excerpt":{"rendered":"<p>Die 5-Achsen-Pr\u00e4zisionswerkzeugschleifmaschine GrindSmart\u00ae 530XW wurde f\u00fcr die Herstellung von Hochleistungs-Rotationsschneidwerkzeugen in sowohl langen als auch kurzen Chargen entwickelt und deckt einen weiten Durchmesserbereich von \u00d8 ab. 0,1 bis 20,0 mm [&#8230;]\n","protected":false},"featured_media":9182,"template":"","meta":{"_acf_changed":false},"industry":[],"tool-material":[],"tool-range":[390],"tool-type":[379,380,381,382,423,383,422],"product_brand":[],"product_cat":[518,561,562],"product_tag":[563],"class_list":{"0":"post-32704","1":"product","2":"type-product","3":"status-publish","4":"has-post-thumbnail","6":"tool-range-1-20mm","7":"tool-type-boring-bars","8":"tool-type-burs","9":"tool-type-drills","10":"tool-type-end-mill","11":"tool-type-form-tools","12":"tool-type-reamers","13":"tool-type-taps","14":"product_cat-grindsmart-de","15":"product_cat-rotary-cutting-tools-de","16":"product_cat-cutting-tool-grinding-de","17":"product_tag-cutting-tool-grinding-de","19":"first","20":"instock","21":"shipping-taxable","22":"product-type-simple"},"acf":[],"yoast_head":"<!-- This site is optimized with the Yoast SEO plugin v27.0 - https:\/\/yoast.com\/product\/yoast-seo-wordpress\/ -->\n<title>GrindSmart\u00ae 530XW - Rollomatic<\/title>\n<meta name=\"description\" content=\"5-Achsen-Pr\u00e4zisionswerkzeugschleifmaschine f\u00fcr die Herstellung von Standard- und Hochleistungs-Schneidwerkzeugen mit einem Durchmesser von \u00d8 0,5 - 20,0 mm (.02&quot;\u2013 3\/4&quot;)\" \/>\n<meta name=\"robots\" content=\"index, follow, max-snippet:-1, max-image-preview:large, max-video-preview:-1\" \/>\n<link rel=\"canonical\" href=\"https:\/\/www.rollomatic.ch\/de\/produkt\/grindsmart-530xw\/\" \/>\n<meta property=\"og:locale\" content=\"de_DE\" \/>\n<meta property=\"og:type\" content=\"article\" \/>\n<meta property=\"og:title\" content=\"GrindSmart\u00ae 530XW - Rollomatic\" \/>\n<meta property=\"og:description\" content=\"5-Achsen-Pr\u00e4zisionswerkzeugschleifmaschine f\u00fcr die Herstellung von Standard- und Hochleistungs-Schneidwerkzeugen mit einem Durchmesser von \u00d8 0,5 - 20,0 mm (.02&quot;\u2013 3\/4&quot;)\" \/>\n<meta property=\"og:url\" content=\"https:\/\/www.rollomatic.ch\/de\/produkt\/grindsmart-530xw\/\" \/>\n<meta property=\"og:site_name\" content=\"Rollomatic\" \/>\n<meta property=\"article:publisher\" content=\"https:\/\/www.facebook.com\/rollomatic\/\" \/>\n<meta property=\"article:modified_time\" content=\"2025-05-13T12:01:03+00:00\" \/>\n<meta property=\"og:image\" content=\"https:\/\/www.rollomatic.ch\/wp-content\/uploads\/530XW-SHINY_1.webp\" \/>\n\t<meta property=\"og:image:width\" content=\"2560\" \/>\n\t<meta property=\"og:image:height\" content=\"1440\" \/>\n\t<meta property=\"og:image:type\" content=\"image\/webp\" \/>\n<meta name=\"twitter:card\" content=\"summary_large_image\" \/>\n<meta name=\"twitter:site\" content=\"@rollomatics\" \/>\n<meta name=\"twitter:label1\" content=\"Gesch\u00e4tzte Lesezeit\" \/>\n\t<meta name=\"twitter:data1\" content=\"1\u00a0Minute\" \/>\n<script type=\"application\/ld+json\" class=\"yoast-schema-graph\">{\"@context\":\"https:\/\/schema.org\",\"@graph\":[{\"@type\":\"WebPage\",\"@id\":\"https:\/\/www.rollomatic.ch\/de\/produkt\/grindsmart-530xw\/\",\"url\":\"https:\/\/www.rollomatic.ch\/de\/produkt\/grindsmart-530xw\/\",\"name\":\"GrindSmart\u00ae 530XW - Rollomatic\",\"isPartOf\":{\"@id\":\"https:\/\/www.rollomatic.ch\/de\/#website\"},\"primaryImageOfPage\":{\"@id\":\"https:\/\/www.rollomatic.ch\/de\/produkt\/grindsmart-530xw\/#primaryimage\"},\"image\":{\"@id\":\"https:\/\/www.rollomatic.ch\/de\/produkt\/grindsmart-530xw\/#primaryimage\"},\"thumbnailUrl\":\"https:\/\/www.rollomatic.ch\/wp-content\/uploads\/530XW-SHINY_1.webp\",\"datePublished\":\"2020-11-25T15:02:22+00:00\",\"dateModified\":\"2025-05-13T12:01:03+00:00\",\"description\":\"5-Achsen-Pr\u00e4zisionswerkzeugschleifmaschine f\u00fcr die Herstellung von Standard- und Hochleistungs-Schneidwerkzeugen mit einem Durchmesser von \u00d8 0,5 - 20,0 mm (.02\\\"\u2013 3\/4\\\")\",\"breadcrumb\":{\"@id\":\"https:\/\/www.rollomatic.ch\/de\/produkt\/grindsmart-530xw\/#breadcrumb\"},\"inLanguage\":\"de\",\"potentialAction\":[{\"@type\":\"ReadAction\",\"target\":[\"https:\/\/www.rollomatic.ch\/de\/produkt\/grindsmart-530xw\/\"]}]},{\"@type\":\"ImageObject\",\"inLanguage\":\"de\",\"@id\":\"https:\/\/www.rollomatic.ch\/de\/produkt\/grindsmart-530xw\/#primaryimage\",\"url\":\"https:\/\/www.rollomatic.ch\/wp-content\/uploads\/530XW-SHINY_1.webp\",\"contentUrl\":\"https:\/\/www.rollomatic.ch\/wp-content\/uploads\/530XW-SHINY_1.webp\",\"width\":2560,\"height\":1440},{\"@type\":\"BreadcrumbList\",\"@id\":\"https:\/\/www.rollomatic.ch\/de\/produkt\/grindsmart-530xw\/#breadcrumb\",\"itemListElement\":[{\"@type\":\"ListItem\",\"position\":1,\"name\":\"Home\",\"item\":\"https:\/\/www.rollomatic.ch\/de\/\"},{\"@type\":\"ListItem\",\"position\":2,\"name\":\"Katalog\",\"item\":\"https:\/\/www.rollomatic.ch\/de\/katalog\/\"},{\"@type\":\"ListItem\",\"position\":3,\"name\":\"GrindSmart\u00ae 530XW\"}]},{\"@type\":\"WebSite\",\"@id\":\"https:\/\/www.rollomatic.ch\/de\/#website\",\"url\":\"https:\/\/www.rollomatic.ch\/de\/\",\"name\":\"Rollomatic\",\"description\":\"\",\"publisher\":{\"@id\":\"https:\/\/www.rollomatic.ch\/de\/#organization\"},\"potentialAction\":[{\"@type\":\"SearchAction\",\"target\":{\"@type\":\"EntryPoint\",\"urlTemplate\":\"https:\/\/www.rollomatic.ch\/de\/?s={search_term_string}\"},\"query-input\":{\"@type\":\"PropertyValueSpecification\",\"valueRequired\":true,\"valueName\":\"search_term_string\"}}],\"inLanguage\":\"de\"},{\"@type\":\"Organization\",\"@id\":\"https:\/\/www.rollomatic.ch\/de\/#organization\",\"name\":\"Rollomatic S.A.\",\"url\":\"https:\/\/www.rollomatic.ch\/de\/\",\"logo\":{\"@type\":\"ImageObject\",\"inLanguage\":\"de\",\"@id\":\"https:\/\/www.rollomatic.ch\/de\/#\/schema\/logo\/image\/\",\"url\":\"https:\/\/www.rollomatic.ch\/wp-content\/uploads\/logomark_300.png\",\"contentUrl\":\"https:\/\/www.rollomatic.ch\/wp-content\/uploads\/logomark_300.png\",\"width\":300,\"height\":169,\"caption\":\"Rollomatic S.A.\"},\"image\":{\"@id\":\"https:\/\/www.rollomatic.ch\/de\/#\/schema\/logo\/image\/\"},\"sameAs\":[\"https:\/\/www.facebook.com\/rollomatic\/\",\"https:\/\/x.com\/rollomatics\",\"https:\/\/www.linkedin.com\/company\/rollomatic-sa\/\"]}]}<\/script>\n<!-- \/ Yoast SEO plugin. -->","yoast_head_json":{"title":"GrindSmart\u00ae 530XW - Rollomatic","description":"5-Achsen-Pr\u00e4zisionswerkzeugschleifmaschine f\u00fcr die Herstellung von Standard- und Hochleistungs-Schneidwerkzeugen mit einem Durchmesser von \u00d8 0,5 - 20,0 mm (.02\"\u2013 3\/4\")","robots":{"index":"index","follow":"follow","max-snippet":"max-snippet:-1","max-image-preview":"max-image-preview:large","max-video-preview":"max-video-preview:-1"},"canonical":"https:\/\/www.rollomatic.ch\/de\/produkt\/grindsmart-530xw\/","og_locale":"de_DE","og_type":"article","og_title":"GrindSmart\u00ae 530XW - Rollomatic","og_description":"5-Achsen-Pr\u00e4zisionswerkzeugschleifmaschine f\u00fcr die Herstellung von Standard- und Hochleistungs-Schneidwerkzeugen mit einem Durchmesser von \u00d8 0,5 - 20,0 mm (.02\"\u2013 3\/4\")","og_url":"https:\/\/www.rollomatic.ch\/de\/produkt\/grindsmart-530xw\/","og_site_name":"Rollomatic","article_publisher":"https:\/\/www.facebook.com\/rollomatic\/","article_modified_time":"2025-05-13T12:01:03+00:00","og_image":[{"width":2560,"height":1440,"url":"https:\/\/www.rollomatic.ch\/wp-content\/uploads\/530XW-SHINY_1.webp","type":"image\/webp"}],"twitter_card":"summary_large_image","twitter_site":"@rollomatics","twitter_misc":{"Gesch\u00e4tzte Lesezeit":"1\u00a0Minute"},"schema":{"@context":"https:\/\/schema.org","@graph":[{"@type":"WebPage","@id":"https:\/\/www.rollomatic.ch\/de\/produkt\/grindsmart-530xw\/","url":"https:\/\/www.rollomatic.ch\/de\/produkt\/grindsmart-530xw\/","name":"GrindSmart\u00ae 530XW - Rollomatic","isPartOf":{"@id":"https:\/\/www.rollomatic.ch\/de\/#website"},"primaryImageOfPage":{"@id":"https:\/\/www.rollomatic.ch\/de\/produkt\/grindsmart-530xw\/#primaryimage"},"image":{"@id":"https:\/\/www.rollomatic.ch\/de\/produkt\/grindsmart-530xw\/#primaryimage"},"thumbnailUrl":"https:\/\/www.rollomatic.ch\/wp-content\/uploads\/530XW-SHINY_1.webp","datePublished":"2020-11-25T15:02:22+00:00","dateModified":"2025-05-13T12:01:03+00:00","description":"5-Achsen-Pr\u00e4zisionswerkzeugschleifmaschine f\u00fcr die Herstellung von Standard- und Hochleistungs-Schneidwerkzeugen mit einem Durchmesser von \u00d8 0,5 - 20,0 mm (.02\"\u2013 3\/4\")","breadcrumb":{"@id":"https:\/\/www.rollomatic.ch\/de\/produkt\/grindsmart-530xw\/#breadcrumb"},"inLanguage":"de","potentialAction":[{"@type":"ReadAction","target":["https:\/\/www.rollomatic.ch\/de\/produkt\/grindsmart-530xw\/"]}]},{"@type":"ImageObject","inLanguage":"de","@id":"https:\/\/www.rollomatic.ch\/de\/produkt\/grindsmart-530xw\/#primaryimage","url":"https:\/\/www.rollomatic.ch\/wp-content\/uploads\/530XW-SHINY_1.webp","contentUrl":"https:\/\/www.rollomatic.ch\/wp-content\/uploads\/530XW-SHINY_1.webp","width":2560,"height":1440},{"@type":"BreadcrumbList","@id":"https:\/\/www.rollomatic.ch\/de\/produkt\/grindsmart-530xw\/#breadcrumb","itemListElement":[{"@type":"ListItem","position":1,"name":"Home","item":"https:\/\/www.rollomatic.ch\/de\/"},{"@type":"ListItem","position":2,"name":"Katalog","item":"https:\/\/www.rollomatic.ch\/de\/katalog\/"},{"@type":"ListItem","position":3,"name":"GrindSmart\u00ae 530XW"}]},{"@type":"WebSite","@id":"https:\/\/www.rollomatic.ch\/de\/#website","url":"https:\/\/www.rollomatic.ch\/de\/","name":"Rollomatic","description":"","publisher":{"@id":"https:\/\/www.rollomatic.ch\/de\/#organization"},"potentialAction":[{"@type":"SearchAction","target":{"@type":"EntryPoint","urlTemplate":"https:\/\/www.rollomatic.ch\/de\/?s={search_term_string}"},"query-input":{"@type":"PropertyValueSpecification","valueRequired":true,"valueName":"search_term_string"}}],"inLanguage":"de"},{"@type":"Organization","@id":"https:\/\/www.rollomatic.ch\/de\/#organization","name":"Rollomatic S.A.","url":"https:\/\/www.rollomatic.ch\/de\/","logo":{"@type":"ImageObject","inLanguage":"de","@id":"https:\/\/www.rollomatic.ch\/de\/#\/schema\/logo\/image\/","url":"https:\/\/www.rollomatic.ch\/wp-content\/uploads\/logomark_300.png","contentUrl":"https:\/\/www.rollomatic.ch\/wp-content\/uploads\/logomark_300.png","width":300,"height":169,"caption":"Rollomatic S.A."},"image":{"@id":"https:\/\/www.rollomatic.ch\/de\/#\/schema\/logo\/image\/"},"sameAs":["https:\/\/www.facebook.com\/rollomatic\/","https:\/\/x.com\/rollomatics","https:\/\/www.linkedin.com\/company\/rollomatic-sa\/"]}]}},"_links":{"self":[{"href":"https:\/\/www.rollomatic.ch\/de\/wp-json\/wp\/v2\/product\/32704","targetHints":{"allow":["GET"]}}],"collection":[{"href":"https:\/\/www.rollomatic.ch\/de\/wp-json\/wp\/v2\/product"}],"about":[{"href":"https:\/\/www.rollomatic.ch\/de\/wp-json\/wp\/v2\/types\/product"}],"wp:featuredmedia":[{"embeddable":true,"href":"https:\/\/www.rollomatic.ch\/de\/wp-json\/wp\/v2\/media\/9182"}],"wp:attachment":[{"href":"https:\/\/www.rollomatic.ch\/de\/wp-json\/wp\/v2\/media?parent=32704"}],"wp:term":[{"taxonomy":"industry","embeddable":true,"href":"https:\/\/www.rollomatic.ch\/de\/wp-json\/wp\/v2\/industry?post=32704"},{"taxonomy":"tool-material","embeddable":true,"href":"https:\/\/www.rollomatic.ch\/de\/wp-json\/wp\/v2\/tool-material?post=32704"},{"taxonomy":"tool-range","embeddable":true,"href":"https:\/\/www.rollomatic.ch\/de\/wp-json\/wp\/v2\/tool-range?post=32704"},{"taxonomy":"tool-type","embeddable":true,"href":"https:\/\/www.rollomatic.ch\/de\/wp-json\/wp\/v2\/tool-type?post=32704"},{"taxonomy":"product_brand","embeddable":true,"href":"https:\/\/www.rollomatic.ch\/de\/wp-json\/wp\/v2\/product_brand?post=32704"},{"taxonomy":"product_cat","embeddable":true,"href":"https:\/\/www.rollomatic.ch\/de\/wp-json\/wp\/v2\/product_cat?post=32704"},{"taxonomy":"product_tag","embeddable":true,"href":"https:\/\/www.rollomatic.ch\/de\/wp-json\/wp\/v2\/product_tag?post=32704"}],"curies":[{"name":"wp","href":"https:\/\/api.w.org\/{rel}","templated":true}]}}