{"id":32779,"date":"2020-12-01T21:32:50","date_gmt":"2020-12-01T21:32:50","guid":{"rendered":"https:\/\/www.rollomatic.ch\/product\/grindsmart-630xw3\/"},"modified":"2025-05-13T12:00:59","modified_gmt":"2025-05-13T12:00:59","slug":"grindsmart-630xw3","status":"publish","type":"product","link":"https:\/\/www.rollomatic.ch\/de\/produkt\/grindsmart-630xw3\/","title":{"rendered":"GrindSmart\u00ae 630XW3"},"content":{"rendered":"<p>Der 6-Achsen Pr\u00e4zisionswerkzeugschleifer GrindSmart\u00ae 630XW3 wurde f\u00fcr Hochleistung und Spezialwerkzeugherstellung f\u00fcr sowohl lange als auch kurze Serien ausgelegt. Er ist mit Linearmotoren ausgestattet, kombiniert mit dem Torquemotor auf der Rotationsachse, bietet mehr Vorteile wie verbesserte Oberfl\u00e4chenqualit\u00e4t und reduzierte Wartungskosten. Das \u00d6l zur K\u00fchlung und Schmierung der Linearmotoren ist dasselbe wie das K\u00fchlmittel\u00f6l. Dies gew\u00e4hrleistet eine konsistente thermische Stabilit\u00e4t w\u00e4hrend des Setups und der Produktion ohne zus\u00e4tzlichen Energieverbrauch.<\/p>\n<p>Das Konzept der sechsten Achse dieser Maschine ist einzigartig in der Schleifindustrie. Es bietet verbesserte Genauigkeit bei Kugelnasenfr\u00e4sern oder Eckradien mit der M\u00f6glichkeit, die Schleifscheiben zu neigen, und erm\u00f6glicht einfacheres Programmieren mit k\u00fcrzeren Leerbewegungen w\u00e4hrend der Schleifoperationen. Diese Maschine deckt einen breiten Durchmesserbereich von \u00d8 0,1 bis 20,0 mm (.004&#8243; &#8211; .75&#8243;) ab. Standardm\u00e4\u00dfig beinhaltet dieses Modell einen automatischen Hochgeschwindigkeits-Pick &amp; Place-Werkzeuglader mit einer Kapazit\u00e4t von bis zu 1.360 Werkzeugen mit einem Hochgeschwindigkeits-Scheiben- &amp; D\u00fcsentr\u00e4ger mit 16 Positionen.<\/p>\n","protected":false},"excerpt":{"rendered":"<p>Der 6-Achsen Pr\u00e4zisionswerkzeugschleifer GrindSmart\u00ae 630XW3 wurde f\u00fcr Hochleistung und Spezialwerkzeugherstellung f\u00fcr sowohl lange als auch kurze Serien ausgelegt. Er ist mit Linearmotoren ausgestattet, kombiniert mit dem Torquemotor auf der Rotationsachse, [&#8230;]\n","protected":false},"featured_media":9194,"template":"","meta":{"_acf_changed":false},"industry":[],"tool-material":[],"tool-range":[385],"tool-type":[424,379,380,381,382,423,383,422],"product_brand":[],"product_cat":[518,521,561,562],"product_tag":[563],"class_list":{"0":"post-32779","1":"product","2":"type-product","3":"status-publish","4":"has-post-thumbnail","6":"tool-range-1-32mm","7":"tool-type-blades","8":"tool-type-boring-bars","9":"tool-type-burs","10":"tool-type-drills","11":"tool-type-end-mill","12":"tool-type-form-tools","13":"tool-type-reamers","14":"tool-type-taps","15":"product_cat-grindsmart-de","16":"product_cat-inserts-and-boring-bars-de","17":"product_cat-rotary-cutting-tools-de","18":"product_cat-cutting-tool-grinding-de","19":"product_tag-cutting-tool-grinding-de","21":"first","22":"instock","23":"shipping-taxable","24":"product-type-simple"},"acf":[],"yoast_head":"<!-- This site is optimized with the Yoast SEO plugin v27.0 - https:\/\/yoast.com\/product\/yoast-seo-wordpress\/ -->\n<title>GrindSmart\u00ae 630XW3 - Rollomatic<\/title>\n<meta name=\"description\" content=\"6-Achsen Super-Pr\u00e4zisionswerkzeugschleifer mit dem neuen automatischen Scheibenwechsler, der bis zu 16 Scheibenpakete fasst, Fertigung von Schneidwerkzeugen zwischen \u00d8 0,1 \u2013 20,0 mm (.004&quot;\u2013 5\/8&quot;)\" \/>\n<meta name=\"robots\" content=\"index, follow, max-snippet:-1, max-image-preview:large, max-video-preview:-1\" \/>\n<link rel=\"canonical\" href=\"https:\/\/www.rollomatic.ch\/de\/produkt\/grindsmart-630xw3\/\" \/>\n<meta property=\"og:locale\" content=\"de_DE\" \/>\n<meta property=\"og:type\" content=\"article\" \/>\n<meta property=\"og:title\" content=\"GrindSmart\u00ae 630XW3 - Rollomatic\" \/>\n<meta property=\"og:description\" content=\"6-Achsen Super-Pr\u00e4zisionswerkzeugschleifer mit dem neuen automatischen Scheibenwechsler, der bis zu 16 Scheibenpakete fasst, Fertigung von Schneidwerkzeugen zwischen \u00d8 0,1 \u2013 20,0 mm (.004&quot;\u2013 5\/8&quot;)\" \/>\n<meta property=\"og:url\" content=\"https:\/\/www.rollomatic.ch\/de\/produkt\/grindsmart-630xw3\/\" \/>\n<meta property=\"og:site_name\" content=\"Rollomatic\" \/>\n<meta property=\"article:publisher\" content=\"https:\/\/www.facebook.com\/rollomatic\/\" \/>\n<meta property=\"article:modified_time\" content=\"2025-05-13T12:00:59+00:00\" \/>\n<meta property=\"og:image\" content=\"https:\/\/www.rollomatic.ch\/wp-content\/uploads\/630XW3-SHINY_1-2.webp\" \/>\n\t<meta property=\"og:image:width\" content=\"2560\" \/>\n\t<meta property=\"og:image:height\" content=\"1440\" \/>\n\t<meta property=\"og:image:type\" content=\"image\/webp\" \/>\n<meta name=\"twitter:card\" content=\"summary_large_image\" \/>\n<meta name=\"twitter:site\" content=\"@rollomatics\" \/>\n<meta name=\"twitter:label1\" content=\"Gesch\u00e4tzte Lesezeit\" \/>\n\t<meta name=\"twitter:data1\" content=\"1\u00a0Minute\" \/>\n<script type=\"application\/ld+json\" class=\"yoast-schema-graph\">{\"@context\":\"https:\/\/schema.org\",\"@graph\":[{\"@type\":\"WebPage\",\"@id\":\"https:\/\/www.rollomatic.ch\/de\/produkt\/grindsmart-630xw3\/\",\"url\":\"https:\/\/www.rollomatic.ch\/de\/produkt\/grindsmart-630xw3\/\",\"name\":\"GrindSmart\u00ae 630XW3 - Rollomatic\",\"isPartOf\":{\"@id\":\"https:\/\/www.rollomatic.ch\/de\/#website\"},\"primaryImageOfPage\":{\"@id\":\"https:\/\/www.rollomatic.ch\/de\/produkt\/grindsmart-630xw3\/#primaryimage\"},\"image\":{\"@id\":\"https:\/\/www.rollomatic.ch\/de\/produkt\/grindsmart-630xw3\/#primaryimage\"},\"thumbnailUrl\":\"https:\/\/www.rollomatic.ch\/wp-content\/uploads\/630XW3-SHINY_1-2.webp\",\"datePublished\":\"2020-12-01T21:32:50+00:00\",\"dateModified\":\"2025-05-13T12:00:59+00:00\",\"description\":\"6-Achsen Super-Pr\u00e4zisionswerkzeugschleifer mit dem neuen automatischen Scheibenwechsler, der bis zu 16 Scheibenpakete fasst, Fertigung von Schneidwerkzeugen zwischen \u00d8 0,1 \u2013 20,0 mm (.004\\\"\u2013 5\/8\\\")\",\"breadcrumb\":{\"@id\":\"https:\/\/www.rollomatic.ch\/de\/produkt\/grindsmart-630xw3\/#breadcrumb\"},\"inLanguage\":\"de\",\"potentialAction\":[{\"@type\":\"ReadAction\",\"target\":[\"https:\/\/www.rollomatic.ch\/de\/produkt\/grindsmart-630xw3\/\"]}]},{\"@type\":\"ImageObject\",\"inLanguage\":\"de\",\"@id\":\"https:\/\/www.rollomatic.ch\/de\/produkt\/grindsmart-630xw3\/#primaryimage\",\"url\":\"https:\/\/www.rollomatic.ch\/wp-content\/uploads\/630XW3-SHINY_1-2.webp\",\"contentUrl\":\"https:\/\/www.rollomatic.ch\/wp-content\/uploads\/630XW3-SHINY_1-2.webp\",\"width\":2560,\"height\":1440},{\"@type\":\"BreadcrumbList\",\"@id\":\"https:\/\/www.rollomatic.ch\/de\/produkt\/grindsmart-630xw3\/#breadcrumb\",\"itemListElement\":[{\"@type\":\"ListItem\",\"position\":1,\"name\":\"Home\",\"item\":\"https:\/\/www.rollomatic.ch\/de\/\"},{\"@type\":\"ListItem\",\"position\":2,\"name\":\"Katalog\",\"item\":\"https:\/\/www.rollomatic.ch\/de\/katalog\/\"},{\"@type\":\"ListItem\",\"position\":3,\"name\":\"GrindSmart\u00ae 630XW3\"}]},{\"@type\":\"WebSite\",\"@id\":\"https:\/\/www.rollomatic.ch\/de\/#website\",\"url\":\"https:\/\/www.rollomatic.ch\/de\/\",\"name\":\"Rollomatic\",\"description\":\"\",\"publisher\":{\"@id\":\"https:\/\/www.rollomatic.ch\/de\/#organization\"},\"potentialAction\":[{\"@type\":\"SearchAction\",\"target\":{\"@type\":\"EntryPoint\",\"urlTemplate\":\"https:\/\/www.rollomatic.ch\/de\/?s={search_term_string}\"},\"query-input\":{\"@type\":\"PropertyValueSpecification\",\"valueRequired\":true,\"valueName\":\"search_term_string\"}}],\"inLanguage\":\"de\"},{\"@type\":\"Organization\",\"@id\":\"https:\/\/www.rollomatic.ch\/de\/#organization\",\"name\":\"Rollomatic S.A.\",\"url\":\"https:\/\/www.rollomatic.ch\/de\/\",\"logo\":{\"@type\":\"ImageObject\",\"inLanguage\":\"de\",\"@id\":\"https:\/\/www.rollomatic.ch\/de\/#\/schema\/logo\/image\/\",\"url\":\"https:\/\/www.rollomatic.ch\/wp-content\/uploads\/logomark_300.png\",\"contentUrl\":\"https:\/\/www.rollomatic.ch\/wp-content\/uploads\/logomark_300.png\",\"width\":300,\"height\":169,\"caption\":\"Rollomatic S.A.\"},\"image\":{\"@id\":\"https:\/\/www.rollomatic.ch\/de\/#\/schema\/logo\/image\/\"},\"sameAs\":[\"https:\/\/www.facebook.com\/rollomatic\/\",\"https:\/\/x.com\/rollomatics\",\"https:\/\/www.linkedin.com\/company\/rollomatic-sa\/\"]}]}<\/script>\n<!-- \/ Yoast SEO plugin. -->","yoast_head_json":{"title":"GrindSmart\u00ae 630XW3 - Rollomatic","description":"6-Achsen Super-Pr\u00e4zisionswerkzeugschleifer mit dem neuen automatischen Scheibenwechsler, der bis zu 16 Scheibenpakete fasst, Fertigung von Schneidwerkzeugen zwischen \u00d8 0,1 \u2013 20,0 mm (.004\"\u2013 5\/8\")","robots":{"index":"index","follow":"follow","max-snippet":"max-snippet:-1","max-image-preview":"max-image-preview:large","max-video-preview":"max-video-preview:-1"},"canonical":"https:\/\/www.rollomatic.ch\/de\/produkt\/grindsmart-630xw3\/","og_locale":"de_DE","og_type":"article","og_title":"GrindSmart\u00ae 630XW3 - Rollomatic","og_description":"6-Achsen Super-Pr\u00e4zisionswerkzeugschleifer mit dem neuen automatischen Scheibenwechsler, der bis zu 16 Scheibenpakete fasst, Fertigung von Schneidwerkzeugen zwischen \u00d8 0,1 \u2013 20,0 mm (.004\"\u2013 5\/8\")","og_url":"https:\/\/www.rollomatic.ch\/de\/produkt\/grindsmart-630xw3\/","og_site_name":"Rollomatic","article_publisher":"https:\/\/www.facebook.com\/rollomatic\/","article_modified_time":"2025-05-13T12:00:59+00:00","og_image":[{"width":2560,"height":1440,"url":"https:\/\/www.rollomatic.ch\/wp-content\/uploads\/630XW3-SHINY_1-2.webp","type":"image\/webp"}],"twitter_card":"summary_large_image","twitter_site":"@rollomatics","twitter_misc":{"Gesch\u00e4tzte Lesezeit":"1\u00a0Minute"},"schema":{"@context":"https:\/\/schema.org","@graph":[{"@type":"WebPage","@id":"https:\/\/www.rollomatic.ch\/de\/produkt\/grindsmart-630xw3\/","url":"https:\/\/www.rollomatic.ch\/de\/produkt\/grindsmart-630xw3\/","name":"GrindSmart\u00ae 630XW3 - Rollomatic","isPartOf":{"@id":"https:\/\/www.rollomatic.ch\/de\/#website"},"primaryImageOfPage":{"@id":"https:\/\/www.rollomatic.ch\/de\/produkt\/grindsmart-630xw3\/#primaryimage"},"image":{"@id":"https:\/\/www.rollomatic.ch\/de\/produkt\/grindsmart-630xw3\/#primaryimage"},"thumbnailUrl":"https:\/\/www.rollomatic.ch\/wp-content\/uploads\/630XW3-SHINY_1-2.webp","datePublished":"2020-12-01T21:32:50+00:00","dateModified":"2025-05-13T12:00:59+00:00","description":"6-Achsen Super-Pr\u00e4zisionswerkzeugschleifer mit dem neuen automatischen Scheibenwechsler, der bis zu 16 Scheibenpakete fasst, Fertigung von Schneidwerkzeugen zwischen \u00d8 0,1 \u2013 20,0 mm (.004\"\u2013 5\/8\")","breadcrumb":{"@id":"https:\/\/www.rollomatic.ch\/de\/produkt\/grindsmart-630xw3\/#breadcrumb"},"inLanguage":"de","potentialAction":[{"@type":"ReadAction","target":["https:\/\/www.rollomatic.ch\/de\/produkt\/grindsmart-630xw3\/"]}]},{"@type":"ImageObject","inLanguage":"de","@id":"https:\/\/www.rollomatic.ch\/de\/produkt\/grindsmart-630xw3\/#primaryimage","url":"https:\/\/www.rollomatic.ch\/wp-content\/uploads\/630XW3-SHINY_1-2.webp","contentUrl":"https:\/\/www.rollomatic.ch\/wp-content\/uploads\/630XW3-SHINY_1-2.webp","width":2560,"height":1440},{"@type":"BreadcrumbList","@id":"https:\/\/www.rollomatic.ch\/de\/produkt\/grindsmart-630xw3\/#breadcrumb","itemListElement":[{"@type":"ListItem","position":1,"name":"Home","item":"https:\/\/www.rollomatic.ch\/de\/"},{"@type":"ListItem","position":2,"name":"Katalog","item":"https:\/\/www.rollomatic.ch\/de\/katalog\/"},{"@type":"ListItem","position":3,"name":"GrindSmart\u00ae 630XW3"}]},{"@type":"WebSite","@id":"https:\/\/www.rollomatic.ch\/de\/#website","url":"https:\/\/www.rollomatic.ch\/de\/","name":"Rollomatic","description":"","publisher":{"@id":"https:\/\/www.rollomatic.ch\/de\/#organization"},"potentialAction":[{"@type":"SearchAction","target":{"@type":"EntryPoint","urlTemplate":"https:\/\/www.rollomatic.ch\/de\/?s={search_term_string}"},"query-input":{"@type":"PropertyValueSpecification","valueRequired":true,"valueName":"search_term_string"}}],"inLanguage":"de"},{"@type":"Organization","@id":"https:\/\/www.rollomatic.ch\/de\/#organization","name":"Rollomatic S.A.","url":"https:\/\/www.rollomatic.ch\/de\/","logo":{"@type":"ImageObject","inLanguage":"de","@id":"https:\/\/www.rollomatic.ch\/de\/#\/schema\/logo\/image\/","url":"https:\/\/www.rollomatic.ch\/wp-content\/uploads\/logomark_300.png","contentUrl":"https:\/\/www.rollomatic.ch\/wp-content\/uploads\/logomark_300.png","width":300,"height":169,"caption":"Rollomatic S.A."},"image":{"@id":"https:\/\/www.rollomatic.ch\/de\/#\/schema\/logo\/image\/"},"sameAs":["https:\/\/www.facebook.com\/rollomatic\/","https:\/\/x.com\/rollomatics","https:\/\/www.linkedin.com\/company\/rollomatic-sa\/"]}]}},"_links":{"self":[{"href":"https:\/\/www.rollomatic.ch\/de\/wp-json\/wp\/v2\/product\/32779","targetHints":{"allow":["GET"]}}],"collection":[{"href":"https:\/\/www.rollomatic.ch\/de\/wp-json\/wp\/v2\/product"}],"about":[{"href":"https:\/\/www.rollomatic.ch\/de\/wp-json\/wp\/v2\/types\/product"}],"wp:featuredmedia":[{"embeddable":true,"href":"https:\/\/www.rollomatic.ch\/de\/wp-json\/wp\/v2\/media\/9194"}],"wp:attachment":[{"href":"https:\/\/www.rollomatic.ch\/de\/wp-json\/wp\/v2\/media?parent=32779"}],"wp:term":[{"taxonomy":"industry","embeddable":true,"href":"https:\/\/www.rollomatic.ch\/de\/wp-json\/wp\/v2\/industry?post=32779"},{"taxonomy":"tool-material","embeddable":true,"href":"https:\/\/www.rollomatic.ch\/de\/wp-json\/wp\/v2\/tool-material?post=32779"},{"taxonomy":"tool-range","embeddable":true,"href":"https:\/\/www.rollomatic.ch\/de\/wp-json\/wp\/v2\/tool-range?post=32779"},{"taxonomy":"tool-type","embeddable":true,"href":"https:\/\/www.rollomatic.ch\/de\/wp-json\/wp\/v2\/tool-type?post=32779"},{"taxonomy":"product_brand","embeddable":true,"href":"https:\/\/www.rollomatic.ch\/de\/wp-json\/wp\/v2\/product_brand?post=32779"},{"taxonomy":"product_cat","embeddable":true,"href":"https:\/\/www.rollomatic.ch\/de\/wp-json\/wp\/v2\/product_cat?post=32779"},{"taxonomy":"product_tag","embeddable":true,"href":"https:\/\/www.rollomatic.ch\/de\/wp-json\/wp\/v2\/product_tag?post=32779"}],"curies":[{"name":"wp","href":"https:\/\/api.w.org\/{rel}","templated":true}]}}