{"id":32794,"date":"2020-10-25T15:43:23","date_gmt":"2020-10-25T15:43:23","guid":{"rendered":"https:\/\/www.rollomatic.ch\/product\/grindsmart830xw\/"},"modified":"2025-05-13T12:01:16","modified_gmt":"2025-05-13T12:01:16","slug":"grindsmart830xw","status":"publish","type":"product","link":"https:\/\/www.rollomatic.ch\/de\/produkt\/grindsmart830xw\/","title":{"rendered":"GrindSmart\u00ae830XW"},"content":{"rendered":"<p>Der GrindSmart\u00ae830XW vereint innovative hydrostatische Technologie und Linearmotoren, um gro\u00dfe und kleine Serien mit simultan interpolierten 6 Achsen zu produzieren. Dieses Konzept bietet eine au\u00dfergew\u00f6hnlich hohe Steifigkeit und d\u00e4mpft die beim Schleifen nat\u00fcrlich auftretenden Vibrationen, wodurch die Lebensdauer der Schleifr\u00e4der erh\u00f6ht wird und Oberfl\u00e4chenveredelungen sowie scharfe Schneidkanten gew\u00e4hrleistet werden, die den Anwendern einen echten Wettbewerbsvorteil bieten. Unbeaufsichtigte Produktion ist ein zus\u00e4tzlicher Prozess, der in diese Maschine integriert wurde, um eine langfristige Fertigung ohne menschliches Eingreifen zu erm\u00f6glichen.<\/p>\n","protected":false},"excerpt":{"rendered":"<p>Der GrindSmart\u00ae830XW vereint innovative hydrostatische Technologie und Linearmotoren, um gro\u00dfe und kleine Serien mit simultan interpolierten 6 Achsen zu produzieren. Dieses Konzept bietet eine au\u00dfergew\u00f6hnlich hohe Steifigkeit und d\u00e4mpft die [&#8230;]\n","protected":false},"featured_media":9202,"template":"","meta":{"_acf_changed":false},"industry":[613,621,610,624],"tool-material":[],"tool-range":[385],"tool-type":[379,380,381,382,423,383,422],"product_brand":[],"product_cat":[518,561,562],"product_tag":[563],"class_list":{"0":"post-32794","1":"product","2":"type-product","3":"status-publish","4":"has-post-thumbnail","6":"industry-automotive-ev-de","7":"industry-woodworking-de","8":"industry-aerospace-de","9":"industry-custom-applications-de","10":"tool-range-1-32mm","11":"tool-type-boring-bars","12":"tool-type-burs","13":"tool-type-drills","14":"tool-type-end-mill","15":"tool-type-form-tools","16":"tool-type-reamers","17":"tool-type-taps","18":"product_cat-grindsmart-de","19":"product_cat-rotary-cutting-tools-de","20":"product_cat-cutting-tool-grinding-de","21":"product_tag-cutting-tool-grinding-de","23":"first","24":"instock","25":"shipping-taxable","26":"product-type-simple"},"acf":[],"yoast_head":"<!-- This site is optimized with the Yoast SEO plugin v27.0 - https:\/\/yoast.com\/product\/yoast-seo-wordpress\/ -->\n<title>GrindSmart\u00ae830XW - Rollomatic<\/title>\n<meta name=\"description\" content=\"Hydrostatische und lineare 6-Achsen-Werkzeugschleifmaschine mit einer Kapazit\u00e4t von 1 mm bis 32 mm (40\u201d bis 1.1\/4\u201d) Durchmesser. Keine Leistungseinbu\u00dfen und niedrige Wartungskosten.\" \/>\n<meta name=\"robots\" content=\"index, follow, max-snippet:-1, max-image-preview:large, max-video-preview:-1\" \/>\n<link rel=\"canonical\" href=\"https:\/\/www.rollomatic.ch\/de\/produkt\/grindsmart830xw\/\" \/>\n<meta property=\"og:locale\" content=\"de_DE\" \/>\n<meta property=\"og:type\" content=\"article\" \/>\n<meta property=\"og:title\" content=\"GrindSmart\u00ae830XW - Rollomatic\" \/>\n<meta property=\"og:description\" content=\"Hydrostatische und lineare 6-Achsen-Werkzeugschleifmaschine mit einer Kapazit\u00e4t von 1 mm bis 32 mm (40\u201d bis 1.1\/4\u201d) Durchmesser. Keine Leistungseinbu\u00dfen und niedrige Wartungskosten.\" \/>\n<meta property=\"og:url\" content=\"https:\/\/www.rollomatic.ch\/de\/produkt\/grindsmart830xw\/\" \/>\n<meta property=\"og:site_name\" content=\"Rollomatic\" \/>\n<meta property=\"article:publisher\" content=\"https:\/\/www.facebook.com\/rollomatic\/\" \/>\n<meta property=\"article:modified_time\" content=\"2025-05-13T12:01:16+00:00\" \/>\n<meta property=\"og:image\" content=\"https:\/\/www.rollomatic.ch\/wp-content\/uploads\/830XW-SHINY_1-6.webp\" \/>\n\t<meta property=\"og:image:width\" content=\"2560\" \/>\n\t<meta property=\"og:image:height\" content=\"1440\" \/>\n\t<meta property=\"og:image:type\" content=\"image\/webp\" \/>\n<meta name=\"twitter:card\" content=\"summary_large_image\" \/>\n<meta name=\"twitter:site\" content=\"@rollomatics\" \/>\n<script type=\"application\/ld+json\" class=\"yoast-schema-graph\">{\"@context\":\"https:\/\/schema.org\",\"@graph\":[{\"@type\":\"WebPage\",\"@id\":\"https:\/\/www.rollomatic.ch\/de\/produkt\/grindsmart830xw\/\",\"url\":\"https:\/\/www.rollomatic.ch\/de\/produkt\/grindsmart830xw\/\",\"name\":\"GrindSmart\u00ae830XW - Rollomatic\",\"isPartOf\":{\"@id\":\"https:\/\/www.rollomatic.ch\/de\/#website\"},\"primaryImageOfPage\":{\"@id\":\"https:\/\/www.rollomatic.ch\/de\/produkt\/grindsmart830xw\/#primaryimage\"},\"image\":{\"@id\":\"https:\/\/www.rollomatic.ch\/de\/produkt\/grindsmart830xw\/#primaryimage\"},\"thumbnailUrl\":\"https:\/\/www.rollomatic.ch\/wp-content\/uploads\/830XW-SHINY_1-6.webp\",\"datePublished\":\"2020-10-25T15:43:23+00:00\",\"dateModified\":\"2025-05-13T12:01:16+00:00\",\"description\":\"Hydrostatische und lineare 6-Achsen-Werkzeugschleifmaschine mit einer Kapazit\u00e4t von 1 mm bis 32 mm (40\u201d bis 1.1\/4\u201d) Durchmesser. Keine Leistungseinbu\u00dfen und niedrige Wartungskosten.\",\"breadcrumb\":{\"@id\":\"https:\/\/www.rollomatic.ch\/de\/produkt\/grindsmart830xw\/#breadcrumb\"},\"inLanguage\":\"de\",\"potentialAction\":[{\"@type\":\"ReadAction\",\"target\":[\"https:\/\/www.rollomatic.ch\/de\/produkt\/grindsmart830xw\/\"]}]},{\"@type\":\"ImageObject\",\"inLanguage\":\"de\",\"@id\":\"https:\/\/www.rollomatic.ch\/de\/produkt\/grindsmart830xw\/#primaryimage\",\"url\":\"https:\/\/www.rollomatic.ch\/wp-content\/uploads\/830XW-SHINY_1-6.webp\",\"contentUrl\":\"https:\/\/www.rollomatic.ch\/wp-content\/uploads\/830XW-SHINY_1-6.webp\",\"width\":2560,\"height\":1440},{\"@type\":\"BreadcrumbList\",\"@id\":\"https:\/\/www.rollomatic.ch\/de\/produkt\/grindsmart830xw\/#breadcrumb\",\"itemListElement\":[{\"@type\":\"ListItem\",\"position\":1,\"name\":\"Home\",\"item\":\"https:\/\/www.rollomatic.ch\/de\/\"},{\"@type\":\"ListItem\",\"position\":2,\"name\":\"Katalog\",\"item\":\"https:\/\/www.rollomatic.ch\/de\/katalog\/\"},{\"@type\":\"ListItem\",\"position\":3,\"name\":\"GrindSmart\u00ae830XW\"}]},{\"@type\":\"WebSite\",\"@id\":\"https:\/\/www.rollomatic.ch\/de\/#website\",\"url\":\"https:\/\/www.rollomatic.ch\/de\/\",\"name\":\"Rollomatic\",\"description\":\"\",\"publisher\":{\"@id\":\"https:\/\/www.rollomatic.ch\/de\/#organization\"},\"potentialAction\":[{\"@type\":\"SearchAction\",\"target\":{\"@type\":\"EntryPoint\",\"urlTemplate\":\"https:\/\/www.rollomatic.ch\/de\/?s={search_term_string}\"},\"query-input\":{\"@type\":\"PropertyValueSpecification\",\"valueRequired\":true,\"valueName\":\"search_term_string\"}}],\"inLanguage\":\"de\"},{\"@type\":\"Organization\",\"@id\":\"https:\/\/www.rollomatic.ch\/de\/#organization\",\"name\":\"Rollomatic S.A.\",\"url\":\"https:\/\/www.rollomatic.ch\/de\/\",\"logo\":{\"@type\":\"ImageObject\",\"inLanguage\":\"de\",\"@id\":\"https:\/\/www.rollomatic.ch\/de\/#\/schema\/logo\/image\/\",\"url\":\"https:\/\/www.rollomatic.ch\/wp-content\/uploads\/logomark_300.png\",\"contentUrl\":\"https:\/\/www.rollomatic.ch\/wp-content\/uploads\/logomark_300.png\",\"width\":300,\"height\":169,\"caption\":\"Rollomatic S.A.\"},\"image\":{\"@id\":\"https:\/\/www.rollomatic.ch\/de\/#\/schema\/logo\/image\/\"},\"sameAs\":[\"https:\/\/www.facebook.com\/rollomatic\/\",\"https:\/\/x.com\/rollomatics\",\"https:\/\/www.linkedin.com\/company\/rollomatic-sa\/\"]}]}<\/script>\n<!-- \/ Yoast SEO plugin. -->","yoast_head_json":{"title":"GrindSmart\u00ae830XW - Rollomatic","description":"Hydrostatische und lineare 6-Achsen-Werkzeugschleifmaschine mit einer Kapazit\u00e4t von 1 mm bis 32 mm (40\u201d bis 1.1\/4\u201d) Durchmesser. Keine Leistungseinbu\u00dfen und niedrige Wartungskosten.","robots":{"index":"index","follow":"follow","max-snippet":"max-snippet:-1","max-image-preview":"max-image-preview:large","max-video-preview":"max-video-preview:-1"},"canonical":"https:\/\/www.rollomatic.ch\/de\/produkt\/grindsmart830xw\/","og_locale":"de_DE","og_type":"article","og_title":"GrindSmart\u00ae830XW - Rollomatic","og_description":"Hydrostatische und lineare 6-Achsen-Werkzeugschleifmaschine mit einer Kapazit\u00e4t von 1 mm bis 32 mm (40\u201d bis 1.1\/4\u201d) Durchmesser. Keine Leistungseinbu\u00dfen und niedrige Wartungskosten.","og_url":"https:\/\/www.rollomatic.ch\/de\/produkt\/grindsmart830xw\/","og_site_name":"Rollomatic","article_publisher":"https:\/\/www.facebook.com\/rollomatic\/","article_modified_time":"2025-05-13T12:01:16+00:00","og_image":[{"width":2560,"height":1440,"url":"https:\/\/www.rollomatic.ch\/wp-content\/uploads\/830XW-SHINY_1-6.webp","type":"image\/webp"}],"twitter_card":"summary_large_image","twitter_site":"@rollomatics","schema":{"@context":"https:\/\/schema.org","@graph":[{"@type":"WebPage","@id":"https:\/\/www.rollomatic.ch\/de\/produkt\/grindsmart830xw\/","url":"https:\/\/www.rollomatic.ch\/de\/produkt\/grindsmart830xw\/","name":"GrindSmart\u00ae830XW - Rollomatic","isPartOf":{"@id":"https:\/\/www.rollomatic.ch\/de\/#website"},"primaryImageOfPage":{"@id":"https:\/\/www.rollomatic.ch\/de\/produkt\/grindsmart830xw\/#primaryimage"},"image":{"@id":"https:\/\/www.rollomatic.ch\/de\/produkt\/grindsmart830xw\/#primaryimage"},"thumbnailUrl":"https:\/\/www.rollomatic.ch\/wp-content\/uploads\/830XW-SHINY_1-6.webp","datePublished":"2020-10-25T15:43:23+00:00","dateModified":"2025-05-13T12:01:16+00:00","description":"Hydrostatische und lineare 6-Achsen-Werkzeugschleifmaschine mit einer Kapazit\u00e4t von 1 mm bis 32 mm (40\u201d bis 1.1\/4\u201d) Durchmesser. Keine Leistungseinbu\u00dfen und niedrige Wartungskosten.","breadcrumb":{"@id":"https:\/\/www.rollomatic.ch\/de\/produkt\/grindsmart830xw\/#breadcrumb"},"inLanguage":"de","potentialAction":[{"@type":"ReadAction","target":["https:\/\/www.rollomatic.ch\/de\/produkt\/grindsmart830xw\/"]}]},{"@type":"ImageObject","inLanguage":"de","@id":"https:\/\/www.rollomatic.ch\/de\/produkt\/grindsmart830xw\/#primaryimage","url":"https:\/\/www.rollomatic.ch\/wp-content\/uploads\/830XW-SHINY_1-6.webp","contentUrl":"https:\/\/www.rollomatic.ch\/wp-content\/uploads\/830XW-SHINY_1-6.webp","width":2560,"height":1440},{"@type":"BreadcrumbList","@id":"https:\/\/www.rollomatic.ch\/de\/produkt\/grindsmart830xw\/#breadcrumb","itemListElement":[{"@type":"ListItem","position":1,"name":"Home","item":"https:\/\/www.rollomatic.ch\/de\/"},{"@type":"ListItem","position":2,"name":"Katalog","item":"https:\/\/www.rollomatic.ch\/de\/katalog\/"},{"@type":"ListItem","position":3,"name":"GrindSmart\u00ae830XW"}]},{"@type":"WebSite","@id":"https:\/\/www.rollomatic.ch\/de\/#website","url":"https:\/\/www.rollomatic.ch\/de\/","name":"Rollomatic","description":"","publisher":{"@id":"https:\/\/www.rollomatic.ch\/de\/#organization"},"potentialAction":[{"@type":"SearchAction","target":{"@type":"EntryPoint","urlTemplate":"https:\/\/www.rollomatic.ch\/de\/?s={search_term_string}"},"query-input":{"@type":"PropertyValueSpecification","valueRequired":true,"valueName":"search_term_string"}}],"inLanguage":"de"},{"@type":"Organization","@id":"https:\/\/www.rollomatic.ch\/de\/#organization","name":"Rollomatic S.A.","url":"https:\/\/www.rollomatic.ch\/de\/","logo":{"@type":"ImageObject","inLanguage":"de","@id":"https:\/\/www.rollomatic.ch\/de\/#\/schema\/logo\/image\/","url":"https:\/\/www.rollomatic.ch\/wp-content\/uploads\/logomark_300.png","contentUrl":"https:\/\/www.rollomatic.ch\/wp-content\/uploads\/logomark_300.png","width":300,"height":169,"caption":"Rollomatic S.A."},"image":{"@id":"https:\/\/www.rollomatic.ch\/de\/#\/schema\/logo\/image\/"},"sameAs":["https:\/\/www.facebook.com\/rollomatic\/","https:\/\/x.com\/rollomatics","https:\/\/www.linkedin.com\/company\/rollomatic-sa\/"]}]}},"_links":{"self":[{"href":"https:\/\/www.rollomatic.ch\/de\/wp-json\/wp\/v2\/product\/32794","targetHints":{"allow":["GET"]}}],"collection":[{"href":"https:\/\/www.rollomatic.ch\/de\/wp-json\/wp\/v2\/product"}],"about":[{"href":"https:\/\/www.rollomatic.ch\/de\/wp-json\/wp\/v2\/types\/product"}],"wp:featuredmedia":[{"embeddable":true,"href":"https:\/\/www.rollomatic.ch\/de\/wp-json\/wp\/v2\/media\/9202"}],"wp:attachment":[{"href":"https:\/\/www.rollomatic.ch\/de\/wp-json\/wp\/v2\/media?parent=32794"}],"wp:term":[{"taxonomy":"industry","embeddable":true,"href":"https:\/\/www.rollomatic.ch\/de\/wp-json\/wp\/v2\/industry?post=32794"},{"taxonomy":"tool-material","embeddable":true,"href":"https:\/\/www.rollomatic.ch\/de\/wp-json\/wp\/v2\/tool-material?post=32794"},{"taxonomy":"tool-range","embeddable":true,"href":"https:\/\/www.rollomatic.ch\/de\/wp-json\/wp\/v2\/tool-range?post=32794"},{"taxonomy":"tool-type","embeddable":true,"href":"https:\/\/www.rollomatic.ch\/de\/wp-json\/wp\/v2\/tool-type?post=32794"},{"taxonomy":"product_brand","embeddable":true,"href":"https:\/\/www.rollomatic.ch\/de\/wp-json\/wp\/v2\/product_brand?post=32794"},{"taxonomy":"product_cat","embeddable":true,"href":"https:\/\/www.rollomatic.ch\/de\/wp-json\/wp\/v2\/product_cat?post=32794"},{"taxonomy":"product_tag","embeddable":true,"href":"https:\/\/www.rollomatic.ch\/de\/wp-json\/wp\/v2\/product_tag?post=32794"}],"curies":[{"name":"wp","href":"https:\/\/api.w.org\/{rel}","templated":true}]}}