{"id":32843,"date":"2020-11-10T15:16:45","date_gmt":"2020-11-10T15:16:45","guid":{"rendered":"https:\/\/www.rollomatic.ch\/product\/grindsmart-530xs\/"},"modified":"2025-05-13T12:01:06","modified_gmt":"2025-05-13T12:01:06","slug":"grindsmart-530xs","status":"publish","type":"product","link":"https:\/\/www.rollomatic.ch\/de\/produkt\/grindsmart-530xs\/","title":{"rendered":"GrindSmart\u00ae 530XS"},"content":{"rendered":"<p>Die 5-Achsen-Pr\u00e4zisions-Werkzeugschleifmaschine GrindSmart\u00ae530XS wurde f\u00fcr die Fertigung von Hochleistungs-Rotationsschneidwerkzeugen sowohl in gro\u00dfen als auch in kleinen Serien konzipiert, f\u00fcr ein umfassendes Durchmesserspektrum von \u00d8 0,1 \u2013 16,0 mm (.004&#8243;\u2013 .63&#8243;) und \u00d8 25,0 mm (1&#8243;) f\u00fcr Fr\u00e4sstifte. Diese Maschine ist mit Linearmotoren ausgestattet, kombiniert mit dem Torquemotor auf der Rotationsachse, bietet sie Vorteile wie verbesserte Oberfl\u00e4chenqualit\u00e4t und reduzierte Wartungskosten. Das zur K\u00fchlung und Schmierung der Linearmotoren verwendete \u00d6l ist dasselbe wie das K\u00fchlmittel. Dies gew\u00e4hrleistet eine gleichbleibende thermische Stabilit\u00e4t w\u00e4hrend der Einrichtung und Produktion, ohne zus\u00e4tzlichen Energieverbrauch.<\/p>\n","protected":false},"excerpt":{"rendered":"<p>Die 5-Achsen-Pr\u00e4zisions-Werkzeugschleifmaschine GrindSmart\u00ae530XS wurde f\u00fcr die Fertigung von Hochleistungs-Rotationsschneidwerkzeugen sowohl in gro\u00dfen als auch in kleinen Serien konzipiert, f\u00fcr ein umfassendes Durchmesserspektrum von \u00d8 0,1 \u2013 16,0 mm (.004&#8243;\u2013 .63&#8243;) [&#8230;]\n","protected":false},"featured_media":9178,"template":"","meta":{"_acf_changed":false},"industry":[],"tool-material":[],"tool-range":[390],"tool-type":[380,381,382],"product_brand":[],"product_cat":[518,561,562],"product_tag":[563],"class_list":{"0":"post-32843","1":"product","2":"type-product","3":"status-publish","4":"has-post-thumbnail","6":"tool-range-1-20mm","7":"tool-type-burs","8":"tool-type-drills","9":"tool-type-end-mill","10":"product_cat-grindsmart-de","11":"product_cat-rotary-cutting-tools-de","12":"product_cat-cutting-tool-grinding-de","13":"product_tag-cutting-tool-grinding-de","15":"first","16":"instock","17":"shipping-taxable","18":"product-type-simple"},"acf":[],"yoast_head":"<!-- This site is optimized with the Yoast SEO plugin v27.0 - https:\/\/yoast.com\/product\/yoast-seo-wordpress\/ -->\n<title>GrindSmart\u00ae 530XS - Rollomatic<\/title>\n<meta name=\"description\" content=\"5-Achsen-Pr\u00e4zisions-Werkzeugschleifmaschine f\u00fcr die Herstellung von Standard- und Hochleistungs-Schneidwerkzeugen mit einem Durchmesser von \u00d8 0,5 \u2013 16,0 mm (.02&quot; \u2013 .063&quot;) und Fr\u00e4sstiften bis zu einem Durchmesser von 25 mm (1&quot;)\" \/>\n<meta name=\"robots\" content=\"index, follow, max-snippet:-1, max-image-preview:large, max-video-preview:-1\" \/>\n<link rel=\"canonical\" href=\"https:\/\/www.rollomatic.ch\/de\/produkt\/grindsmart-530xs\/\" \/>\n<meta property=\"og:locale\" content=\"de_DE\" \/>\n<meta property=\"og:type\" content=\"article\" \/>\n<meta property=\"og:title\" content=\"GrindSmart\u00ae 530XS - Rollomatic\" \/>\n<meta property=\"og:description\" content=\"5-Achsen-Pr\u00e4zisions-Werkzeugschleifmaschine f\u00fcr die Herstellung von Standard- und Hochleistungs-Schneidwerkzeugen mit einem Durchmesser von \u00d8 0,5 \u2013 16,0 mm (.02&quot; \u2013 .063&quot;) und Fr\u00e4sstiften bis zu einem Durchmesser von 25 mm (1&quot;)\" \/>\n<meta property=\"og:url\" content=\"https:\/\/www.rollomatic.ch\/de\/produkt\/grindsmart-530xs\/\" \/>\n<meta property=\"og:site_name\" content=\"Rollomatic\" \/>\n<meta property=\"article:publisher\" content=\"https:\/\/www.facebook.com\/rollomatic\/\" \/>\n<meta property=\"article:modified_time\" content=\"2025-05-13T12:01:06+00:00\" \/>\n<meta property=\"og:image\" content=\"https:\/\/www.rollomatic.ch\/wp-content\/uploads\/530XS-SHINY_1-1.webp\" \/>\n\t<meta property=\"og:image:width\" content=\"2560\" \/>\n\t<meta property=\"og:image:height\" content=\"1440\" \/>\n\t<meta property=\"og:image:type\" content=\"image\/webp\" \/>\n<meta name=\"twitter:card\" content=\"summary_large_image\" \/>\n<meta name=\"twitter:site\" content=\"@rollomatics\" \/>\n<script type=\"application\/ld+json\" class=\"yoast-schema-graph\">{\"@context\":\"https:\/\/schema.org\",\"@graph\":[{\"@type\":\"WebPage\",\"@id\":\"https:\/\/www.rollomatic.ch\/de\/produkt\/grindsmart-530xs\/\",\"url\":\"https:\/\/www.rollomatic.ch\/de\/produkt\/grindsmart-530xs\/\",\"name\":\"GrindSmart\u00ae 530XS - Rollomatic\",\"isPartOf\":{\"@id\":\"https:\/\/www.rollomatic.ch\/de\/#website\"},\"primaryImageOfPage\":{\"@id\":\"https:\/\/www.rollomatic.ch\/de\/produkt\/grindsmart-530xs\/#primaryimage\"},\"image\":{\"@id\":\"https:\/\/www.rollomatic.ch\/de\/produkt\/grindsmart-530xs\/#primaryimage\"},\"thumbnailUrl\":\"https:\/\/www.rollomatic.ch\/wp-content\/uploads\/530XS-SHINY_1-1.webp\",\"datePublished\":\"2020-11-10T15:16:45+00:00\",\"dateModified\":\"2025-05-13T12:01:06+00:00\",\"description\":\"5-Achsen-Pr\u00e4zisions-Werkzeugschleifmaschine f\u00fcr die Herstellung von Standard- und Hochleistungs-Schneidwerkzeugen mit einem Durchmesser von \u00d8 0,5 \u2013 16,0 mm (.02\\\" \u2013 .063\\\") und Fr\u00e4sstiften bis zu einem Durchmesser von 25 mm (1\\\")\",\"breadcrumb\":{\"@id\":\"https:\/\/www.rollomatic.ch\/de\/produkt\/grindsmart-530xs\/#breadcrumb\"},\"inLanguage\":\"de\",\"potentialAction\":[{\"@type\":\"ReadAction\",\"target\":[\"https:\/\/www.rollomatic.ch\/de\/produkt\/grindsmart-530xs\/\"]}]},{\"@type\":\"ImageObject\",\"inLanguage\":\"de\",\"@id\":\"https:\/\/www.rollomatic.ch\/de\/produkt\/grindsmart-530xs\/#primaryimage\",\"url\":\"https:\/\/www.rollomatic.ch\/wp-content\/uploads\/530XS-SHINY_1-1.webp\",\"contentUrl\":\"https:\/\/www.rollomatic.ch\/wp-content\/uploads\/530XS-SHINY_1-1.webp\",\"width\":2560,\"height\":1440},{\"@type\":\"BreadcrumbList\",\"@id\":\"https:\/\/www.rollomatic.ch\/de\/produkt\/grindsmart-530xs\/#breadcrumb\",\"itemListElement\":[{\"@type\":\"ListItem\",\"position\":1,\"name\":\"Home\",\"item\":\"https:\/\/www.rollomatic.ch\/de\/\"},{\"@type\":\"ListItem\",\"position\":2,\"name\":\"Katalog\",\"item\":\"https:\/\/www.rollomatic.ch\/de\/katalog\/\"},{\"@type\":\"ListItem\",\"position\":3,\"name\":\"GrindSmart\u00ae 530XS\"}]},{\"@type\":\"WebSite\",\"@id\":\"https:\/\/www.rollomatic.ch\/de\/#website\",\"url\":\"https:\/\/www.rollomatic.ch\/de\/\",\"name\":\"Rollomatic\",\"description\":\"\",\"publisher\":{\"@id\":\"https:\/\/www.rollomatic.ch\/de\/#organization\"},\"potentialAction\":[{\"@type\":\"SearchAction\",\"target\":{\"@type\":\"EntryPoint\",\"urlTemplate\":\"https:\/\/www.rollomatic.ch\/de\/?s={search_term_string}\"},\"query-input\":{\"@type\":\"PropertyValueSpecification\",\"valueRequired\":true,\"valueName\":\"search_term_string\"}}],\"inLanguage\":\"de\"},{\"@type\":\"Organization\",\"@id\":\"https:\/\/www.rollomatic.ch\/de\/#organization\",\"name\":\"Rollomatic S.A.\",\"url\":\"https:\/\/www.rollomatic.ch\/de\/\",\"logo\":{\"@type\":\"ImageObject\",\"inLanguage\":\"de\",\"@id\":\"https:\/\/www.rollomatic.ch\/de\/#\/schema\/logo\/image\/\",\"url\":\"https:\/\/www.rollomatic.ch\/wp-content\/uploads\/logomark_300.png\",\"contentUrl\":\"https:\/\/www.rollomatic.ch\/wp-content\/uploads\/logomark_300.png\",\"width\":300,\"height\":169,\"caption\":\"Rollomatic S.A.\"},\"image\":{\"@id\":\"https:\/\/www.rollomatic.ch\/de\/#\/schema\/logo\/image\/\"},\"sameAs\":[\"https:\/\/www.facebook.com\/rollomatic\/\",\"https:\/\/x.com\/rollomatics\",\"https:\/\/www.linkedin.com\/company\/rollomatic-sa\/\"]}]}<\/script>\n<!-- \/ Yoast SEO plugin. -->","yoast_head_json":{"title":"GrindSmart\u00ae 530XS - Rollomatic","description":"5-Achsen-Pr\u00e4zisions-Werkzeugschleifmaschine f\u00fcr die Herstellung von Standard- und Hochleistungs-Schneidwerkzeugen mit einem Durchmesser von \u00d8 0,5 \u2013 16,0 mm (.02\" \u2013 .063\") und Fr\u00e4sstiften bis zu einem Durchmesser von 25 mm (1\")","robots":{"index":"index","follow":"follow","max-snippet":"max-snippet:-1","max-image-preview":"max-image-preview:large","max-video-preview":"max-video-preview:-1"},"canonical":"https:\/\/www.rollomatic.ch\/de\/produkt\/grindsmart-530xs\/","og_locale":"de_DE","og_type":"article","og_title":"GrindSmart\u00ae 530XS - Rollomatic","og_description":"5-Achsen-Pr\u00e4zisions-Werkzeugschleifmaschine f\u00fcr die Herstellung von Standard- und Hochleistungs-Schneidwerkzeugen mit einem Durchmesser von \u00d8 0,5 \u2013 16,0 mm (.02\" \u2013 .063\") und Fr\u00e4sstiften bis zu einem Durchmesser von 25 mm (1\")","og_url":"https:\/\/www.rollomatic.ch\/de\/produkt\/grindsmart-530xs\/","og_site_name":"Rollomatic","article_publisher":"https:\/\/www.facebook.com\/rollomatic\/","article_modified_time":"2025-05-13T12:01:06+00:00","og_image":[{"width":2560,"height":1440,"url":"https:\/\/www.rollomatic.ch\/wp-content\/uploads\/530XS-SHINY_1-1.webp","type":"image\/webp"}],"twitter_card":"summary_large_image","twitter_site":"@rollomatics","schema":{"@context":"https:\/\/schema.org","@graph":[{"@type":"WebPage","@id":"https:\/\/www.rollomatic.ch\/de\/produkt\/grindsmart-530xs\/","url":"https:\/\/www.rollomatic.ch\/de\/produkt\/grindsmart-530xs\/","name":"GrindSmart\u00ae 530XS - Rollomatic","isPartOf":{"@id":"https:\/\/www.rollomatic.ch\/de\/#website"},"primaryImageOfPage":{"@id":"https:\/\/www.rollomatic.ch\/de\/produkt\/grindsmart-530xs\/#primaryimage"},"image":{"@id":"https:\/\/www.rollomatic.ch\/de\/produkt\/grindsmart-530xs\/#primaryimage"},"thumbnailUrl":"https:\/\/www.rollomatic.ch\/wp-content\/uploads\/530XS-SHINY_1-1.webp","datePublished":"2020-11-10T15:16:45+00:00","dateModified":"2025-05-13T12:01:06+00:00","description":"5-Achsen-Pr\u00e4zisions-Werkzeugschleifmaschine f\u00fcr die Herstellung von Standard- und Hochleistungs-Schneidwerkzeugen mit einem Durchmesser von \u00d8 0,5 \u2013 16,0 mm (.02\" \u2013 .063\") und Fr\u00e4sstiften bis zu einem Durchmesser von 25 mm (1\")","breadcrumb":{"@id":"https:\/\/www.rollomatic.ch\/de\/produkt\/grindsmart-530xs\/#breadcrumb"},"inLanguage":"de","potentialAction":[{"@type":"ReadAction","target":["https:\/\/www.rollomatic.ch\/de\/produkt\/grindsmart-530xs\/"]}]},{"@type":"ImageObject","inLanguage":"de","@id":"https:\/\/www.rollomatic.ch\/de\/produkt\/grindsmart-530xs\/#primaryimage","url":"https:\/\/www.rollomatic.ch\/wp-content\/uploads\/530XS-SHINY_1-1.webp","contentUrl":"https:\/\/www.rollomatic.ch\/wp-content\/uploads\/530XS-SHINY_1-1.webp","width":2560,"height":1440},{"@type":"BreadcrumbList","@id":"https:\/\/www.rollomatic.ch\/de\/produkt\/grindsmart-530xs\/#breadcrumb","itemListElement":[{"@type":"ListItem","position":1,"name":"Home","item":"https:\/\/www.rollomatic.ch\/de\/"},{"@type":"ListItem","position":2,"name":"Katalog","item":"https:\/\/www.rollomatic.ch\/de\/katalog\/"},{"@type":"ListItem","position":3,"name":"GrindSmart\u00ae 530XS"}]},{"@type":"WebSite","@id":"https:\/\/www.rollomatic.ch\/de\/#website","url":"https:\/\/www.rollomatic.ch\/de\/","name":"Rollomatic","description":"","publisher":{"@id":"https:\/\/www.rollomatic.ch\/de\/#organization"},"potentialAction":[{"@type":"SearchAction","target":{"@type":"EntryPoint","urlTemplate":"https:\/\/www.rollomatic.ch\/de\/?s={search_term_string}"},"query-input":{"@type":"PropertyValueSpecification","valueRequired":true,"valueName":"search_term_string"}}],"inLanguage":"de"},{"@type":"Organization","@id":"https:\/\/www.rollomatic.ch\/de\/#organization","name":"Rollomatic S.A.","url":"https:\/\/www.rollomatic.ch\/de\/","logo":{"@type":"ImageObject","inLanguage":"de","@id":"https:\/\/www.rollomatic.ch\/de\/#\/schema\/logo\/image\/","url":"https:\/\/www.rollomatic.ch\/wp-content\/uploads\/logomark_300.png","contentUrl":"https:\/\/www.rollomatic.ch\/wp-content\/uploads\/logomark_300.png","width":300,"height":169,"caption":"Rollomatic S.A."},"image":{"@id":"https:\/\/www.rollomatic.ch\/de\/#\/schema\/logo\/image\/"},"sameAs":["https:\/\/www.facebook.com\/rollomatic\/","https:\/\/x.com\/rollomatics","https:\/\/www.linkedin.com\/company\/rollomatic-sa\/"]}]}},"_links":{"self":[{"href":"https:\/\/www.rollomatic.ch\/de\/wp-json\/wp\/v2\/product\/32843","targetHints":{"allow":["GET"]}}],"collection":[{"href":"https:\/\/www.rollomatic.ch\/de\/wp-json\/wp\/v2\/product"}],"about":[{"href":"https:\/\/www.rollomatic.ch\/de\/wp-json\/wp\/v2\/types\/product"}],"wp:featuredmedia":[{"embeddable":true,"href":"https:\/\/www.rollomatic.ch\/de\/wp-json\/wp\/v2\/media\/9178"}],"wp:attachment":[{"href":"https:\/\/www.rollomatic.ch\/de\/wp-json\/wp\/v2\/media?parent=32843"}],"wp:term":[{"taxonomy":"industry","embeddable":true,"href":"https:\/\/www.rollomatic.ch\/de\/wp-json\/wp\/v2\/industry?post=32843"},{"taxonomy":"tool-material","embeddable":true,"href":"https:\/\/www.rollomatic.ch\/de\/wp-json\/wp\/v2\/tool-material?post=32843"},{"taxonomy":"tool-range","embeddable":true,"href":"https:\/\/www.rollomatic.ch\/de\/wp-json\/wp\/v2\/tool-range?post=32843"},{"taxonomy":"tool-type","embeddable":true,"href":"https:\/\/www.rollomatic.ch\/de\/wp-json\/wp\/v2\/tool-type?post=32843"},{"taxonomy":"product_brand","embeddable":true,"href":"https:\/\/www.rollomatic.ch\/de\/wp-json\/wp\/v2\/product_brand?post=32843"},{"taxonomy":"product_cat","embeddable":true,"href":"https:\/\/www.rollomatic.ch\/de\/wp-json\/wp\/v2\/product_cat?post=32843"},{"taxonomy":"product_tag","embeddable":true,"href":"https:\/\/www.rollomatic.ch\/de\/wp-json\/wp\/v2\/product_tag?post=32843"}],"curies":[{"name":"wp","href":"https:\/\/api.w.org\/{rel}","templated":true}]}}