{"id":32853,"date":"2020-05-05T21:02:02","date_gmt":"2020-05-05T21:02:02","guid":{"rendered":"https:\/\/www.rollomatic.ch\/product\/lasersmart-510-femto\/"},"modified":"2025-05-13T12:01:51","modified_gmt":"2025-05-13T12:01:51","slug":"lasersmart-510-femto","status":"publish","type":"product","link":"https:\/\/www.rollomatic.ch\/de\/produkt\/lasersmart-510-femto\/","title":{"rendered":"LaserSmart\u00ae 510 Femto"},"content":{"rendered":"<p>Der LaserSmart\u00ae510 Femto mit seiner innovativen und leistungsstarken Femto-Laserquelle bietet unbegrenzte Bearbeitungsm\u00f6glichkeiten.<\/p>\n<p>Maximierung der Produktivit\u00e4t, Pr\u00e4zision und Oberfl\u00e4chenqualit\u00e4t; die Femto-Laserquelle baut auf den Erfolg der LaserSmart-Serie auf. Nicht nur PCD-, P-CBN-, CVD-, MCD- und nat\u00fcrliche Diamantmaterialien sind machbar, sondern auch Keramik, Hartmetall, Saphir, Glas oder sogar neue Materialkombinationen.<\/p>\n<p>Diese revolution\u00e4ren Maschinenprozesse erm\u00f6glichen es den Kunden, die Ergebnisse zu erzielen, die den neuen Standard in der Bearbeitung von ultraharten Materialien setzen.<\/p>\n","protected":false},"excerpt":{"rendered":"<p>Der LaserSmart\u00ae510 Femto mit seiner innovativen und leistungsstarken Femto-Laserquelle bietet unbegrenzte Bearbeitungsm\u00f6glichkeiten. Maximierung der Produktivit\u00e4t, Pr\u00e4zision und Oberfl\u00e4chenqualit\u00e4t; die Femto-Laserquelle baut auf den Erfolg der LaserSmart-Serie auf. Nicht nur PCD-, [&#8230;]\n","protected":false},"featured_media":9233,"template":"","meta":{"_acf_changed":false},"industry":[770,624,628],"tool-material":[],"tool-range":[420],"tool-type":[391],"product_brand":[],"product_cat":[527,716,600],"product_tag":[915],"class_list":{"0":"post-32853","1":"product","2":"type-product","3":"status-publish","4":"has-post-thumbnail","6":"industry-3c-elektronikindustrie","7":"industry-custom-applications-de","8":"industry-electronics-de","9":"tool-range-0-1-80mm","10":"tool-type-3d-fluting","11":"product_cat-lasersmart-de","12":"product_cat-laser-machining-de","13":"product_cat-ultra-hard-materials-de","14":"product_tag-laserbearbeitung","16":"first","17":"instock","18":"shipping-taxable","19":"product-type-simple"},"acf":[],"yoast_head":"<!-- This site is optimized with the Yoast SEO plugin v27.0 - https:\/\/yoast.com\/product\/yoast-seo-wordpress\/ -->\n<title>LaserSmart\u00ae 510 Femto - Rollomatic<\/title>\n<meta name=\"robots\" content=\"index, follow, max-snippet:-1, max-image-preview:large, max-video-preview:-1\" \/>\n<link rel=\"canonical\" href=\"https:\/\/www.rollomatic.ch\/de\/produkt\/lasersmart-510-femto\/\" \/>\n<meta property=\"og:locale\" content=\"de_DE\" \/>\n<meta property=\"og:type\" content=\"article\" \/>\n<meta property=\"og:title\" content=\"LaserSmart\u00ae 510 Femto - Rollomatic\" \/>\n<meta property=\"og:description\" content=\"Der LaserSmart\u00ae510 Femto mit seiner innovativen und leistungsstarken Femto-Laserquelle bietet unbegrenzte Bearbeitungsm\u00f6glichkeiten. Maximierung der Produktivit\u00e4t, Pr\u00e4zision und Oberfl\u00e4chenqualit\u00e4t; die Femto-Laserquelle baut auf den Erfolg der LaserSmart-Serie auf. Nicht nur PCD-, [...]\" \/>\n<meta property=\"og:url\" content=\"https:\/\/www.rollomatic.ch\/de\/produkt\/lasersmart-510-femto\/\" \/>\n<meta property=\"og:site_name\" content=\"Rollomatic\" \/>\n<meta property=\"article:publisher\" content=\"https:\/\/www.facebook.com\/rollomatic\/\" \/>\n<meta property=\"article:modified_time\" content=\"2025-05-13T12:01:51+00:00\" \/>\n<meta property=\"og:image\" content=\"https:\/\/www.rollomatic.ch\/wp-content\/uploads\/LS510-F-SHINY_1.webp\" \/>\n\t<meta property=\"og:image:width\" content=\"2560\" \/>\n\t<meta property=\"og:image:height\" content=\"1440\" \/>\n\t<meta property=\"og:image:type\" content=\"image\/webp\" \/>\n<meta name=\"twitter:card\" content=\"summary_large_image\" \/>\n<meta name=\"twitter:site\" content=\"@rollomatics\" \/>\n<script type=\"application\/ld+json\" class=\"yoast-schema-graph\">{\"@context\":\"https:\/\/schema.org\",\"@graph\":[{\"@type\":\"WebPage\",\"@id\":\"https:\/\/www.rollomatic.ch\/de\/produkt\/lasersmart-510-femto\/\",\"url\":\"https:\/\/www.rollomatic.ch\/de\/produkt\/lasersmart-510-femto\/\",\"name\":\"LaserSmart\u00ae 510 Femto - Rollomatic\",\"isPartOf\":{\"@id\":\"https:\/\/www.rollomatic.ch\/de\/#website\"},\"primaryImageOfPage\":{\"@id\":\"https:\/\/www.rollomatic.ch\/de\/produkt\/lasersmart-510-femto\/#primaryimage\"},\"image\":{\"@id\":\"https:\/\/www.rollomatic.ch\/de\/produkt\/lasersmart-510-femto\/#primaryimage\"},\"thumbnailUrl\":\"https:\/\/www.rollomatic.ch\/wp-content\/uploads\/LS510-F-SHINY_1.webp\",\"datePublished\":\"2020-05-05T21:02:02+00:00\",\"dateModified\":\"2025-05-13T12:01:51+00:00\",\"breadcrumb\":{\"@id\":\"https:\/\/www.rollomatic.ch\/de\/produkt\/lasersmart-510-femto\/#breadcrumb\"},\"inLanguage\":\"de\",\"potentialAction\":[{\"@type\":\"ReadAction\",\"target\":[\"https:\/\/www.rollomatic.ch\/de\/produkt\/lasersmart-510-femto\/\"]}]},{\"@type\":\"ImageObject\",\"inLanguage\":\"de\",\"@id\":\"https:\/\/www.rollomatic.ch\/de\/produkt\/lasersmart-510-femto\/#primaryimage\",\"url\":\"https:\/\/www.rollomatic.ch\/wp-content\/uploads\/LS510-F-SHINY_1.webp\",\"contentUrl\":\"https:\/\/www.rollomatic.ch\/wp-content\/uploads\/LS510-F-SHINY_1.webp\",\"width\":2560,\"height\":1440},{\"@type\":\"BreadcrumbList\",\"@id\":\"https:\/\/www.rollomatic.ch\/de\/produkt\/lasersmart-510-femto\/#breadcrumb\",\"itemListElement\":[{\"@type\":\"ListItem\",\"position\":1,\"name\":\"Home\",\"item\":\"https:\/\/www.rollomatic.ch\/de\/\"},{\"@type\":\"ListItem\",\"position\":2,\"name\":\"Katalog\",\"item\":\"https:\/\/www.rollomatic.ch\/de\/katalog\/\"},{\"@type\":\"ListItem\",\"position\":3,\"name\":\"LaserSmart\u00ae 510 Femto\"}]},{\"@type\":\"WebSite\",\"@id\":\"https:\/\/www.rollomatic.ch\/de\/#website\",\"url\":\"https:\/\/www.rollomatic.ch\/de\/\",\"name\":\"Rollomatic\",\"description\":\"\",\"publisher\":{\"@id\":\"https:\/\/www.rollomatic.ch\/de\/#organization\"},\"potentialAction\":[{\"@type\":\"SearchAction\",\"target\":{\"@type\":\"EntryPoint\",\"urlTemplate\":\"https:\/\/www.rollomatic.ch\/de\/?s={search_term_string}\"},\"query-input\":{\"@type\":\"PropertyValueSpecification\",\"valueRequired\":true,\"valueName\":\"search_term_string\"}}],\"inLanguage\":\"de\"},{\"@type\":\"Organization\",\"@id\":\"https:\/\/www.rollomatic.ch\/de\/#organization\",\"name\":\"Rollomatic S.A.\",\"url\":\"https:\/\/www.rollomatic.ch\/de\/\",\"logo\":{\"@type\":\"ImageObject\",\"inLanguage\":\"de\",\"@id\":\"https:\/\/www.rollomatic.ch\/de\/#\/schema\/logo\/image\/\",\"url\":\"https:\/\/www.rollomatic.ch\/wp-content\/uploads\/logomark_300.png\",\"contentUrl\":\"https:\/\/www.rollomatic.ch\/wp-content\/uploads\/logomark_300.png\",\"width\":300,\"height\":169,\"caption\":\"Rollomatic S.A.\"},\"image\":{\"@id\":\"https:\/\/www.rollomatic.ch\/de\/#\/schema\/logo\/image\/\"},\"sameAs\":[\"https:\/\/www.facebook.com\/rollomatic\/\",\"https:\/\/x.com\/rollomatics\",\"https:\/\/www.linkedin.com\/company\/rollomatic-sa\/\"]}]}<\/script>\n<!-- \/ Yoast SEO plugin. -->","yoast_head_json":{"title":"LaserSmart\u00ae 510 Femto - Rollomatic","robots":{"index":"index","follow":"follow","max-snippet":"max-snippet:-1","max-image-preview":"max-image-preview:large","max-video-preview":"max-video-preview:-1"},"canonical":"https:\/\/www.rollomatic.ch\/de\/produkt\/lasersmart-510-femto\/","og_locale":"de_DE","og_type":"article","og_title":"LaserSmart\u00ae 510 Femto - Rollomatic","og_description":"Der LaserSmart\u00ae510 Femto mit seiner innovativen und leistungsstarken Femto-Laserquelle bietet unbegrenzte Bearbeitungsm\u00f6glichkeiten. Maximierung der Produktivit\u00e4t, Pr\u00e4zision und Oberfl\u00e4chenqualit\u00e4t; die Femto-Laserquelle baut auf den Erfolg der LaserSmart-Serie auf. Nicht nur PCD-, [...]","og_url":"https:\/\/www.rollomatic.ch\/de\/produkt\/lasersmart-510-femto\/","og_site_name":"Rollomatic","article_publisher":"https:\/\/www.facebook.com\/rollomatic\/","article_modified_time":"2025-05-13T12:01:51+00:00","og_image":[{"width":2560,"height":1440,"url":"https:\/\/www.rollomatic.ch\/wp-content\/uploads\/LS510-F-SHINY_1.webp","type":"image\/webp"}],"twitter_card":"summary_large_image","twitter_site":"@rollomatics","schema":{"@context":"https:\/\/schema.org","@graph":[{"@type":"WebPage","@id":"https:\/\/www.rollomatic.ch\/de\/produkt\/lasersmart-510-femto\/","url":"https:\/\/www.rollomatic.ch\/de\/produkt\/lasersmart-510-femto\/","name":"LaserSmart\u00ae 510 Femto - Rollomatic","isPartOf":{"@id":"https:\/\/www.rollomatic.ch\/de\/#website"},"primaryImageOfPage":{"@id":"https:\/\/www.rollomatic.ch\/de\/produkt\/lasersmart-510-femto\/#primaryimage"},"image":{"@id":"https:\/\/www.rollomatic.ch\/de\/produkt\/lasersmart-510-femto\/#primaryimage"},"thumbnailUrl":"https:\/\/www.rollomatic.ch\/wp-content\/uploads\/LS510-F-SHINY_1.webp","datePublished":"2020-05-05T21:02:02+00:00","dateModified":"2025-05-13T12:01:51+00:00","breadcrumb":{"@id":"https:\/\/www.rollomatic.ch\/de\/produkt\/lasersmart-510-femto\/#breadcrumb"},"inLanguage":"de","potentialAction":[{"@type":"ReadAction","target":["https:\/\/www.rollomatic.ch\/de\/produkt\/lasersmart-510-femto\/"]}]},{"@type":"ImageObject","inLanguage":"de","@id":"https:\/\/www.rollomatic.ch\/de\/produkt\/lasersmart-510-femto\/#primaryimage","url":"https:\/\/www.rollomatic.ch\/wp-content\/uploads\/LS510-F-SHINY_1.webp","contentUrl":"https:\/\/www.rollomatic.ch\/wp-content\/uploads\/LS510-F-SHINY_1.webp","width":2560,"height":1440},{"@type":"BreadcrumbList","@id":"https:\/\/www.rollomatic.ch\/de\/produkt\/lasersmart-510-femto\/#breadcrumb","itemListElement":[{"@type":"ListItem","position":1,"name":"Home","item":"https:\/\/www.rollomatic.ch\/de\/"},{"@type":"ListItem","position":2,"name":"Katalog","item":"https:\/\/www.rollomatic.ch\/de\/katalog\/"},{"@type":"ListItem","position":3,"name":"LaserSmart\u00ae 510 Femto"}]},{"@type":"WebSite","@id":"https:\/\/www.rollomatic.ch\/de\/#website","url":"https:\/\/www.rollomatic.ch\/de\/","name":"Rollomatic","description":"","publisher":{"@id":"https:\/\/www.rollomatic.ch\/de\/#organization"},"potentialAction":[{"@type":"SearchAction","target":{"@type":"EntryPoint","urlTemplate":"https:\/\/www.rollomatic.ch\/de\/?s={search_term_string}"},"query-input":{"@type":"PropertyValueSpecification","valueRequired":true,"valueName":"search_term_string"}}],"inLanguage":"de"},{"@type":"Organization","@id":"https:\/\/www.rollomatic.ch\/de\/#organization","name":"Rollomatic S.A.","url":"https:\/\/www.rollomatic.ch\/de\/","logo":{"@type":"ImageObject","inLanguage":"de","@id":"https:\/\/www.rollomatic.ch\/de\/#\/schema\/logo\/image\/","url":"https:\/\/www.rollomatic.ch\/wp-content\/uploads\/logomark_300.png","contentUrl":"https:\/\/www.rollomatic.ch\/wp-content\/uploads\/logomark_300.png","width":300,"height":169,"caption":"Rollomatic S.A."},"image":{"@id":"https:\/\/www.rollomatic.ch\/de\/#\/schema\/logo\/image\/"},"sameAs":["https:\/\/www.facebook.com\/rollomatic\/","https:\/\/x.com\/rollomatics","https:\/\/www.linkedin.com\/company\/rollomatic-sa\/"]}]}},"_links":{"self":[{"href":"https:\/\/www.rollomatic.ch\/de\/wp-json\/wp\/v2\/product\/32853","targetHints":{"allow":["GET"]}}],"collection":[{"href":"https:\/\/www.rollomatic.ch\/de\/wp-json\/wp\/v2\/product"}],"about":[{"href":"https:\/\/www.rollomatic.ch\/de\/wp-json\/wp\/v2\/types\/product"}],"wp:featuredmedia":[{"embeddable":true,"href":"https:\/\/www.rollomatic.ch\/de\/wp-json\/wp\/v2\/media\/9233"}],"wp:attachment":[{"href":"https:\/\/www.rollomatic.ch\/de\/wp-json\/wp\/v2\/media?parent=32853"}],"wp:term":[{"taxonomy":"industry","embeddable":true,"href":"https:\/\/www.rollomatic.ch\/de\/wp-json\/wp\/v2\/industry?post=32853"},{"taxonomy":"tool-material","embeddable":true,"href":"https:\/\/www.rollomatic.ch\/de\/wp-json\/wp\/v2\/tool-material?post=32853"},{"taxonomy":"tool-range","embeddable":true,"href":"https:\/\/www.rollomatic.ch\/de\/wp-json\/wp\/v2\/tool-range?post=32853"},{"taxonomy":"tool-type","embeddable":true,"href":"https:\/\/www.rollomatic.ch\/de\/wp-json\/wp\/v2\/tool-type?post=32853"},{"taxonomy":"product_brand","embeddable":true,"href":"https:\/\/www.rollomatic.ch\/de\/wp-json\/wp\/v2\/product_brand?post=32853"},{"taxonomy":"product_cat","embeddable":true,"href":"https:\/\/www.rollomatic.ch\/de\/wp-json\/wp\/v2\/product_cat?post=32853"},{"taxonomy":"product_tag","embeddable":true,"href":"https:\/\/www.rollomatic.ch\/de\/wp-json\/wp\/v2\/product_tag?post=32853"}],"curies":[{"name":"wp","href":"https:\/\/api.w.org\/{rel}","templated":true}]}}