{"id":32864,"date":"2020-10-10T21:13:51","date_gmt":"2025-04-09T09:19:15","guid":{"rendered":"https:\/\/www.rollomatic.ch\/product\/grindsmart-nano6\/"},"modified":"2025-05-13T12:01:22","modified_gmt":"2025-05-13T12:01:22","slug":"grindsmart-nano6","status":"publish","type":"product","link":"https:\/\/www.rollomatic.ch\/de\/produkt\/grindsmart-nano6\/","title":{"rendered":"GrindSmart\u00ae Nano6"},"content":{"rendered":"<p>Das hochpr\u00e4zise 6-Achsen-Schleifzentrum GrindSmart\u00aeNano6 wurde f\u00fcr die Produktion von Hochleistungs-Mikrowerkzeugen aus Hartmetall oder HSS mit einem Durchmesserbereich von \u00d8 0,03 \u2013 2,0 mm (.001&#8243;\u2013 .080&#8243;) ausgelegt.<br \/>\nDank seiner innovativen hydrostatischen Technologie bietet diese extrem kompakte Maschine \u00fcberlegene Leistung zur Herstellung hochpr\u00e4ziser Mikro-Werkzeuge.<\/p>\n","protected":false},"excerpt":{"rendered":"<p>Das hochpr\u00e4zise 6-Achsen-Schleifzentrum GrindSmart\u00aeNano6 wurde f\u00fcr die Produktion von Hochleistungs-Mikrowerkzeugen aus Hartmetall oder HSS mit einem Durchmesserbereich von \u00d8 0,03 \u2013 2,0 mm (.001&#8243;\u2013 .080&#8243;) ausgelegt. Dank seiner innovativen hydrostatischen [&#8230;]\n","protected":false},"featured_media":9214,"template":"","meta":{"_acf_changed":false},"industry":[770,628],"tool-material":[],"tool-range":[386],"tool-type":[423,425,426,427],"product_brand":[],"product_cat":[518,561,562],"product_tag":[563],"class_list":{"0":"post-32864","1":"product","2":"type-product","3":"status-publish","4":"has-post-thumbnail","6":"industry-3c-elektronikindustrie","7":"industry-electronics-de","8":"tool-range-0-03-2mm","9":"tool-type-form-tools","10":"tool-type-micro-drill","11":"tool-type-micro-end-drill","12":"tool-type-micro-taps","13":"product_cat-grindsmart-de","14":"product_cat-rotary-cutting-tools-de","15":"product_cat-cutting-tool-grinding-de","16":"product_tag-cutting-tool-grinding-de","18":"first","19":"instock","20":"shipping-taxable","21":"product-type-simple"},"acf":[],"yoast_head":"<!-- This site is optimized with the Yoast SEO plugin v27.0 - https:\/\/yoast.com\/product\/yoast-seo-wordpress\/ -->\n<title>GrindSmart Nano6 | 6-Achsen-Pr\u00e4zisionswerkzeugschleifen | Rollomatic USA<\/title>\n<meta name=\"description\" content=\"Hochpr\u00e4zises 6-Achsen-Schleifzentrum, entworfen f\u00fcr die Herstellung leistungsstarker Mikro-Werkzeuge aus Hartmetall oder HSS mit einem Durchmesserbereich zwischen \u00d8 0,03 \u2013 2,0 mm\" \/>\n<meta name=\"robots\" content=\"index, follow, max-snippet:-1, max-image-preview:large, max-video-preview:-1\" \/>\n<link rel=\"canonical\" href=\"https:\/\/www.rollomatic.ch\/de\/produkt\/grindsmart-nano6\/\" \/>\n<meta property=\"og:locale\" content=\"de_DE\" \/>\n<meta property=\"og:type\" content=\"article\" \/>\n<meta property=\"og:title\" content=\"GrindSmart Nano6 | 6-Achsen-Pr\u00e4zisionswerkzeugschleifen | Rollomatic USA\" \/>\n<meta property=\"og:description\" content=\"Hochpr\u00e4zises 6-Achsen-Schleifzentrum, entworfen f\u00fcr die Herstellung leistungsstarker Mikro-Werkzeuge aus Hartmetall oder HSS mit einem Durchmesserbereich zwischen \u00d8 0,03 \u2013 2,0 mm\" \/>\n<meta property=\"og:url\" content=\"https:\/\/www.rollomatic.ch\/de\/produkt\/grindsmart-nano6\/\" \/>\n<meta property=\"og:site_name\" content=\"Rollomatic\" \/>\n<meta property=\"article:publisher\" content=\"https:\/\/www.facebook.com\/rollomatic\/\" \/>\n<meta property=\"article:modified_time\" content=\"2025-05-13T12:01:22+00:00\" \/>\n<meta property=\"og:image\" content=\"https:\/\/www.rollomatic.ch\/wp-content\/uploads\/NANO6-SHINY_1-1.webp\" \/>\n\t<meta property=\"og:image:width\" content=\"2560\" \/>\n\t<meta property=\"og:image:height\" content=\"1440\" \/>\n\t<meta property=\"og:image:type\" content=\"image\/webp\" \/>\n<meta name=\"twitter:card\" content=\"summary_large_image\" \/>\n<meta name=\"twitter:site\" content=\"@rollomatics\" \/>\n<script type=\"application\/ld+json\" class=\"yoast-schema-graph\">{\"@context\":\"https:\/\/schema.org\",\"@graph\":[{\"@type\":\"WebPage\",\"@id\":\"https:\/\/www.rollomatic.ch\/de\/produkt\/grindsmart-nano6\/\",\"url\":\"https:\/\/www.rollomatic.ch\/de\/produkt\/grindsmart-nano6\/\",\"name\":\"GrindSmart Nano6 | 6-Achsen-Pr\u00e4zisionswerkzeugschleifen | Rollomatic USA\",\"isPartOf\":{\"@id\":\"https:\/\/www.rollomatic.ch\/de\/#website\"},\"primaryImageOfPage\":{\"@id\":\"https:\/\/www.rollomatic.ch\/de\/produkt\/grindsmart-nano6\/#primaryimage\"},\"image\":{\"@id\":\"https:\/\/www.rollomatic.ch\/de\/produkt\/grindsmart-nano6\/#primaryimage\"},\"thumbnailUrl\":\"https:\/\/www.rollomatic.ch\/wp-content\/uploads\/NANO6-SHINY_1-1.webp\",\"datePublished\":\"2025-04-09T09:19:15+00:00\",\"dateModified\":\"2025-05-13T12:01:22+00:00\",\"description\":\"Hochpr\u00e4zises 6-Achsen-Schleifzentrum, entworfen f\u00fcr die Herstellung leistungsstarker Mikro-Werkzeuge aus Hartmetall oder HSS mit einem Durchmesserbereich zwischen \u00d8 0,03 \u2013 2,0 mm\",\"breadcrumb\":{\"@id\":\"https:\/\/www.rollomatic.ch\/de\/produkt\/grindsmart-nano6\/#breadcrumb\"},\"inLanguage\":\"de\",\"potentialAction\":[{\"@type\":\"ReadAction\",\"target\":[\"https:\/\/www.rollomatic.ch\/de\/produkt\/grindsmart-nano6\/\"]}]},{\"@type\":\"ImageObject\",\"inLanguage\":\"de\",\"@id\":\"https:\/\/www.rollomatic.ch\/de\/produkt\/grindsmart-nano6\/#primaryimage\",\"url\":\"https:\/\/www.rollomatic.ch\/wp-content\/uploads\/NANO6-SHINY_1-1.webp\",\"contentUrl\":\"https:\/\/www.rollomatic.ch\/wp-content\/uploads\/NANO6-SHINY_1-1.webp\",\"width\":2560,\"height\":1440},{\"@type\":\"BreadcrumbList\",\"@id\":\"https:\/\/www.rollomatic.ch\/de\/produkt\/grindsmart-nano6\/#breadcrumb\",\"itemListElement\":[{\"@type\":\"ListItem\",\"position\":1,\"name\":\"Home\",\"item\":\"https:\/\/www.rollomatic.ch\/de\/\"},{\"@type\":\"ListItem\",\"position\":2,\"name\":\"Katalog\",\"item\":\"https:\/\/www.rollomatic.ch\/de\/katalog\/\"},{\"@type\":\"ListItem\",\"position\":3,\"name\":\"GrindSmart\u00ae Nano6\"}]},{\"@type\":\"WebSite\",\"@id\":\"https:\/\/www.rollomatic.ch\/de\/#website\",\"url\":\"https:\/\/www.rollomatic.ch\/de\/\",\"name\":\"Rollomatic\",\"description\":\"\",\"publisher\":{\"@id\":\"https:\/\/www.rollomatic.ch\/de\/#organization\"},\"potentialAction\":[{\"@type\":\"SearchAction\",\"target\":{\"@type\":\"EntryPoint\",\"urlTemplate\":\"https:\/\/www.rollomatic.ch\/de\/?s={search_term_string}\"},\"query-input\":{\"@type\":\"PropertyValueSpecification\",\"valueRequired\":true,\"valueName\":\"search_term_string\"}}],\"inLanguage\":\"de\"},{\"@type\":\"Organization\",\"@id\":\"https:\/\/www.rollomatic.ch\/de\/#organization\",\"name\":\"Rollomatic S.A.\",\"url\":\"https:\/\/www.rollomatic.ch\/de\/\",\"logo\":{\"@type\":\"ImageObject\",\"inLanguage\":\"de\",\"@id\":\"https:\/\/www.rollomatic.ch\/de\/#\/schema\/logo\/image\/\",\"url\":\"https:\/\/www.rollomatic.ch\/wp-content\/uploads\/logomark_300.png\",\"contentUrl\":\"https:\/\/www.rollomatic.ch\/wp-content\/uploads\/logomark_300.png\",\"width\":300,\"height\":169,\"caption\":\"Rollomatic S.A.\"},\"image\":{\"@id\":\"https:\/\/www.rollomatic.ch\/de\/#\/schema\/logo\/image\/\"},\"sameAs\":[\"https:\/\/www.facebook.com\/rollomatic\/\",\"https:\/\/x.com\/rollomatics\",\"https:\/\/www.linkedin.com\/company\/rollomatic-sa\/\"]}]}<\/script>\n<!-- \/ Yoast SEO plugin. -->","yoast_head_json":{"title":"GrindSmart Nano6 | 6-Achsen-Pr\u00e4zisionswerkzeugschleifen | Rollomatic USA","description":"Hochpr\u00e4zises 6-Achsen-Schleifzentrum, entworfen f\u00fcr die Herstellung leistungsstarker Mikro-Werkzeuge aus Hartmetall oder HSS mit einem Durchmesserbereich zwischen \u00d8 0,03 \u2013 2,0 mm","robots":{"index":"index","follow":"follow","max-snippet":"max-snippet:-1","max-image-preview":"max-image-preview:large","max-video-preview":"max-video-preview:-1"},"canonical":"https:\/\/www.rollomatic.ch\/de\/produkt\/grindsmart-nano6\/","og_locale":"de_DE","og_type":"article","og_title":"GrindSmart Nano6 | 6-Achsen-Pr\u00e4zisionswerkzeugschleifen | Rollomatic USA","og_description":"Hochpr\u00e4zises 6-Achsen-Schleifzentrum, entworfen f\u00fcr die Herstellung leistungsstarker Mikro-Werkzeuge aus Hartmetall oder HSS mit einem Durchmesserbereich zwischen \u00d8 0,03 \u2013 2,0 mm","og_url":"https:\/\/www.rollomatic.ch\/de\/produkt\/grindsmart-nano6\/","og_site_name":"Rollomatic","article_publisher":"https:\/\/www.facebook.com\/rollomatic\/","article_modified_time":"2025-05-13T12:01:22+00:00","og_image":[{"width":2560,"height":1440,"url":"https:\/\/www.rollomatic.ch\/wp-content\/uploads\/NANO6-SHINY_1-1.webp","type":"image\/webp"}],"twitter_card":"summary_large_image","twitter_site":"@rollomatics","schema":{"@context":"https:\/\/schema.org","@graph":[{"@type":"WebPage","@id":"https:\/\/www.rollomatic.ch\/de\/produkt\/grindsmart-nano6\/","url":"https:\/\/www.rollomatic.ch\/de\/produkt\/grindsmart-nano6\/","name":"GrindSmart Nano6 | 6-Achsen-Pr\u00e4zisionswerkzeugschleifen | Rollomatic USA","isPartOf":{"@id":"https:\/\/www.rollomatic.ch\/de\/#website"},"primaryImageOfPage":{"@id":"https:\/\/www.rollomatic.ch\/de\/produkt\/grindsmart-nano6\/#primaryimage"},"image":{"@id":"https:\/\/www.rollomatic.ch\/de\/produkt\/grindsmart-nano6\/#primaryimage"},"thumbnailUrl":"https:\/\/www.rollomatic.ch\/wp-content\/uploads\/NANO6-SHINY_1-1.webp","datePublished":"2025-04-09T09:19:15+00:00","dateModified":"2025-05-13T12:01:22+00:00","description":"Hochpr\u00e4zises 6-Achsen-Schleifzentrum, entworfen f\u00fcr die Herstellung leistungsstarker Mikro-Werkzeuge aus Hartmetall oder HSS mit einem Durchmesserbereich zwischen \u00d8 0,03 \u2013 2,0 mm","breadcrumb":{"@id":"https:\/\/www.rollomatic.ch\/de\/produkt\/grindsmart-nano6\/#breadcrumb"},"inLanguage":"de","potentialAction":[{"@type":"ReadAction","target":["https:\/\/www.rollomatic.ch\/de\/produkt\/grindsmart-nano6\/"]}]},{"@type":"ImageObject","inLanguage":"de","@id":"https:\/\/www.rollomatic.ch\/de\/produkt\/grindsmart-nano6\/#primaryimage","url":"https:\/\/www.rollomatic.ch\/wp-content\/uploads\/NANO6-SHINY_1-1.webp","contentUrl":"https:\/\/www.rollomatic.ch\/wp-content\/uploads\/NANO6-SHINY_1-1.webp","width":2560,"height":1440},{"@type":"BreadcrumbList","@id":"https:\/\/www.rollomatic.ch\/de\/produkt\/grindsmart-nano6\/#breadcrumb","itemListElement":[{"@type":"ListItem","position":1,"name":"Home","item":"https:\/\/www.rollomatic.ch\/de\/"},{"@type":"ListItem","position":2,"name":"Katalog","item":"https:\/\/www.rollomatic.ch\/de\/katalog\/"},{"@type":"ListItem","position":3,"name":"GrindSmart\u00ae Nano6"}]},{"@type":"WebSite","@id":"https:\/\/www.rollomatic.ch\/de\/#website","url":"https:\/\/www.rollomatic.ch\/de\/","name":"Rollomatic","description":"","publisher":{"@id":"https:\/\/www.rollomatic.ch\/de\/#organization"},"potentialAction":[{"@type":"SearchAction","target":{"@type":"EntryPoint","urlTemplate":"https:\/\/www.rollomatic.ch\/de\/?s={search_term_string}"},"query-input":{"@type":"PropertyValueSpecification","valueRequired":true,"valueName":"search_term_string"}}],"inLanguage":"de"},{"@type":"Organization","@id":"https:\/\/www.rollomatic.ch\/de\/#organization","name":"Rollomatic S.A.","url":"https:\/\/www.rollomatic.ch\/de\/","logo":{"@type":"ImageObject","inLanguage":"de","@id":"https:\/\/www.rollomatic.ch\/de\/#\/schema\/logo\/image\/","url":"https:\/\/www.rollomatic.ch\/wp-content\/uploads\/logomark_300.png","contentUrl":"https:\/\/www.rollomatic.ch\/wp-content\/uploads\/logomark_300.png","width":300,"height":169,"caption":"Rollomatic S.A."},"image":{"@id":"https:\/\/www.rollomatic.ch\/de\/#\/schema\/logo\/image\/"},"sameAs":["https:\/\/www.facebook.com\/rollomatic\/","https:\/\/x.com\/rollomatics","https:\/\/www.linkedin.com\/company\/rollomatic-sa\/"]}]}},"_links":{"self":[{"href":"https:\/\/www.rollomatic.ch\/de\/wp-json\/wp\/v2\/product\/32864","targetHints":{"allow":["GET"]}}],"collection":[{"href":"https:\/\/www.rollomatic.ch\/de\/wp-json\/wp\/v2\/product"}],"about":[{"href":"https:\/\/www.rollomatic.ch\/de\/wp-json\/wp\/v2\/types\/product"}],"wp:featuredmedia":[{"embeddable":true,"href":"https:\/\/www.rollomatic.ch\/de\/wp-json\/wp\/v2\/media\/9214"}],"wp:attachment":[{"href":"https:\/\/www.rollomatic.ch\/de\/wp-json\/wp\/v2\/media?parent=32864"}],"wp:term":[{"taxonomy":"industry","embeddable":true,"href":"https:\/\/www.rollomatic.ch\/de\/wp-json\/wp\/v2\/industry?post=32864"},{"taxonomy":"tool-material","embeddable":true,"href":"https:\/\/www.rollomatic.ch\/de\/wp-json\/wp\/v2\/tool-material?post=32864"},{"taxonomy":"tool-range","embeddable":true,"href":"https:\/\/www.rollomatic.ch\/de\/wp-json\/wp\/v2\/tool-range?post=32864"},{"taxonomy":"tool-type","embeddable":true,"href":"https:\/\/www.rollomatic.ch\/de\/wp-json\/wp\/v2\/tool-type?post=32864"},{"taxonomy":"product_brand","embeddable":true,"href":"https:\/\/www.rollomatic.ch\/de\/wp-json\/wp\/v2\/product_brand?post=32864"},{"taxonomy":"product_cat","embeddable":true,"href":"https:\/\/www.rollomatic.ch\/de\/wp-json\/wp\/v2\/product_cat?post=32864"},{"taxonomy":"product_tag","embeddable":true,"href":"https:\/\/www.rollomatic.ch\/de\/wp-json\/wp\/v2\/product_tag?post=32864"}],"curies":[{"name":"wp","href":"https:\/\/api.w.org\/{rel}","templated":true}]}}