{"id":32896,"date":"2020-05-10T21:07:13","date_gmt":"2020-05-10T21:07:13","guid":{"rendered":"https:\/\/www.rollomatic.ch\/product\/lasersmart-810xl\/"},"modified":"2025-05-13T12:01:44","modified_gmt":"2025-05-13T12:01:44","slug":"lasersmart-810xl","status":"publish","type":"product","link":"https:\/\/www.rollomatic.ch\/de\/produkt\/lasersmart-810xl\/","title":{"rendered":"LaserSmart\u00ae 810XL"},"content":{"rendered":"<p>Entwickelt f\u00fcr die Herstellung von Schneidwerkzeugen aus ultraharten Materialien und mit 6 gleichzeitig interpolierten Achsen ausgestattet, ist die LaserSmart\u00ae810XL ideal geeignet f\u00fcr die Bearbeitung von Werkzeugen mit einem Durchmesser von bis zu 300 mm (12&#8243;), einer L\u00e4nge von 350 mm (14&#8243;) und einem Gewicht von bis zu 15 kg (33 lbs.).<\/p>\n<p>Ein automatischer Roboter mit einer Kapazit\u00e4t von 30 Teilen ist standardm\u00e4\u00dfig enthalten.<\/p>\n<p>Die LaserSmart\u00ae810XL ist die perfekte L\u00f6sung f\u00fcr die Bearbeitung von ultra-harten Werkzeugen in der Automobil-, Luftfahrt- und Holzbearbeitungsindustrie.<\/p>\n","protected":false},"excerpt":{"rendered":"<p>Entwickelt f\u00fcr die Herstellung von Schneidwerkzeugen aus ultraharten Materialien und mit 6 gleichzeitig interpolierten Achsen ausgestattet, ist die LaserSmart\u00ae810XL ideal geeignet f\u00fcr die Bearbeitung von Werkzeugen mit einem Durchmesser von [&#8230;]\n","protected":false},"featured_media":9241,"template":"","meta":{"_acf_changed":false},"industry":[613,621,610],"tool-material":[],"tool-range":[],"tool-type":[428],"product_brand":[],"product_cat":[527,716,600],"product_tag":[915],"class_list":{"0":"post-32896","1":"product","2":"type-product","3":"status-publish","4":"has-post-thumbnail","6":"industry-automotive-ev-de","7":"industry-woodworking-de","8":"industry-aerospace-de","9":"tool-type-sharpening","10":"product_cat-lasersmart-de","11":"product_cat-laser-machining-de","12":"product_cat-ultra-hard-materials-de","13":"product_tag-laserbearbeitung","15":"first","16":"instock","17":"shipping-taxable","18":"product-type-simple"},"acf":[],"yoast_head":"<!-- This site is optimized with the Yoast SEO plugin v27.0 - https:\/\/yoast.com\/product\/yoast-seo-wordpress\/ -->\n<title>LaserSmart 810 XL | 6-Achsen-Laserprofil-Schneiden | Rollomatic USA<\/title>\n<meta name=\"description\" content=\"6-Achsen-Laserprofil-Schneidmaschine mit Hochkapazit\u00e4ts-Werkzeugwechsler. Hohe Pr\u00e4zision f\u00fcr gro\u00dfe Werkst\u00fccke.\" \/>\n<meta name=\"robots\" content=\"index, follow, max-snippet:-1, max-image-preview:large, max-video-preview:-1\" \/>\n<link rel=\"canonical\" href=\"https:\/\/www.rollomatic.ch\/de\/produkt\/lasersmart-810xl\/\" \/>\n<meta property=\"og:locale\" content=\"de_DE\" \/>\n<meta property=\"og:type\" content=\"article\" \/>\n<meta property=\"og:title\" content=\"LaserSmart 810 XL | 6-Achsen-Laserprofil-Schneiden | Rollomatic USA\" \/>\n<meta property=\"og:description\" content=\"6-Achsen-Laserprofil-Schneidmaschine mit Hochkapazit\u00e4ts-Werkzeugwechsler. Hohe Pr\u00e4zision f\u00fcr gro\u00dfe Werkst\u00fccke.\" \/>\n<meta property=\"og:url\" content=\"https:\/\/www.rollomatic.ch\/de\/produkt\/lasersmart-810xl\/\" \/>\n<meta property=\"og:site_name\" content=\"Rollomatic\" \/>\n<meta property=\"article:publisher\" content=\"https:\/\/www.facebook.com\/rollomatic\/\" \/>\n<meta property=\"article:modified_time\" content=\"2025-05-13T12:01:44+00:00\" \/>\n<meta property=\"og:image\" content=\"https:\/\/www.rollomatic.ch\/wp-content\/uploads\/LS810XL-SHINY_1-2.webp\" \/>\n\t<meta property=\"og:image:width\" content=\"2560\" \/>\n\t<meta property=\"og:image:height\" content=\"1440\" \/>\n\t<meta property=\"og:image:type\" content=\"image\/webp\" \/>\n<meta name=\"twitter:card\" content=\"summary_large_image\" \/>\n<meta name=\"twitter:site\" content=\"@rollomatics\" \/>\n<script type=\"application\/ld+json\" class=\"yoast-schema-graph\">{\"@context\":\"https:\/\/schema.org\",\"@graph\":[{\"@type\":\"WebPage\",\"@id\":\"https:\/\/www.rollomatic.ch\/de\/produkt\/lasersmart-810xl\/\",\"url\":\"https:\/\/www.rollomatic.ch\/de\/produkt\/lasersmart-810xl\/\",\"name\":\"LaserSmart 810 XL | 6-Achsen-Laserprofil-Schneiden | Rollomatic USA\",\"isPartOf\":{\"@id\":\"https:\/\/www.rollomatic.ch\/de\/#website\"},\"primaryImageOfPage\":{\"@id\":\"https:\/\/www.rollomatic.ch\/de\/produkt\/lasersmart-810xl\/#primaryimage\"},\"image\":{\"@id\":\"https:\/\/www.rollomatic.ch\/de\/produkt\/lasersmart-810xl\/#primaryimage\"},\"thumbnailUrl\":\"https:\/\/www.rollomatic.ch\/wp-content\/uploads\/LS810XL-SHINY_1-2.webp\",\"datePublished\":\"2020-05-10T21:07:13+00:00\",\"dateModified\":\"2025-05-13T12:01:44+00:00\",\"description\":\"6-Achsen-Laserprofil-Schneidmaschine mit Hochkapazit\u00e4ts-Werkzeugwechsler. Hohe Pr\u00e4zision f\u00fcr gro\u00dfe Werkst\u00fccke.\",\"breadcrumb\":{\"@id\":\"https:\/\/www.rollomatic.ch\/de\/produkt\/lasersmart-810xl\/#breadcrumb\"},\"inLanguage\":\"de\",\"potentialAction\":[{\"@type\":\"ReadAction\",\"target\":[\"https:\/\/www.rollomatic.ch\/de\/produkt\/lasersmart-810xl\/\"]}]},{\"@type\":\"ImageObject\",\"inLanguage\":\"de\",\"@id\":\"https:\/\/www.rollomatic.ch\/de\/produkt\/lasersmart-810xl\/#primaryimage\",\"url\":\"https:\/\/www.rollomatic.ch\/wp-content\/uploads\/LS810XL-SHINY_1-2.webp\",\"contentUrl\":\"https:\/\/www.rollomatic.ch\/wp-content\/uploads\/LS810XL-SHINY_1-2.webp\",\"width\":2560,\"height\":1440},{\"@type\":\"BreadcrumbList\",\"@id\":\"https:\/\/www.rollomatic.ch\/de\/produkt\/lasersmart-810xl\/#breadcrumb\",\"itemListElement\":[{\"@type\":\"ListItem\",\"position\":1,\"name\":\"Home\",\"item\":\"https:\/\/www.rollomatic.ch\/de\/\"},{\"@type\":\"ListItem\",\"position\":2,\"name\":\"Katalog\",\"item\":\"https:\/\/www.rollomatic.ch\/de\/katalog\/\"},{\"@type\":\"ListItem\",\"position\":3,\"name\":\"LaserSmart\u00ae 810XL\"}]},{\"@type\":\"WebSite\",\"@id\":\"https:\/\/www.rollomatic.ch\/de\/#website\",\"url\":\"https:\/\/www.rollomatic.ch\/de\/\",\"name\":\"Rollomatic\",\"description\":\"\",\"publisher\":{\"@id\":\"https:\/\/www.rollomatic.ch\/de\/#organization\"},\"potentialAction\":[{\"@type\":\"SearchAction\",\"target\":{\"@type\":\"EntryPoint\",\"urlTemplate\":\"https:\/\/www.rollomatic.ch\/de\/?s={search_term_string}\"},\"query-input\":{\"@type\":\"PropertyValueSpecification\",\"valueRequired\":true,\"valueName\":\"search_term_string\"}}],\"inLanguage\":\"de\"},{\"@type\":\"Organization\",\"@id\":\"https:\/\/www.rollomatic.ch\/de\/#organization\",\"name\":\"Rollomatic S.A.\",\"url\":\"https:\/\/www.rollomatic.ch\/de\/\",\"logo\":{\"@type\":\"ImageObject\",\"inLanguage\":\"de\",\"@id\":\"https:\/\/www.rollomatic.ch\/de\/#\/schema\/logo\/image\/\",\"url\":\"https:\/\/www.rollomatic.ch\/wp-content\/uploads\/logomark_300.png\",\"contentUrl\":\"https:\/\/www.rollomatic.ch\/wp-content\/uploads\/logomark_300.png\",\"width\":300,\"height\":169,\"caption\":\"Rollomatic S.A.\"},\"image\":{\"@id\":\"https:\/\/www.rollomatic.ch\/de\/#\/schema\/logo\/image\/\"},\"sameAs\":[\"https:\/\/www.facebook.com\/rollomatic\/\",\"https:\/\/x.com\/rollomatics\",\"https:\/\/www.linkedin.com\/company\/rollomatic-sa\/\"]}]}<\/script>\n<!-- \/ Yoast SEO plugin. -->","yoast_head_json":{"title":"LaserSmart 810 XL | 6-Achsen-Laserprofil-Schneiden | Rollomatic USA","description":"6-Achsen-Laserprofil-Schneidmaschine mit Hochkapazit\u00e4ts-Werkzeugwechsler. Hohe Pr\u00e4zision f\u00fcr gro\u00dfe Werkst\u00fccke.","robots":{"index":"index","follow":"follow","max-snippet":"max-snippet:-1","max-image-preview":"max-image-preview:large","max-video-preview":"max-video-preview:-1"},"canonical":"https:\/\/www.rollomatic.ch\/de\/produkt\/lasersmart-810xl\/","og_locale":"de_DE","og_type":"article","og_title":"LaserSmart 810 XL | 6-Achsen-Laserprofil-Schneiden | Rollomatic USA","og_description":"6-Achsen-Laserprofil-Schneidmaschine mit Hochkapazit\u00e4ts-Werkzeugwechsler. Hohe Pr\u00e4zision f\u00fcr gro\u00dfe Werkst\u00fccke.","og_url":"https:\/\/www.rollomatic.ch\/de\/produkt\/lasersmart-810xl\/","og_site_name":"Rollomatic","article_publisher":"https:\/\/www.facebook.com\/rollomatic\/","article_modified_time":"2025-05-13T12:01:44+00:00","og_image":[{"width":2560,"height":1440,"url":"https:\/\/www.rollomatic.ch\/wp-content\/uploads\/LS810XL-SHINY_1-2.webp","type":"image\/webp"}],"twitter_card":"summary_large_image","twitter_site":"@rollomatics","schema":{"@context":"https:\/\/schema.org","@graph":[{"@type":"WebPage","@id":"https:\/\/www.rollomatic.ch\/de\/produkt\/lasersmart-810xl\/","url":"https:\/\/www.rollomatic.ch\/de\/produkt\/lasersmart-810xl\/","name":"LaserSmart 810 XL | 6-Achsen-Laserprofil-Schneiden | Rollomatic USA","isPartOf":{"@id":"https:\/\/www.rollomatic.ch\/de\/#website"},"primaryImageOfPage":{"@id":"https:\/\/www.rollomatic.ch\/de\/produkt\/lasersmart-810xl\/#primaryimage"},"image":{"@id":"https:\/\/www.rollomatic.ch\/de\/produkt\/lasersmart-810xl\/#primaryimage"},"thumbnailUrl":"https:\/\/www.rollomatic.ch\/wp-content\/uploads\/LS810XL-SHINY_1-2.webp","datePublished":"2020-05-10T21:07:13+00:00","dateModified":"2025-05-13T12:01:44+00:00","description":"6-Achsen-Laserprofil-Schneidmaschine mit Hochkapazit\u00e4ts-Werkzeugwechsler. Hohe Pr\u00e4zision f\u00fcr gro\u00dfe Werkst\u00fccke.","breadcrumb":{"@id":"https:\/\/www.rollomatic.ch\/de\/produkt\/lasersmart-810xl\/#breadcrumb"},"inLanguage":"de","potentialAction":[{"@type":"ReadAction","target":["https:\/\/www.rollomatic.ch\/de\/produkt\/lasersmart-810xl\/"]}]},{"@type":"ImageObject","inLanguage":"de","@id":"https:\/\/www.rollomatic.ch\/de\/produkt\/lasersmart-810xl\/#primaryimage","url":"https:\/\/www.rollomatic.ch\/wp-content\/uploads\/LS810XL-SHINY_1-2.webp","contentUrl":"https:\/\/www.rollomatic.ch\/wp-content\/uploads\/LS810XL-SHINY_1-2.webp","width":2560,"height":1440},{"@type":"BreadcrumbList","@id":"https:\/\/www.rollomatic.ch\/de\/produkt\/lasersmart-810xl\/#breadcrumb","itemListElement":[{"@type":"ListItem","position":1,"name":"Home","item":"https:\/\/www.rollomatic.ch\/de\/"},{"@type":"ListItem","position":2,"name":"Katalog","item":"https:\/\/www.rollomatic.ch\/de\/katalog\/"},{"@type":"ListItem","position":3,"name":"LaserSmart\u00ae 810XL"}]},{"@type":"WebSite","@id":"https:\/\/www.rollomatic.ch\/de\/#website","url":"https:\/\/www.rollomatic.ch\/de\/","name":"Rollomatic","description":"","publisher":{"@id":"https:\/\/www.rollomatic.ch\/de\/#organization"},"potentialAction":[{"@type":"SearchAction","target":{"@type":"EntryPoint","urlTemplate":"https:\/\/www.rollomatic.ch\/de\/?s={search_term_string}"},"query-input":{"@type":"PropertyValueSpecification","valueRequired":true,"valueName":"search_term_string"}}],"inLanguage":"de"},{"@type":"Organization","@id":"https:\/\/www.rollomatic.ch\/de\/#organization","name":"Rollomatic S.A.","url":"https:\/\/www.rollomatic.ch\/de\/","logo":{"@type":"ImageObject","inLanguage":"de","@id":"https:\/\/www.rollomatic.ch\/de\/#\/schema\/logo\/image\/","url":"https:\/\/www.rollomatic.ch\/wp-content\/uploads\/logomark_300.png","contentUrl":"https:\/\/www.rollomatic.ch\/wp-content\/uploads\/logomark_300.png","width":300,"height":169,"caption":"Rollomatic S.A."},"image":{"@id":"https:\/\/www.rollomatic.ch\/de\/#\/schema\/logo\/image\/"},"sameAs":["https:\/\/www.facebook.com\/rollomatic\/","https:\/\/x.com\/rollomatics","https:\/\/www.linkedin.com\/company\/rollomatic-sa\/"]}]}},"_links":{"self":[{"href":"https:\/\/www.rollomatic.ch\/de\/wp-json\/wp\/v2\/product\/32896","targetHints":{"allow":["GET"]}}],"collection":[{"href":"https:\/\/www.rollomatic.ch\/de\/wp-json\/wp\/v2\/product"}],"about":[{"href":"https:\/\/www.rollomatic.ch\/de\/wp-json\/wp\/v2\/types\/product"}],"wp:featuredmedia":[{"embeddable":true,"href":"https:\/\/www.rollomatic.ch\/de\/wp-json\/wp\/v2\/media\/9241"}],"wp:attachment":[{"href":"https:\/\/www.rollomatic.ch\/de\/wp-json\/wp\/v2\/media?parent=32896"}],"wp:term":[{"taxonomy":"industry","embeddable":true,"href":"https:\/\/www.rollomatic.ch\/de\/wp-json\/wp\/v2\/industry?post=32896"},{"taxonomy":"tool-material","embeddable":true,"href":"https:\/\/www.rollomatic.ch\/de\/wp-json\/wp\/v2\/tool-material?post=32896"},{"taxonomy":"tool-range","embeddable":true,"href":"https:\/\/www.rollomatic.ch\/de\/wp-json\/wp\/v2\/tool-range?post=32896"},{"taxonomy":"tool-type","embeddable":true,"href":"https:\/\/www.rollomatic.ch\/de\/wp-json\/wp\/v2\/tool-type?post=32896"},{"taxonomy":"product_brand","embeddable":true,"href":"https:\/\/www.rollomatic.ch\/de\/wp-json\/wp\/v2\/product_brand?post=32896"},{"taxonomy":"product_cat","embeddable":true,"href":"https:\/\/www.rollomatic.ch\/de\/wp-json\/wp\/v2\/product_cat?post=32896"},{"taxonomy":"product_tag","embeddable":true,"href":"https:\/\/www.rollomatic.ch\/de\/wp-json\/wp\/v2\/product_tag?post=32896"}],"curies":[{"name":"wp","href":"https:\/\/api.w.org\/{rel}","templated":true}]}}