{"id":32929,"date":"2020-04-25T20:53:56","date_gmt":"2020-04-25T20:53:56","guid":{"rendered":"https:\/\/www.rollomatic.ch\/product\/lasersmart-510\/"},"modified":"2025-05-13T12:01:54","modified_gmt":"2025-05-13T12:01:54","slug":"lasersmart-510","status":"publish","type":"product","link":"https:\/\/www.rollomatic.ch\/de\/produkt\/lasersmart-510\/","title":{"rendered":"LaserSmart\u00ae 510"},"content":{"rendered":"<p>Der LaserSmart 510 wurde entwickelt, um schnellere Schneidegeschwindigkeiten von bis zu 450% im Vergleich zu herk\u00f6mmlichen Laserverfahren zu erm\u00f6glichen.<\/p>\n<p>Der Laserbearbeitungsprozess auf dieser Maschine ist allen anderen herk\u00f6mmlichen Verfahren zur Bearbeitung von superharten Materialien wie PCD, CVD-Diamant, monokristalliner Diamant, nat\u00fcrlicher Diamant und PCBN haushoch \u00fcberlegen.<\/p>\n","protected":false},"excerpt":{"rendered":"<p>Der LaserSmart 510 wurde entwickelt, um schnellere Schneidegeschwindigkeiten von bis zu 450% im Vergleich zu herk\u00f6mmlichen Laserverfahren zu erm\u00f6glichen. Der Laserbearbeitungsprozess auf dieser Maschine ist allen anderen herk\u00f6mmlichen Verfahren zur [&#8230;]\n","protected":false},"featured_media":9237,"template":"","meta":{"_acf_changed":false},"industry":[],"tool-material":[432,433,431],"tool-range":[420],"tool-type":[428],"product_brand":[],"product_cat":[527,521,716,600],"product_tag":[915],"class_list":{"0":"post-32929","1":"product","2":"type-product","3":"status-publish","4":"has-post-thumbnail","6":"tool-material-cvd","7":"tool-material-pcbn","8":"tool-material-pcd","9":"tool-range-0-1-80mm","10":"tool-type-sharpening","11":"product_cat-lasersmart-de","12":"product_cat-inserts-and-boring-bars-de","13":"product_cat-laser-machining-de","14":"product_cat-ultra-hard-materials-de","15":"product_tag-laserbearbeitung","17":"first","18":"instock","19":"shipping-taxable","20":"product-type-simple"},"acf":[],"yoast_head":"<!-- This site is optimized with the Yoast SEO plugin v27.0 - https:\/\/yoast.com\/product\/yoast-seo-wordpress\/ -->\n<title>LaserSmart 510 | 5-Achs-Laserprofil-Schneiden | Rollomatic USA<\/title>\n<meta name=\"description\" content=\"5 Achsen Laserprofil-Schneiden, SmartFluting und SmartSharpening in einer Maschine f\u00fcr ultra-harte Schneidwerkzeuge. Automatisierte L\u00f6sungen mit einem vollwertigen 6-Achs-Roboter.\" \/>\n<meta name=\"robots\" content=\"index, follow, max-snippet:-1, max-image-preview:large, max-video-preview:-1\" \/>\n<link rel=\"canonical\" href=\"https:\/\/www.rollomatic.ch\/de\/produkt\/lasersmart-510\/\" \/>\n<meta property=\"og:locale\" content=\"de_DE\" \/>\n<meta property=\"og:type\" content=\"article\" \/>\n<meta property=\"og:title\" content=\"LaserSmart 510 | 5-Achs-Laserprofil-Schneiden | Rollomatic USA\" \/>\n<meta property=\"og:description\" content=\"5 Achsen Laserprofil-Schneiden, SmartFluting und SmartSharpening in einer Maschine f\u00fcr ultra-harte Schneidwerkzeuge. Automatisierte L\u00f6sungen mit einem vollwertigen 6-Achs-Roboter.\" \/>\n<meta property=\"og:url\" content=\"https:\/\/www.rollomatic.ch\/de\/produkt\/lasersmart-510\/\" \/>\n<meta property=\"og:site_name\" content=\"Rollomatic\" \/>\n<meta property=\"article:publisher\" content=\"https:\/\/www.facebook.com\/rollomatic\/\" \/>\n<meta property=\"article:modified_time\" content=\"2025-05-13T12:01:54+00:00\" \/>\n<meta property=\"og:image\" content=\"https:\/\/www.rollomatic.ch\/wp-content\/uploads\/LS510-SHINY_1.webp\" \/>\n\t<meta property=\"og:image:width\" content=\"2560\" \/>\n\t<meta property=\"og:image:height\" content=\"1440\" \/>\n\t<meta property=\"og:image:type\" content=\"image\/webp\" \/>\n<meta name=\"twitter:card\" content=\"summary_large_image\" \/>\n<meta name=\"twitter:site\" content=\"@rollomatics\" \/>\n<script type=\"application\/ld+json\" class=\"yoast-schema-graph\">{\"@context\":\"https:\/\/schema.org\",\"@graph\":[{\"@type\":\"WebPage\",\"@id\":\"https:\/\/www.rollomatic.ch\/de\/produkt\/lasersmart-510\/\",\"url\":\"https:\/\/www.rollomatic.ch\/de\/produkt\/lasersmart-510\/\",\"name\":\"LaserSmart 510 | 5-Achs-Laserprofil-Schneiden | Rollomatic USA\",\"isPartOf\":{\"@id\":\"https:\/\/www.rollomatic.ch\/de\/#website\"},\"primaryImageOfPage\":{\"@id\":\"https:\/\/www.rollomatic.ch\/de\/produkt\/lasersmart-510\/#primaryimage\"},\"image\":{\"@id\":\"https:\/\/www.rollomatic.ch\/de\/produkt\/lasersmart-510\/#primaryimage\"},\"thumbnailUrl\":\"https:\/\/www.rollomatic.ch\/wp-content\/uploads\/LS510-SHINY_1.webp\",\"datePublished\":\"2020-04-25T20:53:56+00:00\",\"dateModified\":\"2025-05-13T12:01:54+00:00\",\"description\":\"5 Achsen Laserprofil-Schneiden, SmartFluting und SmartSharpening in einer Maschine f\u00fcr ultra-harte Schneidwerkzeuge. Automatisierte L\u00f6sungen mit einem vollwertigen 6-Achs-Roboter.\",\"breadcrumb\":{\"@id\":\"https:\/\/www.rollomatic.ch\/de\/produkt\/lasersmart-510\/#breadcrumb\"},\"inLanguage\":\"de\",\"potentialAction\":[{\"@type\":\"ReadAction\",\"target\":[\"https:\/\/www.rollomatic.ch\/de\/produkt\/lasersmart-510\/\"]}]},{\"@type\":\"ImageObject\",\"inLanguage\":\"de\",\"@id\":\"https:\/\/www.rollomatic.ch\/de\/produkt\/lasersmart-510\/#primaryimage\",\"url\":\"https:\/\/www.rollomatic.ch\/wp-content\/uploads\/LS510-SHINY_1.webp\",\"contentUrl\":\"https:\/\/www.rollomatic.ch\/wp-content\/uploads\/LS510-SHINY_1.webp\",\"width\":2560,\"height\":1440},{\"@type\":\"BreadcrumbList\",\"@id\":\"https:\/\/www.rollomatic.ch\/de\/produkt\/lasersmart-510\/#breadcrumb\",\"itemListElement\":[{\"@type\":\"ListItem\",\"position\":1,\"name\":\"Home\",\"item\":\"https:\/\/www.rollomatic.ch\/de\/\"},{\"@type\":\"ListItem\",\"position\":2,\"name\":\"Katalog\",\"item\":\"https:\/\/www.rollomatic.ch\/de\/katalog\/\"},{\"@type\":\"ListItem\",\"position\":3,\"name\":\"LaserSmart\u00ae 510\"}]},{\"@type\":\"WebSite\",\"@id\":\"https:\/\/www.rollomatic.ch\/de\/#website\",\"url\":\"https:\/\/www.rollomatic.ch\/de\/\",\"name\":\"Rollomatic\",\"description\":\"\",\"publisher\":{\"@id\":\"https:\/\/www.rollomatic.ch\/de\/#organization\"},\"potentialAction\":[{\"@type\":\"SearchAction\",\"target\":{\"@type\":\"EntryPoint\",\"urlTemplate\":\"https:\/\/www.rollomatic.ch\/de\/?s={search_term_string}\"},\"query-input\":{\"@type\":\"PropertyValueSpecification\",\"valueRequired\":true,\"valueName\":\"search_term_string\"}}],\"inLanguage\":\"de\"},{\"@type\":\"Organization\",\"@id\":\"https:\/\/www.rollomatic.ch\/de\/#organization\",\"name\":\"Rollomatic S.A.\",\"url\":\"https:\/\/www.rollomatic.ch\/de\/\",\"logo\":{\"@type\":\"ImageObject\",\"inLanguage\":\"de\",\"@id\":\"https:\/\/www.rollomatic.ch\/de\/#\/schema\/logo\/image\/\",\"url\":\"https:\/\/www.rollomatic.ch\/wp-content\/uploads\/logomark_300.png\",\"contentUrl\":\"https:\/\/www.rollomatic.ch\/wp-content\/uploads\/logomark_300.png\",\"width\":300,\"height\":169,\"caption\":\"Rollomatic S.A.\"},\"image\":{\"@id\":\"https:\/\/www.rollomatic.ch\/de\/#\/schema\/logo\/image\/\"},\"sameAs\":[\"https:\/\/www.facebook.com\/rollomatic\/\",\"https:\/\/x.com\/rollomatics\",\"https:\/\/www.linkedin.com\/company\/rollomatic-sa\/\"]}]}<\/script>\n<!-- \/ Yoast SEO plugin. -->","yoast_head_json":{"title":"LaserSmart 510 | 5-Achs-Laserprofil-Schneiden | Rollomatic USA","description":"5 Achsen Laserprofil-Schneiden, SmartFluting und SmartSharpening in einer Maschine f\u00fcr ultra-harte Schneidwerkzeuge. Automatisierte L\u00f6sungen mit einem vollwertigen 6-Achs-Roboter.","robots":{"index":"index","follow":"follow","max-snippet":"max-snippet:-1","max-image-preview":"max-image-preview:large","max-video-preview":"max-video-preview:-1"},"canonical":"https:\/\/www.rollomatic.ch\/de\/produkt\/lasersmart-510\/","og_locale":"de_DE","og_type":"article","og_title":"LaserSmart 510 | 5-Achs-Laserprofil-Schneiden | Rollomatic USA","og_description":"5 Achsen Laserprofil-Schneiden, SmartFluting und SmartSharpening in einer Maschine f\u00fcr ultra-harte Schneidwerkzeuge. Automatisierte L\u00f6sungen mit einem vollwertigen 6-Achs-Roboter.","og_url":"https:\/\/www.rollomatic.ch\/de\/produkt\/lasersmart-510\/","og_site_name":"Rollomatic","article_publisher":"https:\/\/www.facebook.com\/rollomatic\/","article_modified_time":"2025-05-13T12:01:54+00:00","og_image":[{"width":2560,"height":1440,"url":"https:\/\/www.rollomatic.ch\/wp-content\/uploads\/LS510-SHINY_1.webp","type":"image\/webp"}],"twitter_card":"summary_large_image","twitter_site":"@rollomatics","schema":{"@context":"https:\/\/schema.org","@graph":[{"@type":"WebPage","@id":"https:\/\/www.rollomatic.ch\/de\/produkt\/lasersmart-510\/","url":"https:\/\/www.rollomatic.ch\/de\/produkt\/lasersmart-510\/","name":"LaserSmart 510 | 5-Achs-Laserprofil-Schneiden | Rollomatic USA","isPartOf":{"@id":"https:\/\/www.rollomatic.ch\/de\/#website"},"primaryImageOfPage":{"@id":"https:\/\/www.rollomatic.ch\/de\/produkt\/lasersmart-510\/#primaryimage"},"image":{"@id":"https:\/\/www.rollomatic.ch\/de\/produkt\/lasersmart-510\/#primaryimage"},"thumbnailUrl":"https:\/\/www.rollomatic.ch\/wp-content\/uploads\/LS510-SHINY_1.webp","datePublished":"2020-04-25T20:53:56+00:00","dateModified":"2025-05-13T12:01:54+00:00","description":"5 Achsen Laserprofil-Schneiden, SmartFluting und SmartSharpening in einer Maschine f\u00fcr ultra-harte Schneidwerkzeuge. Automatisierte L\u00f6sungen mit einem vollwertigen 6-Achs-Roboter.","breadcrumb":{"@id":"https:\/\/www.rollomatic.ch\/de\/produkt\/lasersmart-510\/#breadcrumb"},"inLanguage":"de","potentialAction":[{"@type":"ReadAction","target":["https:\/\/www.rollomatic.ch\/de\/produkt\/lasersmart-510\/"]}]},{"@type":"ImageObject","inLanguage":"de","@id":"https:\/\/www.rollomatic.ch\/de\/produkt\/lasersmart-510\/#primaryimage","url":"https:\/\/www.rollomatic.ch\/wp-content\/uploads\/LS510-SHINY_1.webp","contentUrl":"https:\/\/www.rollomatic.ch\/wp-content\/uploads\/LS510-SHINY_1.webp","width":2560,"height":1440},{"@type":"BreadcrumbList","@id":"https:\/\/www.rollomatic.ch\/de\/produkt\/lasersmart-510\/#breadcrumb","itemListElement":[{"@type":"ListItem","position":1,"name":"Home","item":"https:\/\/www.rollomatic.ch\/de\/"},{"@type":"ListItem","position":2,"name":"Katalog","item":"https:\/\/www.rollomatic.ch\/de\/katalog\/"},{"@type":"ListItem","position":3,"name":"LaserSmart\u00ae 510"}]},{"@type":"WebSite","@id":"https:\/\/www.rollomatic.ch\/de\/#website","url":"https:\/\/www.rollomatic.ch\/de\/","name":"Rollomatic","description":"","publisher":{"@id":"https:\/\/www.rollomatic.ch\/de\/#organization"},"potentialAction":[{"@type":"SearchAction","target":{"@type":"EntryPoint","urlTemplate":"https:\/\/www.rollomatic.ch\/de\/?s={search_term_string}"},"query-input":{"@type":"PropertyValueSpecification","valueRequired":true,"valueName":"search_term_string"}}],"inLanguage":"de"},{"@type":"Organization","@id":"https:\/\/www.rollomatic.ch\/de\/#organization","name":"Rollomatic S.A.","url":"https:\/\/www.rollomatic.ch\/de\/","logo":{"@type":"ImageObject","inLanguage":"de","@id":"https:\/\/www.rollomatic.ch\/de\/#\/schema\/logo\/image\/","url":"https:\/\/www.rollomatic.ch\/wp-content\/uploads\/logomark_300.png","contentUrl":"https:\/\/www.rollomatic.ch\/wp-content\/uploads\/logomark_300.png","width":300,"height":169,"caption":"Rollomatic S.A."},"image":{"@id":"https:\/\/www.rollomatic.ch\/de\/#\/schema\/logo\/image\/"},"sameAs":["https:\/\/www.facebook.com\/rollomatic\/","https:\/\/x.com\/rollomatics","https:\/\/www.linkedin.com\/company\/rollomatic-sa\/"]}]}},"_links":{"self":[{"href":"https:\/\/www.rollomatic.ch\/de\/wp-json\/wp\/v2\/product\/32929","targetHints":{"allow":["GET"]}}],"collection":[{"href":"https:\/\/www.rollomatic.ch\/de\/wp-json\/wp\/v2\/product"}],"about":[{"href":"https:\/\/www.rollomatic.ch\/de\/wp-json\/wp\/v2\/types\/product"}],"wp:featuredmedia":[{"embeddable":true,"href":"https:\/\/www.rollomatic.ch\/de\/wp-json\/wp\/v2\/media\/9237"}],"wp:attachment":[{"href":"https:\/\/www.rollomatic.ch\/de\/wp-json\/wp\/v2\/media?parent=32929"}],"wp:term":[{"taxonomy":"industry","embeddable":true,"href":"https:\/\/www.rollomatic.ch\/de\/wp-json\/wp\/v2\/industry?post=32929"},{"taxonomy":"tool-material","embeddable":true,"href":"https:\/\/www.rollomatic.ch\/de\/wp-json\/wp\/v2\/tool-material?post=32929"},{"taxonomy":"tool-range","embeddable":true,"href":"https:\/\/www.rollomatic.ch\/de\/wp-json\/wp\/v2\/tool-range?post=32929"},{"taxonomy":"tool-type","embeddable":true,"href":"https:\/\/www.rollomatic.ch\/de\/wp-json\/wp\/v2\/tool-type?post=32929"},{"taxonomy":"product_brand","embeddable":true,"href":"https:\/\/www.rollomatic.ch\/de\/wp-json\/wp\/v2\/product_brand?post=32929"},{"taxonomy":"product_cat","embeddable":true,"href":"https:\/\/www.rollomatic.ch\/de\/wp-json\/wp\/v2\/product_cat?post=32929"},{"taxonomy":"product_tag","embeddable":true,"href":"https:\/\/www.rollomatic.ch\/de\/wp-json\/wp\/v2\/product_tag?post=32929"}],"curies":[{"name":"wp","href":"https:\/\/api.w.org\/{rel}","templated":true}]}}