{"id":33194,"date":"2024-03-19T06:27:56","date_gmt":"2025-04-09T09:31:07","guid":{"rendered":"https:\/\/www.rollomatic.ch\/product\/concentricity-pro\/"},"modified":"2025-05-13T12:00:37","modified_gmt":"2025-05-13T12:00:37","slug":"concentricity-pro","status":"publish","type":"product","link":"https:\/\/www.rollomatic.ch\/de\/produkt\/concentricity-pro\/","title":{"rendered":"Concentricity Pro"},"content":{"rendered":"<p>Zuverl\u00e4ssige Qualit\u00e4tsmessung ist ein Schl\u00fcsselfaktor in der heutigen wettbewerbsorientierten Fertigungsumgebung. Der Rollomatic \u201cV-Block\u201d Concentricity Pro beseitigt Messfehler, die in herk\u00f6mmlichen Konstruktionen von Rundlaufmessger\u00e4ten auftreten. Diese Einheit eignet sich zur Messung des Rundlaufs an zylindrischen Komponenten unter 0,00004\u201d (1 Mikron) und kann ideal in der Schneidwerkzeug-, Stanz-, Halbleiter-, Automobil- und Luftfahrtindustrie eingesetzt werden.<\/p>\n","protected":false},"excerpt":{"rendered":"<p>Zuverl\u00e4ssige Qualit\u00e4tsmessung ist ein Schl\u00fcsselfaktor in der heutigen wettbewerbsorientierten Fertigungsumgebung. Der Rollomatic \u201cV-Block\u201d Concentricity Pro beseitigt Messfehler, die in herk\u00f6mmlichen Konstruktionen von Rundlaufmessger\u00e4ten auftreten. Diese Einheit eignet sich zur Messung [&#8230;]\n","protected":false},"featured_media":9251,"template":"","meta":{"_acf_changed":false},"industry":[],"tool-material":[],"tool-range":[],"tool-type":[],"product_brand":[],"product_cat":[530],"product_tag":[],"class_list":{"0":"post-33194","1":"product","2":"type-product","3":"status-publish","4":"has-post-thumbnail","6":"product_cat-peripherals-de","8":"first","9":"instock","10":"shipping-taxable","11":"product-type-simple"},"acf":[],"yoast_head":"<!-- This site is optimized with the Yoast SEO plugin v27.0 - https:\/\/yoast.com\/product\/yoast-seo-wordpress\/ -->\n<title>Concentricity Pro - Rollomatic<\/title>\n<meta name=\"robots\" content=\"index, follow, max-snippet:-1, max-image-preview:large, max-video-preview:-1\" \/>\n<link rel=\"canonical\" href=\"https:\/\/www.rollomatic.ch\/de\/produkt\/concentricity-pro\/\" \/>\n<meta property=\"og:locale\" content=\"de_DE\" \/>\n<meta property=\"og:type\" content=\"article\" \/>\n<meta property=\"og:title\" content=\"Concentricity Pro - Rollomatic\" \/>\n<meta property=\"og:description\" content=\"Zuverl\u00e4ssige Qualit\u00e4tsmessung ist ein Schl\u00fcsselfaktor in der heutigen wettbewerbsorientierten Fertigungsumgebung. Der Rollomatic \u201cV-Block\u201d Concentricity Pro beseitigt Messfehler, die in herk\u00f6mmlichen Konstruktionen von Rundlaufmessger\u00e4ten auftreten. Diese Einheit eignet sich zur Messung [...]\" \/>\n<meta property=\"og:url\" content=\"https:\/\/www.rollomatic.ch\/de\/produkt\/concentricity-pro\/\" \/>\n<meta property=\"og:site_name\" content=\"Rollomatic\" \/>\n<meta property=\"article:publisher\" content=\"https:\/\/www.facebook.com\/rollomatic\/\" \/>\n<meta property=\"article:modified_time\" content=\"2025-05-13T12:00:37+00:00\" \/>\n<meta property=\"og:image\" content=\"https:\/\/www.rollomatic.ch\/wp-content\/uploads\/Peripherical-Concentricity_Pro.jpg\" \/>\n\t<meta property=\"og:image:width\" content=\"1470\" \/>\n\t<meta property=\"og:image:height\" content=\"1102\" \/>\n\t<meta property=\"og:image:type\" content=\"image\/jpeg\" \/>\n<meta name=\"twitter:card\" content=\"summary_large_image\" \/>\n<meta name=\"twitter:site\" content=\"@rollomatics\" \/>\n<script type=\"application\/ld+json\" class=\"yoast-schema-graph\">{\"@context\":\"https:\/\/schema.org\",\"@graph\":[{\"@type\":\"WebPage\",\"@id\":\"https:\/\/www.rollomatic.ch\/de\/produkt\/concentricity-pro\/\",\"url\":\"https:\/\/www.rollomatic.ch\/de\/produkt\/concentricity-pro\/\",\"name\":\"Concentricity Pro - Rollomatic\",\"isPartOf\":{\"@id\":\"https:\/\/www.rollomatic.ch\/de\/#website\"},\"primaryImageOfPage\":{\"@id\":\"https:\/\/www.rollomatic.ch\/de\/produkt\/concentricity-pro\/#primaryimage\"},\"image\":{\"@id\":\"https:\/\/www.rollomatic.ch\/de\/produkt\/concentricity-pro\/#primaryimage\"},\"thumbnailUrl\":\"https:\/\/www.rollomatic.ch\/wp-content\/uploads\/Peripherical-Concentricity_Pro.jpg\",\"datePublished\":\"2025-04-09T09:31:07+00:00\",\"dateModified\":\"2025-05-13T12:00:37+00:00\",\"breadcrumb\":{\"@id\":\"https:\/\/www.rollomatic.ch\/de\/produkt\/concentricity-pro\/#breadcrumb\"},\"inLanguage\":\"de\",\"potentialAction\":[{\"@type\":\"ReadAction\",\"target\":[\"https:\/\/www.rollomatic.ch\/de\/produkt\/concentricity-pro\/\"]}]},{\"@type\":\"ImageObject\",\"inLanguage\":\"de\",\"@id\":\"https:\/\/www.rollomatic.ch\/de\/produkt\/concentricity-pro\/#primaryimage\",\"url\":\"https:\/\/www.rollomatic.ch\/wp-content\/uploads\/Peripherical-Concentricity_Pro.jpg\",\"contentUrl\":\"https:\/\/www.rollomatic.ch\/wp-content\/uploads\/Peripherical-Concentricity_Pro.jpg\",\"width\":1470,\"height\":1102},{\"@type\":\"BreadcrumbList\",\"@id\":\"https:\/\/www.rollomatic.ch\/de\/produkt\/concentricity-pro\/#breadcrumb\",\"itemListElement\":[{\"@type\":\"ListItem\",\"position\":1,\"name\":\"Home\",\"item\":\"https:\/\/www.rollomatic.ch\/de\/\"},{\"@type\":\"ListItem\",\"position\":2,\"name\":\"Katalog\",\"item\":\"https:\/\/www.rollomatic.ch\/de\/katalog\/\"},{\"@type\":\"ListItem\",\"position\":3,\"name\":\"Concentricity Pro\"}]},{\"@type\":\"WebSite\",\"@id\":\"https:\/\/www.rollomatic.ch\/de\/#website\",\"url\":\"https:\/\/www.rollomatic.ch\/de\/\",\"name\":\"Rollomatic\",\"description\":\"\",\"publisher\":{\"@id\":\"https:\/\/www.rollomatic.ch\/de\/#organization\"},\"potentialAction\":[{\"@type\":\"SearchAction\",\"target\":{\"@type\":\"EntryPoint\",\"urlTemplate\":\"https:\/\/www.rollomatic.ch\/de\/?s={search_term_string}\"},\"query-input\":{\"@type\":\"PropertyValueSpecification\",\"valueRequired\":true,\"valueName\":\"search_term_string\"}}],\"inLanguage\":\"de\"},{\"@type\":\"Organization\",\"@id\":\"https:\/\/www.rollomatic.ch\/de\/#organization\",\"name\":\"Rollomatic S.A.\",\"url\":\"https:\/\/www.rollomatic.ch\/de\/\",\"logo\":{\"@type\":\"ImageObject\",\"inLanguage\":\"de\",\"@id\":\"https:\/\/www.rollomatic.ch\/de\/#\/schema\/logo\/image\/\",\"url\":\"https:\/\/www.rollomatic.ch\/wp-content\/uploads\/logomark_300.png\",\"contentUrl\":\"https:\/\/www.rollomatic.ch\/wp-content\/uploads\/logomark_300.png\",\"width\":300,\"height\":169,\"caption\":\"Rollomatic S.A.\"},\"image\":{\"@id\":\"https:\/\/www.rollomatic.ch\/de\/#\/schema\/logo\/image\/\"},\"sameAs\":[\"https:\/\/www.facebook.com\/rollomatic\/\",\"https:\/\/x.com\/rollomatics\",\"https:\/\/www.linkedin.com\/company\/rollomatic-sa\/\"]}]}<\/script>\n<!-- \/ Yoast SEO plugin. -->","yoast_head_json":{"title":"Concentricity Pro - Rollomatic","robots":{"index":"index","follow":"follow","max-snippet":"max-snippet:-1","max-image-preview":"max-image-preview:large","max-video-preview":"max-video-preview:-1"},"canonical":"https:\/\/www.rollomatic.ch\/de\/produkt\/concentricity-pro\/","og_locale":"de_DE","og_type":"article","og_title":"Concentricity Pro - Rollomatic","og_description":"Zuverl\u00e4ssige Qualit\u00e4tsmessung ist ein Schl\u00fcsselfaktor in der heutigen wettbewerbsorientierten Fertigungsumgebung. Der Rollomatic \u201cV-Block\u201d Concentricity Pro beseitigt Messfehler, die in herk\u00f6mmlichen Konstruktionen von Rundlaufmessger\u00e4ten auftreten. Diese Einheit eignet sich zur Messung [...]","og_url":"https:\/\/www.rollomatic.ch\/de\/produkt\/concentricity-pro\/","og_site_name":"Rollomatic","article_publisher":"https:\/\/www.facebook.com\/rollomatic\/","article_modified_time":"2025-05-13T12:00:37+00:00","og_image":[{"width":1470,"height":1102,"url":"https:\/\/www.rollomatic.ch\/wp-content\/uploads\/Peripherical-Concentricity_Pro.jpg","type":"image\/jpeg"}],"twitter_card":"summary_large_image","twitter_site":"@rollomatics","schema":{"@context":"https:\/\/schema.org","@graph":[{"@type":"WebPage","@id":"https:\/\/www.rollomatic.ch\/de\/produkt\/concentricity-pro\/","url":"https:\/\/www.rollomatic.ch\/de\/produkt\/concentricity-pro\/","name":"Concentricity Pro - Rollomatic","isPartOf":{"@id":"https:\/\/www.rollomatic.ch\/de\/#website"},"primaryImageOfPage":{"@id":"https:\/\/www.rollomatic.ch\/de\/produkt\/concentricity-pro\/#primaryimage"},"image":{"@id":"https:\/\/www.rollomatic.ch\/de\/produkt\/concentricity-pro\/#primaryimage"},"thumbnailUrl":"https:\/\/www.rollomatic.ch\/wp-content\/uploads\/Peripherical-Concentricity_Pro.jpg","datePublished":"2025-04-09T09:31:07+00:00","dateModified":"2025-05-13T12:00:37+00:00","breadcrumb":{"@id":"https:\/\/www.rollomatic.ch\/de\/produkt\/concentricity-pro\/#breadcrumb"},"inLanguage":"de","potentialAction":[{"@type":"ReadAction","target":["https:\/\/www.rollomatic.ch\/de\/produkt\/concentricity-pro\/"]}]},{"@type":"ImageObject","inLanguage":"de","@id":"https:\/\/www.rollomatic.ch\/de\/produkt\/concentricity-pro\/#primaryimage","url":"https:\/\/www.rollomatic.ch\/wp-content\/uploads\/Peripherical-Concentricity_Pro.jpg","contentUrl":"https:\/\/www.rollomatic.ch\/wp-content\/uploads\/Peripherical-Concentricity_Pro.jpg","width":1470,"height":1102},{"@type":"BreadcrumbList","@id":"https:\/\/www.rollomatic.ch\/de\/produkt\/concentricity-pro\/#breadcrumb","itemListElement":[{"@type":"ListItem","position":1,"name":"Home","item":"https:\/\/www.rollomatic.ch\/de\/"},{"@type":"ListItem","position":2,"name":"Katalog","item":"https:\/\/www.rollomatic.ch\/de\/katalog\/"},{"@type":"ListItem","position":3,"name":"Concentricity Pro"}]},{"@type":"WebSite","@id":"https:\/\/www.rollomatic.ch\/de\/#website","url":"https:\/\/www.rollomatic.ch\/de\/","name":"Rollomatic","description":"","publisher":{"@id":"https:\/\/www.rollomatic.ch\/de\/#organization"},"potentialAction":[{"@type":"SearchAction","target":{"@type":"EntryPoint","urlTemplate":"https:\/\/www.rollomatic.ch\/de\/?s={search_term_string}"},"query-input":{"@type":"PropertyValueSpecification","valueRequired":true,"valueName":"search_term_string"}}],"inLanguage":"de"},{"@type":"Organization","@id":"https:\/\/www.rollomatic.ch\/de\/#organization","name":"Rollomatic S.A.","url":"https:\/\/www.rollomatic.ch\/de\/","logo":{"@type":"ImageObject","inLanguage":"de","@id":"https:\/\/www.rollomatic.ch\/de\/#\/schema\/logo\/image\/","url":"https:\/\/www.rollomatic.ch\/wp-content\/uploads\/logomark_300.png","contentUrl":"https:\/\/www.rollomatic.ch\/wp-content\/uploads\/logomark_300.png","width":300,"height":169,"caption":"Rollomatic S.A."},"image":{"@id":"https:\/\/www.rollomatic.ch\/de\/#\/schema\/logo\/image\/"},"sameAs":["https:\/\/www.facebook.com\/rollomatic\/","https:\/\/x.com\/rollomatics","https:\/\/www.linkedin.com\/company\/rollomatic-sa\/"]}]}},"_links":{"self":[{"href":"https:\/\/www.rollomatic.ch\/de\/wp-json\/wp\/v2\/product\/33194","targetHints":{"allow":["GET"]}}],"collection":[{"href":"https:\/\/www.rollomatic.ch\/de\/wp-json\/wp\/v2\/product"}],"about":[{"href":"https:\/\/www.rollomatic.ch\/de\/wp-json\/wp\/v2\/types\/product"}],"wp:featuredmedia":[{"embeddable":true,"href":"https:\/\/www.rollomatic.ch\/de\/wp-json\/wp\/v2\/media\/9251"}],"wp:attachment":[{"href":"https:\/\/www.rollomatic.ch\/de\/wp-json\/wp\/v2\/media?parent=33194"}],"wp:term":[{"taxonomy":"industry","embeddable":true,"href":"https:\/\/www.rollomatic.ch\/de\/wp-json\/wp\/v2\/industry?post=33194"},{"taxonomy":"tool-material","embeddable":true,"href":"https:\/\/www.rollomatic.ch\/de\/wp-json\/wp\/v2\/tool-material?post=33194"},{"taxonomy":"tool-range","embeddable":true,"href":"https:\/\/www.rollomatic.ch\/de\/wp-json\/wp\/v2\/tool-range?post=33194"},{"taxonomy":"tool-type","embeddable":true,"href":"https:\/\/www.rollomatic.ch\/de\/wp-json\/wp\/v2\/tool-type?post=33194"},{"taxonomy":"product_brand","embeddable":true,"href":"https:\/\/www.rollomatic.ch\/de\/wp-json\/wp\/v2\/product_brand?post=33194"},{"taxonomy":"product_cat","embeddable":true,"href":"https:\/\/www.rollomatic.ch\/de\/wp-json\/wp\/v2\/product_cat?post=33194"},{"taxonomy":"product_tag","embeddable":true,"href":"https:\/\/www.rollomatic.ch\/de\/wp-json\/wp\/v2\/product_tag?post=33194"}],"curies":[{"name":"wp","href":"https:\/\/api.w.org\/{rel}","templated":true}]}}