{"id":32443,"date":"2025-04-09T08:07:23","date_gmt":"2025-04-09T08:07:23","guid":{"rendered":"https:\/\/www.rollomatic.ch\/politica-de-privacidad\/"},"modified":"2025-05-15T05:12:53","modified_gmt":"2025-05-15T05:12:53","slug":"politica-de-privacidad","status":"publish","type":"page","link":"https:\/\/www.rollomatic.ch\/es\/politica-de-privacidad\/","title":{"rendered":"Pol\u00edtica de Privacidad"},"content":{"rendered":"\n\t<section class=\"section\" id=\"section_1566330241\">\n\t\t<div class=\"section-bg fill\" >\n\t\t\t\t\t\t\t\t\t\n\t\t\t\n\n\t\t<\/div>\n\n\t\t\n\n\t\t<div class=\"section-content relative\">\n\t\t\t\n<div class=\"row\"  id=\"row-1675170419\">\n\n\t<div id=\"col-1465066399\" class=\"col small-12 large-12\"  >\n\t\t\t\t<div class=\"col-inner\"  >\n\t\t\t\n\t\t\t\n<h3>Pol\u00edtica de cookies y gesti\u00f3n de datos<\/h3>\n<div class=\"is-divider divider clearfix\" style=\"margin-top:10px;margin-bottom:10px;max-width:100%;height:1px;\"><\/div>\n\t\t<\/div>\n\t\t\t\t\t<\/div>\n\n\t\n\n\t<div id=\"col-843496529\" class=\"col medium-11 small-12 large-11\"  >\n\t\t\t\t<div class=\"col-inner\"  >\n\t\t\t\n\t\t\t\n<h4>Pol\u00edtica de Protecci\u00f3n de Datos<\/h4>\n<p>Nos preocupamos por la confidencialidad de sus datos personales y le damos gran importancia. Por esta raz\u00f3n, queremos informarle de manera transparente y clara que estos datos se tratan de manera perfectamente confidencial y no se venden a terceros. Los datos personales comunicados (correo electr\u00f3nico, formulario en l\u00ednea) se utilizan exclusivamente para responder y no se utilizan para otros fines.<\/p>\n\t\t<\/div>\n\t\t\t\t\n<style>\n#col-843496529 > .col-inner {\n  padding: 0px 0px 15px 0px;\n}\n<\/style>\n\t<\/div>\n\n\t\n\n\t<div id=\"col-690607002\" class=\"col medium-11 small-12 large-11\"  >\n\t\t\t\t<div class=\"col-inner\"  >\n\t\t\t\n\t\t\t\n<h4>Acceso Seguro<\/h4>\n<p>Para proteger nuestros datos y sistemas (ejemplo: WiFi para invitados, FileCloud, myRollomatic, Digital Rollo World), se puede solicitar algunos datos personales como nombre, correo electr\u00f3nico, n\u00famero m\u00f3vil, etc., para validar la legitimidad del acceso.<\/p>\n<p>Si desea informaci\u00f3n m\u00e1s detallada sobre nuestra pol\u00edtica de protecci\u00f3n de datos, comun\u00edquese con legal(at)rollomatic.ch .<\/p>\n\t\t<\/div>\n\t\t\t\t\n<style>\n#col-690607002 > .col-inner {\n  padding: 0px 0px 15px 0px;\n}\n<\/style>\n\t<\/div>\n\n\t\n\n\t<div id=\"col-257365964\" class=\"col medium-11 small-12 large-11\"  >\n\t\t\t\t<div class=\"col-inner\"  >\n\t\t\t\n\t\t\t\n<h4>Pol\u00edtica de Gesti\u00f3n de Cookies<\/h4>\n<p>Al visitar rollomatic.ch, se colocan cookies en su computadora, m\u00f3vil o tableta.<\/p>\n<p>La cookie es informaci\u00f3n almacenada en su disco duro por el servidor del sitio web o una aplicaci\u00f3n m\u00f3vil que visita.<\/p>\n<p>Contiene varios datos:<\/p>\n<ul>\n<li>El nombre del servidor que lo archiv\u00f3<\/li>\n<li>Un identificador en forma de n\u00famero \u00fanico<\/li>\n<li>Posiblemente una fecha de expiraci\u00f3n<\/li>\n<\/ul>\n<p>En su computadora, las cookies son gestionadas por su navegador de internet (Internet Explorer, Firefox, Safari o Google Chrome).<\/p>\n\t\t<\/div>\n\t\t\t\t\n<style>\n#col-257365964 > .col-inner {\n  padding: 0px 0px 30px 0px;\n}\n<\/style>\n\t<\/div>\n\n\t\n\n\t<div id=\"col-719719180\" class=\"col medium-11 small-12 large-11\"  >\n\t\t\t\t<div class=\"col-inner\"  >\n\t\t\t\n\t\t\t\n<h4>\u00bfCu\u00e1les son los diferentes tipos de cookies que se utilizan en nuestros sitios web?<\/h4>\n<p>En rollomatic.ch se utilizan varios tipos de cookies, y tienen diferentes prop\u00f3sitos.<\/p>\n\t<div id=\"gap-1329927928\" class=\"gap-element clearfix\" style=\"display:block; height:auto;\">\n\t\t\n<style>\n#gap-1329927928 {\n  padding-top: 15px;\n}\n<\/style>\n\t<\/div>\n\t\n<h5>Cookies Esenciales<\/h5>\n<p>Estas cookies son esenciales para permitirle navegar en nuestro sitio web y utilizar todas las funciones.<\/p>\n\t<div id=\"gap-68458633\" class=\"gap-element clearfix\" style=\"display:block; height:auto;\">\n\t\t\n<style>\n#gap-68458633 {\n  padding-top: 15px;\n}\n<\/style>\n\t<\/div>\n\t\n<h5>Cookies de Rendimiento<\/h5>\n<p>Estas cookies recopilan informaci\u00f3n sobre el uso de nuestros sitios web, como las p\u00e1ginas m\u00e1s vistas. Estos datos nos permiten optimizar nuestros sitios web y simplificar la navegaci\u00f3n. Estas cookies tambi\u00e9n permiten a nuestros afiliados saber si accedi\u00f3 a uno de nuestros sitios web desde su sitio y si su visita result\u00f3 en el uso de un servicio de nuestro sitio, incluidas las referencias necesarias. Estas cookies no recopilan informaci\u00f3n para identificarlo. Toda la informaci\u00f3n recopilada se agrupa y permanece an\u00f3nima.<\/p>\n\t<div id=\"gap-575098616\" class=\"gap-element clearfix\" style=\"display:block; height:auto;\">\n\t\t\n<style>\n#gap-575098616 {\n  padding-top: 15px;\n}\n<\/style>\n\t<\/div>\n\t\n<h5>Cookies Funcionales<\/h5>\n<p>Estas cookies permiten que nuestros sitios web recuerden las elecciones que realiz\u00f3 mientras navegaba. Por ejemplo, podemos almacenar su ubicaci\u00f3n en una cookie para mostrar el sitio web que mejor se adapta a su \u00e1rea. Tambi\u00e9n podemos recordar sus preferencias como el tama\u00f1o del texto, la fuente y otros elementos personalizables del sitio web. Las cookies tambi\u00e9n se pueden usar para hacer un seguimiento de productos o videos vistos para evitar repeticiones. La informaci\u00f3n recopilada con estas cookies no lo identifica ni puede rastrear sus actividades de navegaci\u00f3n en sitios web que no pertenecen a Rollomatic.<\/p>\n<p>Puede encontrar cookies de terceros en ciertas p\u00e1ginas de nuestro sitio web que no controlamos. Por ejemplo, las referencias y enlaces a otros sitios web no son responsabilidad de Rollomatic. El acceso a estos sitios web y su uso son a riesgo del usuario. Rollomatic expresa claramente que no tiene influencia sobre la forma, contenido y ofertas de los sitios web a los cuales hacen referencia. La informaci\u00f3n y los servicios ofrecidos por estos sitios web son responsabilidad plena de sus autores. Rollomatic declina cualquier responsabilidad por dichos sitios web.<\/p>\n\t\t<\/div>\n\t\t\t\t\n<style>\n#col-719719180 > .col-inner {\n  padding: 0px 0px 30px 0px;\n}\n<\/style>\n\t<\/div>\n\n\t\n\n\t<div id=\"col-798748858\" class=\"col medium-11 small-12 large-11\"  >\n\t\t\t\t<div class=\"col-inner\"  >\n\t\t\t\n\t\t\t\n<h4>\u00bfC\u00f3mo aceptar o rechazar las cookies?<\/h4>\n<p>Le recordamos que la configuraci\u00f3n puede cambiar sus condiciones de acceso a nuestros servicios que requieren el uso de cookies.<\/p>\n<p>La mayor\u00eda de los navegadores le permiten gestionar sus cookies favoritas. Puede configurar su navegador para rechazar o eliminar algunas cookies. En general, tambi\u00e9n puede manejar tecnolog\u00edas similares de la misma manera, utilizando sus navegadores favoritos.<\/p>\n<p>Los siguientes enlaces le muestran c\u00f3mo configurar las cookies seg\u00fan los navegadores:<\/p>\n<ul>\n<li><a href=\"https:\/\/support.microsoft.com\/en-us\/help\/17442\/windows-internet-explorer-delete-manage-cookies\" target=\"_blank\" rel=\"noopener\">Internet Explorer<\/a><\/li>\n<li><a href=\"https:\/\/support.mozilla.org\/fr\/kb\/autoriser-bloquer-cookies-preferences-sites?redirectlocale=fr&amp;redirectslug=activer-desactiver-cookies\" target=\"_blank\" rel=\"noopener\">Mozilla Firefox<\/a><\/li>\n<li><a href=\"https:\/\/support.google.com\/chrome\/answer\/95647?hl=fr\" target=\"_blank\" rel=\"noopener\">Google Chrome<\/a><\/li>\n<li><a href=\"https:\/\/support.apple.com\/kb\/PH19214?locale=fr_CH&amp;viewlocale=fr_FR\" target=\"_blank\" rel=\"noopener\">Safari<\/a><\/li>\n<\/ul>\n<p>Si desea informaci\u00f3n m\u00e1s detallada sobre nuestra pol\u00edtica de protecci\u00f3n de datos, comun\u00edquese con legal(at)rollomatic.ch.<\/p>\n\t\t<\/div>\n\t\t\t\t\n<style>\n#col-798748858 > .col-inner {\n  padding: 0px 0px 50px 0px;\n}\n<\/style>\n\t<\/div>\n\n\t\n\n\t<div id=\"col-1397988334\" class=\"col small-12 large-12\"  >\n\t\t\t\t<div class=\"col-inner\"  >\n\t\t\t\n\t\t\t\n<h3>Suscripci\u00f3n al Bolet\u00edn Informativo<\/h3>\n<div class=\"is-divider divider clearfix\" style=\"margin-top:10px;margin-bottom:10px;max-width:100%;height:1px;\"><\/div>\n\t\t<\/div>\n\t\t\t\t\t<\/div>\n\n\t\n\n\t<div id=\"col-290933752\" class=\"col small-12 large-12\"  >\n\t\t\t\t<div class=\"col-inner\"  >\n\t\t\t\n\t\t\t\n<p>Valoramos el respeto por sus datos personales. Por esta raz\u00f3n, queremos informarle de manera transparente y clara que estos datos se tratan de manera perfectamente confidencial y no se venden a terceros. Los datos personales comunicados (correo electr\u00f3nico, formulario en l\u00ednea) se utilizan exclusivamente para responder, solo se utilizan en el contexto de nuestro bolet\u00edn y no se utilizan para otros fines.<\/p>\n\t\t<\/div>\n\t\t\t\t\n<style>\n#col-290933752 > .col-inner {\n  padding: 0px 0px 50px 0px;\n}\n<\/style>\n\t<\/div>\n\n\t\n\n\t<div id=\"col-364183674\" class=\"col small-12 large-12\"  >\n\t\t\t\t<div class=\"col-inner\"  >\n\t\t\t\n\t\t\t\n<h3>GDPR Rollomatic<\/h3>\n<div class=\"is-divider divider clearfix\" style=\"margin-top:10px;margin-bottom:10px;max-width:100%;height:1px;\"><\/div>\n\t\t<\/div>\n\t\t\t\t\t<\/div>\n\n\t\n\n\t<div id=\"col-1146060041\" class=\"col small-12 large-12\"  >\n\t\t\t\t<div class=\"col-inner\"  >\n\t\t\t\n\t\t\t\n<a href=\"https:\/\/www.rollomatic.ch\/wp-content\/uploads\/ROLLOMATIC-INTERNAL-PRIVACY-POLICY-DATA-PROTECTION-DECLARATION-1.pdf\" target=\"_blank\" class=\"button primary is-link\" rel=\"noopener\" >\n\t\t<span>(PDF) Directiva GDPR Rollomatic<\/span>\n\t<\/a>\n\n\t\t<\/div>\n\t\t\t\t\n<style>\n#col-1146060041 > .col-inner {\n  padding: 0px 0px 50px 0px;\n}\n<\/style>\n\t<\/div>\n\n\t\n\n\t<div id=\"col-896831385\" class=\"col small-12 large-12\"  >\n\t\t\t\t<div class=\"col-inner\"  >\n\t\t\t\n\t\t\t\n<div class=\"is-divider divider clearfix\" style=\"margin-top:10px;margin-bottom:10px;max-width:100%;height:1px;\"><\/div>\n<p>Si desea informaci\u00f3n m\u00e1s detallada sobre nuestra pol\u00edtica de protecci\u00f3n de datos, comun\u00edquese con <a href=\"mailto:legal@rollomatic.ch\">legal(at)rollomatic.ch<\/a>.<\/p>\n\t\t<\/div>\n\t\t\t\t\n<style>\n#col-896831385 > .col-inner {\n  padding: 0px 0px 30px 0px;\n}\n<\/style>\n\t<\/div>\n\n\t\n<\/div>\n\t\t<\/div>\n\n\t\t\n<style>\n#section_1566330241 {\n  padding-top: 30px;\n  padding-bottom: 30px;\n}\n<\/style>\n\t<\/section>\n\t\n","protected":false},"excerpt":{"rendered":"","protected":false},"author":20,"featured_media":0,"parent":0,"menu_order":0,"comment_status":"closed","ping_status":"closed","template":"","meta":{"_acf_changed":false,"footnotes":""},"class_list":["post-32443","page","type-page","status-publish","hentry"],"acf":[],"yoast_head":"<!-- This site is optimized with the Yoast SEO plugin v27.0 - https:\/\/yoast.com\/product\/yoast-seo-wordpress\/ -->\n<title>Pol\u00edtica de Privacidad | Rollomatic USA<\/title>\n<meta name=\"robots\" content=\"index, follow, max-snippet:-1, max-image-preview:large, max-video-preview:-1\" \/>\n<link rel=\"canonical\" href=\"https:\/\/www.rollomatic.ch\/es\/politica-de-privacidad\/\" \/>\n<meta property=\"og:locale\" content=\"es_ES\" \/>\n<meta property=\"og:type\" content=\"article\" \/>\n<meta property=\"og:title\" content=\"Pol\u00edtica de Privacidad | Rollomatic USA\" \/>\n<meta property=\"og:url\" content=\"https:\/\/www.rollomatic.ch\/es\/politica-de-privacidad\/\" \/>\n<meta property=\"og:site_name\" content=\"Rollomatic\" \/>\n<meta property=\"article:publisher\" content=\"https:\/\/www.facebook.com\/rollomatic\/\" \/>\n<meta property=\"article:modified_time\" content=\"2025-05-15T05:12:53+00:00\" \/>\n<meta name=\"twitter:card\" content=\"summary_large_image\" \/>\n<meta name=\"twitter:site\" content=\"@rollomatics\" \/>\n<meta name=\"twitter:label1\" content=\"Tiempo de lectura\" \/>\n\t<meta name=\"twitter:data1\" content=\"5 minutos\" \/>\n<script type=\"application\/ld+json\" class=\"yoast-schema-graph\">{\"@context\":\"https:\/\/schema.org\",\"@graph\":[{\"@type\":\"WebPage\",\"@id\":\"https:\/\/www.rollomatic.ch\/es\/politica-de-privacidad\/\",\"url\":\"https:\/\/www.rollomatic.ch\/es\/politica-de-privacidad\/\",\"name\":\"Pol\u00edtica de Privacidad | Rollomatic USA\",\"isPartOf\":{\"@id\":\"https:\/\/www.rollomatic.ch\/es\/#website\"},\"datePublished\":\"2025-04-09T08:07:23+00:00\",\"dateModified\":\"2025-05-15T05:12:53+00:00\",\"breadcrumb\":{\"@id\":\"https:\/\/www.rollomatic.ch\/es\/politica-de-privacidad\/#breadcrumb\"},\"inLanguage\":\"es\",\"potentialAction\":[{\"@type\":\"ReadAction\",\"target\":[\"https:\/\/www.rollomatic.ch\/es\/politica-de-privacidad\/\"]}]},{\"@type\":\"BreadcrumbList\",\"@id\":\"https:\/\/www.rollomatic.ch\/es\/politica-de-privacidad\/#breadcrumb\",\"itemListElement\":[{\"@type\":\"ListItem\",\"position\":1,\"name\":\"Home\",\"item\":\"https:\/\/www.rollomatic.ch\/es\/\"},{\"@type\":\"ListItem\",\"position\":2,\"name\":\"Pol\u00edtica de Privacidad\"}]},{\"@type\":\"WebSite\",\"@id\":\"https:\/\/www.rollomatic.ch\/es\/#website\",\"url\":\"https:\/\/www.rollomatic.ch\/es\/\",\"name\":\"Rollomatic\",\"description\":\"\",\"publisher\":{\"@id\":\"https:\/\/www.rollomatic.ch\/es\/#organization\"},\"potentialAction\":[{\"@type\":\"SearchAction\",\"target\":{\"@type\":\"EntryPoint\",\"urlTemplate\":\"https:\/\/www.rollomatic.ch\/es\/?s={search_term_string}\"},\"query-input\":{\"@type\":\"PropertyValueSpecification\",\"valueRequired\":true,\"valueName\":\"search_term_string\"}}],\"inLanguage\":\"es\"},{\"@type\":\"Organization\",\"@id\":\"https:\/\/www.rollomatic.ch\/es\/#organization\",\"name\":\"Rollomatic S.A.\",\"url\":\"https:\/\/www.rollomatic.ch\/es\/\",\"logo\":{\"@type\":\"ImageObject\",\"inLanguage\":\"es\",\"@id\":\"https:\/\/www.rollomatic.ch\/es\/#\/schema\/logo\/image\/\",\"url\":\"https:\/\/www.rollomatic.ch\/wp-content\/uploads\/logomark_300.png\",\"contentUrl\":\"https:\/\/www.rollomatic.ch\/wp-content\/uploads\/logomark_300.png\",\"width\":300,\"height\":169,\"caption\":\"Rollomatic S.A.\"},\"image\":{\"@id\":\"https:\/\/www.rollomatic.ch\/es\/#\/schema\/logo\/image\/\"},\"sameAs\":[\"https:\/\/www.facebook.com\/rollomatic\/\",\"https:\/\/x.com\/rollomatics\",\"https:\/\/www.linkedin.com\/company\/rollomatic-sa\/\"]}]}<\/script>\n<!-- \/ Yoast SEO plugin. -->","yoast_head_json":{"title":"Pol\u00edtica de Privacidad | Rollomatic USA","robots":{"index":"index","follow":"follow","max-snippet":"max-snippet:-1","max-image-preview":"max-image-preview:large","max-video-preview":"max-video-preview:-1"},"canonical":"https:\/\/www.rollomatic.ch\/es\/politica-de-privacidad\/","og_locale":"es_ES","og_type":"article","og_title":"Pol\u00edtica de Privacidad | Rollomatic USA","og_url":"https:\/\/www.rollomatic.ch\/es\/politica-de-privacidad\/","og_site_name":"Rollomatic","article_publisher":"https:\/\/www.facebook.com\/rollomatic\/","article_modified_time":"2025-05-15T05:12:53+00:00","twitter_card":"summary_large_image","twitter_site":"@rollomatics","twitter_misc":{"Tiempo de lectura":"5 minutos"},"schema":{"@context":"https:\/\/schema.org","@graph":[{"@type":"WebPage","@id":"https:\/\/www.rollomatic.ch\/es\/politica-de-privacidad\/","url":"https:\/\/www.rollomatic.ch\/es\/politica-de-privacidad\/","name":"Pol\u00edtica de Privacidad | Rollomatic USA","isPartOf":{"@id":"https:\/\/www.rollomatic.ch\/es\/#website"},"datePublished":"2025-04-09T08:07:23+00:00","dateModified":"2025-05-15T05:12:53+00:00","breadcrumb":{"@id":"https:\/\/www.rollomatic.ch\/es\/politica-de-privacidad\/#breadcrumb"},"inLanguage":"es","potentialAction":[{"@type":"ReadAction","target":["https:\/\/www.rollomatic.ch\/es\/politica-de-privacidad\/"]}]},{"@type":"BreadcrumbList","@id":"https:\/\/www.rollomatic.ch\/es\/politica-de-privacidad\/#breadcrumb","itemListElement":[{"@type":"ListItem","position":1,"name":"Home","item":"https:\/\/www.rollomatic.ch\/es\/"},{"@type":"ListItem","position":2,"name":"Pol\u00edtica de Privacidad"}]},{"@type":"WebSite","@id":"https:\/\/www.rollomatic.ch\/es\/#website","url":"https:\/\/www.rollomatic.ch\/es\/","name":"Rollomatic","description":"","publisher":{"@id":"https:\/\/www.rollomatic.ch\/es\/#organization"},"potentialAction":[{"@type":"SearchAction","target":{"@type":"EntryPoint","urlTemplate":"https:\/\/www.rollomatic.ch\/es\/?s={search_term_string}"},"query-input":{"@type":"PropertyValueSpecification","valueRequired":true,"valueName":"search_term_string"}}],"inLanguage":"es"},{"@type":"Organization","@id":"https:\/\/www.rollomatic.ch\/es\/#organization","name":"Rollomatic S.A.","url":"https:\/\/www.rollomatic.ch\/es\/","logo":{"@type":"ImageObject","inLanguage":"es","@id":"https:\/\/www.rollomatic.ch\/es\/#\/schema\/logo\/image\/","url":"https:\/\/www.rollomatic.ch\/wp-content\/uploads\/logomark_300.png","contentUrl":"https:\/\/www.rollomatic.ch\/wp-content\/uploads\/logomark_300.png","width":300,"height":169,"caption":"Rollomatic S.A."},"image":{"@id":"https:\/\/www.rollomatic.ch\/es\/#\/schema\/logo\/image\/"},"sameAs":["https:\/\/www.facebook.com\/rollomatic\/","https:\/\/x.com\/rollomatics","https:\/\/www.linkedin.com\/company\/rollomatic-sa\/"]}]}},"_links":{"self":[{"href":"https:\/\/www.rollomatic.ch\/es\/wp-json\/wp\/v2\/pages\/32443","targetHints":{"allow":["GET"]}}],"collection":[{"href":"https:\/\/www.rollomatic.ch\/es\/wp-json\/wp\/v2\/pages"}],"about":[{"href":"https:\/\/www.rollomatic.ch\/es\/wp-json\/wp\/v2\/types\/page"}],"author":[{"embeddable":true,"href":"https:\/\/www.rollomatic.ch\/es\/wp-json\/wp\/v2\/users\/20"}],"replies":[{"embeddable":true,"href":"https:\/\/www.rollomatic.ch\/es\/wp-json\/wp\/v2\/comments?post=32443"}],"version-history":[{"count":0,"href":"https:\/\/www.rollomatic.ch\/es\/wp-json\/wp\/v2\/pages\/32443\/revisions"}],"wp:attachment":[{"href":"https:\/\/www.rollomatic.ch\/es\/wp-json\/wp\/v2\/media?parent=32443"}],"curies":[{"name":"wp","href":"https:\/\/api.w.org\/{rel}","templated":true}]}}