{"id":32747,"date":"2025-04-09T09:10:49","date_gmt":"2025-04-09T09:10:49","guid":{"rendered":"https:\/\/www.rollomatic.ch\/soluciones\/"},"modified":"2025-05-15T05:12:23","modified_gmt":"2025-05-15T05:12:23","slug":"soluciones","status":"publish","type":"page","link":"https:\/\/www.rollomatic.ch\/es\/soluciones\/","title":{"rendered":"Soluciones"},"content":{"rendered":"\n\t<section class=\"section\" id=\"section_241173738\">\n\t\t<div class=\"section-bg fill\" >\n\t\t\t\t\t\t\t\t\t\n\t\t\t\n\n\t\t<\/div>\n\n\t\t\n\n\t\t<div class=\"section-content relative\">\n\t\t\t\n<div class=\"row\"  id=\"row-2035991406\">\n\n\t<div id=\"col-1318192321\" class=\"col small-12 large-12\"  >\n\t\t\t\t<div class=\"col-inner\"  >\n\t\t\t\n\t\t\t\n<div class=\"row\"  id=\"row-110969235\">\n\n\n\t<div id=\"col-134767602\" class=\"col small-12 large-12\"  >\n\t\t\t\t<div class=\"col-inner\"  >\n\t\t\t\n\t\t\t\n\n\n  \n    <div class=\"row large-columns-4 medium-columns-3 small-columns-2 row-small slider row-slider slider-nav-reveal slider-nav-push\"  data-flickity-options='{&quot;imagesLoaded&quot;: true, &quot;groupCells&quot;: &quot;100%&quot;, &quot;dragThreshold&quot; : 5, &quot;cellAlign&quot;: &quot;left&quot;,&quot;wrapAround&quot;: true,&quot;prevNextButtons&quot;: true,&quot;percentPosition&quot;: true,&quot;pageDots&quot;: false, &quot;rightToLeft&quot;: false, &quot;autoPlay&quot; : false}' >\n\n  <div class=\"product-category col\" ><div class=\"col-inner\"><a aria-label=\"Visitar la categor\u00eda de producto Herramientas de corte cil\u00edndrico\" href=\"https:\/\/www.rollomatic.ch\/es\/tools\/soluciones\/herramientas-de-corte-cilindrico\/\"><div class=\"box box-category has-hover box-default\"><div class=\"box-image\" ><div class=\"image-cover\" style=\"padding-top:100%;\"><img loading=\"lazy\" decoding=\"async\" src=\"https:\/\/www.rollomatic.ch\/wp-content\/uploads\/Rotary-Cutting-Tools-1-600x450.jpg\" alt=\"Herramientas de corte cil\u00edndrico\" width=\"300\" height=\"300\" \/><\/div><\/div><div class=\"box-text text-center is-large\" style=\"background-color:rgb(255, 255, 255);padding:15px 15px 15px 15px;\"><div class=\"box-text-inner\"><h5 class=\"uppercase header-title\">Herramientas de corte cil\u00edndrico<\/h5><div class=\"product_cat_resume text-left\" style=\"padding-top:10px;\"><p><p>Rollomatic domina el afilado de todo tipo de herramientas de corte de alto rendimiento y ofrece soluciones integrales, desde la preparaci\u00f3n hasta el acabado.<\/p>\n<\/p><\/div><\/div><\/div><\/div><\/a><\/div><\/div><div class=\"product-category col\" ><div class=\"col-inner\"><a aria-label=\"Visitar la categor\u00eda de producto Rectificado cil\u00edndrico y punzonado\" href=\"https:\/\/www.rollomatic.ch\/es\/tools\/soluciones\/rectificado-cilindrico-y-punzonado\/\"><div class=\"box box-category has-hover box-default\"><div class=\"box-image\" ><div class=\"image-cover\" style=\"padding-top:100%;\"><img loading=\"lazy\" decoding=\"async\" src=\"https:\/\/www.rollomatic.ch\/wp-content\/uploads\/Cylindrical-and-Non-Round-2-600x450.jpg\" alt=\"Rectificado cil\u00edndrico y punzonado\" width=\"300\" height=\"300\" \/><\/div><\/div><div class=\"box-text text-center is-large\" style=\"background-color:rgb(255, 255, 255);padding:15px 15px 15px 15px;\"><div class=\"box-text-inner\"><h5 class=\"uppercase header-title\">Rectificado cil\u00edndrico y punzonado<\/h5><div class=\"product_cat_resume text-left\" style=\"padding-top:10px;\"><p><p>Rollomatic ofrece soluciones de rectificado cil\u00edndrico de alto rendimiento gracias a su exclusiva tecnolog\u00eda \u201cPinch &amp; Peel\u201d que garantiza precisi\u00f3n y acabados superficiales superiores.<\/p>\n<\/p><\/div><\/div><\/div><\/div><\/a><\/div><\/div><div class=\"product-category col\" ><div class=\"col-inner\"><a aria-label=\"Visitar la categor\u00eda de producto Herramientas de Corte Ultra-Duras &amp; Mecanizado 3D\" href=\"https:\/\/www.rollomatic.ch\/es\/tools\/soluciones\/herramientas-de-corte-ultra-duras-mecanizado-3d\/\"><div class=\"box box-category has-hover box-default\"><div class=\"box-image\" ><div class=\"image-cover\" style=\"padding-top:100%;\"><img loading=\"lazy\" decoding=\"async\" src=\"https:\/\/www.rollomatic.ch\/wp-content\/uploads\/Ultra-Hard-Materials-1-600x450.jpg\" alt=\"Herramientas de Corte Ultra-Duras &amp; Mecanizado 3D\" width=\"300\" height=\"300\" \/><\/div><\/div><div class=\"box-text text-center is-large\" style=\"background-color:rgb(255, 255, 255);padding:15px 15px 15px 15px;\"><div class=\"box-text-inner\"><h5 class=\"uppercase header-title\">Herramientas de Corte Ultra-Duras &amp; Mecanizado 3D<\/h5><div class=\"product_cat_resume text-left\" style=\"padding-top:10px;\"><p><p>Con m\u00e1s de diez a\u00f1os de experiencia en tecnolog\u00eda l\u00e1ser, Rollomatic ofrece, a trav\u00e9s de su gama LASERSMART\u00ae, las soluciones m\u00e1s innovadoras y de alto rendimiento del mercado.<\/p>\n<\/p><\/div><\/div><\/div><\/div><\/a><\/div><\/div><div class=\"product-category col\" ><div class=\"col-inner\"><a aria-label=\"Visitar la categor\u00eda de producto Plaquitas &amp; Torneado Interno\" href=\"https:\/\/www.rollomatic.ch\/es\/tools\/soluciones\/plaquitas-torneado-interno\/\"><div class=\"box box-category has-hover box-default\"><div class=\"box-image\" ><div class=\"image-cover\" style=\"padding-top:100%;\"><img loading=\"lazy\" decoding=\"async\" src=\"https:\/\/www.rollomatic.ch\/wp-content\/uploads\/Inserts-1-600x450.jpg\" alt=\"Plaquitas &amp; Torneado Interno\" width=\"300\" height=\"300\" \/><\/div><\/div><div class=\"box-text text-center is-large\" style=\"background-color:rgb(255, 255, 255);padding:15px 15px 15px 15px;\"><div class=\"box-text-inner\"><h5 class=\"uppercase header-title\">Plaquitas &amp; Torneado Interno<\/h5><div class=\"product_cat_resume text-left\" style=\"padding-top:10px;\"><p><p>Las rectificadoras GRINDSMART\u00ae de Rollomatic ofrecen una gran versatilidad y son especialmente adecuadas para producir plaquitas intercambiables de metal duro o CBN y herramientas de torneado interior.<\/p>\n<\/p><\/div><\/div><\/div><\/div><\/a><\/div><\/div><\/div>\n\n\n\t\t<\/div>\n\t\t\t\t\t<\/div>\n\n\t\n\n<\/div>\n\t\t<\/div>\n\t\t\t\t\n<style>\n#col-1318192321 > .col-inner {\n  margin: -20px 0px 0px 0px;\n}\n<\/style>\n\t<\/div>\n\n\t\n<\/div>\n\t\t<\/div>\n\n\t\t\n<style>\n#section_241173738 {\n  padding-top: 30px;\n  padding-bottom: 30px;\n}\n<\/style>\n\t<\/section>\n\t\n","protected":false},"excerpt":{"rendered":"","protected":false},"author":12,"featured_media":0,"parent":0,"menu_order":0,"comment_status":"closed","ping_status":"closed","template":"","meta":{"_acf_changed":false,"footnotes":""},"class_list":["post-32747","page","type-page","status-publish","hentry"],"acf":[],"yoast_head":"<!-- This site is optimized with the Yoast SEO plugin v27.0 - https:\/\/yoast.com\/product\/yoast-seo-wordpress\/ -->\n<title>Buscador de Soluciones - Rollomatic<\/title>\n<meta name=\"robots\" content=\"noindex, nofollow\" \/>\n<meta property=\"og:locale\" content=\"es_ES\" \/>\n<meta property=\"og:type\" content=\"article\" \/>\n<meta property=\"og:title\" content=\"Buscador de Soluciones - Rollomatic\" \/>\n<meta property=\"og:url\" content=\"https:\/\/www.rollomatic.ch\/es\/soluciones\/\" \/>\n<meta property=\"og:site_name\" content=\"Rollomatic\" \/>\n<meta property=\"article:publisher\" content=\"https:\/\/www.facebook.com\/rollomatic\/\" \/>\n<meta property=\"article:modified_time\" content=\"2025-05-15T05:12:23+00:00\" \/>\n<meta name=\"twitter:card\" content=\"summary_large_image\" \/>\n<meta name=\"twitter:site\" content=\"@rollomatics\" \/>\n<meta name=\"twitter:label1\" content=\"Tiempo de lectura\" \/>\n\t<meta name=\"twitter:data1\" content=\"1 minuto\" \/>\n<script type=\"application\/ld+json\" class=\"yoast-schema-graph\">{\"@context\":\"https:\/\/schema.org\",\"@graph\":[{\"@type\":\"WebPage\",\"@id\":\"https:\/\/www.rollomatic.ch\/es\/soluciones\/\",\"url\":\"https:\/\/www.rollomatic.ch\/es\/soluciones\/\",\"name\":\"Buscador de Soluciones - Rollomatic\",\"isPartOf\":{\"@id\":\"https:\/\/www.rollomatic.ch\/es\/#website\"},\"datePublished\":\"2025-04-09T09:10:49+00:00\",\"dateModified\":\"2025-05-15T05:12:23+00:00\",\"breadcrumb\":{\"@id\":\"https:\/\/www.rollomatic.ch\/es\/soluciones\/#breadcrumb\"},\"inLanguage\":\"es\",\"potentialAction\":[{\"@type\":\"ReadAction\",\"target\":[\"https:\/\/www.rollomatic.ch\/es\/soluciones\/\"]}]},{\"@type\":\"BreadcrumbList\",\"@id\":\"https:\/\/www.rollomatic.ch\/es\/soluciones\/#breadcrumb\",\"itemListElement\":[{\"@type\":\"ListItem\",\"position\":1,\"name\":\"Home\",\"item\":\"https:\/\/www.rollomatic.ch\/es\/\"},{\"@type\":\"ListItem\",\"position\":2,\"name\":\"Soluciones\"}]},{\"@type\":\"WebSite\",\"@id\":\"https:\/\/www.rollomatic.ch\/es\/#website\",\"url\":\"https:\/\/www.rollomatic.ch\/es\/\",\"name\":\"Rollomatic\",\"description\":\"\",\"publisher\":{\"@id\":\"https:\/\/www.rollomatic.ch\/es\/#organization\"},\"potentialAction\":[{\"@type\":\"SearchAction\",\"target\":{\"@type\":\"EntryPoint\",\"urlTemplate\":\"https:\/\/www.rollomatic.ch\/es\/?s={search_term_string}\"},\"query-input\":{\"@type\":\"PropertyValueSpecification\",\"valueRequired\":true,\"valueName\":\"search_term_string\"}}],\"inLanguage\":\"es\"},{\"@type\":\"Organization\",\"@id\":\"https:\/\/www.rollomatic.ch\/es\/#organization\",\"name\":\"Rollomatic S.A.\",\"url\":\"https:\/\/www.rollomatic.ch\/es\/\",\"logo\":{\"@type\":\"ImageObject\",\"inLanguage\":\"es\",\"@id\":\"https:\/\/www.rollomatic.ch\/es\/#\/schema\/logo\/image\/\",\"url\":\"https:\/\/www.rollomatic.ch\/wp-content\/uploads\/logomark_300.png\",\"contentUrl\":\"https:\/\/www.rollomatic.ch\/wp-content\/uploads\/logomark_300.png\",\"width\":300,\"height\":169,\"caption\":\"Rollomatic S.A.\"},\"image\":{\"@id\":\"https:\/\/www.rollomatic.ch\/es\/#\/schema\/logo\/image\/\"},\"sameAs\":[\"https:\/\/www.facebook.com\/rollomatic\/\",\"https:\/\/x.com\/rollomatics\",\"https:\/\/www.linkedin.com\/company\/rollomatic-sa\/\"]}]}<\/script>\n<!-- \/ Yoast SEO plugin. -->","yoast_head_json":{"title":"Buscador de Soluciones - Rollomatic","robots":{"index":"noindex","follow":"nofollow"},"og_locale":"es_ES","og_type":"article","og_title":"Buscador de Soluciones - Rollomatic","og_url":"https:\/\/www.rollomatic.ch\/es\/soluciones\/","og_site_name":"Rollomatic","article_publisher":"https:\/\/www.facebook.com\/rollomatic\/","article_modified_time":"2025-05-15T05:12:23+00:00","twitter_card":"summary_large_image","twitter_site":"@rollomatics","twitter_misc":{"Tiempo de lectura":"1 minuto"},"schema":{"@context":"https:\/\/schema.org","@graph":[{"@type":"WebPage","@id":"https:\/\/www.rollomatic.ch\/es\/soluciones\/","url":"https:\/\/www.rollomatic.ch\/es\/soluciones\/","name":"Buscador de Soluciones - Rollomatic","isPartOf":{"@id":"https:\/\/www.rollomatic.ch\/es\/#website"},"datePublished":"2025-04-09T09:10:49+00:00","dateModified":"2025-05-15T05:12:23+00:00","breadcrumb":{"@id":"https:\/\/www.rollomatic.ch\/es\/soluciones\/#breadcrumb"},"inLanguage":"es","potentialAction":[{"@type":"ReadAction","target":["https:\/\/www.rollomatic.ch\/es\/soluciones\/"]}]},{"@type":"BreadcrumbList","@id":"https:\/\/www.rollomatic.ch\/es\/soluciones\/#breadcrumb","itemListElement":[{"@type":"ListItem","position":1,"name":"Home","item":"https:\/\/www.rollomatic.ch\/es\/"},{"@type":"ListItem","position":2,"name":"Soluciones"}]},{"@type":"WebSite","@id":"https:\/\/www.rollomatic.ch\/es\/#website","url":"https:\/\/www.rollomatic.ch\/es\/","name":"Rollomatic","description":"","publisher":{"@id":"https:\/\/www.rollomatic.ch\/es\/#organization"},"potentialAction":[{"@type":"SearchAction","target":{"@type":"EntryPoint","urlTemplate":"https:\/\/www.rollomatic.ch\/es\/?s={search_term_string}"},"query-input":{"@type":"PropertyValueSpecification","valueRequired":true,"valueName":"search_term_string"}}],"inLanguage":"es"},{"@type":"Organization","@id":"https:\/\/www.rollomatic.ch\/es\/#organization","name":"Rollomatic S.A.","url":"https:\/\/www.rollomatic.ch\/es\/","logo":{"@type":"ImageObject","inLanguage":"es","@id":"https:\/\/www.rollomatic.ch\/es\/#\/schema\/logo\/image\/","url":"https:\/\/www.rollomatic.ch\/wp-content\/uploads\/logomark_300.png","contentUrl":"https:\/\/www.rollomatic.ch\/wp-content\/uploads\/logomark_300.png","width":300,"height":169,"caption":"Rollomatic S.A."},"image":{"@id":"https:\/\/www.rollomatic.ch\/es\/#\/schema\/logo\/image\/"},"sameAs":["https:\/\/www.facebook.com\/rollomatic\/","https:\/\/x.com\/rollomatics","https:\/\/www.linkedin.com\/company\/rollomatic-sa\/"]}]}},"_links":{"self":[{"href":"https:\/\/www.rollomatic.ch\/es\/wp-json\/wp\/v2\/pages\/32747","targetHints":{"allow":["GET"]}}],"collection":[{"href":"https:\/\/www.rollomatic.ch\/es\/wp-json\/wp\/v2\/pages"}],"about":[{"href":"https:\/\/www.rollomatic.ch\/es\/wp-json\/wp\/v2\/types\/page"}],"author":[{"embeddable":true,"href":"https:\/\/www.rollomatic.ch\/es\/wp-json\/wp\/v2\/users\/12"}],"replies":[{"embeddable":true,"href":"https:\/\/www.rollomatic.ch\/es\/wp-json\/wp\/v2\/comments?post=32747"}],"version-history":[{"count":0,"href":"https:\/\/www.rollomatic.ch\/es\/wp-json\/wp\/v2\/pages\/32747\/revisions"}],"wp:attachment":[{"href":"https:\/\/www.rollomatic.ch\/es\/wp-json\/wp\/v2\/media?parent=32747"}],"curies":[{"name":"wp","href":"https:\/\/api.w.org\/{rel}","templated":true}]}}