{"id":32820,"date":"2025-04-09T09:16:20","date_gmt":"2025-04-09T09:16:20","guid":{"rendered":"https:\/\/www.rollomatic.ch\/investigacion-y-desarrollo-suiza\/"},"modified":"2025-05-15T05:13:17","modified_gmt":"2025-05-15T05:13:17","slug":"investigacion-y-desarrollo-suiza","status":"publish","type":"page","link":"https:\/\/www.rollomatic.ch\/es\/investigacion-y-desarrollo-suiza\/","title":{"rendered":"Investigaci\u00f3n y Desarrollo Suiza"},"content":{"rendered":"\n\t<section class=\"section dark\" id=\"section_2039569999\">\n\t\t<div class=\"section-bg fill\" >\n\t\t\t\t\t\t\t\t\t\n\t\t\t\n\n\t\t<\/div>\n\n\t\t\n\n\t\t<div class=\"section-content relative\">\n\t\t\t\n<div class=\"row align-center\"  id=\"row-275988064\">\n\n\t<div id=\"col-1102581379\" class=\"col medium-10 small-12 large-10\"  >\n\t\t\t\t<div class=\"col-inner text-center\"  >\n\t\t\t\n\t\t\t\n<p class=\"lead\">Rollomatic busca la Innovaci\u00f3n todos los d\u00edas.<\/p>\n<p class=\"lead\">Una de las principales formas en que Rollomatic lidera en la industria es desarrollando el Rectificado Aut\u00f3nomo Inteligente.<\/p>\n<p class=\"lead\">Rollomatic ayuda a los clientes en su camino hacia la automatizaci\u00f3n, y las f\u00e1bricas inteligentes m\u00e1s automatizadas est\u00e1n llevando a cabo el Rectificado Aut\u00f3nomo Inteligente de Rollomatic.<\/p>\n\t\t<\/div>\n\t\t\t\t\t<\/div>\n\n\t\n<\/div>\n\t\t<\/div>\n\n\t\t\n<style>\n#section_2039569999 {\n  padding-top: 50px;\n  padding-bottom: 50px;\n  background-color: #003399;\n}\n<\/style>\n\t<\/section>\n\t\n\n\t<section class=\"section\" id=\"section_1057968319\">\n\t\t<div class=\"section-bg fill\" >\n\t\t\t\t\t\t\t\t\t\n\t\t\t\n\n\t\t<\/div>\n\n\t\t\n\n\t\t<div class=\"section-content relative\">\n\t\t\t\n<div class=\"row\"  id=\"row-2073724693\">\n\n\t<div id=\"col-1185420456\" class=\"col small-12 large-12\"  >\n\t\t\t\t<div class=\"col-inner text-center\"  >\n\t\t\t\n\t\t\t\n<h5>Rollomatic en Suiza tambi\u00e9n participa en la EPFL y SIPBB.<\/h5>\n\t\t<\/div>\n\t\t\t\t\n<style>\n#col-1185420456 > .col-inner {\n  padding: 0px 0px 30px 0px;\n}\n<\/style>\n\t<\/div>\n\n\t\n<\/div>\n<div class=\"row\"  id=\"row-1984121997\">\n\n\t<div id=\"col-481866117\" class=\"col medium-6 small-12 large-6 col-divided\"  >\n\t\t\t\t<div class=\"col-inner\"  >\n\t\t\t\n\t\t\t\n\t<div class=\"box has-hover   has-hover box-text-bottom\" >\n\n\t\t<div class=\"box-image\" style=\"width:50%;\">\n\t\t\t\t\t\t<div class=\"image-cover\" style=\"padding-top:56.25%;\">\n\t\t\t\t<img loading=\"lazy\" decoding=\"async\" width=\"2830\" height=\"2001\" src=\"https:\/\/www.rollomatic.ch\/wp-content\/uploads\/epfl.png\" class=\"attachment- size-\" alt=\"EPFL logo\" srcset=\"https:\/\/www.rollomatic.ch\/wp-content\/uploads\/epfl.png 2830w, https:\/\/www.rollomatic.ch\/wp-content\/uploads\/epfl-960x679.png 960w, https:\/\/www.rollomatic.ch\/wp-content\/uploads\/epfl-1920x1358.png 1920w, https:\/\/www.rollomatic.ch\/wp-content\/uploads\/epfl-480x339.png 480w, https:\/\/www.rollomatic.ch\/wp-content\/uploads\/epfl-768x543.png 768w, https:\/\/www.rollomatic.ch\/wp-content\/uploads\/epfl-1536x1086.png 1536w, https:\/\/www.rollomatic.ch\/wp-content\/uploads\/epfl-2048x1448.png 2048w\" sizes=\"auto, (max-width: 2830px) 100vw, 2830px\" \/>\t\t\t\t\t\t\t\t\t\t\t<\/div>\n\t\t\t\t\t<\/div>\n\n\t\t<div class=\"box-text text-left\" style=\"background-color:rgb(255, 255, 255);padding:30px 30px 30px 30px;\">\n\t\t\t<div class=\"box-text-inner\">\n\t\t\t\t\n<h4><span data-text-color=\"primary\">Rollomatic en el campus de la EPFL<\/span><\/h4>\n\t<div id=\"gap-680607465\" class=\"gap-element clearfix\" style=\"display:block; height:auto;\">\n\t\t\n<style>\n#gap-680607465 {\n  padding-top: 15px;\n}\n<\/style>\n\t<\/div>\n\t\n<p>Ubicada en Lausana, Suiza, la EPFL (Ecole Polytechnique F\u00e9d\u00e9rale) es una de las instituciones de ciencia y tecnolog\u00eda m\u00e1s vibrantes y cosmopolitas de Europa.<\/p>\n<p>Rollomatic busca constantemente nuevas fortalezas para hacer crecer sus divisiones y desarrollar nuevos proyectos. Su objetivo es aumentar sus capacidades de investigaci\u00f3n y consolidar su posici\u00f3n de liderazgo. Con este objetivo en mente, la empresa estableci\u00f3 un centro de innovaci\u00f3n en el Parque de Innovaci\u00f3n de la EPFL.<\/p>\n<p>Desde entonces, la estrecha asociaci\u00f3n que se ha desarrollado entre los laboratorios de la EPFL y los ingenieros expertos de Rollomatic ha llevado a la finalizaci\u00f3n exitosa de proyectos que requieren un alto nivel de sofisticaci\u00f3n t\u00e9cnica. En su espacio de 107m2 en Lausana, un grupo de diez ingenieros y estudiantes trabajan juntos en m\u00faltiples proyectos e investigan la 4\u00aa revoluci\u00f3n industrial, incluyendo \u00e1reas como el desarrollo de software, la geometr\u00eda diferencial, la mec\u00e1nica y la tecnolog\u00eda l\u00e1ser, para desarrollar nuevos procesos de mecanizado.<\/p>\n<div class=\"row\"  id=\"row-774609799\">\n\n<\/div>\n\t\t\t<\/div>\n\t\t<\/div>\n\t<\/div>\n\t\n\t\t<\/div>\n\t\t\t\t\t<\/div>\n\n\t\n\n\t<div id=\"col-246914735\" class=\"col medium-6 small-12 large-6 col-divided\"  >\n\t\t\t\t<div class=\"col-inner\"  >\n\t\t\t\n\t\t\t\n\t<div class=\"box has-hover   has-hover box-text-bottom\" >\n\n\t\t<div class=\"box-image\" style=\"width:50%;\">\n\t\t\t\t\t\t<div class=\"image-cover\" style=\"padding-top:56.25%;\">\n\t\t\t\t<img loading=\"lazy\" decoding=\"async\" width=\"810\" height=\"446\" src=\"https:\/\/www.rollomatic.ch\/wp-content\/uploads\/SIPBB_Logo_transparent_RGB1.png\" class=\"attachment- size-\" alt=\"\" srcset=\"https:\/\/www.rollomatic.ch\/wp-content\/uploads\/SIPBB_Logo_transparent_RGB1.png 810w, https:\/\/www.rollomatic.ch\/wp-content\/uploads\/SIPBB_Logo_transparent_RGB1-480x264.png 480w, https:\/\/www.rollomatic.ch\/wp-content\/uploads\/SIPBB_Logo_transparent_RGB1-768x423.png 768w\" sizes=\"auto, (max-width: 810px) 100vw, 810px\" \/>\t\t\t\t\t\t\t\t\t\t\t<\/div>\n\t\t\t\t\t<\/div>\n\n\t\t<div class=\"box-text text-left\" style=\"background-color:rgb(255, 255, 255);padding:30px 30px 30px 30px;\">\n\t\t\t<div class=\"box-text-inner\">\n\t\t\t\t\n<h4><span data-text-color=\"primary\">Rollomatic en el campus de SIPBB<\/span><\/h4>\n\t<div id=\"gap-56978609\" class=\"gap-element clearfix\" style=\"display:block; height:auto;\">\n\t\t\n<style>\n#gap-56978609 {\n  padding-top: 15px;\n}\n<\/style>\n\t<\/div>\n\t\n<p>El Parque de Innovaci\u00f3n de Suiza Biel\/Bienne (SIPBB) es una organizaci\u00f3n suiza sin fines de lucro que realiza y apoya la investigaci\u00f3n y desarrollo aplicado enfocado en la industria. Forma parte de la red nacional e internacional de la Fundaci\u00f3n Suiza de Innovaci\u00f3n.<\/p>\n<p>Rollomatic abri\u00f3 una unidad de innovaci\u00f3n dentro del SIPBB en 2021 para acercarse al mundo acad\u00e9mico y colaborar con laboratorios de investigaci\u00f3n aplicada orientados a la industria. Ofrecemos proyectos de licenciatura y maestr\u00eda a estudiantes en varios campos como mec\u00e1nica, TI y rob\u00f3tica.<\/p>\n<p>Por otro lado, para una empresa como Rollomatic, que invierte mucho en el desarrollo de soluciones innovadoras que permiten a sus clientes ganar en rendimiento y autonom\u00eda, es importante integrar centros de investigaci\u00f3n como la F\u00e1brica Inteligente Suiza. Esto nos permite llevar a cabo proyectos industriales concretos y participar en intercambios particularmente enriquecedores. A solo quince kil\u00f3metros de nuestra sede en Le Landeron, nuestra oficina en el SIPBB representa una oportunidad \u00fanica para darnos a conocer entre estudiantes de la regi\u00f3n, tanto de habla francesa como alemana.<\/p>\n<div class=\"row\"  id=\"row-546509730\">\n\n<\/div>\n\t\t\t<\/div>\n\t\t<\/div>\n\t<\/div>\n\t\n\t\t<\/div>\n\t\t\t\t\t<\/div>\n\n\t\n<\/div>\n\t\t<\/div>\n\n\t\t\n<style>\n#section_1057968319 {\n  padding-top: 50px;\n  padding-bottom: 50px;\n}\n<\/style>\n\t<\/section>\n\t\n","protected":false},"excerpt":{"rendered":"","protected":false},"author":12,"featured_media":0,"parent":0,"menu_order":0,"comment_status":"closed","ping_status":"closed","template":"","meta":{"_acf_changed":false,"footnotes":""},"class_list":["post-32820","page","type-page","status-publish","hentry"],"acf":[],"yoast_head":"<!-- This site is optimized with the Yoast SEO plugin v27.0 - https:\/\/yoast.com\/product\/yoast-seo-wordpress\/ -->\n<title>Investigaci\u00f3n y Desarrollo Suiza - Rollomatic<\/title>\n<meta name=\"description\" content=\"Una de las principales formas en que Rollomatic lidera en la industria es desarrollando el Rectificado Aut\u00f3nomo Inteligente a trav\u00e9s de una innovaci\u00f3n constante.\" \/>\n<meta name=\"robots\" content=\"index, follow, max-snippet:-1, max-image-preview:large, max-video-preview:-1\" \/>\n<link rel=\"canonical\" href=\"https:\/\/www.rollomatic.ch\/es\/investigacion-y-desarrollo-suiza\/\" \/>\n<meta property=\"og:locale\" content=\"es_ES\" \/>\n<meta property=\"og:type\" content=\"article\" \/>\n<meta property=\"og:title\" content=\"Investigaci\u00f3n y Desarrollo Suiza - Rollomatic\" \/>\n<meta property=\"og:description\" content=\"Una de las principales formas en que Rollomatic lidera en la industria es desarrollando el Rectificado Aut\u00f3nomo Inteligente a trav\u00e9s de una innovaci\u00f3n constante.\" \/>\n<meta property=\"og:url\" content=\"https:\/\/www.rollomatic.ch\/es\/investigacion-y-desarrollo-suiza\/\" \/>\n<meta property=\"og:site_name\" content=\"Rollomatic\" \/>\n<meta property=\"article:publisher\" content=\"https:\/\/www.facebook.com\/rollomatic\/\" \/>\n<meta property=\"article:modified_time\" content=\"2025-05-15T05:13:17+00:00\" \/>\n<meta name=\"twitter:card\" content=\"summary_large_image\" \/>\n<meta name=\"twitter:site\" content=\"@rollomatics\" \/>\n<meta name=\"twitter:label1\" content=\"Tiempo de lectura\" \/>\n\t<meta name=\"twitter:data1\" content=\"3 minutos\" \/>\n<script type=\"application\/ld+json\" class=\"yoast-schema-graph\">{\"@context\":\"https:\/\/schema.org\",\"@graph\":[{\"@type\":\"WebPage\",\"@id\":\"https:\/\/www.rollomatic.ch\/es\/investigacion-y-desarrollo-suiza\/\",\"url\":\"https:\/\/www.rollomatic.ch\/es\/investigacion-y-desarrollo-suiza\/\",\"name\":\"Investigaci\u00f3n y Desarrollo Suiza - Rollomatic\",\"isPartOf\":{\"@id\":\"https:\/\/www.rollomatic.ch\/es\/#website\"},\"datePublished\":\"2025-04-09T09:16:20+00:00\",\"dateModified\":\"2025-05-15T05:13:17+00:00\",\"description\":\"Una de las principales formas en que Rollomatic lidera en la industria es desarrollando el Rectificado Aut\u00f3nomo Inteligente a trav\u00e9s de una innovaci\u00f3n constante.\",\"breadcrumb\":{\"@id\":\"https:\/\/www.rollomatic.ch\/es\/investigacion-y-desarrollo-suiza\/#breadcrumb\"},\"inLanguage\":\"es\",\"potentialAction\":[{\"@type\":\"ReadAction\",\"target\":[\"https:\/\/www.rollomatic.ch\/es\/investigacion-y-desarrollo-suiza\/\"]}]},{\"@type\":\"BreadcrumbList\",\"@id\":\"https:\/\/www.rollomatic.ch\/es\/investigacion-y-desarrollo-suiza\/#breadcrumb\",\"itemListElement\":[{\"@type\":\"ListItem\",\"position\":1,\"name\":\"Home\",\"item\":\"https:\/\/www.rollomatic.ch\/es\/\"},{\"@type\":\"ListItem\",\"position\":2,\"name\":\"Investigaci\u00f3n y Desarrollo Suiza\"}]},{\"@type\":\"WebSite\",\"@id\":\"https:\/\/www.rollomatic.ch\/es\/#website\",\"url\":\"https:\/\/www.rollomatic.ch\/es\/\",\"name\":\"Rollomatic\",\"description\":\"\",\"publisher\":{\"@id\":\"https:\/\/www.rollomatic.ch\/es\/#organization\"},\"potentialAction\":[{\"@type\":\"SearchAction\",\"target\":{\"@type\":\"EntryPoint\",\"urlTemplate\":\"https:\/\/www.rollomatic.ch\/es\/?s={search_term_string}\"},\"query-input\":{\"@type\":\"PropertyValueSpecification\",\"valueRequired\":true,\"valueName\":\"search_term_string\"}}],\"inLanguage\":\"es\"},{\"@type\":\"Organization\",\"@id\":\"https:\/\/www.rollomatic.ch\/es\/#organization\",\"name\":\"Rollomatic S.A.\",\"url\":\"https:\/\/www.rollomatic.ch\/es\/\",\"logo\":{\"@type\":\"ImageObject\",\"inLanguage\":\"es\",\"@id\":\"https:\/\/www.rollomatic.ch\/es\/#\/schema\/logo\/image\/\",\"url\":\"https:\/\/www.rollomatic.ch\/wp-content\/uploads\/logomark_300.png\",\"contentUrl\":\"https:\/\/www.rollomatic.ch\/wp-content\/uploads\/logomark_300.png\",\"width\":300,\"height\":169,\"caption\":\"Rollomatic S.A.\"},\"image\":{\"@id\":\"https:\/\/www.rollomatic.ch\/es\/#\/schema\/logo\/image\/\"},\"sameAs\":[\"https:\/\/www.facebook.com\/rollomatic\/\",\"https:\/\/x.com\/rollomatics\",\"https:\/\/www.linkedin.com\/company\/rollomatic-sa\/\"]}]}<\/script>\n<!-- \/ Yoast SEO plugin. -->","yoast_head_json":{"title":"Investigaci\u00f3n y Desarrollo Suiza - Rollomatic","description":"Una de las principales formas en que Rollomatic lidera en la industria es desarrollando el Rectificado Aut\u00f3nomo Inteligente a trav\u00e9s de una innovaci\u00f3n constante.","robots":{"index":"index","follow":"follow","max-snippet":"max-snippet:-1","max-image-preview":"max-image-preview:large","max-video-preview":"max-video-preview:-1"},"canonical":"https:\/\/www.rollomatic.ch\/es\/investigacion-y-desarrollo-suiza\/","og_locale":"es_ES","og_type":"article","og_title":"Investigaci\u00f3n y Desarrollo Suiza - Rollomatic","og_description":"Una de las principales formas en que Rollomatic lidera en la industria es desarrollando el Rectificado Aut\u00f3nomo Inteligente a trav\u00e9s de una innovaci\u00f3n constante.","og_url":"https:\/\/www.rollomatic.ch\/es\/investigacion-y-desarrollo-suiza\/","og_site_name":"Rollomatic","article_publisher":"https:\/\/www.facebook.com\/rollomatic\/","article_modified_time":"2025-05-15T05:13:17+00:00","twitter_card":"summary_large_image","twitter_site":"@rollomatics","twitter_misc":{"Tiempo de lectura":"3 minutos"},"schema":{"@context":"https:\/\/schema.org","@graph":[{"@type":"WebPage","@id":"https:\/\/www.rollomatic.ch\/es\/investigacion-y-desarrollo-suiza\/","url":"https:\/\/www.rollomatic.ch\/es\/investigacion-y-desarrollo-suiza\/","name":"Investigaci\u00f3n y Desarrollo Suiza - Rollomatic","isPartOf":{"@id":"https:\/\/www.rollomatic.ch\/es\/#website"},"datePublished":"2025-04-09T09:16:20+00:00","dateModified":"2025-05-15T05:13:17+00:00","description":"Una de las principales formas en que Rollomatic lidera en la industria es desarrollando el Rectificado Aut\u00f3nomo Inteligente a trav\u00e9s de una innovaci\u00f3n constante.","breadcrumb":{"@id":"https:\/\/www.rollomatic.ch\/es\/investigacion-y-desarrollo-suiza\/#breadcrumb"},"inLanguage":"es","potentialAction":[{"@type":"ReadAction","target":["https:\/\/www.rollomatic.ch\/es\/investigacion-y-desarrollo-suiza\/"]}]},{"@type":"BreadcrumbList","@id":"https:\/\/www.rollomatic.ch\/es\/investigacion-y-desarrollo-suiza\/#breadcrumb","itemListElement":[{"@type":"ListItem","position":1,"name":"Home","item":"https:\/\/www.rollomatic.ch\/es\/"},{"@type":"ListItem","position":2,"name":"Investigaci\u00f3n y Desarrollo Suiza"}]},{"@type":"WebSite","@id":"https:\/\/www.rollomatic.ch\/es\/#website","url":"https:\/\/www.rollomatic.ch\/es\/","name":"Rollomatic","description":"","publisher":{"@id":"https:\/\/www.rollomatic.ch\/es\/#organization"},"potentialAction":[{"@type":"SearchAction","target":{"@type":"EntryPoint","urlTemplate":"https:\/\/www.rollomatic.ch\/es\/?s={search_term_string}"},"query-input":{"@type":"PropertyValueSpecification","valueRequired":true,"valueName":"search_term_string"}}],"inLanguage":"es"},{"@type":"Organization","@id":"https:\/\/www.rollomatic.ch\/es\/#organization","name":"Rollomatic S.A.","url":"https:\/\/www.rollomatic.ch\/es\/","logo":{"@type":"ImageObject","inLanguage":"es","@id":"https:\/\/www.rollomatic.ch\/es\/#\/schema\/logo\/image\/","url":"https:\/\/www.rollomatic.ch\/wp-content\/uploads\/logomark_300.png","contentUrl":"https:\/\/www.rollomatic.ch\/wp-content\/uploads\/logomark_300.png","width":300,"height":169,"caption":"Rollomatic S.A."},"image":{"@id":"https:\/\/www.rollomatic.ch\/es\/#\/schema\/logo\/image\/"},"sameAs":["https:\/\/www.facebook.com\/rollomatic\/","https:\/\/x.com\/rollomatics","https:\/\/www.linkedin.com\/company\/rollomatic-sa\/"]}]}},"_links":{"self":[{"href":"https:\/\/www.rollomatic.ch\/es\/wp-json\/wp\/v2\/pages\/32820","targetHints":{"allow":["GET"]}}],"collection":[{"href":"https:\/\/www.rollomatic.ch\/es\/wp-json\/wp\/v2\/pages"}],"about":[{"href":"https:\/\/www.rollomatic.ch\/es\/wp-json\/wp\/v2\/types\/page"}],"author":[{"embeddable":true,"href":"https:\/\/www.rollomatic.ch\/es\/wp-json\/wp\/v2\/users\/12"}],"replies":[{"embeddable":true,"href":"https:\/\/www.rollomatic.ch\/es\/wp-json\/wp\/v2\/comments?post=32820"}],"version-history":[{"count":0,"href":"https:\/\/www.rollomatic.ch\/es\/wp-json\/wp\/v2\/pages\/32820\/revisions"}],"wp:attachment":[{"href":"https:\/\/www.rollomatic.ch\/es\/wp-json\/wp\/v2\/media?parent=32820"}],"curies":[{"name":"wp","href":"https:\/\/api.w.org\/{rel}","templated":true}]}}