{"id":45911,"date":"2026-01-19T10:12:00","date_gmt":"2026-01-19T10:12:00","guid":{"rendered":"https:\/\/www.rollomatic.ch\/?page_id=45911"},"modified":"2026-02-04T12:21:29","modified_gmt":"2026-02-04T12:21:29","slug":"produccion","status":"publish","type":"page","link":"https:\/\/www.rollomatic.ch\/es\/produccion\/","title":{"rendered":"Descripci\u00f3n de la producci\u00f3n"},"content":{"rendered":"\n\t<section class=\"section\" id=\"section_1472302032\">\n\t\t<div class=\"section-bg fill\" >\n\t\t\t\t\t\t\t\t\t\n\t\t\t\n\n\t\t<\/div>\n\n\t\t\n\n\t\t<div class=\"section-content relative\">\n\t\t\t\n<div class=\"row align-middle align-center\"  id=\"row-2023941047\">\n\n\t<div id=\"col-74402573\" class=\"col medium-5 small-12 large-5\"  >\n\t\t\t\t<div class=\"col-inner\"  >\n\t\t\t\n\t\t\t\n\n  <div class=\"banner has-hover\" id=\"banner-1312671338\">\n          <div class=\"banner-inner fill\">\n        <div class=\"banner-bg fill\" >\n            <img loading=\"lazy\" decoding=\"async\" width=\"2560\" height=\"1703\" src=\"https:\/\/www.rollomatic.ch\/wp-content\/uploads\/DSC_1487b-scaled.jpg\" class=\"bg attachment-original size-original\" alt=\"\" \/>                                    \n\t<div class=\"is-border\"\n\t\tstyle=\"border-width:0px 0px 0px 0px;\">\n\t<\/div>\n                    <\/div>\n\t\t\n        <div class=\"banner-layers container\">\n            <div class=\"fill banner-link\"><\/div>            \n        <\/div>\n      <\/div>\n\n            \n<style>\n#banner-1312671338 {\n  padding-top: 99.99%;\n  background-color: rgba(0, 0, 0, 0);\n}\n#banner-1312671338 .banner-bg img {\n  object-position: 70% 54%;\n}\n@media (min-width:550px) {\n  #banner-1312671338 {\n    padding-top: 99.99%;\n  }\n}\n@media (min-width:850px) {\n  #banner-1312671338 {\n    padding-top: 56.25%;\n  }\n}\n<\/style>\n  <\/div>\n\n\n\t\t<\/div>\n\t\t\t\t\n<style>\n#col-74402573 > .col-inner {\n  padding: 0px 0px 0px 0px;\n  margin: 0px 0px 0px 5px;\n}\n@media (min-width:550px) {\n  #col-74402573 > .col-inner {\n    padding: 0px 0px 0px 0px;\n    margin: 0px 0px 0px 0px;\n  }\n}\n@media (min-width:850px) {\n  #col-74402573 > .col-inner {\n    margin: 0px 0px 0px 0px;\n  }\n}\n<\/style>\n\t<\/div>\n\n\t\n\n\t<div id=\"col-1548817787\" class=\"col medium-7 small-12 large-7\"  >\n\t\t\t\t<div class=\"col-inner\"  >\n\t\t\t\n\t\t\t\n\t<div id=\"text-1159224021\" class=\"text\">\n\t\t\n<h3>PRODUCCI\u00d3N<\/h3>\n\t\t\n<style>\n#text-1159224021 {\n  font-size: 1.1rem;\n  text-align: left;\n  color: #021f4a;\n}\n#text-1159224021 > * {\n  color: #021f4a;\n}\n<\/style>\n\t<\/div>\n\t\n<div class=\"is-divider divider clearfix\" style=\"margin-top:10px;margin-bottom:10px;max-width:100px;background-color:rgb(18, 35, 86);\"><\/div>\n<p>Sum\u00e9rgete en el coraz\u00f3n de Rollomatic, donde la innovaci\u00f3n cobra vida. Con 5 l\u00edneas de ensamblaje optimizadas seg\u00fan los principios Lean, una capacidad de producci\u00f3n de 700 m\u00e1quinas por a\u00f1o, y un lugar de trabajo moderno, organizado y tecnol\u00f3gico, producimos soluciones de vanguardia para diversas industrias (m\u00e9dica, dental, aeroespacial, relojer\u00eda, automotriz, electr\u00f3nica, etc.) irradiando globalmente.<\/p>\n\t\t<\/div>\n\t\t\t\t\n<style>\n#col-1548817787 > .col-inner {\n  padding: 0px 0 0px 0px;\n  margin: 30px 0px 0px 10px;\n}\n@media (min-width:550px) {\n  #col-1548817787 > .col-inner {\n    padding: 0px 10% 0px 0px;\n  }\n}\n@media (min-width:850px) {\n  #col-1548817787 > .col-inner {\n    padding: 0px 0px 0px 0%;\n    margin: 0px 0px 0px 0px;\n  }\n}\n<\/style>\n\t<\/div>\n\n\t\n<\/div>\n\t\t<\/div>\n\n\t\t\n<style>\n#section_1472302032 {\n  padding-top: 30px;\n  padding-bottom: 30px;\n}\n<\/style>\n\t<\/section>\n\t\n\n\t<section class=\"section\" id=\"section_812104970\">\n\t\t<div class=\"section-bg fill\" >\n\t\t\t\t\t\t\t\t\t\n\t\t\t\n\n\t\t<\/div>\n\n\t\t\n\n\t\t<div class=\"section-content relative\">\n\t\t\t\n<div class=\"row align-middle align-center\"  id=\"row-225694330\">\n\n\t<div id=\"col-1135366905\" class=\"col medium-12 small-12 large-7\"  >\n\t\t\t\t<div class=\"col-inner\"  >\n\t\t\t\n\t\t\t\n\t<div id=\"text-3834820321\" class=\"text\">\n\t\t\n<h3>TIPOS DE PROYECTOS<\/h3>\n\t\t\n<style>\n#text-3834820321 {\n  font-size: 1.1rem;\n  text-align: left;\n  color: #021f4a;\n}\n#text-3834820321 > * {\n  color: #021f4a;\n}\n<\/style>\n\t<\/div>\n\t\n<div class=\"is-divider divider clearfix\" style=\"margin-top:10px;margin-bottom:10px;max-width:100px;background-color:rgb(18, 35, 86);\"><\/div>\n<ul>\n<li><strong>Fabricaci\u00f3n de herramientas de m\u00e1quina de alta precisi\u00f3n :<\/strong> Participar en el ensamblaje y producci\u00f3n de herramientas de m\u00e1quina innovadoras, conocidas por su calidad y fiabilidad.<\/li>\n<li><strong>Proyectos de mejora continua :<\/strong> Participar en iniciativas dirigidas a optimizar los procesos de producci\u00f3n y asegurar la m\u00e1xima eficiencia.<\/li>\n<li><strong>Personalizaci\u00f3n para clientes :<\/strong> Trabajar en proyectos espec\u00edficos para adaptar nuestras m\u00e1quinas a las necesidades \u00fanicas de cada cliente, ofreciendo soluciones a medida.<\/li>\n<li><strong>Colaboraci\u00f3n interdisciplinaria :<\/strong> Colaborar con equipos de expertos en ingenier\u00eda, producci\u00f3n y calidad para garantizar la excelencia de nuestros productos.<\/li>\n<li><strong>Desarrollo y evoluci\u00f3n de habilidades :<\/strong> Beneficiarse de oportunidades de formaci\u00f3n continua y progresi\u00f3n interna para desarrollar tus habilidades y crecer dentro de la producci\u00f3n.<\/li>\n<\/ul>\n\t\t<\/div>\n\t\t\t\t\n<style>\n#col-1135366905 > .col-inner {\n  padding: 0px 0 0px 0px;\n  margin: 30px 0px 0px 10px;\n}\n@media (min-width:550px) {\n  #col-1135366905 > .col-inner {\n    padding: 0px 10% 0px 0px;\n  }\n}\n@media (min-width:850px) {\n  #col-1135366905 > .col-inner {\n    padding: 0px 0px 0px 0%;\n    margin: 0px 0px 0px 0px;\n  }\n}\n<\/style>\n\t<\/div>\n\n\t\n\n\t<div id=\"col-1738093577\" class=\"col medium-10 small-12 large-5\"  >\n\t\t\t\t<div class=\"col-inner\"  >\n\t\t\t\n\t\t\t\n\n<div class=\"embed-responsive embed-responsive-16by9\" style=\"max-width: 1000px; margin: auto;\">\n<p><iframe loading=\"lazy\" style=\"font-size: 1rem;\" src=\"https:\/\/player.vimeo.com\/video\/1147231248?h=63c83d63c6&amp;badge=0&amp;autopause=0&amp;player_id=0&amp;app_id=58479\" width=\"800px\" height=\"400px\" frameborder=\"0\" allowfullscreen=\"allowfullscreen\" data-mce-fragment=\"1\">\t\t<\/div>\n\t\t\t\t\n<style>\n#col-1738093577 > .col-inner {\n  padding: 0px 0px 0px 0px;\n  margin: 0px 0px 0px 5px;\n}\n@media (min-width:550px) {\n  #col-1738093577 > .col-inner {\n    padding: 0px 0px 0px 0px;\n    margin: 0px 0px 0px 0px;\n  }\n}\n@media (min-width:850px) {\n  #col-1738093577 > .col-inner {\n    margin: 0px 0px 0px 0px;\n  }\n}\n<\/style>\n\t<\/div>\n\n\t<\/div>\n\t\t<\/div>\n\n\t\t\n<style>\n#section_812104970 {\n  padding-top: 30px;\n  padding-bottom: 30px;\n}\n<\/style>\n\t<\/section>\n\t\n\t<div id=\"gap-303458857\" class=\"gap-element clearfix\" style=\"display:block; height:auto;\">\n\t\t\n<style>\n#gap-303458857 {\n  padding-top: 30px;\n}\n@media (min-width:550px) {\n  #gap-303458857 {\n    padding-top: 50px;\n  }\n}\n@media (min-width:850px) {\n  #gap-303458857 {\n    padding-top: 200px;\n  }\n}\n<\/style>\n\t<\/div>\n\t\n<p>&nbsp;<\/p>\n<p>&nbsp;<\/p>\n<p><\/iframe><\/p>\n<\/div>\n","protected":false},"excerpt":{"rendered":"<p>&nbsp; &nbsp;<\/p>\n","protected":false},"author":27,"featured_media":0,"parent":0,"menu_order":0,"comment_status":"closed","ping_status":"closed","template":"","meta":{"_acf_changed":false,"footnotes":""},"class_list":["post-45911","page","type-page","status-publish","hentry"],"acf":[],"yoast_head":"<!-- This site is optimized with the Yoast SEO plugin v27.0 - https:\/\/yoast.com\/product\/yoast-seo-wordpress\/ -->\n<title>Descripci\u00f3n de la producci\u00f3n - Rollomatic<\/title>\n<meta name=\"robots\" content=\"index, follow, max-snippet:-1, max-image-preview:large, max-video-preview:-1\" \/>\n<link rel=\"canonical\" href=\"https:\/\/www.rollomatic.ch\/es\/produccion\/\" \/>\n<meta property=\"og:locale\" content=\"es_ES\" \/>\n<meta property=\"og:type\" content=\"article\" \/>\n<meta property=\"og:title\" content=\"Descripci\u00f3n de la producci\u00f3n - Rollomatic\" \/>\n<meta property=\"og:description\" content=\"&nbsp; &nbsp;\" \/>\n<meta property=\"og:url\" content=\"https:\/\/www.rollomatic.ch\/es\/produccion\/\" \/>\n<meta property=\"og:site_name\" content=\"Rollomatic\" \/>\n<meta property=\"article:publisher\" content=\"https:\/\/www.facebook.com\/rollomatic\/\" \/>\n<meta property=\"article:modified_time\" content=\"2026-02-04T12:21:29+00:00\" \/>\n<meta name=\"twitter:card\" content=\"summary_large_image\" \/>\n<meta name=\"twitter:site\" content=\"@rollomatics\" \/>\n<meta name=\"twitter:label1\" content=\"Tiempo de lectura\" \/>\n\t<meta name=\"twitter:data1\" content=\"2 minutos\" \/>\n<script type=\"application\/ld+json\" class=\"yoast-schema-graph\">{\"@context\":\"https:\/\/schema.org\",\"@graph\":[{\"@type\":\"WebPage\",\"@id\":\"https:\/\/www.rollomatic.ch\/es\/produccion\/\",\"url\":\"https:\/\/www.rollomatic.ch\/es\/produccion\/\",\"name\":\"Descripci\u00f3n de la producci\u00f3n - Rollomatic\",\"isPartOf\":{\"@id\":\"https:\/\/www.rollomatic.ch\/es\/#website\"},\"datePublished\":\"2026-01-19T10:12:00+00:00\",\"dateModified\":\"2026-02-04T12:21:29+00:00\",\"breadcrumb\":{\"@id\":\"https:\/\/www.rollomatic.ch\/es\/produccion\/#breadcrumb\"},\"inLanguage\":\"es\",\"potentialAction\":[{\"@type\":\"ReadAction\",\"target\":[\"https:\/\/www.rollomatic.ch\/es\/produccion\/\"]}]},{\"@type\":\"BreadcrumbList\",\"@id\":\"https:\/\/www.rollomatic.ch\/es\/produccion\/#breadcrumb\",\"itemListElement\":[{\"@type\":\"ListItem\",\"position\":1,\"name\":\"Home\",\"item\":\"https:\/\/www.rollomatic.ch\/es\/\"},{\"@type\":\"ListItem\",\"position\":2,\"name\":\"Descripci\u00f3n de la producci\u00f3n\"}]},{\"@type\":\"WebSite\",\"@id\":\"https:\/\/www.rollomatic.ch\/es\/#website\",\"url\":\"https:\/\/www.rollomatic.ch\/es\/\",\"name\":\"Rollomatic\",\"description\":\"\",\"publisher\":{\"@id\":\"https:\/\/www.rollomatic.ch\/es\/#organization\"},\"potentialAction\":[{\"@type\":\"SearchAction\",\"target\":{\"@type\":\"EntryPoint\",\"urlTemplate\":\"https:\/\/www.rollomatic.ch\/es\/?s={search_term_string}\"},\"query-input\":{\"@type\":\"PropertyValueSpecification\",\"valueRequired\":true,\"valueName\":\"search_term_string\"}}],\"inLanguage\":\"es\"},{\"@type\":\"Organization\",\"@id\":\"https:\/\/www.rollomatic.ch\/es\/#organization\",\"name\":\"Rollomatic S.A.\",\"url\":\"https:\/\/www.rollomatic.ch\/es\/\",\"logo\":{\"@type\":\"ImageObject\",\"inLanguage\":\"es\",\"@id\":\"https:\/\/www.rollomatic.ch\/es\/#\/schema\/logo\/image\/\",\"url\":\"https:\/\/www.rollomatic.ch\/wp-content\/uploads\/logomark_300.png\",\"contentUrl\":\"https:\/\/www.rollomatic.ch\/wp-content\/uploads\/logomark_300.png\",\"width\":300,\"height\":169,\"caption\":\"Rollomatic S.A.\"},\"image\":{\"@id\":\"https:\/\/www.rollomatic.ch\/es\/#\/schema\/logo\/image\/\"},\"sameAs\":[\"https:\/\/www.facebook.com\/rollomatic\/\",\"https:\/\/x.com\/rollomatics\",\"https:\/\/www.linkedin.com\/company\/rollomatic-sa\/\"]}]}<\/script>\n<!-- \/ Yoast SEO plugin. -->","yoast_head_json":{"title":"Descripci\u00f3n de la producci\u00f3n - Rollomatic","robots":{"index":"index","follow":"follow","max-snippet":"max-snippet:-1","max-image-preview":"max-image-preview:large","max-video-preview":"max-video-preview:-1"},"canonical":"https:\/\/www.rollomatic.ch\/es\/produccion\/","og_locale":"es_ES","og_type":"article","og_title":"Descripci\u00f3n de la producci\u00f3n - Rollomatic","og_description":"&nbsp; &nbsp;","og_url":"https:\/\/www.rollomatic.ch\/es\/produccion\/","og_site_name":"Rollomatic","article_publisher":"https:\/\/www.facebook.com\/rollomatic\/","article_modified_time":"2026-02-04T12:21:29+00:00","twitter_card":"summary_large_image","twitter_site":"@rollomatics","twitter_misc":{"Tiempo de lectura":"2 minutos"},"schema":{"@context":"https:\/\/schema.org","@graph":[{"@type":"WebPage","@id":"https:\/\/www.rollomatic.ch\/es\/produccion\/","url":"https:\/\/www.rollomatic.ch\/es\/produccion\/","name":"Descripci\u00f3n de la producci\u00f3n - Rollomatic","isPartOf":{"@id":"https:\/\/www.rollomatic.ch\/es\/#website"},"datePublished":"2026-01-19T10:12:00+00:00","dateModified":"2026-02-04T12:21:29+00:00","breadcrumb":{"@id":"https:\/\/www.rollomatic.ch\/es\/produccion\/#breadcrumb"},"inLanguage":"es","potentialAction":[{"@type":"ReadAction","target":["https:\/\/www.rollomatic.ch\/es\/produccion\/"]}]},{"@type":"BreadcrumbList","@id":"https:\/\/www.rollomatic.ch\/es\/produccion\/#breadcrumb","itemListElement":[{"@type":"ListItem","position":1,"name":"Home","item":"https:\/\/www.rollomatic.ch\/es\/"},{"@type":"ListItem","position":2,"name":"Descripci\u00f3n de la producci\u00f3n"}]},{"@type":"WebSite","@id":"https:\/\/www.rollomatic.ch\/es\/#website","url":"https:\/\/www.rollomatic.ch\/es\/","name":"Rollomatic","description":"","publisher":{"@id":"https:\/\/www.rollomatic.ch\/es\/#organization"},"potentialAction":[{"@type":"SearchAction","target":{"@type":"EntryPoint","urlTemplate":"https:\/\/www.rollomatic.ch\/es\/?s={search_term_string}"},"query-input":{"@type":"PropertyValueSpecification","valueRequired":true,"valueName":"search_term_string"}}],"inLanguage":"es"},{"@type":"Organization","@id":"https:\/\/www.rollomatic.ch\/es\/#organization","name":"Rollomatic S.A.","url":"https:\/\/www.rollomatic.ch\/es\/","logo":{"@type":"ImageObject","inLanguage":"es","@id":"https:\/\/www.rollomatic.ch\/es\/#\/schema\/logo\/image\/","url":"https:\/\/www.rollomatic.ch\/wp-content\/uploads\/logomark_300.png","contentUrl":"https:\/\/www.rollomatic.ch\/wp-content\/uploads\/logomark_300.png","width":300,"height":169,"caption":"Rollomatic S.A."},"image":{"@id":"https:\/\/www.rollomatic.ch\/es\/#\/schema\/logo\/image\/"},"sameAs":["https:\/\/www.facebook.com\/rollomatic\/","https:\/\/x.com\/rollomatics","https:\/\/www.linkedin.com\/company\/rollomatic-sa\/"]}]}},"_links":{"self":[{"href":"https:\/\/www.rollomatic.ch\/es\/wp-json\/wp\/v2\/pages\/45911","targetHints":{"allow":["GET"]}}],"collection":[{"href":"https:\/\/www.rollomatic.ch\/es\/wp-json\/wp\/v2\/pages"}],"about":[{"href":"https:\/\/www.rollomatic.ch\/es\/wp-json\/wp\/v2\/types\/page"}],"author":[{"embeddable":true,"href":"https:\/\/www.rollomatic.ch\/es\/wp-json\/wp\/v2\/users\/27"}],"replies":[{"embeddable":true,"href":"https:\/\/www.rollomatic.ch\/es\/wp-json\/wp\/v2\/comments?post=45911"}],"version-history":[{"count":0,"href":"https:\/\/www.rollomatic.ch\/es\/wp-json\/wp\/v2\/pages\/45911\/revisions"}],"wp:attachment":[{"href":"https:\/\/www.rollomatic.ch\/es\/wp-json\/wp\/v2\/media?parent=45911"}],"curies":[{"name":"wp","href":"https:\/\/api.w.org\/{rel}","templated":true}]}}