{"id":32590,"date":"2020-11-25T15:02:22","date_gmt":"2020-11-25T15:02:22","guid":{"rendered":"https:\/\/www.rollomatic.ch\/product\/grindsmart-530xw\/"},"modified":"2025-05-13T12:01:03","modified_gmt":"2025-05-13T12:01:03","slug":"grindsmart-530xw","status":"publish","type":"product","link":"https:\/\/www.rollomatic.ch\/es\/producto\/grindsmart-530xw\/","title":{"rendered":"GrindSmart\u00ae 530XW"},"content":{"rendered":"<p>La rectificadora de herramientas de precisi\u00f3n de 5 ejes GrindSmart\u00ae530XW ha sido dise\u00f1ada para la fabricaci\u00f3n de herramientas de corte rotativas de alto rendimiento tanto en lotes cortos como largos, cubriendo un amplio rango de di\u00e1metros desde \u00d8. 0,1 a 20,0 mm (.004&#8243; &#8211; .75&#8243;). Esta m\u00e1quina est\u00e1 equipada con motores lineales que, combinados con el motor de par del eje giratorio, ofrecen m\u00e1s ventajas, como un mejor acabado de superficie y menores costes de mantenimiento. El aceite usado para enfriar y lubricar los motores lineales es el mismo que el aceite de refrigeraci\u00f3n. Esto garantiza una estabilidad t\u00e9rmica constante durante la configuraci\u00f3n y producci\u00f3n sin incurrir en consumo de energ\u00eda adicional.<\/p>\n<p>GrindSmart\u00ae530XW incluye de forma est\u00e1ndar el r\u00e1pido y fiable cambiador de muelas SmartChanger de 6 posiciones que proporciona la m\u00e1xima flexibilidad y autonom\u00eda en la gesti\u00f3n de los procesos de rectificado. Este modelo ofrece opcionalmente un cargador autom\u00e1tico de herramientas pick &amp; place de alta velocidad con una capacidad de hasta 1.360.<\/p>\n","protected":false},"excerpt":{"rendered":"<p>La rectificadora de herramientas de precisi\u00f3n de 5 ejes GrindSmart\u00ae530XW ha sido dise\u00f1ada para la fabricaci\u00f3n de herramientas de corte rotativas de alto rendimiento tanto en lotes cortos como largos, [&#8230;]\n","protected":false},"featured_media":9182,"template":"","meta":{"_acf_changed":false},"industry":[],"tool-material":[],"tool-range":[390],"tool-type":[379,380,381,382,423,383,422],"product_brand":[],"product_cat":[818,819,820],"product_tag":[821],"class_list":{"0":"post-32590","1":"product","2":"type-product","3":"status-publish","4":"has-post-thumbnail","6":"tool-range-1-20mm","7":"tool-type-boring-bars","8":"tool-type-burs","9":"tool-type-drills","10":"tool-type-end-mill","11":"tool-type-form-tools","12":"tool-type-reamers","13":"tool-type-taps","14":"product_cat-grindsmart-es","15":"product_cat-herramientas-de-corte-cilindrico","16":"product_cat-rectificado-de-herramientas-de-corte","17":"product_tag-rectificado-de-herramientas-de-corte","19":"first","20":"instock","21":"shipping-taxable","22":"product-type-simple"},"acf":[],"yoast_head":"<!-- This site is optimized with the Yoast SEO plugin v27.0 - https:\/\/yoast.com\/product\/yoast-seo-wordpress\/ -->\n<title>GrindSmart\u00ae 530XW - Rollomatic<\/title>\n<meta name=\"description\" content=\"Rectificadora de herramientas de precisi\u00f3n de 5 ejes para la fabricaci\u00f3n de herramientas de corte est\u00e1ndar y de alto rendimiento de \u00d8 0,5 \u2013 20,0 mm (.02&quot;\u2013 3\/4&quot;)\" \/>\n<meta name=\"robots\" content=\"index, follow, max-snippet:-1, max-image-preview:large, max-video-preview:-1\" \/>\n<link rel=\"canonical\" href=\"https:\/\/www.rollomatic.ch\/es\/producto\/grindsmart-530xw\/\" \/>\n<meta property=\"og:locale\" content=\"es_ES\" \/>\n<meta property=\"og:type\" content=\"article\" \/>\n<meta property=\"og:title\" content=\"GrindSmart\u00ae 530XW - Rollomatic\" \/>\n<meta property=\"og:description\" content=\"Rectificadora de herramientas de precisi\u00f3n de 5 ejes para la fabricaci\u00f3n de herramientas de corte est\u00e1ndar y de alto rendimiento de \u00d8 0,5 \u2013 20,0 mm (.02&quot;\u2013 3\/4&quot;)\" \/>\n<meta property=\"og:url\" content=\"https:\/\/www.rollomatic.ch\/es\/producto\/grindsmart-530xw\/\" \/>\n<meta property=\"og:site_name\" content=\"Rollomatic\" \/>\n<meta property=\"article:publisher\" content=\"https:\/\/www.facebook.com\/rollomatic\/\" \/>\n<meta property=\"article:modified_time\" content=\"2025-05-13T12:01:03+00:00\" \/>\n<meta property=\"og:image\" content=\"https:\/\/www.rollomatic.ch\/wp-content\/uploads\/530XW-SHINY_1.webp\" \/>\n\t<meta property=\"og:image:width\" content=\"2560\" \/>\n\t<meta property=\"og:image:height\" content=\"1440\" \/>\n\t<meta property=\"og:image:type\" content=\"image\/webp\" \/>\n<meta name=\"twitter:card\" content=\"summary_large_image\" \/>\n<meta name=\"twitter:site\" content=\"@rollomatics\" \/>\n<meta name=\"twitter:label1\" content=\"Tiempo de lectura\" \/>\n\t<meta name=\"twitter:data1\" content=\"1 minuto\" \/>\n<script type=\"application\/ld+json\" class=\"yoast-schema-graph\">{\"@context\":\"https:\/\/schema.org\",\"@graph\":[{\"@type\":\"WebPage\",\"@id\":\"https:\/\/www.rollomatic.ch\/es\/producto\/grindsmart-530xw\/\",\"url\":\"https:\/\/www.rollomatic.ch\/es\/producto\/grindsmart-530xw\/\",\"name\":\"GrindSmart\u00ae 530XW - Rollomatic\",\"isPartOf\":{\"@id\":\"https:\/\/www.rollomatic.ch\/es\/#website\"},\"primaryImageOfPage\":{\"@id\":\"https:\/\/www.rollomatic.ch\/es\/producto\/grindsmart-530xw\/#primaryimage\"},\"image\":{\"@id\":\"https:\/\/www.rollomatic.ch\/es\/producto\/grindsmart-530xw\/#primaryimage\"},\"thumbnailUrl\":\"https:\/\/www.rollomatic.ch\/wp-content\/uploads\/530XW-SHINY_1.webp\",\"datePublished\":\"2020-11-25T15:02:22+00:00\",\"dateModified\":\"2025-05-13T12:01:03+00:00\",\"description\":\"Rectificadora de herramientas de precisi\u00f3n de 5 ejes para la fabricaci\u00f3n de herramientas de corte est\u00e1ndar y de alto rendimiento de \u00d8 0,5 \u2013 20,0 mm (.02\\\"\u2013 3\/4\\\")\",\"breadcrumb\":{\"@id\":\"https:\/\/www.rollomatic.ch\/es\/producto\/grindsmart-530xw\/#breadcrumb\"},\"inLanguage\":\"es\",\"potentialAction\":[{\"@type\":\"ReadAction\",\"target\":[\"https:\/\/www.rollomatic.ch\/es\/producto\/grindsmart-530xw\/\"]}]},{\"@type\":\"ImageObject\",\"inLanguage\":\"es\",\"@id\":\"https:\/\/www.rollomatic.ch\/es\/producto\/grindsmart-530xw\/#primaryimage\",\"url\":\"https:\/\/www.rollomatic.ch\/wp-content\/uploads\/530XW-SHINY_1.webp\",\"contentUrl\":\"https:\/\/www.rollomatic.ch\/wp-content\/uploads\/530XW-SHINY_1.webp\",\"width\":2560,\"height\":1440},{\"@type\":\"BreadcrumbList\",\"@id\":\"https:\/\/www.rollomatic.ch\/es\/producto\/grindsmart-530xw\/#breadcrumb\",\"itemListElement\":[{\"@type\":\"ListItem\",\"position\":1,\"name\":\"Home\",\"item\":\"https:\/\/www.rollomatic.ch\/es\/\"},{\"@type\":\"ListItem\",\"position\":2,\"name\":\"Cat\u00e1logo\",\"item\":\"https:\/\/www.rollomatic.ch\/es\/catalogo\/\"},{\"@type\":\"ListItem\",\"position\":3,\"name\":\"GrindSmart\u00ae 530XW\"}]},{\"@type\":\"WebSite\",\"@id\":\"https:\/\/www.rollomatic.ch\/es\/#website\",\"url\":\"https:\/\/www.rollomatic.ch\/es\/\",\"name\":\"Rollomatic\",\"description\":\"\",\"publisher\":{\"@id\":\"https:\/\/www.rollomatic.ch\/es\/#organization\"},\"potentialAction\":[{\"@type\":\"SearchAction\",\"target\":{\"@type\":\"EntryPoint\",\"urlTemplate\":\"https:\/\/www.rollomatic.ch\/es\/?s={search_term_string}\"},\"query-input\":{\"@type\":\"PropertyValueSpecification\",\"valueRequired\":true,\"valueName\":\"search_term_string\"}}],\"inLanguage\":\"es\"},{\"@type\":\"Organization\",\"@id\":\"https:\/\/www.rollomatic.ch\/es\/#organization\",\"name\":\"Rollomatic S.A.\",\"url\":\"https:\/\/www.rollomatic.ch\/es\/\",\"logo\":{\"@type\":\"ImageObject\",\"inLanguage\":\"es\",\"@id\":\"https:\/\/www.rollomatic.ch\/es\/#\/schema\/logo\/image\/\",\"url\":\"https:\/\/www.rollomatic.ch\/wp-content\/uploads\/logomark_300.png\",\"contentUrl\":\"https:\/\/www.rollomatic.ch\/wp-content\/uploads\/logomark_300.png\",\"width\":300,\"height\":169,\"caption\":\"Rollomatic S.A.\"},\"image\":{\"@id\":\"https:\/\/www.rollomatic.ch\/es\/#\/schema\/logo\/image\/\"},\"sameAs\":[\"https:\/\/www.facebook.com\/rollomatic\/\",\"https:\/\/x.com\/rollomatics\",\"https:\/\/www.linkedin.com\/company\/rollomatic-sa\/\"]}]}<\/script>\n<!-- \/ Yoast SEO plugin. -->","yoast_head_json":{"title":"GrindSmart\u00ae 530XW - Rollomatic","description":"Rectificadora de herramientas de precisi\u00f3n de 5 ejes para la fabricaci\u00f3n de herramientas de corte est\u00e1ndar y de alto rendimiento de \u00d8 0,5 \u2013 20,0 mm (.02\"\u2013 3\/4\")","robots":{"index":"index","follow":"follow","max-snippet":"max-snippet:-1","max-image-preview":"max-image-preview:large","max-video-preview":"max-video-preview:-1"},"canonical":"https:\/\/www.rollomatic.ch\/es\/producto\/grindsmart-530xw\/","og_locale":"es_ES","og_type":"article","og_title":"GrindSmart\u00ae 530XW - Rollomatic","og_description":"Rectificadora de herramientas de precisi\u00f3n de 5 ejes para la fabricaci\u00f3n de herramientas de corte est\u00e1ndar y de alto rendimiento de \u00d8 0,5 \u2013 20,0 mm (.02\"\u2013 3\/4\")","og_url":"https:\/\/www.rollomatic.ch\/es\/producto\/grindsmart-530xw\/","og_site_name":"Rollomatic","article_publisher":"https:\/\/www.facebook.com\/rollomatic\/","article_modified_time":"2025-05-13T12:01:03+00:00","og_image":[{"width":2560,"height":1440,"url":"https:\/\/www.rollomatic.ch\/wp-content\/uploads\/530XW-SHINY_1.webp","type":"image\/webp"}],"twitter_card":"summary_large_image","twitter_site":"@rollomatics","twitter_misc":{"Tiempo de lectura":"1 minuto"},"schema":{"@context":"https:\/\/schema.org","@graph":[{"@type":"WebPage","@id":"https:\/\/www.rollomatic.ch\/es\/producto\/grindsmart-530xw\/","url":"https:\/\/www.rollomatic.ch\/es\/producto\/grindsmart-530xw\/","name":"GrindSmart\u00ae 530XW - Rollomatic","isPartOf":{"@id":"https:\/\/www.rollomatic.ch\/es\/#website"},"primaryImageOfPage":{"@id":"https:\/\/www.rollomatic.ch\/es\/producto\/grindsmart-530xw\/#primaryimage"},"image":{"@id":"https:\/\/www.rollomatic.ch\/es\/producto\/grindsmart-530xw\/#primaryimage"},"thumbnailUrl":"https:\/\/www.rollomatic.ch\/wp-content\/uploads\/530XW-SHINY_1.webp","datePublished":"2020-11-25T15:02:22+00:00","dateModified":"2025-05-13T12:01:03+00:00","description":"Rectificadora de herramientas de precisi\u00f3n de 5 ejes para la fabricaci\u00f3n de herramientas de corte est\u00e1ndar y de alto rendimiento de \u00d8 0,5 \u2013 20,0 mm (.02\"\u2013 3\/4\")","breadcrumb":{"@id":"https:\/\/www.rollomatic.ch\/es\/producto\/grindsmart-530xw\/#breadcrumb"},"inLanguage":"es","potentialAction":[{"@type":"ReadAction","target":["https:\/\/www.rollomatic.ch\/es\/producto\/grindsmart-530xw\/"]}]},{"@type":"ImageObject","inLanguage":"es","@id":"https:\/\/www.rollomatic.ch\/es\/producto\/grindsmart-530xw\/#primaryimage","url":"https:\/\/www.rollomatic.ch\/wp-content\/uploads\/530XW-SHINY_1.webp","contentUrl":"https:\/\/www.rollomatic.ch\/wp-content\/uploads\/530XW-SHINY_1.webp","width":2560,"height":1440},{"@type":"BreadcrumbList","@id":"https:\/\/www.rollomatic.ch\/es\/producto\/grindsmart-530xw\/#breadcrumb","itemListElement":[{"@type":"ListItem","position":1,"name":"Home","item":"https:\/\/www.rollomatic.ch\/es\/"},{"@type":"ListItem","position":2,"name":"Cat\u00e1logo","item":"https:\/\/www.rollomatic.ch\/es\/catalogo\/"},{"@type":"ListItem","position":3,"name":"GrindSmart\u00ae 530XW"}]},{"@type":"WebSite","@id":"https:\/\/www.rollomatic.ch\/es\/#website","url":"https:\/\/www.rollomatic.ch\/es\/","name":"Rollomatic","description":"","publisher":{"@id":"https:\/\/www.rollomatic.ch\/es\/#organization"},"potentialAction":[{"@type":"SearchAction","target":{"@type":"EntryPoint","urlTemplate":"https:\/\/www.rollomatic.ch\/es\/?s={search_term_string}"},"query-input":{"@type":"PropertyValueSpecification","valueRequired":true,"valueName":"search_term_string"}}],"inLanguage":"es"},{"@type":"Organization","@id":"https:\/\/www.rollomatic.ch\/es\/#organization","name":"Rollomatic S.A.","url":"https:\/\/www.rollomatic.ch\/es\/","logo":{"@type":"ImageObject","inLanguage":"es","@id":"https:\/\/www.rollomatic.ch\/es\/#\/schema\/logo\/image\/","url":"https:\/\/www.rollomatic.ch\/wp-content\/uploads\/logomark_300.png","contentUrl":"https:\/\/www.rollomatic.ch\/wp-content\/uploads\/logomark_300.png","width":300,"height":169,"caption":"Rollomatic S.A."},"image":{"@id":"https:\/\/www.rollomatic.ch\/es\/#\/schema\/logo\/image\/"},"sameAs":["https:\/\/www.facebook.com\/rollomatic\/","https:\/\/x.com\/rollomatics","https:\/\/www.linkedin.com\/company\/rollomatic-sa\/"]}]}},"_links":{"self":[{"href":"https:\/\/www.rollomatic.ch\/es\/wp-json\/wp\/v2\/product\/32590","targetHints":{"allow":["GET"]}}],"collection":[{"href":"https:\/\/www.rollomatic.ch\/es\/wp-json\/wp\/v2\/product"}],"about":[{"href":"https:\/\/www.rollomatic.ch\/es\/wp-json\/wp\/v2\/types\/product"}],"wp:featuredmedia":[{"embeddable":true,"href":"https:\/\/www.rollomatic.ch\/es\/wp-json\/wp\/v2\/media\/9182"}],"wp:attachment":[{"href":"https:\/\/www.rollomatic.ch\/es\/wp-json\/wp\/v2\/media?parent=32590"}],"wp:term":[{"taxonomy":"industry","embeddable":true,"href":"https:\/\/www.rollomatic.ch\/es\/wp-json\/wp\/v2\/industry?post=32590"},{"taxonomy":"tool-material","embeddable":true,"href":"https:\/\/www.rollomatic.ch\/es\/wp-json\/wp\/v2\/tool-material?post=32590"},{"taxonomy":"tool-range","embeddable":true,"href":"https:\/\/www.rollomatic.ch\/es\/wp-json\/wp\/v2\/tool-range?post=32590"},{"taxonomy":"tool-type","embeddable":true,"href":"https:\/\/www.rollomatic.ch\/es\/wp-json\/wp\/v2\/tool-type?post=32590"},{"taxonomy":"product_brand","embeddable":true,"href":"https:\/\/www.rollomatic.ch\/es\/wp-json\/wp\/v2\/product_brand?post=32590"},{"taxonomy":"product_cat","embeddable":true,"href":"https:\/\/www.rollomatic.ch\/es\/wp-json\/wp\/v2\/product_cat?post=32590"},{"taxonomy":"product_tag","embeddable":true,"href":"https:\/\/www.rollomatic.ch\/es\/wp-json\/wp\/v2\/product_tag?post=32590"}],"curies":[{"name":"wp","href":"https:\/\/api.w.org\/{rel}","templated":true}]}}