{"id":32702,"date":"2020-12-10T19:59:19","date_gmt":"2020-12-10T19:59:19","guid":{"rendered":"https:\/\/www.rollomatic.ch\/product\/grindsmart-630xw\/"},"modified":"2025-05-13T12:00:50","modified_gmt":"2025-05-13T12:00:50","slug":"grindsmart-630xw","status":"publish","type":"product","link":"https:\/\/www.rollomatic.ch\/es\/producto\/grindsmart-630xw\/","title":{"rendered":"GrindSmart\u00ae 630XW"},"content":{"rendered":"<p>La rectificadora de herramientas de precisi\u00f3n de 6 ejes GrindSmart\u00ae630XS se dise\u00f1\u00f3 para la fabricaci\u00f3n de herramientas especiales y de alto rendimiento, tanto en lotes largos como cortos.<\/p>\n<p>Est\u00e1 equipada con motores lineales que, combinados con el motor de par del eje giratorio, ofrecen m\u00e1s ventajas, como un mejor acabado de superficie y menores costes de mantenimiento.<\/p>\n<p>El aceite utilizado para enfriar y lubricar los motores lineales es el mismo que el aceite refrigerante. Esto asegura una estabilidad t\u00e9rmica constante durante la configuraci\u00f3n y la producci\u00f3n sin incurrir en un consumo adicional de energ\u00eda.<\/p>\n<p>El concepto del sexto eje de esta m\u00e1quina es \u00fanico en la industria del rectificado. Proporciona mayor precisi\u00f3n en fresas de punta esf\u00e9rica o radios de esquina con posibilidad de inclinar las muelas y permite una programaci\u00f3n m\u00e1s sencilla con movimientos en vac\u00edo m\u00e1s cortos durante las operaciones de rectificado. Esta m\u00e1quina abarca una amplia gama de di\u00e1metros de \u00d8 0,1 a 20,0 mm (de 0,004&#8243; a 0,75&#8243;).<\/p>\n<p>Como est\u00e1ndar, este modelo incluye un cargador autom\u00e1tico de herramientas de alta velocidad con capacidad para hasta 1.360 herramientas junto con un cambiador de ruedas y boquillas de alta velocidad con 6 posiciones.<\/p>\n","protected":false},"excerpt":{"rendered":"<p>La rectificadora de herramientas de precisi\u00f3n de 6 ejes GrindSmart\u00ae630XS se dise\u00f1\u00f3 para la fabricaci\u00f3n de herramientas especiales y de alto rendimiento, tanto en lotes largos como cortos. Est\u00e1 equipada [&#8230;]\n","protected":false},"featured_media":9190,"template":"","meta":{"_acf_changed":false},"industry":[834,838,835,833,840,837,832,839,836],"tool-material":[429,430],"tool-range":[390],"tool-type":[424,379,380,381,382,423,383,422],"product_brand":[],"product_cat":[818,841,819,820],"product_tag":[821],"class_list":{"0":"post-32702","1":"product","2":"type-product","3":"status-publish","4":"has-post-thumbnail","6":"industry-aeroespacial","7":"industry-aplicaciones-personalizadas","8":"industry-automotriz-ev","9":"industry-dental-es","10":"industry-industria-electronica-3c","11":"industry-industria-maderera","12":"industry-medico","13":"industry-microtecnologias","14":"industry-moldeo-por-inyeccion","15":"tool-material-carbide","16":"tool-material-ceramic","17":"tool-range-1-20mm","18":"tool-type-blades","19":"tool-type-boring-bars","20":"tool-type-burs","21":"tool-type-drills","22":"tool-type-end-mill","23":"tool-type-form-tools","24":"tool-type-reamers","25":"tool-type-taps","26":"product_cat-grindsmart-es","27":"product_cat-plaquitas-torneado-interno","28":"product_cat-herramientas-de-corte-cilindrico","29":"product_cat-rectificado-de-herramientas-de-corte","30":"product_tag-rectificado-de-herramientas-de-corte","32":"first","33":"instock","34":"shipping-taxable","35":"product-type-simple"},"acf":[],"yoast_head":"<!-- This site is optimized with the Yoast SEO plugin v27.0 - https:\/\/yoast.com\/product\/yoast-seo-wordpress\/ -->\n<title>GrindSmart\u00ae 630XW - Rollomatic<\/title>\n<meta name=\"description\" content=\"M\u00e1quina de rectificado de herramientas de 6 ejes completamente automatizada para la producci\u00f3n y rectificado de herramientas de corte rotativas y estacionarias de 0,1 mm a 20 mm (.004\u201d a \u00be\u201d)\" \/>\n<meta name=\"robots\" content=\"index, follow, max-snippet:-1, max-image-preview:large, max-video-preview:-1\" \/>\n<link rel=\"canonical\" href=\"https:\/\/www.rollomatic.ch\/es\/producto\/grindsmart-630xw\/\" \/>\n<meta property=\"og:locale\" content=\"es_ES\" \/>\n<meta property=\"og:type\" content=\"article\" \/>\n<meta property=\"og:title\" content=\"GrindSmart\u00ae 630XW - Rollomatic\" \/>\n<meta property=\"og:description\" content=\"M\u00e1quina de rectificado de herramientas de 6 ejes completamente automatizada para la producci\u00f3n y rectificado de herramientas de corte rotativas y estacionarias de 0,1 mm a 20 mm (.004\u201d a \u00be\u201d)\" \/>\n<meta property=\"og:url\" content=\"https:\/\/www.rollomatic.ch\/es\/producto\/grindsmart-630xw\/\" \/>\n<meta property=\"og:site_name\" content=\"Rollomatic\" \/>\n<meta property=\"article:publisher\" content=\"https:\/\/www.facebook.com\/rollomatic\/\" \/>\n<meta property=\"article:modified_time\" content=\"2025-05-13T12:00:50+00:00\" \/>\n<meta property=\"og:image\" content=\"https:\/\/www.rollomatic.ch\/wp-content\/uploads\/630XW-SHINY_1-3.webp\" \/>\n\t<meta property=\"og:image:width\" content=\"2560\" \/>\n\t<meta property=\"og:image:height\" content=\"1440\" \/>\n\t<meta property=\"og:image:type\" content=\"image\/webp\" \/>\n<meta name=\"twitter:card\" content=\"summary_large_image\" \/>\n<meta name=\"twitter:site\" content=\"@rollomatics\" \/>\n<meta name=\"twitter:label1\" content=\"Tiempo de lectura\" \/>\n\t<meta name=\"twitter:data1\" content=\"1 minuto\" \/>\n<script type=\"application\/ld+json\" class=\"yoast-schema-graph\">{\"@context\":\"https:\/\/schema.org\",\"@graph\":[{\"@type\":\"WebPage\",\"@id\":\"https:\/\/www.rollomatic.ch\/es\/producto\/grindsmart-630xw\/\",\"url\":\"https:\/\/www.rollomatic.ch\/es\/producto\/grindsmart-630xw\/\",\"name\":\"GrindSmart\u00ae 630XW - Rollomatic\",\"isPartOf\":{\"@id\":\"https:\/\/www.rollomatic.ch\/es\/#website\"},\"primaryImageOfPage\":{\"@id\":\"https:\/\/www.rollomatic.ch\/es\/producto\/grindsmart-630xw\/#primaryimage\"},\"image\":{\"@id\":\"https:\/\/www.rollomatic.ch\/es\/producto\/grindsmart-630xw\/#primaryimage\"},\"thumbnailUrl\":\"https:\/\/www.rollomatic.ch\/wp-content\/uploads\/630XW-SHINY_1-3.webp\",\"datePublished\":\"2020-12-10T19:59:19+00:00\",\"dateModified\":\"2025-05-13T12:00:50+00:00\",\"description\":\"M\u00e1quina de rectificado de herramientas de 6 ejes completamente automatizada para la producci\u00f3n y rectificado de herramientas de corte rotativas y estacionarias de 0,1 mm a 20 mm (.004\u201d a \u00be\u201d)\",\"breadcrumb\":{\"@id\":\"https:\/\/www.rollomatic.ch\/es\/producto\/grindsmart-630xw\/#breadcrumb\"},\"inLanguage\":\"es\",\"potentialAction\":[{\"@type\":\"ReadAction\",\"target\":[\"https:\/\/www.rollomatic.ch\/es\/producto\/grindsmart-630xw\/\"]}]},{\"@type\":\"ImageObject\",\"inLanguage\":\"es\",\"@id\":\"https:\/\/www.rollomatic.ch\/es\/producto\/grindsmart-630xw\/#primaryimage\",\"url\":\"https:\/\/www.rollomatic.ch\/wp-content\/uploads\/630XW-SHINY_1-3.webp\",\"contentUrl\":\"https:\/\/www.rollomatic.ch\/wp-content\/uploads\/630XW-SHINY_1-3.webp\",\"width\":2560,\"height\":1440},{\"@type\":\"BreadcrumbList\",\"@id\":\"https:\/\/www.rollomatic.ch\/es\/producto\/grindsmart-630xw\/#breadcrumb\",\"itemListElement\":[{\"@type\":\"ListItem\",\"position\":1,\"name\":\"Home\",\"item\":\"https:\/\/www.rollomatic.ch\/es\/\"},{\"@type\":\"ListItem\",\"position\":2,\"name\":\"Cat\u00e1logo\",\"item\":\"https:\/\/www.rollomatic.ch\/es\/catalogo\/\"},{\"@type\":\"ListItem\",\"position\":3,\"name\":\"GrindSmart\u00ae 630XW\"}]},{\"@type\":\"WebSite\",\"@id\":\"https:\/\/www.rollomatic.ch\/es\/#website\",\"url\":\"https:\/\/www.rollomatic.ch\/es\/\",\"name\":\"Rollomatic\",\"description\":\"\",\"publisher\":{\"@id\":\"https:\/\/www.rollomatic.ch\/es\/#organization\"},\"potentialAction\":[{\"@type\":\"SearchAction\",\"target\":{\"@type\":\"EntryPoint\",\"urlTemplate\":\"https:\/\/www.rollomatic.ch\/es\/?s={search_term_string}\"},\"query-input\":{\"@type\":\"PropertyValueSpecification\",\"valueRequired\":true,\"valueName\":\"search_term_string\"}}],\"inLanguage\":\"es\"},{\"@type\":\"Organization\",\"@id\":\"https:\/\/www.rollomatic.ch\/es\/#organization\",\"name\":\"Rollomatic S.A.\",\"url\":\"https:\/\/www.rollomatic.ch\/es\/\",\"logo\":{\"@type\":\"ImageObject\",\"inLanguage\":\"es\",\"@id\":\"https:\/\/www.rollomatic.ch\/es\/#\/schema\/logo\/image\/\",\"url\":\"https:\/\/www.rollomatic.ch\/wp-content\/uploads\/logomark_300.png\",\"contentUrl\":\"https:\/\/www.rollomatic.ch\/wp-content\/uploads\/logomark_300.png\",\"width\":300,\"height\":169,\"caption\":\"Rollomatic S.A.\"},\"image\":{\"@id\":\"https:\/\/www.rollomatic.ch\/es\/#\/schema\/logo\/image\/\"},\"sameAs\":[\"https:\/\/www.facebook.com\/rollomatic\/\",\"https:\/\/x.com\/rollomatics\",\"https:\/\/www.linkedin.com\/company\/rollomatic-sa\/\"]}]}<\/script>\n<!-- \/ Yoast SEO plugin. -->","yoast_head_json":{"title":"GrindSmart\u00ae 630XW - Rollomatic","description":"M\u00e1quina de rectificado de herramientas de 6 ejes completamente automatizada para la producci\u00f3n y rectificado de herramientas de corte rotativas y estacionarias de 0,1 mm a 20 mm (.004\u201d a \u00be\u201d)","robots":{"index":"index","follow":"follow","max-snippet":"max-snippet:-1","max-image-preview":"max-image-preview:large","max-video-preview":"max-video-preview:-1"},"canonical":"https:\/\/www.rollomatic.ch\/es\/producto\/grindsmart-630xw\/","og_locale":"es_ES","og_type":"article","og_title":"GrindSmart\u00ae 630XW - Rollomatic","og_description":"M\u00e1quina de rectificado de herramientas de 6 ejes completamente automatizada para la producci\u00f3n y rectificado de herramientas de corte rotativas y estacionarias de 0,1 mm a 20 mm (.004\u201d a \u00be\u201d)","og_url":"https:\/\/www.rollomatic.ch\/es\/producto\/grindsmart-630xw\/","og_site_name":"Rollomatic","article_publisher":"https:\/\/www.facebook.com\/rollomatic\/","article_modified_time":"2025-05-13T12:00:50+00:00","og_image":[{"width":2560,"height":1440,"url":"https:\/\/www.rollomatic.ch\/wp-content\/uploads\/630XW-SHINY_1-3.webp","type":"image\/webp"}],"twitter_card":"summary_large_image","twitter_site":"@rollomatics","twitter_misc":{"Tiempo de lectura":"1 minuto"},"schema":{"@context":"https:\/\/schema.org","@graph":[{"@type":"WebPage","@id":"https:\/\/www.rollomatic.ch\/es\/producto\/grindsmart-630xw\/","url":"https:\/\/www.rollomatic.ch\/es\/producto\/grindsmart-630xw\/","name":"GrindSmart\u00ae 630XW - Rollomatic","isPartOf":{"@id":"https:\/\/www.rollomatic.ch\/es\/#website"},"primaryImageOfPage":{"@id":"https:\/\/www.rollomatic.ch\/es\/producto\/grindsmart-630xw\/#primaryimage"},"image":{"@id":"https:\/\/www.rollomatic.ch\/es\/producto\/grindsmart-630xw\/#primaryimage"},"thumbnailUrl":"https:\/\/www.rollomatic.ch\/wp-content\/uploads\/630XW-SHINY_1-3.webp","datePublished":"2020-12-10T19:59:19+00:00","dateModified":"2025-05-13T12:00:50+00:00","description":"M\u00e1quina de rectificado de herramientas de 6 ejes completamente automatizada para la producci\u00f3n y rectificado de herramientas de corte rotativas y estacionarias de 0,1 mm a 20 mm (.004\u201d a \u00be\u201d)","breadcrumb":{"@id":"https:\/\/www.rollomatic.ch\/es\/producto\/grindsmart-630xw\/#breadcrumb"},"inLanguage":"es","potentialAction":[{"@type":"ReadAction","target":["https:\/\/www.rollomatic.ch\/es\/producto\/grindsmart-630xw\/"]}]},{"@type":"ImageObject","inLanguage":"es","@id":"https:\/\/www.rollomatic.ch\/es\/producto\/grindsmart-630xw\/#primaryimage","url":"https:\/\/www.rollomatic.ch\/wp-content\/uploads\/630XW-SHINY_1-3.webp","contentUrl":"https:\/\/www.rollomatic.ch\/wp-content\/uploads\/630XW-SHINY_1-3.webp","width":2560,"height":1440},{"@type":"BreadcrumbList","@id":"https:\/\/www.rollomatic.ch\/es\/producto\/grindsmart-630xw\/#breadcrumb","itemListElement":[{"@type":"ListItem","position":1,"name":"Home","item":"https:\/\/www.rollomatic.ch\/es\/"},{"@type":"ListItem","position":2,"name":"Cat\u00e1logo","item":"https:\/\/www.rollomatic.ch\/es\/catalogo\/"},{"@type":"ListItem","position":3,"name":"GrindSmart\u00ae 630XW"}]},{"@type":"WebSite","@id":"https:\/\/www.rollomatic.ch\/es\/#website","url":"https:\/\/www.rollomatic.ch\/es\/","name":"Rollomatic","description":"","publisher":{"@id":"https:\/\/www.rollomatic.ch\/es\/#organization"},"potentialAction":[{"@type":"SearchAction","target":{"@type":"EntryPoint","urlTemplate":"https:\/\/www.rollomatic.ch\/es\/?s={search_term_string}"},"query-input":{"@type":"PropertyValueSpecification","valueRequired":true,"valueName":"search_term_string"}}],"inLanguage":"es"},{"@type":"Organization","@id":"https:\/\/www.rollomatic.ch\/es\/#organization","name":"Rollomatic S.A.","url":"https:\/\/www.rollomatic.ch\/es\/","logo":{"@type":"ImageObject","inLanguage":"es","@id":"https:\/\/www.rollomatic.ch\/es\/#\/schema\/logo\/image\/","url":"https:\/\/www.rollomatic.ch\/wp-content\/uploads\/logomark_300.png","contentUrl":"https:\/\/www.rollomatic.ch\/wp-content\/uploads\/logomark_300.png","width":300,"height":169,"caption":"Rollomatic S.A."},"image":{"@id":"https:\/\/www.rollomatic.ch\/es\/#\/schema\/logo\/image\/"},"sameAs":["https:\/\/www.facebook.com\/rollomatic\/","https:\/\/x.com\/rollomatics","https:\/\/www.linkedin.com\/company\/rollomatic-sa\/"]}]}},"_links":{"self":[{"href":"https:\/\/www.rollomatic.ch\/es\/wp-json\/wp\/v2\/product\/32702","targetHints":{"allow":["GET"]}}],"collection":[{"href":"https:\/\/www.rollomatic.ch\/es\/wp-json\/wp\/v2\/product"}],"about":[{"href":"https:\/\/www.rollomatic.ch\/es\/wp-json\/wp\/v2\/types\/product"}],"wp:featuredmedia":[{"embeddable":true,"href":"https:\/\/www.rollomatic.ch\/es\/wp-json\/wp\/v2\/media\/9190"}],"wp:attachment":[{"href":"https:\/\/www.rollomatic.ch\/es\/wp-json\/wp\/v2\/media?parent=32702"}],"wp:term":[{"taxonomy":"industry","embeddable":true,"href":"https:\/\/www.rollomatic.ch\/es\/wp-json\/wp\/v2\/industry?post=32702"},{"taxonomy":"tool-material","embeddable":true,"href":"https:\/\/www.rollomatic.ch\/es\/wp-json\/wp\/v2\/tool-material?post=32702"},{"taxonomy":"tool-range","embeddable":true,"href":"https:\/\/www.rollomatic.ch\/es\/wp-json\/wp\/v2\/tool-range?post=32702"},{"taxonomy":"tool-type","embeddable":true,"href":"https:\/\/www.rollomatic.ch\/es\/wp-json\/wp\/v2\/tool-type?post=32702"},{"taxonomy":"product_brand","embeddable":true,"href":"https:\/\/www.rollomatic.ch\/es\/wp-json\/wp\/v2\/product_brand?post=32702"},{"taxonomy":"product_cat","embeddable":true,"href":"https:\/\/www.rollomatic.ch\/es\/wp-json\/wp\/v2\/product_cat?post=32702"},{"taxonomy":"product_tag","embeddable":true,"href":"https:\/\/www.rollomatic.ch\/es\/wp-json\/wp\/v2\/product_tag?post=32702"}],"curies":[{"name":"wp","href":"https:\/\/api.w.org\/{rel}","templated":true}]}}