{"id":32772,"date":"2020-12-05T21:20:46","date_gmt":"2020-12-05T21:20:46","guid":{"rendered":"https:\/\/www.rollomatic.ch\/product\/grindsmart-630xs\/"},"modified":"2025-05-13T12:00:54","modified_gmt":"2025-05-13T12:00:54","slug":"grindsmart-630xs","status":"publish","type":"product","link":"https:\/\/www.rollomatic.ch\/es\/producto\/grindsmart-630xs\/","title":{"rendered":"GrindSmart\u00ae 630XS"},"content":{"rendered":"<p>La rectificadora de herramientas de precisi\u00f3n de 6 ejes GrindSmart\u00ae630XS se dise\u00f1\u00f3 para la fabricaci\u00f3n de herramientas especiales y de alto rendimiento, tanto en lotes largos como cortos.<\/p>\n<p>Est\u00e1 equipada con motores lineales que, combinados con el motor de par del eje giratorio, ofrecen m\u00e1s ventajas, como un mejor acabado de superficie y menores costes de mantenimiento.<\/p>\n<p>El aceite utilizado para enfriar y lubricar los motores lineales es el mismo que el aceite refrigerante. Esto asegura una estabilidad t\u00e9rmica constante durante el montaje y la producci\u00f3n sin incurrir en consumo adicional de energ\u00eda.<\/p>\n<p>El concepto del sexto eje de esta m\u00e1quina es \u00fanico en la industria del rectificado. Proporciona mayor precisi\u00f3n en fresas de punta esf\u00e9rica o radios de esquina con posibilidad de inclinar las muelas y permite una programaci\u00f3n m\u00e1s sencilla con movimientos en vac\u00edo m\u00e1s cortos durante las operaciones de rectificado.<\/p>\n<p>Esta m\u00e1quina cubre un amplio rango de di\u00e1metros desde \u00d8 0.1 hasta 16.0 mm (.004&#8243; &#8211; .63&#8243;).<\/p>\n<p>De serie, este modelo incluye un cargador autom\u00e1tico de alta velocidad para recoger y colocar herramientas, con una capacidad de hasta 1.360 herramientas, junto con un doble husillo que acomoda dos paquetes de ruedas.<\/p>\n","protected":false},"excerpt":{"rendered":"<p>La rectificadora de herramientas de precisi\u00f3n de 6 ejes GrindSmart\u00ae630XS se dise\u00f1\u00f3 para la fabricaci\u00f3n de herramientas especiales y de alto rendimiento, tanto en lotes largos como cortos. Est\u00e1 equipada [&#8230;]\n","protected":false},"featured_media":9186,"template":"","meta":{"_acf_changed":false},"industry":[],"tool-material":[],"tool-range":[390],"tool-type":[424,379,380,381,382,423,383,422],"product_brand":[],"product_cat":[818,819,820],"product_tag":[821],"class_list":{"0":"post-32772","1":"product","2":"type-product","3":"status-publish","4":"has-post-thumbnail","6":"tool-range-1-20mm","7":"tool-type-blades","8":"tool-type-boring-bars","9":"tool-type-burs","10":"tool-type-drills","11":"tool-type-end-mill","12":"tool-type-form-tools","13":"tool-type-reamers","14":"tool-type-taps","15":"product_cat-grindsmart-es","16":"product_cat-herramientas-de-corte-cilindrico","17":"product_cat-rectificado-de-herramientas-de-corte","18":"product_tag-rectificado-de-herramientas-de-corte","20":"first","21":"instock","22":"shipping-taxable","23":"product-type-simple"},"acf":[],"yoast_head":"<!-- This site is optimized with the Yoast SEO plugin v27.0 - https:\/\/yoast.com\/product\/yoast-seo-wordpress\/ -->\n<title>GrindSmart\u00ae 630XS - Rollomatic<\/title>\n<meta name=\"description\" content=\"Rectificadora de herramientas de superprecisi\u00f3n de 6 ejes para la fabricaci\u00f3n de herramientas de corte de alto rendimiento y est\u00e1ndar con un rango de di\u00e1metro de \u00d8 0.1 \u2013 16.0 mm (.004&quot;\u2013 5\/8&quot;)\" \/>\n<meta name=\"robots\" content=\"index, follow, max-snippet:-1, max-image-preview:large, max-video-preview:-1\" \/>\n<link rel=\"canonical\" href=\"https:\/\/www.rollomatic.ch\/es\/producto\/grindsmart-630xs\/\" \/>\n<meta property=\"og:locale\" content=\"es_ES\" \/>\n<meta property=\"og:type\" content=\"article\" \/>\n<meta property=\"og:title\" content=\"GrindSmart\u00ae 630XS - Rollomatic\" \/>\n<meta property=\"og:description\" content=\"Rectificadora de herramientas de superprecisi\u00f3n de 6 ejes para la fabricaci\u00f3n de herramientas de corte de alto rendimiento y est\u00e1ndar con un rango de di\u00e1metro de \u00d8 0.1 \u2013 16.0 mm (.004&quot;\u2013 5\/8&quot;)\" \/>\n<meta property=\"og:url\" content=\"https:\/\/www.rollomatic.ch\/es\/producto\/grindsmart-630xs\/\" \/>\n<meta property=\"og:site_name\" content=\"Rollomatic\" \/>\n<meta property=\"article:publisher\" content=\"https:\/\/www.facebook.com\/rollomatic\/\" \/>\n<meta property=\"article:modified_time\" content=\"2025-05-13T12:00:54+00:00\" \/>\n<meta property=\"og:image\" content=\"https:\/\/www.rollomatic.ch\/wp-content\/uploads\/630XS-SHINY_1-1.webp\" \/>\n\t<meta property=\"og:image:width\" content=\"2560\" \/>\n\t<meta property=\"og:image:height\" content=\"1440\" \/>\n\t<meta property=\"og:image:type\" content=\"image\/webp\" \/>\n<meta name=\"twitter:card\" content=\"summary_large_image\" \/>\n<meta name=\"twitter:site\" content=\"@rollomatics\" \/>\n<meta name=\"twitter:label1\" content=\"Tiempo de lectura\" \/>\n\t<meta name=\"twitter:data1\" content=\"1 minuto\" \/>\n<script type=\"application\/ld+json\" class=\"yoast-schema-graph\">{\"@context\":\"https:\/\/schema.org\",\"@graph\":[{\"@type\":\"WebPage\",\"@id\":\"https:\/\/www.rollomatic.ch\/es\/producto\/grindsmart-630xs\/\",\"url\":\"https:\/\/www.rollomatic.ch\/es\/producto\/grindsmart-630xs\/\",\"name\":\"GrindSmart\u00ae 630XS - Rollomatic\",\"isPartOf\":{\"@id\":\"https:\/\/www.rollomatic.ch\/es\/#website\"},\"primaryImageOfPage\":{\"@id\":\"https:\/\/www.rollomatic.ch\/es\/producto\/grindsmart-630xs\/#primaryimage\"},\"image\":{\"@id\":\"https:\/\/www.rollomatic.ch\/es\/producto\/grindsmart-630xs\/#primaryimage\"},\"thumbnailUrl\":\"https:\/\/www.rollomatic.ch\/wp-content\/uploads\/630XS-SHINY_1-1.webp\",\"datePublished\":\"2020-12-05T21:20:46+00:00\",\"dateModified\":\"2025-05-13T12:00:54+00:00\",\"description\":\"Rectificadora de herramientas de superprecisi\u00f3n de 6 ejes para la fabricaci\u00f3n de herramientas de corte de alto rendimiento y est\u00e1ndar con un rango de di\u00e1metro de \u00d8 0.1 \u2013 16.0 mm (.004\\\"\u2013 5\/8\\\")\",\"breadcrumb\":{\"@id\":\"https:\/\/www.rollomatic.ch\/es\/producto\/grindsmart-630xs\/#breadcrumb\"},\"inLanguage\":\"es\",\"potentialAction\":[{\"@type\":\"ReadAction\",\"target\":[\"https:\/\/www.rollomatic.ch\/es\/producto\/grindsmart-630xs\/\"]}]},{\"@type\":\"ImageObject\",\"inLanguage\":\"es\",\"@id\":\"https:\/\/www.rollomatic.ch\/es\/producto\/grindsmart-630xs\/#primaryimage\",\"url\":\"https:\/\/www.rollomatic.ch\/wp-content\/uploads\/630XS-SHINY_1-1.webp\",\"contentUrl\":\"https:\/\/www.rollomatic.ch\/wp-content\/uploads\/630XS-SHINY_1-1.webp\",\"width\":2560,\"height\":1440},{\"@type\":\"BreadcrumbList\",\"@id\":\"https:\/\/www.rollomatic.ch\/es\/producto\/grindsmart-630xs\/#breadcrumb\",\"itemListElement\":[{\"@type\":\"ListItem\",\"position\":1,\"name\":\"Home\",\"item\":\"https:\/\/www.rollomatic.ch\/es\/\"},{\"@type\":\"ListItem\",\"position\":2,\"name\":\"Cat\u00e1logo\",\"item\":\"https:\/\/www.rollomatic.ch\/es\/catalogo\/\"},{\"@type\":\"ListItem\",\"position\":3,\"name\":\"GrindSmart\u00ae 630XS\"}]},{\"@type\":\"WebSite\",\"@id\":\"https:\/\/www.rollomatic.ch\/es\/#website\",\"url\":\"https:\/\/www.rollomatic.ch\/es\/\",\"name\":\"Rollomatic\",\"description\":\"\",\"publisher\":{\"@id\":\"https:\/\/www.rollomatic.ch\/es\/#organization\"},\"potentialAction\":[{\"@type\":\"SearchAction\",\"target\":{\"@type\":\"EntryPoint\",\"urlTemplate\":\"https:\/\/www.rollomatic.ch\/es\/?s={search_term_string}\"},\"query-input\":{\"@type\":\"PropertyValueSpecification\",\"valueRequired\":true,\"valueName\":\"search_term_string\"}}],\"inLanguage\":\"es\"},{\"@type\":\"Organization\",\"@id\":\"https:\/\/www.rollomatic.ch\/es\/#organization\",\"name\":\"Rollomatic S.A.\",\"url\":\"https:\/\/www.rollomatic.ch\/es\/\",\"logo\":{\"@type\":\"ImageObject\",\"inLanguage\":\"es\",\"@id\":\"https:\/\/www.rollomatic.ch\/es\/#\/schema\/logo\/image\/\",\"url\":\"https:\/\/www.rollomatic.ch\/wp-content\/uploads\/logomark_300.png\",\"contentUrl\":\"https:\/\/www.rollomatic.ch\/wp-content\/uploads\/logomark_300.png\",\"width\":300,\"height\":169,\"caption\":\"Rollomatic S.A.\"},\"image\":{\"@id\":\"https:\/\/www.rollomatic.ch\/es\/#\/schema\/logo\/image\/\"},\"sameAs\":[\"https:\/\/www.facebook.com\/rollomatic\/\",\"https:\/\/x.com\/rollomatics\",\"https:\/\/www.linkedin.com\/company\/rollomatic-sa\/\"]}]}<\/script>\n<!-- \/ Yoast SEO plugin. -->","yoast_head_json":{"title":"GrindSmart\u00ae 630XS - Rollomatic","description":"Rectificadora de herramientas de superprecisi\u00f3n de 6 ejes para la fabricaci\u00f3n de herramientas de corte de alto rendimiento y est\u00e1ndar con un rango de di\u00e1metro de \u00d8 0.1 \u2013 16.0 mm (.004\"\u2013 5\/8\")","robots":{"index":"index","follow":"follow","max-snippet":"max-snippet:-1","max-image-preview":"max-image-preview:large","max-video-preview":"max-video-preview:-1"},"canonical":"https:\/\/www.rollomatic.ch\/es\/producto\/grindsmart-630xs\/","og_locale":"es_ES","og_type":"article","og_title":"GrindSmart\u00ae 630XS - Rollomatic","og_description":"Rectificadora de herramientas de superprecisi\u00f3n de 6 ejes para la fabricaci\u00f3n de herramientas de corte de alto rendimiento y est\u00e1ndar con un rango de di\u00e1metro de \u00d8 0.1 \u2013 16.0 mm (.004\"\u2013 5\/8\")","og_url":"https:\/\/www.rollomatic.ch\/es\/producto\/grindsmart-630xs\/","og_site_name":"Rollomatic","article_publisher":"https:\/\/www.facebook.com\/rollomatic\/","article_modified_time":"2025-05-13T12:00:54+00:00","og_image":[{"width":2560,"height":1440,"url":"https:\/\/www.rollomatic.ch\/wp-content\/uploads\/630XS-SHINY_1-1.webp","type":"image\/webp"}],"twitter_card":"summary_large_image","twitter_site":"@rollomatics","twitter_misc":{"Tiempo de lectura":"1 minuto"},"schema":{"@context":"https:\/\/schema.org","@graph":[{"@type":"WebPage","@id":"https:\/\/www.rollomatic.ch\/es\/producto\/grindsmart-630xs\/","url":"https:\/\/www.rollomatic.ch\/es\/producto\/grindsmart-630xs\/","name":"GrindSmart\u00ae 630XS - Rollomatic","isPartOf":{"@id":"https:\/\/www.rollomatic.ch\/es\/#website"},"primaryImageOfPage":{"@id":"https:\/\/www.rollomatic.ch\/es\/producto\/grindsmart-630xs\/#primaryimage"},"image":{"@id":"https:\/\/www.rollomatic.ch\/es\/producto\/grindsmart-630xs\/#primaryimage"},"thumbnailUrl":"https:\/\/www.rollomatic.ch\/wp-content\/uploads\/630XS-SHINY_1-1.webp","datePublished":"2020-12-05T21:20:46+00:00","dateModified":"2025-05-13T12:00:54+00:00","description":"Rectificadora de herramientas de superprecisi\u00f3n de 6 ejes para la fabricaci\u00f3n de herramientas de corte de alto rendimiento y est\u00e1ndar con un rango de di\u00e1metro de \u00d8 0.1 \u2013 16.0 mm (.004\"\u2013 5\/8\")","breadcrumb":{"@id":"https:\/\/www.rollomatic.ch\/es\/producto\/grindsmart-630xs\/#breadcrumb"},"inLanguage":"es","potentialAction":[{"@type":"ReadAction","target":["https:\/\/www.rollomatic.ch\/es\/producto\/grindsmart-630xs\/"]}]},{"@type":"ImageObject","inLanguage":"es","@id":"https:\/\/www.rollomatic.ch\/es\/producto\/grindsmart-630xs\/#primaryimage","url":"https:\/\/www.rollomatic.ch\/wp-content\/uploads\/630XS-SHINY_1-1.webp","contentUrl":"https:\/\/www.rollomatic.ch\/wp-content\/uploads\/630XS-SHINY_1-1.webp","width":2560,"height":1440},{"@type":"BreadcrumbList","@id":"https:\/\/www.rollomatic.ch\/es\/producto\/grindsmart-630xs\/#breadcrumb","itemListElement":[{"@type":"ListItem","position":1,"name":"Home","item":"https:\/\/www.rollomatic.ch\/es\/"},{"@type":"ListItem","position":2,"name":"Cat\u00e1logo","item":"https:\/\/www.rollomatic.ch\/es\/catalogo\/"},{"@type":"ListItem","position":3,"name":"GrindSmart\u00ae 630XS"}]},{"@type":"WebSite","@id":"https:\/\/www.rollomatic.ch\/es\/#website","url":"https:\/\/www.rollomatic.ch\/es\/","name":"Rollomatic","description":"","publisher":{"@id":"https:\/\/www.rollomatic.ch\/es\/#organization"},"potentialAction":[{"@type":"SearchAction","target":{"@type":"EntryPoint","urlTemplate":"https:\/\/www.rollomatic.ch\/es\/?s={search_term_string}"},"query-input":{"@type":"PropertyValueSpecification","valueRequired":true,"valueName":"search_term_string"}}],"inLanguage":"es"},{"@type":"Organization","@id":"https:\/\/www.rollomatic.ch\/es\/#organization","name":"Rollomatic S.A.","url":"https:\/\/www.rollomatic.ch\/es\/","logo":{"@type":"ImageObject","inLanguage":"es","@id":"https:\/\/www.rollomatic.ch\/es\/#\/schema\/logo\/image\/","url":"https:\/\/www.rollomatic.ch\/wp-content\/uploads\/logomark_300.png","contentUrl":"https:\/\/www.rollomatic.ch\/wp-content\/uploads\/logomark_300.png","width":300,"height":169,"caption":"Rollomatic S.A."},"image":{"@id":"https:\/\/www.rollomatic.ch\/es\/#\/schema\/logo\/image\/"},"sameAs":["https:\/\/www.facebook.com\/rollomatic\/","https:\/\/x.com\/rollomatics","https:\/\/www.linkedin.com\/company\/rollomatic-sa\/"]}]}},"_links":{"self":[{"href":"https:\/\/www.rollomatic.ch\/es\/wp-json\/wp\/v2\/product\/32772","targetHints":{"allow":["GET"]}}],"collection":[{"href":"https:\/\/www.rollomatic.ch\/es\/wp-json\/wp\/v2\/product"}],"about":[{"href":"https:\/\/www.rollomatic.ch\/es\/wp-json\/wp\/v2\/types\/product"}],"wp:featuredmedia":[{"embeddable":true,"href":"https:\/\/www.rollomatic.ch\/es\/wp-json\/wp\/v2\/media\/9186"}],"wp:attachment":[{"href":"https:\/\/www.rollomatic.ch\/es\/wp-json\/wp\/v2\/media?parent=32772"}],"wp:term":[{"taxonomy":"industry","embeddable":true,"href":"https:\/\/www.rollomatic.ch\/es\/wp-json\/wp\/v2\/industry?post=32772"},{"taxonomy":"tool-material","embeddable":true,"href":"https:\/\/www.rollomatic.ch\/es\/wp-json\/wp\/v2\/tool-material?post=32772"},{"taxonomy":"tool-range","embeddable":true,"href":"https:\/\/www.rollomatic.ch\/es\/wp-json\/wp\/v2\/tool-range?post=32772"},{"taxonomy":"tool-type","embeddable":true,"href":"https:\/\/www.rollomatic.ch\/es\/wp-json\/wp\/v2\/tool-type?post=32772"},{"taxonomy":"product_brand","embeddable":true,"href":"https:\/\/www.rollomatic.ch\/es\/wp-json\/wp\/v2\/product_brand?post=32772"},{"taxonomy":"product_cat","embeddable":true,"href":"https:\/\/www.rollomatic.ch\/es\/wp-json\/wp\/v2\/product_cat?post=32772"},{"taxonomy":"product_tag","embeddable":true,"href":"https:\/\/www.rollomatic.ch\/es\/wp-json\/wp\/v2\/product_tag?post=32772"}],"curies":[{"name":"wp","href":"https:\/\/api.w.org\/{rel}","templated":true}]}}