{"id":32795,"date":"2020-10-25T15:43:23","date_gmt":"2020-10-25T15:43:23","guid":{"rendered":"https:\/\/www.rollomatic.ch\/product\/grindsmart-830xw\/"},"modified":"2025-05-13T12:01:16","modified_gmt":"2025-05-13T12:01:16","slug":"grindsmart-830xw","status":"publish","type":"product","link":"https:\/\/www.rollomatic.ch\/es\/producto\/grindsmart-830xw\/","title":{"rendered":"GrindSmart\u00ae 830XW"},"content":{"rendered":"<p>GrindSmart\u00ae830XW integra la innovadora combinaci\u00f3n de tecnolog\u00eda hidrost\u00e1tica y motores lineales para producir series grandes y peque\u00f1as con 6 ejes interpolados de forma simult\u00e1nea. Este concepto proporciona un grado excepcionalmente alto de rigidez y amortigua las vibraciones que se producen de forma natural durante el rectificado, lo que aumenta la vida \u00fatil de las muelas y garantiza acabados de superficie y bordes de corte afilados que proporcionan a los usuarios una aut\u00e9ntica ventaja competitiva. La producci\u00f3n automatizada es un proceso adicional que se ha incorporado a esta m\u00e1quina para permitir la fabricaci\u00f3n a largo plazo sin intervenci\u00f3n humana.<\/p>\n","protected":false},"excerpt":{"rendered":"<p>GrindSmart\u00ae830XW integra la innovadora combinaci\u00f3n de tecnolog\u00eda hidrost\u00e1tica y motores lineales para producir series grandes y peque\u00f1as con 6 ejes interpolados de forma simult\u00e1nea. Este concepto proporciona un grado excepcionalmente [&#8230;]\n","protected":false},"featured_media":9202,"template":"","meta":{"_acf_changed":false},"industry":[834,838,835,837],"tool-material":[],"tool-range":[385],"tool-type":[379,380,381,382,423,383,422],"product_brand":[],"product_cat":[818,819,820],"product_tag":[821],"class_list":{"0":"post-32795","1":"product","2":"type-product","3":"status-publish","4":"has-post-thumbnail","6":"industry-aeroespacial","7":"industry-aplicaciones-personalizadas","8":"industry-automotriz-ev","9":"industry-industria-maderera","10":"tool-range-1-32mm","11":"tool-type-boring-bars","12":"tool-type-burs","13":"tool-type-drills","14":"tool-type-end-mill","15":"tool-type-form-tools","16":"tool-type-reamers","17":"tool-type-taps","18":"product_cat-grindsmart-es","19":"product_cat-herramientas-de-corte-cilindrico","20":"product_cat-rectificado-de-herramientas-de-corte","21":"product_tag-rectificado-de-herramientas-de-corte","23":"first","24":"instock","25":"shipping-taxable","26":"product-type-simple"},"acf":[],"yoast_head":"<!-- This site is optimized with the Yoast SEO plugin v27.0 - https:\/\/yoast.com\/product\/yoast-seo-wordpress\/ -->\n<title>GrindSmart\u00ae 830XW - Rollomatic<\/title>\n<meta name=\"description\" content=\"M\u00e1quina de rectificado de herramientas de 6 ejes hidrostaticos y lineales con capacidad de 1 mm a 32 mm (0,04&quot; a 1,1\/4&quot;) de di\u00e1metro. Sin deterioro en el rendimiento y bajos costos de mantenimiento.\" \/>\n<meta name=\"robots\" content=\"index, follow, max-snippet:-1, max-image-preview:large, max-video-preview:-1\" \/>\n<link rel=\"canonical\" href=\"https:\/\/www.rollomatic.ch\/es\/producto\/grindsmart-830xw\/\" \/>\n<meta property=\"og:locale\" content=\"es_ES\" \/>\n<meta property=\"og:type\" content=\"article\" \/>\n<meta property=\"og:title\" content=\"GrindSmart\u00ae 830XW - Rollomatic\" \/>\n<meta property=\"og:description\" content=\"M\u00e1quina de rectificado de herramientas de 6 ejes hidrostaticos y lineales con capacidad de 1 mm a 32 mm (0,04&quot; a 1,1\/4&quot;) de di\u00e1metro. Sin deterioro en el rendimiento y bajos costos de mantenimiento.\" \/>\n<meta property=\"og:url\" content=\"https:\/\/www.rollomatic.ch\/es\/producto\/grindsmart-830xw\/\" \/>\n<meta property=\"og:site_name\" content=\"Rollomatic\" \/>\n<meta property=\"article:publisher\" content=\"https:\/\/www.facebook.com\/rollomatic\/\" \/>\n<meta property=\"article:modified_time\" content=\"2025-05-13T12:01:16+00:00\" \/>\n<meta property=\"og:image\" content=\"https:\/\/www.rollomatic.ch\/wp-content\/uploads\/830XW-SHINY_1-6.webp\" \/>\n\t<meta property=\"og:image:width\" content=\"2560\" \/>\n\t<meta property=\"og:image:height\" content=\"1440\" \/>\n\t<meta property=\"og:image:type\" content=\"image\/webp\" \/>\n<meta name=\"twitter:card\" content=\"summary_large_image\" \/>\n<meta name=\"twitter:site\" content=\"@rollomatics\" \/>\n<meta name=\"twitter:label1\" content=\"Tiempo de lectura\" \/>\n\t<meta name=\"twitter:data1\" content=\"1 minuto\" \/>\n<script type=\"application\/ld+json\" class=\"yoast-schema-graph\">{\"@context\":\"https:\/\/schema.org\",\"@graph\":[{\"@type\":\"WebPage\",\"@id\":\"https:\/\/www.rollomatic.ch\/es\/producto\/grindsmart-830xw\/\",\"url\":\"https:\/\/www.rollomatic.ch\/es\/producto\/grindsmart-830xw\/\",\"name\":\"GrindSmart\u00ae 830XW - Rollomatic\",\"isPartOf\":{\"@id\":\"https:\/\/www.rollomatic.ch\/es\/#website\"},\"primaryImageOfPage\":{\"@id\":\"https:\/\/www.rollomatic.ch\/es\/producto\/grindsmart-830xw\/#primaryimage\"},\"image\":{\"@id\":\"https:\/\/www.rollomatic.ch\/es\/producto\/grindsmart-830xw\/#primaryimage\"},\"thumbnailUrl\":\"https:\/\/www.rollomatic.ch\/wp-content\/uploads\/830XW-SHINY_1-6.webp\",\"datePublished\":\"2020-10-25T15:43:23+00:00\",\"dateModified\":\"2025-05-13T12:01:16+00:00\",\"description\":\"M\u00e1quina de rectificado de herramientas de 6 ejes hidrostaticos y lineales con capacidad de 1 mm a 32 mm (0,04\\\" a 1,1\/4\\\") de di\u00e1metro. Sin deterioro en el rendimiento y bajos costos de mantenimiento.\",\"breadcrumb\":{\"@id\":\"https:\/\/www.rollomatic.ch\/es\/producto\/grindsmart-830xw\/#breadcrumb\"},\"inLanguage\":\"es\",\"potentialAction\":[{\"@type\":\"ReadAction\",\"target\":[\"https:\/\/www.rollomatic.ch\/es\/producto\/grindsmart-830xw\/\"]}]},{\"@type\":\"ImageObject\",\"inLanguage\":\"es\",\"@id\":\"https:\/\/www.rollomatic.ch\/es\/producto\/grindsmart-830xw\/#primaryimage\",\"url\":\"https:\/\/www.rollomatic.ch\/wp-content\/uploads\/830XW-SHINY_1-6.webp\",\"contentUrl\":\"https:\/\/www.rollomatic.ch\/wp-content\/uploads\/830XW-SHINY_1-6.webp\",\"width\":2560,\"height\":1440},{\"@type\":\"BreadcrumbList\",\"@id\":\"https:\/\/www.rollomatic.ch\/es\/producto\/grindsmart-830xw\/#breadcrumb\",\"itemListElement\":[{\"@type\":\"ListItem\",\"position\":1,\"name\":\"Home\",\"item\":\"https:\/\/www.rollomatic.ch\/es\/\"},{\"@type\":\"ListItem\",\"position\":2,\"name\":\"Cat\u00e1logo\",\"item\":\"https:\/\/www.rollomatic.ch\/es\/catalogo\/\"},{\"@type\":\"ListItem\",\"position\":3,\"name\":\"GrindSmart\u00ae 830XW\"}]},{\"@type\":\"WebSite\",\"@id\":\"https:\/\/www.rollomatic.ch\/es\/#website\",\"url\":\"https:\/\/www.rollomatic.ch\/es\/\",\"name\":\"Rollomatic\",\"description\":\"\",\"publisher\":{\"@id\":\"https:\/\/www.rollomatic.ch\/es\/#organization\"},\"potentialAction\":[{\"@type\":\"SearchAction\",\"target\":{\"@type\":\"EntryPoint\",\"urlTemplate\":\"https:\/\/www.rollomatic.ch\/es\/?s={search_term_string}\"},\"query-input\":{\"@type\":\"PropertyValueSpecification\",\"valueRequired\":true,\"valueName\":\"search_term_string\"}}],\"inLanguage\":\"es\"},{\"@type\":\"Organization\",\"@id\":\"https:\/\/www.rollomatic.ch\/es\/#organization\",\"name\":\"Rollomatic S.A.\",\"url\":\"https:\/\/www.rollomatic.ch\/es\/\",\"logo\":{\"@type\":\"ImageObject\",\"inLanguage\":\"es\",\"@id\":\"https:\/\/www.rollomatic.ch\/es\/#\/schema\/logo\/image\/\",\"url\":\"https:\/\/www.rollomatic.ch\/wp-content\/uploads\/logomark_300.png\",\"contentUrl\":\"https:\/\/www.rollomatic.ch\/wp-content\/uploads\/logomark_300.png\",\"width\":300,\"height\":169,\"caption\":\"Rollomatic S.A.\"},\"image\":{\"@id\":\"https:\/\/www.rollomatic.ch\/es\/#\/schema\/logo\/image\/\"},\"sameAs\":[\"https:\/\/www.facebook.com\/rollomatic\/\",\"https:\/\/x.com\/rollomatics\",\"https:\/\/www.linkedin.com\/company\/rollomatic-sa\/\"]}]}<\/script>\n<!-- \/ Yoast SEO plugin. -->","yoast_head_json":{"title":"GrindSmart\u00ae 830XW - Rollomatic","description":"M\u00e1quina de rectificado de herramientas de 6 ejes hidrostaticos y lineales con capacidad de 1 mm a 32 mm (0,04\" a 1,1\/4\") de di\u00e1metro. Sin deterioro en el rendimiento y bajos costos de mantenimiento.","robots":{"index":"index","follow":"follow","max-snippet":"max-snippet:-1","max-image-preview":"max-image-preview:large","max-video-preview":"max-video-preview:-1"},"canonical":"https:\/\/www.rollomatic.ch\/es\/producto\/grindsmart-830xw\/","og_locale":"es_ES","og_type":"article","og_title":"GrindSmart\u00ae 830XW - Rollomatic","og_description":"M\u00e1quina de rectificado de herramientas de 6 ejes hidrostaticos y lineales con capacidad de 1 mm a 32 mm (0,04\" a 1,1\/4\") de di\u00e1metro. Sin deterioro en el rendimiento y bajos costos de mantenimiento.","og_url":"https:\/\/www.rollomatic.ch\/es\/producto\/grindsmart-830xw\/","og_site_name":"Rollomatic","article_publisher":"https:\/\/www.facebook.com\/rollomatic\/","article_modified_time":"2025-05-13T12:01:16+00:00","og_image":[{"width":2560,"height":1440,"url":"https:\/\/www.rollomatic.ch\/wp-content\/uploads\/830XW-SHINY_1-6.webp","type":"image\/webp"}],"twitter_card":"summary_large_image","twitter_site":"@rollomatics","twitter_misc":{"Tiempo de lectura":"1 minuto"},"schema":{"@context":"https:\/\/schema.org","@graph":[{"@type":"WebPage","@id":"https:\/\/www.rollomatic.ch\/es\/producto\/grindsmart-830xw\/","url":"https:\/\/www.rollomatic.ch\/es\/producto\/grindsmart-830xw\/","name":"GrindSmart\u00ae 830XW - Rollomatic","isPartOf":{"@id":"https:\/\/www.rollomatic.ch\/es\/#website"},"primaryImageOfPage":{"@id":"https:\/\/www.rollomatic.ch\/es\/producto\/grindsmart-830xw\/#primaryimage"},"image":{"@id":"https:\/\/www.rollomatic.ch\/es\/producto\/grindsmart-830xw\/#primaryimage"},"thumbnailUrl":"https:\/\/www.rollomatic.ch\/wp-content\/uploads\/830XW-SHINY_1-6.webp","datePublished":"2020-10-25T15:43:23+00:00","dateModified":"2025-05-13T12:01:16+00:00","description":"M\u00e1quina de rectificado de herramientas de 6 ejes hidrostaticos y lineales con capacidad de 1 mm a 32 mm (0,04\" a 1,1\/4\") de di\u00e1metro. Sin deterioro en el rendimiento y bajos costos de mantenimiento.","breadcrumb":{"@id":"https:\/\/www.rollomatic.ch\/es\/producto\/grindsmart-830xw\/#breadcrumb"},"inLanguage":"es","potentialAction":[{"@type":"ReadAction","target":["https:\/\/www.rollomatic.ch\/es\/producto\/grindsmart-830xw\/"]}]},{"@type":"ImageObject","inLanguage":"es","@id":"https:\/\/www.rollomatic.ch\/es\/producto\/grindsmart-830xw\/#primaryimage","url":"https:\/\/www.rollomatic.ch\/wp-content\/uploads\/830XW-SHINY_1-6.webp","contentUrl":"https:\/\/www.rollomatic.ch\/wp-content\/uploads\/830XW-SHINY_1-6.webp","width":2560,"height":1440},{"@type":"BreadcrumbList","@id":"https:\/\/www.rollomatic.ch\/es\/producto\/grindsmart-830xw\/#breadcrumb","itemListElement":[{"@type":"ListItem","position":1,"name":"Home","item":"https:\/\/www.rollomatic.ch\/es\/"},{"@type":"ListItem","position":2,"name":"Cat\u00e1logo","item":"https:\/\/www.rollomatic.ch\/es\/catalogo\/"},{"@type":"ListItem","position":3,"name":"GrindSmart\u00ae 830XW"}]},{"@type":"WebSite","@id":"https:\/\/www.rollomatic.ch\/es\/#website","url":"https:\/\/www.rollomatic.ch\/es\/","name":"Rollomatic","description":"","publisher":{"@id":"https:\/\/www.rollomatic.ch\/es\/#organization"},"potentialAction":[{"@type":"SearchAction","target":{"@type":"EntryPoint","urlTemplate":"https:\/\/www.rollomatic.ch\/es\/?s={search_term_string}"},"query-input":{"@type":"PropertyValueSpecification","valueRequired":true,"valueName":"search_term_string"}}],"inLanguage":"es"},{"@type":"Organization","@id":"https:\/\/www.rollomatic.ch\/es\/#organization","name":"Rollomatic S.A.","url":"https:\/\/www.rollomatic.ch\/es\/","logo":{"@type":"ImageObject","inLanguage":"es","@id":"https:\/\/www.rollomatic.ch\/es\/#\/schema\/logo\/image\/","url":"https:\/\/www.rollomatic.ch\/wp-content\/uploads\/logomark_300.png","contentUrl":"https:\/\/www.rollomatic.ch\/wp-content\/uploads\/logomark_300.png","width":300,"height":169,"caption":"Rollomatic S.A."},"image":{"@id":"https:\/\/www.rollomatic.ch\/es\/#\/schema\/logo\/image\/"},"sameAs":["https:\/\/www.facebook.com\/rollomatic\/","https:\/\/x.com\/rollomatics","https:\/\/www.linkedin.com\/company\/rollomatic-sa\/"]}]}},"_links":{"self":[{"href":"https:\/\/www.rollomatic.ch\/es\/wp-json\/wp\/v2\/product\/32795","targetHints":{"allow":["GET"]}}],"collection":[{"href":"https:\/\/www.rollomatic.ch\/es\/wp-json\/wp\/v2\/product"}],"about":[{"href":"https:\/\/www.rollomatic.ch\/es\/wp-json\/wp\/v2\/types\/product"}],"wp:featuredmedia":[{"embeddable":true,"href":"https:\/\/www.rollomatic.ch\/es\/wp-json\/wp\/v2\/media\/9202"}],"wp:attachment":[{"href":"https:\/\/www.rollomatic.ch\/es\/wp-json\/wp\/v2\/media?parent=32795"}],"wp:term":[{"taxonomy":"industry","embeddable":true,"href":"https:\/\/www.rollomatic.ch\/es\/wp-json\/wp\/v2\/industry?post=32795"},{"taxonomy":"tool-material","embeddable":true,"href":"https:\/\/www.rollomatic.ch\/es\/wp-json\/wp\/v2\/tool-material?post=32795"},{"taxonomy":"tool-range","embeddable":true,"href":"https:\/\/www.rollomatic.ch\/es\/wp-json\/wp\/v2\/tool-range?post=32795"},{"taxonomy":"tool-type","embeddable":true,"href":"https:\/\/www.rollomatic.ch\/es\/wp-json\/wp\/v2\/tool-type?post=32795"},{"taxonomy":"product_brand","embeddable":true,"href":"https:\/\/www.rollomatic.ch\/es\/wp-json\/wp\/v2\/product_brand?post=32795"},{"taxonomy":"product_cat","embeddable":true,"href":"https:\/\/www.rollomatic.ch\/es\/wp-json\/wp\/v2\/product_cat?post=32795"},{"taxonomy":"product_tag","embeddable":true,"href":"https:\/\/www.rollomatic.ch\/es\/wp-json\/wp\/v2\/product_tag?post=32795"}],"curies":[{"name":"wp","href":"https:\/\/api.w.org\/{rel}","templated":true}]}}