{"id":32806,"date":"2020-12-18T16:28:21","date_gmt":"2020-12-18T16:28:21","guid":{"rendered":"https:\/\/www.rollomatic.ch\/product\/grindsmart-660xw\/"},"modified":"2025-05-13T12:00:48","modified_gmt":"2025-05-13T12:00:48","slug":"grindsmart-660xw","status":"publish","type":"product","link":"https:\/\/www.rollomatic.ch\/es\/producto\/grindsmart-660xw\/","title":{"rendered":"GrindSmart\u00ae 660XW"},"content":{"rendered":"<p>GrindSmart\u00ae660XW se ha dise\u00f1ado para aplicaciones de herramientas de corte rotativas de di\u00e1metros comprendidos entre 0,1 y 12,7 mm en un dise\u00f1o compacto excelente que incluye un cargador de herramientas de gran capacidad y un cambiador de muelas de alta velocidad con 6 posiciones de paquete de muelas.<\/p>\n<p>La m\u00e1quina incorpora lo \u00faltimo en tecnolog\u00eda de motores lineales y de par en cada eje, as\u00ed como un motor de husillo s\u00edncrono de 14 kW.<\/p>\n<p>Todos estos componentes se refrigeran con el mismo aceite refrigerante, lo que proporciona una estabilidad t\u00e9rmica perfecta, precisi\u00f3n insuperable en la producci\u00f3n y un acabado de superficie extremadamente bueno en las herramientas.<\/p>\n","protected":false},"excerpt":{"rendered":"<p>GrindSmart\u00ae660XW se ha dise\u00f1ado para aplicaciones de herramientas de corte rotativas de di\u00e1metros comprendidos entre 0,1 y 12,7 mm en un dise\u00f1o compacto excelente que incluye un cargador de herramientas [&#8230;]\n","protected":false},"featured_media":9198,"template":"","meta":{"_acf_changed":false},"industry":[833,840,839,836],"tool-material":[],"tool-range":[378],"tool-type":[379,380,381,382,383],"product_brand":[],"product_cat":[818,819,820],"product_tag":[821],"class_list":{"0":"post-32806","1":"product","2":"type-product","3":"status-publish","4":"has-post-thumbnail","6":"industry-dental-es","7":"industry-industria-electronica-3c","8":"industry-microtecnologias","9":"industry-moldeo-por-inyeccion","10":"tool-range-0-1-12-7mm","11":"tool-type-boring-bars","12":"tool-type-burs","13":"tool-type-drills","14":"tool-type-end-mill","15":"tool-type-reamers","16":"product_cat-grindsmart-es","17":"product_cat-herramientas-de-corte-cilindrico","18":"product_cat-rectificado-de-herramientas-de-corte","19":"product_tag-rectificado-de-herramientas-de-corte","21":"first","22":"instock","23":"shipping-taxable","24":"product-type-simple"},"acf":[],"yoast_head":"<!-- This site is optimized with the Yoast SEO plugin v27.0 - https:\/\/yoast.com\/product\/yoast-seo-wordpress\/ -->\n<title>GrindSmart\u00ae 660XW - Rollomatic<\/title>\n<meta name=\"description\" content=\"M\u00e1quina de esmerilado y pelado h\u00edbrida de 6 ejes, con capacidad desde 0,1 mm hasta 12,7 mm (.004\u201d \u2013 \u00bd\u201d) de di\u00e1metro. Cabezal \u00fanico montado en un eje lineal CNC.\" \/>\n<meta name=\"robots\" content=\"index, follow, max-snippet:-1, max-image-preview:large, max-video-preview:-1\" \/>\n<link rel=\"canonical\" href=\"https:\/\/www.rollomatic.ch\/es\/producto\/grindsmart-660xw\/\" \/>\n<meta property=\"og:locale\" content=\"es_ES\" \/>\n<meta property=\"og:type\" content=\"article\" \/>\n<meta property=\"og:title\" content=\"GrindSmart\u00ae 660XW - Rollomatic\" \/>\n<meta property=\"og:description\" content=\"M\u00e1quina de esmerilado y pelado h\u00edbrida de 6 ejes, con capacidad desde 0,1 mm hasta 12,7 mm (.004\u201d \u2013 \u00bd\u201d) de di\u00e1metro. Cabezal \u00fanico montado en un eje lineal CNC.\" \/>\n<meta property=\"og:url\" content=\"https:\/\/www.rollomatic.ch\/es\/producto\/grindsmart-660xw\/\" \/>\n<meta property=\"og:site_name\" content=\"Rollomatic\" \/>\n<meta property=\"article:publisher\" content=\"https:\/\/www.facebook.com\/rollomatic\/\" \/>\n<meta property=\"article:modified_time\" content=\"2025-05-13T12:00:48+00:00\" \/>\n<meta property=\"og:image\" content=\"https:\/\/www.rollomatic.ch\/wp-content\/uploads\/660XW-SHINY_1-1.webp\" \/>\n\t<meta property=\"og:image:width\" content=\"2560\" \/>\n\t<meta property=\"og:image:height\" content=\"1440\" \/>\n\t<meta property=\"og:image:type\" content=\"image\/webp\" \/>\n<meta name=\"twitter:card\" content=\"summary_large_image\" \/>\n<meta name=\"twitter:site\" content=\"@rollomatics\" \/>\n<meta name=\"twitter:label1\" content=\"Tiempo de lectura\" \/>\n\t<meta name=\"twitter:data1\" content=\"1 minuto\" \/>\n<script type=\"application\/ld+json\" class=\"yoast-schema-graph\">{\"@context\":\"https:\/\/schema.org\",\"@graph\":[{\"@type\":\"WebPage\",\"@id\":\"https:\/\/www.rollomatic.ch\/es\/producto\/grindsmart-660xw\/\",\"url\":\"https:\/\/www.rollomatic.ch\/es\/producto\/grindsmart-660xw\/\",\"name\":\"GrindSmart\u00ae 660XW - Rollomatic\",\"isPartOf\":{\"@id\":\"https:\/\/www.rollomatic.ch\/es\/#website\"},\"primaryImageOfPage\":{\"@id\":\"https:\/\/www.rollomatic.ch\/es\/producto\/grindsmart-660xw\/#primaryimage\"},\"image\":{\"@id\":\"https:\/\/www.rollomatic.ch\/es\/producto\/grindsmart-660xw\/#primaryimage\"},\"thumbnailUrl\":\"https:\/\/www.rollomatic.ch\/wp-content\/uploads\/660XW-SHINY_1-1.webp\",\"datePublished\":\"2020-12-18T16:28:21+00:00\",\"dateModified\":\"2025-05-13T12:00:48+00:00\",\"description\":\"M\u00e1quina de esmerilado y pelado h\u00edbrida de 6 ejes, con capacidad desde 0,1 mm hasta 12,7 mm (.004\u201d \u2013 \u00bd\u201d) de di\u00e1metro. Cabezal \u00fanico montado en un eje lineal CNC.\",\"breadcrumb\":{\"@id\":\"https:\/\/www.rollomatic.ch\/es\/producto\/grindsmart-660xw\/#breadcrumb\"},\"inLanguage\":\"es\",\"potentialAction\":[{\"@type\":\"ReadAction\",\"target\":[\"https:\/\/www.rollomatic.ch\/es\/producto\/grindsmart-660xw\/\"]}]},{\"@type\":\"ImageObject\",\"inLanguage\":\"es\",\"@id\":\"https:\/\/www.rollomatic.ch\/es\/producto\/grindsmart-660xw\/#primaryimage\",\"url\":\"https:\/\/www.rollomatic.ch\/wp-content\/uploads\/660XW-SHINY_1-1.webp\",\"contentUrl\":\"https:\/\/www.rollomatic.ch\/wp-content\/uploads\/660XW-SHINY_1-1.webp\",\"width\":2560,\"height\":1440},{\"@type\":\"BreadcrumbList\",\"@id\":\"https:\/\/www.rollomatic.ch\/es\/producto\/grindsmart-660xw\/#breadcrumb\",\"itemListElement\":[{\"@type\":\"ListItem\",\"position\":1,\"name\":\"Home\",\"item\":\"https:\/\/www.rollomatic.ch\/es\/\"},{\"@type\":\"ListItem\",\"position\":2,\"name\":\"Cat\u00e1logo\",\"item\":\"https:\/\/www.rollomatic.ch\/es\/catalogo\/\"},{\"@type\":\"ListItem\",\"position\":3,\"name\":\"GrindSmart\u00ae 660XW\"}]},{\"@type\":\"WebSite\",\"@id\":\"https:\/\/www.rollomatic.ch\/es\/#website\",\"url\":\"https:\/\/www.rollomatic.ch\/es\/\",\"name\":\"Rollomatic\",\"description\":\"\",\"publisher\":{\"@id\":\"https:\/\/www.rollomatic.ch\/es\/#organization\"},\"potentialAction\":[{\"@type\":\"SearchAction\",\"target\":{\"@type\":\"EntryPoint\",\"urlTemplate\":\"https:\/\/www.rollomatic.ch\/es\/?s={search_term_string}\"},\"query-input\":{\"@type\":\"PropertyValueSpecification\",\"valueRequired\":true,\"valueName\":\"search_term_string\"}}],\"inLanguage\":\"es\"},{\"@type\":\"Organization\",\"@id\":\"https:\/\/www.rollomatic.ch\/es\/#organization\",\"name\":\"Rollomatic S.A.\",\"url\":\"https:\/\/www.rollomatic.ch\/es\/\",\"logo\":{\"@type\":\"ImageObject\",\"inLanguage\":\"es\",\"@id\":\"https:\/\/www.rollomatic.ch\/es\/#\/schema\/logo\/image\/\",\"url\":\"https:\/\/www.rollomatic.ch\/wp-content\/uploads\/logomark_300.png\",\"contentUrl\":\"https:\/\/www.rollomatic.ch\/wp-content\/uploads\/logomark_300.png\",\"width\":300,\"height\":169,\"caption\":\"Rollomatic S.A.\"},\"image\":{\"@id\":\"https:\/\/www.rollomatic.ch\/es\/#\/schema\/logo\/image\/\"},\"sameAs\":[\"https:\/\/www.facebook.com\/rollomatic\/\",\"https:\/\/x.com\/rollomatics\",\"https:\/\/www.linkedin.com\/company\/rollomatic-sa\/\"]}]}<\/script>\n<!-- \/ Yoast SEO plugin. -->","yoast_head_json":{"title":"GrindSmart\u00ae 660XW - Rollomatic","description":"M\u00e1quina de esmerilado y pelado h\u00edbrida de 6 ejes, con capacidad desde 0,1 mm hasta 12,7 mm (.004\u201d \u2013 \u00bd\u201d) de di\u00e1metro. Cabezal \u00fanico montado en un eje lineal CNC.","robots":{"index":"index","follow":"follow","max-snippet":"max-snippet:-1","max-image-preview":"max-image-preview:large","max-video-preview":"max-video-preview:-1"},"canonical":"https:\/\/www.rollomatic.ch\/es\/producto\/grindsmart-660xw\/","og_locale":"es_ES","og_type":"article","og_title":"GrindSmart\u00ae 660XW - Rollomatic","og_description":"M\u00e1quina de esmerilado y pelado h\u00edbrida de 6 ejes, con capacidad desde 0,1 mm hasta 12,7 mm (.004\u201d \u2013 \u00bd\u201d) de di\u00e1metro. Cabezal \u00fanico montado en un eje lineal CNC.","og_url":"https:\/\/www.rollomatic.ch\/es\/producto\/grindsmart-660xw\/","og_site_name":"Rollomatic","article_publisher":"https:\/\/www.facebook.com\/rollomatic\/","article_modified_time":"2025-05-13T12:00:48+00:00","og_image":[{"width":2560,"height":1440,"url":"https:\/\/www.rollomatic.ch\/wp-content\/uploads\/660XW-SHINY_1-1.webp","type":"image\/webp"}],"twitter_card":"summary_large_image","twitter_site":"@rollomatics","twitter_misc":{"Tiempo de lectura":"1 minuto"},"schema":{"@context":"https:\/\/schema.org","@graph":[{"@type":"WebPage","@id":"https:\/\/www.rollomatic.ch\/es\/producto\/grindsmart-660xw\/","url":"https:\/\/www.rollomatic.ch\/es\/producto\/grindsmart-660xw\/","name":"GrindSmart\u00ae 660XW - Rollomatic","isPartOf":{"@id":"https:\/\/www.rollomatic.ch\/es\/#website"},"primaryImageOfPage":{"@id":"https:\/\/www.rollomatic.ch\/es\/producto\/grindsmart-660xw\/#primaryimage"},"image":{"@id":"https:\/\/www.rollomatic.ch\/es\/producto\/grindsmart-660xw\/#primaryimage"},"thumbnailUrl":"https:\/\/www.rollomatic.ch\/wp-content\/uploads\/660XW-SHINY_1-1.webp","datePublished":"2020-12-18T16:28:21+00:00","dateModified":"2025-05-13T12:00:48+00:00","description":"M\u00e1quina de esmerilado y pelado h\u00edbrida de 6 ejes, con capacidad desde 0,1 mm hasta 12,7 mm (.004\u201d \u2013 \u00bd\u201d) de di\u00e1metro. Cabezal \u00fanico montado en un eje lineal CNC.","breadcrumb":{"@id":"https:\/\/www.rollomatic.ch\/es\/producto\/grindsmart-660xw\/#breadcrumb"},"inLanguage":"es","potentialAction":[{"@type":"ReadAction","target":["https:\/\/www.rollomatic.ch\/es\/producto\/grindsmart-660xw\/"]}]},{"@type":"ImageObject","inLanguage":"es","@id":"https:\/\/www.rollomatic.ch\/es\/producto\/grindsmart-660xw\/#primaryimage","url":"https:\/\/www.rollomatic.ch\/wp-content\/uploads\/660XW-SHINY_1-1.webp","contentUrl":"https:\/\/www.rollomatic.ch\/wp-content\/uploads\/660XW-SHINY_1-1.webp","width":2560,"height":1440},{"@type":"BreadcrumbList","@id":"https:\/\/www.rollomatic.ch\/es\/producto\/grindsmart-660xw\/#breadcrumb","itemListElement":[{"@type":"ListItem","position":1,"name":"Home","item":"https:\/\/www.rollomatic.ch\/es\/"},{"@type":"ListItem","position":2,"name":"Cat\u00e1logo","item":"https:\/\/www.rollomatic.ch\/es\/catalogo\/"},{"@type":"ListItem","position":3,"name":"GrindSmart\u00ae 660XW"}]},{"@type":"WebSite","@id":"https:\/\/www.rollomatic.ch\/es\/#website","url":"https:\/\/www.rollomatic.ch\/es\/","name":"Rollomatic","description":"","publisher":{"@id":"https:\/\/www.rollomatic.ch\/es\/#organization"},"potentialAction":[{"@type":"SearchAction","target":{"@type":"EntryPoint","urlTemplate":"https:\/\/www.rollomatic.ch\/es\/?s={search_term_string}"},"query-input":{"@type":"PropertyValueSpecification","valueRequired":true,"valueName":"search_term_string"}}],"inLanguage":"es"},{"@type":"Organization","@id":"https:\/\/www.rollomatic.ch\/es\/#organization","name":"Rollomatic S.A.","url":"https:\/\/www.rollomatic.ch\/es\/","logo":{"@type":"ImageObject","inLanguage":"es","@id":"https:\/\/www.rollomatic.ch\/es\/#\/schema\/logo\/image\/","url":"https:\/\/www.rollomatic.ch\/wp-content\/uploads\/logomark_300.png","contentUrl":"https:\/\/www.rollomatic.ch\/wp-content\/uploads\/logomark_300.png","width":300,"height":169,"caption":"Rollomatic S.A."},"image":{"@id":"https:\/\/www.rollomatic.ch\/es\/#\/schema\/logo\/image\/"},"sameAs":["https:\/\/www.facebook.com\/rollomatic\/","https:\/\/x.com\/rollomatics","https:\/\/www.linkedin.com\/company\/rollomatic-sa\/"]}]}},"_links":{"self":[{"href":"https:\/\/www.rollomatic.ch\/es\/wp-json\/wp\/v2\/product\/32806","targetHints":{"allow":["GET"]}}],"collection":[{"href":"https:\/\/www.rollomatic.ch\/es\/wp-json\/wp\/v2\/product"}],"about":[{"href":"https:\/\/www.rollomatic.ch\/es\/wp-json\/wp\/v2\/types\/product"}],"wp:featuredmedia":[{"embeddable":true,"href":"https:\/\/www.rollomatic.ch\/es\/wp-json\/wp\/v2\/media\/9198"}],"wp:attachment":[{"href":"https:\/\/www.rollomatic.ch\/es\/wp-json\/wp\/v2\/media?parent=32806"}],"wp:term":[{"taxonomy":"industry","embeddable":true,"href":"https:\/\/www.rollomatic.ch\/es\/wp-json\/wp\/v2\/industry?post=32806"},{"taxonomy":"tool-material","embeddable":true,"href":"https:\/\/www.rollomatic.ch\/es\/wp-json\/wp\/v2\/tool-material?post=32806"},{"taxonomy":"tool-range","embeddable":true,"href":"https:\/\/www.rollomatic.ch\/es\/wp-json\/wp\/v2\/tool-range?post=32806"},{"taxonomy":"tool-type","embeddable":true,"href":"https:\/\/www.rollomatic.ch\/es\/wp-json\/wp\/v2\/tool-type?post=32806"},{"taxonomy":"product_brand","embeddable":true,"href":"https:\/\/www.rollomatic.ch\/es\/wp-json\/wp\/v2\/product_brand?post=32806"},{"taxonomy":"product_cat","embeddable":true,"href":"https:\/\/www.rollomatic.ch\/es\/wp-json\/wp\/v2\/product_cat?post=32806"},{"taxonomy":"product_tag","embeddable":true,"href":"https:\/\/www.rollomatic.ch\/es\/wp-json\/wp\/v2\/product_tag?post=32806"}],"curies":[{"name":"wp","href":"https:\/\/api.w.org\/{rel}","templated":true}]}}