{"id":32819,"date":"2020-08-10T19:39:47","date_gmt":"2020-08-10T19:39:47","guid":{"rendered":"https:\/\/www.rollomatic.ch\/product\/shapesmartnp30\/"},"modified":"2025-05-13T12:01:34","modified_gmt":"2025-05-13T12:01:34","slug":"shapesmartnp30","status":"publish","type":"product","link":"https:\/\/www.rollomatic.ch\/es\/producto\/shapesmartnp30\/","title":{"rendered":"ShapeSmart\u00aeNP30"},"content":{"rendered":"<p>El ShapeSmart\u00aeNP30 est\u00e1 dise\u00f1ado para fabricantes de herramientas que buscan una m\u00e1quina con el mejor valor en calidad, fiabilidad, precio y rendimiento.<\/p>\n<p>Con 4 ejes CNC y basado en el m\u00e9todo de rectificado por pelado con el uso simult\u00e1neo de una rueda de desbaste y una de acabado, el ShapeSmart\u00aeNP30 es una m\u00e1quina de precisi\u00f3n para el rectificado por puz\u00f3n y pelado, dise\u00f1ada para la preparaci\u00f3n de barrenas de herramientas de corte como fresas, brocas y otras herramientas cil\u00edndricas escalonadas, cubriendo un rango de di\u00e1metros entre \u00d8 0,025 y \u00d8 25,0 mm.<\/p>\n","protected":false},"excerpt":{"rendered":"<p>El ShapeSmart\u00aeNP30 est\u00e1 dise\u00f1ado para fabricantes de herramientas que buscan una m\u00e1quina con el mejor valor en calidad, fiabilidad, precio y rendimiento. Con 4 ejes CNC y basado en el [&#8230;]\n","protected":false},"featured_media":9221,"template":"","meta":{"_acf_changed":false},"industry":[887],"tool-material":[],"tool-range":[419],"tool-type":[389],"product_brand":[],"product_cat":[888,889,890],"product_tag":[891],"class_list":{"0":"post-32819","1":"product","2":"type-product","3":"status-publish","4":"has-post-thumbnail","6":"industry-punzones","7":"tool-range-0-025-25mm","8":"tool-type-cylindrical-round-applications","9":"product_cat-shapesmart-es","10":"product_cat-rectificado-cilindrico-y-punzonado","11":"product_cat-rectificado-cilindrico","12":"product_tag-rectificado-cilindrico","14":"first","15":"instock","16":"shipping-taxable","17":"product-type-simple"},"acf":[],"yoast_head":"<!-- This site is optimized with the Yoast SEO plugin v27.0 - https:\/\/yoast.com\/product\/yoast-seo-wordpress\/ -->\n<title>ShapeSmart NP30 | Rectificado de Pinza y Pelado de 4 Ejes | Rollomatic USA<\/title>\n<meta name=\"description\" content=\"M\u00e1quina de rectificado por pinzas y pelado de 4 ejes con una capacidad de 0,02 mm a 25,4 mm (.0008\u201d a 1\u201d) para bancos de herramientas redondas, punzones y componentes.\" \/>\n<meta name=\"robots\" content=\"index, follow, max-snippet:-1, max-image-preview:large, max-video-preview:-1\" \/>\n<link rel=\"canonical\" href=\"https:\/\/www.rollomatic.ch\/es\/producto\/shapesmartnp30\/\" \/>\n<meta property=\"og:locale\" content=\"es_ES\" \/>\n<meta property=\"og:type\" content=\"article\" \/>\n<meta property=\"og:title\" content=\"ShapeSmart NP30 | Rectificado de Pinza y Pelado de 4 Ejes | Rollomatic USA\" \/>\n<meta property=\"og:description\" content=\"M\u00e1quina de rectificado por pinzas y pelado de 4 ejes con una capacidad de 0,02 mm a 25,4 mm (.0008\u201d a 1\u201d) para bancos de herramientas redondas, punzones y componentes.\" \/>\n<meta property=\"og:url\" content=\"https:\/\/www.rollomatic.ch\/es\/producto\/shapesmartnp30\/\" \/>\n<meta property=\"og:site_name\" content=\"Rollomatic\" \/>\n<meta property=\"article:publisher\" content=\"https:\/\/www.facebook.com\/rollomatic\/\" \/>\n<meta property=\"article:modified_time\" content=\"2025-05-13T12:01:34+00:00\" \/>\n<meta property=\"og:image\" content=\"https:\/\/www.rollomatic.ch\/wp-content\/uploads\/NP30-SHINY_1-1.webp\" \/>\n\t<meta property=\"og:image:width\" content=\"2560\" \/>\n\t<meta property=\"og:image:height\" content=\"1440\" \/>\n\t<meta property=\"og:image:type\" content=\"image\/webp\" \/>\n<meta name=\"twitter:card\" content=\"summary_large_image\" \/>\n<meta name=\"twitter:site\" content=\"@rollomatics\" \/>\n<meta name=\"twitter:label1\" content=\"Tiempo de lectura\" \/>\n\t<meta name=\"twitter:data1\" content=\"1 minuto\" \/>\n<script type=\"application\/ld+json\" class=\"yoast-schema-graph\">{\"@context\":\"https:\/\/schema.org\",\"@graph\":[{\"@type\":\"WebPage\",\"@id\":\"https:\/\/www.rollomatic.ch\/es\/producto\/shapesmartnp30\/\",\"url\":\"https:\/\/www.rollomatic.ch\/es\/producto\/shapesmartnp30\/\",\"name\":\"ShapeSmart NP30 | Rectificado de Pinza y Pelado de 4 Ejes | Rollomatic USA\",\"isPartOf\":{\"@id\":\"https:\/\/www.rollomatic.ch\/es\/#website\"},\"primaryImageOfPage\":{\"@id\":\"https:\/\/www.rollomatic.ch\/es\/producto\/shapesmartnp30\/#primaryimage\"},\"image\":{\"@id\":\"https:\/\/www.rollomatic.ch\/es\/producto\/shapesmartnp30\/#primaryimage\"},\"thumbnailUrl\":\"https:\/\/www.rollomatic.ch\/wp-content\/uploads\/NP30-SHINY_1-1.webp\",\"datePublished\":\"2020-08-10T19:39:47+00:00\",\"dateModified\":\"2025-05-13T12:01:34+00:00\",\"description\":\"M\u00e1quina de rectificado por pinzas y pelado de 4 ejes con una capacidad de 0,02 mm a 25,4 mm (.0008\u201d a 1\u201d) para bancos de herramientas redondas, punzones y componentes.\",\"breadcrumb\":{\"@id\":\"https:\/\/www.rollomatic.ch\/es\/producto\/shapesmartnp30\/#breadcrumb\"},\"inLanguage\":\"es\",\"potentialAction\":[{\"@type\":\"ReadAction\",\"target\":[\"https:\/\/www.rollomatic.ch\/es\/producto\/shapesmartnp30\/\"]}]},{\"@type\":\"ImageObject\",\"inLanguage\":\"es\",\"@id\":\"https:\/\/www.rollomatic.ch\/es\/producto\/shapesmartnp30\/#primaryimage\",\"url\":\"https:\/\/www.rollomatic.ch\/wp-content\/uploads\/NP30-SHINY_1-1.webp\",\"contentUrl\":\"https:\/\/www.rollomatic.ch\/wp-content\/uploads\/NP30-SHINY_1-1.webp\",\"width\":2560,\"height\":1440},{\"@type\":\"BreadcrumbList\",\"@id\":\"https:\/\/www.rollomatic.ch\/es\/producto\/shapesmartnp30\/#breadcrumb\",\"itemListElement\":[{\"@type\":\"ListItem\",\"position\":1,\"name\":\"Home\",\"item\":\"https:\/\/www.rollomatic.ch\/es\/\"},{\"@type\":\"ListItem\",\"position\":2,\"name\":\"Cat\u00e1logo\",\"item\":\"https:\/\/www.rollomatic.ch\/es\/catalogo\/\"},{\"@type\":\"ListItem\",\"position\":3,\"name\":\"ShapeSmart\u00aeNP30\"}]},{\"@type\":\"WebSite\",\"@id\":\"https:\/\/www.rollomatic.ch\/es\/#website\",\"url\":\"https:\/\/www.rollomatic.ch\/es\/\",\"name\":\"Rollomatic\",\"description\":\"\",\"publisher\":{\"@id\":\"https:\/\/www.rollomatic.ch\/es\/#organization\"},\"potentialAction\":[{\"@type\":\"SearchAction\",\"target\":{\"@type\":\"EntryPoint\",\"urlTemplate\":\"https:\/\/www.rollomatic.ch\/es\/?s={search_term_string}\"},\"query-input\":{\"@type\":\"PropertyValueSpecification\",\"valueRequired\":true,\"valueName\":\"search_term_string\"}}],\"inLanguage\":\"es\"},{\"@type\":\"Organization\",\"@id\":\"https:\/\/www.rollomatic.ch\/es\/#organization\",\"name\":\"Rollomatic S.A.\",\"url\":\"https:\/\/www.rollomatic.ch\/es\/\",\"logo\":{\"@type\":\"ImageObject\",\"inLanguage\":\"es\",\"@id\":\"https:\/\/www.rollomatic.ch\/es\/#\/schema\/logo\/image\/\",\"url\":\"https:\/\/www.rollomatic.ch\/wp-content\/uploads\/logomark_300.png\",\"contentUrl\":\"https:\/\/www.rollomatic.ch\/wp-content\/uploads\/logomark_300.png\",\"width\":300,\"height\":169,\"caption\":\"Rollomatic S.A.\"},\"image\":{\"@id\":\"https:\/\/www.rollomatic.ch\/es\/#\/schema\/logo\/image\/\"},\"sameAs\":[\"https:\/\/www.facebook.com\/rollomatic\/\",\"https:\/\/x.com\/rollomatics\",\"https:\/\/www.linkedin.com\/company\/rollomatic-sa\/\"]}]}<\/script>\n<!-- \/ Yoast SEO plugin. -->","yoast_head_json":{"title":"ShapeSmart NP30 | Rectificado de Pinza y Pelado de 4 Ejes | Rollomatic USA","description":"M\u00e1quina de rectificado por pinzas y pelado de 4 ejes con una capacidad de 0,02 mm a 25,4 mm (.0008\u201d a 1\u201d) para bancos de herramientas redondas, punzones y componentes.","robots":{"index":"index","follow":"follow","max-snippet":"max-snippet:-1","max-image-preview":"max-image-preview:large","max-video-preview":"max-video-preview:-1"},"canonical":"https:\/\/www.rollomatic.ch\/es\/producto\/shapesmartnp30\/","og_locale":"es_ES","og_type":"article","og_title":"ShapeSmart NP30 | Rectificado de Pinza y Pelado de 4 Ejes | Rollomatic USA","og_description":"M\u00e1quina de rectificado por pinzas y pelado de 4 ejes con una capacidad de 0,02 mm a 25,4 mm (.0008\u201d a 1\u201d) para bancos de herramientas redondas, punzones y componentes.","og_url":"https:\/\/www.rollomatic.ch\/es\/producto\/shapesmartnp30\/","og_site_name":"Rollomatic","article_publisher":"https:\/\/www.facebook.com\/rollomatic\/","article_modified_time":"2025-05-13T12:01:34+00:00","og_image":[{"width":2560,"height":1440,"url":"https:\/\/www.rollomatic.ch\/wp-content\/uploads\/NP30-SHINY_1-1.webp","type":"image\/webp"}],"twitter_card":"summary_large_image","twitter_site":"@rollomatics","twitter_misc":{"Tiempo de lectura":"1 minuto"},"schema":{"@context":"https:\/\/schema.org","@graph":[{"@type":"WebPage","@id":"https:\/\/www.rollomatic.ch\/es\/producto\/shapesmartnp30\/","url":"https:\/\/www.rollomatic.ch\/es\/producto\/shapesmartnp30\/","name":"ShapeSmart NP30 | Rectificado de Pinza y Pelado de 4 Ejes | Rollomatic USA","isPartOf":{"@id":"https:\/\/www.rollomatic.ch\/es\/#website"},"primaryImageOfPage":{"@id":"https:\/\/www.rollomatic.ch\/es\/producto\/shapesmartnp30\/#primaryimage"},"image":{"@id":"https:\/\/www.rollomatic.ch\/es\/producto\/shapesmartnp30\/#primaryimage"},"thumbnailUrl":"https:\/\/www.rollomatic.ch\/wp-content\/uploads\/NP30-SHINY_1-1.webp","datePublished":"2020-08-10T19:39:47+00:00","dateModified":"2025-05-13T12:01:34+00:00","description":"M\u00e1quina de rectificado por pinzas y pelado de 4 ejes con una capacidad de 0,02 mm a 25,4 mm (.0008\u201d a 1\u201d) para bancos de herramientas redondas, punzones y componentes.","breadcrumb":{"@id":"https:\/\/www.rollomatic.ch\/es\/producto\/shapesmartnp30\/#breadcrumb"},"inLanguage":"es","potentialAction":[{"@type":"ReadAction","target":["https:\/\/www.rollomatic.ch\/es\/producto\/shapesmartnp30\/"]}]},{"@type":"ImageObject","inLanguage":"es","@id":"https:\/\/www.rollomatic.ch\/es\/producto\/shapesmartnp30\/#primaryimage","url":"https:\/\/www.rollomatic.ch\/wp-content\/uploads\/NP30-SHINY_1-1.webp","contentUrl":"https:\/\/www.rollomatic.ch\/wp-content\/uploads\/NP30-SHINY_1-1.webp","width":2560,"height":1440},{"@type":"BreadcrumbList","@id":"https:\/\/www.rollomatic.ch\/es\/producto\/shapesmartnp30\/#breadcrumb","itemListElement":[{"@type":"ListItem","position":1,"name":"Home","item":"https:\/\/www.rollomatic.ch\/es\/"},{"@type":"ListItem","position":2,"name":"Cat\u00e1logo","item":"https:\/\/www.rollomatic.ch\/es\/catalogo\/"},{"@type":"ListItem","position":3,"name":"ShapeSmart\u00aeNP30"}]},{"@type":"WebSite","@id":"https:\/\/www.rollomatic.ch\/es\/#website","url":"https:\/\/www.rollomatic.ch\/es\/","name":"Rollomatic","description":"","publisher":{"@id":"https:\/\/www.rollomatic.ch\/es\/#organization"},"potentialAction":[{"@type":"SearchAction","target":{"@type":"EntryPoint","urlTemplate":"https:\/\/www.rollomatic.ch\/es\/?s={search_term_string}"},"query-input":{"@type":"PropertyValueSpecification","valueRequired":true,"valueName":"search_term_string"}}],"inLanguage":"es"},{"@type":"Organization","@id":"https:\/\/www.rollomatic.ch\/es\/#organization","name":"Rollomatic S.A.","url":"https:\/\/www.rollomatic.ch\/es\/","logo":{"@type":"ImageObject","inLanguage":"es","@id":"https:\/\/www.rollomatic.ch\/es\/#\/schema\/logo\/image\/","url":"https:\/\/www.rollomatic.ch\/wp-content\/uploads\/logomark_300.png","contentUrl":"https:\/\/www.rollomatic.ch\/wp-content\/uploads\/logomark_300.png","width":300,"height":169,"caption":"Rollomatic S.A."},"image":{"@id":"https:\/\/www.rollomatic.ch\/es\/#\/schema\/logo\/image\/"},"sameAs":["https:\/\/www.facebook.com\/rollomatic\/","https:\/\/x.com\/rollomatics","https:\/\/www.linkedin.com\/company\/rollomatic-sa\/"]}]}},"_links":{"self":[{"href":"https:\/\/www.rollomatic.ch\/es\/wp-json\/wp\/v2\/product\/32819","targetHints":{"allow":["GET"]}}],"collection":[{"href":"https:\/\/www.rollomatic.ch\/es\/wp-json\/wp\/v2\/product"}],"about":[{"href":"https:\/\/www.rollomatic.ch\/es\/wp-json\/wp\/v2\/types\/product"}],"wp:featuredmedia":[{"embeddable":true,"href":"https:\/\/www.rollomatic.ch\/es\/wp-json\/wp\/v2\/media\/9221"}],"wp:attachment":[{"href":"https:\/\/www.rollomatic.ch\/es\/wp-json\/wp\/v2\/media?parent=32819"}],"wp:term":[{"taxonomy":"industry","embeddable":true,"href":"https:\/\/www.rollomatic.ch\/es\/wp-json\/wp\/v2\/industry?post=32819"},{"taxonomy":"tool-material","embeddable":true,"href":"https:\/\/www.rollomatic.ch\/es\/wp-json\/wp\/v2\/tool-material?post=32819"},{"taxonomy":"tool-range","embeddable":true,"href":"https:\/\/www.rollomatic.ch\/es\/wp-json\/wp\/v2\/tool-range?post=32819"},{"taxonomy":"tool-type","embeddable":true,"href":"https:\/\/www.rollomatic.ch\/es\/wp-json\/wp\/v2\/tool-type?post=32819"},{"taxonomy":"product_brand","embeddable":true,"href":"https:\/\/www.rollomatic.ch\/es\/wp-json\/wp\/v2\/product_brand?post=32819"},{"taxonomy":"product_cat","embeddable":true,"href":"https:\/\/www.rollomatic.ch\/es\/wp-json\/wp\/v2\/product_cat?post=32819"},{"taxonomy":"product_tag","embeddable":true,"href":"https:\/\/www.rollomatic.ch\/es\/wp-json\/wp\/v2\/product_tag?post=32819"}],"curies":[{"name":"wp","href":"https:\/\/api.w.org\/{rel}","templated":true}]}}