{"id":32897,"date":"2020-05-10T21:07:13","date_gmt":"2020-05-10T21:07:13","guid":{"rendered":"https:\/\/www.rollomatic.ch\/product\/lasersmart-810xl\/"},"modified":"2025-05-13T12:01:43","modified_gmt":"2025-05-13T12:01:43","slug":"lasersmart-810xl","status":"publish","type":"product","link":"https:\/\/www.rollomatic.ch\/es\/producto\/lasersmart-810xl\/","title":{"rendered":"LaserSmart\u00ae 810XL"},"content":{"rendered":"<p>Dise\u00f1ada para la producci\u00f3n de herramientas de corte en materiales ultraduros y con 6 ejes interpolados simult\u00e1neamente, LaserSmart\u00ae810XL es ideal para el mecanizado de herramientas de hasta 300 mm (12&#8243;) de di\u00e1metro, 350 mm (14&#8243;) de longitud y hasta 15 kg (33 lb) de peso.<\/p>\n<p>La m\u00e1quina est\u00e1ndar incluye un robot autom\u00e1tico con capacidad para 30 piezas.<\/p>\n<p>LaserSmart\u00ae810XL es la soluci\u00f3n perfecta para el mecanizado de herramientas ultraduras utilizadas en las industrias automotriz, aeroespacial y maderera.<\/p>\n","protected":false},"excerpt":{"rendered":"<p>Dise\u00f1ada para la producci\u00f3n de herramientas de corte en materiales ultraduros y con 6 ejes interpolados simult\u00e1neamente, LaserSmart\u00ae810XL es ideal para el mecanizado de herramientas de hasta 300 mm (12&#8243;) [&#8230;]\n","protected":false},"featured_media":9241,"template":"","meta":{"_acf_changed":false},"industry":[834,835,837],"tool-material":[],"tool-range":[],"tool-type":[428],"product_brand":[],"product_cat":[916,918,917],"product_tag":[919],"class_list":{"0":"post-32897","1":"product","2":"type-product","3":"status-publish","4":"has-post-thumbnail","6":"industry-aeroespacial","7":"industry-automotriz-ev","8":"industry-industria-maderera","9":"tool-type-sharpening","10":"product_cat-lasersmart-es","11":"product_cat-mecanizado-laser","12":"product_cat-herramientas-de-corte-ultra-duras-mecanizado-3d","13":"product_tag-mecanizado-laser","15":"first","16":"instock","17":"shipping-taxable","18":"product-type-simple"},"acf":[],"yoast_head":"<!-- This site is optimized with the Yoast SEO plugin v27.0 - https:\/\/yoast.com\/product\/yoast-seo-wordpress\/ -->\n<title>LaserSmart 810 XL | Corte de Perfiles L\u00e1ser de 6 Ejes | Rollomatic USA<\/title>\n<meta name=\"description\" content=\"M\u00e1quina de corte de perfiles l\u00e1ser de 6 ejes con cambiador de herramientas de alta capacidad. Alta precisi\u00f3n para piezas grandes.\" \/>\n<meta name=\"robots\" content=\"index, follow, max-snippet:-1, max-image-preview:large, max-video-preview:-1\" \/>\n<link rel=\"canonical\" href=\"https:\/\/www.rollomatic.ch\/es\/producto\/lasersmart-810xl\/\" \/>\n<meta property=\"og:locale\" content=\"es_ES\" \/>\n<meta property=\"og:type\" content=\"article\" \/>\n<meta property=\"og:title\" content=\"LaserSmart 810 XL | Corte de Perfiles L\u00e1ser de 6 Ejes | Rollomatic USA\" \/>\n<meta property=\"og:description\" content=\"M\u00e1quina de corte de perfiles l\u00e1ser de 6 ejes con cambiador de herramientas de alta capacidad. Alta precisi\u00f3n para piezas grandes.\" \/>\n<meta property=\"og:url\" content=\"https:\/\/www.rollomatic.ch\/es\/producto\/lasersmart-810xl\/\" \/>\n<meta property=\"og:site_name\" content=\"Rollomatic\" \/>\n<meta property=\"article:publisher\" content=\"https:\/\/www.facebook.com\/rollomatic\/\" \/>\n<meta property=\"article:modified_time\" content=\"2025-05-13T12:01:43+00:00\" \/>\n<meta property=\"og:image\" content=\"https:\/\/www.rollomatic.ch\/wp-content\/uploads\/LS810XL-SHINY_1-2.webp\" \/>\n\t<meta property=\"og:image:width\" content=\"2560\" \/>\n\t<meta property=\"og:image:height\" content=\"1440\" \/>\n\t<meta property=\"og:image:type\" content=\"image\/webp\" \/>\n<meta name=\"twitter:card\" content=\"summary_large_image\" \/>\n<meta name=\"twitter:site\" content=\"@rollomatics\" \/>\n<script type=\"application\/ld+json\" class=\"yoast-schema-graph\">{\"@context\":\"https:\/\/schema.org\",\"@graph\":[{\"@type\":\"WebPage\",\"@id\":\"https:\/\/www.rollomatic.ch\/es\/producto\/lasersmart-810xl\/\",\"url\":\"https:\/\/www.rollomatic.ch\/es\/producto\/lasersmart-810xl\/\",\"name\":\"LaserSmart 810 XL | Corte de Perfiles L\u00e1ser de 6 Ejes | Rollomatic USA\",\"isPartOf\":{\"@id\":\"https:\/\/www.rollomatic.ch\/es\/#website\"},\"primaryImageOfPage\":{\"@id\":\"https:\/\/www.rollomatic.ch\/es\/producto\/lasersmart-810xl\/#primaryimage\"},\"image\":{\"@id\":\"https:\/\/www.rollomatic.ch\/es\/producto\/lasersmart-810xl\/#primaryimage\"},\"thumbnailUrl\":\"https:\/\/www.rollomatic.ch\/wp-content\/uploads\/LS810XL-SHINY_1-2.webp\",\"datePublished\":\"2020-05-10T21:07:13+00:00\",\"dateModified\":\"2025-05-13T12:01:43+00:00\",\"description\":\"M\u00e1quina de corte de perfiles l\u00e1ser de 6 ejes con cambiador de herramientas de alta capacidad. Alta precisi\u00f3n para piezas grandes.\",\"breadcrumb\":{\"@id\":\"https:\/\/www.rollomatic.ch\/es\/producto\/lasersmart-810xl\/#breadcrumb\"},\"inLanguage\":\"es\",\"potentialAction\":[{\"@type\":\"ReadAction\",\"target\":[\"https:\/\/www.rollomatic.ch\/es\/producto\/lasersmart-810xl\/\"]}]},{\"@type\":\"ImageObject\",\"inLanguage\":\"es\",\"@id\":\"https:\/\/www.rollomatic.ch\/es\/producto\/lasersmart-810xl\/#primaryimage\",\"url\":\"https:\/\/www.rollomatic.ch\/wp-content\/uploads\/LS810XL-SHINY_1-2.webp\",\"contentUrl\":\"https:\/\/www.rollomatic.ch\/wp-content\/uploads\/LS810XL-SHINY_1-2.webp\",\"width\":2560,\"height\":1440},{\"@type\":\"BreadcrumbList\",\"@id\":\"https:\/\/www.rollomatic.ch\/es\/producto\/lasersmart-810xl\/#breadcrumb\",\"itemListElement\":[{\"@type\":\"ListItem\",\"position\":1,\"name\":\"Home\",\"item\":\"https:\/\/www.rollomatic.ch\/es\/\"},{\"@type\":\"ListItem\",\"position\":2,\"name\":\"Cat\u00e1logo\",\"item\":\"https:\/\/www.rollomatic.ch\/es\/catalogo\/\"},{\"@type\":\"ListItem\",\"position\":3,\"name\":\"LaserSmart\u00ae 810XL\"}]},{\"@type\":\"WebSite\",\"@id\":\"https:\/\/www.rollomatic.ch\/es\/#website\",\"url\":\"https:\/\/www.rollomatic.ch\/es\/\",\"name\":\"Rollomatic\",\"description\":\"\",\"publisher\":{\"@id\":\"https:\/\/www.rollomatic.ch\/es\/#organization\"},\"potentialAction\":[{\"@type\":\"SearchAction\",\"target\":{\"@type\":\"EntryPoint\",\"urlTemplate\":\"https:\/\/www.rollomatic.ch\/es\/?s={search_term_string}\"},\"query-input\":{\"@type\":\"PropertyValueSpecification\",\"valueRequired\":true,\"valueName\":\"search_term_string\"}}],\"inLanguage\":\"es\"},{\"@type\":\"Organization\",\"@id\":\"https:\/\/www.rollomatic.ch\/es\/#organization\",\"name\":\"Rollomatic S.A.\",\"url\":\"https:\/\/www.rollomatic.ch\/es\/\",\"logo\":{\"@type\":\"ImageObject\",\"inLanguage\":\"es\",\"@id\":\"https:\/\/www.rollomatic.ch\/es\/#\/schema\/logo\/image\/\",\"url\":\"https:\/\/www.rollomatic.ch\/wp-content\/uploads\/logomark_300.png\",\"contentUrl\":\"https:\/\/www.rollomatic.ch\/wp-content\/uploads\/logomark_300.png\",\"width\":300,\"height\":169,\"caption\":\"Rollomatic S.A.\"},\"image\":{\"@id\":\"https:\/\/www.rollomatic.ch\/es\/#\/schema\/logo\/image\/\"},\"sameAs\":[\"https:\/\/www.facebook.com\/rollomatic\/\",\"https:\/\/x.com\/rollomatics\",\"https:\/\/www.linkedin.com\/company\/rollomatic-sa\/\"]}]}<\/script>\n<!-- \/ Yoast SEO plugin. -->","yoast_head_json":{"title":"LaserSmart 810 XL | Corte de Perfiles L\u00e1ser de 6 Ejes | Rollomatic USA","description":"M\u00e1quina de corte de perfiles l\u00e1ser de 6 ejes con cambiador de herramientas de alta capacidad. Alta precisi\u00f3n para piezas grandes.","robots":{"index":"index","follow":"follow","max-snippet":"max-snippet:-1","max-image-preview":"max-image-preview:large","max-video-preview":"max-video-preview:-1"},"canonical":"https:\/\/www.rollomatic.ch\/es\/producto\/lasersmart-810xl\/","og_locale":"es_ES","og_type":"article","og_title":"LaserSmart 810 XL | Corte de Perfiles L\u00e1ser de 6 Ejes | Rollomatic USA","og_description":"M\u00e1quina de corte de perfiles l\u00e1ser de 6 ejes con cambiador de herramientas de alta capacidad. Alta precisi\u00f3n para piezas grandes.","og_url":"https:\/\/www.rollomatic.ch\/es\/producto\/lasersmart-810xl\/","og_site_name":"Rollomatic","article_publisher":"https:\/\/www.facebook.com\/rollomatic\/","article_modified_time":"2025-05-13T12:01:43+00:00","og_image":[{"width":2560,"height":1440,"url":"https:\/\/www.rollomatic.ch\/wp-content\/uploads\/LS810XL-SHINY_1-2.webp","type":"image\/webp"}],"twitter_card":"summary_large_image","twitter_site":"@rollomatics","schema":{"@context":"https:\/\/schema.org","@graph":[{"@type":"WebPage","@id":"https:\/\/www.rollomatic.ch\/es\/producto\/lasersmart-810xl\/","url":"https:\/\/www.rollomatic.ch\/es\/producto\/lasersmart-810xl\/","name":"LaserSmart 810 XL | Corte de Perfiles L\u00e1ser de 6 Ejes | Rollomatic USA","isPartOf":{"@id":"https:\/\/www.rollomatic.ch\/es\/#website"},"primaryImageOfPage":{"@id":"https:\/\/www.rollomatic.ch\/es\/producto\/lasersmart-810xl\/#primaryimage"},"image":{"@id":"https:\/\/www.rollomatic.ch\/es\/producto\/lasersmart-810xl\/#primaryimage"},"thumbnailUrl":"https:\/\/www.rollomatic.ch\/wp-content\/uploads\/LS810XL-SHINY_1-2.webp","datePublished":"2020-05-10T21:07:13+00:00","dateModified":"2025-05-13T12:01:43+00:00","description":"M\u00e1quina de corte de perfiles l\u00e1ser de 6 ejes con cambiador de herramientas de alta capacidad. Alta precisi\u00f3n para piezas grandes.","breadcrumb":{"@id":"https:\/\/www.rollomatic.ch\/es\/producto\/lasersmart-810xl\/#breadcrumb"},"inLanguage":"es","potentialAction":[{"@type":"ReadAction","target":["https:\/\/www.rollomatic.ch\/es\/producto\/lasersmart-810xl\/"]}]},{"@type":"ImageObject","inLanguage":"es","@id":"https:\/\/www.rollomatic.ch\/es\/producto\/lasersmart-810xl\/#primaryimage","url":"https:\/\/www.rollomatic.ch\/wp-content\/uploads\/LS810XL-SHINY_1-2.webp","contentUrl":"https:\/\/www.rollomatic.ch\/wp-content\/uploads\/LS810XL-SHINY_1-2.webp","width":2560,"height":1440},{"@type":"BreadcrumbList","@id":"https:\/\/www.rollomatic.ch\/es\/producto\/lasersmart-810xl\/#breadcrumb","itemListElement":[{"@type":"ListItem","position":1,"name":"Home","item":"https:\/\/www.rollomatic.ch\/es\/"},{"@type":"ListItem","position":2,"name":"Cat\u00e1logo","item":"https:\/\/www.rollomatic.ch\/es\/catalogo\/"},{"@type":"ListItem","position":3,"name":"LaserSmart\u00ae 810XL"}]},{"@type":"WebSite","@id":"https:\/\/www.rollomatic.ch\/es\/#website","url":"https:\/\/www.rollomatic.ch\/es\/","name":"Rollomatic","description":"","publisher":{"@id":"https:\/\/www.rollomatic.ch\/es\/#organization"},"potentialAction":[{"@type":"SearchAction","target":{"@type":"EntryPoint","urlTemplate":"https:\/\/www.rollomatic.ch\/es\/?s={search_term_string}"},"query-input":{"@type":"PropertyValueSpecification","valueRequired":true,"valueName":"search_term_string"}}],"inLanguage":"es"},{"@type":"Organization","@id":"https:\/\/www.rollomatic.ch\/es\/#organization","name":"Rollomatic S.A.","url":"https:\/\/www.rollomatic.ch\/es\/","logo":{"@type":"ImageObject","inLanguage":"es","@id":"https:\/\/www.rollomatic.ch\/es\/#\/schema\/logo\/image\/","url":"https:\/\/www.rollomatic.ch\/wp-content\/uploads\/logomark_300.png","contentUrl":"https:\/\/www.rollomatic.ch\/wp-content\/uploads\/logomark_300.png","width":300,"height":169,"caption":"Rollomatic S.A."},"image":{"@id":"https:\/\/www.rollomatic.ch\/es\/#\/schema\/logo\/image\/"},"sameAs":["https:\/\/www.facebook.com\/rollomatic\/","https:\/\/x.com\/rollomatics","https:\/\/www.linkedin.com\/company\/rollomatic-sa\/"]}]}},"_links":{"self":[{"href":"https:\/\/www.rollomatic.ch\/es\/wp-json\/wp\/v2\/product\/32897","targetHints":{"allow":["GET"]}}],"collection":[{"href":"https:\/\/www.rollomatic.ch\/es\/wp-json\/wp\/v2\/product"}],"about":[{"href":"https:\/\/www.rollomatic.ch\/es\/wp-json\/wp\/v2\/types\/product"}],"wp:featuredmedia":[{"embeddable":true,"href":"https:\/\/www.rollomatic.ch\/es\/wp-json\/wp\/v2\/media\/9241"}],"wp:attachment":[{"href":"https:\/\/www.rollomatic.ch\/es\/wp-json\/wp\/v2\/media?parent=32897"}],"wp:term":[{"taxonomy":"industry","embeddable":true,"href":"https:\/\/www.rollomatic.ch\/es\/wp-json\/wp\/v2\/industry?post=32897"},{"taxonomy":"tool-material","embeddable":true,"href":"https:\/\/www.rollomatic.ch\/es\/wp-json\/wp\/v2\/tool-material?post=32897"},{"taxonomy":"tool-range","embeddable":true,"href":"https:\/\/www.rollomatic.ch\/es\/wp-json\/wp\/v2\/tool-range?post=32897"},{"taxonomy":"tool-type","embeddable":true,"href":"https:\/\/www.rollomatic.ch\/es\/wp-json\/wp\/v2\/tool-type?post=32897"},{"taxonomy":"product_brand","embeddable":true,"href":"https:\/\/www.rollomatic.ch\/es\/wp-json\/wp\/v2\/product_brand?post=32897"},{"taxonomy":"product_cat","embeddable":true,"href":"https:\/\/www.rollomatic.ch\/es\/wp-json\/wp\/v2\/product_cat?post=32897"},{"taxonomy":"product_tag","embeddable":true,"href":"https:\/\/www.rollomatic.ch\/es\/wp-json\/wp\/v2\/product_tag?post=32897"}],"curies":[{"name":"wp","href":"https:\/\/api.w.org\/{rel}","templated":true}]}}