{"id":33231,"date":"2024-04-03T10:32:19","date_gmt":"2025-04-09T09:32:28","guid":{"rendered":"https:\/\/www.rollomatic.ch\/product\/lasersuite\/"},"modified":"2025-05-13T12:00:20","modified_gmt":"2025-05-13T12:00:20","slug":"lasersuite","status":"publish","type":"product","link":"https:\/\/www.rollomatic.ch\/es\/producto\/lasersuite\/","title":{"rendered":"LaserSuite"},"content":{"rendered":"<p>Basado en una nueva interfaz gr\u00e1fica f\u00e1cil de usar, el software proporcionado con el LaserSuite ofrece operaciones 3D simuladas y permite al usuario inspeccionar la trayectoria del haz l\u00e1ser y optimizar el tiempo de ciclo antes de la producci\u00f3n para asegurar cero desperdicio, todo mientras est\u00e1 desconectado. El programa Rollomatic JobManager permite cargar varios tipos de herramientas en el control de la m\u00e1quina y permite producci\u00f3n desatendida.<\/p>\n","protected":false},"excerpt":{"rendered":"<p>Basado en una nueva interfaz gr\u00e1fica f\u00e1cil de usar, el software proporcionado con el LaserSuite ofrece operaciones 3D simuladas y permite al usuario inspeccionar la trayectoria del haz l\u00e1ser y [&#8230;]\n","protected":false},"featured_media":8795,"template":"","meta":{"_acf_changed":false},"industry":[],"tool-material":[],"tool-range":[],"tool-type":[],"product_brand":[],"product_cat":[926],"product_tag":[],"class_list":{"0":"post-33231","1":"product","2":"type-product","3":"status-publish","4":"has-post-thumbnail","6":"product_cat-software-es","8":"first","9":"instock","10":"shipping-taxable","11":"product-type-simple"},"acf":[],"yoast_head":"<!-- This site is optimized with the Yoast SEO plugin v27.0 - https:\/\/yoast.com\/product\/yoast-seo-wordpress\/ -->\n<title>LaserSuite - Rollomatic<\/title>\n<meta name=\"robots\" content=\"index, follow, max-snippet:-1, max-image-preview:large, max-video-preview:-1\" \/>\n<link rel=\"canonical\" href=\"https:\/\/www.rollomatic.ch\/es\/producto\/lasersuite\/\" \/>\n<meta property=\"og:locale\" content=\"es_ES\" \/>\n<meta property=\"og:type\" content=\"article\" \/>\n<meta property=\"og:title\" content=\"LaserSuite - Rollomatic\" \/>\n<meta property=\"og:description\" content=\"Basado en una nueva interfaz gr\u00e1fica f\u00e1cil de usar, el software proporcionado con el LaserSuite ofrece operaciones 3D simuladas y permite al usuario inspeccionar la trayectoria del haz l\u00e1ser y [...]\" \/>\n<meta property=\"og:url\" content=\"https:\/\/www.rollomatic.ch\/es\/producto\/lasersuite\/\" \/>\n<meta property=\"og:site_name\" content=\"Rollomatic\" \/>\n<meta property=\"article:publisher\" content=\"https:\/\/www.facebook.com\/rollomatic\/\" \/>\n<meta property=\"article:modified_time\" content=\"2025-05-13T12:00:20+00:00\" \/>\n<meta property=\"og:image\" content=\"https:\/\/www.rollomatic.ch\/wp-content\/uploads\/Software-Box_LaserSuite_c85.jpg\" \/>\n\t<meta property=\"og:image:width\" content=\"870\" \/>\n\t<meta property=\"og:image:height\" content=\"652\" \/>\n\t<meta property=\"og:image:type\" content=\"image\/jpeg\" \/>\n<meta name=\"twitter:card\" content=\"summary_large_image\" \/>\n<meta name=\"twitter:site\" content=\"@rollomatics\" \/>\n<script type=\"application\/ld+json\" class=\"yoast-schema-graph\">{\"@context\":\"https:\/\/schema.org\",\"@graph\":[{\"@type\":\"WebPage\",\"@id\":\"https:\/\/www.rollomatic.ch\/es\/producto\/lasersuite\/\",\"url\":\"https:\/\/www.rollomatic.ch\/es\/producto\/lasersuite\/\",\"name\":\"LaserSuite - Rollomatic\",\"isPartOf\":{\"@id\":\"https:\/\/www.rollomatic.ch\/es\/#website\"},\"primaryImageOfPage\":{\"@id\":\"https:\/\/www.rollomatic.ch\/es\/producto\/lasersuite\/#primaryimage\"},\"image\":{\"@id\":\"https:\/\/www.rollomatic.ch\/es\/producto\/lasersuite\/#primaryimage\"},\"thumbnailUrl\":\"https:\/\/www.rollomatic.ch\/wp-content\/uploads\/Software-Box_LaserSuite_c85.jpg\",\"datePublished\":\"2025-04-09T09:32:28+00:00\",\"dateModified\":\"2025-05-13T12:00:20+00:00\",\"breadcrumb\":{\"@id\":\"https:\/\/www.rollomatic.ch\/es\/producto\/lasersuite\/#breadcrumb\"},\"inLanguage\":\"es\",\"potentialAction\":[{\"@type\":\"ReadAction\",\"target\":[\"https:\/\/www.rollomatic.ch\/es\/producto\/lasersuite\/\"]}]},{\"@type\":\"ImageObject\",\"inLanguage\":\"es\",\"@id\":\"https:\/\/www.rollomatic.ch\/es\/producto\/lasersuite\/#primaryimage\",\"url\":\"https:\/\/www.rollomatic.ch\/wp-content\/uploads\/Software-Box_LaserSuite_c85.jpg\",\"contentUrl\":\"https:\/\/www.rollomatic.ch\/wp-content\/uploads\/Software-Box_LaserSuite_c85.jpg\",\"width\":870,\"height\":652},{\"@type\":\"BreadcrumbList\",\"@id\":\"https:\/\/www.rollomatic.ch\/es\/producto\/lasersuite\/#breadcrumb\",\"itemListElement\":[{\"@type\":\"ListItem\",\"position\":1,\"name\":\"Home\",\"item\":\"https:\/\/www.rollomatic.ch\/es\/\"},{\"@type\":\"ListItem\",\"position\":2,\"name\":\"Cat\u00e1logo\",\"item\":\"https:\/\/www.rollomatic.ch\/es\/catalogo\/\"},{\"@type\":\"ListItem\",\"position\":3,\"name\":\"LaserSuite\"}]},{\"@type\":\"WebSite\",\"@id\":\"https:\/\/www.rollomatic.ch\/es\/#website\",\"url\":\"https:\/\/www.rollomatic.ch\/es\/\",\"name\":\"Rollomatic\",\"description\":\"\",\"publisher\":{\"@id\":\"https:\/\/www.rollomatic.ch\/es\/#organization\"},\"potentialAction\":[{\"@type\":\"SearchAction\",\"target\":{\"@type\":\"EntryPoint\",\"urlTemplate\":\"https:\/\/www.rollomatic.ch\/es\/?s={search_term_string}\"},\"query-input\":{\"@type\":\"PropertyValueSpecification\",\"valueRequired\":true,\"valueName\":\"search_term_string\"}}],\"inLanguage\":\"es\"},{\"@type\":\"Organization\",\"@id\":\"https:\/\/www.rollomatic.ch\/es\/#organization\",\"name\":\"Rollomatic S.A.\",\"url\":\"https:\/\/www.rollomatic.ch\/es\/\",\"logo\":{\"@type\":\"ImageObject\",\"inLanguage\":\"es\",\"@id\":\"https:\/\/www.rollomatic.ch\/es\/#\/schema\/logo\/image\/\",\"url\":\"https:\/\/www.rollomatic.ch\/wp-content\/uploads\/logomark_300.png\",\"contentUrl\":\"https:\/\/www.rollomatic.ch\/wp-content\/uploads\/logomark_300.png\",\"width\":300,\"height\":169,\"caption\":\"Rollomatic S.A.\"},\"image\":{\"@id\":\"https:\/\/www.rollomatic.ch\/es\/#\/schema\/logo\/image\/\"},\"sameAs\":[\"https:\/\/www.facebook.com\/rollomatic\/\",\"https:\/\/x.com\/rollomatics\",\"https:\/\/www.linkedin.com\/company\/rollomatic-sa\/\"]}]}<\/script>\n<!-- \/ Yoast SEO plugin. -->","yoast_head_json":{"title":"LaserSuite - Rollomatic","robots":{"index":"index","follow":"follow","max-snippet":"max-snippet:-1","max-image-preview":"max-image-preview:large","max-video-preview":"max-video-preview:-1"},"canonical":"https:\/\/www.rollomatic.ch\/es\/producto\/lasersuite\/","og_locale":"es_ES","og_type":"article","og_title":"LaserSuite - Rollomatic","og_description":"Basado en una nueva interfaz gr\u00e1fica f\u00e1cil de usar, el software proporcionado con el LaserSuite ofrece operaciones 3D simuladas y permite al usuario inspeccionar la trayectoria del haz l\u00e1ser y [...]","og_url":"https:\/\/www.rollomatic.ch\/es\/producto\/lasersuite\/","og_site_name":"Rollomatic","article_publisher":"https:\/\/www.facebook.com\/rollomatic\/","article_modified_time":"2025-05-13T12:00:20+00:00","og_image":[{"width":870,"height":652,"url":"https:\/\/www.rollomatic.ch\/wp-content\/uploads\/Software-Box_LaserSuite_c85.jpg","type":"image\/jpeg"}],"twitter_card":"summary_large_image","twitter_site":"@rollomatics","schema":{"@context":"https:\/\/schema.org","@graph":[{"@type":"WebPage","@id":"https:\/\/www.rollomatic.ch\/es\/producto\/lasersuite\/","url":"https:\/\/www.rollomatic.ch\/es\/producto\/lasersuite\/","name":"LaserSuite - Rollomatic","isPartOf":{"@id":"https:\/\/www.rollomatic.ch\/es\/#website"},"primaryImageOfPage":{"@id":"https:\/\/www.rollomatic.ch\/es\/producto\/lasersuite\/#primaryimage"},"image":{"@id":"https:\/\/www.rollomatic.ch\/es\/producto\/lasersuite\/#primaryimage"},"thumbnailUrl":"https:\/\/www.rollomatic.ch\/wp-content\/uploads\/Software-Box_LaserSuite_c85.jpg","datePublished":"2025-04-09T09:32:28+00:00","dateModified":"2025-05-13T12:00:20+00:00","breadcrumb":{"@id":"https:\/\/www.rollomatic.ch\/es\/producto\/lasersuite\/#breadcrumb"},"inLanguage":"es","potentialAction":[{"@type":"ReadAction","target":["https:\/\/www.rollomatic.ch\/es\/producto\/lasersuite\/"]}]},{"@type":"ImageObject","inLanguage":"es","@id":"https:\/\/www.rollomatic.ch\/es\/producto\/lasersuite\/#primaryimage","url":"https:\/\/www.rollomatic.ch\/wp-content\/uploads\/Software-Box_LaserSuite_c85.jpg","contentUrl":"https:\/\/www.rollomatic.ch\/wp-content\/uploads\/Software-Box_LaserSuite_c85.jpg","width":870,"height":652},{"@type":"BreadcrumbList","@id":"https:\/\/www.rollomatic.ch\/es\/producto\/lasersuite\/#breadcrumb","itemListElement":[{"@type":"ListItem","position":1,"name":"Home","item":"https:\/\/www.rollomatic.ch\/es\/"},{"@type":"ListItem","position":2,"name":"Cat\u00e1logo","item":"https:\/\/www.rollomatic.ch\/es\/catalogo\/"},{"@type":"ListItem","position":3,"name":"LaserSuite"}]},{"@type":"WebSite","@id":"https:\/\/www.rollomatic.ch\/es\/#website","url":"https:\/\/www.rollomatic.ch\/es\/","name":"Rollomatic","description":"","publisher":{"@id":"https:\/\/www.rollomatic.ch\/es\/#organization"},"potentialAction":[{"@type":"SearchAction","target":{"@type":"EntryPoint","urlTemplate":"https:\/\/www.rollomatic.ch\/es\/?s={search_term_string}"},"query-input":{"@type":"PropertyValueSpecification","valueRequired":true,"valueName":"search_term_string"}}],"inLanguage":"es"},{"@type":"Organization","@id":"https:\/\/www.rollomatic.ch\/es\/#organization","name":"Rollomatic S.A.","url":"https:\/\/www.rollomatic.ch\/es\/","logo":{"@type":"ImageObject","inLanguage":"es","@id":"https:\/\/www.rollomatic.ch\/es\/#\/schema\/logo\/image\/","url":"https:\/\/www.rollomatic.ch\/wp-content\/uploads\/logomark_300.png","contentUrl":"https:\/\/www.rollomatic.ch\/wp-content\/uploads\/logomark_300.png","width":300,"height":169,"caption":"Rollomatic S.A."},"image":{"@id":"https:\/\/www.rollomatic.ch\/es\/#\/schema\/logo\/image\/"},"sameAs":["https:\/\/www.facebook.com\/rollomatic\/","https:\/\/x.com\/rollomatics","https:\/\/www.linkedin.com\/company\/rollomatic-sa\/"]}]}},"_links":{"self":[{"href":"https:\/\/www.rollomatic.ch\/es\/wp-json\/wp\/v2\/product\/33231","targetHints":{"allow":["GET"]}}],"collection":[{"href":"https:\/\/www.rollomatic.ch\/es\/wp-json\/wp\/v2\/product"}],"about":[{"href":"https:\/\/www.rollomatic.ch\/es\/wp-json\/wp\/v2\/types\/product"}],"wp:featuredmedia":[{"embeddable":true,"href":"https:\/\/www.rollomatic.ch\/es\/wp-json\/wp\/v2\/media\/8795"}],"wp:attachment":[{"href":"https:\/\/www.rollomatic.ch\/es\/wp-json\/wp\/v2\/media?parent=33231"}],"wp:term":[{"taxonomy":"industry","embeddable":true,"href":"https:\/\/www.rollomatic.ch\/es\/wp-json\/wp\/v2\/industry?post=33231"},{"taxonomy":"tool-material","embeddable":true,"href":"https:\/\/www.rollomatic.ch\/es\/wp-json\/wp\/v2\/tool-material?post=33231"},{"taxonomy":"tool-range","embeddable":true,"href":"https:\/\/www.rollomatic.ch\/es\/wp-json\/wp\/v2\/tool-range?post=33231"},{"taxonomy":"tool-type","embeddable":true,"href":"https:\/\/www.rollomatic.ch\/es\/wp-json\/wp\/v2\/tool-type?post=33231"},{"taxonomy":"product_brand","embeddable":true,"href":"https:\/\/www.rollomatic.ch\/es\/wp-json\/wp\/v2\/product_brand?post=33231"},{"taxonomy":"product_cat","embeddable":true,"href":"https:\/\/www.rollomatic.ch\/es\/wp-json\/wp\/v2\/product_cat?post=33231"},{"taxonomy":"product_tag","embeddable":true,"href":"https:\/\/www.rollomatic.ch\/es\/wp-json\/wp\/v2\/product_tag?post=33231"}],"curies":[{"name":"wp","href":"https:\/\/api.w.org\/{rel}","templated":true}]}}