{"id":33252,"date":"2024-04-03T10:34:21","date_gmt":"2025-04-09T09:33:09","guid":{"rendered":"https:\/\/www.rollomatic.ch\/product\/dibujador-de-herramientas\/"},"modified":"2025-05-13T12:00:16","modified_gmt":"2025-05-13T12:00:16","slug":"dibujador-de-herramientas","status":"publish","type":"product","link":"https:\/\/www.rollomatic.ch\/es\/producto\/dibujador-de-herramientas\/","title":{"rendered":"Dibujador de Herramientas"},"content":{"rendered":"<h3>Genere sus Dibujos de Herramientas en solo unos clics<\/h3>\n<p>El software \u201cDibujador de Herramientas\u201d le permite crear r\u00e1pida y f\u00e1cilmente dibujos en 2D a partir de simulaciones de herramientas en 3D directamente desde VirtualGrind<sup>\u00ae<\/sup>Pro.<\/p>\n<p>Se pueden a\u00f1adir las siguientes caracter\u00edsticas al dibujo para facilitar la creaci\u00f3n de una amplia gama de dibujos completos, dibujos seccionales y vistas de detalles:<\/p>\n<ul>\n<li>Herramienta completa, perfil, corte transversal del n\u00facleo, perfil en blanco, resaltado de detalles<\/li>\n<li>Dimensiones y tolerancias en longitudes, \u00e1ngulos, radios, di\u00e1metros, anchos de chafl\u00e1n<\/li>\n<\/ul>\n<p>Los dibujos se pueden mostrar en varias p\u00e1ginas permitiendo una percepci\u00f3n detallada de los planes de fabricaci\u00f3n. El dibujo se puede exportar en formato DXF o como una imagen PNG.<\/p>\n<p>Las vistas de herramientas, como las dimensiones dimensionales, se pueden posicionar f\u00e1cilmente en el boceto para que los dibujos se puedan modificar y personalizar de manera simple y eficiente.<\/p>\n","protected":false},"excerpt":{"rendered":"<p>Genere sus Dibujos de Herramientas en solo unos clics El software \u201cDibujador de Herramientas\u201d le permite crear r\u00e1pida y f\u00e1cilmente dibujos en 2D a partir de simulaciones de herramientas en [&#8230;]\n","protected":false},"featured_media":8217,"template":"","meta":{"_acf_changed":false},"industry":[],"tool-material":[],"tool-range":[],"tool-type":[],"product_brand":[],"product_cat":[926],"product_tag":[],"class_list":{"0":"post-33252","1":"product","2":"type-product","3":"status-publish","4":"has-post-thumbnail","6":"product_cat-software-es","8":"first","9":"instock","10":"shipping-taxable","11":"product-type-simple"},"acf":[],"yoast_head":"<!-- This site is optimized with the Yoast SEO plugin v27.0 - https:\/\/yoast.com\/product\/yoast-seo-wordpress\/ -->\n<title>Dibujador de Herramientas - Rollomatic<\/title>\n<meta name=\"robots\" content=\"index, follow, max-snippet:-1, max-image-preview:large, max-video-preview:-1\" \/>\n<link rel=\"canonical\" href=\"https:\/\/www.rollomatic.ch\/es\/producto\/dibujador-de-herramientas\/\" \/>\n<meta property=\"og:locale\" content=\"es_ES\" \/>\n<meta property=\"og:type\" content=\"article\" \/>\n<meta property=\"og:title\" content=\"Dibujador de Herramientas - Rollomatic\" \/>\n<meta property=\"og:description\" content=\"Genere sus Dibujos de Herramientas en solo unos clics El software \u201cDibujador de Herramientas\u201d le permite crear r\u00e1pida y f\u00e1cilmente dibujos en 2D a partir de simulaciones de herramientas en [...]\" \/>\n<meta property=\"og:url\" content=\"https:\/\/www.rollomatic.ch\/es\/producto\/dibujador-de-herramientas\/\" \/>\n<meta property=\"og:site_name\" content=\"Rollomatic\" \/>\n<meta property=\"article:publisher\" content=\"https:\/\/www.facebook.com\/rollomatic\/\" \/>\n<meta property=\"article:modified_time\" content=\"2025-05-13T12:00:16+00:00\" \/>\n<meta property=\"og:image\" content=\"https:\/\/www.rollomatic.ch\/wp-content\/uploads\/Software-Box_ToolSketcher_c85.jpg\" \/>\n\t<meta property=\"og:image:width\" content=\"870\" \/>\n\t<meta property=\"og:image:height\" content=\"652\" \/>\n\t<meta property=\"og:image:type\" content=\"image\/jpeg\" \/>\n<meta name=\"twitter:card\" content=\"summary_large_image\" \/>\n<meta name=\"twitter:site\" content=\"@rollomatics\" \/>\n<meta name=\"twitter:label1\" content=\"Tiempo de lectura\" \/>\n\t<meta name=\"twitter:data1\" content=\"1 minuto\" \/>\n<script type=\"application\/ld+json\" class=\"yoast-schema-graph\">{\"@context\":\"https:\/\/schema.org\",\"@graph\":[{\"@type\":\"WebPage\",\"@id\":\"https:\/\/www.rollomatic.ch\/es\/producto\/dibujador-de-herramientas\/\",\"url\":\"https:\/\/www.rollomatic.ch\/es\/producto\/dibujador-de-herramientas\/\",\"name\":\"Dibujador de Herramientas - Rollomatic\",\"isPartOf\":{\"@id\":\"https:\/\/www.rollomatic.ch\/es\/#website\"},\"primaryImageOfPage\":{\"@id\":\"https:\/\/www.rollomatic.ch\/es\/producto\/dibujador-de-herramientas\/#primaryimage\"},\"image\":{\"@id\":\"https:\/\/www.rollomatic.ch\/es\/producto\/dibujador-de-herramientas\/#primaryimage\"},\"thumbnailUrl\":\"https:\/\/www.rollomatic.ch\/wp-content\/uploads\/Software-Box_ToolSketcher_c85.jpg\",\"datePublished\":\"2025-04-09T09:33:09+00:00\",\"dateModified\":\"2025-05-13T12:00:16+00:00\",\"breadcrumb\":{\"@id\":\"https:\/\/www.rollomatic.ch\/es\/producto\/dibujador-de-herramientas\/#breadcrumb\"},\"inLanguage\":\"es\",\"potentialAction\":[{\"@type\":\"ReadAction\",\"target\":[\"https:\/\/www.rollomatic.ch\/es\/producto\/dibujador-de-herramientas\/\"]}]},{\"@type\":\"ImageObject\",\"inLanguage\":\"es\",\"@id\":\"https:\/\/www.rollomatic.ch\/es\/producto\/dibujador-de-herramientas\/#primaryimage\",\"url\":\"https:\/\/www.rollomatic.ch\/wp-content\/uploads\/Software-Box_ToolSketcher_c85.jpg\",\"contentUrl\":\"https:\/\/www.rollomatic.ch\/wp-content\/uploads\/Software-Box_ToolSketcher_c85.jpg\",\"width\":870,\"height\":652},{\"@type\":\"BreadcrumbList\",\"@id\":\"https:\/\/www.rollomatic.ch\/es\/producto\/dibujador-de-herramientas\/#breadcrumb\",\"itemListElement\":[{\"@type\":\"ListItem\",\"position\":1,\"name\":\"Home\",\"item\":\"https:\/\/www.rollomatic.ch\/es\/\"},{\"@type\":\"ListItem\",\"position\":2,\"name\":\"Cat\u00e1logo\",\"item\":\"https:\/\/www.rollomatic.ch\/es\/catalogo\/\"},{\"@type\":\"ListItem\",\"position\":3,\"name\":\"Dibujador de Herramientas\"}]},{\"@type\":\"WebSite\",\"@id\":\"https:\/\/www.rollomatic.ch\/es\/#website\",\"url\":\"https:\/\/www.rollomatic.ch\/es\/\",\"name\":\"Rollomatic\",\"description\":\"\",\"publisher\":{\"@id\":\"https:\/\/www.rollomatic.ch\/es\/#organization\"},\"potentialAction\":[{\"@type\":\"SearchAction\",\"target\":{\"@type\":\"EntryPoint\",\"urlTemplate\":\"https:\/\/www.rollomatic.ch\/es\/?s={search_term_string}\"},\"query-input\":{\"@type\":\"PropertyValueSpecification\",\"valueRequired\":true,\"valueName\":\"search_term_string\"}}],\"inLanguage\":\"es\"},{\"@type\":\"Organization\",\"@id\":\"https:\/\/www.rollomatic.ch\/es\/#organization\",\"name\":\"Rollomatic S.A.\",\"url\":\"https:\/\/www.rollomatic.ch\/es\/\",\"logo\":{\"@type\":\"ImageObject\",\"inLanguage\":\"es\",\"@id\":\"https:\/\/www.rollomatic.ch\/es\/#\/schema\/logo\/image\/\",\"url\":\"https:\/\/www.rollomatic.ch\/wp-content\/uploads\/logomark_300.png\",\"contentUrl\":\"https:\/\/www.rollomatic.ch\/wp-content\/uploads\/logomark_300.png\",\"width\":300,\"height\":169,\"caption\":\"Rollomatic S.A.\"},\"image\":{\"@id\":\"https:\/\/www.rollomatic.ch\/es\/#\/schema\/logo\/image\/\"},\"sameAs\":[\"https:\/\/www.facebook.com\/rollomatic\/\",\"https:\/\/x.com\/rollomatics\",\"https:\/\/www.linkedin.com\/company\/rollomatic-sa\/\"]}]}<\/script>\n<!-- \/ Yoast SEO plugin. -->","yoast_head_json":{"title":"Dibujador de Herramientas - Rollomatic","robots":{"index":"index","follow":"follow","max-snippet":"max-snippet:-1","max-image-preview":"max-image-preview:large","max-video-preview":"max-video-preview:-1"},"canonical":"https:\/\/www.rollomatic.ch\/es\/producto\/dibujador-de-herramientas\/","og_locale":"es_ES","og_type":"article","og_title":"Dibujador de Herramientas - Rollomatic","og_description":"Genere sus Dibujos de Herramientas en solo unos clics El software \u201cDibujador de Herramientas\u201d le permite crear r\u00e1pida y f\u00e1cilmente dibujos en 2D a partir de simulaciones de herramientas en [...]","og_url":"https:\/\/www.rollomatic.ch\/es\/producto\/dibujador-de-herramientas\/","og_site_name":"Rollomatic","article_publisher":"https:\/\/www.facebook.com\/rollomatic\/","article_modified_time":"2025-05-13T12:00:16+00:00","og_image":[{"width":870,"height":652,"url":"https:\/\/www.rollomatic.ch\/wp-content\/uploads\/Software-Box_ToolSketcher_c85.jpg","type":"image\/jpeg"}],"twitter_card":"summary_large_image","twitter_site":"@rollomatics","twitter_misc":{"Tiempo de lectura":"1 minuto"},"schema":{"@context":"https:\/\/schema.org","@graph":[{"@type":"WebPage","@id":"https:\/\/www.rollomatic.ch\/es\/producto\/dibujador-de-herramientas\/","url":"https:\/\/www.rollomatic.ch\/es\/producto\/dibujador-de-herramientas\/","name":"Dibujador de Herramientas - Rollomatic","isPartOf":{"@id":"https:\/\/www.rollomatic.ch\/es\/#website"},"primaryImageOfPage":{"@id":"https:\/\/www.rollomatic.ch\/es\/producto\/dibujador-de-herramientas\/#primaryimage"},"image":{"@id":"https:\/\/www.rollomatic.ch\/es\/producto\/dibujador-de-herramientas\/#primaryimage"},"thumbnailUrl":"https:\/\/www.rollomatic.ch\/wp-content\/uploads\/Software-Box_ToolSketcher_c85.jpg","datePublished":"2025-04-09T09:33:09+00:00","dateModified":"2025-05-13T12:00:16+00:00","breadcrumb":{"@id":"https:\/\/www.rollomatic.ch\/es\/producto\/dibujador-de-herramientas\/#breadcrumb"},"inLanguage":"es","potentialAction":[{"@type":"ReadAction","target":["https:\/\/www.rollomatic.ch\/es\/producto\/dibujador-de-herramientas\/"]}]},{"@type":"ImageObject","inLanguage":"es","@id":"https:\/\/www.rollomatic.ch\/es\/producto\/dibujador-de-herramientas\/#primaryimage","url":"https:\/\/www.rollomatic.ch\/wp-content\/uploads\/Software-Box_ToolSketcher_c85.jpg","contentUrl":"https:\/\/www.rollomatic.ch\/wp-content\/uploads\/Software-Box_ToolSketcher_c85.jpg","width":870,"height":652},{"@type":"BreadcrumbList","@id":"https:\/\/www.rollomatic.ch\/es\/producto\/dibujador-de-herramientas\/#breadcrumb","itemListElement":[{"@type":"ListItem","position":1,"name":"Home","item":"https:\/\/www.rollomatic.ch\/es\/"},{"@type":"ListItem","position":2,"name":"Cat\u00e1logo","item":"https:\/\/www.rollomatic.ch\/es\/catalogo\/"},{"@type":"ListItem","position":3,"name":"Dibujador de Herramientas"}]},{"@type":"WebSite","@id":"https:\/\/www.rollomatic.ch\/es\/#website","url":"https:\/\/www.rollomatic.ch\/es\/","name":"Rollomatic","description":"","publisher":{"@id":"https:\/\/www.rollomatic.ch\/es\/#organization"},"potentialAction":[{"@type":"SearchAction","target":{"@type":"EntryPoint","urlTemplate":"https:\/\/www.rollomatic.ch\/es\/?s={search_term_string}"},"query-input":{"@type":"PropertyValueSpecification","valueRequired":true,"valueName":"search_term_string"}}],"inLanguage":"es"},{"@type":"Organization","@id":"https:\/\/www.rollomatic.ch\/es\/#organization","name":"Rollomatic S.A.","url":"https:\/\/www.rollomatic.ch\/es\/","logo":{"@type":"ImageObject","inLanguage":"es","@id":"https:\/\/www.rollomatic.ch\/es\/#\/schema\/logo\/image\/","url":"https:\/\/www.rollomatic.ch\/wp-content\/uploads\/logomark_300.png","contentUrl":"https:\/\/www.rollomatic.ch\/wp-content\/uploads\/logomark_300.png","width":300,"height":169,"caption":"Rollomatic S.A."},"image":{"@id":"https:\/\/www.rollomatic.ch\/es\/#\/schema\/logo\/image\/"},"sameAs":["https:\/\/www.facebook.com\/rollomatic\/","https:\/\/x.com\/rollomatics","https:\/\/www.linkedin.com\/company\/rollomatic-sa\/"]}]}},"_links":{"self":[{"href":"https:\/\/www.rollomatic.ch\/es\/wp-json\/wp\/v2\/product\/33252","targetHints":{"allow":["GET"]}}],"collection":[{"href":"https:\/\/www.rollomatic.ch\/es\/wp-json\/wp\/v2\/product"}],"about":[{"href":"https:\/\/www.rollomatic.ch\/es\/wp-json\/wp\/v2\/types\/product"}],"wp:featuredmedia":[{"embeddable":true,"href":"https:\/\/www.rollomatic.ch\/es\/wp-json\/wp\/v2\/media\/8217"}],"wp:attachment":[{"href":"https:\/\/www.rollomatic.ch\/es\/wp-json\/wp\/v2\/media?parent=33252"}],"wp:term":[{"taxonomy":"industry","embeddable":true,"href":"https:\/\/www.rollomatic.ch\/es\/wp-json\/wp\/v2\/industry?post=33252"},{"taxonomy":"tool-material","embeddable":true,"href":"https:\/\/www.rollomatic.ch\/es\/wp-json\/wp\/v2\/tool-material?post=33252"},{"taxonomy":"tool-range","embeddable":true,"href":"https:\/\/www.rollomatic.ch\/es\/wp-json\/wp\/v2\/tool-range?post=33252"},{"taxonomy":"tool-type","embeddable":true,"href":"https:\/\/www.rollomatic.ch\/es\/wp-json\/wp\/v2\/tool-type?post=33252"},{"taxonomy":"product_brand","embeddable":true,"href":"https:\/\/www.rollomatic.ch\/es\/wp-json\/wp\/v2\/product_brand?post=33252"},{"taxonomy":"product_cat","embeddable":true,"href":"https:\/\/www.rollomatic.ch\/es\/wp-json\/wp\/v2\/product_cat?post=33252"},{"taxonomy":"product_tag","embeddable":true,"href":"https:\/\/www.rollomatic.ch\/es\/wp-json\/wp\/v2\/product_tag?post=33252"}],"curies":[{"name":"wp","href":"https:\/\/api.w.org\/{rel}","templated":true}]}}