{"id":33263,"date":"2024-04-03T10:33:42","date_gmt":"2024-04-03T10:33:42","guid":{"rendered":"https:\/\/www.rollomatic.ch\/product\/conectividad-inteligente\/"},"modified":"2025-05-13T12:00:17","modified_gmt":"2025-05-13T12:00:17","slug":"conectividad-inteligente","status":"publish","type":"product","link":"https:\/\/www.rollomatic.ch\/es\/producto\/conectividad-inteligente\/","title":{"rendered":"Conectividad Inteligente"},"content":{"rendered":"<h3>En el coraz\u00f3n de la industria 4.0<\/h3>\n<p>La industria 4.0 es un mundo en constante evoluci\u00f3n, y se han desarrollado herramientas de gesti\u00f3n para optimizar su productividad. Rollomatic se esfuerza por desarrollar soluciones de conectividad que cumplan con el est\u00e1ndar UMATI, facilitando conexiones entre perif\u00e9ricos en los procesos de producci\u00f3n y aprovechando los datos disponibles<\/p>\n<p>Para lograr esto, te ofrecemos dos productos:<\/p>\n<ol>\n<li>RCONNECT, acceso a datos de software y herramientas<\/li>\n<li>RMONITOR, una instant\u00e1nea de la productividad de la m\u00e1quina<\/li>\n<\/ol>\n","protected":false},"excerpt":{"rendered":"<p>En el coraz\u00f3n de la industria 4.0 La industria 4.0 es un mundo en constante evoluci\u00f3n, y se han desarrollado herramientas de gesti\u00f3n para optimizar su productividad. Rollomatic se esfuerza [&#8230;]\n","protected":false},"featured_media":8206,"template":"","meta":{"_acf_changed":false},"industry":[],"tool-material":[],"tool-range":[],"tool-type":[],"product_brand":[],"product_cat":[450],"product_tag":[],"class_list":{"0":"post-33263","1":"product","2":"type-product","3":"status-publish","4":"has-post-thumbnail","6":"product_cat-grindsmart","8":"first","9":"instock","10":"shipping-taxable","11":"product-type-simple"},"acf":[],"yoast_head":"<!-- This site is optimized with the Yoast SEO plugin v27.0 - https:\/\/yoast.com\/product\/yoast-seo-wordpress\/ -->\n<title>Conectividad Inteligente - Rollomatic<\/title>\n<meta name=\"robots\" content=\"index, follow, max-snippet:-1, max-image-preview:large, max-video-preview:-1\" \/>\n<link rel=\"canonical\" href=\"https:\/\/www.rollomatic.ch\/es\/producto\/conectividad-inteligente\/\" \/>\n<meta property=\"og:locale\" content=\"es_ES\" \/>\n<meta property=\"og:type\" content=\"article\" \/>\n<meta property=\"og:title\" content=\"Conectividad Inteligente - Rollomatic\" \/>\n<meta property=\"og:description\" content=\"En el coraz\u00f3n de la industria 4.0 La industria 4.0 es un mundo en constante evoluci\u00f3n, y se han desarrollado herramientas de gesti\u00f3n para optimizar su productividad. Rollomatic se esfuerza [...]\" \/>\n<meta property=\"og:url\" content=\"https:\/\/www.rollomatic.ch\/es\/producto\/conectividad-inteligente\/\" \/>\n<meta property=\"og:site_name\" content=\"Rollomatic\" \/>\n<meta property=\"article:publisher\" content=\"https:\/\/www.facebook.com\/rollomatic\/\" \/>\n<meta property=\"article:modified_time\" content=\"2025-05-13T12:00:17+00:00\" \/>\n<meta property=\"og:image\" content=\"https:\/\/www.rollomatic.ch\/wp-content\/uploads\/Software-Box_SmartConnectivity_c85.jpg\" \/>\n\t<meta property=\"og:image:width\" content=\"870\" \/>\n\t<meta property=\"og:image:height\" content=\"652\" \/>\n\t<meta property=\"og:image:type\" content=\"image\/jpeg\" \/>\n<meta name=\"twitter:card\" content=\"summary_large_image\" \/>\n<meta name=\"twitter:site\" content=\"@rollomatics\" \/>\n<script type=\"application\/ld+json\" class=\"yoast-schema-graph\">{\"@context\":\"https:\/\/schema.org\",\"@graph\":[{\"@type\":\"WebPage\",\"@id\":\"https:\/\/www.rollomatic.ch\/es\/producto\/conectividad-inteligente\/\",\"url\":\"https:\/\/www.rollomatic.ch\/es\/producto\/conectividad-inteligente\/\",\"name\":\"Conectividad Inteligente - Rollomatic\",\"isPartOf\":{\"@id\":\"https:\/\/www.rollomatic.ch\/es\/#website\"},\"primaryImageOfPage\":{\"@id\":\"https:\/\/www.rollomatic.ch\/es\/producto\/conectividad-inteligente\/#primaryimage\"},\"image\":{\"@id\":\"https:\/\/www.rollomatic.ch\/es\/producto\/conectividad-inteligente\/#primaryimage\"},\"thumbnailUrl\":\"https:\/\/www.rollomatic.ch\/wp-content\/uploads\/Software-Box_SmartConnectivity_c85.jpg\",\"datePublished\":\"2024-04-03T10:33:42+00:00\",\"dateModified\":\"2025-05-13T12:00:17+00:00\",\"breadcrumb\":{\"@id\":\"https:\/\/www.rollomatic.ch\/es\/producto\/conectividad-inteligente\/#breadcrumb\"},\"inLanguage\":\"es\",\"potentialAction\":[{\"@type\":\"ReadAction\",\"target\":[\"https:\/\/www.rollomatic.ch\/es\/producto\/conectividad-inteligente\/\"]}]},{\"@type\":\"ImageObject\",\"inLanguage\":\"es\",\"@id\":\"https:\/\/www.rollomatic.ch\/es\/producto\/conectividad-inteligente\/#primaryimage\",\"url\":\"https:\/\/www.rollomatic.ch\/wp-content\/uploads\/Software-Box_SmartConnectivity_c85.jpg\",\"contentUrl\":\"https:\/\/www.rollomatic.ch\/wp-content\/uploads\/Software-Box_SmartConnectivity_c85.jpg\",\"width\":870,\"height\":652},{\"@type\":\"BreadcrumbList\",\"@id\":\"https:\/\/www.rollomatic.ch\/es\/producto\/conectividad-inteligente\/#breadcrumb\",\"itemListElement\":[{\"@type\":\"ListItem\",\"position\":1,\"name\":\"Home\",\"item\":\"https:\/\/www.rollomatic.ch\/es\/\"},{\"@type\":\"ListItem\",\"position\":2,\"name\":\"Cat\u00e1logo\",\"item\":\"https:\/\/www.rollomatic.ch\/es\/catalogo\/\"},{\"@type\":\"ListItem\",\"position\":3,\"name\":\"Conectividad Inteligente\"}]},{\"@type\":\"WebSite\",\"@id\":\"https:\/\/www.rollomatic.ch\/es\/#website\",\"url\":\"https:\/\/www.rollomatic.ch\/es\/\",\"name\":\"Rollomatic\",\"description\":\"\",\"publisher\":{\"@id\":\"https:\/\/www.rollomatic.ch\/es\/#organization\"},\"potentialAction\":[{\"@type\":\"SearchAction\",\"target\":{\"@type\":\"EntryPoint\",\"urlTemplate\":\"https:\/\/www.rollomatic.ch\/es\/?s={search_term_string}\"},\"query-input\":{\"@type\":\"PropertyValueSpecification\",\"valueRequired\":true,\"valueName\":\"search_term_string\"}}],\"inLanguage\":\"es\"},{\"@type\":\"Organization\",\"@id\":\"https:\/\/www.rollomatic.ch\/es\/#organization\",\"name\":\"Rollomatic S.A.\",\"url\":\"https:\/\/www.rollomatic.ch\/es\/\",\"logo\":{\"@type\":\"ImageObject\",\"inLanguage\":\"es\",\"@id\":\"https:\/\/www.rollomatic.ch\/es\/#\/schema\/logo\/image\/\",\"url\":\"https:\/\/www.rollomatic.ch\/wp-content\/uploads\/logomark_300.png\",\"contentUrl\":\"https:\/\/www.rollomatic.ch\/wp-content\/uploads\/logomark_300.png\",\"width\":300,\"height\":169,\"caption\":\"Rollomatic S.A.\"},\"image\":{\"@id\":\"https:\/\/www.rollomatic.ch\/es\/#\/schema\/logo\/image\/\"},\"sameAs\":[\"https:\/\/www.facebook.com\/rollomatic\/\",\"https:\/\/x.com\/rollomatics\",\"https:\/\/www.linkedin.com\/company\/rollomatic-sa\/\"]}]}<\/script>\n<!-- \/ Yoast SEO plugin. -->","yoast_head_json":{"title":"Conectividad Inteligente - Rollomatic","robots":{"index":"index","follow":"follow","max-snippet":"max-snippet:-1","max-image-preview":"max-image-preview:large","max-video-preview":"max-video-preview:-1"},"canonical":"https:\/\/www.rollomatic.ch\/es\/producto\/conectividad-inteligente\/","og_locale":"es_ES","og_type":"article","og_title":"Conectividad Inteligente - Rollomatic","og_description":"En el coraz\u00f3n de la industria 4.0 La industria 4.0 es un mundo en constante evoluci\u00f3n, y se han desarrollado herramientas de gesti\u00f3n para optimizar su productividad. Rollomatic se esfuerza [...]","og_url":"https:\/\/www.rollomatic.ch\/es\/producto\/conectividad-inteligente\/","og_site_name":"Rollomatic","article_publisher":"https:\/\/www.facebook.com\/rollomatic\/","article_modified_time":"2025-05-13T12:00:17+00:00","og_image":[{"width":870,"height":652,"url":"https:\/\/www.rollomatic.ch\/wp-content\/uploads\/Software-Box_SmartConnectivity_c85.jpg","type":"image\/jpeg"}],"twitter_card":"summary_large_image","twitter_site":"@rollomatics","schema":{"@context":"https:\/\/schema.org","@graph":[{"@type":"WebPage","@id":"https:\/\/www.rollomatic.ch\/es\/producto\/conectividad-inteligente\/","url":"https:\/\/www.rollomatic.ch\/es\/producto\/conectividad-inteligente\/","name":"Conectividad Inteligente - Rollomatic","isPartOf":{"@id":"https:\/\/www.rollomatic.ch\/es\/#website"},"primaryImageOfPage":{"@id":"https:\/\/www.rollomatic.ch\/es\/producto\/conectividad-inteligente\/#primaryimage"},"image":{"@id":"https:\/\/www.rollomatic.ch\/es\/producto\/conectividad-inteligente\/#primaryimage"},"thumbnailUrl":"https:\/\/www.rollomatic.ch\/wp-content\/uploads\/Software-Box_SmartConnectivity_c85.jpg","datePublished":"2024-04-03T10:33:42+00:00","dateModified":"2025-05-13T12:00:17+00:00","breadcrumb":{"@id":"https:\/\/www.rollomatic.ch\/es\/producto\/conectividad-inteligente\/#breadcrumb"},"inLanguage":"es","potentialAction":[{"@type":"ReadAction","target":["https:\/\/www.rollomatic.ch\/es\/producto\/conectividad-inteligente\/"]}]},{"@type":"ImageObject","inLanguage":"es","@id":"https:\/\/www.rollomatic.ch\/es\/producto\/conectividad-inteligente\/#primaryimage","url":"https:\/\/www.rollomatic.ch\/wp-content\/uploads\/Software-Box_SmartConnectivity_c85.jpg","contentUrl":"https:\/\/www.rollomatic.ch\/wp-content\/uploads\/Software-Box_SmartConnectivity_c85.jpg","width":870,"height":652},{"@type":"BreadcrumbList","@id":"https:\/\/www.rollomatic.ch\/es\/producto\/conectividad-inteligente\/#breadcrumb","itemListElement":[{"@type":"ListItem","position":1,"name":"Home","item":"https:\/\/www.rollomatic.ch\/es\/"},{"@type":"ListItem","position":2,"name":"Cat\u00e1logo","item":"https:\/\/www.rollomatic.ch\/es\/catalogo\/"},{"@type":"ListItem","position":3,"name":"Conectividad Inteligente"}]},{"@type":"WebSite","@id":"https:\/\/www.rollomatic.ch\/es\/#website","url":"https:\/\/www.rollomatic.ch\/es\/","name":"Rollomatic","description":"","publisher":{"@id":"https:\/\/www.rollomatic.ch\/es\/#organization"},"potentialAction":[{"@type":"SearchAction","target":{"@type":"EntryPoint","urlTemplate":"https:\/\/www.rollomatic.ch\/es\/?s={search_term_string}"},"query-input":{"@type":"PropertyValueSpecification","valueRequired":true,"valueName":"search_term_string"}}],"inLanguage":"es"},{"@type":"Organization","@id":"https:\/\/www.rollomatic.ch\/es\/#organization","name":"Rollomatic S.A.","url":"https:\/\/www.rollomatic.ch\/es\/","logo":{"@type":"ImageObject","inLanguage":"es","@id":"https:\/\/www.rollomatic.ch\/es\/#\/schema\/logo\/image\/","url":"https:\/\/www.rollomatic.ch\/wp-content\/uploads\/logomark_300.png","contentUrl":"https:\/\/www.rollomatic.ch\/wp-content\/uploads\/logomark_300.png","width":300,"height":169,"caption":"Rollomatic S.A."},"image":{"@id":"https:\/\/www.rollomatic.ch\/es\/#\/schema\/logo\/image\/"},"sameAs":["https:\/\/www.facebook.com\/rollomatic\/","https:\/\/x.com\/rollomatics","https:\/\/www.linkedin.com\/company\/rollomatic-sa\/"]}]}},"_links":{"self":[{"href":"https:\/\/www.rollomatic.ch\/es\/wp-json\/wp\/v2\/product\/33263","targetHints":{"allow":["GET"]}}],"collection":[{"href":"https:\/\/www.rollomatic.ch\/es\/wp-json\/wp\/v2\/product"}],"about":[{"href":"https:\/\/www.rollomatic.ch\/es\/wp-json\/wp\/v2\/types\/product"}],"wp:featuredmedia":[{"embeddable":true,"href":"https:\/\/www.rollomatic.ch\/es\/wp-json\/wp\/v2\/media\/8206"}],"wp:attachment":[{"href":"https:\/\/www.rollomatic.ch\/es\/wp-json\/wp\/v2\/media?parent=33263"}],"wp:term":[{"taxonomy":"industry","embeddable":true,"href":"https:\/\/www.rollomatic.ch\/es\/wp-json\/wp\/v2\/industry?post=33263"},{"taxonomy":"tool-material","embeddable":true,"href":"https:\/\/www.rollomatic.ch\/es\/wp-json\/wp\/v2\/tool-material?post=33263"},{"taxonomy":"tool-range","embeddable":true,"href":"https:\/\/www.rollomatic.ch\/es\/wp-json\/wp\/v2\/tool-range?post=33263"},{"taxonomy":"tool-type","embeddable":true,"href":"https:\/\/www.rollomatic.ch\/es\/wp-json\/wp\/v2\/tool-type?post=33263"},{"taxonomy":"product_brand","embeddable":true,"href":"https:\/\/www.rollomatic.ch\/es\/wp-json\/wp\/v2\/product_brand?post=33263"},{"taxonomy":"product_cat","embeddable":true,"href":"https:\/\/www.rollomatic.ch\/es\/wp-json\/wp\/v2\/product_cat?post=33263"},{"taxonomy":"product_tag","embeddable":true,"href":"https:\/\/www.rollomatic.ch\/es\/wp-json\/wp\/v2\/product_tag?post=33263"}],"curies":[{"name":"wp","href":"https:\/\/api.w.org\/{rel}","templated":true}]}}