{"id":33311,"date":"2024-05-28T13:53:17","date_gmt":"2024-05-28T13:53:17","guid":{"rendered":"https:\/\/www.rollomatic.ch\/product\/grindsmart-630rw\/"},"modified":"2025-05-13T12:02:10","modified_gmt":"2025-05-13T12:02:10","slug":"grindsmart-630rw","status":"publish","type":"product","link":"https:\/\/www.rollomatic.ch\/es\/producto\/grindsmart-630rw\/","title":{"rendered":"GrindSmart\u00ae 630RW"},"content":{"rendered":"<p>Para satisfacer la demanda creciente de las industrias de tecnolog\u00eda m\u00e9dica, Rollomatic presenta una evoluci\u00f3n de la serie insignia GrindSmart\u00ae630, que ahora incluye un robot Fanuc de 6 ejes con mayor flexibilidad y la capacidad de cargar herramientas con una longitud total de hasta 500,0 mm.<\/p>\n<p>Las m\u00e1quinas rectificadoras GrindSmart\u00ae630RW3, RW y RS de 6 ejes y alta precisi\u00f3n son ideales para producir brocas largas, especialmente en el sector m\u00e9dico. La cinem\u00e1tica innovadora de estos nuevos modelos de m\u00e1quina permite que se adapten perfectamente para producir una amplia variedad de aplicaciones que abarcan una gama de di\u00e1metros de 0,1 a 20,0 mm, tanto en ciclos de producci\u00f3n grandes como peque\u00f1os.<\/p>\n<p>El equipamiento de la gama de herramientas rectificadoras GrindSmart\u00ae cuenta con motores de par lineal y rotativo que proporcionan un mejor acabado de superficie. Gracias a la combinaci\u00f3n con el husillo s\u00edncrono, esta tecnolog\u00eda garantiza una velocidad de rotaci\u00f3n constante, independientemente de la carga del motor, para obtener superficies uniformes. El uso del mismo aceite refrigerante para los motores lineales y el rectificado facilita una producci\u00f3n de alto rendimiento a temperatura constante, sin consumo adicional de energ\u00eda.<\/p>\n","protected":false},"excerpt":{"rendered":"<p>Para satisfacer la demanda creciente de las industrias de tecnolog\u00eda m\u00e9dica, Rollomatic presenta una evoluci\u00f3n de la serie insignia GrindSmart\u00ae630, que ahora incluye un robot Fanuc de 6 ejes con [&#8230;]\n","protected":false},"featured_media":11535,"template":"","meta":{"_acf_changed":false},"industry":[838,832],"tool-material":[],"tool-range":[],"tool-type":[],"product_brand":[],"product_cat":[818,841,819,820],"product_tag":[821],"class_list":{"0":"post-33311","1":"product","2":"type-product","3":"status-publish","4":"has-post-thumbnail","6":"industry-aplicaciones-personalizadas","7":"industry-medico","8":"product_cat-grindsmart-es","9":"product_cat-plaquitas-torneado-interno","10":"product_cat-herramientas-de-corte-cilindrico","11":"product_cat-rectificado-de-herramientas-de-corte","12":"product_tag-rectificado-de-herramientas-de-corte","14":"first","15":"instock","16":"shipping-taxable","17":"product-type-simple"},"acf":[],"yoast_head":"<!-- This site is optimized with the Yoast SEO plugin v27.0 - https:\/\/yoast.com\/product\/yoast-seo-wordpress\/ -->\n<title>GrindSmart\u00ae 630RW - Rollomatic<\/title>\n<meta name=\"description\" content=\"M\u00e1quina de rectificado de herramientas con 6 ejes para rectificado de producci\u00f3n y rectificado de corta duraci\u00f3n de herramientas de corte rotativas y estacionarias de 0,1 mm a 20 mm (.004\u201d a \u00be\u201d)\" \/>\n<meta name=\"robots\" content=\"index, follow, max-snippet:-1, max-image-preview:large, max-video-preview:-1\" \/>\n<link rel=\"canonical\" href=\"https:\/\/www.rollomatic.ch\/es\/producto\/grindsmart-630rw\/\" \/>\n<meta property=\"og:locale\" content=\"es_ES\" \/>\n<meta property=\"og:type\" content=\"article\" \/>\n<meta property=\"og:title\" content=\"GrindSmart\u00ae 630RW - Rollomatic\" \/>\n<meta property=\"og:description\" content=\"M\u00e1quina de rectificado de herramientas con 6 ejes para rectificado de producci\u00f3n y rectificado de corta duraci\u00f3n de herramientas de corte rotativas y estacionarias de 0,1 mm a 20 mm (.004\u201d a \u00be\u201d)\" \/>\n<meta property=\"og:url\" content=\"https:\/\/www.rollomatic.ch\/es\/producto\/grindsmart-630rw\/\" \/>\n<meta property=\"og:site_name\" content=\"Rollomatic\" \/>\n<meta property=\"article:publisher\" content=\"https:\/\/www.facebook.com\/rollomatic\/\" \/>\n<meta property=\"article:modified_time\" content=\"2025-05-13T12:02:10+00:00\" \/>\n<meta property=\"og:image\" content=\"https:\/\/www.rollomatic.ch\/wp-content\/uploads\/630RW-SHINY_1.webp\" \/>\n\t<meta property=\"og:image:width\" content=\"2560\" \/>\n\t<meta property=\"og:image:height\" content=\"1440\" \/>\n\t<meta property=\"og:image:type\" content=\"image\/webp\" \/>\n<meta name=\"twitter:card\" content=\"summary_large_image\" \/>\n<meta name=\"twitter:site\" content=\"@rollomatics\" \/>\n<meta name=\"twitter:label1\" content=\"Tiempo de lectura\" \/>\n\t<meta name=\"twitter:data1\" content=\"1 minuto\" \/>\n<script type=\"application\/ld+json\" class=\"yoast-schema-graph\">{\"@context\":\"https:\/\/schema.org\",\"@graph\":[{\"@type\":\"WebPage\",\"@id\":\"https:\/\/www.rollomatic.ch\/es\/producto\/grindsmart-630rw\/\",\"url\":\"https:\/\/www.rollomatic.ch\/es\/producto\/grindsmart-630rw\/\",\"name\":\"GrindSmart\u00ae 630RW - Rollomatic\",\"isPartOf\":{\"@id\":\"https:\/\/www.rollomatic.ch\/es\/#website\"},\"primaryImageOfPage\":{\"@id\":\"https:\/\/www.rollomatic.ch\/es\/producto\/grindsmart-630rw\/#primaryimage\"},\"image\":{\"@id\":\"https:\/\/www.rollomatic.ch\/es\/producto\/grindsmart-630rw\/#primaryimage\"},\"thumbnailUrl\":\"https:\/\/www.rollomatic.ch\/wp-content\/uploads\/630RW-SHINY_1.webp\",\"datePublished\":\"2024-05-28T13:53:17+00:00\",\"dateModified\":\"2025-05-13T12:02:10+00:00\",\"description\":\"M\u00e1quina de rectificado de herramientas con 6 ejes para rectificado de producci\u00f3n y rectificado de corta duraci\u00f3n de herramientas de corte rotativas y estacionarias de 0,1 mm a 20 mm (.004\u201d a \u00be\u201d)\",\"breadcrumb\":{\"@id\":\"https:\/\/www.rollomatic.ch\/es\/producto\/grindsmart-630rw\/#breadcrumb\"},\"inLanguage\":\"es\",\"potentialAction\":[{\"@type\":\"ReadAction\",\"target\":[\"https:\/\/www.rollomatic.ch\/es\/producto\/grindsmart-630rw\/\"]}]},{\"@type\":\"ImageObject\",\"inLanguage\":\"es\",\"@id\":\"https:\/\/www.rollomatic.ch\/es\/producto\/grindsmart-630rw\/#primaryimage\",\"url\":\"https:\/\/www.rollomatic.ch\/wp-content\/uploads\/630RW-SHINY_1.webp\",\"contentUrl\":\"https:\/\/www.rollomatic.ch\/wp-content\/uploads\/630RW-SHINY_1.webp\",\"width\":2560,\"height\":1440},{\"@type\":\"BreadcrumbList\",\"@id\":\"https:\/\/www.rollomatic.ch\/es\/producto\/grindsmart-630rw\/#breadcrumb\",\"itemListElement\":[{\"@type\":\"ListItem\",\"position\":1,\"name\":\"Home\",\"item\":\"https:\/\/www.rollomatic.ch\/es\/\"},{\"@type\":\"ListItem\",\"position\":2,\"name\":\"Cat\u00e1logo\",\"item\":\"https:\/\/www.rollomatic.ch\/es\/catalogo\/\"},{\"@type\":\"ListItem\",\"position\":3,\"name\":\"GrindSmart\u00ae 630RW\"}]},{\"@type\":\"WebSite\",\"@id\":\"https:\/\/www.rollomatic.ch\/es\/#website\",\"url\":\"https:\/\/www.rollomatic.ch\/es\/\",\"name\":\"Rollomatic\",\"description\":\"\",\"publisher\":{\"@id\":\"https:\/\/www.rollomatic.ch\/es\/#organization\"},\"potentialAction\":[{\"@type\":\"SearchAction\",\"target\":{\"@type\":\"EntryPoint\",\"urlTemplate\":\"https:\/\/www.rollomatic.ch\/es\/?s={search_term_string}\"},\"query-input\":{\"@type\":\"PropertyValueSpecification\",\"valueRequired\":true,\"valueName\":\"search_term_string\"}}],\"inLanguage\":\"es\"},{\"@type\":\"Organization\",\"@id\":\"https:\/\/www.rollomatic.ch\/es\/#organization\",\"name\":\"Rollomatic S.A.\",\"url\":\"https:\/\/www.rollomatic.ch\/es\/\",\"logo\":{\"@type\":\"ImageObject\",\"inLanguage\":\"es\",\"@id\":\"https:\/\/www.rollomatic.ch\/es\/#\/schema\/logo\/image\/\",\"url\":\"https:\/\/www.rollomatic.ch\/wp-content\/uploads\/logomark_300.png\",\"contentUrl\":\"https:\/\/www.rollomatic.ch\/wp-content\/uploads\/logomark_300.png\",\"width\":300,\"height\":169,\"caption\":\"Rollomatic S.A.\"},\"image\":{\"@id\":\"https:\/\/www.rollomatic.ch\/es\/#\/schema\/logo\/image\/\"},\"sameAs\":[\"https:\/\/www.facebook.com\/rollomatic\/\",\"https:\/\/x.com\/rollomatics\",\"https:\/\/www.linkedin.com\/company\/rollomatic-sa\/\"]}]}<\/script>\n<!-- \/ Yoast SEO plugin. -->","yoast_head_json":{"title":"GrindSmart\u00ae 630RW - Rollomatic","description":"M\u00e1quina de rectificado de herramientas con 6 ejes para rectificado de producci\u00f3n y rectificado de corta duraci\u00f3n de herramientas de corte rotativas y estacionarias de 0,1 mm a 20 mm (.004\u201d a \u00be\u201d)","robots":{"index":"index","follow":"follow","max-snippet":"max-snippet:-1","max-image-preview":"max-image-preview:large","max-video-preview":"max-video-preview:-1"},"canonical":"https:\/\/www.rollomatic.ch\/es\/producto\/grindsmart-630rw\/","og_locale":"es_ES","og_type":"article","og_title":"GrindSmart\u00ae 630RW - Rollomatic","og_description":"M\u00e1quina de rectificado de herramientas con 6 ejes para rectificado de producci\u00f3n y rectificado de corta duraci\u00f3n de herramientas de corte rotativas y estacionarias de 0,1 mm a 20 mm (.004\u201d a \u00be\u201d)","og_url":"https:\/\/www.rollomatic.ch\/es\/producto\/grindsmart-630rw\/","og_site_name":"Rollomatic","article_publisher":"https:\/\/www.facebook.com\/rollomatic\/","article_modified_time":"2025-05-13T12:02:10+00:00","og_image":[{"width":2560,"height":1440,"url":"https:\/\/www.rollomatic.ch\/wp-content\/uploads\/630RW-SHINY_1.webp","type":"image\/webp"}],"twitter_card":"summary_large_image","twitter_site":"@rollomatics","twitter_misc":{"Tiempo de lectura":"1 minuto"},"schema":{"@context":"https:\/\/schema.org","@graph":[{"@type":"WebPage","@id":"https:\/\/www.rollomatic.ch\/es\/producto\/grindsmart-630rw\/","url":"https:\/\/www.rollomatic.ch\/es\/producto\/grindsmart-630rw\/","name":"GrindSmart\u00ae 630RW - Rollomatic","isPartOf":{"@id":"https:\/\/www.rollomatic.ch\/es\/#website"},"primaryImageOfPage":{"@id":"https:\/\/www.rollomatic.ch\/es\/producto\/grindsmart-630rw\/#primaryimage"},"image":{"@id":"https:\/\/www.rollomatic.ch\/es\/producto\/grindsmart-630rw\/#primaryimage"},"thumbnailUrl":"https:\/\/www.rollomatic.ch\/wp-content\/uploads\/630RW-SHINY_1.webp","datePublished":"2024-05-28T13:53:17+00:00","dateModified":"2025-05-13T12:02:10+00:00","description":"M\u00e1quina de rectificado de herramientas con 6 ejes para rectificado de producci\u00f3n y rectificado de corta duraci\u00f3n de herramientas de corte rotativas y estacionarias de 0,1 mm a 20 mm (.004\u201d a \u00be\u201d)","breadcrumb":{"@id":"https:\/\/www.rollomatic.ch\/es\/producto\/grindsmart-630rw\/#breadcrumb"},"inLanguage":"es","potentialAction":[{"@type":"ReadAction","target":["https:\/\/www.rollomatic.ch\/es\/producto\/grindsmart-630rw\/"]}]},{"@type":"ImageObject","inLanguage":"es","@id":"https:\/\/www.rollomatic.ch\/es\/producto\/grindsmart-630rw\/#primaryimage","url":"https:\/\/www.rollomatic.ch\/wp-content\/uploads\/630RW-SHINY_1.webp","contentUrl":"https:\/\/www.rollomatic.ch\/wp-content\/uploads\/630RW-SHINY_1.webp","width":2560,"height":1440},{"@type":"BreadcrumbList","@id":"https:\/\/www.rollomatic.ch\/es\/producto\/grindsmart-630rw\/#breadcrumb","itemListElement":[{"@type":"ListItem","position":1,"name":"Home","item":"https:\/\/www.rollomatic.ch\/es\/"},{"@type":"ListItem","position":2,"name":"Cat\u00e1logo","item":"https:\/\/www.rollomatic.ch\/es\/catalogo\/"},{"@type":"ListItem","position":3,"name":"GrindSmart\u00ae 630RW"}]},{"@type":"WebSite","@id":"https:\/\/www.rollomatic.ch\/es\/#website","url":"https:\/\/www.rollomatic.ch\/es\/","name":"Rollomatic","description":"","publisher":{"@id":"https:\/\/www.rollomatic.ch\/es\/#organization"},"potentialAction":[{"@type":"SearchAction","target":{"@type":"EntryPoint","urlTemplate":"https:\/\/www.rollomatic.ch\/es\/?s={search_term_string}"},"query-input":{"@type":"PropertyValueSpecification","valueRequired":true,"valueName":"search_term_string"}}],"inLanguage":"es"},{"@type":"Organization","@id":"https:\/\/www.rollomatic.ch\/es\/#organization","name":"Rollomatic S.A.","url":"https:\/\/www.rollomatic.ch\/es\/","logo":{"@type":"ImageObject","inLanguage":"es","@id":"https:\/\/www.rollomatic.ch\/es\/#\/schema\/logo\/image\/","url":"https:\/\/www.rollomatic.ch\/wp-content\/uploads\/logomark_300.png","contentUrl":"https:\/\/www.rollomatic.ch\/wp-content\/uploads\/logomark_300.png","width":300,"height":169,"caption":"Rollomatic S.A."},"image":{"@id":"https:\/\/www.rollomatic.ch\/es\/#\/schema\/logo\/image\/"},"sameAs":["https:\/\/www.facebook.com\/rollomatic\/","https:\/\/x.com\/rollomatics","https:\/\/www.linkedin.com\/company\/rollomatic-sa\/"]}]}},"_links":{"self":[{"href":"https:\/\/www.rollomatic.ch\/es\/wp-json\/wp\/v2\/product\/33311","targetHints":{"allow":["GET"]}}],"collection":[{"href":"https:\/\/www.rollomatic.ch\/es\/wp-json\/wp\/v2\/product"}],"about":[{"href":"https:\/\/www.rollomatic.ch\/es\/wp-json\/wp\/v2\/types\/product"}],"wp:featuredmedia":[{"embeddable":true,"href":"https:\/\/www.rollomatic.ch\/es\/wp-json\/wp\/v2\/media\/11535"}],"wp:attachment":[{"href":"https:\/\/www.rollomatic.ch\/es\/wp-json\/wp\/v2\/media?parent=33311"}],"wp:term":[{"taxonomy":"industry","embeddable":true,"href":"https:\/\/www.rollomatic.ch\/es\/wp-json\/wp\/v2\/industry?post=33311"},{"taxonomy":"tool-material","embeddable":true,"href":"https:\/\/www.rollomatic.ch\/es\/wp-json\/wp\/v2\/tool-material?post=33311"},{"taxonomy":"tool-range","embeddable":true,"href":"https:\/\/www.rollomatic.ch\/es\/wp-json\/wp\/v2\/tool-range?post=33311"},{"taxonomy":"tool-type","embeddable":true,"href":"https:\/\/www.rollomatic.ch\/es\/wp-json\/wp\/v2\/tool-type?post=33311"},{"taxonomy":"product_brand","embeddable":true,"href":"https:\/\/www.rollomatic.ch\/es\/wp-json\/wp\/v2\/product_brand?post=33311"},{"taxonomy":"product_cat","embeddable":true,"href":"https:\/\/www.rollomatic.ch\/es\/wp-json\/wp\/v2\/product_cat?post=33311"},{"taxonomy":"product_tag","embeddable":true,"href":"https:\/\/www.rollomatic.ch\/es\/wp-json\/wp\/v2\/product_tag?post=33311"}],"curies":[{"name":"wp","href":"https:\/\/api.w.org\/{rel}","templated":true}]}}