{"id":32069,"date":"2025-04-09T07:52:45","date_gmt":"2025-04-09T07:52:45","guid":{"rendered":"https:\/\/www.rollomatic.ch\/solutions\/"},"modified":"2025-05-13T11:41:38","modified_gmt":"2025-05-13T11:41:38","slug":"solutions","status":"publish","type":"page","link":"https:\/\/www.rollomatic.ch\/fr\/solutions\/","title":{"rendered":"Solutions"},"content":{"rendered":"\n\t<section class=\"section\" id=\"section_85336639\">\n\t\t<div class=\"section-bg fill\" >\n\t\t\t\t\t\t\t\t\t\n\t\t\t\n\n\t\t<\/div>\n\n\t\t\n\n\t\t<div class=\"section-content relative\">\n\t\t\t\n<div class=\"row\"  id=\"row-565427293\">\n\n\t<div id=\"col-1809025526\" class=\"col small-12 large-12\"  >\n\t\t\t\t<div class=\"col-inner\"  >\n\t\t\t\n\t\t\t\n<div class=\"row\"  id=\"row-809955611\">\n\n\n\t<div id=\"col-189708260\" class=\"col small-12 large-12\"  >\n\t\t\t\t<div class=\"col-inner\"  >\n\t\t\t\n\t\t\t\n\n\n  \n    <div class=\"row large-columns-4 medium-columns-3 small-columns-2 row-small slider row-slider slider-nav-reveal slider-nav-push\"  data-flickity-options='{&quot;imagesLoaded&quot;: true, &quot;groupCells&quot;: &quot;100%&quot;, &quot;dragThreshold&quot; : 5, &quot;cellAlign&quot;: &quot;left&quot;,&quot;wrapAround&quot;: true,&quot;prevNextButtons&quot;: true,&quot;percentPosition&quot;: true,&quot;pageDots&quot;: false, &quot;rightToLeft&quot;: false, &quot;autoPlay&quot; : false}' >\n\n  <div class=\"product-category col\" ><div class=\"col-inner\"><a aria-label=\"Acc\u00e9der \u00e0 la cat\u00e9gorie de produits Outils Coupants Cylindriques\" href=\"https:\/\/www.rollomatic.ch\/fr\/tools\/solutions-fr\/rotary-cutting-tools\/\"><div class=\"box box-category has-hover box-default\"><div class=\"box-image\" ><div class=\"image-cover\" style=\"padding-top:100%;\"><img loading=\"lazy\" decoding=\"async\" src=\"https:\/\/www.rollomatic.ch\/wp-content\/uploads\/Rotary-Cutting-Tools-1-600x450.jpg\" alt=\"Outils Coupants Cylindriques\" width=\"300\" height=\"300\" \/><\/div><\/div><div class=\"box-text text-center is-large\" style=\"background-color:rgb(255, 255, 255);padding:15px 15px 15px 15px;\"><div class=\"box-text-inner\"><h5 class=\"uppercase header-title\">Outils Coupants Cylindriques<\/h5><div class=\"product_cat_resume text-left\" style=\"padding-top:10px;\"><p><p>Rollomatic ma\u00eetrise l&rsquo;aff\u00fbtage de tout type d&rsquo;outils de coupe ultraperformants et propose des solutions compl\u00e8tes, de la pr\u00e9paration \u00e0 la finition.<\/p>\n<\/p><\/div><\/div><\/div><\/div><\/a><\/div><\/div><div class=\"product-category col\" ><div class=\"col-inner\"><a aria-label=\"Acc\u00e9der \u00e0 la cat\u00e9gorie de produits Meulage Cylindrique et Poincons\" href=\"https:\/\/www.rollomatic.ch\/fr\/tools\/solutions-fr\/blank-prep-and-punches-fr\/\"><div class=\"box box-category has-hover box-default\"><div class=\"box-image\" ><div class=\"image-cover\" style=\"padding-top:100%;\"><img loading=\"lazy\" decoding=\"async\" src=\"https:\/\/www.rollomatic.ch\/wp-content\/uploads\/Cylindrical-and-Non-Round-2-600x450.jpg\" alt=\"Meulage Cylindrique et Poincons\" width=\"300\" height=\"300\" \/><\/div><\/div><div class=\"box-text text-center is-large\" style=\"background-color:rgb(255, 255, 255);padding:15px 15px 15px 15px;\"><div class=\"box-text-inner\"><h5 class=\"uppercase header-title\">Meulage Cylindrique et Poincons<\/h5><div class=\"product_cat_resume text-left\" style=\"padding-top:10px;\"><p><p>Rollomatic propose des solutions de rectification cylindrique de tr\u00e8s haute performance gr\u00e2ce \u00e0 sa technologie unique \u00ab\u00a0Pinch &amp; Peel\u00a0\u00bb qui garantit une pr\u00e9cision et des \u00e9tats de surface sup\u00e9rieurs.<\/p>\n<\/p><\/div><\/div><\/div><\/div><\/a><\/div><\/div><div class=\"product-category col\" ><div class=\"col-inner\"><a aria-label=\"Acc\u00e9der \u00e0 la cat\u00e9gorie de produits Outils Coupants Ultra-Durs &amp; Usinage 3D\" href=\"https:\/\/www.rollomatic.ch\/fr\/tools\/solutions-fr\/ultra-hard-materials-fr\/\"><div class=\"box box-category has-hover box-default\"><div class=\"box-image\" ><div class=\"image-cover\" style=\"padding-top:100%;\"><img loading=\"lazy\" decoding=\"async\" src=\"https:\/\/www.rollomatic.ch\/wp-content\/uploads\/Ultra-Hard-Materials-1-600x450.jpg\" alt=\"Outils Coupants Ultra-Durs &amp; Usinage 3D\" width=\"300\" height=\"300\" \/><\/div><\/div><div class=\"box-text text-center is-large\" style=\"background-color:rgb(255, 255, 255);padding:15px 15px 15px 15px;\"><div class=\"box-text-inner\"><h5 class=\"uppercase header-title\">Outils Coupants Ultra-Durs &amp; Usinage 3D<\/h5><div class=\"product_cat_resume text-left\" style=\"padding-top:10px;\"><p><p>Reposant sur plus de dix ans d&rsquo;exp\u00e9rience dans la technologie laser, Rollomatic propose, \u00e0 travers sa gamme LASERSMART\u00ae, les solutions les plus innovantes et performantes du march\u00e9.<\/p>\n<\/p><\/div><\/div><\/div><\/div><\/a><\/div><\/div><div class=\"product-category col\" ><div class=\"col-inner\"><a aria-label=\"Acc\u00e9der \u00e0 la cat\u00e9gorie de produits Plaquettes &amp; Tournage Int\u00e9rieur\" href=\"https:\/\/www.rollomatic.ch\/fr\/tools\/solutions-fr\/inserts-and-boring-bars-fr\/\"><div class=\"box box-category has-hover box-default\"><div class=\"box-image\" ><div class=\"image-cover\" style=\"padding-top:100%;\"><img loading=\"lazy\" decoding=\"async\" src=\"https:\/\/www.rollomatic.ch\/wp-content\/uploads\/Inserts-1-600x450.jpg\" alt=\"Plaquettes &amp; Tournage Int\u00e9rieur\" width=\"300\" height=\"300\" \/><\/div><\/div><div class=\"box-text text-center is-large\" style=\"background-color:rgb(255, 255, 255);padding:15px 15px 15px 15px;\"><div class=\"box-text-inner\"><h5 class=\"uppercase header-title\">Plaquettes &amp; Tournage Int\u00e9rieur<\/h5><div class=\"product_cat_resume text-left\" style=\"padding-top:10px;\"><p><p>Les aff\u00fbteuses GRINDSMART\u00ae de Rollomatic offrent une grande polyvalence et sont particuli\u00e8rement adapt\u00e9es \u00e0 la production de plaquettes interchangeables en carbure ou en CBN ainsi que d&rsquo;outils de tournage int\u00e9rieur.<\/p>\n<\/p><\/div><\/div><\/div><\/div><\/a><\/div><\/div><\/div>\n\n\n\t\t<\/div>\n\t\t\t\t\t<\/div>\n\n\t\n\n<\/div>\n\t\t<\/div>\n\t\t\t\t\n<style>\n#col-1809025526 > .col-inner {\n  margin: -20px 0px 0px 0px;\n}\n<\/style>\n\t<\/div>\n\n\t\n<\/div>\n\t\t<\/div>\n\n\t\t\n<style>\n#section_85336639 {\n  padding-top: 30px;\n  padding-bottom: 30px;\n}\n<\/style>\n\t<\/section>\n\t\n","protected":false},"excerpt":{"rendered":"","protected":false},"author":12,"featured_media":0,"parent":0,"menu_order":0,"comment_status":"closed","ping_status":"closed","template":"","meta":{"_acf_changed":false,"footnotes":""},"class_list":["post-32069","page","type-page","status-publish","hentry"],"acf":[],"yoast_head":"<!-- This site is optimized with the Yoast SEO plugin v27.0 - https:\/\/yoast.com\/product\/yoast-seo-wordpress\/ -->\n<title>Solutions Finder - Rollomatic<\/title>\n<meta name=\"robots\" content=\"noindex, nofollow\" \/>\n<meta property=\"og:locale\" content=\"fr_FR\" \/>\n<meta property=\"og:type\" content=\"article\" \/>\n<meta property=\"og:title\" content=\"Solutions Finder - Rollomatic\" \/>\n<meta property=\"og:url\" content=\"https:\/\/www.rollomatic.ch\/fr\/solutions\/\" \/>\n<meta property=\"og:site_name\" content=\"Rollomatic\" \/>\n<meta property=\"article:publisher\" content=\"https:\/\/www.facebook.com\/rollomatic\/\" \/>\n<meta property=\"article:modified_time\" content=\"2025-05-13T11:41:38+00:00\" \/>\n<meta name=\"twitter:card\" content=\"summary_large_image\" \/>\n<meta name=\"twitter:site\" content=\"@rollomatics\" \/>\n<script type=\"application\/ld+json\" class=\"yoast-schema-graph\">{\"@context\":\"https:\/\/schema.org\",\"@graph\":[{\"@type\":\"WebPage\",\"@id\":\"https:\/\/www.rollomatic.ch\/fr\/solutions\/\",\"url\":\"https:\/\/www.rollomatic.ch\/fr\/solutions\/\",\"name\":\"Solutions Finder - Rollomatic\",\"isPartOf\":{\"@id\":\"https:\/\/www.rollomatic.ch\/fr\/#website\"},\"datePublished\":\"2025-04-09T07:52:45+00:00\",\"dateModified\":\"2025-05-13T11:41:38+00:00\",\"breadcrumb\":{\"@id\":\"https:\/\/www.rollomatic.ch\/fr\/solutions\/#breadcrumb\"},\"inLanguage\":\"fr-FR\",\"potentialAction\":[{\"@type\":\"ReadAction\",\"target\":[\"https:\/\/www.rollomatic.ch\/fr\/solutions\/\"]}]},{\"@type\":\"BreadcrumbList\",\"@id\":\"https:\/\/www.rollomatic.ch\/fr\/solutions\/#breadcrumb\",\"itemListElement\":[{\"@type\":\"ListItem\",\"position\":1,\"name\":\"Home\",\"item\":\"https:\/\/www.rollomatic.ch\/fr\/\"},{\"@type\":\"ListItem\",\"position\":2,\"name\":\"Solutions\"}]},{\"@type\":\"WebSite\",\"@id\":\"https:\/\/www.rollomatic.ch\/fr\/#website\",\"url\":\"https:\/\/www.rollomatic.ch\/fr\/\",\"name\":\"Rollomatic\",\"description\":\"\",\"publisher\":{\"@id\":\"https:\/\/www.rollomatic.ch\/fr\/#organization\"},\"potentialAction\":[{\"@type\":\"SearchAction\",\"target\":{\"@type\":\"EntryPoint\",\"urlTemplate\":\"https:\/\/www.rollomatic.ch\/fr\/?s={search_term_string}\"},\"query-input\":{\"@type\":\"PropertyValueSpecification\",\"valueRequired\":true,\"valueName\":\"search_term_string\"}}],\"inLanguage\":\"fr-FR\"},{\"@type\":\"Organization\",\"@id\":\"https:\/\/www.rollomatic.ch\/fr\/#organization\",\"name\":\"Rollomatic S.A.\",\"url\":\"https:\/\/www.rollomatic.ch\/fr\/\",\"logo\":{\"@type\":\"ImageObject\",\"inLanguage\":\"fr-FR\",\"@id\":\"https:\/\/www.rollomatic.ch\/fr\/#\/schema\/logo\/image\/\",\"url\":\"https:\/\/www.rollomatic.ch\/wp-content\/uploads\/logomark_300.png\",\"contentUrl\":\"https:\/\/www.rollomatic.ch\/wp-content\/uploads\/logomark_300.png\",\"width\":300,\"height\":169,\"caption\":\"Rollomatic S.A.\"},\"image\":{\"@id\":\"https:\/\/www.rollomatic.ch\/fr\/#\/schema\/logo\/image\/\"},\"sameAs\":[\"https:\/\/www.facebook.com\/rollomatic\/\",\"https:\/\/x.com\/rollomatics\",\"https:\/\/www.linkedin.com\/company\/rollomatic-sa\/\"]}]}<\/script>\n<!-- \/ Yoast SEO plugin. -->","yoast_head_json":{"title":"Solutions Finder - Rollomatic","robots":{"index":"noindex","follow":"nofollow"},"og_locale":"fr_FR","og_type":"article","og_title":"Solutions Finder - Rollomatic","og_url":"https:\/\/www.rollomatic.ch\/fr\/solutions\/","og_site_name":"Rollomatic","article_publisher":"https:\/\/www.facebook.com\/rollomatic\/","article_modified_time":"2025-05-13T11:41:38+00:00","twitter_card":"summary_large_image","twitter_site":"@rollomatics","schema":{"@context":"https:\/\/schema.org","@graph":[{"@type":"WebPage","@id":"https:\/\/www.rollomatic.ch\/fr\/solutions\/","url":"https:\/\/www.rollomatic.ch\/fr\/solutions\/","name":"Solutions Finder - Rollomatic","isPartOf":{"@id":"https:\/\/www.rollomatic.ch\/fr\/#website"},"datePublished":"2025-04-09T07:52:45+00:00","dateModified":"2025-05-13T11:41:38+00:00","breadcrumb":{"@id":"https:\/\/www.rollomatic.ch\/fr\/solutions\/#breadcrumb"},"inLanguage":"fr-FR","potentialAction":[{"@type":"ReadAction","target":["https:\/\/www.rollomatic.ch\/fr\/solutions\/"]}]},{"@type":"BreadcrumbList","@id":"https:\/\/www.rollomatic.ch\/fr\/solutions\/#breadcrumb","itemListElement":[{"@type":"ListItem","position":1,"name":"Home","item":"https:\/\/www.rollomatic.ch\/fr\/"},{"@type":"ListItem","position":2,"name":"Solutions"}]},{"@type":"WebSite","@id":"https:\/\/www.rollomatic.ch\/fr\/#website","url":"https:\/\/www.rollomatic.ch\/fr\/","name":"Rollomatic","description":"","publisher":{"@id":"https:\/\/www.rollomatic.ch\/fr\/#organization"},"potentialAction":[{"@type":"SearchAction","target":{"@type":"EntryPoint","urlTemplate":"https:\/\/www.rollomatic.ch\/fr\/?s={search_term_string}"},"query-input":{"@type":"PropertyValueSpecification","valueRequired":true,"valueName":"search_term_string"}}],"inLanguage":"fr-FR"},{"@type":"Organization","@id":"https:\/\/www.rollomatic.ch\/fr\/#organization","name":"Rollomatic S.A.","url":"https:\/\/www.rollomatic.ch\/fr\/","logo":{"@type":"ImageObject","inLanguage":"fr-FR","@id":"https:\/\/www.rollomatic.ch\/fr\/#\/schema\/logo\/image\/","url":"https:\/\/www.rollomatic.ch\/wp-content\/uploads\/logomark_300.png","contentUrl":"https:\/\/www.rollomatic.ch\/wp-content\/uploads\/logomark_300.png","width":300,"height":169,"caption":"Rollomatic S.A."},"image":{"@id":"https:\/\/www.rollomatic.ch\/fr\/#\/schema\/logo\/image\/"},"sameAs":["https:\/\/www.facebook.com\/rollomatic\/","https:\/\/x.com\/rollomatics","https:\/\/www.linkedin.com\/company\/rollomatic-sa\/"]}]}},"_links":{"self":[{"href":"https:\/\/www.rollomatic.ch\/fr\/wp-json\/wp\/v2\/pages\/32069","targetHints":{"allow":["GET"]}}],"collection":[{"href":"https:\/\/www.rollomatic.ch\/fr\/wp-json\/wp\/v2\/pages"}],"about":[{"href":"https:\/\/www.rollomatic.ch\/fr\/wp-json\/wp\/v2\/types\/page"}],"author":[{"embeddable":true,"href":"https:\/\/www.rollomatic.ch\/fr\/wp-json\/wp\/v2\/users\/12"}],"replies":[{"embeddable":true,"href":"https:\/\/www.rollomatic.ch\/fr\/wp-json\/wp\/v2\/comments?post=32069"}],"version-history":[{"count":0,"href":"https:\/\/www.rollomatic.ch\/fr\/wp-json\/wp\/v2\/pages\/32069\/revisions"}],"wp:attachment":[{"href":"https:\/\/www.rollomatic.ch\/fr\/wp-json\/wp\/v2\/media?parent=32069"}],"curies":[{"name":"wp","href":"https:\/\/api.w.org\/{rel}","templated":true}]}}