{"id":32070,"date":"2025-04-09T07:52:48","date_gmt":"2025-04-09T07:52:48","guid":{"rendered":"https:\/\/www.rollomatic.ch\/politique-de-confidentialite\/"},"modified":"2025-05-13T11:41:37","modified_gmt":"2025-05-13T11:41:37","slug":"politique-de-confidentialite","status":"publish","type":"page","link":"https:\/\/www.rollomatic.ch\/fr\/politique-de-confidentialite\/","title":{"rendered":"Politique de confidentialit\u00e9"},"content":{"rendered":"\n\t<section class=\"section\" id=\"section_1522454513\">\n\t\t<div class=\"section-bg fill\" >\n\t\t\t\t\t\t\t\t\t\n\t\t\t\n\n\t\t<\/div>\n\n\t\t\n\n\t\t<div class=\"section-content relative\">\n\t\t\t\n<div class=\"row\"  id=\"row-65887828\">\n\n\t<div id=\"col-786535789\" class=\"col small-12 large-12\"  >\n\t\t\t\t<div class=\"col-inner\"  >\n\t\t\t\n\t\t\t\n<h3>Politique de gestion des cookies et des donn\u00e9es<\/h3>\n<div class=\"is-divider divider clearfix\" style=\"margin-top:10px;margin-bottom:10px;max-width:100%;height:1px;\"><\/div>\n\t\t<\/div>\n\t\t\t\t\t<\/div>\n\n\t\n\n\t<div id=\"col-1788585706\" class=\"col medium-11 small-12 large-11\"  >\n\t\t\t\t<div class=\"col-inner\"  >\n\t\t\t\n\t\t\t\n<h4>Politique de protection des donn\u00e9es<\/h4>\n<p>Nous nous soucions de la confidentialit\u00e9 de vos donn\u00e9es personnelles et y attachons une grande importance. Pour cette raison, nous souhaitons vous informer de mani\u00e8re transparente et claire que ces donn\u00e9es sont trait\u00e9es de mani\u00e8re parfaitement confidentielle et ne sont pas vendues \u00e0 des tiers. Les donn\u00e9es personnelles qui sont communiqu\u00e9es (email, formulaire en ligne) sont utilis\u00e9es exclusivement pour r\u00e9pondre et ne sont pas utilis\u00e9es \u00e0 d&rsquo;autres fins.<\/p>\n\t\t<\/div>\n\t\t\t\t\n<style>\n#col-1788585706 > .col-inner {\n  padding: 0px 0px 15px 0px;\n}\n<\/style>\n\t<\/div>\n\n\t\n\n\t<div id=\"col-1602454529\" class=\"col medium-11 small-12 large-11\"  >\n\t\t\t\t<div class=\"col-inner\"  >\n\t\t\t\n\t\t\t\n<h4>Acc\u00e8s s\u00e9curis\u00e9<\/h4>\n<p>Pour s\u00e9curiser nos donn\u00e9es et nos syst\u00e8mes (par exemple&nbsp;: WiFi invit\u00e9, FileCloud, myRollomatic, Digital Rollo World), certaines donn\u00e9es personnelles telles que le nom, l&#8217;email, le num\u00e9ro de portable, etc., peuvent \u00eatre demand\u00e9es pour valider la l\u00e9gitimit\u00e9 de l&rsquo;acc\u00e8s.<\/p>\n<p>Si vous souhaitez obtenir des informations plus d\u00e9taill\u00e9es sur notre politique de protection des donn\u00e9es, veuillez contacter legal(at)rollomatic.ch.<\/p>\n\t\t<\/div>\n\t\t\t\t\n<style>\n#col-1602454529 > .col-inner {\n  padding: 0px 0px 15px 0px;\n}\n<\/style>\n\t<\/div>\n\n\t\n\n\t<div id=\"col-1907929288\" class=\"col medium-11 small-12 large-11\"  >\n\t\t\t\t<div class=\"col-inner\"  >\n\t\t\t\n\t\t\t\n<h4>Politique de gestion des cookies<\/h4>\n<p>Lorsque vous visitez rollomatic.ch, des cookies sont plac\u00e9s sur votre ordinateur, mobile ou tablette.<\/p>\n<p>Le cookie est une information stock\u00e9e sur votre disque dur par le serveur du site web ou d&rsquo;une application mobile que vous visitez.<\/p>\n<p>Il contient plusieurs donn\u00e9es :<\/p>\n<ul>\n<li>Le nom du serveur qui l&rsquo;a d\u00e9pos\u00e9<\/li>\n<li>Un identifiant sous la forme d&rsquo;un num\u00e9ro unique<\/li>\n<li>Peut-\u00eatre, une date d&rsquo;expiration<\/li>\n<\/ul>\n<p>Sur votre ordinateur, les cookies sont g\u00e9r\u00e9s par votre navigateur Internet (Internet Explorer, Firefox, Safari ou Google Chrome).<\/p>\n\t\t<\/div>\n\t\t\t\t\n<style>\n#col-1907929288 > .col-inner {\n  padding: 0px 0px 30px 0px;\n}\n<\/style>\n\t<\/div>\n\n\t\n\n\t<div id=\"col-1924219366\" class=\"col medium-11 small-12 large-11\"  >\n\t\t\t\t<div class=\"col-inner\"  >\n\t\t\t\n\t\t\t\n<h4>Quelles sont les diff\u00e9rents types de cookies utilis\u00e9s sur nos sites web&nbsp;?<\/h4>\n<p>Plusieurs types de cookies sont utilis\u00e9s sur rollomatic.ch, et ils ont des objectifs diff\u00e9rents.<\/p>\n\t<div id=\"gap-21107304\" class=\"gap-element clearfix\" style=\"display:block; height:auto;\">\n\t\t\n<style>\n#gap-21107304 {\n  padding-top: 15px;\n}\n<\/style>\n\t<\/div>\n\t\n<h5>Cookies Essentiels<\/h5>\n<p>Ces cookies sont essentiels pour vous permettre de naviguer sur notre site Web et d&rsquo;utiliser toutes les fonctionnalit\u00e9s.<\/p>\n\t<div id=\"gap-1944228221\" class=\"gap-element clearfix\" style=\"display:block; height:auto;\">\n\t\t\n<style>\n#gap-1944228221 {\n  padding-top: 15px;\n}\n<\/style>\n\t<\/div>\n\t\n<h5>Cookies de performance<\/h5>\n<p>Ces cookies collectent des informations sur l&rsquo;utilisation de nos sites Web, telles que les pages les plus consult\u00e9es. Ces donn\u00e9es nous permettent d&rsquo;optimiser nos sites Web et de simplifier la navigation. Ces cookies permettent \u00e9galement \u00e0 nos affili\u00e9s de savoir si vous avez acc\u00e9d\u00e9 \u00e0 l&rsquo;un de nos sites \u00e0 partir de leur site et si votre visite a abouti \u00e0 l&rsquo;utilisation d&rsquo;un service de notre site, y compris les r\u00e9f\u00e9rences n\u00e9cessaires. Ces cookies ne collectent pas d&rsquo;informations pour vous identifier. Toutes les informations collect\u00e9es sont regroup\u00e9es et restent anonymes.<\/p>\n\t<div id=\"gap-2021171620\" class=\"gap-element clearfix\" style=\"display:block; height:auto;\">\n\t\t\n<style>\n#gap-2021171620 {\n  padding-top: 15px;\n}\n<\/style>\n\t<\/div>\n\t\n<h5>Cookies de fonctionnalit\u00e9<\/h5>\n<p>Ces cookies permettent \u00e0 nos sites de se souvenir des choix que vous avez faits lors de la navigation. Par exemple, nous pouvons stocker votre emplacement dans un cookie pour afficher le site web qui correspond le mieux \u00e0 votre r\u00e9gion. Nous pouvons \u00e9galement m\u00e9moriser vos pr\u00e9f\u00e9rences telles que la grandeur du texte, la police et d&rsquo;autres \u00e9l\u00e9ments personnalisables du site web. Les cookies peuvent \u00e9galement \u00eatre utilis\u00e9s pour suivre les produits ou vid\u00e9os visionn\u00e9s afin d&rsquo;\u00e9viter les r\u00e9p\u00e9titions. Les informations recueillies avec ces cookies ne vous identifient pas et ne peuvent pas suivre votre activit\u00e9 de navigation sur des sites Web qui n&rsquo;appartiennent pas \u00e0 Rollomatic.<\/p>\n<p>Vous pouvez rencontrer des cookies tiers sur certaines pages de notre site Web que nous ne contr\u00f4lons pas. Par exemple, les r\u00e9f\u00e9rences et les liens vers d&rsquo;autres sites Web ne rel\u00e8vent pas de la responsabilit\u00e9 de Rollomatic. L&rsquo;acc\u00e8s \u00e0 ces sites web et leur utilisation se font aux risques et p\u00e9rils de l&rsquo;utilisateur. Rollomatic d\u00e9clare express\u00e9ment n&rsquo;avoir aucune influence sur la forme, le contenu et les offres des sites web auxquels ils se r\u00e9f\u00e8rent. Les informations et services offerts par ces sites Web sont enti\u00e8rement la responsabilit\u00e9 de leurs auteurs. Rollomatic d\u00e9cline toute responsabilit\u00e9 quant \u00e0 ces sites web.<\/p>\n\t\t<\/div>\n\t\t\t\t\n<style>\n#col-1924219366 > .col-inner {\n  padding: 0px 0px 30px 0px;\n}\n<\/style>\n\t<\/div>\n\n\t\n\n\t<div id=\"col-856476949\" class=\"col medium-11 small-12 large-11\"  >\n\t\t\t\t<div class=\"col-inner\"  >\n\t\t\t\n\t\t\t\n<h4>Comment accepter ou refuser les cookies ?<\/h4>\n<p>Nous vous rappelons que le param\u00e8tre est susceptible de modifier vos conditions d&rsquo;acc\u00e8s \u00e0 nos services n\u00e9cessitant l&rsquo;utilisation de cookies.<\/p>\n<p>La plupart des navigateurs vous permettent de g\u00e9rer vos cookies pr\u00e9f\u00e9r\u00e9s. Vous pouvez configurer votre navigateur pour refuser ou supprimer certains cookies. En g\u00e9n\u00e9ral, vous pouvez \u00e9galement g\u00e9rer des technologies similaires de la m\u00eame mani\u00e8re, en utilisant vos navigateurs pr\u00e9f\u00e9r\u00e9s.<\/p>\n<p>Les liens suivants vous montrent comment d\u00e9finir les cookies selon les navigateurs :<\/p>\n<ul>\n<li><a href=\"https:\/\/support.microsoft.com\/en-us\/help\/17442\/windows-internet-explorer-delete-manage-cookies\" target=\"_blank\" rel=\"noopener\">Internet Explorer<\/a><\/li>\n<li><a href=\"https:\/\/support.mozilla.org\/fr\/kb\/autoriser-bloquer-cookies-preferences-sites?redirectlocale=fr&amp;redirectslug=activer-desactiver-cookies\" target=\"_blank\" rel=\"noopener\">Mozilla Firefox<\/a><\/li>\n<li><a href=\"https:\/\/support.google.com\/chrome\/answer\/95647?hl=fr\" target=\"_blank\" rel=\"noopener\">Google Chrome<\/a><\/li>\n<li><a href=\"https:\/\/support.apple.com\/kb\/PH19214?locale=fr_CH&amp;viewlocale=fr_FR\" target=\"_blank\" rel=\"noopener\">Safari<\/a><\/li>\n<\/ul>\n<p>Si vous souhaitez obtenir plus d&rsquo;informations d\u00e9taill\u00e9es sur notre politique de protection des donn\u00e9es, veuillez contacter legal(at)rollomatic.ch.<\/p>\n\t\t<\/div>\n\t\t\t\t\n<style>\n#col-856476949 > .col-inner {\n  padding: 0px 0px 50px 0px;\n}\n<\/style>\n\t<\/div>\n\n\t\n\n\t<div id=\"col-1647221225\" class=\"col small-12 large-12\"  >\n\t\t\t\t<div class=\"col-inner\"  >\n\t\t\t\n\t\t\t\n<h3>Abonnement \u00e0 la newsletter<\/h3>\n<div class=\"is-divider divider clearfix\" style=\"margin-top:10px;margin-bottom:10px;max-width:100%;height:1px;\"><\/div>\n\t\t<\/div>\n\t\t\t\t\t<\/div>\n\n\t\n\n\t<div id=\"col-1428697078\" class=\"col small-12 large-12\"  >\n\t\t\t\t<div class=\"col-inner\"  >\n\t\t\t\n\t\t\t\n<p>Nous accordons de la valeur au respect de vos donn\u00e9es personnelles. Pour cette raison, nous voulons vous informer de mani\u00e8re transparente et claire que ces donn\u00e9es sont trait\u00e9es de mani\u00e8re parfaitement confidentielle et ne sont pas vendues \u00e0 des tierces parties. Les donn\u00e9es personnelles communiqu\u00e9es (e-mail, formulaire en ligne) sont utilis\u00e9es exclusivement pour r\u00e9pondre, sont uniquement utilis\u00e9es dans le cadre de notre newsletter et ne sont pas utilis\u00e9es \u00e0 d&rsquo;autres fins.<\/p>\n\t\t<\/div>\n\t\t\t\t\n<style>\n#col-1428697078 > .col-inner {\n  padding: 0px 0px 50px 0px;\n}\n<\/style>\n\t<\/div>\n\n\t\n\n\t<div id=\"col-1166107490\" class=\"col small-12 large-12\"  >\n\t\t\t\t<div class=\"col-inner\"  >\n\t\t\t\n\t\t\t\n<h3>RGPD Rollomatic<\/h3>\n<div class=\"is-divider divider clearfix\" style=\"margin-top:10px;margin-bottom:10px;max-width:100%;height:1px;\"><\/div>\n\t\t<\/div>\n\t\t\t\t\t<\/div>\n\n\t\n\n\t<div id=\"col-708604155\" class=\"col small-12 large-12\"  >\n\t\t\t\t<div class=\"col-inner\"  >\n\t\t\t\n\t\t\t\n<a href=\"https:\/\/www.rollomatic.ch\/wp-content\/uploads\/ROLLOMATIC-INTERNAL-PRIVACY-POLICY-DATA-PROTECTION-DECLARATION-1.pdf\" target=\"_blank\" class=\"button primary is-link\" rel=\"noopener\" >\n\t\t<span>(PDF) Directive RGPD Rollomatic<\/span>\n\t<\/a>\n\n\t\t<\/div>\n\t\t\t\t\n<style>\n#col-708604155 > .col-inner {\n  padding: 0px 0px 50px 0px;\n}\n<\/style>\n\t<\/div>\n\n\t\n\n\t<div id=\"col-158372891\" class=\"col small-12 large-12\"  >\n\t\t\t\t<div class=\"col-inner\"  >\n\t\t\t\n\t\t\t\n<div class=\"is-divider divider clearfix\" style=\"margin-top:10px;margin-bottom:10px;max-width:100%;height:1px;\"><\/div>\n<p>Si vous souhaitez obtenir des informations plus d\u00e9taill\u00e9es sur notre politique de protection des donn\u00e9es, veuillez contacter <a href=\"mailto:legal@rollomatic.ch\">legal(at)rollomatic.ch<\/a>.<\/p>\n\t\t<\/div>\n\t\t\t\t\n<style>\n#col-158372891 > .col-inner {\n  padding: 0px 0px 30px 0px;\n}\n<\/style>\n\t<\/div>\n\n\t\n<\/div>\n\t\t<\/div>\n\n\t\t\n<style>\n#section_1522454513 {\n  padding-top: 30px;\n  padding-bottom: 30px;\n}\n<\/style>\n\t<\/section>\n\t\n","protected":false},"excerpt":{"rendered":"","protected":false},"author":20,"featured_media":0,"parent":0,"menu_order":0,"comment_status":"closed","ping_status":"closed","template":"","meta":{"_acf_changed":false,"footnotes":""},"class_list":["post-32070","page","type-page","status-publish","hentry"],"acf":[],"yoast_head":"<!-- This site is optimized with the Yoast SEO plugin v27.0 - https:\/\/yoast.com\/product\/yoast-seo-wordpress\/ -->\n<title>Politique de confidentialit\u00e9 | Rollomatic<\/title>\n<meta name=\"robots\" content=\"index, follow, max-snippet:-1, max-image-preview:large, max-video-preview:-1\" \/>\n<link rel=\"canonical\" href=\"https:\/\/www.rollomatic.ch\/fr\/politique-de-confidentialite\/\" \/>\n<meta property=\"og:locale\" content=\"fr_FR\" \/>\n<meta property=\"og:type\" content=\"article\" \/>\n<meta property=\"og:title\" content=\"Politique de confidentialit\u00e9 | Rollomatic\" \/>\n<meta property=\"og:url\" content=\"https:\/\/www.rollomatic.ch\/fr\/politique-de-confidentialite\/\" \/>\n<meta property=\"og:site_name\" content=\"Rollomatic\" \/>\n<meta property=\"article:publisher\" content=\"https:\/\/www.facebook.com\/rollomatic\/\" \/>\n<meta property=\"article:modified_time\" content=\"2025-05-13T11:41:37+00:00\" \/>\n<meta name=\"twitter:card\" content=\"summary_large_image\" \/>\n<meta name=\"twitter:site\" content=\"@rollomatics\" \/>\n<meta name=\"twitter:label1\" content=\"Dur\u00e9e de lecture estim\u00e9e\" \/>\n\t<meta name=\"twitter:data1\" content=\"5 minutes\" \/>\n<script type=\"application\/ld+json\" class=\"yoast-schema-graph\">{\"@context\":\"https:\/\/schema.org\",\"@graph\":[{\"@type\":\"WebPage\",\"@id\":\"https:\/\/www.rollomatic.ch\/fr\/politique-de-confidentialite\/\",\"url\":\"https:\/\/www.rollomatic.ch\/fr\/politique-de-confidentialite\/\",\"name\":\"Politique de confidentialit\u00e9 | Rollomatic\",\"isPartOf\":{\"@id\":\"https:\/\/www.rollomatic.ch\/fr\/#website\"},\"datePublished\":\"2025-04-09T07:52:48+00:00\",\"dateModified\":\"2025-05-13T11:41:37+00:00\",\"breadcrumb\":{\"@id\":\"https:\/\/www.rollomatic.ch\/fr\/politique-de-confidentialite\/#breadcrumb\"},\"inLanguage\":\"fr-FR\",\"potentialAction\":[{\"@type\":\"ReadAction\",\"target\":[\"https:\/\/www.rollomatic.ch\/fr\/politique-de-confidentialite\/\"]}]},{\"@type\":\"BreadcrumbList\",\"@id\":\"https:\/\/www.rollomatic.ch\/fr\/politique-de-confidentialite\/#breadcrumb\",\"itemListElement\":[{\"@type\":\"ListItem\",\"position\":1,\"name\":\"Home\",\"item\":\"https:\/\/www.rollomatic.ch\/fr\/\"},{\"@type\":\"ListItem\",\"position\":2,\"name\":\"Politique de confidentialit\u00e9\"}]},{\"@type\":\"WebSite\",\"@id\":\"https:\/\/www.rollomatic.ch\/fr\/#website\",\"url\":\"https:\/\/www.rollomatic.ch\/fr\/\",\"name\":\"Rollomatic\",\"description\":\"\",\"publisher\":{\"@id\":\"https:\/\/www.rollomatic.ch\/fr\/#organization\"},\"potentialAction\":[{\"@type\":\"SearchAction\",\"target\":{\"@type\":\"EntryPoint\",\"urlTemplate\":\"https:\/\/www.rollomatic.ch\/fr\/?s={search_term_string}\"},\"query-input\":{\"@type\":\"PropertyValueSpecification\",\"valueRequired\":true,\"valueName\":\"search_term_string\"}}],\"inLanguage\":\"fr-FR\"},{\"@type\":\"Organization\",\"@id\":\"https:\/\/www.rollomatic.ch\/fr\/#organization\",\"name\":\"Rollomatic S.A.\",\"url\":\"https:\/\/www.rollomatic.ch\/fr\/\",\"logo\":{\"@type\":\"ImageObject\",\"inLanguage\":\"fr-FR\",\"@id\":\"https:\/\/www.rollomatic.ch\/fr\/#\/schema\/logo\/image\/\",\"url\":\"https:\/\/www.rollomatic.ch\/wp-content\/uploads\/logomark_300.png\",\"contentUrl\":\"https:\/\/www.rollomatic.ch\/wp-content\/uploads\/logomark_300.png\",\"width\":300,\"height\":169,\"caption\":\"Rollomatic S.A.\"},\"image\":{\"@id\":\"https:\/\/www.rollomatic.ch\/fr\/#\/schema\/logo\/image\/\"},\"sameAs\":[\"https:\/\/www.facebook.com\/rollomatic\/\",\"https:\/\/x.com\/rollomatics\",\"https:\/\/www.linkedin.com\/company\/rollomatic-sa\/\"]}]}<\/script>\n<!-- \/ Yoast SEO plugin. -->","yoast_head_json":{"title":"Politique de confidentialit\u00e9 | Rollomatic","robots":{"index":"index","follow":"follow","max-snippet":"max-snippet:-1","max-image-preview":"max-image-preview:large","max-video-preview":"max-video-preview:-1"},"canonical":"https:\/\/www.rollomatic.ch\/fr\/politique-de-confidentialite\/","og_locale":"fr_FR","og_type":"article","og_title":"Politique de confidentialit\u00e9 | Rollomatic","og_url":"https:\/\/www.rollomatic.ch\/fr\/politique-de-confidentialite\/","og_site_name":"Rollomatic","article_publisher":"https:\/\/www.facebook.com\/rollomatic\/","article_modified_time":"2025-05-13T11:41:37+00:00","twitter_card":"summary_large_image","twitter_site":"@rollomatics","twitter_misc":{"Dur\u00e9e de lecture estim\u00e9e":"5 minutes"},"schema":{"@context":"https:\/\/schema.org","@graph":[{"@type":"WebPage","@id":"https:\/\/www.rollomatic.ch\/fr\/politique-de-confidentialite\/","url":"https:\/\/www.rollomatic.ch\/fr\/politique-de-confidentialite\/","name":"Politique de confidentialit\u00e9 | Rollomatic","isPartOf":{"@id":"https:\/\/www.rollomatic.ch\/fr\/#website"},"datePublished":"2025-04-09T07:52:48+00:00","dateModified":"2025-05-13T11:41:37+00:00","breadcrumb":{"@id":"https:\/\/www.rollomatic.ch\/fr\/politique-de-confidentialite\/#breadcrumb"},"inLanguage":"fr-FR","potentialAction":[{"@type":"ReadAction","target":["https:\/\/www.rollomatic.ch\/fr\/politique-de-confidentialite\/"]}]},{"@type":"BreadcrumbList","@id":"https:\/\/www.rollomatic.ch\/fr\/politique-de-confidentialite\/#breadcrumb","itemListElement":[{"@type":"ListItem","position":1,"name":"Home","item":"https:\/\/www.rollomatic.ch\/fr\/"},{"@type":"ListItem","position":2,"name":"Politique de confidentialit\u00e9"}]},{"@type":"WebSite","@id":"https:\/\/www.rollomatic.ch\/fr\/#website","url":"https:\/\/www.rollomatic.ch\/fr\/","name":"Rollomatic","description":"","publisher":{"@id":"https:\/\/www.rollomatic.ch\/fr\/#organization"},"potentialAction":[{"@type":"SearchAction","target":{"@type":"EntryPoint","urlTemplate":"https:\/\/www.rollomatic.ch\/fr\/?s={search_term_string}"},"query-input":{"@type":"PropertyValueSpecification","valueRequired":true,"valueName":"search_term_string"}}],"inLanguage":"fr-FR"},{"@type":"Organization","@id":"https:\/\/www.rollomatic.ch\/fr\/#organization","name":"Rollomatic S.A.","url":"https:\/\/www.rollomatic.ch\/fr\/","logo":{"@type":"ImageObject","inLanguage":"fr-FR","@id":"https:\/\/www.rollomatic.ch\/fr\/#\/schema\/logo\/image\/","url":"https:\/\/www.rollomatic.ch\/wp-content\/uploads\/logomark_300.png","contentUrl":"https:\/\/www.rollomatic.ch\/wp-content\/uploads\/logomark_300.png","width":300,"height":169,"caption":"Rollomatic S.A."},"image":{"@id":"https:\/\/www.rollomatic.ch\/fr\/#\/schema\/logo\/image\/"},"sameAs":["https:\/\/www.facebook.com\/rollomatic\/","https:\/\/x.com\/rollomatics","https:\/\/www.linkedin.com\/company\/rollomatic-sa\/"]}]}},"_links":{"self":[{"href":"https:\/\/www.rollomatic.ch\/fr\/wp-json\/wp\/v2\/pages\/32070","targetHints":{"allow":["GET"]}}],"collection":[{"href":"https:\/\/www.rollomatic.ch\/fr\/wp-json\/wp\/v2\/pages"}],"about":[{"href":"https:\/\/www.rollomatic.ch\/fr\/wp-json\/wp\/v2\/types\/page"}],"author":[{"embeddable":true,"href":"https:\/\/www.rollomatic.ch\/fr\/wp-json\/wp\/v2\/users\/20"}],"replies":[{"embeddable":true,"href":"https:\/\/www.rollomatic.ch\/fr\/wp-json\/wp\/v2\/comments?post=32070"}],"version-history":[{"count":0,"href":"https:\/\/www.rollomatic.ch\/fr\/wp-json\/wp\/v2\/pages\/32070\/revisions"}],"wp:attachment":[{"href":"https:\/\/www.rollomatic.ch\/fr\/wp-json\/wp\/v2\/media?parent=32070"}],"curies":[{"name":"wp","href":"https:\/\/api.w.org\/{rel}","templated":true}]}}