{"id":32102,"date":"2025-04-09T07:54:09","date_gmt":"2025-04-09T07:54:09","guid":{"rendered":"https:\/\/www.rollomatic.ch\/research-and-development-switzerland\/"},"modified":"2025-05-13T11:41:32","modified_gmt":"2025-05-13T11:41:32","slug":"research-and-development-switzerland","status":"publish","type":"page","link":"https:\/\/www.rollomatic.ch\/fr\/research-and-development-switzerland\/","title":{"rendered":"Research and Development Switzerland"},"content":{"rendered":"\n\t<section class=\"section dark\" id=\"section_237980493\">\n\t\t<div class=\"section-bg fill\" >\n\t\t\t\t\t\t\t\t\t\n\t\t\t\n\n\t\t<\/div>\n\n\t\t\n\n\t\t<div class=\"section-content relative\">\n\t\t\t\n<div class=\"row align-center\"  id=\"row-1977856497\">\n\n\t<div id=\"col-1132629277\" class=\"col medium-10 small-12 large-10\"  >\n\t\t\t\t<div class=\"col-inner text-center\"  >\n\t\t\t\n\t\t\t\n<p class=\"lead\">Rollomatic poursuit l&rsquo;innovation chaque jour.<\/p>\n<p class=\"lead\">L&rsquo;un des principaux moyens par lesquels Rollomatic se distingue dans l&rsquo;industrie est dans le d\u00e9veloppement du Smart Autonomous Grinding.<\/p>\n<p class=\"lead\">Rollomatic aide les clients tout au long de leur parcours vers l&rsquo;automation, et les usines intelligentes les plus automatis\u00e9es effectuent le Smart Autonomous Grinding de Rollomatic.<\/p>\n\t\t<\/div>\n\t\t\t\t\t<\/div>\n\n\t\n<\/div>\n\t\t<\/div>\n\n\t\t\n<style>\n#section_237980493 {\n  padding-top: 50px;\n  padding-bottom: 50px;\n  background-color: #003399;\n}\n<\/style>\n\t<\/section>\n\t\n\n\t<section class=\"section\" id=\"section_1531183310\">\n\t\t<div class=\"section-bg fill\" >\n\t\t\t\t\t\t\t\t\t\n\t\t\t\n\n\t\t<\/div>\n\n\t\t\n\n\t\t<div class=\"section-content relative\">\n\t\t\t\n<div class=\"row\"  id=\"row-1876503651\">\n\n\t<div id=\"col-1212260570\" class=\"col small-12 large-12\"  >\n\t\t\t\t<div class=\"col-inner text-center\"  >\n\t\t\t\n\t\t\t\n<h5>Rollomatic en Suisse participe \u00e9galement \u00e0 l&rsquo;EPFL et SIPBB.<\/h5>\n\t\t<\/div>\n\t\t\t\t\n<style>\n#col-1212260570 > .col-inner {\n  padding: 0px 0px 30px 0px;\n}\n<\/style>\n\t<\/div>\n\n\t\n<\/div>\n<div class=\"row\"  id=\"row-1253193051\">\n\n\t<div id=\"col-689094422\" class=\"col medium-6 small-12 large-6 col-divided\"  >\n\t\t\t\t<div class=\"col-inner\"  >\n\t\t\t\n\t\t\t\n\t<div class=\"box has-hover   has-hover box-text-bottom\" >\n\n\t\t<div class=\"box-image\" style=\"width:50%;\">\n\t\t\t\t\t\t<div class=\"image-cover\" style=\"padding-top:56.25%;\">\n\t\t\t\t<img loading=\"lazy\" decoding=\"async\" width=\"2830\" height=\"2001\" src=\"https:\/\/www.rollomatic.ch\/wp-content\/uploads\/epfl.png\" class=\"attachment- size-\" alt=\"EPFL logo\" srcset=\"https:\/\/www.rollomatic.ch\/wp-content\/uploads\/epfl.png 2830w, https:\/\/www.rollomatic.ch\/wp-content\/uploads\/epfl-960x679.png 960w, https:\/\/www.rollomatic.ch\/wp-content\/uploads\/epfl-1920x1358.png 1920w, https:\/\/www.rollomatic.ch\/wp-content\/uploads\/epfl-480x339.png 480w, https:\/\/www.rollomatic.ch\/wp-content\/uploads\/epfl-768x543.png 768w, https:\/\/www.rollomatic.ch\/wp-content\/uploads\/epfl-1536x1086.png 1536w, https:\/\/www.rollomatic.ch\/wp-content\/uploads\/epfl-2048x1448.png 2048w\" sizes=\"auto, (max-width: 2830px) 100vw, 2830px\" \/>\t\t\t\t\t\t\t\t\t\t\t<\/div>\n\t\t\t\t\t<\/div>\n\n\t\t<div class=\"box-text text-left\" style=\"background-color:rgb(255, 255, 255);padding:30px 30px 30px 30px;\">\n\t\t\t<div class=\"box-text-inner\">\n\t\t\t\t\n<h4><span data-text-color=\"primary\">Cellule innovation Rollomatic \u00e0 EPFL<\/span><\/h4>\n\t<div id=\"gap-725683515\" class=\"gap-element clearfix\" style=\"display:block; height:auto;\">\n\t\t\n<style>\n#gap-725683515 {\n  padding-top: 15px;\n}\n<\/style>\n\t<\/div>\n\t\n<p>Rollomatic est pr\u00e9sent \u00e0 l\u2019Ecole Polytechnique F\u00e9d\u00e9rale \u00e0 Lausanne, l\u2019une des institutions scientifiques et technologiques les plus dynamiques du monde.<\/p>\n<p>Rollomatic est constamment \u00e0 la recherche de nouvelles forces afin de d\u00e9velopper ses divisions et de mettre au point de nouveaux projets.  Son objectif est d\u2019accro\u00eetre ses capacit\u00e9s de recherche et de consolider sa position de leader.  C\u2019est dans cette optique que l\u2019entreprise a mis en place une cellule innovation au sein de l\u2019EPFL Innovation Park.<\/p>\n<p>Depuis, le partenariat \u00e9troit qui s\u2019est d\u00e9velopp\u00e9 entre les laboratoires de l\u2019EPFL et les ing\u00e9nieurs Rollomatic a permis de mener \u00e0 bien des projets n\u00e9cessitant un haut niveau de technicit\u00e9. Dans son espace de 107m2 \u00e0 Lausanne, une dizaine d\u2019ing\u00e9nieurs et d\u2019\u00e9tudiants collaborent sur de multiples projets et m\u00e8nent des recherches sur la 4e r\u00e9volution industrielle, notamment dans des domaines tels que le d\u00e9veloppement de logiciels, la g\u00e9om\u00e9trie diff\u00e9rentielle, la m\u00e9canique et la technologie laser.<\/p>\n<div class=\"row\"  id=\"row-641450097\">\n\n<\/div>\n\t\t\t<\/div>\n\t\t<\/div>\n\t<\/div>\n\t\n\t\t<\/div>\n\t\t\t\t\t<\/div>\n\n\t\n\n\t<div id=\"col-544995503\" class=\"col medium-6 small-12 large-6 col-divided\"  >\n\t\t\t\t<div class=\"col-inner\"  >\n\t\t\t\n\t\t\t\n\t<div class=\"box has-hover   has-hover box-text-bottom\" >\n\n\t\t<div class=\"box-image\" style=\"width:50%;\">\n\t\t\t\t\t\t<div class=\"image-cover\" style=\"padding-top:56.25%;\">\n\t\t\t\t<img loading=\"lazy\" decoding=\"async\" width=\"810\" height=\"446\" src=\"https:\/\/www.rollomatic.ch\/wp-content\/uploads\/SIPBB_Logo_transparent_RGB1.png\" class=\"attachment- size-\" alt=\"\" srcset=\"https:\/\/www.rollomatic.ch\/wp-content\/uploads\/SIPBB_Logo_transparent_RGB1.png 810w, https:\/\/www.rollomatic.ch\/wp-content\/uploads\/SIPBB_Logo_transparent_RGB1-480x264.png 480w, https:\/\/www.rollomatic.ch\/wp-content\/uploads\/SIPBB_Logo_transparent_RGB1-768x423.png 768w\" sizes=\"auto, (max-width: 810px) 100vw, 810px\" \/>\t\t\t\t\t\t\t\t\t\t\t<\/div>\n\t\t\t\t\t<\/div>\n\n\t\t<div class=\"box-text text-left\" style=\"background-color:rgb(255, 255, 255);padding:30px 30px 30px 30px;\">\n\t\t\t<div class=\"box-text-inner\">\n\t\t\t\t\n<h4><span data-text-color=\"primary\">Cellule innovation Rollomatic au Switzerland Innovation Park<\/span><\/h4>\n\t<div id=\"gap-495157611\" class=\"gap-element clearfix\" style=\"display:block; height:auto;\">\n\t\t\n<style>\n#gap-495157611 {\n  padding-top: 15px;\n}\n<\/style>\n\t<\/div>\n\t\n<p>Switzerland Innovation Park Biel\/Bienne (SIPBB) est une organisation suisse \u00e0 but non lucratif qui effectue et soutient la recherche et d\u00e9veloppement appliqu\u00e9e ax\u00e9e sur l&rsquo;industrie. C&rsquo;est une partie du r\u00e9seau national et international de la Switzerland Innovation Foundation.<\/p>\n<p>Depuis 2021, Rollomatic est \u00e9galement install\u00e9 au sein du Switzerland Innovation Park Biel\/Bienne (SIPBB), une organisation suisse priv\u00e9e qui exploite et soutient en priorit\u00e9 des activit\u00e9s de recherche appliqu\u00e9e et de d\u00e9veloppement industriel. Nous proposons des projets de bachelor et de master aux \u00e9tudiants dans des domaines vari\u00e9s tels que la m\u00e9canique, l\u2019informatique et la robotique.<\/p>\n<p>D\u2019autre part, pour une entreprise comme Rollomatic, qui investit dans le d\u00e9veloppement de solutions innovantes permettant \u00e0 ses clients de gagner en performance et en autonomie, il est important d\u2019int\u00e9grer des centres de recherche tels que Swiss Smart Factory. Cela permet \u00e0 Rollomatic de r\u00e9aliser des projets industriels concrets et d\u2019avoir des \u00e9changes particuli\u00e8rement enrichissants. A une quinzaine de kilom\u00e8tres de notre si\u00e8ge au Landeron, notre bureau au SIPBB repr\u00e9sente une opportunit\u00e9 unique de nous faire conna\u00eetre aupr\u00e8s des \u00e9tudiants de la r\u00e9gion, tant francophones qu\u2019al\u00e9maniques.<\/p>\n<div class=\"row\"  id=\"row-1022208293\">\n\n<\/div>\n\t\t\t<\/div>\n\t\t<\/div>\n\t<\/div>\n\t\n\t\t<\/div>\n\t\t\t\t\t<\/div>\n\n\t\n<\/div>\n\t\t<\/div>\n\n\t\t\n<style>\n#section_1531183310 {\n  padding-top: 50px;\n  padding-bottom: 50px;\n}\n<\/style>\n\t<\/section>\n\t\n","protected":false},"excerpt":{"rendered":"","protected":false},"author":12,"featured_media":0,"parent":0,"menu_order":0,"comment_status":"closed","ping_status":"closed","template":"","meta":{"_acf_changed":false,"footnotes":""},"class_list":["post-32102","page","type-page","status-publish","hentry"],"acf":[],"yoast_head":"<!-- This site is optimized with the Yoast SEO plugin v27.0 - https:\/\/yoast.com\/product\/yoast-seo-wordpress\/ -->\n<title>Research and Development Switzerland - Rollomatic<\/title>\n<meta name=\"description\" content=\"L&#039;un des principaux moyens par lesquels Rollomatic se distingue dans l&#039;industrie est le d\u00e9veloppement du Smart Autonomous Grinding gr\u00e2ce \u00e0 une innovation constante.\" \/>\n<meta name=\"robots\" content=\"index, follow, max-snippet:-1, max-image-preview:large, max-video-preview:-1\" \/>\n<link rel=\"canonical\" href=\"https:\/\/www.rollomatic.ch\/fr\/research-and-development-switzerland\/\" \/>\n<meta property=\"og:locale\" content=\"fr_FR\" \/>\n<meta property=\"og:type\" content=\"article\" \/>\n<meta property=\"og:title\" content=\"Research and Development Switzerland - Rollomatic\" \/>\n<meta property=\"og:description\" content=\"L&#039;un des principaux moyens par lesquels Rollomatic se distingue dans l&#039;industrie est le d\u00e9veloppement du Smart Autonomous Grinding gr\u00e2ce \u00e0 une innovation constante.\" \/>\n<meta property=\"og:url\" content=\"https:\/\/www.rollomatic.ch\/fr\/research-and-development-switzerland\/\" \/>\n<meta property=\"og:site_name\" content=\"Rollomatic\" \/>\n<meta property=\"article:publisher\" content=\"https:\/\/www.facebook.com\/rollomatic\/\" \/>\n<meta property=\"article:modified_time\" content=\"2025-05-13T11:41:32+00:00\" \/>\n<meta name=\"twitter:card\" content=\"summary_large_image\" \/>\n<meta name=\"twitter:site\" content=\"@rollomatics\" \/>\n<meta name=\"twitter:label1\" content=\"Dur\u00e9e de lecture estim\u00e9e\" \/>\n\t<meta name=\"twitter:data1\" content=\"3 minutes\" \/>\n<script type=\"application\/ld+json\" class=\"yoast-schema-graph\">{\"@context\":\"https:\/\/schema.org\",\"@graph\":[{\"@type\":\"WebPage\",\"@id\":\"https:\/\/www.rollomatic.ch\/fr\/research-and-development-switzerland\/\",\"url\":\"https:\/\/www.rollomatic.ch\/fr\/research-and-development-switzerland\/\",\"name\":\"Research and Development Switzerland - Rollomatic\",\"isPartOf\":{\"@id\":\"https:\/\/www.rollomatic.ch\/fr\/#website\"},\"datePublished\":\"2025-04-09T07:54:09+00:00\",\"dateModified\":\"2025-05-13T11:41:32+00:00\",\"description\":\"L'un des principaux moyens par lesquels Rollomatic se distingue dans l'industrie est le d\u00e9veloppement du Smart Autonomous Grinding gr\u00e2ce \u00e0 une innovation constante.\",\"breadcrumb\":{\"@id\":\"https:\/\/www.rollomatic.ch\/fr\/research-and-development-switzerland\/#breadcrumb\"},\"inLanguage\":\"fr-FR\",\"potentialAction\":[{\"@type\":\"ReadAction\",\"target\":[\"https:\/\/www.rollomatic.ch\/fr\/research-and-development-switzerland\/\"]}]},{\"@type\":\"BreadcrumbList\",\"@id\":\"https:\/\/www.rollomatic.ch\/fr\/research-and-development-switzerland\/#breadcrumb\",\"itemListElement\":[{\"@type\":\"ListItem\",\"position\":1,\"name\":\"Home\",\"item\":\"https:\/\/www.rollomatic.ch\/fr\/\"},{\"@type\":\"ListItem\",\"position\":2,\"name\":\"Research and Development Switzerland\"}]},{\"@type\":\"WebSite\",\"@id\":\"https:\/\/www.rollomatic.ch\/fr\/#website\",\"url\":\"https:\/\/www.rollomatic.ch\/fr\/\",\"name\":\"Rollomatic\",\"description\":\"\",\"publisher\":{\"@id\":\"https:\/\/www.rollomatic.ch\/fr\/#organization\"},\"potentialAction\":[{\"@type\":\"SearchAction\",\"target\":{\"@type\":\"EntryPoint\",\"urlTemplate\":\"https:\/\/www.rollomatic.ch\/fr\/?s={search_term_string}\"},\"query-input\":{\"@type\":\"PropertyValueSpecification\",\"valueRequired\":true,\"valueName\":\"search_term_string\"}}],\"inLanguage\":\"fr-FR\"},{\"@type\":\"Organization\",\"@id\":\"https:\/\/www.rollomatic.ch\/fr\/#organization\",\"name\":\"Rollomatic S.A.\",\"url\":\"https:\/\/www.rollomatic.ch\/fr\/\",\"logo\":{\"@type\":\"ImageObject\",\"inLanguage\":\"fr-FR\",\"@id\":\"https:\/\/www.rollomatic.ch\/fr\/#\/schema\/logo\/image\/\",\"url\":\"https:\/\/www.rollomatic.ch\/wp-content\/uploads\/logomark_300.png\",\"contentUrl\":\"https:\/\/www.rollomatic.ch\/wp-content\/uploads\/logomark_300.png\",\"width\":300,\"height\":169,\"caption\":\"Rollomatic S.A.\"},\"image\":{\"@id\":\"https:\/\/www.rollomatic.ch\/fr\/#\/schema\/logo\/image\/\"},\"sameAs\":[\"https:\/\/www.facebook.com\/rollomatic\/\",\"https:\/\/x.com\/rollomatics\",\"https:\/\/www.linkedin.com\/company\/rollomatic-sa\/\"]}]}<\/script>\n<!-- \/ Yoast SEO plugin. -->","yoast_head_json":{"title":"Research and Development Switzerland - Rollomatic","description":"L'un des principaux moyens par lesquels Rollomatic se distingue dans l'industrie est le d\u00e9veloppement du Smart Autonomous Grinding gr\u00e2ce \u00e0 une innovation constante.","robots":{"index":"index","follow":"follow","max-snippet":"max-snippet:-1","max-image-preview":"max-image-preview:large","max-video-preview":"max-video-preview:-1"},"canonical":"https:\/\/www.rollomatic.ch\/fr\/research-and-development-switzerland\/","og_locale":"fr_FR","og_type":"article","og_title":"Research and Development Switzerland - Rollomatic","og_description":"L'un des principaux moyens par lesquels Rollomatic se distingue dans l'industrie est le d\u00e9veloppement du Smart Autonomous Grinding gr\u00e2ce \u00e0 une innovation constante.","og_url":"https:\/\/www.rollomatic.ch\/fr\/research-and-development-switzerland\/","og_site_name":"Rollomatic","article_publisher":"https:\/\/www.facebook.com\/rollomatic\/","article_modified_time":"2025-05-13T11:41:32+00:00","twitter_card":"summary_large_image","twitter_site":"@rollomatics","twitter_misc":{"Dur\u00e9e de lecture estim\u00e9e":"3 minutes"},"schema":{"@context":"https:\/\/schema.org","@graph":[{"@type":"WebPage","@id":"https:\/\/www.rollomatic.ch\/fr\/research-and-development-switzerland\/","url":"https:\/\/www.rollomatic.ch\/fr\/research-and-development-switzerland\/","name":"Research and Development Switzerland - Rollomatic","isPartOf":{"@id":"https:\/\/www.rollomatic.ch\/fr\/#website"},"datePublished":"2025-04-09T07:54:09+00:00","dateModified":"2025-05-13T11:41:32+00:00","description":"L'un des principaux moyens par lesquels Rollomatic se distingue dans l'industrie est le d\u00e9veloppement du Smart Autonomous Grinding gr\u00e2ce \u00e0 une innovation constante.","breadcrumb":{"@id":"https:\/\/www.rollomatic.ch\/fr\/research-and-development-switzerland\/#breadcrumb"},"inLanguage":"fr-FR","potentialAction":[{"@type":"ReadAction","target":["https:\/\/www.rollomatic.ch\/fr\/research-and-development-switzerland\/"]}]},{"@type":"BreadcrumbList","@id":"https:\/\/www.rollomatic.ch\/fr\/research-and-development-switzerland\/#breadcrumb","itemListElement":[{"@type":"ListItem","position":1,"name":"Home","item":"https:\/\/www.rollomatic.ch\/fr\/"},{"@type":"ListItem","position":2,"name":"Research and Development Switzerland"}]},{"@type":"WebSite","@id":"https:\/\/www.rollomatic.ch\/fr\/#website","url":"https:\/\/www.rollomatic.ch\/fr\/","name":"Rollomatic","description":"","publisher":{"@id":"https:\/\/www.rollomatic.ch\/fr\/#organization"},"potentialAction":[{"@type":"SearchAction","target":{"@type":"EntryPoint","urlTemplate":"https:\/\/www.rollomatic.ch\/fr\/?s={search_term_string}"},"query-input":{"@type":"PropertyValueSpecification","valueRequired":true,"valueName":"search_term_string"}}],"inLanguage":"fr-FR"},{"@type":"Organization","@id":"https:\/\/www.rollomatic.ch\/fr\/#organization","name":"Rollomatic S.A.","url":"https:\/\/www.rollomatic.ch\/fr\/","logo":{"@type":"ImageObject","inLanguage":"fr-FR","@id":"https:\/\/www.rollomatic.ch\/fr\/#\/schema\/logo\/image\/","url":"https:\/\/www.rollomatic.ch\/wp-content\/uploads\/logomark_300.png","contentUrl":"https:\/\/www.rollomatic.ch\/wp-content\/uploads\/logomark_300.png","width":300,"height":169,"caption":"Rollomatic S.A."},"image":{"@id":"https:\/\/www.rollomatic.ch\/fr\/#\/schema\/logo\/image\/"},"sameAs":["https:\/\/www.facebook.com\/rollomatic\/","https:\/\/x.com\/rollomatics","https:\/\/www.linkedin.com\/company\/rollomatic-sa\/"]}]}},"_links":{"self":[{"href":"https:\/\/www.rollomatic.ch\/fr\/wp-json\/wp\/v2\/pages\/32102","targetHints":{"allow":["GET"]}}],"collection":[{"href":"https:\/\/www.rollomatic.ch\/fr\/wp-json\/wp\/v2\/pages"}],"about":[{"href":"https:\/\/www.rollomatic.ch\/fr\/wp-json\/wp\/v2\/types\/page"}],"author":[{"embeddable":true,"href":"https:\/\/www.rollomatic.ch\/fr\/wp-json\/wp\/v2\/users\/12"}],"replies":[{"embeddable":true,"href":"https:\/\/www.rollomatic.ch\/fr\/wp-json\/wp\/v2\/comments?post=32102"}],"version-history":[{"count":0,"href":"https:\/\/www.rollomatic.ch\/fr\/wp-json\/wp\/v2\/pages\/32102\/revisions"}],"wp:attachment":[{"href":"https:\/\/www.rollomatic.ch\/fr\/wp-json\/wp\/v2\/media?parent=32102"}],"curies":[{"name":"wp","href":"https:\/\/api.w.org\/{rel}","templated":true}]}}