{"id":32580,"date":"2025-04-09T08:11:54","date_gmt":"2025-04-09T08:11:54","guid":{"rendered":"https:\/\/www.rollomatic.ch\/carriere\/emplois\/"},"modified":"2025-05-13T17:31:17","modified_gmt":"2025-05-13T17:31:17","slug":"emplois","status":"publish","type":"page","link":"https:\/\/www.rollomatic.ch\/fr\/carriere-old__trashed\/emplois\/","title":{"rendered":"Emplois"},"content":{"rendered":"\n\t<section class=\"section\" id=\"section_453933352\">\n\t\t<div class=\"section-bg fill\" >\n\t\t\t\t\t\t\t\t\t\n\t\t\t\n\n\t\t<\/div>\n\n\t\t\n\n\t\t<div class=\"section-content relative\">\n\t\t\t\n<div class=\"row\"  id=\"row-849433374\">\n\n\t<div id=\"col-1664434766\" class=\"col small-12 large-12\"  >\n\t\t\t\t<div class=\"col-inner\"  >\n\t\t\t\n\t\t\t\n<h3><span data-text-color=\"primary\">Offres d&#8217;emploi<\/span><\/h3>\n\t\t<\/div>\n\t\t\t\t\n<style>\n#col-1664434766 > .col-inner {\n  padding: 0px 0px 15px 0px;\n}\n<\/style>\n\t<\/div>\n\n\t\n<\/div>\n<div class=\"row\"  id=\"row-179427695\">\n\n\t<div id=\"col-1789660468\" class=\"col small-12 large-12\"  >\n\t\t\t\t<div class=\"col-inner\"  >\n\t\t\t\n\t\t\t\n\n<div class=\"row jobs-list\"><a href=\"https:\/\/www.rollomatic.ch\/fr\/careers\/jobs\/field-service-technician-h-f-100\/\" class=\"job-case-btn\"><div class=\"col large-6 medium-6 small-12\"><div class=\"col-inner cadre-job\" style=\"margin-bottom:30px;\"><p>06.02.2026<\/p><span data-text-color=\"secondary\"> <\/span><h3><span style=\"color:#003299;\">Field Service Technician (H\/F) 100%<\/span><\/h3>\t<div id=\"gap-503989965\" class=\"gap-element clearfix\" style=\"display:block; height:auto;\">\n\t\t\n<style>\n#gap-503989965 {\n  padding-top: 5px;\n}\n<\/style>\n\t<\/div>\n\t<p><strong>VOTRE MISSION :<\/strong><\/p>\n<ul>\n<li>R\u00e9alisation du service apr\u00e8s-vente chez nos clients suisses et internationaux<\/li>\n<li>Vous effectuez des d\u00e9pannages et des r\u00e9visions m\u00e9caniques et \u00e9lectriques chez nos clients<\/li>\n<li>Vous proc\u00e9dez \u00e0 l\u2019installation de nos machines<br \/>\n<strong>voir plus<\/strong><\/li>\n<\/ul>\n<a href=\"https:\/\/www.rollomatic.ch\/wp-content\/uploads\/20260502_FST.pdf\" target=\"_blank\" class=\"button primary\" rel=\"noopener\" >\n\t\t<span>PDF<\/span>\n\t<i class=\"icon-angle-down\" aria-hidden=\"true\"><\/i><\/a>\n<h6 class=\"detail-job\"><\/h6>\t<div id=\"gap-1224124037\" class=\"gap-element clearfix\" style=\"display:block; height:auto;\">\n\t\t\n<style>\n#gap-1224124037 {\n  padding-top: 15px;\n}\n<\/style>\n\t<\/div>\n\t<div class=\"row\"><div col=\"large-8 medium-6 small-12\"><div class=\"col-inner\"><a class=\"button white is-outline is-small job-tag\" >\n\t\t<span>Le Landeron<\/span>\n\t<\/a>\n <\/div><\/div><div col=\"large-4 medium-6 small-12\"><div class=\"col-inner\"><span class=\"dest\"> <\/span><\/div><\/div><\/div>\t<div id=\"gap-1042268487\" class=\"gap-element clearfix\" style=\"display:block; height:auto;\">\n\t\t\n<style>\n#gap-1042268487 {\n  padding-top: 15px;\n}\n<\/style>\n\t<\/div>\n\t<\/div><\/div><\/a><\/div>\n\n\t\t<\/div>\n\t\t\t\t\n<style>\n#col-1789660468 > .col-inner {\n  padding: 0px 0px 50px 0px;\n}\n<\/style>\n\t<\/div>\n\n\t\n<\/div>\n\t\t<\/div>\n\n\t\t\n<style>\n#section_453933352 {\n  padding-top: 30px;\n  padding-bottom: 30px;\n}\n<\/style>\n\t<\/section>\n\t\n\n\t<section class=\"section\" id=\"section_749645843\">\n\t\t<div class=\"section-bg fill\" >\n\t\t\t\t\t\t\t\t\t\n\t\t\t\n\n\t\t<\/div>\n\n\t\t\n\n\t\t<div class=\"section-content relative\">\n\t\t\t\n<div class=\"row\"  id=\"row-1153524674\">\n\n\t<div id=\"col-1710800871\" class=\"col small-12 large-12\"  >\n\t\t\t\t<div class=\"col-inner\"  >\n\t\t\t\n\t\t\t\n<h3><span data-text-color=\"primary\">Apprentissages, stages et Masters<\/span><\/h3>\n\t\t<\/div>\n\t\t\t\t\n<style>\n#col-1710800871 > .col-inner {\n  padding: 0px 0px 15px 0px;\n}\n<\/style>\n\t<\/div>\n\n\t\n<\/div>\n<div class=\"row\"  id=\"row-829915180\">\n\n\t<div id=\"col-2088866002\" class=\"col small-12 large-12\"  >\n\t\t\t\t<div class=\"col-inner\"  >\n\t\t\t\n\t\t\t\n\n<div class=\"row jobs-list\"><a href=\"https:\/\/www.rollomatic.ch\/fr\/careers\/jobs\/epfl-master-internship-data-science\/\" class=\"job-case-btn\"><div class=\"col large-6 medium-6 small-12\"><div class=\"col-inner cadre-job\" style=\"margin-bottom:30px;\"><p>03.03.2026<\/p><span data-text-color=\"secondary\"> <\/span><h3><span style=\"color:#003299;\">EPFL Master Internship &#8211; Data Science<\/span><\/h3>\t<div id=\"gap-1338487234\" class=\"gap-element clearfix\" style=\"display:block; height:auto;\">\n\t\t\n<style>\n#gap-1338487234 {\n  padding-top: 5px;\n}\n<\/style>\n\t<\/div>\n\t<p><strong>YOUR MISSION:<\/strong><br \/>\n\u2022 Review and test the existing domain-specific translation solution<br \/>\n\u2022 Enrich and correct the multilingual technical glossary with company translation data<br \/>\n\u2022 Benchmark the current translation pipeline across candidate LLMs and define model adaptation<br \/>\ntechniques<br \/>\n\u2022 Enhance the existing evaluation metrics and define a model deployment strategy<\/p>\n<a href=\"https:\/\/www.rollomatic.ch\/wp-content\/uploads\/EPFL_Master_Internship_Data_Science_mars26_EN.pdf\" target=\"_blank\" class=\"button primary\" rel=\"noopener\" >\n\t\t<span>PDF<\/span>\n\t<i class=\"icon-angle-down\" aria-hidden=\"true\"><\/i><\/a>\n<h6 class=\"detail-job\"><\/h6>\t<div id=\"gap-1038185162\" class=\"gap-element clearfix\" style=\"display:block; height:auto;\">\n\t\t\n<style>\n#gap-1038185162 {\n  padding-top: 15px;\n}\n<\/style>\n\t<\/div>\n\t<div class=\"row\"><div col=\"large-8 medium-6 small-12\"><div class=\"col-inner\"><a class=\"button white is-outline is-small job-tag\" >\n\t\t<span>EPFL<\/span>\n\t<\/a>\n <a class=\"button white is-outline is-small job-tag\" >\n\t\t<span>Le Landeron<\/span>\n\t<\/a>\n <\/div><\/div><div col=\"large-4 medium-6 small-12\"><div class=\"col-inner\"><span class=\"dest\"> <\/span><\/div><\/div><\/div>\t<div id=\"gap-868455758\" class=\"gap-element clearfix\" style=\"display:block; height:auto;\">\n\t\t\n<style>\n#gap-868455758 {\n  padding-top: 15px;\n}\n<\/style>\n\t<\/div>\n\t<\/div><\/div><\/a><\/div>\n\n\t\t<\/div>\n\t\t\t\t\t<\/div>\n\n\t\n<\/div>\n\t\t<\/div>\n\n\t\t\n<style>\n#section_749645843 {\n  padding-top: 30px;\n  padding-bottom: 30px;\n}\n<\/style>\n\t<\/section>\n\t\n","protected":false},"excerpt":{"rendered":"","protected":false},"author":20,"featured_media":0,"parent":32071,"menu_order":0,"comment_status":"closed","ping_status":"closed","template":"","meta":{"_acf_changed":false,"footnotes":""},"class_list":["post-32580","page","type-page","status-publish","hentry"],"acf":[],"yoast_head":"<!-- This site is optimized with the Yoast SEO plugin v27.0 - https:\/\/yoast.com\/product\/yoast-seo-wordpress\/ -->\n<title>Emplois - Rollomatic<\/title>\n<meta name=\"robots\" content=\"index, follow, max-snippet:-1, max-image-preview:large, max-video-preview:-1\" \/>\n<link rel=\"canonical\" href=\"https:\/\/www.rollomatic.ch\/fr\/carriere-old__trashed\/emplois\/\" \/>\n<meta property=\"og:locale\" content=\"fr_FR\" \/>\n<meta property=\"og:type\" content=\"article\" \/>\n<meta property=\"og:title\" content=\"Emplois - Rollomatic\" \/>\n<meta property=\"og:url\" content=\"https:\/\/www.rollomatic.ch\/fr\/carriere-old__trashed\/emplois\/\" \/>\n<meta property=\"og:site_name\" content=\"Rollomatic\" \/>\n<meta property=\"article:publisher\" content=\"https:\/\/www.facebook.com\/rollomatic\/\" \/>\n<meta property=\"article:modified_time\" content=\"2025-05-13T17:31:17+00:00\" \/>\n<meta name=\"twitter:card\" content=\"summary_large_image\" \/>\n<meta name=\"twitter:site\" content=\"@rollomatics\" \/>\n<meta name=\"twitter:label1\" content=\"Dur\u00e9e de lecture estim\u00e9e\" \/>\n\t<meta name=\"twitter:data1\" content=\"1 minute\" \/>\n<script type=\"application\/ld+json\" class=\"yoast-schema-graph\">{\"@context\":\"https:\/\/schema.org\",\"@graph\":[{\"@type\":\"WebPage\",\"@id\":\"https:\/\/www.rollomatic.ch\/fr\/carriere-old__trashed\/emplois\/\",\"url\":\"https:\/\/www.rollomatic.ch\/fr\/carriere-old__trashed\/emplois\/\",\"name\":\"Emplois - Rollomatic\",\"isPartOf\":{\"@id\":\"https:\/\/www.rollomatic.ch\/fr\/#website\"},\"datePublished\":\"2025-04-09T08:11:54+00:00\",\"dateModified\":\"2025-05-13T17:31:17+00:00\",\"breadcrumb\":{\"@id\":\"https:\/\/www.rollomatic.ch\/fr\/carriere-old__trashed\/emplois\/#breadcrumb\"},\"inLanguage\":\"fr-FR\",\"potentialAction\":[{\"@type\":\"ReadAction\",\"target\":[\"https:\/\/www.rollomatic.ch\/fr\/carriere-old__trashed\/emplois\/\"]}]},{\"@type\":\"BreadcrumbList\",\"@id\":\"https:\/\/www.rollomatic.ch\/fr\/carriere-old__trashed\/emplois\/#breadcrumb\",\"itemListElement\":[{\"@type\":\"ListItem\",\"position\":1,\"name\":\"Home\",\"item\":\"https:\/\/www.rollomatic.ch\/fr\/\"},{\"@type\":\"ListItem\",\"position\":2,\"name\":\"Carri\u00e8re\",\"item\":\"https:\/\/www.rollomatic.ch\/fr\/?page_id=32071\"},{\"@type\":\"ListItem\",\"position\":3,\"name\":\"Emplois\"}]},{\"@type\":\"WebSite\",\"@id\":\"https:\/\/www.rollomatic.ch\/fr\/#website\",\"url\":\"https:\/\/www.rollomatic.ch\/fr\/\",\"name\":\"Rollomatic\",\"description\":\"\",\"publisher\":{\"@id\":\"https:\/\/www.rollomatic.ch\/fr\/#organization\"},\"potentialAction\":[{\"@type\":\"SearchAction\",\"target\":{\"@type\":\"EntryPoint\",\"urlTemplate\":\"https:\/\/www.rollomatic.ch\/fr\/?s={search_term_string}\"},\"query-input\":{\"@type\":\"PropertyValueSpecification\",\"valueRequired\":true,\"valueName\":\"search_term_string\"}}],\"inLanguage\":\"fr-FR\"},{\"@type\":\"Organization\",\"@id\":\"https:\/\/www.rollomatic.ch\/fr\/#organization\",\"name\":\"Rollomatic S.A.\",\"url\":\"https:\/\/www.rollomatic.ch\/fr\/\",\"logo\":{\"@type\":\"ImageObject\",\"inLanguage\":\"fr-FR\",\"@id\":\"https:\/\/www.rollomatic.ch\/fr\/#\/schema\/logo\/image\/\",\"url\":\"https:\/\/www.rollomatic.ch\/wp-content\/uploads\/logomark_300.png\",\"contentUrl\":\"https:\/\/www.rollomatic.ch\/wp-content\/uploads\/logomark_300.png\",\"width\":300,\"height\":169,\"caption\":\"Rollomatic S.A.\"},\"image\":{\"@id\":\"https:\/\/www.rollomatic.ch\/fr\/#\/schema\/logo\/image\/\"},\"sameAs\":[\"https:\/\/www.facebook.com\/rollomatic\/\",\"https:\/\/x.com\/rollomatics\",\"https:\/\/www.linkedin.com\/company\/rollomatic-sa\/\"]}]}<\/script>\n<!-- \/ Yoast SEO plugin. -->","yoast_head_json":{"title":"Emplois - Rollomatic","robots":{"index":"index","follow":"follow","max-snippet":"max-snippet:-1","max-image-preview":"max-image-preview:large","max-video-preview":"max-video-preview:-1"},"canonical":"https:\/\/www.rollomatic.ch\/fr\/carriere-old__trashed\/emplois\/","og_locale":"fr_FR","og_type":"article","og_title":"Emplois - Rollomatic","og_url":"https:\/\/www.rollomatic.ch\/fr\/carriere-old__trashed\/emplois\/","og_site_name":"Rollomatic","article_publisher":"https:\/\/www.facebook.com\/rollomatic\/","article_modified_time":"2025-05-13T17:31:17+00:00","twitter_card":"summary_large_image","twitter_site":"@rollomatics","twitter_misc":{"Dur\u00e9e de lecture estim\u00e9e":"1 minute"},"schema":{"@context":"https:\/\/schema.org","@graph":[{"@type":"WebPage","@id":"https:\/\/www.rollomatic.ch\/fr\/carriere-old__trashed\/emplois\/","url":"https:\/\/www.rollomatic.ch\/fr\/carriere-old__trashed\/emplois\/","name":"Emplois - Rollomatic","isPartOf":{"@id":"https:\/\/www.rollomatic.ch\/fr\/#website"},"datePublished":"2025-04-09T08:11:54+00:00","dateModified":"2025-05-13T17:31:17+00:00","breadcrumb":{"@id":"https:\/\/www.rollomatic.ch\/fr\/carriere-old__trashed\/emplois\/#breadcrumb"},"inLanguage":"fr-FR","potentialAction":[{"@type":"ReadAction","target":["https:\/\/www.rollomatic.ch\/fr\/carriere-old__trashed\/emplois\/"]}]},{"@type":"BreadcrumbList","@id":"https:\/\/www.rollomatic.ch\/fr\/carriere-old__trashed\/emplois\/#breadcrumb","itemListElement":[{"@type":"ListItem","position":1,"name":"Home","item":"https:\/\/www.rollomatic.ch\/fr\/"},{"@type":"ListItem","position":2,"name":"Carri\u00e8re","item":"https:\/\/www.rollomatic.ch\/fr\/?page_id=32071"},{"@type":"ListItem","position":3,"name":"Emplois"}]},{"@type":"WebSite","@id":"https:\/\/www.rollomatic.ch\/fr\/#website","url":"https:\/\/www.rollomatic.ch\/fr\/","name":"Rollomatic","description":"","publisher":{"@id":"https:\/\/www.rollomatic.ch\/fr\/#organization"},"potentialAction":[{"@type":"SearchAction","target":{"@type":"EntryPoint","urlTemplate":"https:\/\/www.rollomatic.ch\/fr\/?s={search_term_string}"},"query-input":{"@type":"PropertyValueSpecification","valueRequired":true,"valueName":"search_term_string"}}],"inLanguage":"fr-FR"},{"@type":"Organization","@id":"https:\/\/www.rollomatic.ch\/fr\/#organization","name":"Rollomatic S.A.","url":"https:\/\/www.rollomatic.ch\/fr\/","logo":{"@type":"ImageObject","inLanguage":"fr-FR","@id":"https:\/\/www.rollomatic.ch\/fr\/#\/schema\/logo\/image\/","url":"https:\/\/www.rollomatic.ch\/wp-content\/uploads\/logomark_300.png","contentUrl":"https:\/\/www.rollomatic.ch\/wp-content\/uploads\/logomark_300.png","width":300,"height":169,"caption":"Rollomatic S.A."},"image":{"@id":"https:\/\/www.rollomatic.ch\/fr\/#\/schema\/logo\/image\/"},"sameAs":["https:\/\/www.facebook.com\/rollomatic\/","https:\/\/x.com\/rollomatics","https:\/\/www.linkedin.com\/company\/rollomatic-sa\/"]}]}},"_links":{"self":[{"href":"https:\/\/www.rollomatic.ch\/fr\/wp-json\/wp\/v2\/pages\/32580","targetHints":{"allow":["GET"]}}],"collection":[{"href":"https:\/\/www.rollomatic.ch\/fr\/wp-json\/wp\/v2\/pages"}],"about":[{"href":"https:\/\/www.rollomatic.ch\/fr\/wp-json\/wp\/v2\/types\/page"}],"author":[{"embeddable":true,"href":"https:\/\/www.rollomatic.ch\/fr\/wp-json\/wp\/v2\/users\/20"}],"replies":[{"embeddable":true,"href":"https:\/\/www.rollomatic.ch\/fr\/wp-json\/wp\/v2\/comments?post=32580"}],"version-history":[{"count":0,"href":"https:\/\/www.rollomatic.ch\/fr\/wp-json\/wp\/v2\/pages\/32580\/revisions"}],"up":[{"embeddable":true,"href":"https:\/\/www.rollomatic.ch\/fr\/wp-json\/wp\/v2\/pages\/32071"}],"wp:attachment":[{"href":"https:\/\/www.rollomatic.ch\/fr\/wp-json\/wp\/v2\/media?parent=32580"}],"curies":[{"name":"wp","href":"https:\/\/api.w.org\/{rel}","templated":true}]}}