{"id":45562,"date":"2026-01-19T10:33:29","date_gmt":"2026-01-19T10:33:29","guid":{"rendered":"https:\/\/www.rollomatic.ch\/?page_id=45562"},"modified":"2026-02-04T07:55:34","modified_gmt":"2026-02-04T07:55:34","slug":"achats","status":"publish","type":"page","link":"https:\/\/www.rollomatic.ch\/fr\/achats\/","title":{"rendered":"Achats description"},"content":{"rendered":"\n\t<section class=\"section\" id=\"section_1000387944\">\n\t\t<div class=\"section-bg fill\" >\n\t\t\t\t\t\t\t\t\t\n\t\t\t\n\n\t\t<\/div>\n\n\t\t\n\n\t\t<div class=\"section-content relative\">\n\t\t\t\n<div class=\"row align-middle align-center\"  id=\"row-1130720766\">\n\n\t<div id=\"col-100631852\" class=\"col medium-5 small-12 large-6\"  >\n\t\t\t\t<div class=\"col-inner\"  >\n\t\t\t\n\t\t\t\n\n  <div class=\"banner has-hover\" id=\"banner-325022686\">\n          <div class=\"banner-inner fill\">\n        <div class=\"banner-bg fill\" >\n            <img loading=\"lazy\" decoding=\"async\" width=\"1020\" height=\"678\" src=\"https:\/\/www.rollomatic.ch\/wp-content\/uploads\/DSC_1771b-1920x1277.jpg\" class=\"bg attachment-large size-large\" alt=\"\" \/>                                    \n                    <\/div>\n\t\t\n        <div class=\"banner-layers container\">\n            <div class=\"fill banner-link\"><\/div>            \n        <\/div>\n      <\/div>\n\n            \n<style>\n#banner-325022686 {\n  padding-top: 99.99%;\n  background-color: rgba(0, 0, 0, 0);\n}\n#banner-325022686 .banner-bg img {\n  object-position: 50% 42%;\n}\n@media (min-width:550px) {\n  #banner-325022686 {\n    padding-top: 99.99%;\n  }\n}\n@media (min-width:850px) {\n  #banner-325022686 {\n    padding-top: 56.25%;\n  }\n}\n<\/style>\n  <\/div>\n\n\n\t\t<\/div>\n\t\t\t\t\n<style>\n#col-100631852 > .col-inner {\n  padding: 0px 0px 0px 0px;\n  margin: 0px 0px 0px 5px;\n}\n@media (min-width:550px) {\n  #col-100631852 > .col-inner {\n    padding: 0px 0px 0px 0px;\n    margin: 0px 0px 0px 0px;\n  }\n}\n@media (min-width:850px) {\n  #col-100631852 > .col-inner {\n    margin: 0px 0px 0px 0px;\n  }\n}\n<\/style>\n\t<\/div>\n\n\t\n\n\t<div id=\"col-1428223438\" class=\"col medium-7 small-12 large-6\"  >\n\t\t\t\t<div class=\"col-inner\"  >\n\t\t\t\n\t\t\t\n\t<div id=\"text-4077269697\" class=\"text\">\n\t\t\n<h3>ACHATS<\/h3>\n\t\t\n<style>\n#text-4077269697 {\n  font-size: 1.1rem;\n  text-align: left;\n  color: #021f4a;\n}\n#text-4077269697 > * {\n  color: #021f4a;\n}\n<\/style>\n\t<\/div>\n\t\n<div class=\"is-divider divider clearfix\" style=\"margin-top:10px;margin-bottom:10px;max-width:100px;background-color:rgb(18, 35, 86);\"><\/div>\n<p>D\u00e9couvrez le service Achats de Rollomatic, un pilier strat\u00e9gique dans la gestion des approvisionnements pour nos machines-outils de haute pr\u00e9cision. Avec une \u00e9quipe d&rsquo;experts en achats techniques, nous collaborons avec 550 fournisseurs actifs et nous appuyons sur une cha\u00eene d&rsquo;approvisionnement suisse et internationale pour garantir la qualit\u00e9, la disponibilit\u00e9 et la comp\u00e9titivit\u00e9 de nos composants. Le service Achats de Rollomatic joue un r\u00f4le central dans la r\u00e9ussite de nos projets et dans la satisfaction de nos clients \u00e0 travers le monde.<\/p>\n\t\t<\/div>\n\t\t\t\t\n<style>\n#col-1428223438 > .col-inner {\n  padding: 0px 0 0px 0px;\n  margin: 30px 0px 0px 10px;\n}\n@media (min-width:550px) {\n  #col-1428223438 > .col-inner {\n    padding: 0px 10% 0px 0px;\n  }\n}\n@media (min-width:850px) {\n  #col-1428223438 > .col-inner {\n    padding: 0px 0px 0px 0%;\n    margin: 0px 0px 0px 0px;\n  }\n}\n<\/style>\n\t<\/div>\n\n\t\n<\/div>\n\t\t<\/div>\n\n\t\t\n<style>\n#section_1000387944 {\n  padding-top: 30px;\n  padding-bottom: 30px;\n}\n<\/style>\n\t<\/section>\n\t\n\n\t<section class=\"section\" id=\"section_1825460591\">\n\t\t<div class=\"section-bg fill\" >\n\t\t\t\t\t\t\t\t\t\n\t\t\t\n\n\t\t<\/div>\n\n\t\t\n\n\t\t<div class=\"section-content relative\">\n\t\t\t\n<div class=\"row align-middle align-center\"  id=\"row-2141434007\">\n\n\t<div id=\"col-1780963890\" class=\"col medium-12 small-12 large-6\"  >\n\t\t\t\t<div class=\"col-inner\"  >\n\t\t\t\n\t\t\t\n\t<div id=\"text-3657941399\" class=\"text\">\n\t\t\n<h3>TYPE DE PROJETS<\/h3>\n\t\t\n<style>\n#text-3657941399 {\n  font-size: 1.1rem;\n  text-align: left;\n  color: #021f4a;\n}\n#text-3657941399 > * {\n  color: #021f4a;\n}\n<\/style>\n\t<\/div>\n\t\n<div class=\"is-divider divider clearfix\" style=\"margin-top:10px;margin-bottom:10px;max-width:100px;background-color:rgb(18, 35, 86);\"><\/div>\n<ul>\n<li><strong>Gestion des fournisseurs strat\u00e9giques<\/strong>\u00a0: D\u00e9veloppez des partenariats solides avec nos principaux fournisseurs et participez \u00e0 des audits pour int\u00e9grer de nouveaux partenaires.<\/li>\n<li><strong>Optimisation des processus d\u2019approvisionnement<\/strong>\u00a0: Contribuez \u00e0 l\u2019analyse du Calcul du Besoin Net (CBN) et \u00e0 la priorisation des commandes pour assurer un flux d\u2019approvisionnement fluide et align\u00e9 sur nos objectifs de production.<\/li>\n<li><strong>Projets d\u2019am\u00e9lioration continue<\/strong>\u00a0: Participez \u00e0 des initiatives visant \u00e0 r\u00e9duire les \u00e9carts de prix, optimiser les d\u00e9lais de livraison et am\u00e9liorer la performance globale des fournisseurs.<\/li>\n<li><strong>Collaboration avec la R&amp;D<\/strong>\u00a0: Travaillez sur des projets innovants pour int\u00e9grer de nouveaux articles et composants dans nos machines, en \u00e9troite collaboration avec notre d\u00e9partement Recherche et D\u00e9veloppement.<\/li>\n<li><strong>Suivi des indicateurs cl\u00e9s (KPI)<\/strong>\u00a0: Analysez et pilotez des KPI tels que le taux de service, l\u2019adh\u00e9rence au juste-\u00e0-temps ou encore la profondeur de retard pour garantir une performance optimale.<\/li>\n<\/ul>\n\t\t<\/div>\n\t\t\t\t\n<style>\n#col-1780963890 > .col-inner {\n  padding: 0px 0 0px 0px;\n  margin: 30px 0px 0px 10px;\n}\n@media (min-width:550px) {\n  #col-1780963890 > .col-inner {\n    padding: 0px 10% 0px 0px;\n  }\n}\n@media (min-width:850px) {\n  #col-1780963890 > .col-inner {\n    padding: 0px 0px 0px 0%;\n    margin: 0px 0px 0px 0px;\n  }\n}\n<\/style>\n\t<\/div>\n\n\t\n\n\t<div id=\"col-1349785353\" class=\"col medium-10 small-12 large-6\"  >\n\t\t\t\t<div class=\"col-inner\"  >\n\t\t\t\n\t\t\t\n\n  <div class=\"banner has-hover\" id=\"banner-1372184499\">\n          <div class=\"banner-inner fill\">\n        <div class=\"banner-bg fill\" >\n            <img loading=\"lazy\" decoding=\"async\" width=\"1020\" height=\"679\" src=\"https:\/\/www.rollomatic.ch\/wp-content\/uploads\/DSC_3567-1920x1278.jpg\" class=\"bg attachment-large size-large\" alt=\"\" \/>                                    \n                    <\/div>\n\t\t\n        <div class=\"banner-layers container\">\n            <div class=\"fill banner-link\"><\/div>            \n        <\/div>\n      <\/div>\n\n            \n<style>\n#banner-1372184499 {\n  padding-top: 99.99%;\n  background-color: rgba(0, 0, 0, 0);\n}\n#banner-1372184499 .banner-bg img {\n  object-position: 84% 39%;\n}\n@media (min-width:550px) {\n  #banner-1372184499 {\n    padding-top: 50%;\n  }\n}\n@media (min-width:850px) {\n  #banner-1372184499 {\n    padding-top: 56.25%;\n  }\n}\n<\/style>\n  <\/div>\n\n\n\t\t<\/div>\n\t\t\t\t\n<style>\n#col-1349785353 > .col-inner {\n  padding: 0px 0px 0px 0px;\n  margin: 0px 0px 0px 5px;\n}\n@media (min-width:550px) {\n  #col-1349785353 > .col-inner {\n    padding: 0px 0px 0px 0px;\n    margin: 0px 0px 0px 0px;\n  }\n}\n@media (min-width:850px) {\n  #col-1349785353 > .col-inner {\n    margin: 0px 0px 0px 0px;\n  }\n}\n<\/style>\n\t<\/div>\n\n\t\n<\/div>\n\t\t<\/div>\n\n\t\t\n<style>\n#section_1825460591 {\n  padding-top: 30px;\n  padding-bottom: 30px;\n}\n<\/style>\n\t<\/section>\n\t\n\t<div id=\"gap-1451176389\" class=\"gap-element clearfix\" style=\"display:block; height:auto;\">\n\t\t\n<style>\n#gap-1451176389 {\n  padding-top: 30px;\n}\n@media (min-width:550px) {\n  #gap-1451176389 {\n    padding-top: 50px;\n  }\n}\n@media (min-width:850px) {\n  #gap-1451176389 {\n    padding-top: 200px;\n  }\n}\n<\/style>\n\t<\/div>\n\t\n","protected":false},"excerpt":{"rendered":"","protected":false},"author":27,"featured_media":0,"parent":0,"menu_order":0,"comment_status":"closed","ping_status":"closed","template":"","meta":{"_acf_changed":false,"footnotes":""},"class_list":["post-45562","page","type-page","status-publish","hentry"],"acf":[],"yoast_head":"<!-- This site is optimized with the Yoast SEO plugin v27.0 - https:\/\/yoast.com\/product\/yoast-seo-wordpress\/ -->\n<title>Achats description - Rollomatic<\/title>\n<meta name=\"robots\" content=\"index, follow, max-snippet:-1, max-image-preview:large, max-video-preview:-1\" \/>\n<link rel=\"canonical\" href=\"https:\/\/www.rollomatic.ch\/fr\/achats\/\" \/>\n<meta property=\"og:locale\" content=\"fr_FR\" \/>\n<meta property=\"og:type\" content=\"article\" \/>\n<meta property=\"og:title\" content=\"Achats description - Rollomatic\" \/>\n<meta property=\"og:url\" content=\"https:\/\/www.rollomatic.ch\/fr\/achats\/\" \/>\n<meta property=\"og:site_name\" content=\"Rollomatic\" \/>\n<meta property=\"article:publisher\" content=\"https:\/\/www.facebook.com\/rollomatic\/\" \/>\n<meta property=\"article:modified_time\" content=\"2026-02-04T07:55:34+00:00\" \/>\n<meta name=\"twitter:card\" content=\"summary_large_image\" \/>\n<meta name=\"twitter:site\" content=\"@rollomatics\" \/>\n<meta name=\"twitter:label1\" content=\"Dur\u00e9e de lecture estim\u00e9e\" \/>\n\t<meta name=\"twitter:data1\" content=\"2 minutes\" \/>\n<script type=\"application\/ld+json\" class=\"yoast-schema-graph\">{\"@context\":\"https:\/\/schema.org\",\"@graph\":[{\"@type\":\"WebPage\",\"@id\":\"https:\/\/www.rollomatic.ch\/fr\/achats\/\",\"url\":\"https:\/\/www.rollomatic.ch\/fr\/achats\/\",\"name\":\"Achats description - Rollomatic\",\"isPartOf\":{\"@id\":\"https:\/\/www.rollomatic.ch\/fr\/#website\"},\"datePublished\":\"2026-01-19T10:33:29+00:00\",\"dateModified\":\"2026-02-04T07:55:34+00:00\",\"breadcrumb\":{\"@id\":\"https:\/\/www.rollomatic.ch\/fr\/achats\/#breadcrumb\"},\"inLanguage\":\"fr-FR\",\"potentialAction\":[{\"@type\":\"ReadAction\",\"target\":[\"https:\/\/www.rollomatic.ch\/fr\/achats\/\"]}]},{\"@type\":\"BreadcrumbList\",\"@id\":\"https:\/\/www.rollomatic.ch\/fr\/achats\/#breadcrumb\",\"itemListElement\":[{\"@type\":\"ListItem\",\"position\":1,\"name\":\"Home\",\"item\":\"https:\/\/www.rollomatic.ch\/fr\/\"},{\"@type\":\"ListItem\",\"position\":2,\"name\":\"Achats description\"}]},{\"@type\":\"WebSite\",\"@id\":\"https:\/\/www.rollomatic.ch\/fr\/#website\",\"url\":\"https:\/\/www.rollomatic.ch\/fr\/\",\"name\":\"Rollomatic\",\"description\":\"\",\"publisher\":{\"@id\":\"https:\/\/www.rollomatic.ch\/fr\/#organization\"},\"potentialAction\":[{\"@type\":\"SearchAction\",\"target\":{\"@type\":\"EntryPoint\",\"urlTemplate\":\"https:\/\/www.rollomatic.ch\/fr\/?s={search_term_string}\"},\"query-input\":{\"@type\":\"PropertyValueSpecification\",\"valueRequired\":true,\"valueName\":\"search_term_string\"}}],\"inLanguage\":\"fr-FR\"},{\"@type\":\"Organization\",\"@id\":\"https:\/\/www.rollomatic.ch\/fr\/#organization\",\"name\":\"Rollomatic S.A.\",\"url\":\"https:\/\/www.rollomatic.ch\/fr\/\",\"logo\":{\"@type\":\"ImageObject\",\"inLanguage\":\"fr-FR\",\"@id\":\"https:\/\/www.rollomatic.ch\/fr\/#\/schema\/logo\/image\/\",\"url\":\"https:\/\/www.rollomatic.ch\/wp-content\/uploads\/logomark_300.png\",\"contentUrl\":\"https:\/\/www.rollomatic.ch\/wp-content\/uploads\/logomark_300.png\",\"width\":300,\"height\":169,\"caption\":\"Rollomatic S.A.\"},\"image\":{\"@id\":\"https:\/\/www.rollomatic.ch\/fr\/#\/schema\/logo\/image\/\"},\"sameAs\":[\"https:\/\/www.facebook.com\/rollomatic\/\",\"https:\/\/x.com\/rollomatics\",\"https:\/\/www.linkedin.com\/company\/rollomatic-sa\/\"]}]}<\/script>\n<!-- \/ Yoast SEO plugin. -->","yoast_head_json":{"title":"Achats description - Rollomatic","robots":{"index":"index","follow":"follow","max-snippet":"max-snippet:-1","max-image-preview":"max-image-preview:large","max-video-preview":"max-video-preview:-1"},"canonical":"https:\/\/www.rollomatic.ch\/fr\/achats\/","og_locale":"fr_FR","og_type":"article","og_title":"Achats description - Rollomatic","og_url":"https:\/\/www.rollomatic.ch\/fr\/achats\/","og_site_name":"Rollomatic","article_publisher":"https:\/\/www.facebook.com\/rollomatic\/","article_modified_time":"2026-02-04T07:55:34+00:00","twitter_card":"summary_large_image","twitter_site":"@rollomatics","twitter_misc":{"Dur\u00e9e de lecture estim\u00e9e":"2 minutes"},"schema":{"@context":"https:\/\/schema.org","@graph":[{"@type":"WebPage","@id":"https:\/\/www.rollomatic.ch\/fr\/achats\/","url":"https:\/\/www.rollomatic.ch\/fr\/achats\/","name":"Achats description - Rollomatic","isPartOf":{"@id":"https:\/\/www.rollomatic.ch\/fr\/#website"},"datePublished":"2026-01-19T10:33:29+00:00","dateModified":"2026-02-04T07:55:34+00:00","breadcrumb":{"@id":"https:\/\/www.rollomatic.ch\/fr\/achats\/#breadcrumb"},"inLanguage":"fr-FR","potentialAction":[{"@type":"ReadAction","target":["https:\/\/www.rollomatic.ch\/fr\/achats\/"]}]},{"@type":"BreadcrumbList","@id":"https:\/\/www.rollomatic.ch\/fr\/achats\/#breadcrumb","itemListElement":[{"@type":"ListItem","position":1,"name":"Home","item":"https:\/\/www.rollomatic.ch\/fr\/"},{"@type":"ListItem","position":2,"name":"Achats description"}]},{"@type":"WebSite","@id":"https:\/\/www.rollomatic.ch\/fr\/#website","url":"https:\/\/www.rollomatic.ch\/fr\/","name":"Rollomatic","description":"","publisher":{"@id":"https:\/\/www.rollomatic.ch\/fr\/#organization"},"potentialAction":[{"@type":"SearchAction","target":{"@type":"EntryPoint","urlTemplate":"https:\/\/www.rollomatic.ch\/fr\/?s={search_term_string}"},"query-input":{"@type":"PropertyValueSpecification","valueRequired":true,"valueName":"search_term_string"}}],"inLanguage":"fr-FR"},{"@type":"Organization","@id":"https:\/\/www.rollomatic.ch\/fr\/#organization","name":"Rollomatic S.A.","url":"https:\/\/www.rollomatic.ch\/fr\/","logo":{"@type":"ImageObject","inLanguage":"fr-FR","@id":"https:\/\/www.rollomatic.ch\/fr\/#\/schema\/logo\/image\/","url":"https:\/\/www.rollomatic.ch\/wp-content\/uploads\/logomark_300.png","contentUrl":"https:\/\/www.rollomatic.ch\/wp-content\/uploads\/logomark_300.png","width":300,"height":169,"caption":"Rollomatic S.A."},"image":{"@id":"https:\/\/www.rollomatic.ch\/fr\/#\/schema\/logo\/image\/"},"sameAs":["https:\/\/www.facebook.com\/rollomatic\/","https:\/\/x.com\/rollomatics","https:\/\/www.linkedin.com\/company\/rollomatic-sa\/"]}]}},"_links":{"self":[{"href":"https:\/\/www.rollomatic.ch\/fr\/wp-json\/wp\/v2\/pages\/45562","targetHints":{"allow":["GET"]}}],"collection":[{"href":"https:\/\/www.rollomatic.ch\/fr\/wp-json\/wp\/v2\/pages"}],"about":[{"href":"https:\/\/www.rollomatic.ch\/fr\/wp-json\/wp\/v2\/types\/page"}],"author":[{"embeddable":true,"href":"https:\/\/www.rollomatic.ch\/fr\/wp-json\/wp\/v2\/users\/27"}],"replies":[{"embeddable":true,"href":"https:\/\/www.rollomatic.ch\/fr\/wp-json\/wp\/v2\/comments?post=45562"}],"version-history":[{"count":0,"href":"https:\/\/www.rollomatic.ch\/fr\/wp-json\/wp\/v2\/pages\/45562\/revisions"}],"wp:attachment":[{"href":"https:\/\/www.rollomatic.ch\/fr\/wp-json\/wp\/v2\/media?parent=45562"}],"curies":[{"name":"wp","href":"https:\/\/api.w.org\/{rel}","templated":true}]}}