{"id":45685,"date":"2026-01-20T10:39:25","date_gmt":"2026-01-20T10:39:25","guid":{"rendered":"https:\/\/www.rollomatic.ch\/?page_id=45685"},"modified":"2026-02-25T10:23:54","modified_gmt":"2026-02-25T10:23:54","slug":"rmonitor","status":"publish","type":"page","link":"https:\/\/www.rollomatic.ch\/fr\/rmonitor\/","title":{"rendered":"RMONITOR"},"content":{"rendered":"\n\t<section class=\"section\" id=\"section_547377171\">\n\t\t<div class=\"section-bg fill\" >\n\t\t\t<img loading=\"lazy\" decoding=\"async\" width=\"1920\" height=\"1200\" src=\"https:\/\/www.rollomatic.ch\/wp-content\/uploads\/Rmonitor-flou-1.png\" class=\"bg attachment- size-\" alt=\"\" \/>\t\t\t\t\t\t<div class=\"section-bg-overlay absolute fill\"><\/div>\n\t\t\t\n\t<div class=\"is-border\"\n\t\tstyle=\"border-color:rgb(235, 235, 235);border-width:0px 0px 0px 0px;\">\n\t<\/div>\n\n\t\t<\/div>\n\n\t\t\n\n\t\t<div class=\"section-content relative\">\n\t\t\t\n<div class=\"row row-large align-equal align-center\"  id=\"row-1784566293\">\n\n\t<div id=\"col-67733311\" class=\"col medium-5 small-12 large-5\"  >\n\t\t\t\t<div class=\"col-inner text-left box-shadow-2\" style=\"background-color:rgba(255, 255, 255, 0.767);\" >\n\t\t\t\n\t<div class=\"is-border\"\n\t\tstyle=\"border-radius:52px;border-width:0px 0px 0px 0px;margin:0px 0px 0px 0px;\">\n\t<\/div>\n\t\t\t\n\t<div id=\"text-1942314442\" class=\"text\">\n\t\t\n<h3>RMonitor<\/h3>\n\t\t\n<style>\n#text-1942314442 {\n  color: rgb(0, 51, 153);\n}\n#text-1942314442 > * {\n  color: rgb(0, 51, 153);\n}\n<\/style>\n\t<\/div>\n\t\n<div class=\"is-divider divider clearfix\" style=\"margin-top:10px;margin-bottom:10px;max-width:100px;background-color:#003399;\"><\/div>\n\t<div id=\"text-1687264976\" class=\"text\">\n\t\t\n<p><span data-teams=\"true\">RMonitor est une solution s\u00e9curis\u00e9e, accessible depuis n\u2019importe quel appareil, qui vous offre une vision globale et pr\u00e9cise de votre production, o\u00f9 que vous soyez.<\/span><\/p>\n<p><span data-teams=\"true\">Avec son tableau de bord intuitif, il simplifie la gestion des ressources, optimise les performances des machines et renforce l\u2019agilit\u00e9 de votre entreprise.<\/span><br \/>\n\t\t\n<style>\n#text-1687264976 {\n  color: #003399;\n}\n#text-1687264976 > * {\n  color: #003399;\n}\n<\/style>\n\t<\/div>\n\t\n\t<div id=\"gap-1803172811\" class=\"gap-element clearfix\" style=\"display:block; height:auto;\">\n\t\t\n<style>\n#gap-1803172811 {\n  padding-top: 30px;\n}\n<\/style>\n\t<\/div>\n\t\n<a href=\"https:\/\/www.rollomatic.ch\/fr\/produit\/smart-connectivity\/\" target=\"_blank\" class=\"button primary lowercase\" rel=\"noopener\" >\n\t\t<span>RMonitor<\/span>\n\t<\/a>\n\n\t\t<\/div>\n\t\t\t\t\n<style>\n#col-67733311 > .col-inner {\n  padding: 20px 20px 20px 20px;\n  margin: 0px 0px 30px 0px;\n}\n@media (min-width:550px) {\n  #col-67733311 > .col-inner {\n    padding: 20px 20px 20px 20px;\n  }\n}\n<\/style>\n\t<\/div>\n\n\t\n\n\t<div id=\"col-572247952\" class=\"col medium-5 small-12 large-5\"  >\n\t\t\t\t<div class=\"col-inner text-left box-shadow-2\" style=\"background-color:rgba(255, 255, 255, 0.767);\" >\n\t\t\t\n\t<div class=\"is-border\"\n\t\tstyle=\"border-radius:52px;border-width:0px 0px 0px 0px;margin:0px 0px 0px 0px;\">\n\t<\/div>\n\t\t\t\n\t<div id=\"text-3838206513\" class=\"text\">\n\t\t\n<h3>D\u00e9couvrez RMonitor en 30 minutes<\/h3>\n\t\t\n<style>\n#text-3838206513 {\n  color: #003399;\n}\n#text-3838206513 > * {\n  color: #003399;\n}\n<\/style>\n\t<\/div>\n\t\n<div class=\"is-divider divider clearfix\" style=\"margin-top:10px;margin-bottom:10px;max-width:100px;background-color:#003399;\"><\/div>\n\t<div id=\"text-596884264\" class=\"text\">\n\t\t\n<p><span data-teams=\"true\">R\u00e9servez une session personnalis\u00e9e avec notre expert pour d\u00e9couvrir les fonctionnalit\u00e9s de RMonitor.<\/span><\/p>\n<p><span data-teams=\"true\">Apprenez comment cet outil peut transformer votre production, maximiser votre efficacit\u00e9 et vous offrir une vision claire et d\u00e9taill\u00e9e de vos \u00e9quipements connect\u00e9s.<\/span><br \/>\n\t\t\n<style>\n#text-596884264 {\n  color: #003399;\n}\n#text-596884264 > * {\n  color: #003399;\n}\n<\/style>\n\t<\/div>\n\t\n\t<div id=\"gap-729295727\" class=\"gap-element clearfix\" style=\"display:block; height:auto;\">\n\t\t\n<style>\n#gap-729295727 {\n  padding-top: 35px;\n}\n@media (min-width:550px) {\n  #gap-729295727 {\n    padding-top: 20px;\n  }\n}\n@media (min-width:850px) {\n  #gap-729295727 {\n    padding-top: 20px;\n  }\n}\n<\/style>\n\t<\/div>\n\t\n<div class=\"row row-collapse align-middle\"  id=\"row-1909537702\">\n\n\t<div id=\"col-643192029\" class=\"col medium-3 small-4 large-3\"  >\n\t\t\t\t<div class=\"col-inner\"  >\n\t\t\t\n\t\t\t\n\t<div class=\"img has-hover x md-x lg-x y md-y lg-y\" id=\"image_1809234033\">\n\t\t<a class=\"\" href=\"https:\/\/outlook.office.com\/book\/RMonitorDemorequest@rollomatic.ch\/?ismsaljsauthenabled\" >\t\t\t\t\t\t<div class=\"img-inner dark\" >\n\t\t\t<img loading=\"lazy\" decoding=\"async\" width=\"1280\" height=\"1352\" src=\"https:\/\/www.rollomatic.ch\/wp-content\/uploads\/Microsoft_Teams-1.png\" class=\"attachment-original size-original\" alt=\"\" srcset=\"https:\/\/www.rollomatic.ch\/wp-content\/uploads\/Microsoft_Teams-1.png 1280w, https:\/\/www.rollomatic.ch\/wp-content\/uploads\/Microsoft_Teams-1-909x960.png 909w, https:\/\/www.rollomatic.ch\/wp-content\/uploads\/Microsoft_Teams-1-454x480.png 454w, https:\/\/www.rollomatic.ch\/wp-content\/uploads\/Microsoft_Teams-1-768x811.png 768w\" sizes=\"auto, (max-width: 1280px) 100vw, 1280px\" \/>\t\t\t\t\t\t\n\t\t\t\t\t<\/div>\n\t\t\t\t\t\t<\/a>\t\t\n<style>\n#image_1809234033 {\n  width: 70%;\n}\n@media (min-width:850px) {\n  #image_1809234033 {\n    width: 40%;\n  }\n}\n<\/style>\n\t<\/div>\n\t\n\t\t<\/div>\n\t\t\t\t\t<\/div>\n\n\t\n\n\t<div id=\"col-1409700716\" class=\"col medium-8 small-8 large-8\"  >\n\t\t\t\t<div class=\"col-inner\"  >\n\t\t\t\n\t\t\t\n\t<div id=\"gap-1056087519\" class=\"gap-element clearfix\" style=\"display:block; height:auto;\">\n\t\t\n<style>\n#gap-1056087519 {\n  padding-top: 1px;\n}\n@media (min-width:850px) {\n  #gap-1056087519 {\n    padding-top: 20px;\n  }\n}\n<\/style>\n\t<\/div>\n\t\n\t<div id=\"text-923419645\" class=\"text\">\n\t\t\n<p><strong>R\u00e9servez une session de 30 minutes<\/strong><br \/>\n\t\t\n<style>\n#text-923419645 {\n  text-align: left;\n  color: #003399;\n}\n#text-923419645 > * {\n  color: #003399;\n}\n<\/style>\n\t<\/div>\n\t\n\t\t<\/div>\n\t\t\t\t\n<style>\n#col-1409700716 > .col-inner {\n  margin: 10px 0px 0px 0px;\n}\n@media (min-width:850px) {\n  #col-1409700716 > .col-inner {\n    margin: 0px 0px 0px -55px;\n  }\n}\n<\/style>\n\t<\/div>\n\n\t\n<\/div>\n\t\t<\/div>\n\t\t\t\t\n<style>\n#col-572247952 > .col-inner {\n  padding: 20px 20px 20px 20px;\n  margin: 0px 0px 30px 0px;\n}\n@media (min-width:550px) {\n  #col-572247952 > .col-inner {\n    padding: 20px 20px 20px 20px;\n  }\n}\n<\/style>\n\t<\/div>\n\n\t\n<\/div>\n\t\t<\/div>\n\n\t\t\n<style>\n#section_547377171 {\n  padding-top: 60px;\n  padding-bottom: 60px;\n  min-height: 700px;\n  background-color: #003399;\n}\n#section_547377171 .section-bg-overlay {\n  background-color: rgba(0, 51, 153, 0.297);\n}\n<\/style>\n\t<\/section>\n\t\n","protected":false},"excerpt":{"rendered":"","protected":false},"author":27,"featured_media":0,"parent":0,"menu_order":0,"comment_status":"closed","ping_status":"closed","template":"","meta":{"_acf_changed":false,"footnotes":""},"class_list":["post-45685","page","type-page","status-publish","hentry"],"acf":[],"yoast_head":"<!-- This site is optimized with the Yoast SEO plugin v27.0 - https:\/\/yoast.com\/product\/yoast-seo-wordpress\/ -->\n<title>RMONITOR - Rollomatic<\/title>\n<meta name=\"robots\" content=\"index, follow, max-snippet:-1, max-image-preview:large, max-video-preview:-1\" \/>\n<link rel=\"canonical\" href=\"https:\/\/www.rollomatic.ch\/fr\/rmonitor\/\" \/>\n<meta property=\"og:locale\" content=\"fr_FR\" \/>\n<meta property=\"og:type\" content=\"article\" \/>\n<meta property=\"og:title\" content=\"RMONITOR - Rollomatic\" \/>\n<meta property=\"og:url\" content=\"https:\/\/www.rollomatic.ch\/fr\/rmonitor\/\" \/>\n<meta property=\"og:site_name\" content=\"Rollomatic\" \/>\n<meta property=\"article:publisher\" content=\"https:\/\/www.facebook.com\/rollomatic\/\" \/>\n<meta property=\"article:modified_time\" content=\"2026-02-25T10:23:54+00:00\" \/>\n<meta name=\"twitter:card\" content=\"summary_large_image\" \/>\n<meta name=\"twitter:site\" content=\"@rollomatics\" \/>\n<meta name=\"twitter:label1\" content=\"Dur\u00e9e de lecture estim\u00e9e\" \/>\n\t<meta name=\"twitter:data1\" content=\"2 minutes\" \/>\n<script type=\"application\/ld+json\" class=\"yoast-schema-graph\">{\"@context\":\"https:\/\/schema.org\",\"@graph\":[{\"@type\":\"WebPage\",\"@id\":\"https:\/\/www.rollomatic.ch\/fr\/rmonitor\/\",\"url\":\"https:\/\/www.rollomatic.ch\/fr\/rmonitor\/\",\"name\":\"RMONITOR - Rollomatic\",\"isPartOf\":{\"@id\":\"https:\/\/www.rollomatic.ch\/fr\/#website\"},\"datePublished\":\"2026-01-20T10:39:25+00:00\",\"dateModified\":\"2026-02-25T10:23:54+00:00\",\"breadcrumb\":{\"@id\":\"https:\/\/www.rollomatic.ch\/fr\/rmonitor\/#breadcrumb\"},\"inLanguage\":\"fr-FR\",\"potentialAction\":[{\"@type\":\"ReadAction\",\"target\":[\"https:\/\/www.rollomatic.ch\/fr\/rmonitor\/\"]}]},{\"@type\":\"BreadcrumbList\",\"@id\":\"https:\/\/www.rollomatic.ch\/fr\/rmonitor\/#breadcrumb\",\"itemListElement\":[{\"@type\":\"ListItem\",\"position\":1,\"name\":\"Home\",\"item\":\"https:\/\/www.rollomatic.ch\/fr\/\"},{\"@type\":\"ListItem\",\"position\":2,\"name\":\"RMONITOR\"}]},{\"@type\":\"WebSite\",\"@id\":\"https:\/\/www.rollomatic.ch\/fr\/#website\",\"url\":\"https:\/\/www.rollomatic.ch\/fr\/\",\"name\":\"Rollomatic\",\"description\":\"\",\"publisher\":{\"@id\":\"https:\/\/www.rollomatic.ch\/fr\/#organization\"},\"potentialAction\":[{\"@type\":\"SearchAction\",\"target\":{\"@type\":\"EntryPoint\",\"urlTemplate\":\"https:\/\/www.rollomatic.ch\/fr\/?s={search_term_string}\"},\"query-input\":{\"@type\":\"PropertyValueSpecification\",\"valueRequired\":true,\"valueName\":\"search_term_string\"}}],\"inLanguage\":\"fr-FR\"},{\"@type\":\"Organization\",\"@id\":\"https:\/\/www.rollomatic.ch\/fr\/#organization\",\"name\":\"Rollomatic S.A.\",\"url\":\"https:\/\/www.rollomatic.ch\/fr\/\",\"logo\":{\"@type\":\"ImageObject\",\"inLanguage\":\"fr-FR\",\"@id\":\"https:\/\/www.rollomatic.ch\/fr\/#\/schema\/logo\/image\/\",\"url\":\"https:\/\/www.rollomatic.ch\/wp-content\/uploads\/logomark_300.png\",\"contentUrl\":\"https:\/\/www.rollomatic.ch\/wp-content\/uploads\/logomark_300.png\",\"width\":300,\"height\":169,\"caption\":\"Rollomatic S.A.\"},\"image\":{\"@id\":\"https:\/\/www.rollomatic.ch\/fr\/#\/schema\/logo\/image\/\"},\"sameAs\":[\"https:\/\/www.facebook.com\/rollomatic\/\",\"https:\/\/x.com\/rollomatics\",\"https:\/\/www.linkedin.com\/company\/rollomatic-sa\/\"]}]}<\/script>\n<!-- \/ Yoast SEO plugin. -->","yoast_head_json":{"title":"RMONITOR - Rollomatic","robots":{"index":"index","follow":"follow","max-snippet":"max-snippet:-1","max-image-preview":"max-image-preview:large","max-video-preview":"max-video-preview:-1"},"canonical":"https:\/\/www.rollomatic.ch\/fr\/rmonitor\/","og_locale":"fr_FR","og_type":"article","og_title":"RMONITOR - Rollomatic","og_url":"https:\/\/www.rollomatic.ch\/fr\/rmonitor\/","og_site_name":"Rollomatic","article_publisher":"https:\/\/www.facebook.com\/rollomatic\/","article_modified_time":"2026-02-25T10:23:54+00:00","twitter_card":"summary_large_image","twitter_site":"@rollomatics","twitter_misc":{"Dur\u00e9e de lecture estim\u00e9e":"2 minutes"},"schema":{"@context":"https:\/\/schema.org","@graph":[{"@type":"WebPage","@id":"https:\/\/www.rollomatic.ch\/fr\/rmonitor\/","url":"https:\/\/www.rollomatic.ch\/fr\/rmonitor\/","name":"RMONITOR - Rollomatic","isPartOf":{"@id":"https:\/\/www.rollomatic.ch\/fr\/#website"},"datePublished":"2026-01-20T10:39:25+00:00","dateModified":"2026-02-25T10:23:54+00:00","breadcrumb":{"@id":"https:\/\/www.rollomatic.ch\/fr\/rmonitor\/#breadcrumb"},"inLanguage":"fr-FR","potentialAction":[{"@type":"ReadAction","target":["https:\/\/www.rollomatic.ch\/fr\/rmonitor\/"]}]},{"@type":"BreadcrumbList","@id":"https:\/\/www.rollomatic.ch\/fr\/rmonitor\/#breadcrumb","itemListElement":[{"@type":"ListItem","position":1,"name":"Home","item":"https:\/\/www.rollomatic.ch\/fr\/"},{"@type":"ListItem","position":2,"name":"RMONITOR"}]},{"@type":"WebSite","@id":"https:\/\/www.rollomatic.ch\/fr\/#website","url":"https:\/\/www.rollomatic.ch\/fr\/","name":"Rollomatic","description":"","publisher":{"@id":"https:\/\/www.rollomatic.ch\/fr\/#organization"},"potentialAction":[{"@type":"SearchAction","target":{"@type":"EntryPoint","urlTemplate":"https:\/\/www.rollomatic.ch\/fr\/?s={search_term_string}"},"query-input":{"@type":"PropertyValueSpecification","valueRequired":true,"valueName":"search_term_string"}}],"inLanguage":"fr-FR"},{"@type":"Organization","@id":"https:\/\/www.rollomatic.ch\/fr\/#organization","name":"Rollomatic S.A.","url":"https:\/\/www.rollomatic.ch\/fr\/","logo":{"@type":"ImageObject","inLanguage":"fr-FR","@id":"https:\/\/www.rollomatic.ch\/fr\/#\/schema\/logo\/image\/","url":"https:\/\/www.rollomatic.ch\/wp-content\/uploads\/logomark_300.png","contentUrl":"https:\/\/www.rollomatic.ch\/wp-content\/uploads\/logomark_300.png","width":300,"height":169,"caption":"Rollomatic S.A."},"image":{"@id":"https:\/\/www.rollomatic.ch\/fr\/#\/schema\/logo\/image\/"},"sameAs":["https:\/\/www.facebook.com\/rollomatic\/","https:\/\/x.com\/rollomatics","https:\/\/www.linkedin.com\/company\/rollomatic-sa\/"]}]}},"_links":{"self":[{"href":"https:\/\/www.rollomatic.ch\/fr\/wp-json\/wp\/v2\/pages\/45685","targetHints":{"allow":["GET"]}}],"collection":[{"href":"https:\/\/www.rollomatic.ch\/fr\/wp-json\/wp\/v2\/pages"}],"about":[{"href":"https:\/\/www.rollomatic.ch\/fr\/wp-json\/wp\/v2\/types\/page"}],"author":[{"embeddable":true,"href":"https:\/\/www.rollomatic.ch\/fr\/wp-json\/wp\/v2\/users\/27"}],"replies":[{"embeddable":true,"href":"https:\/\/www.rollomatic.ch\/fr\/wp-json\/wp\/v2\/comments?post=45685"}],"version-history":[{"count":0,"href":"https:\/\/www.rollomatic.ch\/fr\/wp-json\/wp\/v2\/pages\/45685\/revisions"}],"wp:attachment":[{"href":"https:\/\/www.rollomatic.ch\/fr\/wp-json\/wp\/v2\/media?parent=45685"}],"curies":[{"name":"wp","href":"https:\/\/api.w.org\/{rel}","templated":true}]}}