{"id":32061,"date":"2020-12-01T21:32:50","date_gmt":"2020-12-01T21:32:50","guid":{"rendered":"https:\/\/www.rollomatic.ch\/product\/grindsmart-630xw3\/"},"modified":"2025-05-13T12:01:01","modified_gmt":"2025-05-13T12:01:01","slug":"grindsmart-630xw3","status":"publish","type":"product","link":"https:\/\/www.rollomatic.ch\/fr\/produit\/grindsmart-630xw3\/","title":{"rendered":"GrindSmart\u00ae 630XW3"},"content":{"rendered":"<p>La meuleuse d&rsquo;outils de pr\u00e9cision 6 axes GrindSmart\u00ae630XW3 a \u00e9t\u00e9 con\u00e7ue pour la fabrication d&rsquo;outils de haute performance et sp\u00e9cialis\u00e9s, tant pour les lots longs que courts. Destin\u00e9 \u00e0 la production de grandes ou petites s\u00e9ries, le centre de meulage de haute pr\u00e9cision 6 axes GrindSmart\u00ae630XW est \u00e9quip\u00e9 de moteurs lin\u00e9aires, qui combin\u00e9s au moteur couple sur l&rsquo;axe rotatif, garantissent des \u00e9tats de surface de tr\u00e8s grande qualit\u00e9. L&#8217;emploi du m\u00eame lubrifiant, utilis\u00e9 aussi bien pour le refroidissement des moteurs lin\u00e9aires que lors du meulage. Cela permet une production performante \u00e0 temp\u00e9rature constante, sans consommation d&rsquo;\u00e9nergie suppl\u00e9mentaire.<\/p>\n<p>Le concept du 6\u00e8me axe de cette machine est unique dans l&rsquo;industrie du meulage. Il offre une pr\u00e9cision am\u00e9lior\u00e9e sur les fraises boule ou les rayons d&rsquo;angle avec la possibilit\u00e9 d&rsquo;incliner les meules et permet une programmation plus facile avec des mouvements \u00e0 vide plus courts pendant les op\u00e9rations de meulage. Cette machine couvre un large \u00e9ventail de diam\u00e8tres de \u00d8 0,1 \u00e0 20,0 mm (.004&Prime; &#8211; .75&Prime;). Pourvu, en standard, d&rsquo;un chargeur pi\u00e8ces d&rsquo;une autonomie pouvant atteindre une capacit\u00e9 de 1&rsquo;360 outils, ce mod\u00e8le propose un changeur meules SmartChanger \u00e0 16 positions pour r\u00e9pondre \u00e0 tous les besoins.<\/p>\n","protected":false},"excerpt":{"rendered":"<p>La meuleuse d&rsquo;outils de pr\u00e9cision 6 axes GrindSmart\u00ae630XW3 a \u00e9t\u00e9 con\u00e7ue pour la fabrication d&rsquo;outils de haute performance et sp\u00e9cialis\u00e9s, tant pour les lots longs que courts. Destin\u00e9 \u00e0 la [&#8230;]\n","protected":false},"featured_media":9194,"template":"","meta":{"_acf_changed":false},"industry":[],"tool-material":[],"tool-range":[385],"tool-type":[424,379,380,381,382,423,383,422],"product_brand":[],"product_cat":[517,520,558,559],"product_tag":[560],"class_list":{"0":"post-32061","1":"product","2":"type-product","3":"status-publish","4":"has-post-thumbnail","6":"tool-range-1-32mm","7":"tool-type-blades","8":"tool-type-boring-bars","9":"tool-type-burs","10":"tool-type-drills","11":"tool-type-end-mill","12":"tool-type-form-tools","13":"tool-type-reamers","14":"tool-type-taps","15":"product_cat-grindsmart-fr","16":"product_cat-inserts-and-boring-bars-fr","17":"product_cat-rotary-cutting-tools","18":"product_cat-cutting-tool-grinding-fr","19":"product_tag-cutting-tool-grinding-fr","21":"first","22":"instock","23":"shipping-taxable","24":"product-type-simple"},"acf":[],"yoast_head":"<!-- This site is optimized with the Yoast SEO plugin v27.0 - https:\/\/yoast.com\/product\/yoast-seo-wordpress\/ -->\n<title>GrindSmart\u00ae 630XW3 - Rollomatic<\/title>\n<meta name=\"description\" content=\"Aff\u00fbteuse d&#039;outils 6 axes de haute pr\u00e9cision avec le nouveau changeur meules automatique, pouvant contenir jusqu&#039;\u00e0 16 ensembles de meules, fabriquant des outils de coupe entre \u00d8 0,1 \u2013 20,0 mm (.004&quot;\u2013 5\/8&quot;)\" \/>\n<meta name=\"robots\" content=\"index, follow, max-snippet:-1, max-image-preview:large, max-video-preview:-1\" \/>\n<link rel=\"canonical\" href=\"https:\/\/www.rollomatic.ch\/fr\/produit\/grindsmart-630xw3\/\" \/>\n<meta property=\"og:locale\" content=\"fr_FR\" \/>\n<meta property=\"og:type\" content=\"article\" \/>\n<meta property=\"og:title\" content=\"GrindSmart\u00ae 630XW3 - Rollomatic\" \/>\n<meta property=\"og:description\" content=\"Aff\u00fbteuse d&#039;outils 6 axes de haute pr\u00e9cision avec le nouveau changeur meules automatique, pouvant contenir jusqu&#039;\u00e0 16 ensembles de meules, fabriquant des outils de coupe entre \u00d8 0,1 \u2013 20,0 mm (.004&quot;\u2013 5\/8&quot;)\" \/>\n<meta property=\"og:url\" content=\"https:\/\/www.rollomatic.ch\/fr\/produit\/grindsmart-630xw3\/\" \/>\n<meta property=\"og:site_name\" content=\"Rollomatic\" \/>\n<meta property=\"article:publisher\" content=\"https:\/\/www.facebook.com\/rollomatic\/\" \/>\n<meta property=\"article:modified_time\" content=\"2025-05-13T12:01:01+00:00\" \/>\n<meta property=\"og:image\" content=\"https:\/\/www.rollomatic.ch\/wp-content\/uploads\/630XW3-SHINY_1-2.webp\" \/>\n\t<meta property=\"og:image:width\" content=\"2560\" \/>\n\t<meta property=\"og:image:height\" content=\"1440\" \/>\n\t<meta property=\"og:image:type\" content=\"image\/webp\" \/>\n<meta name=\"twitter:card\" content=\"summary_large_image\" \/>\n<meta name=\"twitter:site\" content=\"@rollomatics\" \/>\n<meta name=\"twitter:label1\" content=\"Dur\u00e9e de lecture estim\u00e9e\" \/>\n\t<meta name=\"twitter:data1\" content=\"1 minute\" \/>\n<script type=\"application\/ld+json\" class=\"yoast-schema-graph\">{\"@context\":\"https:\/\/schema.org\",\"@graph\":[{\"@type\":\"WebPage\",\"@id\":\"https:\/\/www.rollomatic.ch\/fr\/produit\/grindsmart-630xw3\/\",\"url\":\"https:\/\/www.rollomatic.ch\/fr\/produit\/grindsmart-630xw3\/\",\"name\":\"GrindSmart\u00ae 630XW3 - Rollomatic\",\"isPartOf\":{\"@id\":\"https:\/\/www.rollomatic.ch\/fr\/#website\"},\"primaryImageOfPage\":{\"@id\":\"https:\/\/www.rollomatic.ch\/fr\/produit\/grindsmart-630xw3\/#primaryimage\"},\"image\":{\"@id\":\"https:\/\/www.rollomatic.ch\/fr\/produit\/grindsmart-630xw3\/#primaryimage\"},\"thumbnailUrl\":\"https:\/\/www.rollomatic.ch\/wp-content\/uploads\/630XW3-SHINY_1-2.webp\",\"datePublished\":\"2020-12-01T21:32:50+00:00\",\"dateModified\":\"2025-05-13T12:01:01+00:00\",\"description\":\"Aff\u00fbteuse d'outils 6 axes de haute pr\u00e9cision avec le nouveau changeur meules automatique, pouvant contenir jusqu'\u00e0 16 ensembles de meules, fabriquant des outils de coupe entre \u00d8 0,1 \u2013 20,0 mm (.004\\\"\u2013 5\/8\\\")\",\"breadcrumb\":{\"@id\":\"https:\/\/www.rollomatic.ch\/fr\/produit\/grindsmart-630xw3\/#breadcrumb\"},\"inLanguage\":\"fr-FR\",\"potentialAction\":[{\"@type\":\"ReadAction\",\"target\":[\"https:\/\/www.rollomatic.ch\/fr\/produit\/grindsmart-630xw3\/\"]}]},{\"@type\":\"ImageObject\",\"inLanguage\":\"fr-FR\",\"@id\":\"https:\/\/www.rollomatic.ch\/fr\/produit\/grindsmart-630xw3\/#primaryimage\",\"url\":\"https:\/\/www.rollomatic.ch\/wp-content\/uploads\/630XW3-SHINY_1-2.webp\",\"contentUrl\":\"https:\/\/www.rollomatic.ch\/wp-content\/uploads\/630XW3-SHINY_1-2.webp\",\"width\":2560,\"height\":1440},{\"@type\":\"BreadcrumbList\",\"@id\":\"https:\/\/www.rollomatic.ch\/fr\/produit\/grindsmart-630xw3\/#breadcrumb\",\"itemListElement\":[{\"@type\":\"ListItem\",\"position\":1,\"name\":\"Home\",\"item\":\"https:\/\/www.rollomatic.ch\/fr\/\"},{\"@type\":\"ListItem\",\"position\":2,\"name\":\"Catalogue\",\"item\":\"https:\/\/www.rollomatic.ch\/catalog\/\"},{\"@type\":\"ListItem\",\"position\":3,\"name\":\"GrindSmart\u00ae 630XW3\"}]},{\"@type\":\"WebSite\",\"@id\":\"https:\/\/www.rollomatic.ch\/fr\/#website\",\"url\":\"https:\/\/www.rollomatic.ch\/fr\/\",\"name\":\"Rollomatic\",\"description\":\"\",\"publisher\":{\"@id\":\"https:\/\/www.rollomatic.ch\/fr\/#organization\"},\"potentialAction\":[{\"@type\":\"SearchAction\",\"target\":{\"@type\":\"EntryPoint\",\"urlTemplate\":\"https:\/\/www.rollomatic.ch\/fr\/?s={search_term_string}\"},\"query-input\":{\"@type\":\"PropertyValueSpecification\",\"valueRequired\":true,\"valueName\":\"search_term_string\"}}],\"inLanguage\":\"fr-FR\"},{\"@type\":\"Organization\",\"@id\":\"https:\/\/www.rollomatic.ch\/fr\/#organization\",\"name\":\"Rollomatic S.A.\",\"url\":\"https:\/\/www.rollomatic.ch\/fr\/\",\"logo\":{\"@type\":\"ImageObject\",\"inLanguage\":\"fr-FR\",\"@id\":\"https:\/\/www.rollomatic.ch\/fr\/#\/schema\/logo\/image\/\",\"url\":\"https:\/\/www.rollomatic.ch\/wp-content\/uploads\/logomark_300.png\",\"contentUrl\":\"https:\/\/www.rollomatic.ch\/wp-content\/uploads\/logomark_300.png\",\"width\":300,\"height\":169,\"caption\":\"Rollomatic S.A.\"},\"image\":{\"@id\":\"https:\/\/www.rollomatic.ch\/fr\/#\/schema\/logo\/image\/\"},\"sameAs\":[\"https:\/\/www.facebook.com\/rollomatic\/\",\"https:\/\/x.com\/rollomatics\",\"https:\/\/www.linkedin.com\/company\/rollomatic-sa\/\"]}]}<\/script>\n<!-- \/ Yoast SEO plugin. -->","yoast_head_json":{"title":"GrindSmart\u00ae 630XW3 - Rollomatic","description":"Aff\u00fbteuse d'outils 6 axes de haute pr\u00e9cision avec le nouveau changeur meules automatique, pouvant contenir jusqu'\u00e0 16 ensembles de meules, fabriquant des outils de coupe entre \u00d8 0,1 \u2013 20,0 mm (.004\"\u2013 5\/8\")","robots":{"index":"index","follow":"follow","max-snippet":"max-snippet:-1","max-image-preview":"max-image-preview:large","max-video-preview":"max-video-preview:-1"},"canonical":"https:\/\/www.rollomatic.ch\/fr\/produit\/grindsmart-630xw3\/","og_locale":"fr_FR","og_type":"article","og_title":"GrindSmart\u00ae 630XW3 - Rollomatic","og_description":"Aff\u00fbteuse d'outils 6 axes de haute pr\u00e9cision avec le nouveau changeur meules automatique, pouvant contenir jusqu'\u00e0 16 ensembles de meules, fabriquant des outils de coupe entre \u00d8 0,1 \u2013 20,0 mm (.004\"\u2013 5\/8\")","og_url":"https:\/\/www.rollomatic.ch\/fr\/produit\/grindsmart-630xw3\/","og_site_name":"Rollomatic","article_publisher":"https:\/\/www.facebook.com\/rollomatic\/","article_modified_time":"2025-05-13T12:01:01+00:00","og_image":[{"width":2560,"height":1440,"url":"https:\/\/www.rollomatic.ch\/wp-content\/uploads\/630XW3-SHINY_1-2.webp","type":"image\/webp"}],"twitter_card":"summary_large_image","twitter_site":"@rollomatics","twitter_misc":{"Dur\u00e9e de lecture estim\u00e9e":"1 minute"},"schema":{"@context":"https:\/\/schema.org","@graph":[{"@type":"WebPage","@id":"https:\/\/www.rollomatic.ch\/fr\/produit\/grindsmart-630xw3\/","url":"https:\/\/www.rollomatic.ch\/fr\/produit\/grindsmart-630xw3\/","name":"GrindSmart\u00ae 630XW3 - Rollomatic","isPartOf":{"@id":"https:\/\/www.rollomatic.ch\/fr\/#website"},"primaryImageOfPage":{"@id":"https:\/\/www.rollomatic.ch\/fr\/produit\/grindsmart-630xw3\/#primaryimage"},"image":{"@id":"https:\/\/www.rollomatic.ch\/fr\/produit\/grindsmart-630xw3\/#primaryimage"},"thumbnailUrl":"https:\/\/www.rollomatic.ch\/wp-content\/uploads\/630XW3-SHINY_1-2.webp","datePublished":"2020-12-01T21:32:50+00:00","dateModified":"2025-05-13T12:01:01+00:00","description":"Aff\u00fbteuse d'outils 6 axes de haute pr\u00e9cision avec le nouveau changeur meules automatique, pouvant contenir jusqu'\u00e0 16 ensembles de meules, fabriquant des outils de coupe entre \u00d8 0,1 \u2013 20,0 mm (.004\"\u2013 5\/8\")","breadcrumb":{"@id":"https:\/\/www.rollomatic.ch\/fr\/produit\/grindsmart-630xw3\/#breadcrumb"},"inLanguage":"fr-FR","potentialAction":[{"@type":"ReadAction","target":["https:\/\/www.rollomatic.ch\/fr\/produit\/grindsmart-630xw3\/"]}]},{"@type":"ImageObject","inLanguage":"fr-FR","@id":"https:\/\/www.rollomatic.ch\/fr\/produit\/grindsmart-630xw3\/#primaryimage","url":"https:\/\/www.rollomatic.ch\/wp-content\/uploads\/630XW3-SHINY_1-2.webp","contentUrl":"https:\/\/www.rollomatic.ch\/wp-content\/uploads\/630XW3-SHINY_1-2.webp","width":2560,"height":1440},{"@type":"BreadcrumbList","@id":"https:\/\/www.rollomatic.ch\/fr\/produit\/grindsmart-630xw3\/#breadcrumb","itemListElement":[{"@type":"ListItem","position":1,"name":"Home","item":"https:\/\/www.rollomatic.ch\/fr\/"},{"@type":"ListItem","position":2,"name":"Catalogue","item":"https:\/\/www.rollomatic.ch\/catalog\/"},{"@type":"ListItem","position":3,"name":"GrindSmart\u00ae 630XW3"}]},{"@type":"WebSite","@id":"https:\/\/www.rollomatic.ch\/fr\/#website","url":"https:\/\/www.rollomatic.ch\/fr\/","name":"Rollomatic","description":"","publisher":{"@id":"https:\/\/www.rollomatic.ch\/fr\/#organization"},"potentialAction":[{"@type":"SearchAction","target":{"@type":"EntryPoint","urlTemplate":"https:\/\/www.rollomatic.ch\/fr\/?s={search_term_string}"},"query-input":{"@type":"PropertyValueSpecification","valueRequired":true,"valueName":"search_term_string"}}],"inLanguage":"fr-FR"},{"@type":"Organization","@id":"https:\/\/www.rollomatic.ch\/fr\/#organization","name":"Rollomatic S.A.","url":"https:\/\/www.rollomatic.ch\/fr\/","logo":{"@type":"ImageObject","inLanguage":"fr-FR","@id":"https:\/\/www.rollomatic.ch\/fr\/#\/schema\/logo\/image\/","url":"https:\/\/www.rollomatic.ch\/wp-content\/uploads\/logomark_300.png","contentUrl":"https:\/\/www.rollomatic.ch\/wp-content\/uploads\/logomark_300.png","width":300,"height":169,"caption":"Rollomatic S.A."},"image":{"@id":"https:\/\/www.rollomatic.ch\/fr\/#\/schema\/logo\/image\/"},"sameAs":["https:\/\/www.facebook.com\/rollomatic\/","https:\/\/x.com\/rollomatics","https:\/\/www.linkedin.com\/company\/rollomatic-sa\/"]}]}},"_links":{"self":[{"href":"https:\/\/www.rollomatic.ch\/fr\/wp-json\/wp\/v2\/product\/32061","targetHints":{"allow":["GET"]}}],"collection":[{"href":"https:\/\/www.rollomatic.ch\/fr\/wp-json\/wp\/v2\/product"}],"about":[{"href":"https:\/\/www.rollomatic.ch\/fr\/wp-json\/wp\/v2\/types\/product"}],"wp:featuredmedia":[{"embeddable":true,"href":"https:\/\/www.rollomatic.ch\/fr\/wp-json\/wp\/v2\/media\/9194"}],"wp:attachment":[{"href":"https:\/\/www.rollomatic.ch\/fr\/wp-json\/wp\/v2\/media?parent=32061"}],"wp:term":[{"taxonomy":"industry","embeddable":true,"href":"https:\/\/www.rollomatic.ch\/fr\/wp-json\/wp\/v2\/industry?post=32061"},{"taxonomy":"tool-material","embeddable":true,"href":"https:\/\/www.rollomatic.ch\/fr\/wp-json\/wp\/v2\/tool-material?post=32061"},{"taxonomy":"tool-range","embeddable":true,"href":"https:\/\/www.rollomatic.ch\/fr\/wp-json\/wp\/v2\/tool-range?post=32061"},{"taxonomy":"tool-type","embeddable":true,"href":"https:\/\/www.rollomatic.ch\/fr\/wp-json\/wp\/v2\/tool-type?post=32061"},{"taxonomy":"product_brand","embeddable":true,"href":"https:\/\/www.rollomatic.ch\/fr\/wp-json\/wp\/v2\/product_brand?post=32061"},{"taxonomy":"product_cat","embeddable":true,"href":"https:\/\/www.rollomatic.ch\/fr\/wp-json\/wp\/v2\/product_cat?post=32061"},{"taxonomy":"product_tag","embeddable":true,"href":"https:\/\/www.rollomatic.ch\/fr\/wp-json\/wp\/v2\/product_tag?post=32061"}],"curies":[{"name":"wp","href":"https:\/\/api.w.org\/{rel}","templated":true}]}}