{"id":32080,"date":"2020-11-10T15:16:45","date_gmt":"2020-11-10T15:16:45","guid":{"rendered":"https:\/\/www.rollomatic.ch\/product\/grindsmart-530xs\/"},"modified":"2025-05-13T12:01:07","modified_gmt":"2025-05-13T12:01:07","slug":"grindsmart-530xs","status":"publish","type":"product","link":"https:\/\/www.rollomatic.ch\/fr\/produit\/grindsmart-530xs\/","title":{"rendered":"GrindSmart\u00ae 530XS"},"content":{"rendered":"<p>Cette machine a \u00e9t\u00e9 con\u00e7ue pour l&rsquo;usinage d&rsquo;outils coupants rotatifs standards de haute performance et couvre une tr\u00e8s large gamme allant de \u00d8 0.1 \u00e0 16.0 mm, voire \u00d8 25.0 mm pour les limes rotatives. Destin\u00e9 \u00e0 la production de grandes et petites s\u00e9ries, le centre de meulage de haute pr\u00e9cision GrindSmart\u00ae530XS est \u00e9quip\u00e9 de moteurs lin\u00e9aires, qui combin\u00e9s au moteur couple sur l&rsquo;axe rotatif, garantissent des \u00e9tats de surface de tr\u00e8s grande qualit\u00e9.  L&#8217;emploi du m\u00eame lubrifiant, utilis\u00e9 aussi bien pour le refroidissement des moteurs lin\u00e9aires que lors du meulage. Cela permet d&rsquo;avoir une production performante \u00e0 temp\u00e9rature constante, sans consommation d&rsquo;\u00e9nergie suppl\u00e9mentaire.<\/p>\n","protected":false},"excerpt":{"rendered":"<p>Cette machine a \u00e9t\u00e9 con\u00e7ue pour l&rsquo;usinage d&rsquo;outils coupants rotatifs standards de haute performance et couvre une tr\u00e8s large gamme allant de \u00d8 0.1 \u00e0 16.0 mm, voire \u00d8 25.0 [&#8230;]\n","protected":false},"featured_media":9178,"template":"","meta":{"_acf_changed":false},"industry":[],"tool-material":[],"tool-range":[390],"tool-type":[380,381,382],"product_brand":[],"product_cat":[517,558,559],"product_tag":[560],"class_list":{"0":"post-32080","1":"product","2":"type-product","3":"status-publish","4":"has-post-thumbnail","6":"tool-range-1-20mm","7":"tool-type-burs","8":"tool-type-drills","9":"tool-type-end-mill","10":"product_cat-grindsmart-fr","11":"product_cat-rotary-cutting-tools","12":"product_cat-cutting-tool-grinding-fr","13":"product_tag-cutting-tool-grinding-fr","15":"first","16":"instock","17":"shipping-taxable","18":"product-type-simple"},"acf":[],"yoast_head":"<!-- This site is optimized with the Yoast SEO plugin v27.0 - https:\/\/yoast.com\/product\/yoast-seo-wordpress\/ -->\n<title>GrindSmart\u00ae 530XS - Rollomatic<\/title>\n<meta name=\"description\" content=\"Aff\u00fbteuse d&#039;outils de pr\u00e9cision 5 axes pour la fabrication d&#039;outils de coupe standards et haute performance de \u00d8 0.5 \u2013 16.0 mm (0.02&quot; \u2013 0.063&quot;) et limes rotatives pour diam\u00e8tres jusqu&#039;\u00e0 25 mm (1&quot;)\" \/>\n<meta name=\"robots\" content=\"index, follow, max-snippet:-1, max-image-preview:large, max-video-preview:-1\" \/>\n<link rel=\"canonical\" href=\"https:\/\/www.rollomatic.ch\/fr\/produit\/grindsmart-530xs\/\" \/>\n<meta property=\"og:locale\" content=\"fr_FR\" \/>\n<meta property=\"og:type\" content=\"article\" \/>\n<meta property=\"og:title\" content=\"GrindSmart\u00ae 530XS - Rollomatic\" \/>\n<meta property=\"og:description\" content=\"Aff\u00fbteuse d&#039;outils de pr\u00e9cision 5 axes pour la fabrication d&#039;outils de coupe standards et haute performance de \u00d8 0.5 \u2013 16.0 mm (0.02&quot; \u2013 0.063&quot;) et limes rotatives pour diam\u00e8tres jusqu&#039;\u00e0 25 mm (1&quot;)\" \/>\n<meta property=\"og:url\" content=\"https:\/\/www.rollomatic.ch\/fr\/produit\/grindsmart-530xs\/\" \/>\n<meta property=\"og:site_name\" content=\"Rollomatic\" \/>\n<meta property=\"article:publisher\" content=\"https:\/\/www.facebook.com\/rollomatic\/\" \/>\n<meta property=\"article:modified_time\" content=\"2025-05-13T12:01:07+00:00\" \/>\n<meta property=\"og:image\" content=\"https:\/\/www.rollomatic.ch\/wp-content\/uploads\/530XS-SHINY_1-1.webp\" \/>\n\t<meta property=\"og:image:width\" content=\"2560\" \/>\n\t<meta property=\"og:image:height\" content=\"1440\" \/>\n\t<meta property=\"og:image:type\" content=\"image\/webp\" \/>\n<meta name=\"twitter:card\" content=\"summary_large_image\" \/>\n<meta name=\"twitter:site\" content=\"@rollomatics\" \/>\n<meta name=\"twitter:label1\" content=\"Dur\u00e9e de lecture estim\u00e9e\" \/>\n\t<meta name=\"twitter:data1\" content=\"1 minute\" \/>\n<script type=\"application\/ld+json\" class=\"yoast-schema-graph\">{\"@context\":\"https:\/\/schema.org\",\"@graph\":[{\"@type\":\"WebPage\",\"@id\":\"https:\/\/www.rollomatic.ch\/fr\/produit\/grindsmart-530xs\/\",\"url\":\"https:\/\/www.rollomatic.ch\/fr\/produit\/grindsmart-530xs\/\",\"name\":\"GrindSmart\u00ae 530XS - Rollomatic\",\"isPartOf\":{\"@id\":\"https:\/\/www.rollomatic.ch\/fr\/#website\"},\"primaryImageOfPage\":{\"@id\":\"https:\/\/www.rollomatic.ch\/fr\/produit\/grindsmart-530xs\/#primaryimage\"},\"image\":{\"@id\":\"https:\/\/www.rollomatic.ch\/fr\/produit\/grindsmart-530xs\/#primaryimage\"},\"thumbnailUrl\":\"https:\/\/www.rollomatic.ch\/wp-content\/uploads\/530XS-SHINY_1-1.webp\",\"datePublished\":\"2020-11-10T15:16:45+00:00\",\"dateModified\":\"2025-05-13T12:01:07+00:00\",\"description\":\"Aff\u00fbteuse d'outils de pr\u00e9cision 5 axes pour la fabrication d'outils de coupe standards et haute performance de \u00d8 0.5 \u2013 16.0 mm (0.02\\\" \u2013 0.063\\\") et limes rotatives pour diam\u00e8tres jusqu'\u00e0 25 mm (1\\\")\",\"breadcrumb\":{\"@id\":\"https:\/\/www.rollomatic.ch\/fr\/produit\/grindsmart-530xs\/#breadcrumb\"},\"inLanguage\":\"fr-FR\",\"potentialAction\":[{\"@type\":\"ReadAction\",\"target\":[\"https:\/\/www.rollomatic.ch\/fr\/produit\/grindsmart-530xs\/\"]}]},{\"@type\":\"ImageObject\",\"inLanguage\":\"fr-FR\",\"@id\":\"https:\/\/www.rollomatic.ch\/fr\/produit\/grindsmart-530xs\/#primaryimage\",\"url\":\"https:\/\/www.rollomatic.ch\/wp-content\/uploads\/530XS-SHINY_1-1.webp\",\"contentUrl\":\"https:\/\/www.rollomatic.ch\/wp-content\/uploads\/530XS-SHINY_1-1.webp\",\"width\":2560,\"height\":1440},{\"@type\":\"BreadcrumbList\",\"@id\":\"https:\/\/www.rollomatic.ch\/fr\/produit\/grindsmart-530xs\/#breadcrumb\",\"itemListElement\":[{\"@type\":\"ListItem\",\"position\":1,\"name\":\"Home\",\"item\":\"https:\/\/www.rollomatic.ch\/fr\/\"},{\"@type\":\"ListItem\",\"position\":2,\"name\":\"Catalogue\",\"item\":\"https:\/\/www.rollomatic.ch\/catalog\/\"},{\"@type\":\"ListItem\",\"position\":3,\"name\":\"GrindSmart\u00ae 530XS\"}]},{\"@type\":\"WebSite\",\"@id\":\"https:\/\/www.rollomatic.ch\/fr\/#website\",\"url\":\"https:\/\/www.rollomatic.ch\/fr\/\",\"name\":\"Rollomatic\",\"description\":\"\",\"publisher\":{\"@id\":\"https:\/\/www.rollomatic.ch\/fr\/#organization\"},\"potentialAction\":[{\"@type\":\"SearchAction\",\"target\":{\"@type\":\"EntryPoint\",\"urlTemplate\":\"https:\/\/www.rollomatic.ch\/fr\/?s={search_term_string}\"},\"query-input\":{\"@type\":\"PropertyValueSpecification\",\"valueRequired\":true,\"valueName\":\"search_term_string\"}}],\"inLanguage\":\"fr-FR\"},{\"@type\":\"Organization\",\"@id\":\"https:\/\/www.rollomatic.ch\/fr\/#organization\",\"name\":\"Rollomatic S.A.\",\"url\":\"https:\/\/www.rollomatic.ch\/fr\/\",\"logo\":{\"@type\":\"ImageObject\",\"inLanguage\":\"fr-FR\",\"@id\":\"https:\/\/www.rollomatic.ch\/fr\/#\/schema\/logo\/image\/\",\"url\":\"https:\/\/www.rollomatic.ch\/wp-content\/uploads\/logomark_300.png\",\"contentUrl\":\"https:\/\/www.rollomatic.ch\/wp-content\/uploads\/logomark_300.png\",\"width\":300,\"height\":169,\"caption\":\"Rollomatic S.A.\"},\"image\":{\"@id\":\"https:\/\/www.rollomatic.ch\/fr\/#\/schema\/logo\/image\/\"},\"sameAs\":[\"https:\/\/www.facebook.com\/rollomatic\/\",\"https:\/\/x.com\/rollomatics\",\"https:\/\/www.linkedin.com\/company\/rollomatic-sa\/\"]}]}<\/script>\n<!-- \/ Yoast SEO plugin. -->","yoast_head_json":{"title":"GrindSmart\u00ae 530XS - Rollomatic","description":"Aff\u00fbteuse d'outils de pr\u00e9cision 5 axes pour la fabrication d'outils de coupe standards et haute performance de \u00d8 0.5 \u2013 16.0 mm (0.02\" \u2013 0.063\") et limes rotatives pour diam\u00e8tres jusqu'\u00e0 25 mm (1\")","robots":{"index":"index","follow":"follow","max-snippet":"max-snippet:-1","max-image-preview":"max-image-preview:large","max-video-preview":"max-video-preview:-1"},"canonical":"https:\/\/www.rollomatic.ch\/fr\/produit\/grindsmart-530xs\/","og_locale":"fr_FR","og_type":"article","og_title":"GrindSmart\u00ae 530XS - Rollomatic","og_description":"Aff\u00fbteuse d'outils de pr\u00e9cision 5 axes pour la fabrication d'outils de coupe standards et haute performance de \u00d8 0.5 \u2013 16.0 mm (0.02\" \u2013 0.063\") et limes rotatives pour diam\u00e8tres jusqu'\u00e0 25 mm (1\")","og_url":"https:\/\/www.rollomatic.ch\/fr\/produit\/grindsmart-530xs\/","og_site_name":"Rollomatic","article_publisher":"https:\/\/www.facebook.com\/rollomatic\/","article_modified_time":"2025-05-13T12:01:07+00:00","og_image":[{"width":2560,"height":1440,"url":"https:\/\/www.rollomatic.ch\/wp-content\/uploads\/530XS-SHINY_1-1.webp","type":"image\/webp"}],"twitter_card":"summary_large_image","twitter_site":"@rollomatics","twitter_misc":{"Dur\u00e9e de lecture estim\u00e9e":"1 minute"},"schema":{"@context":"https:\/\/schema.org","@graph":[{"@type":"WebPage","@id":"https:\/\/www.rollomatic.ch\/fr\/produit\/grindsmart-530xs\/","url":"https:\/\/www.rollomatic.ch\/fr\/produit\/grindsmart-530xs\/","name":"GrindSmart\u00ae 530XS - Rollomatic","isPartOf":{"@id":"https:\/\/www.rollomatic.ch\/fr\/#website"},"primaryImageOfPage":{"@id":"https:\/\/www.rollomatic.ch\/fr\/produit\/grindsmart-530xs\/#primaryimage"},"image":{"@id":"https:\/\/www.rollomatic.ch\/fr\/produit\/grindsmart-530xs\/#primaryimage"},"thumbnailUrl":"https:\/\/www.rollomatic.ch\/wp-content\/uploads\/530XS-SHINY_1-1.webp","datePublished":"2020-11-10T15:16:45+00:00","dateModified":"2025-05-13T12:01:07+00:00","description":"Aff\u00fbteuse d'outils de pr\u00e9cision 5 axes pour la fabrication d'outils de coupe standards et haute performance de \u00d8 0.5 \u2013 16.0 mm (0.02\" \u2013 0.063\") et limes rotatives pour diam\u00e8tres jusqu'\u00e0 25 mm (1\")","breadcrumb":{"@id":"https:\/\/www.rollomatic.ch\/fr\/produit\/grindsmart-530xs\/#breadcrumb"},"inLanguage":"fr-FR","potentialAction":[{"@type":"ReadAction","target":["https:\/\/www.rollomatic.ch\/fr\/produit\/grindsmart-530xs\/"]}]},{"@type":"ImageObject","inLanguage":"fr-FR","@id":"https:\/\/www.rollomatic.ch\/fr\/produit\/grindsmart-530xs\/#primaryimage","url":"https:\/\/www.rollomatic.ch\/wp-content\/uploads\/530XS-SHINY_1-1.webp","contentUrl":"https:\/\/www.rollomatic.ch\/wp-content\/uploads\/530XS-SHINY_1-1.webp","width":2560,"height":1440},{"@type":"BreadcrumbList","@id":"https:\/\/www.rollomatic.ch\/fr\/produit\/grindsmart-530xs\/#breadcrumb","itemListElement":[{"@type":"ListItem","position":1,"name":"Home","item":"https:\/\/www.rollomatic.ch\/fr\/"},{"@type":"ListItem","position":2,"name":"Catalogue","item":"https:\/\/www.rollomatic.ch\/catalog\/"},{"@type":"ListItem","position":3,"name":"GrindSmart\u00ae 530XS"}]},{"@type":"WebSite","@id":"https:\/\/www.rollomatic.ch\/fr\/#website","url":"https:\/\/www.rollomatic.ch\/fr\/","name":"Rollomatic","description":"","publisher":{"@id":"https:\/\/www.rollomatic.ch\/fr\/#organization"},"potentialAction":[{"@type":"SearchAction","target":{"@type":"EntryPoint","urlTemplate":"https:\/\/www.rollomatic.ch\/fr\/?s={search_term_string}"},"query-input":{"@type":"PropertyValueSpecification","valueRequired":true,"valueName":"search_term_string"}}],"inLanguage":"fr-FR"},{"@type":"Organization","@id":"https:\/\/www.rollomatic.ch\/fr\/#organization","name":"Rollomatic S.A.","url":"https:\/\/www.rollomatic.ch\/fr\/","logo":{"@type":"ImageObject","inLanguage":"fr-FR","@id":"https:\/\/www.rollomatic.ch\/fr\/#\/schema\/logo\/image\/","url":"https:\/\/www.rollomatic.ch\/wp-content\/uploads\/logomark_300.png","contentUrl":"https:\/\/www.rollomatic.ch\/wp-content\/uploads\/logomark_300.png","width":300,"height":169,"caption":"Rollomatic S.A."},"image":{"@id":"https:\/\/www.rollomatic.ch\/fr\/#\/schema\/logo\/image\/"},"sameAs":["https:\/\/www.facebook.com\/rollomatic\/","https:\/\/x.com\/rollomatics","https:\/\/www.linkedin.com\/company\/rollomatic-sa\/"]}]}},"_links":{"self":[{"href":"https:\/\/www.rollomatic.ch\/fr\/wp-json\/wp\/v2\/product\/32080","targetHints":{"allow":["GET"]}}],"collection":[{"href":"https:\/\/www.rollomatic.ch\/fr\/wp-json\/wp\/v2\/product"}],"about":[{"href":"https:\/\/www.rollomatic.ch\/fr\/wp-json\/wp\/v2\/types\/product"}],"wp:featuredmedia":[{"embeddable":true,"href":"https:\/\/www.rollomatic.ch\/fr\/wp-json\/wp\/v2\/media\/9178"}],"wp:attachment":[{"href":"https:\/\/www.rollomatic.ch\/fr\/wp-json\/wp\/v2\/media?parent=32080"}],"wp:term":[{"taxonomy":"industry","embeddable":true,"href":"https:\/\/www.rollomatic.ch\/fr\/wp-json\/wp\/v2\/industry?post=32080"},{"taxonomy":"tool-material","embeddable":true,"href":"https:\/\/www.rollomatic.ch\/fr\/wp-json\/wp\/v2\/tool-material?post=32080"},{"taxonomy":"tool-range","embeddable":true,"href":"https:\/\/www.rollomatic.ch\/fr\/wp-json\/wp\/v2\/tool-range?post=32080"},{"taxonomy":"tool-type","embeddable":true,"href":"https:\/\/www.rollomatic.ch\/fr\/wp-json\/wp\/v2\/tool-type?post=32080"},{"taxonomy":"product_brand","embeddable":true,"href":"https:\/\/www.rollomatic.ch\/fr\/wp-json\/wp\/v2\/product_brand?post=32080"},{"taxonomy":"product_cat","embeddable":true,"href":"https:\/\/www.rollomatic.ch\/fr\/wp-json\/wp\/v2\/product_cat?post=32080"},{"taxonomy":"product_tag","embeddable":true,"href":"https:\/\/www.rollomatic.ch\/fr\/wp-json\/wp\/v2\/product_tag?post=32080"}],"curies":[{"name":"wp","href":"https:\/\/api.w.org\/{rel}","templated":true}]}}