{"id":32085,"date":"2020-12-10T19:59:19","date_gmt":"2020-12-10T19:59:19","guid":{"rendered":"https:\/\/www.rollomatic.ch\/product\/grindsmart630xw\/"},"modified":"2025-05-13T12:00:53","modified_gmt":"2025-05-13T12:00:53","slug":"grindsmart630xw","status":"publish","type":"product","link":"https:\/\/www.rollomatic.ch\/fr\/produit\/grindsmart630xw\/","title":{"rendered":"GrindSmart\u00ae630XW"},"content":{"rendered":"<p>La meuleuse d&rsquo;outils de pr\u00e9cision 6 axes GrindSmart\u00ae630XW a \u00e9t\u00e9 con\u00e7ue pour la fabrication d&rsquo;outils de haute performance et sp\u00e9cialis\u00e9s, tant pour les lots longs que courts.<\/p>\n<p>Destin\u00e9 \u00e0 la production de grandes ou petites s\u00e9ries, le centre de meulage de haute pr\u00e9cision 6 axes GrindSmart\u00ae630XW est \u00e9quip\u00e9 de moteurs lin\u00e9aires, qui combin\u00e9s au moteur couple sur l&rsquo;axe rotatif, garantissent des \u00e9tats de surface de tr\u00e8s grande qualit\u00e9.<\/p>\n<p>L&#8217;emploi du m\u00eame lubrifiant, utilis\u00e9 aussi bien pour le refroidissement des moteurs lin\u00e9aires que lors du meulage. Cela permet une production performante \u00e0 temp\u00e9rature constante, sans consommation d&rsquo;\u00e9nergie suppl\u00e9mentaire.<\/p>\n<p>Le concept du 6\u00e8me axe de cette machine est unique dans l&rsquo;industrie du meulage. Il offre une pr\u00e9cision am\u00e9lior\u00e9e sur les fraises boule ou les rayons d&rsquo;angle avec la possibilit\u00e9 d&rsquo;incliner les meules et permet une programmation plus facile avec des mouvements \u00e0 vide plus courts pendant les op\u00e9rations de meulage. Cette machine couvre un large \u00e9ventail de diam\u00e8tres de \u00d8 0,1 \u00e0 20,0 mm (.004&Prime; &#8211; .75&Prime;).<\/p>\n<p>Pourvu, en standard, d&rsquo;un chargeur pi\u00e8ces d&rsquo;une autonomie pouvant atteindre une capacit\u00e9 de 1&rsquo;360 outils, ce mod\u00e8le propose un changeur meules SmartChanger \u00e0 6 positions pour r\u00e9pondre \u00e0 tous les besoins.<\/p>\n","protected":false},"excerpt":{"rendered":"<p>La meuleuse d&rsquo;outils de pr\u00e9cision 6 axes GrindSmart\u00ae630XW a \u00e9t\u00e9 con\u00e7ue pour la fabrication d&rsquo;outils de haute performance et sp\u00e9cialis\u00e9s, tant pour les lots longs que courts. Destin\u00e9 \u00e0 la [&#8230;]\n","protected":false},"featured_media":9190,"template":"","meta":{"_acf_changed":false},"industry":[608,623,611,605,620,769,602,626,614],"tool-material":[429,430],"tool-range":[390],"tool-type":[424,379,380,381,382,423,383,422],"product_brand":[],"product_cat":[517,520,558,559],"product_tag":[560],"class_list":{"0":"post-32085","1":"product","2":"type-product","3":"status-publish","4":"has-post-thumbnail","6":"industry-aerospace-fr","7":"industry-custom-applications-fr","8":"industry-automotive-ev-fr","9":"industry-dental-fr","10":"industry-woodworking-fr","11":"industry-industrie-electronique-3c","12":"industry-medical-fr","13":"industry-microtechnique-fr","14":"industry-die-mold-fr","15":"tool-material-carbide","16":"tool-material-ceramic","17":"tool-range-1-20mm","18":"tool-type-blades","19":"tool-type-boring-bars","20":"tool-type-burs","21":"tool-type-drills","22":"tool-type-end-mill","23":"tool-type-form-tools","24":"tool-type-reamers","25":"tool-type-taps","26":"product_cat-grindsmart-fr","27":"product_cat-inserts-and-boring-bars-fr","28":"product_cat-rotary-cutting-tools","29":"product_cat-cutting-tool-grinding-fr","30":"product_tag-cutting-tool-grinding-fr","32":"first","33":"instock","34":"shipping-taxable","35":"product-type-simple"},"acf":[],"yoast_head":"<!-- This site is optimized with the Yoast SEO plugin v27.0 - https:\/\/yoast.com\/product\/yoast-seo-wordpress\/ -->\n<title>GrindSmart\u00ae630XW - Rollomatic<\/title>\n<meta name=\"description\" content=\"Machine de meulage \u00e0 6 axes pour le meulage d&#039;outils de coupe rotatifs et stationnaires de 0,1 mm \u00e0 20 mm (.004\u201d \u00e0 \u00be\u201d)\" \/>\n<meta name=\"robots\" content=\"index, follow, max-snippet:-1, max-image-preview:large, max-video-preview:-1\" \/>\n<link rel=\"canonical\" href=\"https:\/\/www.rollomatic.ch\/fr\/produit\/grindsmart630xw\/\" \/>\n<meta property=\"og:locale\" content=\"fr_FR\" \/>\n<meta property=\"og:type\" content=\"article\" \/>\n<meta property=\"og:title\" content=\"GrindSmart\u00ae630XW - Rollomatic\" \/>\n<meta property=\"og:description\" content=\"Machine de meulage \u00e0 6 axes pour le meulage d&#039;outils de coupe rotatifs et stationnaires de 0,1 mm \u00e0 20 mm (.004\u201d \u00e0 \u00be\u201d)\" \/>\n<meta property=\"og:url\" content=\"https:\/\/www.rollomatic.ch\/fr\/produit\/grindsmart630xw\/\" \/>\n<meta property=\"og:site_name\" content=\"Rollomatic\" \/>\n<meta property=\"article:publisher\" content=\"https:\/\/www.facebook.com\/rollomatic\/\" \/>\n<meta property=\"article:modified_time\" content=\"2025-05-13T12:00:53+00:00\" \/>\n<meta property=\"og:image\" content=\"https:\/\/www.rollomatic.ch\/wp-content\/uploads\/630XW-SHINY_1-3.webp\" \/>\n\t<meta property=\"og:image:width\" content=\"2560\" \/>\n\t<meta property=\"og:image:height\" content=\"1440\" \/>\n\t<meta property=\"og:image:type\" content=\"image\/webp\" \/>\n<meta name=\"twitter:card\" content=\"summary_large_image\" \/>\n<meta name=\"twitter:site\" content=\"@rollomatics\" \/>\n<meta name=\"twitter:label1\" content=\"Dur\u00e9e de lecture estim\u00e9e\" \/>\n\t<meta name=\"twitter:data1\" content=\"1 minute\" \/>\n<script type=\"application\/ld+json\" class=\"yoast-schema-graph\">{\"@context\":\"https:\/\/schema.org\",\"@graph\":[{\"@type\":\"WebPage\",\"@id\":\"https:\/\/www.rollomatic.ch\/fr\/produit\/grindsmart630xw\/\",\"url\":\"https:\/\/www.rollomatic.ch\/fr\/produit\/grindsmart630xw\/\",\"name\":\"GrindSmart\u00ae630XW - Rollomatic\",\"isPartOf\":{\"@id\":\"https:\/\/www.rollomatic.ch\/fr\/#website\"},\"primaryImageOfPage\":{\"@id\":\"https:\/\/www.rollomatic.ch\/fr\/produit\/grindsmart630xw\/#primaryimage\"},\"image\":{\"@id\":\"https:\/\/www.rollomatic.ch\/fr\/produit\/grindsmart630xw\/#primaryimage\"},\"thumbnailUrl\":\"https:\/\/www.rollomatic.ch\/wp-content\/uploads\/630XW-SHINY_1-3.webp\",\"datePublished\":\"2020-12-10T19:59:19+00:00\",\"dateModified\":\"2025-05-13T12:00:53+00:00\",\"description\":\"Machine de meulage \u00e0 6 axes pour le meulage d'outils de coupe rotatifs et stationnaires de 0,1 mm \u00e0 20 mm (.004\u201d \u00e0 \u00be\u201d)\",\"breadcrumb\":{\"@id\":\"https:\/\/www.rollomatic.ch\/fr\/produit\/grindsmart630xw\/#breadcrumb\"},\"inLanguage\":\"fr-FR\",\"potentialAction\":[{\"@type\":\"ReadAction\",\"target\":[\"https:\/\/www.rollomatic.ch\/fr\/produit\/grindsmart630xw\/\"]}]},{\"@type\":\"ImageObject\",\"inLanguage\":\"fr-FR\",\"@id\":\"https:\/\/www.rollomatic.ch\/fr\/produit\/grindsmart630xw\/#primaryimage\",\"url\":\"https:\/\/www.rollomatic.ch\/wp-content\/uploads\/630XW-SHINY_1-3.webp\",\"contentUrl\":\"https:\/\/www.rollomatic.ch\/wp-content\/uploads\/630XW-SHINY_1-3.webp\",\"width\":2560,\"height\":1440},{\"@type\":\"BreadcrumbList\",\"@id\":\"https:\/\/www.rollomatic.ch\/fr\/produit\/grindsmart630xw\/#breadcrumb\",\"itemListElement\":[{\"@type\":\"ListItem\",\"position\":1,\"name\":\"Home\",\"item\":\"https:\/\/www.rollomatic.ch\/fr\/\"},{\"@type\":\"ListItem\",\"position\":2,\"name\":\"Catalogue\",\"item\":\"https:\/\/www.rollomatic.ch\/catalog\/\"},{\"@type\":\"ListItem\",\"position\":3,\"name\":\"GrindSmart\u00ae630XW\"}]},{\"@type\":\"WebSite\",\"@id\":\"https:\/\/www.rollomatic.ch\/fr\/#website\",\"url\":\"https:\/\/www.rollomatic.ch\/fr\/\",\"name\":\"Rollomatic\",\"description\":\"\",\"publisher\":{\"@id\":\"https:\/\/www.rollomatic.ch\/fr\/#organization\"},\"potentialAction\":[{\"@type\":\"SearchAction\",\"target\":{\"@type\":\"EntryPoint\",\"urlTemplate\":\"https:\/\/www.rollomatic.ch\/fr\/?s={search_term_string}\"},\"query-input\":{\"@type\":\"PropertyValueSpecification\",\"valueRequired\":true,\"valueName\":\"search_term_string\"}}],\"inLanguage\":\"fr-FR\"},{\"@type\":\"Organization\",\"@id\":\"https:\/\/www.rollomatic.ch\/fr\/#organization\",\"name\":\"Rollomatic S.A.\",\"url\":\"https:\/\/www.rollomatic.ch\/fr\/\",\"logo\":{\"@type\":\"ImageObject\",\"inLanguage\":\"fr-FR\",\"@id\":\"https:\/\/www.rollomatic.ch\/fr\/#\/schema\/logo\/image\/\",\"url\":\"https:\/\/www.rollomatic.ch\/wp-content\/uploads\/logomark_300.png\",\"contentUrl\":\"https:\/\/www.rollomatic.ch\/wp-content\/uploads\/logomark_300.png\",\"width\":300,\"height\":169,\"caption\":\"Rollomatic S.A.\"},\"image\":{\"@id\":\"https:\/\/www.rollomatic.ch\/fr\/#\/schema\/logo\/image\/\"},\"sameAs\":[\"https:\/\/www.facebook.com\/rollomatic\/\",\"https:\/\/x.com\/rollomatics\",\"https:\/\/www.linkedin.com\/company\/rollomatic-sa\/\"]}]}<\/script>\n<!-- \/ Yoast SEO plugin. -->","yoast_head_json":{"title":"GrindSmart\u00ae630XW - Rollomatic","description":"Machine de meulage \u00e0 6 axes pour le meulage d'outils de coupe rotatifs et stationnaires de 0,1 mm \u00e0 20 mm (.004\u201d \u00e0 \u00be\u201d)","robots":{"index":"index","follow":"follow","max-snippet":"max-snippet:-1","max-image-preview":"max-image-preview:large","max-video-preview":"max-video-preview:-1"},"canonical":"https:\/\/www.rollomatic.ch\/fr\/produit\/grindsmart630xw\/","og_locale":"fr_FR","og_type":"article","og_title":"GrindSmart\u00ae630XW - Rollomatic","og_description":"Machine de meulage \u00e0 6 axes pour le meulage d'outils de coupe rotatifs et stationnaires de 0,1 mm \u00e0 20 mm (.004\u201d \u00e0 \u00be\u201d)","og_url":"https:\/\/www.rollomatic.ch\/fr\/produit\/grindsmart630xw\/","og_site_name":"Rollomatic","article_publisher":"https:\/\/www.facebook.com\/rollomatic\/","article_modified_time":"2025-05-13T12:00:53+00:00","og_image":[{"width":2560,"height":1440,"url":"https:\/\/www.rollomatic.ch\/wp-content\/uploads\/630XW-SHINY_1-3.webp","type":"image\/webp"}],"twitter_card":"summary_large_image","twitter_site":"@rollomatics","twitter_misc":{"Dur\u00e9e de lecture estim\u00e9e":"1 minute"},"schema":{"@context":"https:\/\/schema.org","@graph":[{"@type":"WebPage","@id":"https:\/\/www.rollomatic.ch\/fr\/produit\/grindsmart630xw\/","url":"https:\/\/www.rollomatic.ch\/fr\/produit\/grindsmart630xw\/","name":"GrindSmart\u00ae630XW - Rollomatic","isPartOf":{"@id":"https:\/\/www.rollomatic.ch\/fr\/#website"},"primaryImageOfPage":{"@id":"https:\/\/www.rollomatic.ch\/fr\/produit\/grindsmart630xw\/#primaryimage"},"image":{"@id":"https:\/\/www.rollomatic.ch\/fr\/produit\/grindsmart630xw\/#primaryimage"},"thumbnailUrl":"https:\/\/www.rollomatic.ch\/wp-content\/uploads\/630XW-SHINY_1-3.webp","datePublished":"2020-12-10T19:59:19+00:00","dateModified":"2025-05-13T12:00:53+00:00","description":"Machine de meulage \u00e0 6 axes pour le meulage d'outils de coupe rotatifs et stationnaires de 0,1 mm \u00e0 20 mm (.004\u201d \u00e0 \u00be\u201d)","breadcrumb":{"@id":"https:\/\/www.rollomatic.ch\/fr\/produit\/grindsmart630xw\/#breadcrumb"},"inLanguage":"fr-FR","potentialAction":[{"@type":"ReadAction","target":["https:\/\/www.rollomatic.ch\/fr\/produit\/grindsmart630xw\/"]}]},{"@type":"ImageObject","inLanguage":"fr-FR","@id":"https:\/\/www.rollomatic.ch\/fr\/produit\/grindsmart630xw\/#primaryimage","url":"https:\/\/www.rollomatic.ch\/wp-content\/uploads\/630XW-SHINY_1-3.webp","contentUrl":"https:\/\/www.rollomatic.ch\/wp-content\/uploads\/630XW-SHINY_1-3.webp","width":2560,"height":1440},{"@type":"BreadcrumbList","@id":"https:\/\/www.rollomatic.ch\/fr\/produit\/grindsmart630xw\/#breadcrumb","itemListElement":[{"@type":"ListItem","position":1,"name":"Home","item":"https:\/\/www.rollomatic.ch\/fr\/"},{"@type":"ListItem","position":2,"name":"Catalogue","item":"https:\/\/www.rollomatic.ch\/catalog\/"},{"@type":"ListItem","position":3,"name":"GrindSmart\u00ae630XW"}]},{"@type":"WebSite","@id":"https:\/\/www.rollomatic.ch\/fr\/#website","url":"https:\/\/www.rollomatic.ch\/fr\/","name":"Rollomatic","description":"","publisher":{"@id":"https:\/\/www.rollomatic.ch\/fr\/#organization"},"potentialAction":[{"@type":"SearchAction","target":{"@type":"EntryPoint","urlTemplate":"https:\/\/www.rollomatic.ch\/fr\/?s={search_term_string}"},"query-input":{"@type":"PropertyValueSpecification","valueRequired":true,"valueName":"search_term_string"}}],"inLanguage":"fr-FR"},{"@type":"Organization","@id":"https:\/\/www.rollomatic.ch\/fr\/#organization","name":"Rollomatic S.A.","url":"https:\/\/www.rollomatic.ch\/fr\/","logo":{"@type":"ImageObject","inLanguage":"fr-FR","@id":"https:\/\/www.rollomatic.ch\/fr\/#\/schema\/logo\/image\/","url":"https:\/\/www.rollomatic.ch\/wp-content\/uploads\/logomark_300.png","contentUrl":"https:\/\/www.rollomatic.ch\/wp-content\/uploads\/logomark_300.png","width":300,"height":169,"caption":"Rollomatic S.A."},"image":{"@id":"https:\/\/www.rollomatic.ch\/fr\/#\/schema\/logo\/image\/"},"sameAs":["https:\/\/www.facebook.com\/rollomatic\/","https:\/\/x.com\/rollomatics","https:\/\/www.linkedin.com\/company\/rollomatic-sa\/"]}]}},"_links":{"self":[{"href":"https:\/\/www.rollomatic.ch\/fr\/wp-json\/wp\/v2\/product\/32085","targetHints":{"allow":["GET"]}}],"collection":[{"href":"https:\/\/www.rollomatic.ch\/fr\/wp-json\/wp\/v2\/product"}],"about":[{"href":"https:\/\/www.rollomatic.ch\/fr\/wp-json\/wp\/v2\/types\/product"}],"wp:featuredmedia":[{"embeddable":true,"href":"https:\/\/www.rollomatic.ch\/fr\/wp-json\/wp\/v2\/media\/9190"}],"wp:attachment":[{"href":"https:\/\/www.rollomatic.ch\/fr\/wp-json\/wp\/v2\/media?parent=32085"}],"wp:term":[{"taxonomy":"industry","embeddable":true,"href":"https:\/\/www.rollomatic.ch\/fr\/wp-json\/wp\/v2\/industry?post=32085"},{"taxonomy":"tool-material","embeddable":true,"href":"https:\/\/www.rollomatic.ch\/fr\/wp-json\/wp\/v2\/tool-material?post=32085"},{"taxonomy":"tool-range","embeddable":true,"href":"https:\/\/www.rollomatic.ch\/fr\/wp-json\/wp\/v2\/tool-range?post=32085"},{"taxonomy":"tool-type","embeddable":true,"href":"https:\/\/www.rollomatic.ch\/fr\/wp-json\/wp\/v2\/tool-type?post=32085"},{"taxonomy":"product_brand","embeddable":true,"href":"https:\/\/www.rollomatic.ch\/fr\/wp-json\/wp\/v2\/product_brand?post=32085"},{"taxonomy":"product_cat","embeddable":true,"href":"https:\/\/www.rollomatic.ch\/fr\/wp-json\/wp\/v2\/product_cat?post=32085"},{"taxonomy":"product_tag","embeddable":true,"href":"https:\/\/www.rollomatic.ch\/fr\/wp-json\/wp\/v2\/product_tag?post=32085"}],"curies":[{"name":"wp","href":"https:\/\/api.w.org\/{rel}","templated":true}]}}