{"id":32100,"date":"2020-08-10T19:39:47","date_gmt":"2020-08-10T19:39:47","guid":{"rendered":"https:\/\/www.rollomatic.ch\/product\/shapesmartnp30\/"},"modified":"2025-05-13T12:01:37","modified_gmt":"2025-05-13T12:01:37","slug":"shapesmartnp30","status":"publish","type":"product","link":"https:\/\/www.rollomatic.ch\/fr\/produit\/shapesmartnp30\/","title":{"rendered":"ShapeSmart\u00aeNP30"},"content":{"rendered":"<p>La ShapeSmart\u00aeNP30 est destin\u00e9e aux fabricants d\u2019outils \u00e0 la recherche d\u2019une machine proposant le meilleur rapport qualit\u00e9, fiabilit\u00e9, prix et performance.<\/p>\n<p>Dot\u00e9e de 4 axes CNC et reposant sur la m\u00e9thode de meulage par pelage simultan\u00e9 avec une meule d&rsquo;\u00e9bauche et de finition, la ShapeSmart\u00aeNP30 est une rectifieuse cylindrique de pr\u00e9cision destin\u00e9e \u00e0 la pr\u00e9paration d&rsquo;\u00e9bauches d&rsquo;outils coupants tels que fraises, forets et autres outils cylindriques \u00e9tag\u00e9s, couvrant une gamme de diam\u00e8tres compris entre \u00d8 0.025 et \u00d8 25.0 mm.<\/p>\n","protected":false},"excerpt":{"rendered":"<p>La ShapeSmart\u00aeNP30 est destin\u00e9e aux fabricants d\u2019outils \u00e0 la recherche d\u2019une machine proposant le meilleur rapport qualit\u00e9, fiabilit\u00e9, prix et performance. Dot\u00e9e de 4 axes CNC et reposant sur la [&#8230;]\n","protected":false},"featured_media":9221,"template":"","meta":{"_acf_changed":false},"industry":[617],"tool-material":[],"tool-range":[419],"tool-type":[389],"product_brand":[],"product_cat":[523,596,595],"product_tag":[792],"class_list":{"0":"post-32100","1":"product","2":"type-product","3":"status-publish","4":"has-post-thumbnail","6":"industry-punch-fr","7":"tool-range-0-025-25mm","8":"tool-type-cylindrical-round-applications","9":"product_cat-shapesmart-fr","10":"product_cat-blank-prep-and-punches-fr","11":"product_cat-cylindrical-grinding-fr","12":"product_tag-rectification-cylindrique","14":"first","15":"instock","16":"shipping-taxable","17":"product-type-simple"},"acf":[],"yoast_head":"<!-- This site is optimized with the Yoast SEO plugin v27.0 - https:\/\/yoast.com\/product\/yoast-seo-wordpress\/ -->\n<title>ShapeSmart NP30 | Meulage par pincement 4 axes | Rollomatic<\/title>\n<meta name=\"description\" content=\"Machine de meulage par pelage 4 axes avec une capacit\u00e9 de 0,02 mm \u00e0 25,4 mm (de 0.0008 &#039;&#039; \u00e0 1 &#039;&#039;) pour outils ronds, poin\u00e7ons et composants.\" \/>\n<meta name=\"robots\" content=\"index, follow, max-snippet:-1, max-image-preview:large, max-video-preview:-1\" \/>\n<link rel=\"canonical\" href=\"https:\/\/www.rollomatic.ch\/fr\/produit\/shapesmartnp30\/\" \/>\n<meta property=\"og:locale\" content=\"fr_FR\" \/>\n<meta property=\"og:type\" content=\"article\" \/>\n<meta property=\"og:title\" content=\"ShapeSmart NP30 | Meulage par pincement 4 axes | Rollomatic\" \/>\n<meta property=\"og:description\" content=\"Machine de meulage par pelage 4 axes avec une capacit\u00e9 de 0,02 mm \u00e0 25,4 mm (de 0.0008 &#039;&#039; \u00e0 1 &#039;&#039;) pour outils ronds, poin\u00e7ons et composants.\" \/>\n<meta property=\"og:url\" content=\"https:\/\/www.rollomatic.ch\/fr\/produit\/shapesmartnp30\/\" \/>\n<meta property=\"og:site_name\" content=\"Rollomatic\" \/>\n<meta property=\"article:publisher\" content=\"https:\/\/www.facebook.com\/rollomatic\/\" \/>\n<meta property=\"article:modified_time\" content=\"2025-05-13T12:01:37+00:00\" \/>\n<meta property=\"og:image\" content=\"https:\/\/www.rollomatic.ch\/wp-content\/uploads\/NP30-SHINY_1-1.webp\" \/>\n\t<meta property=\"og:image:width\" content=\"2560\" \/>\n\t<meta property=\"og:image:height\" content=\"1440\" \/>\n\t<meta property=\"og:image:type\" content=\"image\/webp\" \/>\n<meta name=\"twitter:card\" content=\"summary_large_image\" \/>\n<meta name=\"twitter:site\" content=\"@rollomatics\" \/>\n<script type=\"application\/ld+json\" class=\"yoast-schema-graph\">{\"@context\":\"https:\/\/schema.org\",\"@graph\":[{\"@type\":\"WebPage\",\"@id\":\"https:\/\/www.rollomatic.ch\/fr\/produit\/shapesmartnp30\/\",\"url\":\"https:\/\/www.rollomatic.ch\/fr\/produit\/shapesmartnp30\/\",\"name\":\"ShapeSmart NP30 | Meulage par pincement 4 axes | Rollomatic\",\"isPartOf\":{\"@id\":\"https:\/\/www.rollomatic.ch\/fr\/#website\"},\"primaryImageOfPage\":{\"@id\":\"https:\/\/www.rollomatic.ch\/fr\/produit\/shapesmartnp30\/#primaryimage\"},\"image\":{\"@id\":\"https:\/\/www.rollomatic.ch\/fr\/produit\/shapesmartnp30\/#primaryimage\"},\"thumbnailUrl\":\"https:\/\/www.rollomatic.ch\/wp-content\/uploads\/NP30-SHINY_1-1.webp\",\"datePublished\":\"2020-08-10T19:39:47+00:00\",\"dateModified\":\"2025-05-13T12:01:37+00:00\",\"description\":\"Machine de meulage par pelage 4 axes avec une capacit\u00e9 de 0,02 mm \u00e0 25,4 mm (de 0.0008 '' \u00e0 1 '') pour outils ronds, poin\u00e7ons et composants.\",\"breadcrumb\":{\"@id\":\"https:\/\/www.rollomatic.ch\/fr\/produit\/shapesmartnp30\/#breadcrumb\"},\"inLanguage\":\"fr-FR\",\"potentialAction\":[{\"@type\":\"ReadAction\",\"target\":[\"https:\/\/www.rollomatic.ch\/fr\/produit\/shapesmartnp30\/\"]}]},{\"@type\":\"ImageObject\",\"inLanguage\":\"fr-FR\",\"@id\":\"https:\/\/www.rollomatic.ch\/fr\/produit\/shapesmartnp30\/#primaryimage\",\"url\":\"https:\/\/www.rollomatic.ch\/wp-content\/uploads\/NP30-SHINY_1-1.webp\",\"contentUrl\":\"https:\/\/www.rollomatic.ch\/wp-content\/uploads\/NP30-SHINY_1-1.webp\",\"width\":2560,\"height\":1440},{\"@type\":\"BreadcrumbList\",\"@id\":\"https:\/\/www.rollomatic.ch\/fr\/produit\/shapesmartnp30\/#breadcrumb\",\"itemListElement\":[{\"@type\":\"ListItem\",\"position\":1,\"name\":\"Home\",\"item\":\"https:\/\/www.rollomatic.ch\/fr\/\"},{\"@type\":\"ListItem\",\"position\":2,\"name\":\"Catalogue\",\"item\":\"https:\/\/www.rollomatic.ch\/catalog\/\"},{\"@type\":\"ListItem\",\"position\":3,\"name\":\"ShapeSmart\u00aeNP30\"}]},{\"@type\":\"WebSite\",\"@id\":\"https:\/\/www.rollomatic.ch\/fr\/#website\",\"url\":\"https:\/\/www.rollomatic.ch\/fr\/\",\"name\":\"Rollomatic\",\"description\":\"\",\"publisher\":{\"@id\":\"https:\/\/www.rollomatic.ch\/fr\/#organization\"},\"potentialAction\":[{\"@type\":\"SearchAction\",\"target\":{\"@type\":\"EntryPoint\",\"urlTemplate\":\"https:\/\/www.rollomatic.ch\/fr\/?s={search_term_string}\"},\"query-input\":{\"@type\":\"PropertyValueSpecification\",\"valueRequired\":true,\"valueName\":\"search_term_string\"}}],\"inLanguage\":\"fr-FR\"},{\"@type\":\"Organization\",\"@id\":\"https:\/\/www.rollomatic.ch\/fr\/#organization\",\"name\":\"Rollomatic S.A.\",\"url\":\"https:\/\/www.rollomatic.ch\/fr\/\",\"logo\":{\"@type\":\"ImageObject\",\"inLanguage\":\"fr-FR\",\"@id\":\"https:\/\/www.rollomatic.ch\/fr\/#\/schema\/logo\/image\/\",\"url\":\"https:\/\/www.rollomatic.ch\/wp-content\/uploads\/logomark_300.png\",\"contentUrl\":\"https:\/\/www.rollomatic.ch\/wp-content\/uploads\/logomark_300.png\",\"width\":300,\"height\":169,\"caption\":\"Rollomatic S.A.\"},\"image\":{\"@id\":\"https:\/\/www.rollomatic.ch\/fr\/#\/schema\/logo\/image\/\"},\"sameAs\":[\"https:\/\/www.facebook.com\/rollomatic\/\",\"https:\/\/x.com\/rollomatics\",\"https:\/\/www.linkedin.com\/company\/rollomatic-sa\/\"]}]}<\/script>\n<!-- \/ Yoast SEO plugin. -->","yoast_head_json":{"title":"ShapeSmart NP30 | Meulage par pincement 4 axes | Rollomatic","description":"Machine de meulage par pelage 4 axes avec une capacit\u00e9 de 0,02 mm \u00e0 25,4 mm (de 0.0008 '' \u00e0 1 '') pour outils ronds, poin\u00e7ons et composants.","robots":{"index":"index","follow":"follow","max-snippet":"max-snippet:-1","max-image-preview":"max-image-preview:large","max-video-preview":"max-video-preview:-1"},"canonical":"https:\/\/www.rollomatic.ch\/fr\/produit\/shapesmartnp30\/","og_locale":"fr_FR","og_type":"article","og_title":"ShapeSmart NP30 | Meulage par pincement 4 axes | Rollomatic","og_description":"Machine de meulage par pelage 4 axes avec une capacit\u00e9 de 0,02 mm \u00e0 25,4 mm (de 0.0008 '' \u00e0 1 '') pour outils ronds, poin\u00e7ons et composants.","og_url":"https:\/\/www.rollomatic.ch\/fr\/produit\/shapesmartnp30\/","og_site_name":"Rollomatic","article_publisher":"https:\/\/www.facebook.com\/rollomatic\/","article_modified_time":"2025-05-13T12:01:37+00:00","og_image":[{"width":2560,"height":1440,"url":"https:\/\/www.rollomatic.ch\/wp-content\/uploads\/NP30-SHINY_1-1.webp","type":"image\/webp"}],"twitter_card":"summary_large_image","twitter_site":"@rollomatics","schema":{"@context":"https:\/\/schema.org","@graph":[{"@type":"WebPage","@id":"https:\/\/www.rollomatic.ch\/fr\/produit\/shapesmartnp30\/","url":"https:\/\/www.rollomatic.ch\/fr\/produit\/shapesmartnp30\/","name":"ShapeSmart NP30 | Meulage par pincement 4 axes | Rollomatic","isPartOf":{"@id":"https:\/\/www.rollomatic.ch\/fr\/#website"},"primaryImageOfPage":{"@id":"https:\/\/www.rollomatic.ch\/fr\/produit\/shapesmartnp30\/#primaryimage"},"image":{"@id":"https:\/\/www.rollomatic.ch\/fr\/produit\/shapesmartnp30\/#primaryimage"},"thumbnailUrl":"https:\/\/www.rollomatic.ch\/wp-content\/uploads\/NP30-SHINY_1-1.webp","datePublished":"2020-08-10T19:39:47+00:00","dateModified":"2025-05-13T12:01:37+00:00","description":"Machine de meulage par pelage 4 axes avec une capacit\u00e9 de 0,02 mm \u00e0 25,4 mm (de 0.0008 '' \u00e0 1 '') pour outils ronds, poin\u00e7ons et composants.","breadcrumb":{"@id":"https:\/\/www.rollomatic.ch\/fr\/produit\/shapesmartnp30\/#breadcrumb"},"inLanguage":"fr-FR","potentialAction":[{"@type":"ReadAction","target":["https:\/\/www.rollomatic.ch\/fr\/produit\/shapesmartnp30\/"]}]},{"@type":"ImageObject","inLanguage":"fr-FR","@id":"https:\/\/www.rollomatic.ch\/fr\/produit\/shapesmartnp30\/#primaryimage","url":"https:\/\/www.rollomatic.ch\/wp-content\/uploads\/NP30-SHINY_1-1.webp","contentUrl":"https:\/\/www.rollomatic.ch\/wp-content\/uploads\/NP30-SHINY_1-1.webp","width":2560,"height":1440},{"@type":"BreadcrumbList","@id":"https:\/\/www.rollomatic.ch\/fr\/produit\/shapesmartnp30\/#breadcrumb","itemListElement":[{"@type":"ListItem","position":1,"name":"Home","item":"https:\/\/www.rollomatic.ch\/fr\/"},{"@type":"ListItem","position":2,"name":"Catalogue","item":"https:\/\/www.rollomatic.ch\/catalog\/"},{"@type":"ListItem","position":3,"name":"ShapeSmart\u00aeNP30"}]},{"@type":"WebSite","@id":"https:\/\/www.rollomatic.ch\/fr\/#website","url":"https:\/\/www.rollomatic.ch\/fr\/","name":"Rollomatic","description":"","publisher":{"@id":"https:\/\/www.rollomatic.ch\/fr\/#organization"},"potentialAction":[{"@type":"SearchAction","target":{"@type":"EntryPoint","urlTemplate":"https:\/\/www.rollomatic.ch\/fr\/?s={search_term_string}"},"query-input":{"@type":"PropertyValueSpecification","valueRequired":true,"valueName":"search_term_string"}}],"inLanguage":"fr-FR"},{"@type":"Organization","@id":"https:\/\/www.rollomatic.ch\/fr\/#organization","name":"Rollomatic S.A.","url":"https:\/\/www.rollomatic.ch\/fr\/","logo":{"@type":"ImageObject","inLanguage":"fr-FR","@id":"https:\/\/www.rollomatic.ch\/fr\/#\/schema\/logo\/image\/","url":"https:\/\/www.rollomatic.ch\/wp-content\/uploads\/logomark_300.png","contentUrl":"https:\/\/www.rollomatic.ch\/wp-content\/uploads\/logomark_300.png","width":300,"height":169,"caption":"Rollomatic S.A."},"image":{"@id":"https:\/\/www.rollomatic.ch\/fr\/#\/schema\/logo\/image\/"},"sameAs":["https:\/\/www.facebook.com\/rollomatic\/","https:\/\/x.com\/rollomatics","https:\/\/www.linkedin.com\/company\/rollomatic-sa\/"]}]}},"_links":{"self":[{"href":"https:\/\/www.rollomatic.ch\/fr\/wp-json\/wp\/v2\/product\/32100","targetHints":{"allow":["GET"]}}],"collection":[{"href":"https:\/\/www.rollomatic.ch\/fr\/wp-json\/wp\/v2\/product"}],"about":[{"href":"https:\/\/www.rollomatic.ch\/fr\/wp-json\/wp\/v2\/types\/product"}],"wp:featuredmedia":[{"embeddable":true,"href":"https:\/\/www.rollomatic.ch\/fr\/wp-json\/wp\/v2\/media\/9221"}],"wp:attachment":[{"href":"https:\/\/www.rollomatic.ch\/fr\/wp-json\/wp\/v2\/media?parent=32100"}],"wp:term":[{"taxonomy":"industry","embeddable":true,"href":"https:\/\/www.rollomatic.ch\/fr\/wp-json\/wp\/v2\/industry?post=32100"},{"taxonomy":"tool-material","embeddable":true,"href":"https:\/\/www.rollomatic.ch\/fr\/wp-json\/wp\/v2\/tool-material?post=32100"},{"taxonomy":"tool-range","embeddable":true,"href":"https:\/\/www.rollomatic.ch\/fr\/wp-json\/wp\/v2\/tool-range?post=32100"},{"taxonomy":"tool-type","embeddable":true,"href":"https:\/\/www.rollomatic.ch\/fr\/wp-json\/wp\/v2\/tool-type?post=32100"},{"taxonomy":"product_brand","embeddable":true,"href":"https:\/\/www.rollomatic.ch\/fr\/wp-json\/wp\/v2\/product_brand?post=32100"},{"taxonomy":"product_cat","embeddable":true,"href":"https:\/\/www.rollomatic.ch\/fr\/wp-json\/wp\/v2\/product_cat?post=32100"},{"taxonomy":"product_tag","embeddable":true,"href":"https:\/\/www.rollomatic.ch\/fr\/wp-json\/wp\/v2\/product_tag?post=32100"}],"curies":[{"name":"wp","href":"https:\/\/api.w.org\/{rel}","templated":true}]}}