{"id":32105,"date":"2020-10-25T15:43:23","date_gmt":"2020-10-25T15:43:23","guid":{"rendered":"https:\/\/www.rollomatic.ch\/product\/grindsmart830xw\/"},"modified":"2025-05-13T12:01:17","modified_gmt":"2025-05-13T12:01:17","slug":"grindsmart830xw","status":"publish","type":"product","link":"https:\/\/www.rollomatic.ch\/fr\/produit\/grindsmart830xw\/","title":{"rendered":"GrindSmart\u00ae830XW"},"content":{"rendered":"<p>Destin\u00e9e \u00e0 la production de grandes et petites s\u00e9ries et dot\u00e9e de 6 axes interpol\u00e9s simultan\u00e9ment, la GrindSmart\u00ae830XW int\u00e8gre la combinaison innovante de la technologie hydrostatique et des moteurs lin\u00e9aires. Ce concept procure une tr\u00e8s grande rigidit\u00e9 et amortit les vibrations pouvant survenir durant l\u2019usinage, augmentant ainsi la dur\u00e9e de vie des meules et garantissant des \u00e9tats de surface offrant un r\u00e9el avantage concurrentiel aux utilisateurs. La production sans surveillance est un processus suppl\u00e9mentaire qui a \u00e9t\u00e9 int\u00e9gr\u00e9 dans cette machine pour permettre une fabrication \u00e0 long terme sans intervention humaine.<\/p>\n","protected":false},"excerpt":{"rendered":"<p>Destin\u00e9e \u00e0 la production de grandes et petites s\u00e9ries et dot\u00e9e de 6 axes interpol\u00e9s simultan\u00e9ment, la GrindSmart\u00ae830XW int\u00e8gre la combinaison innovante de la technologie hydrostatique et des moteurs lin\u00e9aires. [&#8230;]\n","protected":false},"featured_media":9202,"template":"","meta":{"_acf_changed":false},"industry":[608,623,611,620],"tool-material":[],"tool-range":[385],"tool-type":[379,380,381,382,423,383,422],"product_brand":[],"product_cat":[517,558,559],"product_tag":[560],"class_list":{"0":"post-32105","1":"product","2":"type-product","3":"status-publish","4":"has-post-thumbnail","6":"industry-aerospace-fr","7":"industry-custom-applications-fr","8":"industry-automotive-ev-fr","9":"industry-woodworking-fr","10":"tool-range-1-32mm","11":"tool-type-boring-bars","12":"tool-type-burs","13":"tool-type-drills","14":"tool-type-end-mill","15":"tool-type-form-tools","16":"tool-type-reamers","17":"tool-type-taps","18":"product_cat-grindsmart-fr","19":"product_cat-rotary-cutting-tools","20":"product_cat-cutting-tool-grinding-fr","21":"product_tag-cutting-tool-grinding-fr","23":"first","24":"instock","25":"shipping-taxable","26":"product-type-simple"},"acf":[],"yoast_head":"<!-- This site is optimized with the Yoast SEO plugin v27.0 - https:\/\/yoast.com\/product\/yoast-seo-wordpress\/ -->\n<title>GrindSmart\u00ae830XW - Rollomatic<\/title>\n<meta name=\"description\" content=\"Machine de meulage d&#039;outils hydrostatique et lin\u00e9aire \u00e0 6 axes avec une capacit\u00e9 de 1 mm \u00e0 32 mm (.040\u201d \u00e0 1.1\/4\u201d) de diam\u00e8tre. Aucune d\u00e9gradation des performances et des co\u00fbts d&#039;entretien faibles.\" \/>\n<meta name=\"robots\" content=\"index, follow, max-snippet:-1, max-image-preview:large, max-video-preview:-1\" \/>\n<link rel=\"canonical\" href=\"https:\/\/www.rollomatic.ch\/fr\/produit\/grindsmart830xw\/\" \/>\n<meta property=\"og:locale\" content=\"fr_FR\" \/>\n<meta property=\"og:type\" content=\"article\" \/>\n<meta property=\"og:title\" content=\"GrindSmart\u00ae830XW - Rollomatic\" \/>\n<meta property=\"og:description\" content=\"Machine de meulage d&#039;outils hydrostatique et lin\u00e9aire \u00e0 6 axes avec une capacit\u00e9 de 1 mm \u00e0 32 mm (.040\u201d \u00e0 1.1\/4\u201d) de diam\u00e8tre. Aucune d\u00e9gradation des performances et des co\u00fbts d&#039;entretien faibles.\" \/>\n<meta property=\"og:url\" content=\"https:\/\/www.rollomatic.ch\/fr\/produit\/grindsmart830xw\/\" \/>\n<meta property=\"og:site_name\" content=\"Rollomatic\" \/>\n<meta property=\"article:publisher\" content=\"https:\/\/www.facebook.com\/rollomatic\/\" \/>\n<meta property=\"article:modified_time\" content=\"2025-05-13T12:01:17+00:00\" \/>\n<meta property=\"og:image\" content=\"https:\/\/www.rollomatic.ch\/wp-content\/uploads\/830XW-SHINY_1-6.webp\" \/>\n\t<meta property=\"og:image:width\" content=\"2560\" \/>\n\t<meta property=\"og:image:height\" content=\"1440\" \/>\n\t<meta property=\"og:image:type\" content=\"image\/webp\" \/>\n<meta name=\"twitter:card\" content=\"summary_large_image\" \/>\n<meta name=\"twitter:site\" content=\"@rollomatics\" \/>\n<meta name=\"twitter:label1\" content=\"Dur\u00e9e de lecture estim\u00e9e\" \/>\n\t<meta name=\"twitter:data1\" content=\"1 minute\" \/>\n<script type=\"application\/ld+json\" class=\"yoast-schema-graph\">{\"@context\":\"https:\/\/schema.org\",\"@graph\":[{\"@type\":\"WebPage\",\"@id\":\"https:\/\/www.rollomatic.ch\/fr\/produit\/grindsmart830xw\/\",\"url\":\"https:\/\/www.rollomatic.ch\/fr\/produit\/grindsmart830xw\/\",\"name\":\"GrindSmart\u00ae830XW - Rollomatic\",\"isPartOf\":{\"@id\":\"https:\/\/www.rollomatic.ch\/fr\/#website\"},\"primaryImageOfPage\":{\"@id\":\"https:\/\/www.rollomatic.ch\/fr\/produit\/grindsmart830xw\/#primaryimage\"},\"image\":{\"@id\":\"https:\/\/www.rollomatic.ch\/fr\/produit\/grindsmart830xw\/#primaryimage\"},\"thumbnailUrl\":\"https:\/\/www.rollomatic.ch\/wp-content\/uploads\/830XW-SHINY_1-6.webp\",\"datePublished\":\"2020-10-25T15:43:23+00:00\",\"dateModified\":\"2025-05-13T12:01:17+00:00\",\"description\":\"Machine de meulage d'outils hydrostatique et lin\u00e9aire \u00e0 6 axes avec une capacit\u00e9 de 1 mm \u00e0 32 mm (.040\u201d \u00e0 1.1\/4\u201d) de diam\u00e8tre. Aucune d\u00e9gradation des performances et des co\u00fbts d'entretien faibles.\",\"breadcrumb\":{\"@id\":\"https:\/\/www.rollomatic.ch\/fr\/produit\/grindsmart830xw\/#breadcrumb\"},\"inLanguage\":\"fr-FR\",\"potentialAction\":[{\"@type\":\"ReadAction\",\"target\":[\"https:\/\/www.rollomatic.ch\/fr\/produit\/grindsmart830xw\/\"]}]},{\"@type\":\"ImageObject\",\"inLanguage\":\"fr-FR\",\"@id\":\"https:\/\/www.rollomatic.ch\/fr\/produit\/grindsmart830xw\/#primaryimage\",\"url\":\"https:\/\/www.rollomatic.ch\/wp-content\/uploads\/830XW-SHINY_1-6.webp\",\"contentUrl\":\"https:\/\/www.rollomatic.ch\/wp-content\/uploads\/830XW-SHINY_1-6.webp\",\"width\":2560,\"height\":1440},{\"@type\":\"BreadcrumbList\",\"@id\":\"https:\/\/www.rollomatic.ch\/fr\/produit\/grindsmart830xw\/#breadcrumb\",\"itemListElement\":[{\"@type\":\"ListItem\",\"position\":1,\"name\":\"Home\",\"item\":\"https:\/\/www.rollomatic.ch\/fr\/\"},{\"@type\":\"ListItem\",\"position\":2,\"name\":\"Catalogue\",\"item\":\"https:\/\/www.rollomatic.ch\/catalog\/\"},{\"@type\":\"ListItem\",\"position\":3,\"name\":\"GrindSmart\u00ae830XW\"}]},{\"@type\":\"WebSite\",\"@id\":\"https:\/\/www.rollomatic.ch\/fr\/#website\",\"url\":\"https:\/\/www.rollomatic.ch\/fr\/\",\"name\":\"Rollomatic\",\"description\":\"\",\"publisher\":{\"@id\":\"https:\/\/www.rollomatic.ch\/fr\/#organization\"},\"potentialAction\":[{\"@type\":\"SearchAction\",\"target\":{\"@type\":\"EntryPoint\",\"urlTemplate\":\"https:\/\/www.rollomatic.ch\/fr\/?s={search_term_string}\"},\"query-input\":{\"@type\":\"PropertyValueSpecification\",\"valueRequired\":true,\"valueName\":\"search_term_string\"}}],\"inLanguage\":\"fr-FR\"},{\"@type\":\"Organization\",\"@id\":\"https:\/\/www.rollomatic.ch\/fr\/#organization\",\"name\":\"Rollomatic S.A.\",\"url\":\"https:\/\/www.rollomatic.ch\/fr\/\",\"logo\":{\"@type\":\"ImageObject\",\"inLanguage\":\"fr-FR\",\"@id\":\"https:\/\/www.rollomatic.ch\/fr\/#\/schema\/logo\/image\/\",\"url\":\"https:\/\/www.rollomatic.ch\/wp-content\/uploads\/logomark_300.png\",\"contentUrl\":\"https:\/\/www.rollomatic.ch\/wp-content\/uploads\/logomark_300.png\",\"width\":300,\"height\":169,\"caption\":\"Rollomatic S.A.\"},\"image\":{\"@id\":\"https:\/\/www.rollomatic.ch\/fr\/#\/schema\/logo\/image\/\"},\"sameAs\":[\"https:\/\/www.facebook.com\/rollomatic\/\",\"https:\/\/x.com\/rollomatics\",\"https:\/\/www.linkedin.com\/company\/rollomatic-sa\/\"]}]}<\/script>\n<!-- \/ Yoast SEO plugin. -->","yoast_head_json":{"title":"GrindSmart\u00ae830XW - Rollomatic","description":"Machine de meulage d'outils hydrostatique et lin\u00e9aire \u00e0 6 axes avec une capacit\u00e9 de 1 mm \u00e0 32 mm (.040\u201d \u00e0 1.1\/4\u201d) de diam\u00e8tre. Aucune d\u00e9gradation des performances et des co\u00fbts d'entretien faibles.","robots":{"index":"index","follow":"follow","max-snippet":"max-snippet:-1","max-image-preview":"max-image-preview:large","max-video-preview":"max-video-preview:-1"},"canonical":"https:\/\/www.rollomatic.ch\/fr\/produit\/grindsmart830xw\/","og_locale":"fr_FR","og_type":"article","og_title":"GrindSmart\u00ae830XW - Rollomatic","og_description":"Machine de meulage d'outils hydrostatique et lin\u00e9aire \u00e0 6 axes avec une capacit\u00e9 de 1 mm \u00e0 32 mm (.040\u201d \u00e0 1.1\/4\u201d) de diam\u00e8tre. Aucune d\u00e9gradation des performances et des co\u00fbts d'entretien faibles.","og_url":"https:\/\/www.rollomatic.ch\/fr\/produit\/grindsmart830xw\/","og_site_name":"Rollomatic","article_publisher":"https:\/\/www.facebook.com\/rollomatic\/","article_modified_time":"2025-05-13T12:01:17+00:00","og_image":[{"width":2560,"height":1440,"url":"https:\/\/www.rollomatic.ch\/wp-content\/uploads\/830XW-SHINY_1-6.webp","type":"image\/webp"}],"twitter_card":"summary_large_image","twitter_site":"@rollomatics","twitter_misc":{"Dur\u00e9e de lecture estim\u00e9e":"1 minute"},"schema":{"@context":"https:\/\/schema.org","@graph":[{"@type":"WebPage","@id":"https:\/\/www.rollomatic.ch\/fr\/produit\/grindsmart830xw\/","url":"https:\/\/www.rollomatic.ch\/fr\/produit\/grindsmart830xw\/","name":"GrindSmart\u00ae830XW - Rollomatic","isPartOf":{"@id":"https:\/\/www.rollomatic.ch\/fr\/#website"},"primaryImageOfPage":{"@id":"https:\/\/www.rollomatic.ch\/fr\/produit\/grindsmart830xw\/#primaryimage"},"image":{"@id":"https:\/\/www.rollomatic.ch\/fr\/produit\/grindsmart830xw\/#primaryimage"},"thumbnailUrl":"https:\/\/www.rollomatic.ch\/wp-content\/uploads\/830XW-SHINY_1-6.webp","datePublished":"2020-10-25T15:43:23+00:00","dateModified":"2025-05-13T12:01:17+00:00","description":"Machine de meulage d'outils hydrostatique et lin\u00e9aire \u00e0 6 axes avec une capacit\u00e9 de 1 mm \u00e0 32 mm (.040\u201d \u00e0 1.1\/4\u201d) de diam\u00e8tre. Aucune d\u00e9gradation des performances et des co\u00fbts d'entretien faibles.","breadcrumb":{"@id":"https:\/\/www.rollomatic.ch\/fr\/produit\/grindsmart830xw\/#breadcrumb"},"inLanguage":"fr-FR","potentialAction":[{"@type":"ReadAction","target":["https:\/\/www.rollomatic.ch\/fr\/produit\/grindsmart830xw\/"]}]},{"@type":"ImageObject","inLanguage":"fr-FR","@id":"https:\/\/www.rollomatic.ch\/fr\/produit\/grindsmart830xw\/#primaryimage","url":"https:\/\/www.rollomatic.ch\/wp-content\/uploads\/830XW-SHINY_1-6.webp","contentUrl":"https:\/\/www.rollomatic.ch\/wp-content\/uploads\/830XW-SHINY_1-6.webp","width":2560,"height":1440},{"@type":"BreadcrumbList","@id":"https:\/\/www.rollomatic.ch\/fr\/produit\/grindsmart830xw\/#breadcrumb","itemListElement":[{"@type":"ListItem","position":1,"name":"Home","item":"https:\/\/www.rollomatic.ch\/fr\/"},{"@type":"ListItem","position":2,"name":"Catalogue","item":"https:\/\/www.rollomatic.ch\/catalog\/"},{"@type":"ListItem","position":3,"name":"GrindSmart\u00ae830XW"}]},{"@type":"WebSite","@id":"https:\/\/www.rollomatic.ch\/fr\/#website","url":"https:\/\/www.rollomatic.ch\/fr\/","name":"Rollomatic","description":"","publisher":{"@id":"https:\/\/www.rollomatic.ch\/fr\/#organization"},"potentialAction":[{"@type":"SearchAction","target":{"@type":"EntryPoint","urlTemplate":"https:\/\/www.rollomatic.ch\/fr\/?s={search_term_string}"},"query-input":{"@type":"PropertyValueSpecification","valueRequired":true,"valueName":"search_term_string"}}],"inLanguage":"fr-FR"},{"@type":"Organization","@id":"https:\/\/www.rollomatic.ch\/fr\/#organization","name":"Rollomatic S.A.","url":"https:\/\/www.rollomatic.ch\/fr\/","logo":{"@type":"ImageObject","inLanguage":"fr-FR","@id":"https:\/\/www.rollomatic.ch\/fr\/#\/schema\/logo\/image\/","url":"https:\/\/www.rollomatic.ch\/wp-content\/uploads\/logomark_300.png","contentUrl":"https:\/\/www.rollomatic.ch\/wp-content\/uploads\/logomark_300.png","width":300,"height":169,"caption":"Rollomatic S.A."},"image":{"@id":"https:\/\/www.rollomatic.ch\/fr\/#\/schema\/logo\/image\/"},"sameAs":["https:\/\/www.facebook.com\/rollomatic\/","https:\/\/x.com\/rollomatics","https:\/\/www.linkedin.com\/company\/rollomatic-sa\/"]}]}},"_links":{"self":[{"href":"https:\/\/www.rollomatic.ch\/fr\/wp-json\/wp\/v2\/product\/32105","targetHints":{"allow":["GET"]}}],"collection":[{"href":"https:\/\/www.rollomatic.ch\/fr\/wp-json\/wp\/v2\/product"}],"about":[{"href":"https:\/\/www.rollomatic.ch\/fr\/wp-json\/wp\/v2\/types\/product"}],"wp:featuredmedia":[{"embeddable":true,"href":"https:\/\/www.rollomatic.ch\/fr\/wp-json\/wp\/v2\/media\/9202"}],"wp:attachment":[{"href":"https:\/\/www.rollomatic.ch\/fr\/wp-json\/wp\/v2\/media?parent=32105"}],"wp:term":[{"taxonomy":"industry","embeddable":true,"href":"https:\/\/www.rollomatic.ch\/fr\/wp-json\/wp\/v2\/industry?post=32105"},{"taxonomy":"tool-material","embeddable":true,"href":"https:\/\/www.rollomatic.ch\/fr\/wp-json\/wp\/v2\/tool-material?post=32105"},{"taxonomy":"tool-range","embeddable":true,"href":"https:\/\/www.rollomatic.ch\/fr\/wp-json\/wp\/v2\/tool-range?post=32105"},{"taxonomy":"tool-type","embeddable":true,"href":"https:\/\/www.rollomatic.ch\/fr\/wp-json\/wp\/v2\/tool-type?post=32105"},{"taxonomy":"product_brand","embeddable":true,"href":"https:\/\/www.rollomatic.ch\/fr\/wp-json\/wp\/v2\/product_brand?post=32105"},{"taxonomy":"product_cat","embeddable":true,"href":"https:\/\/www.rollomatic.ch\/fr\/wp-json\/wp\/v2\/product_cat?post=32105"},{"taxonomy":"product_tag","embeddable":true,"href":"https:\/\/www.rollomatic.ch\/fr\/wp-json\/wp\/v2\/product_tag?post=32105"}],"curies":[{"name":"wp","href":"https:\/\/api.w.org\/{rel}","templated":true}]}}