{"id":32109,"date":"2020-08-20T19:31:46","date_gmt":"2020-08-20T19:31:46","guid":{"rendered":"https:\/\/www.rollomatic.ch\/product\/shapesmartnp50\/"},"modified":"2025-05-13T12:01:32","modified_gmt":"2025-05-13T12:01:32","slug":"shapesmartnp50","status":"publish","type":"product","link":"https:\/\/www.rollomatic.ch\/fr\/produit\/shapesmartnp50\/","title":{"rendered":"ShapeSmart\u00aeNP50"},"content":{"rendered":"<p>La ShapeSmart\u00aeNP50 est une rectifieuse cylindrique 5 axes haute pr\u00e9cision \u00e9quip\u00e9e d\u2019un chargeur automatique 3 axes et pour une gamme de diam\u00e8tres de meulage comprise entre 0.025 et 25.0 mm.<\/p>\n<p>La NP50 est id\u00e9ale pour la pr\u00e9paration d&rsquo;\u00e9bauches d\u2019outils coupants et de poin\u00e7ons n\u00e9cessitant une g\u00e9om\u00e9trie complexe et des rapports longueur\/diam\u00e8tre \u00e9lev\u00e9s.<\/p>\n","protected":false},"excerpt":{"rendered":"<p>La ShapeSmart\u00aeNP50 est une rectifieuse cylindrique 5 axes haute pr\u00e9cision \u00e9quip\u00e9e d\u2019un chargeur automatique 3 axes et pour une gamme de diam\u00e8tres de meulage comprise entre 0.025 et 25.0 mm. [&#8230;]\n","protected":false},"featured_media":9225,"template":"","meta":{"_acf_changed":false},"industry":[605,602,614,617],"tool-material":[],"tool-range":[419],"tool-type":[388],"product_brand":[],"product_cat":[523,596,595],"product_tag":[792],"class_list":{"0":"post-32109","1":"product","2":"type-product","3":"status-publish","4":"has-post-thumbnail","6":"industry-dental-fr","7":"industry-medical-fr","8":"industry-die-mold-fr","9":"industry-punch-fr","10":"tool-range-0-025-25mm","11":"tool-type-cylindrical-non-round-applications","12":"product_cat-shapesmart-fr","13":"product_cat-blank-prep-and-punches-fr","14":"product_cat-cylindrical-grinding-fr","15":"product_tag-rectification-cylindrique","17":"first","18":"instock","19":"shipping-taxable","20":"product-type-simple"},"acf":[],"yoast_head":"<!-- This site is optimized with the Yoast SEO plugin v27.0 - https:\/\/yoast.com\/product\/yoast-seo-wordpress\/ -->\n<title>ShapeSmart\u00aeNP50 - Rollomatic<\/title>\n<meta name=\"description\" content=\"Machine de meulage par pelage 5 axes avec une capacit\u00e9 de 0,02 mm \u00e0 25,4 mm (de 0.0008 &#039;&#039; \u00e0 1 &#039;&#039;) pour outils ronds et non-ronds, poin\u00e7ons et composants.\" \/>\n<meta name=\"robots\" content=\"index, follow, max-snippet:-1, max-image-preview:large, max-video-preview:-1\" \/>\n<link rel=\"canonical\" href=\"https:\/\/www.rollomatic.ch\/fr\/produit\/shapesmartnp50\/\" \/>\n<meta property=\"og:locale\" content=\"fr_FR\" \/>\n<meta property=\"og:type\" content=\"article\" \/>\n<meta property=\"og:title\" content=\"ShapeSmart\u00aeNP50 - Rollomatic\" \/>\n<meta property=\"og:description\" content=\"Machine de meulage par pelage 5 axes avec une capacit\u00e9 de 0,02 mm \u00e0 25,4 mm (de 0.0008 &#039;&#039; \u00e0 1 &#039;&#039;) pour outils ronds et non-ronds, poin\u00e7ons et composants.\" \/>\n<meta property=\"og:url\" content=\"https:\/\/www.rollomatic.ch\/fr\/produit\/shapesmartnp50\/\" \/>\n<meta property=\"og:site_name\" content=\"Rollomatic\" \/>\n<meta property=\"article:publisher\" content=\"https:\/\/www.facebook.com\/rollomatic\/\" \/>\n<meta property=\"article:modified_time\" content=\"2025-05-13T12:01:32+00:00\" \/>\n<meta property=\"og:image\" content=\"https:\/\/www.rollomatic.ch\/wp-content\/uploads\/NP50-SHINY_1.webp\" \/>\n\t<meta property=\"og:image:width\" content=\"2560\" \/>\n\t<meta property=\"og:image:height\" content=\"1440\" \/>\n\t<meta property=\"og:image:type\" content=\"image\/webp\" \/>\n<meta name=\"twitter:card\" content=\"summary_large_image\" \/>\n<meta name=\"twitter:site\" content=\"@rollomatics\" \/>\n<script type=\"application\/ld+json\" class=\"yoast-schema-graph\">{\"@context\":\"https:\/\/schema.org\",\"@graph\":[{\"@type\":\"WebPage\",\"@id\":\"https:\/\/www.rollomatic.ch\/fr\/produit\/shapesmartnp50\/\",\"url\":\"https:\/\/www.rollomatic.ch\/fr\/produit\/shapesmartnp50\/\",\"name\":\"ShapeSmart\u00aeNP50 - Rollomatic\",\"isPartOf\":{\"@id\":\"https:\/\/www.rollomatic.ch\/fr\/#website\"},\"primaryImageOfPage\":{\"@id\":\"https:\/\/www.rollomatic.ch\/fr\/produit\/shapesmartnp50\/#primaryimage\"},\"image\":{\"@id\":\"https:\/\/www.rollomatic.ch\/fr\/produit\/shapesmartnp50\/#primaryimage\"},\"thumbnailUrl\":\"https:\/\/www.rollomatic.ch\/wp-content\/uploads\/NP50-SHINY_1.webp\",\"datePublished\":\"2020-08-20T19:31:46+00:00\",\"dateModified\":\"2025-05-13T12:01:32+00:00\",\"description\":\"Machine de meulage par pelage 5 axes avec une capacit\u00e9 de 0,02 mm \u00e0 25,4 mm (de 0.0008 '' \u00e0 1 '') pour outils ronds et non-ronds, poin\u00e7ons et composants.\",\"breadcrumb\":{\"@id\":\"https:\/\/www.rollomatic.ch\/fr\/produit\/shapesmartnp50\/#breadcrumb\"},\"inLanguage\":\"fr-FR\",\"potentialAction\":[{\"@type\":\"ReadAction\",\"target\":[\"https:\/\/www.rollomatic.ch\/fr\/produit\/shapesmartnp50\/\"]}]},{\"@type\":\"ImageObject\",\"inLanguage\":\"fr-FR\",\"@id\":\"https:\/\/www.rollomatic.ch\/fr\/produit\/shapesmartnp50\/#primaryimage\",\"url\":\"https:\/\/www.rollomatic.ch\/wp-content\/uploads\/NP50-SHINY_1.webp\",\"contentUrl\":\"https:\/\/www.rollomatic.ch\/wp-content\/uploads\/NP50-SHINY_1.webp\",\"width\":2560,\"height\":1440},{\"@type\":\"BreadcrumbList\",\"@id\":\"https:\/\/www.rollomatic.ch\/fr\/produit\/shapesmartnp50\/#breadcrumb\",\"itemListElement\":[{\"@type\":\"ListItem\",\"position\":1,\"name\":\"Home\",\"item\":\"https:\/\/www.rollomatic.ch\/fr\/\"},{\"@type\":\"ListItem\",\"position\":2,\"name\":\"Catalogue\",\"item\":\"https:\/\/www.rollomatic.ch\/catalog\/\"},{\"@type\":\"ListItem\",\"position\":3,\"name\":\"ShapeSmart\u00aeNP50\"}]},{\"@type\":\"WebSite\",\"@id\":\"https:\/\/www.rollomatic.ch\/fr\/#website\",\"url\":\"https:\/\/www.rollomatic.ch\/fr\/\",\"name\":\"Rollomatic\",\"description\":\"\",\"publisher\":{\"@id\":\"https:\/\/www.rollomatic.ch\/fr\/#organization\"},\"potentialAction\":[{\"@type\":\"SearchAction\",\"target\":{\"@type\":\"EntryPoint\",\"urlTemplate\":\"https:\/\/www.rollomatic.ch\/fr\/?s={search_term_string}\"},\"query-input\":{\"@type\":\"PropertyValueSpecification\",\"valueRequired\":true,\"valueName\":\"search_term_string\"}}],\"inLanguage\":\"fr-FR\"},{\"@type\":\"Organization\",\"@id\":\"https:\/\/www.rollomatic.ch\/fr\/#organization\",\"name\":\"Rollomatic S.A.\",\"url\":\"https:\/\/www.rollomatic.ch\/fr\/\",\"logo\":{\"@type\":\"ImageObject\",\"inLanguage\":\"fr-FR\",\"@id\":\"https:\/\/www.rollomatic.ch\/fr\/#\/schema\/logo\/image\/\",\"url\":\"https:\/\/www.rollomatic.ch\/wp-content\/uploads\/logomark_300.png\",\"contentUrl\":\"https:\/\/www.rollomatic.ch\/wp-content\/uploads\/logomark_300.png\",\"width\":300,\"height\":169,\"caption\":\"Rollomatic S.A.\"},\"image\":{\"@id\":\"https:\/\/www.rollomatic.ch\/fr\/#\/schema\/logo\/image\/\"},\"sameAs\":[\"https:\/\/www.facebook.com\/rollomatic\/\",\"https:\/\/x.com\/rollomatics\",\"https:\/\/www.linkedin.com\/company\/rollomatic-sa\/\"]}]}<\/script>\n<!-- \/ Yoast SEO plugin. -->","yoast_head_json":{"title":"ShapeSmart\u00aeNP50 - Rollomatic","description":"Machine de meulage par pelage 5 axes avec une capacit\u00e9 de 0,02 mm \u00e0 25,4 mm (de 0.0008 '' \u00e0 1 '') pour outils ronds et non-ronds, poin\u00e7ons et composants.","robots":{"index":"index","follow":"follow","max-snippet":"max-snippet:-1","max-image-preview":"max-image-preview:large","max-video-preview":"max-video-preview:-1"},"canonical":"https:\/\/www.rollomatic.ch\/fr\/produit\/shapesmartnp50\/","og_locale":"fr_FR","og_type":"article","og_title":"ShapeSmart\u00aeNP50 - Rollomatic","og_description":"Machine de meulage par pelage 5 axes avec une capacit\u00e9 de 0,02 mm \u00e0 25,4 mm (de 0.0008 '' \u00e0 1 '') pour outils ronds et non-ronds, poin\u00e7ons et composants.","og_url":"https:\/\/www.rollomatic.ch\/fr\/produit\/shapesmartnp50\/","og_site_name":"Rollomatic","article_publisher":"https:\/\/www.facebook.com\/rollomatic\/","article_modified_time":"2025-05-13T12:01:32+00:00","og_image":[{"width":2560,"height":1440,"url":"https:\/\/www.rollomatic.ch\/wp-content\/uploads\/NP50-SHINY_1.webp","type":"image\/webp"}],"twitter_card":"summary_large_image","twitter_site":"@rollomatics","schema":{"@context":"https:\/\/schema.org","@graph":[{"@type":"WebPage","@id":"https:\/\/www.rollomatic.ch\/fr\/produit\/shapesmartnp50\/","url":"https:\/\/www.rollomatic.ch\/fr\/produit\/shapesmartnp50\/","name":"ShapeSmart\u00aeNP50 - Rollomatic","isPartOf":{"@id":"https:\/\/www.rollomatic.ch\/fr\/#website"},"primaryImageOfPage":{"@id":"https:\/\/www.rollomatic.ch\/fr\/produit\/shapesmartnp50\/#primaryimage"},"image":{"@id":"https:\/\/www.rollomatic.ch\/fr\/produit\/shapesmartnp50\/#primaryimage"},"thumbnailUrl":"https:\/\/www.rollomatic.ch\/wp-content\/uploads\/NP50-SHINY_1.webp","datePublished":"2020-08-20T19:31:46+00:00","dateModified":"2025-05-13T12:01:32+00:00","description":"Machine de meulage par pelage 5 axes avec une capacit\u00e9 de 0,02 mm \u00e0 25,4 mm (de 0.0008 '' \u00e0 1 '') pour outils ronds et non-ronds, poin\u00e7ons et composants.","breadcrumb":{"@id":"https:\/\/www.rollomatic.ch\/fr\/produit\/shapesmartnp50\/#breadcrumb"},"inLanguage":"fr-FR","potentialAction":[{"@type":"ReadAction","target":["https:\/\/www.rollomatic.ch\/fr\/produit\/shapesmartnp50\/"]}]},{"@type":"ImageObject","inLanguage":"fr-FR","@id":"https:\/\/www.rollomatic.ch\/fr\/produit\/shapesmartnp50\/#primaryimage","url":"https:\/\/www.rollomatic.ch\/wp-content\/uploads\/NP50-SHINY_1.webp","contentUrl":"https:\/\/www.rollomatic.ch\/wp-content\/uploads\/NP50-SHINY_1.webp","width":2560,"height":1440},{"@type":"BreadcrumbList","@id":"https:\/\/www.rollomatic.ch\/fr\/produit\/shapesmartnp50\/#breadcrumb","itemListElement":[{"@type":"ListItem","position":1,"name":"Home","item":"https:\/\/www.rollomatic.ch\/fr\/"},{"@type":"ListItem","position":2,"name":"Catalogue","item":"https:\/\/www.rollomatic.ch\/catalog\/"},{"@type":"ListItem","position":3,"name":"ShapeSmart\u00aeNP50"}]},{"@type":"WebSite","@id":"https:\/\/www.rollomatic.ch\/fr\/#website","url":"https:\/\/www.rollomatic.ch\/fr\/","name":"Rollomatic","description":"","publisher":{"@id":"https:\/\/www.rollomatic.ch\/fr\/#organization"},"potentialAction":[{"@type":"SearchAction","target":{"@type":"EntryPoint","urlTemplate":"https:\/\/www.rollomatic.ch\/fr\/?s={search_term_string}"},"query-input":{"@type":"PropertyValueSpecification","valueRequired":true,"valueName":"search_term_string"}}],"inLanguage":"fr-FR"},{"@type":"Organization","@id":"https:\/\/www.rollomatic.ch\/fr\/#organization","name":"Rollomatic S.A.","url":"https:\/\/www.rollomatic.ch\/fr\/","logo":{"@type":"ImageObject","inLanguage":"fr-FR","@id":"https:\/\/www.rollomatic.ch\/fr\/#\/schema\/logo\/image\/","url":"https:\/\/www.rollomatic.ch\/wp-content\/uploads\/logomark_300.png","contentUrl":"https:\/\/www.rollomatic.ch\/wp-content\/uploads\/logomark_300.png","width":300,"height":169,"caption":"Rollomatic S.A."},"image":{"@id":"https:\/\/www.rollomatic.ch\/fr\/#\/schema\/logo\/image\/"},"sameAs":["https:\/\/www.facebook.com\/rollomatic\/","https:\/\/x.com\/rollomatics","https:\/\/www.linkedin.com\/company\/rollomatic-sa\/"]}]}},"_links":{"self":[{"href":"https:\/\/www.rollomatic.ch\/fr\/wp-json\/wp\/v2\/product\/32109","targetHints":{"allow":["GET"]}}],"collection":[{"href":"https:\/\/www.rollomatic.ch\/fr\/wp-json\/wp\/v2\/product"}],"about":[{"href":"https:\/\/www.rollomatic.ch\/fr\/wp-json\/wp\/v2\/types\/product"}],"wp:featuredmedia":[{"embeddable":true,"href":"https:\/\/www.rollomatic.ch\/fr\/wp-json\/wp\/v2\/media\/9225"}],"wp:attachment":[{"href":"https:\/\/www.rollomatic.ch\/fr\/wp-json\/wp\/v2\/media?parent=32109"}],"wp:term":[{"taxonomy":"industry","embeddable":true,"href":"https:\/\/www.rollomatic.ch\/fr\/wp-json\/wp\/v2\/industry?post=32109"},{"taxonomy":"tool-material","embeddable":true,"href":"https:\/\/www.rollomatic.ch\/fr\/wp-json\/wp\/v2\/tool-material?post=32109"},{"taxonomy":"tool-range","embeddable":true,"href":"https:\/\/www.rollomatic.ch\/fr\/wp-json\/wp\/v2\/tool-range?post=32109"},{"taxonomy":"tool-type","embeddable":true,"href":"https:\/\/www.rollomatic.ch\/fr\/wp-json\/wp\/v2\/tool-type?post=32109"},{"taxonomy":"product_brand","embeddable":true,"href":"https:\/\/www.rollomatic.ch\/fr\/wp-json\/wp\/v2\/product_brand?post=32109"},{"taxonomy":"product_cat","embeddable":true,"href":"https:\/\/www.rollomatic.ch\/fr\/wp-json\/wp\/v2\/product_cat?post=32109"},{"taxonomy":"product_tag","embeddable":true,"href":"https:\/\/www.rollomatic.ch\/fr\/wp-json\/wp\/v2\/product_tag?post=32109"}],"curies":[{"name":"wp","href":"https:\/\/api.w.org\/{rel}","templated":true}]}}