{"id":32304,"date":"2024-03-19T06:20:31","date_gmt":"2025-04-09T08:00:14","guid":{"rendered":"https:\/\/www.rollomatic.ch\/product\/tool-dynamic-1002\/"},"modified":"2025-05-13T12:00:44","modified_gmt":"2025-05-13T12:00:44","slug":"tool-dynamic-1002","status":"publish","type":"product","link":"https:\/\/www.rollomatic.ch\/fr\/produit\/tool-dynamic-1002\/","title":{"rendered":"Tool Dynamic 1002"},"content":{"rendered":"<p>La Tool Dynamic TD1002 est votre entr\u00e9e dans le syst\u00e8me d\u2019\u00e9quilibrage modulaire de la s\u00e9rie Tool Dynamic.<\/p>\n<p>Con\u00e7u comme une table et une machine compl\u00e9mentaire, c&rsquo;est la solution id\u00e9ale pour les aff\u00fbteuses d&rsquo;outils.<\/p>\n<p>L&rsquo;outil dynamique TD 1002 mesure et compense le d\u00e9s\u00e9quilibre dans un plan (statique).<\/p>\n<p>Ainsi elle est particuli\u00e8rement adapt\u00e9e \u00e0 l\u2019\u00e9quilibrage de paquets de meules quand le balourd du couple est faible.<\/p>\n<p>Les adaptateurs d\u2019\u00e9quilibrage (aussi pour Rollomatic Perfect Arbor) avec un syst\u00e8me de serrage automatique serrent les paquets de meules au micron pr\u00e8s et garantissent la plus grande pr\u00e9cision de mesure et r\u00e9p\u00e9tabilit\u00e9.<\/p>\n<p>La manipulation de la TD1002 se fait \u00e0 l\u2019aide d\u2019un clavier et \u00e9cran int\u00e9gr\u00e9s.<\/p>\n","protected":false},"excerpt":{"rendered":"<p>La Tool Dynamic TD1002 est votre entr\u00e9e dans le syst\u00e8me d\u2019\u00e9quilibrage modulaire de la s\u00e9rie Tool Dynamic. Con\u00e7u comme une table et une machine compl\u00e9mentaire, c&rsquo;est la solution id\u00e9ale pour [&#8230;]\n","protected":false},"featured_media":9263,"template":"","meta":{"_acf_changed":false},"industry":[],"tool-material":[],"tool-range":[],"tool-type":[],"product_brand":[],"product_cat":[529],"product_tag":[],"class_list":{"0":"post-32304","1":"product","2":"type-product","3":"status-publish","4":"has-post-thumbnail","6":"product_cat-peripherals-fr","8":"first","9":"instock","10":"shipping-taxable","11":"product-type-simple"},"acf":[],"yoast_head":"<!-- This site is optimized with the Yoast SEO plugin v27.0 - https:\/\/yoast.com\/product\/yoast-seo-wordpress\/ -->\n<title>Tool Dynamic 1002 - Rollomatic<\/title>\n<meta name=\"robots\" content=\"index, follow, max-snippet:-1, max-image-preview:large, max-video-preview:-1\" \/>\n<link rel=\"canonical\" href=\"https:\/\/www.rollomatic.ch\/fr\/produit\/tool-dynamic-1002\/\" \/>\n<meta property=\"og:locale\" content=\"fr_FR\" \/>\n<meta property=\"og:type\" content=\"article\" \/>\n<meta property=\"og:title\" content=\"Tool Dynamic 1002 - Rollomatic\" \/>\n<meta property=\"og:description\" content=\"La Tool Dynamic TD1002 est votre entr\u00e9e dans le syst\u00e8me d\u2019\u00e9quilibrage modulaire de la s\u00e9rie Tool Dynamic. Con\u00e7u comme une table et une machine compl\u00e9mentaire, c&rsquo;est la solution id\u00e9ale pour [...]\" \/>\n<meta property=\"og:url\" content=\"https:\/\/www.rollomatic.ch\/fr\/produit\/tool-dynamic-1002\/\" \/>\n<meta property=\"og:site_name\" content=\"Rollomatic\" \/>\n<meta property=\"article:publisher\" content=\"https:\/\/www.facebook.com\/rollomatic\/\" \/>\n<meta property=\"article:modified_time\" content=\"2025-05-13T12:00:44+00:00\" \/>\n<meta property=\"og:image\" content=\"https:\/\/www.rollomatic.ch\/wp-content\/uploads\/Peripherical-Tool-Dynamic-1002.jpg\" \/>\n\t<meta property=\"og:image:width\" content=\"1470\" \/>\n\t<meta property=\"og:image:height\" content=\"1102\" \/>\n\t<meta property=\"og:image:type\" content=\"image\/jpeg\" \/>\n<meta name=\"twitter:card\" content=\"summary_large_image\" \/>\n<meta name=\"twitter:site\" content=\"@rollomatics\" \/>\n<meta name=\"twitter:label1\" content=\"Dur\u00e9e de lecture estim\u00e9e\" \/>\n\t<meta name=\"twitter:data1\" content=\"1 minute\" \/>\n<script type=\"application\/ld+json\" class=\"yoast-schema-graph\">{\"@context\":\"https:\/\/schema.org\",\"@graph\":[{\"@type\":\"WebPage\",\"@id\":\"https:\/\/www.rollomatic.ch\/fr\/produit\/tool-dynamic-1002\/\",\"url\":\"https:\/\/www.rollomatic.ch\/fr\/produit\/tool-dynamic-1002\/\",\"name\":\"Tool Dynamic 1002 - Rollomatic\",\"isPartOf\":{\"@id\":\"https:\/\/www.rollomatic.ch\/fr\/#website\"},\"primaryImageOfPage\":{\"@id\":\"https:\/\/www.rollomatic.ch\/fr\/produit\/tool-dynamic-1002\/#primaryimage\"},\"image\":{\"@id\":\"https:\/\/www.rollomatic.ch\/fr\/produit\/tool-dynamic-1002\/#primaryimage\"},\"thumbnailUrl\":\"https:\/\/www.rollomatic.ch\/wp-content\/uploads\/Peripherical-Tool-Dynamic-1002.jpg\",\"datePublished\":\"2025-04-09T08:00:14+00:00\",\"dateModified\":\"2025-05-13T12:00:44+00:00\",\"breadcrumb\":{\"@id\":\"https:\/\/www.rollomatic.ch\/fr\/produit\/tool-dynamic-1002\/#breadcrumb\"},\"inLanguage\":\"fr-FR\",\"potentialAction\":[{\"@type\":\"ReadAction\",\"target\":[\"https:\/\/www.rollomatic.ch\/fr\/produit\/tool-dynamic-1002\/\"]}]},{\"@type\":\"ImageObject\",\"inLanguage\":\"fr-FR\",\"@id\":\"https:\/\/www.rollomatic.ch\/fr\/produit\/tool-dynamic-1002\/#primaryimage\",\"url\":\"https:\/\/www.rollomatic.ch\/wp-content\/uploads\/Peripherical-Tool-Dynamic-1002.jpg\",\"contentUrl\":\"https:\/\/www.rollomatic.ch\/wp-content\/uploads\/Peripherical-Tool-Dynamic-1002.jpg\",\"width\":1470,\"height\":1102},{\"@type\":\"BreadcrumbList\",\"@id\":\"https:\/\/www.rollomatic.ch\/fr\/produit\/tool-dynamic-1002\/#breadcrumb\",\"itemListElement\":[{\"@type\":\"ListItem\",\"position\":1,\"name\":\"Home\",\"item\":\"https:\/\/www.rollomatic.ch\/fr\/\"},{\"@type\":\"ListItem\",\"position\":2,\"name\":\"Catalogue\",\"item\":\"https:\/\/www.rollomatic.ch\/catalog\/\"},{\"@type\":\"ListItem\",\"position\":3,\"name\":\"Tool Dynamic 1002\"}]},{\"@type\":\"WebSite\",\"@id\":\"https:\/\/www.rollomatic.ch\/fr\/#website\",\"url\":\"https:\/\/www.rollomatic.ch\/fr\/\",\"name\":\"Rollomatic\",\"description\":\"\",\"publisher\":{\"@id\":\"https:\/\/www.rollomatic.ch\/fr\/#organization\"},\"potentialAction\":[{\"@type\":\"SearchAction\",\"target\":{\"@type\":\"EntryPoint\",\"urlTemplate\":\"https:\/\/www.rollomatic.ch\/fr\/?s={search_term_string}\"},\"query-input\":{\"@type\":\"PropertyValueSpecification\",\"valueRequired\":true,\"valueName\":\"search_term_string\"}}],\"inLanguage\":\"fr-FR\"},{\"@type\":\"Organization\",\"@id\":\"https:\/\/www.rollomatic.ch\/fr\/#organization\",\"name\":\"Rollomatic S.A.\",\"url\":\"https:\/\/www.rollomatic.ch\/fr\/\",\"logo\":{\"@type\":\"ImageObject\",\"inLanguage\":\"fr-FR\",\"@id\":\"https:\/\/www.rollomatic.ch\/fr\/#\/schema\/logo\/image\/\",\"url\":\"https:\/\/www.rollomatic.ch\/wp-content\/uploads\/logomark_300.png\",\"contentUrl\":\"https:\/\/www.rollomatic.ch\/wp-content\/uploads\/logomark_300.png\",\"width\":300,\"height\":169,\"caption\":\"Rollomatic S.A.\"},\"image\":{\"@id\":\"https:\/\/www.rollomatic.ch\/fr\/#\/schema\/logo\/image\/\"},\"sameAs\":[\"https:\/\/www.facebook.com\/rollomatic\/\",\"https:\/\/x.com\/rollomatics\",\"https:\/\/www.linkedin.com\/company\/rollomatic-sa\/\"]}]}<\/script>\n<!-- \/ Yoast SEO plugin. -->","yoast_head_json":{"title":"Tool Dynamic 1002 - Rollomatic","robots":{"index":"index","follow":"follow","max-snippet":"max-snippet:-1","max-image-preview":"max-image-preview:large","max-video-preview":"max-video-preview:-1"},"canonical":"https:\/\/www.rollomatic.ch\/fr\/produit\/tool-dynamic-1002\/","og_locale":"fr_FR","og_type":"article","og_title":"Tool Dynamic 1002 - Rollomatic","og_description":"La Tool Dynamic TD1002 est votre entr\u00e9e dans le syst\u00e8me d\u2019\u00e9quilibrage modulaire de la s\u00e9rie Tool Dynamic. Con\u00e7u comme une table et une machine compl\u00e9mentaire, c&rsquo;est la solution id\u00e9ale pour [...]","og_url":"https:\/\/www.rollomatic.ch\/fr\/produit\/tool-dynamic-1002\/","og_site_name":"Rollomatic","article_publisher":"https:\/\/www.facebook.com\/rollomatic\/","article_modified_time":"2025-05-13T12:00:44+00:00","og_image":[{"width":1470,"height":1102,"url":"https:\/\/www.rollomatic.ch\/wp-content\/uploads\/Peripherical-Tool-Dynamic-1002.jpg","type":"image\/jpeg"}],"twitter_card":"summary_large_image","twitter_site":"@rollomatics","twitter_misc":{"Dur\u00e9e de lecture estim\u00e9e":"1 minute"},"schema":{"@context":"https:\/\/schema.org","@graph":[{"@type":"WebPage","@id":"https:\/\/www.rollomatic.ch\/fr\/produit\/tool-dynamic-1002\/","url":"https:\/\/www.rollomatic.ch\/fr\/produit\/tool-dynamic-1002\/","name":"Tool Dynamic 1002 - Rollomatic","isPartOf":{"@id":"https:\/\/www.rollomatic.ch\/fr\/#website"},"primaryImageOfPage":{"@id":"https:\/\/www.rollomatic.ch\/fr\/produit\/tool-dynamic-1002\/#primaryimage"},"image":{"@id":"https:\/\/www.rollomatic.ch\/fr\/produit\/tool-dynamic-1002\/#primaryimage"},"thumbnailUrl":"https:\/\/www.rollomatic.ch\/wp-content\/uploads\/Peripherical-Tool-Dynamic-1002.jpg","datePublished":"2025-04-09T08:00:14+00:00","dateModified":"2025-05-13T12:00:44+00:00","breadcrumb":{"@id":"https:\/\/www.rollomatic.ch\/fr\/produit\/tool-dynamic-1002\/#breadcrumb"},"inLanguage":"fr-FR","potentialAction":[{"@type":"ReadAction","target":["https:\/\/www.rollomatic.ch\/fr\/produit\/tool-dynamic-1002\/"]}]},{"@type":"ImageObject","inLanguage":"fr-FR","@id":"https:\/\/www.rollomatic.ch\/fr\/produit\/tool-dynamic-1002\/#primaryimage","url":"https:\/\/www.rollomatic.ch\/wp-content\/uploads\/Peripherical-Tool-Dynamic-1002.jpg","contentUrl":"https:\/\/www.rollomatic.ch\/wp-content\/uploads\/Peripherical-Tool-Dynamic-1002.jpg","width":1470,"height":1102},{"@type":"BreadcrumbList","@id":"https:\/\/www.rollomatic.ch\/fr\/produit\/tool-dynamic-1002\/#breadcrumb","itemListElement":[{"@type":"ListItem","position":1,"name":"Home","item":"https:\/\/www.rollomatic.ch\/fr\/"},{"@type":"ListItem","position":2,"name":"Catalogue","item":"https:\/\/www.rollomatic.ch\/catalog\/"},{"@type":"ListItem","position":3,"name":"Tool Dynamic 1002"}]},{"@type":"WebSite","@id":"https:\/\/www.rollomatic.ch\/fr\/#website","url":"https:\/\/www.rollomatic.ch\/fr\/","name":"Rollomatic","description":"","publisher":{"@id":"https:\/\/www.rollomatic.ch\/fr\/#organization"},"potentialAction":[{"@type":"SearchAction","target":{"@type":"EntryPoint","urlTemplate":"https:\/\/www.rollomatic.ch\/fr\/?s={search_term_string}"},"query-input":{"@type":"PropertyValueSpecification","valueRequired":true,"valueName":"search_term_string"}}],"inLanguage":"fr-FR"},{"@type":"Organization","@id":"https:\/\/www.rollomatic.ch\/fr\/#organization","name":"Rollomatic S.A.","url":"https:\/\/www.rollomatic.ch\/fr\/","logo":{"@type":"ImageObject","inLanguage":"fr-FR","@id":"https:\/\/www.rollomatic.ch\/fr\/#\/schema\/logo\/image\/","url":"https:\/\/www.rollomatic.ch\/wp-content\/uploads\/logomark_300.png","contentUrl":"https:\/\/www.rollomatic.ch\/wp-content\/uploads\/logomark_300.png","width":300,"height":169,"caption":"Rollomatic S.A."},"image":{"@id":"https:\/\/www.rollomatic.ch\/fr\/#\/schema\/logo\/image\/"},"sameAs":["https:\/\/www.facebook.com\/rollomatic\/","https:\/\/x.com\/rollomatics","https:\/\/www.linkedin.com\/company\/rollomatic-sa\/"]}]}},"_links":{"self":[{"href":"https:\/\/www.rollomatic.ch\/fr\/wp-json\/wp\/v2\/product\/32304","targetHints":{"allow":["GET"]}}],"collection":[{"href":"https:\/\/www.rollomatic.ch\/fr\/wp-json\/wp\/v2\/product"}],"about":[{"href":"https:\/\/www.rollomatic.ch\/fr\/wp-json\/wp\/v2\/types\/product"}],"wp:featuredmedia":[{"embeddable":true,"href":"https:\/\/www.rollomatic.ch\/fr\/wp-json\/wp\/v2\/media\/9263"}],"wp:attachment":[{"href":"https:\/\/www.rollomatic.ch\/fr\/wp-json\/wp\/v2\/media?parent=32304"}],"wp:term":[{"taxonomy":"industry","embeddable":true,"href":"https:\/\/www.rollomatic.ch\/fr\/wp-json\/wp\/v2\/industry?post=32304"},{"taxonomy":"tool-material","embeddable":true,"href":"https:\/\/www.rollomatic.ch\/fr\/wp-json\/wp\/v2\/tool-material?post=32304"},{"taxonomy":"tool-range","embeddable":true,"href":"https:\/\/www.rollomatic.ch\/fr\/wp-json\/wp\/v2\/tool-range?post=32304"},{"taxonomy":"tool-type","embeddable":true,"href":"https:\/\/www.rollomatic.ch\/fr\/wp-json\/wp\/v2\/tool-type?post=32304"},{"taxonomy":"product_brand","embeddable":true,"href":"https:\/\/www.rollomatic.ch\/fr\/wp-json\/wp\/v2\/product_brand?post=32304"},{"taxonomy":"product_cat","embeddable":true,"href":"https:\/\/www.rollomatic.ch\/fr\/wp-json\/wp\/v2\/product_cat?post=32304"},{"taxonomy":"product_tag","embeddable":true,"href":"https:\/\/www.rollomatic.ch\/fr\/wp-json\/wp\/v2\/product_tag?post=32304"}],"curies":[{"name":"wp","href":"https:\/\/api.w.org\/{rel}","templated":true}]}}